{"id":2724,"date":"2023-09-22T20:54:50","date_gmt":"2023-09-22T20:54:50","guid":{"rendered":"https:\/\/abaa.mx\/tienda\/?post_type=product&#038;p=2724"},"modified":"2024-01-03T15:24:00","modified_gmt":"2024-01-03T15:24:00","slug":"termometro-max-minimo-baker-mm2p-40-a-120-f","status":"publish","type":"product","link":"https:\/\/abaa.mx\/tienda\/termometro-max-minimo-baker-mm2p-40-a-120-f\/","title":{"rendered":"term\u00f3metro m\u00e1x-m\u00ednimo baker mm2p, -40 a 120 \u00b0f"},"content":{"rendered":"<div class=\"span10\">\n<div class=\"mhide ipad-view-setting\">\n<div class=\"row-fluid ProductTabs\">\n<div class=\"span12\">\n<div class=\"tab-content\">\n<div id=\"tab0\" class=\"product-tabs tab-pane active\">\n<p>El MM2P (term\u00f3metro sin mercurio Permacolor) es un term\u00f3metro anal\u00f3gico max\/min que registra las lecturas m\u00e1s altas y m\u00e1s bajas del \u00faltimo ajuste. Tiene un bot\u00f3n de reinicio que libera marcadores de l\u00edmite.<\/p>\n<p><strong>Funciones<\/strong><\/p>\n<ul>\n<li>El restablecimiento con pulsador libera los marcadores de l\u00edmite<\/li>\n<li>El term\u00f3metro registra las lecturas m\u00e1s altas y m\u00e1s bajas del \u00faltimo ajuste<\/li>\n<li>Term\u00f3metro sin mercurio Permacolor<\/li>\n<\/ul>\n<p><strong>Aplicaciones<\/strong><\/p>\n<ul>\n<li>Invernaderos<\/li>\n<li>Seguimiento del tiempo<\/li>\n<li>Explotaciones agrarias<\/li>\n<li>Edificios de oficinas<\/li>\n<li>Hogar<\/li>\n<\/ul>\n<div class=\"span10\">\n<div class=\"mhide ipad-view-setting\">\n<div class=\"row-fluid ProductTabs\">\n<div class=\"span12\">\n<div class=\"tab-content\">\n<div id=\"tab1\" class=\"product-tabs tab-pane active\">\n<h4>Baker MM2P Especificaciones<\/h4>\n<table class=\"table table-striped\">\n<tbody>\n<tr>\n<td>Rango de temperatura<\/td>\n<td>-40 a 120\u00b0F (-40 a 50\u00b0C)<\/td>\n<\/tr>\n<tr>\n<td>Dimensiones<\/td>\n<td>8 x 2,19 x 0,75&#8243; (203,2 x 55,6 x 19,1 mm)<\/td>\n<\/tr>\n<\/tbody>\n<\/table>\n<\/div>\n<\/div>\n<\/div>\n<\/div>\n<\/div>\n<\/div>\n<\/div>\n<\/div>\n<\/div>\n<\/div>\n<\/div>\n<\/div>\n","protected":false},"excerpt":{"rendered":"<p>El MM2P (term\u00f3metro sin mercurio Permacolor) es un term\u00f3metro anal\u00f3gico max\/min que registra las lecturas m\u00e1s altas y m\u00e1s bajas del \u00faltimo ajuste. Tiene un bot\u00f3n de reinicio que libera marcadores de l\u00edmite.<\/p>\n","protected":false},"featured_media":2740,"comment_status":"open","ping_status":"closed","template":"","meta":{"_joinchat":[]},"product_brand":[],"product_cat":[15],"product_tag":[],"class_list":{"0":"post-2724","1":"product","2":"type-product","3":"status-publish","4":"has-post-thumbnail","6":"product_cat-sin-categorizar","8":"first","9":"instock","10":"shipping-taxable","11":"product-type-simple"},"yoast_head":"<!-- This site is optimized with the Yoast SEO plugin v26.4 - https:\/\/yoast.com\/wordpress\/plugins\/seo\/ -->\n<title>term\u00f3metro m\u00e1x-m\u00ednimo baker mm2p, -40 a 120 \u00b0f - Abaa tienda online<\/title>\n<meta name=\"robots\" content=\"index, follow, max-snippet:-1, max-image-preview:large, max-video-preview:-1\" \/>\n<link rel=\"canonical\" href=\"https:\/\/abaa.mx\/tienda\/termometro-max-minimo-baker-mm2p-40-a-120-f\/\" \/>\n<meta property=\"og:locale\" content=\"es_MX\" \/>\n<meta property=\"og:type\" content=\"article\" \/>\n<meta property=\"og:title\" content=\"term\u00f3metro m\u00e1x-m\u00ednimo baker mm2p, -40 a 120 \u00b0f - Abaa tienda online\" \/>\n<meta property=\"og:description\" content=\"El MM2P (term\u00f3metro sin mercurio Permacolor) es un term\u00f3metro anal\u00f3gico max\/min que registra las lecturas m\u00e1s altas y m\u00e1s bajas del \u00faltimo ajuste. Tiene un bot\u00f3n de reinicio que libera marcadores de l\u00edmite.\" \/>\n<meta property=\"og:url\" content=\"https:\/\/abaa.mx\/tienda\/termometro-max-minimo-baker-mm2p-40-a-120-f\/\" \/>\n<meta property=\"og:site_name\" content=\"Abaa tienda online\" \/>\n<meta property=\"article:modified_time\" content=\"2024-01-03T15:24:00+00:00\" \/>\n<meta property=\"og:image\" content=\"https:\/\/abaa.mx\/tienda\/wp-content\/uploads\/2023\/09\/MM2P-1-1.jpg\" \/>\n\t<meta property=\"og:image:width\" content=\"206\" \/>\n\t<meta property=\"og:image:height\" content=\"389\" \/>\n\t<meta property=\"og:image:type\" content=\"image\/jpeg\" \/>\n<meta name=\"twitter:card\" content=\"summary_large_image\" \/>\n<meta name=\"twitter:label1\" content=\"Tiempo de lectura\" \/>\n\t<meta name=\"twitter:data1\" content=\"1 minuto\" \/>\n<script type=\"application\/ld+json\" class=\"yoast-schema-graph\">{\"@context\":\"https:\/\/schema.org\",\"@graph\":[{\"@type\":\"WebPage\",\"@id\":\"https:\/\/abaa.mx\/tienda\/termometro-max-minimo-baker-mm2p-40-a-120-f\/\",\"url\":\"https:\/\/abaa.mx\/tienda\/termometro-max-minimo-baker-mm2p-40-a-120-f\/\",\"name\":\"term\u00f3metro m\u00e1x-m\u00ednimo baker mm2p, -40 a 120 \u00b0f - Abaa tienda online\",\"isPartOf\":{\"@id\":\"https:\/\/abaa.mx\/tienda\/#website\"},\"primaryImageOfPage\":{\"@id\":\"https:\/\/abaa.mx\/tienda\/termometro-max-minimo-baker-mm2p-40-a-120-f\/#primaryimage\"},\"image\":{\"@id\":\"https:\/\/abaa.mx\/tienda\/termometro-max-minimo-baker-mm2p-40-a-120-f\/#primaryimage\"},\"thumbnailUrl\":\"https:\/\/abaa.mx\/tienda\/wp-content\/uploads\/2023\/09\/MM2P-1-1.jpg\",\"datePublished\":\"2023-09-22T20:54:50+00:00\",\"dateModified\":\"2024-01-03T15:24:00+00:00\",\"breadcrumb\":{\"@id\":\"https:\/\/abaa.mx\/tienda\/termometro-max-minimo-baker-mm2p-40-a-120-f\/#breadcrumb\"},\"inLanguage\":\"es\",\"potentialAction\":[{\"@type\":\"ReadAction\",\"target\":[\"https:\/\/abaa.mx\/tienda\/termometro-max-minimo-baker-mm2p-40-a-120-f\/\"]}]},{\"@type\":\"ImageObject\",\"inLanguage\":\"es\",\"@id\":\"https:\/\/abaa.mx\/tienda\/termometro-max-minimo-baker-mm2p-40-a-120-f\/#primaryimage\",\"url\":\"https:\/\/abaa.mx\/tienda\/wp-content\/uploads\/2023\/09\/MM2P-1-1.jpg\",\"contentUrl\":\"https:\/\/abaa.mx\/tienda\/wp-content\/uploads\/2023\/09\/MM2P-1-1.jpg\",\"width\":206,\"height\":389,\"caption\":\"MM2P\"},{\"@type\":\"BreadcrumbList\",\"@id\":\"https:\/\/abaa.mx\/tienda\/termometro-max-minimo-baker-mm2p-40-a-120-f\/#breadcrumb\",\"itemListElement\":[{\"@type\":\"ListItem\",\"position\":1,\"name\":\"Inicio\",\"item\":\"https:\/\/abaa.mx\/tienda\/\"},{\"@type\":\"ListItem\",\"position\":2,\"name\":\"Tienda\",\"item\":\"https:\/\/abaa.mx\/tienda\/\"},{\"@type\":\"ListItem\",\"position\":3,\"name\":\"term\u00f3metro m\u00e1x-m\u00ednimo baker mm2p, -40 a 120 \u00b0f\"}]},{\"@type\":\"WebSite\",\"@id\":\"https:\/\/abaa.mx\/tienda\/#website\",\"url\":\"https:\/\/abaa.mx\/tienda\/\",\"name\":\"Abaa tienda online\",\"description\":\"Instrumentos de medici\u00f3n\",\"publisher\":{\"@id\":\"https:\/\/abaa.mx\/tienda\/#organization\"},\"potentialAction\":[{\"@type\":\"SearchAction\",\"target\":{\"@type\":\"EntryPoint\",\"urlTemplate\":\"https:\/\/abaa.mx\/tienda\/?s={search_term_string}\"},\"query-input\":{\"@type\":\"PropertyValueSpecification\",\"valueRequired\":true,\"valueName\":\"search_term_string\"}}],\"inLanguage\":\"es\"},{\"@type\":\"Organization\",\"@id\":\"https:\/\/abaa.mx\/tienda\/#organization\",\"name\":\"Abaa tienda online\",\"url\":\"https:\/\/abaa.mx\/tienda\/\",\"logo\":{\"@type\":\"ImageObject\",\"inLanguage\":\"es\",\"@id\":\"https:\/\/abaa.mx\/tienda\/#\/schema\/logo\/image\/\",\"url\":\"https:\/\/abaa.mx\/tienda\/wp-content\/uploads\/2024\/01\/abaa-metrologia-tienda.png\",\"contentUrl\":\"https:\/\/abaa.mx\/tienda\/wp-content\/uploads\/2024\/01\/abaa-metrologia-tienda.png\",\"width\":300,\"height\":141,\"caption\":\"Abaa tienda online\"},\"image\":{\"@id\":\"https:\/\/abaa.mx\/tienda\/#\/schema\/logo\/image\/\"}}]}<\/script>\n<!-- \/ Yoast SEO plugin. -->","yoast_head_json":{"title":"term\u00f3metro m\u00e1x-m\u00ednimo baker mm2p, -40 a 120 \u00b0f - Abaa tienda online","robots":{"index":"index","follow":"follow","max-snippet":"max-snippet:-1","max-image-preview":"max-image-preview:large","max-video-preview":"max-video-preview:-1"},"canonical":"https:\/\/abaa.mx\/tienda\/termometro-max-minimo-baker-mm2p-40-a-120-f\/","og_locale":"es_MX","og_type":"article","og_title":"term\u00f3metro m\u00e1x-m\u00ednimo baker mm2p, -40 a 120 \u00b0f - Abaa tienda online","og_description":"El MM2P (term\u00f3metro sin mercurio Permacolor) es un term\u00f3metro anal\u00f3gico max\/min que registra las lecturas m\u00e1s altas y m\u00e1s bajas del \u00faltimo ajuste. Tiene un bot\u00f3n de reinicio que libera marcadores de l\u00edmite.","og_url":"https:\/\/abaa.mx\/tienda\/termometro-max-minimo-baker-mm2p-40-a-120-f\/","og_site_name":"Abaa tienda online","article_modified_time":"2024-01-03T15:24:00+00:00","og_image":[{"width":206,"height":389,"url":"https:\/\/abaa.mx\/tienda\/wp-content\/uploads\/2023\/09\/MM2P-1-1.jpg","type":"image\/jpeg"}],"twitter_card":"summary_large_image","twitter_misc":{"Tiempo de lectura":"1 minuto"},"schema":{"@context":"https:\/\/schema.org","@graph":[{"@type":"WebPage","@id":"https:\/\/abaa.mx\/tienda\/termometro-max-minimo-baker-mm2p-40-a-120-f\/","url":"https:\/\/abaa.mx\/tienda\/termometro-max-minimo-baker-mm2p-40-a-120-f\/","name":"term\u00f3metro m\u00e1x-m\u00ednimo baker mm2p, -40 a 120 \u00b0f - Abaa tienda online","isPartOf":{"@id":"https:\/\/abaa.mx\/tienda\/#website"},"primaryImageOfPage":{"@id":"https:\/\/abaa.mx\/tienda\/termometro-max-minimo-baker-mm2p-40-a-120-f\/#primaryimage"},"image":{"@id":"https:\/\/abaa.mx\/tienda\/termometro-max-minimo-baker-mm2p-40-a-120-f\/#primaryimage"},"thumbnailUrl":"https:\/\/abaa.mx\/tienda\/wp-content\/uploads\/2023\/09\/MM2P-1-1.jpg","datePublished":"2023-09-22T20:54:50+00:00","dateModified":"2024-01-03T15:24:00+00:00","breadcrumb":{"@id":"https:\/\/abaa.mx\/tienda\/termometro-max-minimo-baker-mm2p-40-a-120-f\/#breadcrumb"},"inLanguage":"es","potentialAction":[{"@type":"ReadAction","target":["https:\/\/abaa.mx\/tienda\/termometro-max-minimo-baker-mm2p-40-a-120-f\/"]}]},{"@type":"ImageObject","inLanguage":"es","@id":"https:\/\/abaa.mx\/tienda\/termometro-max-minimo-baker-mm2p-40-a-120-f\/#primaryimage","url":"https:\/\/abaa.mx\/tienda\/wp-content\/uploads\/2023\/09\/MM2P-1-1.jpg","contentUrl":"https:\/\/abaa.mx\/tienda\/wp-content\/uploads\/2023\/09\/MM2P-1-1.jpg","width":206,"height":389,"caption":"MM2P"},{"@type":"BreadcrumbList","@id":"https:\/\/abaa.mx\/tienda\/termometro-max-minimo-baker-mm2p-40-a-120-f\/#breadcrumb","itemListElement":[{"@type":"ListItem","position":1,"name":"Inicio","item":"https:\/\/abaa.mx\/tienda\/"},{"@type":"ListItem","position":2,"name":"Tienda","item":"https:\/\/abaa.mx\/tienda\/"},{"@type":"ListItem","position":3,"name":"term\u00f3metro m\u00e1x-m\u00ednimo baker mm2p, -40 a 120 \u00b0f"}]},{"@type":"WebSite","@id":"https:\/\/abaa.mx\/tienda\/#website","url":"https:\/\/abaa.mx\/tienda\/","name":"Abaa tienda online","description":"Instrumentos de medici\u00f3n","publisher":{"@id":"https:\/\/abaa.mx\/tienda\/#organization"},"potentialAction":[{"@type":"SearchAction","target":{"@type":"EntryPoint","urlTemplate":"https:\/\/abaa.mx\/tienda\/?s={search_term_string}"},"query-input":{"@type":"PropertyValueSpecification","valueRequired":true,"valueName":"search_term_string"}}],"inLanguage":"es"},{"@type":"Organization","@id":"https:\/\/abaa.mx\/tienda\/#organization","name":"Abaa tienda online","url":"https:\/\/abaa.mx\/tienda\/","logo":{"@type":"ImageObject","inLanguage":"es","@id":"https:\/\/abaa.mx\/tienda\/#\/schema\/logo\/image\/","url":"https:\/\/abaa.mx\/tienda\/wp-content\/uploads\/2024\/01\/abaa-metrologia-tienda.png","contentUrl":"https:\/\/abaa.mx\/tienda\/wp-content\/uploads\/2024\/01\/abaa-metrologia-tienda.png","width":300,"height":141,"caption":"Abaa tienda online"},"image":{"@id":"https:\/\/abaa.mx\/tienda\/#\/schema\/logo\/image\/"}}]}},"_links":{"self":[{"href":"https:\/\/abaa.mx\/tienda\/wp-json\/wp\/v2\/product\/2724","targetHints":{"allow":["GET"]}}],"collection":[{"href":"https:\/\/abaa.mx\/tienda\/wp-json\/wp\/v2\/product"}],"about":[{"href":"https:\/\/abaa.mx\/tienda\/wp-json\/wp\/v2\/types\/product"}],"replies":[{"embeddable":true,"href":"https:\/\/abaa.mx\/tienda\/wp-json\/wp\/v2\/comments?post=2724"}],"wp:featuredmedia":[{"embeddable":true,"href":"https:\/\/abaa.mx\/tienda\/wp-json\/wp\/v2\/media\/2740"}],"wp:attachment":[{"href":"https:\/\/abaa.mx\/tienda\/wp-json\/wp\/v2\/media?parent=2724"}],"wp:term":[{"taxonomy":"product_brand","embeddable":true,"href":"https:\/\/abaa.mx\/tienda\/wp-json\/wp\/v2\/product_brand?post=2724"},{"taxonomy":"product_cat","embeddable":true,"href":"https:\/\/abaa.mx\/tienda\/wp-json\/wp\/v2\/product_cat?post=2724"},{"taxonomy":"product_tag","embeddable":true,"href":"https:\/\/abaa.mx\/tienda\/wp-json\/wp\/v2\/product_tag?post=2724"}],"curies":[{"name":"wp","href":"https:\/\/api.w.org\/{rel}","templated":true}]}}