{"id":2721,"date":"2023-09-22T19:23:56","date_gmt":"2023-09-22T19:23:56","guid":{"rendered":"https:\/\/abaa.mx\/tienda\/?post_type=product&#038;p=2721"},"modified":"2023-09-22T19:23:56","modified_gmt":"2023-09-22T19:23:56","slug":"termometro-para-servicio-de-alimentos-testo-926-tipo-t","status":"publish","type":"product","link":"https:\/\/abaa.mx\/tienda\/termometro-para-servicio-de-alimentos-testo-926-tipo-t\/","title":{"rendered":"term\u00f3metro para servicio de alimentos testo 926, tipo t"},"content":{"rendered":"<p>Est\u00e1 certificado seg\u00fan HACCP y EN 13485 e ideal para su uso en el sector alimentario. Los umbrales definidos por el usuario le facilitan la realizaci\u00f3n de su trabajo diario y una alarma sonora advierte cuando se superan los umbrales. Los valores m\u00ednimos\/m\u00e1ximos se guardan autom\u00e1ticamente.<\/p>\n<p>Necesitar\u00e1 un sensor para comenzar a usar su medidor. Seleccione uno o m\u00e1s sensores de nuestra selecci\u00f3n para personalizar su medidor o solicite su kit de puesta en marcha que viene con un sensor de alimentos est\u00e1ndar.<\/p>\n<p><strong>Los sensores opcionales incluyen<\/strong><\/p>\n<ul>\n<li>Sensores est\u00e1ndar de alimentos\/alimentos congelados<\/li>\n<li>Sensores discretos que dejan solo las marcas de punci\u00f3n m\u00e1s peque\u00f1as<\/li>\n<li>Sensores resistentes al calor para comprobar las temperaturas del horno<\/li>\n<li>Sensores inal\u00e1mbricos para transmitir datos<\/li>\n<\/ul>\n<p><strong>Funciones<\/strong><\/p>\n<ul>\n<li>Conectividad para un sensor conectable\/inal\u00e1mbrico<\/li>\n<li>Amplia gama de sensores opcionales para satisfacer sus necesidades individuales<\/li>\n<li>Umbrales definidos por el usuario \/ alertas de alarma audible cuando se supera el umbral<\/li>\n<li>Certificado seg\u00fan HACCP y EN 13485 \/ ideal para su uso con alimentos<\/li>\n<\/ul>\n<h4>Testo 926 Datos t\u00e9cnicos<\/h4>\n<table class=\"table table-striped\">\n<tbody>\n<tr>\n<td>Temperatura de almacenamiento<\/td>\n<td>-40 hasta +158 \u00b0F<\/td>\n<\/tr>\n<tr>\n<td>Temperatura de funcionamiento<\/td>\n<td>-4 hasta +122 \u00b0F<\/td>\n<\/tr>\n<tr>\n<td>Tipo de bater\u00eda<\/td>\n<td>Bater\u00eda de 9V<\/td>\n<\/tr>\n<tr>\n<td>Dimensiones<\/td>\n<td>7,16 x 2,52 x 1,57 pulgadas<\/td>\n<\/tr>\n<tr>\n<td>Material de la carcasa<\/td>\n<td>ABS<\/td>\n<\/tr>\n<tr>\n<th colspan=\"2\">\n<h5>Tipo T (Cu-CuNi)<\/h5>\n<\/th>\n<\/tr>\n<tr>\n<td>Rango de medici\u00f3n<\/td>\n<td>-58 hasta +752 \u00b0F<\/td>\n<\/tr>\n<tr>\n<td>Exactitud<\/td>\n<td>\u00b10.54 \u00b0F (-4 a +158 \u00b0F)<br \/>\n\u00b1(1.26 \u00b0F \u00b10.5% de rdg.) (rango restante)<\/td>\n<\/tr>\n<tr>\n<td>Resoluci\u00f3n<\/td>\n<td>0.1 \u00b0F (-58 a +391.82 \u00b0F)1 \u00b0F (rango restante)<\/td>\n<\/tr>\n<\/tbody>\n<\/table>\n","protected":false},"excerpt":{"rendered":"<p>Est\u00e1 certificado seg\u00fan HACCP y EN 13485 e ideal para su uso en el sector alimentario. Los umbrales definidos por el usuario le facilitan la realizaci\u00f3n de su trabajo diario y una alarma sonora advierte cuando se superan los umbrales. Los valores m\u00ednimos\/m\u00e1ximos se guardan autom\u00e1ticamente.<\/p>\n<p>Necesitar\u00e1 un sensor para comenzar a usar su medidor. Seleccione uno o m\u00e1s sensores de nuestra selecci\u00f3n para personalizar su medidor o solicite su kit de puesta en marcha que viene con un sensor de alimentos est\u00e1ndar.<\/p>\n","protected":false},"featured_media":2722,"comment_status":"open","ping_status":"closed","template":"","meta":{"_joinchat":[]},"product_brand":[],"product_cat":[15],"product_tag":[],"class_list":{"0":"post-2721","1":"product","2":"type-product","3":"status-publish","4":"has-post-thumbnail","6":"product_cat-sin-categorizar","8":"first","9":"instock","10":"shipping-taxable","11":"product-type-simple"},"yoast_head":"<!-- This site is optimized with the Yoast SEO plugin v26.4 - https:\/\/yoast.com\/wordpress\/plugins\/seo\/ -->\n<title>term\u00f3metro para servicio de alimentos testo 926, tipo t - Abaa tienda online<\/title>\n<meta name=\"robots\" content=\"index, follow, max-snippet:-1, max-image-preview:large, max-video-preview:-1\" \/>\n<link rel=\"canonical\" href=\"https:\/\/abaa.mx\/tienda\/termometro-para-servicio-de-alimentos-testo-926-tipo-t\/\" \/>\n<meta property=\"og:locale\" content=\"es_MX\" \/>\n<meta property=\"og:type\" content=\"article\" \/>\n<meta property=\"og:title\" content=\"term\u00f3metro para servicio de alimentos testo 926, tipo t - Abaa tienda online\" \/>\n<meta property=\"og:description\" content=\"Est\u00e1 certificado seg\u00fan HACCP y EN 13485 e ideal para su uso en el sector alimentario. Los umbrales definidos por el usuario le facilitan la realizaci\u00f3n de su trabajo diario y una alarma sonora advierte cuando se superan los umbrales. Los valores m\u00ednimos\/m\u00e1ximos se guardan autom\u00e1ticamente.  Necesitar\u00e1 un sensor para comenzar a usar su medidor. Seleccione uno o m\u00e1s sensores de nuestra selecci\u00f3n para personalizar su medidor o solicite su kit de puesta en marcha que viene con un sensor de alimentos est\u00e1ndar.\" \/>\n<meta property=\"og:url\" content=\"https:\/\/abaa.mx\/tienda\/termometro-para-servicio-de-alimentos-testo-926-tipo-t\/\" \/>\n<meta property=\"og:site_name\" content=\"Abaa tienda online\" \/>\n<meta property=\"og:image\" content=\"https:\/\/abaa.mx\/tienda\/wp-content\/uploads\/2023\/09\/926-2.jpg\" \/>\n\t<meta property=\"og:image:width\" content=\"270\" \/>\n\t<meta property=\"og:image:height\" content=\"331\" \/>\n\t<meta property=\"og:image:type\" content=\"image\/jpeg\" \/>\n<meta name=\"twitter:card\" content=\"summary_large_image\" \/>\n<meta name=\"twitter:label1\" content=\"Tiempo de lectura\" \/>\n\t<meta name=\"twitter:data1\" content=\"2 minutos\" \/>\n<script type=\"application\/ld+json\" class=\"yoast-schema-graph\">{\"@context\":\"https:\/\/schema.org\",\"@graph\":[{\"@type\":\"WebPage\",\"@id\":\"https:\/\/abaa.mx\/tienda\/termometro-para-servicio-de-alimentos-testo-926-tipo-t\/\",\"url\":\"https:\/\/abaa.mx\/tienda\/termometro-para-servicio-de-alimentos-testo-926-tipo-t\/\",\"name\":\"term\u00f3metro para servicio de alimentos testo 926, tipo t - Abaa tienda online\",\"isPartOf\":{\"@id\":\"https:\/\/abaa.mx\/tienda\/#website\"},\"primaryImageOfPage\":{\"@id\":\"https:\/\/abaa.mx\/tienda\/termometro-para-servicio-de-alimentos-testo-926-tipo-t\/#primaryimage\"},\"image\":{\"@id\":\"https:\/\/abaa.mx\/tienda\/termometro-para-servicio-de-alimentos-testo-926-tipo-t\/#primaryimage\"},\"thumbnailUrl\":\"https:\/\/abaa.mx\/tienda\/wp-content\/uploads\/2023\/09\/926-2.jpg\",\"datePublished\":\"2023-09-22T19:23:56+00:00\",\"breadcrumb\":{\"@id\":\"https:\/\/abaa.mx\/tienda\/termometro-para-servicio-de-alimentos-testo-926-tipo-t\/#breadcrumb\"},\"inLanguage\":\"es\",\"potentialAction\":[{\"@type\":\"ReadAction\",\"target\":[\"https:\/\/abaa.mx\/tienda\/termometro-para-servicio-de-alimentos-testo-926-tipo-t\/\"]}]},{\"@type\":\"ImageObject\",\"inLanguage\":\"es\",\"@id\":\"https:\/\/abaa.mx\/tienda\/termometro-para-servicio-de-alimentos-testo-926-tipo-t\/#primaryimage\",\"url\":\"https:\/\/abaa.mx\/tienda\/wp-content\/uploads\/2023\/09\/926-2.jpg\",\"contentUrl\":\"https:\/\/abaa.mx\/tienda\/wp-content\/uploads\/2023\/09\/926-2.jpg\",\"width\":270,\"height\":331,\"caption\":\"926 -2\"},{\"@type\":\"BreadcrumbList\",\"@id\":\"https:\/\/abaa.mx\/tienda\/termometro-para-servicio-de-alimentos-testo-926-tipo-t\/#breadcrumb\",\"itemListElement\":[{\"@type\":\"ListItem\",\"position\":1,\"name\":\"Inicio\",\"item\":\"https:\/\/abaa.mx\/tienda\/\"},{\"@type\":\"ListItem\",\"position\":2,\"name\":\"Tienda\",\"item\":\"https:\/\/abaa.mx\/tienda\/\"},{\"@type\":\"ListItem\",\"position\":3,\"name\":\"term\u00f3metro para servicio de alimentos testo 926, tipo t\"}]},{\"@type\":\"WebSite\",\"@id\":\"https:\/\/abaa.mx\/tienda\/#website\",\"url\":\"https:\/\/abaa.mx\/tienda\/\",\"name\":\"Abaa tienda online\",\"description\":\"Instrumentos de medici\u00f3n\",\"publisher\":{\"@id\":\"https:\/\/abaa.mx\/tienda\/#organization\"},\"potentialAction\":[{\"@type\":\"SearchAction\",\"target\":{\"@type\":\"EntryPoint\",\"urlTemplate\":\"https:\/\/abaa.mx\/tienda\/?s={search_term_string}\"},\"query-input\":{\"@type\":\"PropertyValueSpecification\",\"valueRequired\":true,\"valueName\":\"search_term_string\"}}],\"inLanguage\":\"es\"},{\"@type\":\"Organization\",\"@id\":\"https:\/\/abaa.mx\/tienda\/#organization\",\"name\":\"Abaa tienda online\",\"url\":\"https:\/\/abaa.mx\/tienda\/\",\"logo\":{\"@type\":\"ImageObject\",\"inLanguage\":\"es\",\"@id\":\"https:\/\/abaa.mx\/tienda\/#\/schema\/logo\/image\/\",\"url\":\"https:\/\/abaa.mx\/tienda\/wp-content\/uploads\/2024\/01\/abaa-metrologia-tienda.png\",\"contentUrl\":\"https:\/\/abaa.mx\/tienda\/wp-content\/uploads\/2024\/01\/abaa-metrologia-tienda.png\",\"width\":300,\"height\":141,\"caption\":\"Abaa tienda online\"},\"image\":{\"@id\":\"https:\/\/abaa.mx\/tienda\/#\/schema\/logo\/image\/\"}}]}<\/script>\n<!-- \/ Yoast SEO plugin. -->","yoast_head_json":{"title":"term\u00f3metro para servicio de alimentos testo 926, tipo t - Abaa tienda online","robots":{"index":"index","follow":"follow","max-snippet":"max-snippet:-1","max-image-preview":"max-image-preview:large","max-video-preview":"max-video-preview:-1"},"canonical":"https:\/\/abaa.mx\/tienda\/termometro-para-servicio-de-alimentos-testo-926-tipo-t\/","og_locale":"es_MX","og_type":"article","og_title":"term\u00f3metro para servicio de alimentos testo 926, tipo t - Abaa tienda online","og_description":"Est\u00e1 certificado seg\u00fan HACCP y EN 13485 e ideal para su uso en el sector alimentario. Los umbrales definidos por el usuario le facilitan la realizaci\u00f3n de su trabajo diario y una alarma sonora advierte cuando se superan los umbrales. Los valores m\u00ednimos\/m\u00e1ximos se guardan autom\u00e1ticamente.  Necesitar\u00e1 un sensor para comenzar a usar su medidor. Seleccione uno o m\u00e1s sensores de nuestra selecci\u00f3n para personalizar su medidor o solicite su kit de puesta en marcha que viene con un sensor de alimentos est\u00e1ndar.","og_url":"https:\/\/abaa.mx\/tienda\/termometro-para-servicio-de-alimentos-testo-926-tipo-t\/","og_site_name":"Abaa tienda online","og_image":[{"width":270,"height":331,"url":"https:\/\/abaa.mx\/tienda\/wp-content\/uploads\/2023\/09\/926-2.jpg","type":"image\/jpeg"}],"twitter_card":"summary_large_image","twitter_misc":{"Tiempo de lectura":"2 minutos"},"schema":{"@context":"https:\/\/schema.org","@graph":[{"@type":"WebPage","@id":"https:\/\/abaa.mx\/tienda\/termometro-para-servicio-de-alimentos-testo-926-tipo-t\/","url":"https:\/\/abaa.mx\/tienda\/termometro-para-servicio-de-alimentos-testo-926-tipo-t\/","name":"term\u00f3metro para servicio de alimentos testo 926, tipo t - Abaa tienda online","isPartOf":{"@id":"https:\/\/abaa.mx\/tienda\/#website"},"primaryImageOfPage":{"@id":"https:\/\/abaa.mx\/tienda\/termometro-para-servicio-de-alimentos-testo-926-tipo-t\/#primaryimage"},"image":{"@id":"https:\/\/abaa.mx\/tienda\/termometro-para-servicio-de-alimentos-testo-926-tipo-t\/#primaryimage"},"thumbnailUrl":"https:\/\/abaa.mx\/tienda\/wp-content\/uploads\/2023\/09\/926-2.jpg","datePublished":"2023-09-22T19:23:56+00:00","breadcrumb":{"@id":"https:\/\/abaa.mx\/tienda\/termometro-para-servicio-de-alimentos-testo-926-tipo-t\/#breadcrumb"},"inLanguage":"es","potentialAction":[{"@type":"ReadAction","target":["https:\/\/abaa.mx\/tienda\/termometro-para-servicio-de-alimentos-testo-926-tipo-t\/"]}]},{"@type":"ImageObject","inLanguage":"es","@id":"https:\/\/abaa.mx\/tienda\/termometro-para-servicio-de-alimentos-testo-926-tipo-t\/#primaryimage","url":"https:\/\/abaa.mx\/tienda\/wp-content\/uploads\/2023\/09\/926-2.jpg","contentUrl":"https:\/\/abaa.mx\/tienda\/wp-content\/uploads\/2023\/09\/926-2.jpg","width":270,"height":331,"caption":"926 -2"},{"@type":"BreadcrumbList","@id":"https:\/\/abaa.mx\/tienda\/termometro-para-servicio-de-alimentos-testo-926-tipo-t\/#breadcrumb","itemListElement":[{"@type":"ListItem","position":1,"name":"Inicio","item":"https:\/\/abaa.mx\/tienda\/"},{"@type":"ListItem","position":2,"name":"Tienda","item":"https:\/\/abaa.mx\/tienda\/"},{"@type":"ListItem","position":3,"name":"term\u00f3metro para servicio de alimentos testo 926, tipo t"}]},{"@type":"WebSite","@id":"https:\/\/abaa.mx\/tienda\/#website","url":"https:\/\/abaa.mx\/tienda\/","name":"Abaa tienda online","description":"Instrumentos de medici\u00f3n","publisher":{"@id":"https:\/\/abaa.mx\/tienda\/#organization"},"potentialAction":[{"@type":"SearchAction","target":{"@type":"EntryPoint","urlTemplate":"https:\/\/abaa.mx\/tienda\/?s={search_term_string}"},"query-input":{"@type":"PropertyValueSpecification","valueRequired":true,"valueName":"search_term_string"}}],"inLanguage":"es"},{"@type":"Organization","@id":"https:\/\/abaa.mx\/tienda\/#organization","name":"Abaa tienda online","url":"https:\/\/abaa.mx\/tienda\/","logo":{"@type":"ImageObject","inLanguage":"es","@id":"https:\/\/abaa.mx\/tienda\/#\/schema\/logo\/image\/","url":"https:\/\/abaa.mx\/tienda\/wp-content\/uploads\/2024\/01\/abaa-metrologia-tienda.png","contentUrl":"https:\/\/abaa.mx\/tienda\/wp-content\/uploads\/2024\/01\/abaa-metrologia-tienda.png","width":300,"height":141,"caption":"Abaa tienda online"},"image":{"@id":"https:\/\/abaa.mx\/tienda\/#\/schema\/logo\/image\/"}}]}},"_links":{"self":[{"href":"https:\/\/abaa.mx\/tienda\/wp-json\/wp\/v2\/product\/2721","targetHints":{"allow":["GET"]}}],"collection":[{"href":"https:\/\/abaa.mx\/tienda\/wp-json\/wp\/v2\/product"}],"about":[{"href":"https:\/\/abaa.mx\/tienda\/wp-json\/wp\/v2\/types\/product"}],"replies":[{"embeddable":true,"href":"https:\/\/abaa.mx\/tienda\/wp-json\/wp\/v2\/comments?post=2721"}],"wp:featuredmedia":[{"embeddable":true,"href":"https:\/\/abaa.mx\/tienda\/wp-json\/wp\/v2\/media\/2722"}],"wp:attachment":[{"href":"https:\/\/abaa.mx\/tienda\/wp-json\/wp\/v2\/media?parent=2721"}],"wp:term":[{"taxonomy":"product_brand","embeddable":true,"href":"https:\/\/abaa.mx\/tienda\/wp-json\/wp\/v2\/product_brand?post=2721"},{"taxonomy":"product_cat","embeddable":true,"href":"https:\/\/abaa.mx\/tienda\/wp-json\/wp\/v2\/product_cat?post=2721"},{"taxonomy":"product_tag","embeddable":true,"href":"https:\/\/abaa.mx\/tienda\/wp-json\/wp\/v2\/product_tag?post=2721"}],"curies":[{"name":"wp","href":"https:\/\/api.w.org\/{rel}","templated":true}]}}