{"id":2704,"date":"2023-09-22T19:09:04","date_gmt":"2023-09-22T19:09:04","guid":{"rendered":"https:\/\/abaa.mx\/tienda\/?post_type=product&#038;p=2704"},"modified":"2023-09-22T19:09:05","modified_gmt":"2023-09-22T19:09:05","slug":"termometro-ir-testo-831-30-1-optica-y-termometro-central-para-alimentos-106","status":"publish","type":"product","link":"https:\/\/abaa.mx\/tienda\/termometro-ir-testo-831-30-1-optica-y-termometro-central-para-alimentos-106\/","title":{"rendered":"term\u00f3metro ir testo 831 30: 1 \u00f3ptica y term\u00f3metro central para alimentos 106"},"content":{"rendered":"<p>Conjunto econ\u00f3mico para la medici\u00f3n de infrarrojos y temperatura central.<br \/>\nEl instrumento de medici\u00f3n de temperatura infrarroja testo 831 registra la temperatura de la superficie sin contacto. El di\u00e1metro del punto de medici\u00f3n de este pr\u00e1ctico term\u00f3metro infrarrojo es de solo 3,6 cm a una distancia de 1 m. La ventaja: incluso los objetos m\u00e1s peque\u00f1os, como las ollas de yogur, se pueden medir casi de pasada. El marcador l\u00e1ser de 2 puntos muestra exactamente el punto de medici\u00f3n. Evita errores de medici\u00f3n.<\/p>\n<p>El term\u00f3metro central testo 106, con su punta de medici\u00f3n delgada y robusta, es excepcionalmente adecuado para realizar controles r\u00e1pidos de la temperatura central en alimentos sensibles. Deja agujeros de punci\u00f3n apenas visibles.<br \/>\nAmbos ayudantes son peque\u00f1os, pr\u00e1cticos y siempre listos a mano.<\/p>\n<p><strong>Caracter\u00edsticas de testo 831<\/strong><\/p>\n<ul>\n<li>Medici\u00f3n sin contacto de la temperatura de la superficie, ideal para el sector alimentario<\/li>\n<li>Marcador de punto de medici\u00f3n l\u00e1ser de 2 puntos y \u00f3ptica 30:1<\/li>\n<li>Mediciones exactas incluso a mayores distancias<\/li>\n<li>Gran rango de medici\u00f3n de -30 a +210 \u00b0C<\/li>\n<li>Funci\u00f3n de retenci\u00f3n y visualizaci\u00f3n de valores m\u00edn.\/m\u00e1x.<\/li>\n<li>Dos valores l\u00edmite de alarma ajustables<\/li>\n<\/ul>\n<p><strong>Caracter\u00edsticas de testo 106<\/strong><\/p>\n<ul>\n<li>Medici\u00f3n r\u00e1pida (2 mediciones por segundo)<\/li>\n<li>Alarma sonora y \u00f3ptica (el LED se ilumina)<\/li>\n<li>Funda protectora impermeable y apta para lavavajillas (IP 67)<\/li>\n<li>Reconocimiento autom\u00e1tico del valor final (Auto-Hold)<\/li>\n<\/ul>\n<p>&nbsp;<\/p>\n","protected":false},"excerpt":{"rendered":"<p>Conjunto econ\u00f3mico para la medici\u00f3n de infrarrojos y temperatura central.<br \/>\nEl instrumento de medici\u00f3n de temperatura infrarroja testo 831 registra la temperatura de la superficie sin contacto. El di\u00e1metro del punto de medici\u00f3n de este pr\u00e1ctico term\u00f3metro infrarrojo es de solo 3,6 cm a una distancia de 1 m. La ventaja: incluso los objetos m\u00e1s peque\u00f1os, como las ollas de yogur, se pueden medir casi de pasada. El marcador l\u00e1ser de 2 puntos muestra exactamente el punto de medici\u00f3n. Evita errores de medici\u00f3n.<\/p>\n","protected":false},"featured_media":2705,"comment_status":"open","ping_status":"closed","template":"","meta":{"_joinchat":[]},"product_brand":[],"product_cat":[15],"product_tag":[],"class_list":{"0":"post-2704","1":"product","2":"type-product","3":"status-publish","4":"has-post-thumbnail","6":"product_cat-sin-categorizar","8":"first","9":"instock","10":"shipping-taxable","11":"product-type-simple"},"yoast_head":"<!-- This site is optimized with the Yoast SEO plugin v26.4 - https:\/\/yoast.com\/wordpress\/plugins\/seo\/ -->\n<title>term\u00f3metro ir testo 831 30: 1 \u00f3ptica y term\u00f3metro central para alimentos 106 - Abaa tienda online<\/title>\n<meta name=\"robots\" content=\"index, follow, max-snippet:-1, max-image-preview:large, max-video-preview:-1\" \/>\n<link rel=\"canonical\" href=\"https:\/\/abaa.mx\/tienda\/termometro-ir-testo-831-30-1-optica-y-termometro-central-para-alimentos-106\/\" \/>\n<meta property=\"og:locale\" content=\"es_MX\" \/>\n<meta property=\"og:type\" content=\"article\" \/>\n<meta property=\"og:title\" content=\"term\u00f3metro ir testo 831 30: 1 \u00f3ptica y term\u00f3metro central para alimentos 106 - Abaa tienda online\" \/>\n<meta property=\"og:description\" content=\"Conjunto econ\u00f3mico para la medici\u00f3n de infrarrojos y temperatura central. El instrumento de medici\u00f3n de temperatura infrarroja testo 831 registra la temperatura de la superficie sin contacto. El di\u00e1metro del punto de medici\u00f3n de este pr\u00e1ctico term\u00f3metro infrarrojo es de solo 3,6 cm a una distancia de 1 m. La ventaja: incluso los objetos m\u00e1s peque\u00f1os, como las ollas de yogur, se pueden medir casi de pasada. El marcador l\u00e1ser de 2 puntos muestra exactamente el punto de medici\u00f3n. Evita errores de medici\u00f3n.\" \/>\n<meta property=\"og:url\" content=\"https:\/\/abaa.mx\/tienda\/termometro-ir-testo-831-30-1-optica-y-termometro-central-para-alimentos-106\/\" \/>\n<meta property=\"og:site_name\" content=\"Abaa tienda online\" \/>\n<meta property=\"article:modified_time\" content=\"2023-09-22T19:09:05+00:00\" \/>\n<meta property=\"og:image\" content=\"https:\/\/abaa.mx\/tienda\/wp-content\/uploads\/2023\/09\/831.jpg\" \/>\n\t<meta property=\"og:image:width\" content=\"270\" \/>\n\t<meta property=\"og:image:height\" content=\"270\" \/>\n\t<meta property=\"og:image:type\" content=\"image\/jpeg\" \/>\n<meta name=\"twitter:card\" content=\"summary_large_image\" \/>\n<meta name=\"twitter:label1\" content=\"Tiempo de lectura\" \/>\n\t<meta name=\"twitter:data1\" content=\"1 minuto\" \/>\n<script type=\"application\/ld+json\" class=\"yoast-schema-graph\">{\"@context\":\"https:\/\/schema.org\",\"@graph\":[{\"@type\":\"WebPage\",\"@id\":\"https:\/\/abaa.mx\/tienda\/termometro-ir-testo-831-30-1-optica-y-termometro-central-para-alimentos-106\/\",\"url\":\"https:\/\/abaa.mx\/tienda\/termometro-ir-testo-831-30-1-optica-y-termometro-central-para-alimentos-106\/\",\"name\":\"term\u00f3metro ir testo 831 30: 1 \u00f3ptica y term\u00f3metro central para alimentos 106 - Abaa tienda online\",\"isPartOf\":{\"@id\":\"https:\/\/abaa.mx\/tienda\/#website\"},\"primaryImageOfPage\":{\"@id\":\"https:\/\/abaa.mx\/tienda\/termometro-ir-testo-831-30-1-optica-y-termometro-central-para-alimentos-106\/#primaryimage\"},\"image\":{\"@id\":\"https:\/\/abaa.mx\/tienda\/termometro-ir-testo-831-30-1-optica-y-termometro-central-para-alimentos-106\/#primaryimage\"},\"thumbnailUrl\":\"https:\/\/abaa.mx\/tienda\/wp-content\/uploads\/2023\/09\/831.jpg\",\"datePublished\":\"2023-09-22T19:09:04+00:00\",\"dateModified\":\"2023-09-22T19:09:05+00:00\",\"breadcrumb\":{\"@id\":\"https:\/\/abaa.mx\/tienda\/termometro-ir-testo-831-30-1-optica-y-termometro-central-para-alimentos-106\/#breadcrumb\"},\"inLanguage\":\"es\",\"potentialAction\":[{\"@type\":\"ReadAction\",\"target\":[\"https:\/\/abaa.mx\/tienda\/termometro-ir-testo-831-30-1-optica-y-termometro-central-para-alimentos-106\/\"]}]},{\"@type\":\"ImageObject\",\"inLanguage\":\"es\",\"@id\":\"https:\/\/abaa.mx\/tienda\/termometro-ir-testo-831-30-1-optica-y-termometro-central-para-alimentos-106\/#primaryimage\",\"url\":\"https:\/\/abaa.mx\/tienda\/wp-content\/uploads\/2023\/09\/831.jpg\",\"contentUrl\":\"https:\/\/abaa.mx\/tienda\/wp-content\/uploads\/2023\/09\/831.jpg\",\"width\":270,\"height\":270,\"caption\":\"831\"},{\"@type\":\"BreadcrumbList\",\"@id\":\"https:\/\/abaa.mx\/tienda\/termometro-ir-testo-831-30-1-optica-y-termometro-central-para-alimentos-106\/#breadcrumb\",\"itemListElement\":[{\"@type\":\"ListItem\",\"position\":1,\"name\":\"Inicio\",\"item\":\"https:\/\/abaa.mx\/tienda\/\"},{\"@type\":\"ListItem\",\"position\":2,\"name\":\"Tienda\",\"item\":\"https:\/\/abaa.mx\/tienda\/\"},{\"@type\":\"ListItem\",\"position\":3,\"name\":\"term\u00f3metro ir testo 831 30: 1 \u00f3ptica y term\u00f3metro central para alimentos 106\"}]},{\"@type\":\"WebSite\",\"@id\":\"https:\/\/abaa.mx\/tienda\/#website\",\"url\":\"https:\/\/abaa.mx\/tienda\/\",\"name\":\"Abaa tienda online\",\"description\":\"Instrumentos de medici\u00f3n\",\"publisher\":{\"@id\":\"https:\/\/abaa.mx\/tienda\/#organization\"},\"potentialAction\":[{\"@type\":\"SearchAction\",\"target\":{\"@type\":\"EntryPoint\",\"urlTemplate\":\"https:\/\/abaa.mx\/tienda\/?s={search_term_string}\"},\"query-input\":{\"@type\":\"PropertyValueSpecification\",\"valueRequired\":true,\"valueName\":\"search_term_string\"}}],\"inLanguage\":\"es\"},{\"@type\":\"Organization\",\"@id\":\"https:\/\/abaa.mx\/tienda\/#organization\",\"name\":\"Abaa tienda online\",\"url\":\"https:\/\/abaa.mx\/tienda\/\",\"logo\":{\"@type\":\"ImageObject\",\"inLanguage\":\"es\",\"@id\":\"https:\/\/abaa.mx\/tienda\/#\/schema\/logo\/image\/\",\"url\":\"https:\/\/abaa.mx\/tienda\/wp-content\/uploads\/2024\/01\/abaa-metrologia-tienda.png\",\"contentUrl\":\"https:\/\/abaa.mx\/tienda\/wp-content\/uploads\/2024\/01\/abaa-metrologia-tienda.png\",\"width\":300,\"height\":141,\"caption\":\"Abaa tienda online\"},\"image\":{\"@id\":\"https:\/\/abaa.mx\/tienda\/#\/schema\/logo\/image\/\"}}]}<\/script>\n<!-- \/ Yoast SEO plugin. -->","yoast_head_json":{"title":"term\u00f3metro ir testo 831 30: 1 \u00f3ptica y term\u00f3metro central para alimentos 106 - Abaa tienda online","robots":{"index":"index","follow":"follow","max-snippet":"max-snippet:-1","max-image-preview":"max-image-preview:large","max-video-preview":"max-video-preview:-1"},"canonical":"https:\/\/abaa.mx\/tienda\/termometro-ir-testo-831-30-1-optica-y-termometro-central-para-alimentos-106\/","og_locale":"es_MX","og_type":"article","og_title":"term\u00f3metro ir testo 831 30: 1 \u00f3ptica y term\u00f3metro central para alimentos 106 - Abaa tienda online","og_description":"Conjunto econ\u00f3mico para la medici\u00f3n de infrarrojos y temperatura central. El instrumento de medici\u00f3n de temperatura infrarroja testo 831 registra la temperatura de la superficie sin contacto. El di\u00e1metro del punto de medici\u00f3n de este pr\u00e1ctico term\u00f3metro infrarrojo es de solo 3,6 cm a una distancia de 1 m. La ventaja: incluso los objetos m\u00e1s peque\u00f1os, como las ollas de yogur, se pueden medir casi de pasada. El marcador l\u00e1ser de 2 puntos muestra exactamente el punto de medici\u00f3n. Evita errores de medici\u00f3n.","og_url":"https:\/\/abaa.mx\/tienda\/termometro-ir-testo-831-30-1-optica-y-termometro-central-para-alimentos-106\/","og_site_name":"Abaa tienda online","article_modified_time":"2023-09-22T19:09:05+00:00","og_image":[{"width":270,"height":270,"url":"https:\/\/abaa.mx\/tienda\/wp-content\/uploads\/2023\/09\/831.jpg","type":"image\/jpeg"}],"twitter_card":"summary_large_image","twitter_misc":{"Tiempo de lectura":"1 minuto"},"schema":{"@context":"https:\/\/schema.org","@graph":[{"@type":"WebPage","@id":"https:\/\/abaa.mx\/tienda\/termometro-ir-testo-831-30-1-optica-y-termometro-central-para-alimentos-106\/","url":"https:\/\/abaa.mx\/tienda\/termometro-ir-testo-831-30-1-optica-y-termometro-central-para-alimentos-106\/","name":"term\u00f3metro ir testo 831 30: 1 \u00f3ptica y term\u00f3metro central para alimentos 106 - Abaa tienda online","isPartOf":{"@id":"https:\/\/abaa.mx\/tienda\/#website"},"primaryImageOfPage":{"@id":"https:\/\/abaa.mx\/tienda\/termometro-ir-testo-831-30-1-optica-y-termometro-central-para-alimentos-106\/#primaryimage"},"image":{"@id":"https:\/\/abaa.mx\/tienda\/termometro-ir-testo-831-30-1-optica-y-termometro-central-para-alimentos-106\/#primaryimage"},"thumbnailUrl":"https:\/\/abaa.mx\/tienda\/wp-content\/uploads\/2023\/09\/831.jpg","datePublished":"2023-09-22T19:09:04+00:00","dateModified":"2023-09-22T19:09:05+00:00","breadcrumb":{"@id":"https:\/\/abaa.mx\/tienda\/termometro-ir-testo-831-30-1-optica-y-termometro-central-para-alimentos-106\/#breadcrumb"},"inLanguage":"es","potentialAction":[{"@type":"ReadAction","target":["https:\/\/abaa.mx\/tienda\/termometro-ir-testo-831-30-1-optica-y-termometro-central-para-alimentos-106\/"]}]},{"@type":"ImageObject","inLanguage":"es","@id":"https:\/\/abaa.mx\/tienda\/termometro-ir-testo-831-30-1-optica-y-termometro-central-para-alimentos-106\/#primaryimage","url":"https:\/\/abaa.mx\/tienda\/wp-content\/uploads\/2023\/09\/831.jpg","contentUrl":"https:\/\/abaa.mx\/tienda\/wp-content\/uploads\/2023\/09\/831.jpg","width":270,"height":270,"caption":"831"},{"@type":"BreadcrumbList","@id":"https:\/\/abaa.mx\/tienda\/termometro-ir-testo-831-30-1-optica-y-termometro-central-para-alimentos-106\/#breadcrumb","itemListElement":[{"@type":"ListItem","position":1,"name":"Inicio","item":"https:\/\/abaa.mx\/tienda\/"},{"@type":"ListItem","position":2,"name":"Tienda","item":"https:\/\/abaa.mx\/tienda\/"},{"@type":"ListItem","position":3,"name":"term\u00f3metro ir testo 831 30: 1 \u00f3ptica y term\u00f3metro central para alimentos 106"}]},{"@type":"WebSite","@id":"https:\/\/abaa.mx\/tienda\/#website","url":"https:\/\/abaa.mx\/tienda\/","name":"Abaa tienda online","description":"Instrumentos de medici\u00f3n","publisher":{"@id":"https:\/\/abaa.mx\/tienda\/#organization"},"potentialAction":[{"@type":"SearchAction","target":{"@type":"EntryPoint","urlTemplate":"https:\/\/abaa.mx\/tienda\/?s={search_term_string}"},"query-input":{"@type":"PropertyValueSpecification","valueRequired":true,"valueName":"search_term_string"}}],"inLanguage":"es"},{"@type":"Organization","@id":"https:\/\/abaa.mx\/tienda\/#organization","name":"Abaa tienda online","url":"https:\/\/abaa.mx\/tienda\/","logo":{"@type":"ImageObject","inLanguage":"es","@id":"https:\/\/abaa.mx\/tienda\/#\/schema\/logo\/image\/","url":"https:\/\/abaa.mx\/tienda\/wp-content\/uploads\/2024\/01\/abaa-metrologia-tienda.png","contentUrl":"https:\/\/abaa.mx\/tienda\/wp-content\/uploads\/2024\/01\/abaa-metrologia-tienda.png","width":300,"height":141,"caption":"Abaa tienda online"},"image":{"@id":"https:\/\/abaa.mx\/tienda\/#\/schema\/logo\/image\/"}}]}},"_links":{"self":[{"href":"https:\/\/abaa.mx\/tienda\/wp-json\/wp\/v2\/product\/2704","targetHints":{"allow":["GET"]}}],"collection":[{"href":"https:\/\/abaa.mx\/tienda\/wp-json\/wp\/v2\/product"}],"about":[{"href":"https:\/\/abaa.mx\/tienda\/wp-json\/wp\/v2\/types\/product"}],"replies":[{"embeddable":true,"href":"https:\/\/abaa.mx\/tienda\/wp-json\/wp\/v2\/comments?post=2704"}],"wp:featuredmedia":[{"embeddable":true,"href":"https:\/\/abaa.mx\/tienda\/wp-json\/wp\/v2\/media\/2705"}],"wp:attachment":[{"href":"https:\/\/abaa.mx\/tienda\/wp-json\/wp\/v2\/media?parent=2704"}],"wp:term":[{"taxonomy":"product_brand","embeddable":true,"href":"https:\/\/abaa.mx\/tienda\/wp-json\/wp\/v2\/product_brand?post=2704"},{"taxonomy":"product_cat","embeddable":true,"href":"https:\/\/abaa.mx\/tienda\/wp-json\/wp\/v2\/product_cat?post=2704"},{"taxonomy":"product_tag","embeddable":true,"href":"https:\/\/abaa.mx\/tienda\/wp-json\/wp\/v2\/product_tag?post=2704"}],"curies":[{"name":"wp","href":"https:\/\/api.w.org\/{rel}","templated":true}]}}