{"id":2701,"date":"2023-09-22T19:04:01","date_gmt":"2023-09-22T19:04:01","guid":{"rendered":"https:\/\/abaa.mx\/tienda\/?post_type=product&#038;p=2701"},"modified":"2023-09-22T19:04:01","modified_gmt":"2023-09-22T19:04:01","slug":"termometro-ir-laser-dual-testo-830-t4-con-optica-301","status":"publish","type":"product","link":"https:\/\/abaa.mx\/tienda\/termometro-ir-laser-dual-testo-830-t4-con-optica-301\/","title":{"rendered":"term\u00f3metro ir l\u00e1ser dual testo 830-t4 con \u00f3ptica 30:1"},"content":{"rendered":"<p>&nbsp;<\/p>\n<p>Este term\u00f3metro infrarrojo universal est\u00e1 dise\u00f1ado para realizar mediciones r\u00e1pidas y precisas de la temperatura de la superficie en el \u00e1rea de HVAC \/ R y la industria. A una distancia de 1 m, el di\u00e1metro del punto es de solo 3,6 cm. Desde una distancia segura, incluso los objetivos m\u00e1s peque\u00f1os, de dif\u00edcil acceso o peligrosos se pueden medir sin ning\u00fan problema. El nuevo procesador de alta resoluci\u00f3n permite resultados de medici\u00f3n de una precisi\u00f3n incre\u00edble. Y debido a la funci\u00f3n m\u00edn.\/m\u00e1x., puede definir sus valores l\u00edmite de temperatura seg\u00fan sus necesidades. Controlar los l\u00edmites con la ayuda de una alarma sonora y visual nunca ha sido tan f\u00e1cil.<\/p>\n<p><strong>Funciones<\/strong><\/p>\n<ul>\n<li>\u00d3ptica 30:1 para medir la temperatura a distancia, incluso en objetos peque\u00f1os<\/li>\n<li>Registro r\u00e1pido del valor de medici\u00f3n a dos mediciones por segundo<\/li>\n<li>L\u00e1ser de 2 puntos para observaci\u00f3n puntual<\/li>\n<li>Iluminaci\u00f3n de la pantalla<\/li>\n<\/ul>\n<h4>Testo 830-T4 Datos t\u00e9cnicos<\/h4>\n<table class=\"table table-striped\">\n<tbody>\n<tr>\n<td>Temperatura de almacenamiento<\/td>\n<td>-40 hasta +158\u00b0F<\/td>\n<\/tr>\n<tr>\n<td>Temperatura de funcionamiento<\/td>\n<td>-4 hasta +122\u00b0F<\/td>\n<\/tr>\n<tr>\n<td>Tipo de bater\u00eda<\/td>\n<td>Bater\u00eda de 9 voltios<\/td>\n<\/tr>\n<tr>\n<td>Duraci\u00f3n de la bater\u00eda<\/td>\n<td>15 horas<\/td>\n<\/tr>\n<tr>\n<td>Dimensiones<\/td>\n<td>6,1 x 5,35 x 1,5 pulgadas<\/td>\n<\/tr>\n<tr>\n<td>Material de la carcasa<\/td>\n<td>ABS<\/td>\n<\/tr>\n<tr>\n<th colspan=\"2\">\n<h5>Infrarrojo<\/h5>\n<\/th>\n<\/tr>\n<tr>\n<td>Rango de medici\u00f3n<\/td>\n<td>-13 hasta +752\u00b0F<\/td>\n<\/tr>\n<tr>\n<td>Exactitud<\/td>\n<td>\u00b11.8\u00b0F (-4 a +212\u00b0F)<br \/>\n\u00b13.6\u00b0F o \u00b12% de rdg. (rango restante)<\/td>\n<\/tr>\n<tr>\n<td>Resoluci\u00f3n<\/td>\n<td>0.5\u00b0C<\/td>\n<\/tr>\n<tr>\n<th colspan=\"2\">\n<h5>Tipo K<\/h5>\n<\/th>\n<\/tr>\n<tr>\n<td>Rango de medici\u00f3n<\/td>\n<td>-58 hasta +932\u00b0F<\/td>\n<\/tr>\n<tr>\n<td>Exactitud<\/td>\n<td>\u00b1(0.9\u00b0F +0.5% de rdg.)<\/td>\n<\/tr>\n<tr>\n<td>Resoluci\u00f3n<\/td>\n<td>0.1 \u00b0C<\/td>\n<\/tr>\n<\/tbody>\n<\/table>\n","protected":false},"excerpt":{"rendered":"<p><strong>Este term\u00f3metro infrarrojo universal est\u00e1 dise\u00f1ado para realizar mediciones r\u00e1pidas y precisas de la temperatura de la superficie en el \u00e1rea de HVAC \/ R y la industria. A una distancia de 1 m, el di\u00e1metro del punto es de solo 3,6 cm. Desde una distancia segura, incluso los objetivos m\u00e1s peque\u00f1os, de dif\u00edcil acceso o peligrosos se pueden medir sin ning\u00fan problema. El nuevo procesador de alta resoluci\u00f3n permite resultados de medici\u00f3n de una precisi\u00f3n incre\u00edble. Y debido a la funci\u00f3n m\u00edn.\/m\u00e1x., puede definir sus valores l\u00edmite de temperatura seg\u00fan sus necesidades. Controlar los l\u00edmites con la ayuda de una alarma sonora y visual nunca ha sido tan f\u00e1cil.<\/strong><\/p>\n","protected":false},"featured_media":2702,"comment_status":"open","ping_status":"closed","template":"","meta":{"_joinchat":[]},"product_brand":[],"product_cat":[15],"product_tag":[],"class_list":{"0":"post-2701","1":"product","2":"type-product","3":"status-publish","4":"has-post-thumbnail","6":"product_cat-sin-categorizar","8":"first","9":"instock","10":"shipping-taxable","11":"product-type-simple"},"yoast_head":"<!-- This site is optimized with the Yoast SEO plugin v26.4 - https:\/\/yoast.com\/wordpress\/plugins\/seo\/ -->\n<title>term\u00f3metro ir l\u00e1ser dual testo 830-t4 con \u00f3ptica 30:1 - Abaa tienda online<\/title>\n<meta name=\"robots\" content=\"index, follow, max-snippet:-1, max-image-preview:large, max-video-preview:-1\" \/>\n<link rel=\"canonical\" href=\"https:\/\/abaa.mx\/tienda\/termometro-ir-laser-dual-testo-830-t4-con-optica-301\/\" \/>\n<meta property=\"og:locale\" content=\"es_MX\" \/>\n<meta property=\"og:type\" content=\"article\" \/>\n<meta property=\"og:title\" content=\"term\u00f3metro ir l\u00e1ser dual testo 830-t4 con \u00f3ptica 30:1 - Abaa tienda online\" \/>\n<meta property=\"og:description\" content=\"Este term\u00f3metro infrarrojo universal est\u00e1 dise\u00f1ado para realizar mediciones r\u00e1pidas y precisas de la temperatura de la superficie en el \u00e1rea de HVAC \/ R y la industria. A una distancia de 1 m, el di\u00e1metro del punto es de solo 3,6 cm. Desde una distancia segura, incluso los objetivos m\u00e1s peque\u00f1os, de dif\u00edcil acceso o peligrosos se pueden medir sin ning\u00fan problema. El nuevo procesador de alta resoluci\u00f3n permite resultados de medici\u00f3n de una precisi\u00f3n incre\u00edble. Y debido a la funci\u00f3n m\u00edn.\/m\u00e1x., puede definir sus valores l\u00edmite de temperatura seg\u00fan sus necesidades. Controlar los l\u00edmites con la ayuda de una alarma sonora y visual nunca ha sido tan f\u00e1cil.\" \/>\n<meta property=\"og:url\" content=\"https:\/\/abaa.mx\/tienda\/termometro-ir-laser-dual-testo-830-t4-con-optica-301\/\" \/>\n<meta property=\"og:site_name\" content=\"Abaa tienda online\" \/>\n<meta property=\"og:image\" content=\"https:\/\/abaa.mx\/tienda\/wp-content\/uploads\/2023\/09\/830-T4.jpg\" \/>\n\t<meta property=\"og:image:width\" content=\"270\" \/>\n\t<meta property=\"og:image:height\" content=\"331\" \/>\n\t<meta property=\"og:image:type\" content=\"image\/jpeg\" \/>\n<meta name=\"twitter:card\" content=\"summary_large_image\" \/>\n<meta name=\"twitter:label1\" content=\"Tiempo de lectura\" \/>\n\t<meta name=\"twitter:data1\" content=\"2 minutos\" \/>\n<script type=\"application\/ld+json\" class=\"yoast-schema-graph\">{\"@context\":\"https:\/\/schema.org\",\"@graph\":[{\"@type\":\"WebPage\",\"@id\":\"https:\/\/abaa.mx\/tienda\/termometro-ir-laser-dual-testo-830-t4-con-optica-301\/\",\"url\":\"https:\/\/abaa.mx\/tienda\/termometro-ir-laser-dual-testo-830-t4-con-optica-301\/\",\"name\":\"term\u00f3metro ir l\u00e1ser dual testo 830-t4 con \u00f3ptica 30:1 - Abaa tienda online\",\"isPartOf\":{\"@id\":\"https:\/\/abaa.mx\/tienda\/#website\"},\"primaryImageOfPage\":{\"@id\":\"https:\/\/abaa.mx\/tienda\/termometro-ir-laser-dual-testo-830-t4-con-optica-301\/#primaryimage\"},\"image\":{\"@id\":\"https:\/\/abaa.mx\/tienda\/termometro-ir-laser-dual-testo-830-t4-con-optica-301\/#primaryimage\"},\"thumbnailUrl\":\"https:\/\/abaa.mx\/tienda\/wp-content\/uploads\/2023\/09\/830-T4.jpg\",\"datePublished\":\"2023-09-22T19:04:01+00:00\",\"breadcrumb\":{\"@id\":\"https:\/\/abaa.mx\/tienda\/termometro-ir-laser-dual-testo-830-t4-con-optica-301\/#breadcrumb\"},\"inLanguage\":\"es\",\"potentialAction\":[{\"@type\":\"ReadAction\",\"target\":[\"https:\/\/abaa.mx\/tienda\/termometro-ir-laser-dual-testo-830-t4-con-optica-301\/\"]}]},{\"@type\":\"ImageObject\",\"inLanguage\":\"es\",\"@id\":\"https:\/\/abaa.mx\/tienda\/termometro-ir-laser-dual-testo-830-t4-con-optica-301\/#primaryimage\",\"url\":\"https:\/\/abaa.mx\/tienda\/wp-content\/uploads\/2023\/09\/830-T4.jpg\",\"contentUrl\":\"https:\/\/abaa.mx\/tienda\/wp-content\/uploads\/2023\/09\/830-T4.jpg\",\"width\":270,\"height\":331,\"caption\":\"830-T4\"},{\"@type\":\"BreadcrumbList\",\"@id\":\"https:\/\/abaa.mx\/tienda\/termometro-ir-laser-dual-testo-830-t4-con-optica-301\/#breadcrumb\",\"itemListElement\":[{\"@type\":\"ListItem\",\"position\":1,\"name\":\"Inicio\",\"item\":\"https:\/\/abaa.mx\/tienda\/\"},{\"@type\":\"ListItem\",\"position\":2,\"name\":\"Tienda\",\"item\":\"https:\/\/abaa.mx\/tienda\/\"},{\"@type\":\"ListItem\",\"position\":3,\"name\":\"term\u00f3metro ir l\u00e1ser dual testo 830-t4 con \u00f3ptica 30:1\"}]},{\"@type\":\"WebSite\",\"@id\":\"https:\/\/abaa.mx\/tienda\/#website\",\"url\":\"https:\/\/abaa.mx\/tienda\/\",\"name\":\"Abaa tienda online\",\"description\":\"Instrumentos de medici\u00f3n\",\"publisher\":{\"@id\":\"https:\/\/abaa.mx\/tienda\/#organization\"},\"potentialAction\":[{\"@type\":\"SearchAction\",\"target\":{\"@type\":\"EntryPoint\",\"urlTemplate\":\"https:\/\/abaa.mx\/tienda\/?s={search_term_string}\"},\"query-input\":{\"@type\":\"PropertyValueSpecification\",\"valueRequired\":true,\"valueName\":\"search_term_string\"}}],\"inLanguage\":\"es\"},{\"@type\":\"Organization\",\"@id\":\"https:\/\/abaa.mx\/tienda\/#organization\",\"name\":\"Abaa tienda online\",\"url\":\"https:\/\/abaa.mx\/tienda\/\",\"logo\":{\"@type\":\"ImageObject\",\"inLanguage\":\"es\",\"@id\":\"https:\/\/abaa.mx\/tienda\/#\/schema\/logo\/image\/\",\"url\":\"https:\/\/abaa.mx\/tienda\/wp-content\/uploads\/2024\/01\/abaa-metrologia-tienda.png\",\"contentUrl\":\"https:\/\/abaa.mx\/tienda\/wp-content\/uploads\/2024\/01\/abaa-metrologia-tienda.png\",\"width\":300,\"height\":141,\"caption\":\"Abaa tienda online\"},\"image\":{\"@id\":\"https:\/\/abaa.mx\/tienda\/#\/schema\/logo\/image\/\"}}]}<\/script>\n<!-- \/ Yoast SEO plugin. -->","yoast_head_json":{"title":"term\u00f3metro ir l\u00e1ser dual testo 830-t4 con \u00f3ptica 30:1 - Abaa tienda online","robots":{"index":"index","follow":"follow","max-snippet":"max-snippet:-1","max-image-preview":"max-image-preview:large","max-video-preview":"max-video-preview:-1"},"canonical":"https:\/\/abaa.mx\/tienda\/termometro-ir-laser-dual-testo-830-t4-con-optica-301\/","og_locale":"es_MX","og_type":"article","og_title":"term\u00f3metro ir l\u00e1ser dual testo 830-t4 con \u00f3ptica 30:1 - Abaa tienda online","og_description":"Este term\u00f3metro infrarrojo universal est\u00e1 dise\u00f1ado para realizar mediciones r\u00e1pidas y precisas de la temperatura de la superficie en el \u00e1rea de HVAC \/ R y la industria. A una distancia de 1 m, el di\u00e1metro del punto es de solo 3,6 cm. Desde una distancia segura, incluso los objetivos m\u00e1s peque\u00f1os, de dif\u00edcil acceso o peligrosos se pueden medir sin ning\u00fan problema. El nuevo procesador de alta resoluci\u00f3n permite resultados de medici\u00f3n de una precisi\u00f3n incre\u00edble. Y debido a la funci\u00f3n m\u00edn.\/m\u00e1x., puede definir sus valores l\u00edmite de temperatura seg\u00fan sus necesidades. Controlar los l\u00edmites con la ayuda de una alarma sonora y visual nunca ha sido tan f\u00e1cil.","og_url":"https:\/\/abaa.mx\/tienda\/termometro-ir-laser-dual-testo-830-t4-con-optica-301\/","og_site_name":"Abaa tienda online","og_image":[{"width":270,"height":331,"url":"https:\/\/abaa.mx\/tienda\/wp-content\/uploads\/2023\/09\/830-T4.jpg","type":"image\/jpeg"}],"twitter_card":"summary_large_image","twitter_misc":{"Tiempo de lectura":"2 minutos"},"schema":{"@context":"https:\/\/schema.org","@graph":[{"@type":"WebPage","@id":"https:\/\/abaa.mx\/tienda\/termometro-ir-laser-dual-testo-830-t4-con-optica-301\/","url":"https:\/\/abaa.mx\/tienda\/termometro-ir-laser-dual-testo-830-t4-con-optica-301\/","name":"term\u00f3metro ir l\u00e1ser dual testo 830-t4 con \u00f3ptica 30:1 - Abaa tienda online","isPartOf":{"@id":"https:\/\/abaa.mx\/tienda\/#website"},"primaryImageOfPage":{"@id":"https:\/\/abaa.mx\/tienda\/termometro-ir-laser-dual-testo-830-t4-con-optica-301\/#primaryimage"},"image":{"@id":"https:\/\/abaa.mx\/tienda\/termometro-ir-laser-dual-testo-830-t4-con-optica-301\/#primaryimage"},"thumbnailUrl":"https:\/\/abaa.mx\/tienda\/wp-content\/uploads\/2023\/09\/830-T4.jpg","datePublished":"2023-09-22T19:04:01+00:00","breadcrumb":{"@id":"https:\/\/abaa.mx\/tienda\/termometro-ir-laser-dual-testo-830-t4-con-optica-301\/#breadcrumb"},"inLanguage":"es","potentialAction":[{"@type":"ReadAction","target":["https:\/\/abaa.mx\/tienda\/termometro-ir-laser-dual-testo-830-t4-con-optica-301\/"]}]},{"@type":"ImageObject","inLanguage":"es","@id":"https:\/\/abaa.mx\/tienda\/termometro-ir-laser-dual-testo-830-t4-con-optica-301\/#primaryimage","url":"https:\/\/abaa.mx\/tienda\/wp-content\/uploads\/2023\/09\/830-T4.jpg","contentUrl":"https:\/\/abaa.mx\/tienda\/wp-content\/uploads\/2023\/09\/830-T4.jpg","width":270,"height":331,"caption":"830-T4"},{"@type":"BreadcrumbList","@id":"https:\/\/abaa.mx\/tienda\/termometro-ir-laser-dual-testo-830-t4-con-optica-301\/#breadcrumb","itemListElement":[{"@type":"ListItem","position":1,"name":"Inicio","item":"https:\/\/abaa.mx\/tienda\/"},{"@type":"ListItem","position":2,"name":"Tienda","item":"https:\/\/abaa.mx\/tienda\/"},{"@type":"ListItem","position":3,"name":"term\u00f3metro ir l\u00e1ser dual testo 830-t4 con \u00f3ptica 30:1"}]},{"@type":"WebSite","@id":"https:\/\/abaa.mx\/tienda\/#website","url":"https:\/\/abaa.mx\/tienda\/","name":"Abaa tienda online","description":"Instrumentos de medici\u00f3n","publisher":{"@id":"https:\/\/abaa.mx\/tienda\/#organization"},"potentialAction":[{"@type":"SearchAction","target":{"@type":"EntryPoint","urlTemplate":"https:\/\/abaa.mx\/tienda\/?s={search_term_string}"},"query-input":{"@type":"PropertyValueSpecification","valueRequired":true,"valueName":"search_term_string"}}],"inLanguage":"es"},{"@type":"Organization","@id":"https:\/\/abaa.mx\/tienda\/#organization","name":"Abaa tienda online","url":"https:\/\/abaa.mx\/tienda\/","logo":{"@type":"ImageObject","inLanguage":"es","@id":"https:\/\/abaa.mx\/tienda\/#\/schema\/logo\/image\/","url":"https:\/\/abaa.mx\/tienda\/wp-content\/uploads\/2024\/01\/abaa-metrologia-tienda.png","contentUrl":"https:\/\/abaa.mx\/tienda\/wp-content\/uploads\/2024\/01\/abaa-metrologia-tienda.png","width":300,"height":141,"caption":"Abaa tienda online"},"image":{"@id":"https:\/\/abaa.mx\/tienda\/#\/schema\/logo\/image\/"}}]}},"_links":{"self":[{"href":"https:\/\/abaa.mx\/tienda\/wp-json\/wp\/v2\/product\/2701","targetHints":{"allow":["GET"]}}],"collection":[{"href":"https:\/\/abaa.mx\/tienda\/wp-json\/wp\/v2\/product"}],"about":[{"href":"https:\/\/abaa.mx\/tienda\/wp-json\/wp\/v2\/types\/product"}],"replies":[{"embeddable":true,"href":"https:\/\/abaa.mx\/tienda\/wp-json\/wp\/v2\/comments?post=2701"}],"wp:featuredmedia":[{"embeddable":true,"href":"https:\/\/abaa.mx\/tienda\/wp-json\/wp\/v2\/media\/2702"}],"wp:attachment":[{"href":"https:\/\/abaa.mx\/tienda\/wp-json\/wp\/v2\/media?parent=2701"}],"wp:term":[{"taxonomy":"product_brand","embeddable":true,"href":"https:\/\/abaa.mx\/tienda\/wp-json\/wp\/v2\/product_brand?post=2701"},{"taxonomy":"product_cat","embeddable":true,"href":"https:\/\/abaa.mx\/tienda\/wp-json\/wp\/v2\/product_cat?post=2701"},{"taxonomy":"product_tag","embeddable":true,"href":"https:\/\/abaa.mx\/tienda\/wp-json\/wp\/v2\/product_tag?post=2701"}],"curies":[{"name":"wp","href":"https:\/\/api.w.org\/{rel}","templated":true}]}}