{"id":2700,"date":"2023-09-22T19:05:23","date_gmt":"2023-09-22T19:05:23","guid":{"rendered":"https:\/\/abaa.mx\/tienda\/?post_type=product&#038;p=2700"},"modified":"2023-11-07T02:50:30","modified_gmt":"2023-11-07T02:50:30","slug":"kit-de-termometro-infrarrojo-ir-testo-830-t4-kit-301-conexion-tc-externa-optica","status":"publish","type":"product","link":"https:\/\/abaa.mx\/tienda\/kit-de-termometro-infrarrojo-ir-testo-830-t4-kit-301-conexion-tc-externa-optica\/","title":{"rendered":"kit de term\u00f3metro infrarrojo (ir) testo 830-t4 kit 30:1 conexi\u00f3n tc externa \u00f3ptica"},"content":{"rendered":"<div class=\"span10\">\n<div class=\"mhide ipad-view-setting\">\n<div class=\"row-fluid ProductTabs\">\n<div class=\"span12\">\n<div class=\"tab-content\">\n<div id=\"tab0\" class=\"product-tabs tab-pane  active\">\n<p>Este set consta del testo 830-T4 con funda protectora de cuero y certificado de calibraci\u00f3n de f\u00e1brica con los puntos de medici\u00f3n +176 \u00b0C y +662 \u00b0F. Este term\u00f3metro infrarrojo universal est\u00e1 dise\u00f1ado para realizar mediciones r\u00e1pidas y precisas de la temperatura de la superficie en el \u00e1rea de HVAC\/R y la industria.<\/p>\n<p>A una distancia de 1 m, el di\u00e1metro del punto es de solo 3,6 cm. Desde una distancia segura, incluso los objetivos m\u00e1s peque\u00f1os, de dif\u00edcil acceso o peligrosos se pueden medir sin ning\u00fan problema. El nuevo procesador de alta resoluci\u00f3n permite resultados de medici\u00f3n de una precisi\u00f3n incre\u00edble. Y debido a la funci\u00f3n m\u00edn.\/m\u00e1x., puede definir sus valores l\u00edmite de temperatura seg\u00fan sus necesidades. Controlar los l\u00edmites con la ayuda de una alarma sonora y visual nunca ha sido tan f\u00e1cil.<\/p>\n<p><strong>Testo 830-T4 Caracter\u00edsticas<\/strong><\/p>\n<ul>\n<li>\u00d3ptica 30:1 para medir la temperatura a distancia, incluso en objetos peque\u00f1os<\/li>\n<li>Registro r\u00e1pido del valor de medici\u00f3n a dos mediciones por segundo<\/li>\n<li>L\u00e1ser de 2 puntos para observaci\u00f3n puntual<\/li>\n<li>Iluminaci\u00f3n de la pantalla<\/li>\n<\/ul>\n<div class=\"span10\">\n<div class=\"mhide ipad-view-setting\">\n<div class=\"row-fluid ProductTabs\">\n<div class=\"span12\">\n<div class=\"tab-content\">\n<div id=\"tab1\" class=\"product-tabs tab-pane  active\">\n<h4>testo 830-T4 especificaciones<\/h4>\n<table class=\"table table-striped\">\n<tbody>\n<tr>\n<td colspan=\"2\"><strong>Temperatura &#8211; TC Tipo K (NiCr-Ni)<\/strong><\/td>\n<\/tr>\n<tr>\n<td>Rango de medici\u00f3n<\/td>\n<td>-50 a 500\u00b0C<\/td>\n<\/tr>\n<tr>\n<td>Exactitud<\/td>\n<td>\u00b10.5\u00b0C + 0.5% de mv<\/td>\n<\/tr>\n<tr>\n<td>Resoluci\u00f3n<\/td>\n<td>0.1 \u00b0C<\/td>\n<\/tr>\n<tr>\n<td>Tasa de medici\u00f3n<\/td>\n<td>1,75 s<\/td>\n<\/tr>\n<tr>\n<td colspan=\"2\"><strong>Temperatura &#8211; Infrarrojos<\/strong><\/td>\n<\/tr>\n<tr>\n<td>Rango de medici\u00f3n<\/td>\n<td>-30 hasta +400 \u00b0C<\/td>\n<\/tr>\n<tr>\n<td>Exactitud<\/td>\n<td>\u00b11,5 \u00b0C (-20 a 0 \u00b0C) \u00b12 \u00b0C (-30 a -20,1 \u00b0C) \u00b11 \u00b0C o \u00b11 % del mv (rango restante)<\/td>\n<\/tr>\n<tr>\n<td>Resoluci\u00f3n<\/td>\n<td>0.1 \u00b0C<\/td>\n<\/tr>\n<tr>\n<td>Tasa de medici\u00f3n<\/td>\n<td>0,5 s<\/td>\n<\/tr>\n<tr>\n<td colspan=\"2\"><strong>Datos t\u00e9cnicos generales<\/strong><\/td>\n<\/tr>\n<tr>\n<td>Dimensiones<\/td>\n<td>190 x 75 x 38 mm<\/td>\n<\/tr>\n<tr>\n<td>Temperatura de funcionamiento<\/td>\n<td>-20 a 50\u00b0C<\/td>\n<\/tr>\n<tr>\n<td>Vivienda<\/td>\n<td>ABS<\/td>\n<\/tr>\n<tr>\n<td>Tipo de bater\u00eda<\/td>\n<td>Bater\u00eda de bloque de 9V<\/td>\n<\/tr>\n<tr>\n<td>Duraci\u00f3n de la bater\u00eda<\/td>\n<td>15h<\/td>\n<\/tr>\n<tr>\n<td>Temperatura de almacenamiento<\/td>\n<td>-40 a 70\u00b0C<\/td>\n<\/tr>\n<tr>\n<td>Peso<\/td>\n<td>200 g<\/td>\n<\/tr>\n<\/tbody>\n<\/table>\n<\/div>\n<\/div>\n<\/div>\n<\/div>\n<\/div>\n<\/div>\n<\/div>\n<\/div>\n<\/div>\n<\/div>\n<\/div>\n<\/div>\n","protected":false},"excerpt":{"rendered":"<p>Este set consta del testo 830-T4 con funda protectora de cuero y certificado de calibraci\u00f3n de f\u00e1brica con los puntos de medici\u00f3n +176 \u00b0C y +662 \u00b0F. Este term\u00f3metro infrarrojo universal est\u00e1 dise\u00f1ado para realizar mediciones r\u00e1pidas y precisas de la temperatura de la superficie en el \u00e1rea de HVAC\/R y la industria.<\/p>\n","protected":false},"featured_media":2703,"comment_status":"open","ping_status":"closed","template":"","meta":{"_joinchat":[]},"product_brand":[],"product_cat":[15],"product_tag":[],"class_list":{"0":"post-2700","1":"product","2":"type-product","3":"status-publish","4":"has-post-thumbnail","6":"product_cat-sin-categorizar","8":"first","9":"instock","10":"shipping-taxable","11":"product-type-simple"},"yoast_head":"<!-- This site is optimized with the Yoast SEO plugin v26.4 - https:\/\/yoast.com\/wordpress\/plugins\/seo\/ -->\n<title>kit de term\u00f3metro infrarrojo (ir) testo 830-t4 kit 30:1 conexi\u00f3n tc externa \u00f3ptica - Abaa tienda online<\/title>\n<meta name=\"robots\" content=\"index, follow, max-snippet:-1, max-image-preview:large, max-video-preview:-1\" \/>\n<link rel=\"canonical\" href=\"https:\/\/abaa.mx\/tienda\/kit-de-termometro-infrarrojo-ir-testo-830-t4-kit-301-conexion-tc-externa-optica\/\" \/>\n<meta property=\"og:locale\" content=\"es_MX\" \/>\n<meta property=\"og:type\" content=\"article\" \/>\n<meta property=\"og:title\" content=\"kit de term\u00f3metro infrarrojo (ir) testo 830-t4 kit 30:1 conexi\u00f3n tc externa \u00f3ptica - Abaa tienda online\" \/>\n<meta property=\"og:description\" content=\"Este set consta del testo 830-T4 con funda protectora de cuero y certificado de calibraci\u00f3n de f\u00e1brica con los puntos de medici\u00f3n +176 \u00b0C y +662 \u00b0F. Este term\u00f3metro infrarrojo universal est\u00e1 dise\u00f1ado para realizar mediciones r\u00e1pidas y precisas de la temperatura de la superficie en el \u00e1rea de HVAC\/R y la industria.\" \/>\n<meta property=\"og:url\" content=\"https:\/\/abaa.mx\/tienda\/kit-de-termometro-infrarrojo-ir-testo-830-t4-kit-301-conexion-tc-externa-optica\/\" \/>\n<meta property=\"og:site_name\" content=\"Abaa tienda online\" \/>\n<meta property=\"article:modified_time\" content=\"2023-11-07T02:50:30+00:00\" \/>\n<meta property=\"og:image\" content=\"https:\/\/abaa.mx\/tienda\/wp-content\/uploads\/2023\/09\/830-T4-2.jpg\" \/>\n\t<meta property=\"og:image:width\" content=\"270\" \/>\n\t<meta property=\"og:image:height\" content=\"202\" \/>\n\t<meta property=\"og:image:type\" content=\"image\/jpeg\" \/>\n<meta name=\"twitter:card\" content=\"summary_large_image\" \/>\n<meta name=\"twitter:label1\" content=\"Tiempo de lectura\" \/>\n\t<meta name=\"twitter:data1\" content=\"2 minutos\" \/>\n<script type=\"application\/ld+json\" class=\"yoast-schema-graph\">{\"@context\":\"https:\/\/schema.org\",\"@graph\":[{\"@type\":\"WebPage\",\"@id\":\"https:\/\/abaa.mx\/tienda\/kit-de-termometro-infrarrojo-ir-testo-830-t4-kit-301-conexion-tc-externa-optica\/\",\"url\":\"https:\/\/abaa.mx\/tienda\/kit-de-termometro-infrarrojo-ir-testo-830-t4-kit-301-conexion-tc-externa-optica\/\",\"name\":\"kit de term\u00f3metro infrarrojo (ir) testo 830-t4 kit 30:1 conexi\u00f3n tc externa \u00f3ptica - Abaa tienda online\",\"isPartOf\":{\"@id\":\"https:\/\/abaa.mx\/tienda\/#website\"},\"primaryImageOfPage\":{\"@id\":\"https:\/\/abaa.mx\/tienda\/kit-de-termometro-infrarrojo-ir-testo-830-t4-kit-301-conexion-tc-externa-optica\/#primaryimage\"},\"image\":{\"@id\":\"https:\/\/abaa.mx\/tienda\/kit-de-termometro-infrarrojo-ir-testo-830-t4-kit-301-conexion-tc-externa-optica\/#primaryimage\"},\"thumbnailUrl\":\"https:\/\/abaa.mx\/tienda\/wp-content\/uploads\/2023\/09\/830-T4-2.jpg\",\"datePublished\":\"2023-09-22T19:05:23+00:00\",\"dateModified\":\"2023-11-07T02:50:30+00:00\",\"breadcrumb\":{\"@id\":\"https:\/\/abaa.mx\/tienda\/kit-de-termometro-infrarrojo-ir-testo-830-t4-kit-301-conexion-tc-externa-optica\/#breadcrumb\"},\"inLanguage\":\"es\",\"potentialAction\":[{\"@type\":\"ReadAction\",\"target\":[\"https:\/\/abaa.mx\/tienda\/kit-de-termometro-infrarrojo-ir-testo-830-t4-kit-301-conexion-tc-externa-optica\/\"]}]},{\"@type\":\"ImageObject\",\"inLanguage\":\"es\",\"@id\":\"https:\/\/abaa.mx\/tienda\/kit-de-termometro-infrarrojo-ir-testo-830-t4-kit-301-conexion-tc-externa-optica\/#primaryimage\",\"url\":\"https:\/\/abaa.mx\/tienda\/wp-content\/uploads\/2023\/09\/830-T4-2.jpg\",\"contentUrl\":\"https:\/\/abaa.mx\/tienda\/wp-content\/uploads\/2023\/09\/830-T4-2.jpg\",\"width\":270,\"height\":202,\"caption\":\"830-T4 -2\"},{\"@type\":\"BreadcrumbList\",\"@id\":\"https:\/\/abaa.mx\/tienda\/kit-de-termometro-infrarrojo-ir-testo-830-t4-kit-301-conexion-tc-externa-optica\/#breadcrumb\",\"itemListElement\":[{\"@type\":\"ListItem\",\"position\":1,\"name\":\"Inicio\",\"item\":\"https:\/\/abaa.mx\/tienda\/\"},{\"@type\":\"ListItem\",\"position\":2,\"name\":\"Tienda\",\"item\":\"https:\/\/abaa.mx\/tienda\/\"},{\"@type\":\"ListItem\",\"position\":3,\"name\":\"kit de term\u00f3metro infrarrojo (ir) testo 830-t4 kit 30:1 conexi\u00f3n tc externa \u00f3ptica\"}]},{\"@type\":\"WebSite\",\"@id\":\"https:\/\/abaa.mx\/tienda\/#website\",\"url\":\"https:\/\/abaa.mx\/tienda\/\",\"name\":\"Abaa tienda online\",\"description\":\"Instrumentos de medici\u00f3n\",\"publisher\":{\"@id\":\"https:\/\/abaa.mx\/tienda\/#organization\"},\"potentialAction\":[{\"@type\":\"SearchAction\",\"target\":{\"@type\":\"EntryPoint\",\"urlTemplate\":\"https:\/\/abaa.mx\/tienda\/?s={search_term_string}\"},\"query-input\":{\"@type\":\"PropertyValueSpecification\",\"valueRequired\":true,\"valueName\":\"search_term_string\"}}],\"inLanguage\":\"es\"},{\"@type\":\"Organization\",\"@id\":\"https:\/\/abaa.mx\/tienda\/#organization\",\"name\":\"Abaa tienda online\",\"url\":\"https:\/\/abaa.mx\/tienda\/\",\"logo\":{\"@type\":\"ImageObject\",\"inLanguage\":\"es\",\"@id\":\"https:\/\/abaa.mx\/tienda\/#\/schema\/logo\/image\/\",\"url\":\"https:\/\/abaa.mx\/tienda\/wp-content\/uploads\/2024\/01\/abaa-metrologia-tienda.png\",\"contentUrl\":\"https:\/\/abaa.mx\/tienda\/wp-content\/uploads\/2024\/01\/abaa-metrologia-tienda.png\",\"width\":300,\"height\":141,\"caption\":\"Abaa tienda online\"},\"image\":{\"@id\":\"https:\/\/abaa.mx\/tienda\/#\/schema\/logo\/image\/\"}}]}<\/script>\n<!-- \/ Yoast SEO plugin. -->","yoast_head_json":{"title":"kit de term\u00f3metro infrarrojo (ir) testo 830-t4 kit 30:1 conexi\u00f3n tc externa \u00f3ptica - Abaa tienda online","robots":{"index":"index","follow":"follow","max-snippet":"max-snippet:-1","max-image-preview":"max-image-preview:large","max-video-preview":"max-video-preview:-1"},"canonical":"https:\/\/abaa.mx\/tienda\/kit-de-termometro-infrarrojo-ir-testo-830-t4-kit-301-conexion-tc-externa-optica\/","og_locale":"es_MX","og_type":"article","og_title":"kit de term\u00f3metro infrarrojo (ir) testo 830-t4 kit 30:1 conexi\u00f3n tc externa \u00f3ptica - Abaa tienda online","og_description":"Este set consta del testo 830-T4 con funda protectora de cuero y certificado de calibraci\u00f3n de f\u00e1brica con los puntos de medici\u00f3n +176 \u00b0C y +662 \u00b0F. Este term\u00f3metro infrarrojo universal est\u00e1 dise\u00f1ado para realizar mediciones r\u00e1pidas y precisas de la temperatura de la superficie en el \u00e1rea de HVAC\/R y la industria.","og_url":"https:\/\/abaa.mx\/tienda\/kit-de-termometro-infrarrojo-ir-testo-830-t4-kit-301-conexion-tc-externa-optica\/","og_site_name":"Abaa tienda online","article_modified_time":"2023-11-07T02:50:30+00:00","og_image":[{"width":270,"height":202,"url":"https:\/\/abaa.mx\/tienda\/wp-content\/uploads\/2023\/09\/830-T4-2.jpg","type":"image\/jpeg"}],"twitter_card":"summary_large_image","twitter_misc":{"Tiempo de lectura":"2 minutos"},"schema":{"@context":"https:\/\/schema.org","@graph":[{"@type":"WebPage","@id":"https:\/\/abaa.mx\/tienda\/kit-de-termometro-infrarrojo-ir-testo-830-t4-kit-301-conexion-tc-externa-optica\/","url":"https:\/\/abaa.mx\/tienda\/kit-de-termometro-infrarrojo-ir-testo-830-t4-kit-301-conexion-tc-externa-optica\/","name":"kit de term\u00f3metro infrarrojo (ir) testo 830-t4 kit 30:1 conexi\u00f3n tc externa \u00f3ptica - Abaa tienda online","isPartOf":{"@id":"https:\/\/abaa.mx\/tienda\/#website"},"primaryImageOfPage":{"@id":"https:\/\/abaa.mx\/tienda\/kit-de-termometro-infrarrojo-ir-testo-830-t4-kit-301-conexion-tc-externa-optica\/#primaryimage"},"image":{"@id":"https:\/\/abaa.mx\/tienda\/kit-de-termometro-infrarrojo-ir-testo-830-t4-kit-301-conexion-tc-externa-optica\/#primaryimage"},"thumbnailUrl":"https:\/\/abaa.mx\/tienda\/wp-content\/uploads\/2023\/09\/830-T4-2.jpg","datePublished":"2023-09-22T19:05:23+00:00","dateModified":"2023-11-07T02:50:30+00:00","breadcrumb":{"@id":"https:\/\/abaa.mx\/tienda\/kit-de-termometro-infrarrojo-ir-testo-830-t4-kit-301-conexion-tc-externa-optica\/#breadcrumb"},"inLanguage":"es","potentialAction":[{"@type":"ReadAction","target":["https:\/\/abaa.mx\/tienda\/kit-de-termometro-infrarrojo-ir-testo-830-t4-kit-301-conexion-tc-externa-optica\/"]}]},{"@type":"ImageObject","inLanguage":"es","@id":"https:\/\/abaa.mx\/tienda\/kit-de-termometro-infrarrojo-ir-testo-830-t4-kit-301-conexion-tc-externa-optica\/#primaryimage","url":"https:\/\/abaa.mx\/tienda\/wp-content\/uploads\/2023\/09\/830-T4-2.jpg","contentUrl":"https:\/\/abaa.mx\/tienda\/wp-content\/uploads\/2023\/09\/830-T4-2.jpg","width":270,"height":202,"caption":"830-T4 -2"},{"@type":"BreadcrumbList","@id":"https:\/\/abaa.mx\/tienda\/kit-de-termometro-infrarrojo-ir-testo-830-t4-kit-301-conexion-tc-externa-optica\/#breadcrumb","itemListElement":[{"@type":"ListItem","position":1,"name":"Inicio","item":"https:\/\/abaa.mx\/tienda\/"},{"@type":"ListItem","position":2,"name":"Tienda","item":"https:\/\/abaa.mx\/tienda\/"},{"@type":"ListItem","position":3,"name":"kit de term\u00f3metro infrarrojo (ir) testo 830-t4 kit 30:1 conexi\u00f3n tc externa \u00f3ptica"}]},{"@type":"WebSite","@id":"https:\/\/abaa.mx\/tienda\/#website","url":"https:\/\/abaa.mx\/tienda\/","name":"Abaa tienda online","description":"Instrumentos de medici\u00f3n","publisher":{"@id":"https:\/\/abaa.mx\/tienda\/#organization"},"potentialAction":[{"@type":"SearchAction","target":{"@type":"EntryPoint","urlTemplate":"https:\/\/abaa.mx\/tienda\/?s={search_term_string}"},"query-input":{"@type":"PropertyValueSpecification","valueRequired":true,"valueName":"search_term_string"}}],"inLanguage":"es"},{"@type":"Organization","@id":"https:\/\/abaa.mx\/tienda\/#organization","name":"Abaa tienda online","url":"https:\/\/abaa.mx\/tienda\/","logo":{"@type":"ImageObject","inLanguage":"es","@id":"https:\/\/abaa.mx\/tienda\/#\/schema\/logo\/image\/","url":"https:\/\/abaa.mx\/tienda\/wp-content\/uploads\/2024\/01\/abaa-metrologia-tienda.png","contentUrl":"https:\/\/abaa.mx\/tienda\/wp-content\/uploads\/2024\/01\/abaa-metrologia-tienda.png","width":300,"height":141,"caption":"Abaa tienda online"},"image":{"@id":"https:\/\/abaa.mx\/tienda\/#\/schema\/logo\/image\/"}}]}},"_links":{"self":[{"href":"https:\/\/abaa.mx\/tienda\/wp-json\/wp\/v2\/product\/2700","targetHints":{"allow":["GET"]}}],"collection":[{"href":"https:\/\/abaa.mx\/tienda\/wp-json\/wp\/v2\/product"}],"about":[{"href":"https:\/\/abaa.mx\/tienda\/wp-json\/wp\/v2\/types\/product"}],"replies":[{"embeddable":true,"href":"https:\/\/abaa.mx\/tienda\/wp-json\/wp\/v2\/comments?post=2700"}],"wp:featuredmedia":[{"embeddable":true,"href":"https:\/\/abaa.mx\/tienda\/wp-json\/wp\/v2\/media\/2703"}],"wp:attachment":[{"href":"https:\/\/abaa.mx\/tienda\/wp-json\/wp\/v2\/media?parent=2700"}],"wp:term":[{"taxonomy":"product_brand","embeddable":true,"href":"https:\/\/abaa.mx\/tienda\/wp-json\/wp\/v2\/product_brand?post=2700"},{"taxonomy":"product_cat","embeddable":true,"href":"https:\/\/abaa.mx\/tienda\/wp-json\/wp\/v2\/product_cat?post=2700"},{"taxonomy":"product_tag","embeddable":true,"href":"https:\/\/abaa.mx\/tienda\/wp-json\/wp\/v2\/product_tag?post=2700"}],"curies":[{"name":"wp","href":"https:\/\/api.w.org\/{rel}","templated":true}]}}