{"id":2698,"date":"2023-09-22T17:58:30","date_gmt":"2023-09-22T17:58:30","guid":{"rendered":"https:\/\/abaa.mx\/tienda\/?post_type=product&#038;p=2698"},"modified":"2023-09-22T17:58:31","modified_gmt":"2023-09-22T17:58:31","slug":"kit-de-termometro-infrarrojo-testo-830-t2-kit-121-optica-conexion-tc-externa","status":"publish","type":"product","link":"https:\/\/abaa.mx\/tienda\/kit-de-termometro-infrarrojo-testo-830-t2-kit-121-optica-conexion-tc-externa\/","title":{"rendered":"kit de term\u00f3metro infrarrojo testo 830-t2 kit 12:1 \u00f3ptica conexi\u00f3n tc externa"},"content":{"rendered":"<p>Este set consta del term\u00f3metro testo 830-T2 con mira l\u00e1ser de 2 puntos, sonda de superficie de acci\u00f3n r\u00e1pida para mediciones de contacto y estuche de protecci\u00f3n de cuero.<\/p>\n<p><strong>Testo 830-T4 Caracter\u00edsticas<\/strong><\/p>\n<ul>\n<li>Mediciones a\u00fan m\u00e1s precisas gracias al nuevo procesador<\/li>\n<li>Control mejorado de los valores l\u00edmite gracias a la funci\u00f3n m\u00edn.\/m\u00e1x.<\/li>\n<li>Mira l\u00e1ser de 2 puntos con \u00f3ptica 12:1<\/li>\n<li>Factor de emisi\u00f3n ajustable de 0,1 a 1,0<\/li>\n<\/ul>\n","protected":false},"excerpt":{"rendered":"<p>Este set consta del term\u00f3metro testo 830-T2 con mira l\u00e1ser de 2 puntos, sonda de superficie de acci\u00f3n r\u00e1pida para mediciones de contacto y estuche de protecci\u00f3n de cuero.<\/p>\n","protected":false},"featured_media":2699,"comment_status":"open","ping_status":"closed","template":"","meta":{"_joinchat":[]},"product_brand":[],"product_cat":[15],"product_tag":[],"class_list":{"0":"post-2698","1":"product","2":"type-product","3":"status-publish","4":"has-post-thumbnail","6":"product_cat-sin-categorizar","8":"first","9":"instock","10":"shipping-taxable","11":"product-type-simple"},"yoast_head":"<!-- This site is optimized with the Yoast SEO plugin v26.4 - https:\/\/yoast.com\/wordpress\/plugins\/seo\/ -->\n<title>kit de term\u00f3metro infrarrojo testo 830-t2 kit 12:1 \u00f3ptica conexi\u00f3n tc externa - Abaa tienda online<\/title>\n<meta name=\"robots\" content=\"index, follow, max-snippet:-1, max-image-preview:large, max-video-preview:-1\" \/>\n<link rel=\"canonical\" href=\"https:\/\/abaa.mx\/tienda\/kit-de-termometro-infrarrojo-testo-830-t2-kit-121-optica-conexion-tc-externa\/\" \/>\n<meta property=\"og:locale\" content=\"es_MX\" \/>\n<meta property=\"og:type\" content=\"article\" \/>\n<meta property=\"og:title\" content=\"kit de term\u00f3metro infrarrojo testo 830-t2 kit 12:1 \u00f3ptica conexi\u00f3n tc externa - Abaa tienda online\" \/>\n<meta property=\"og:description\" content=\"Este set consta del term\u00f3metro testo 830-T2 con mira l\u00e1ser de 2 puntos, sonda de superficie de acci\u00f3n r\u00e1pida para mediciones de contacto y estuche de protecci\u00f3n de cuero.\" \/>\n<meta property=\"og:url\" content=\"https:\/\/abaa.mx\/tienda\/kit-de-termometro-infrarrojo-testo-830-t2-kit-121-optica-conexion-tc-externa\/\" \/>\n<meta property=\"og:site_name\" content=\"Abaa tienda online\" \/>\n<meta property=\"article:modified_time\" content=\"2023-09-22T17:58:31+00:00\" \/>\n<meta property=\"og:image\" content=\"https:\/\/abaa.mx\/tienda\/wp-content\/uploads\/2023\/09\/830-T2-2.jpg\" \/>\n\t<meta property=\"og:image:width\" content=\"270\" \/>\n\t<meta property=\"og:image:height\" content=\"270\" \/>\n\t<meta property=\"og:image:type\" content=\"image\/jpeg\" \/>\n<meta name=\"twitter:card\" content=\"summary_large_image\" \/>\n<meta name=\"twitter:label1\" content=\"Tiempo de lectura\" \/>\n\t<meta name=\"twitter:data1\" content=\"1 minuto\" \/>\n<script type=\"application\/ld+json\" class=\"yoast-schema-graph\">{\"@context\":\"https:\/\/schema.org\",\"@graph\":[{\"@type\":\"WebPage\",\"@id\":\"https:\/\/abaa.mx\/tienda\/kit-de-termometro-infrarrojo-testo-830-t2-kit-121-optica-conexion-tc-externa\/\",\"url\":\"https:\/\/abaa.mx\/tienda\/kit-de-termometro-infrarrojo-testo-830-t2-kit-121-optica-conexion-tc-externa\/\",\"name\":\"kit de term\u00f3metro infrarrojo testo 830-t2 kit 12:1 \u00f3ptica conexi\u00f3n tc externa - Abaa tienda online\",\"isPartOf\":{\"@id\":\"https:\/\/abaa.mx\/tienda\/#website\"},\"primaryImageOfPage\":{\"@id\":\"https:\/\/abaa.mx\/tienda\/kit-de-termometro-infrarrojo-testo-830-t2-kit-121-optica-conexion-tc-externa\/#primaryimage\"},\"image\":{\"@id\":\"https:\/\/abaa.mx\/tienda\/kit-de-termometro-infrarrojo-testo-830-t2-kit-121-optica-conexion-tc-externa\/#primaryimage\"},\"thumbnailUrl\":\"https:\/\/abaa.mx\/tienda\/wp-content\/uploads\/2023\/09\/830-T2-2.jpg\",\"datePublished\":\"2023-09-22T17:58:30+00:00\",\"dateModified\":\"2023-09-22T17:58:31+00:00\",\"breadcrumb\":{\"@id\":\"https:\/\/abaa.mx\/tienda\/kit-de-termometro-infrarrojo-testo-830-t2-kit-121-optica-conexion-tc-externa\/#breadcrumb\"},\"inLanguage\":\"es\",\"potentialAction\":[{\"@type\":\"ReadAction\",\"target\":[\"https:\/\/abaa.mx\/tienda\/kit-de-termometro-infrarrojo-testo-830-t2-kit-121-optica-conexion-tc-externa\/\"]}]},{\"@type\":\"ImageObject\",\"inLanguage\":\"es\",\"@id\":\"https:\/\/abaa.mx\/tienda\/kit-de-termometro-infrarrojo-testo-830-t2-kit-121-optica-conexion-tc-externa\/#primaryimage\",\"url\":\"https:\/\/abaa.mx\/tienda\/wp-content\/uploads\/2023\/09\/830-T2-2.jpg\",\"contentUrl\":\"https:\/\/abaa.mx\/tienda\/wp-content\/uploads\/2023\/09\/830-T2-2.jpg\",\"width\":270,\"height\":270,\"caption\":\"830-T2-2\"},{\"@type\":\"BreadcrumbList\",\"@id\":\"https:\/\/abaa.mx\/tienda\/kit-de-termometro-infrarrojo-testo-830-t2-kit-121-optica-conexion-tc-externa\/#breadcrumb\",\"itemListElement\":[{\"@type\":\"ListItem\",\"position\":1,\"name\":\"Inicio\",\"item\":\"https:\/\/abaa.mx\/tienda\/\"},{\"@type\":\"ListItem\",\"position\":2,\"name\":\"Tienda\",\"item\":\"https:\/\/abaa.mx\/tienda\/\"},{\"@type\":\"ListItem\",\"position\":3,\"name\":\"kit de term\u00f3metro infrarrojo testo 830-t2 kit 12:1 \u00f3ptica conexi\u00f3n tc externa\"}]},{\"@type\":\"WebSite\",\"@id\":\"https:\/\/abaa.mx\/tienda\/#website\",\"url\":\"https:\/\/abaa.mx\/tienda\/\",\"name\":\"Abaa tienda online\",\"description\":\"Instrumentos de medici\u00f3n\",\"publisher\":{\"@id\":\"https:\/\/abaa.mx\/tienda\/#organization\"},\"potentialAction\":[{\"@type\":\"SearchAction\",\"target\":{\"@type\":\"EntryPoint\",\"urlTemplate\":\"https:\/\/abaa.mx\/tienda\/?s={search_term_string}\"},\"query-input\":{\"@type\":\"PropertyValueSpecification\",\"valueRequired\":true,\"valueName\":\"search_term_string\"}}],\"inLanguage\":\"es\"},{\"@type\":\"Organization\",\"@id\":\"https:\/\/abaa.mx\/tienda\/#organization\",\"name\":\"Abaa tienda online\",\"url\":\"https:\/\/abaa.mx\/tienda\/\",\"logo\":{\"@type\":\"ImageObject\",\"inLanguage\":\"es\",\"@id\":\"https:\/\/abaa.mx\/tienda\/#\/schema\/logo\/image\/\",\"url\":\"https:\/\/abaa.mx\/tienda\/wp-content\/uploads\/2024\/01\/abaa-metrologia-tienda.png\",\"contentUrl\":\"https:\/\/abaa.mx\/tienda\/wp-content\/uploads\/2024\/01\/abaa-metrologia-tienda.png\",\"width\":300,\"height\":141,\"caption\":\"Abaa tienda online\"},\"image\":{\"@id\":\"https:\/\/abaa.mx\/tienda\/#\/schema\/logo\/image\/\"}}]}<\/script>\n<!-- \/ Yoast SEO plugin. -->","yoast_head_json":{"title":"kit de term\u00f3metro infrarrojo testo 830-t2 kit 12:1 \u00f3ptica conexi\u00f3n tc externa - Abaa tienda online","robots":{"index":"index","follow":"follow","max-snippet":"max-snippet:-1","max-image-preview":"max-image-preview:large","max-video-preview":"max-video-preview:-1"},"canonical":"https:\/\/abaa.mx\/tienda\/kit-de-termometro-infrarrojo-testo-830-t2-kit-121-optica-conexion-tc-externa\/","og_locale":"es_MX","og_type":"article","og_title":"kit de term\u00f3metro infrarrojo testo 830-t2 kit 12:1 \u00f3ptica conexi\u00f3n tc externa - Abaa tienda online","og_description":"Este set consta del term\u00f3metro testo 830-T2 con mira l\u00e1ser de 2 puntos, sonda de superficie de acci\u00f3n r\u00e1pida para mediciones de contacto y estuche de protecci\u00f3n de cuero.","og_url":"https:\/\/abaa.mx\/tienda\/kit-de-termometro-infrarrojo-testo-830-t2-kit-121-optica-conexion-tc-externa\/","og_site_name":"Abaa tienda online","article_modified_time":"2023-09-22T17:58:31+00:00","og_image":[{"width":270,"height":270,"url":"https:\/\/abaa.mx\/tienda\/wp-content\/uploads\/2023\/09\/830-T2-2.jpg","type":"image\/jpeg"}],"twitter_card":"summary_large_image","twitter_misc":{"Tiempo de lectura":"1 minuto"},"schema":{"@context":"https:\/\/schema.org","@graph":[{"@type":"WebPage","@id":"https:\/\/abaa.mx\/tienda\/kit-de-termometro-infrarrojo-testo-830-t2-kit-121-optica-conexion-tc-externa\/","url":"https:\/\/abaa.mx\/tienda\/kit-de-termometro-infrarrojo-testo-830-t2-kit-121-optica-conexion-tc-externa\/","name":"kit de term\u00f3metro infrarrojo testo 830-t2 kit 12:1 \u00f3ptica conexi\u00f3n tc externa - Abaa tienda online","isPartOf":{"@id":"https:\/\/abaa.mx\/tienda\/#website"},"primaryImageOfPage":{"@id":"https:\/\/abaa.mx\/tienda\/kit-de-termometro-infrarrojo-testo-830-t2-kit-121-optica-conexion-tc-externa\/#primaryimage"},"image":{"@id":"https:\/\/abaa.mx\/tienda\/kit-de-termometro-infrarrojo-testo-830-t2-kit-121-optica-conexion-tc-externa\/#primaryimage"},"thumbnailUrl":"https:\/\/abaa.mx\/tienda\/wp-content\/uploads\/2023\/09\/830-T2-2.jpg","datePublished":"2023-09-22T17:58:30+00:00","dateModified":"2023-09-22T17:58:31+00:00","breadcrumb":{"@id":"https:\/\/abaa.mx\/tienda\/kit-de-termometro-infrarrojo-testo-830-t2-kit-121-optica-conexion-tc-externa\/#breadcrumb"},"inLanguage":"es","potentialAction":[{"@type":"ReadAction","target":["https:\/\/abaa.mx\/tienda\/kit-de-termometro-infrarrojo-testo-830-t2-kit-121-optica-conexion-tc-externa\/"]}]},{"@type":"ImageObject","inLanguage":"es","@id":"https:\/\/abaa.mx\/tienda\/kit-de-termometro-infrarrojo-testo-830-t2-kit-121-optica-conexion-tc-externa\/#primaryimage","url":"https:\/\/abaa.mx\/tienda\/wp-content\/uploads\/2023\/09\/830-T2-2.jpg","contentUrl":"https:\/\/abaa.mx\/tienda\/wp-content\/uploads\/2023\/09\/830-T2-2.jpg","width":270,"height":270,"caption":"830-T2-2"},{"@type":"BreadcrumbList","@id":"https:\/\/abaa.mx\/tienda\/kit-de-termometro-infrarrojo-testo-830-t2-kit-121-optica-conexion-tc-externa\/#breadcrumb","itemListElement":[{"@type":"ListItem","position":1,"name":"Inicio","item":"https:\/\/abaa.mx\/tienda\/"},{"@type":"ListItem","position":2,"name":"Tienda","item":"https:\/\/abaa.mx\/tienda\/"},{"@type":"ListItem","position":3,"name":"kit de term\u00f3metro infrarrojo testo 830-t2 kit 12:1 \u00f3ptica conexi\u00f3n tc externa"}]},{"@type":"WebSite","@id":"https:\/\/abaa.mx\/tienda\/#website","url":"https:\/\/abaa.mx\/tienda\/","name":"Abaa tienda online","description":"Instrumentos de medici\u00f3n","publisher":{"@id":"https:\/\/abaa.mx\/tienda\/#organization"},"potentialAction":[{"@type":"SearchAction","target":{"@type":"EntryPoint","urlTemplate":"https:\/\/abaa.mx\/tienda\/?s={search_term_string}"},"query-input":{"@type":"PropertyValueSpecification","valueRequired":true,"valueName":"search_term_string"}}],"inLanguage":"es"},{"@type":"Organization","@id":"https:\/\/abaa.mx\/tienda\/#organization","name":"Abaa tienda online","url":"https:\/\/abaa.mx\/tienda\/","logo":{"@type":"ImageObject","inLanguage":"es","@id":"https:\/\/abaa.mx\/tienda\/#\/schema\/logo\/image\/","url":"https:\/\/abaa.mx\/tienda\/wp-content\/uploads\/2024\/01\/abaa-metrologia-tienda.png","contentUrl":"https:\/\/abaa.mx\/tienda\/wp-content\/uploads\/2024\/01\/abaa-metrologia-tienda.png","width":300,"height":141,"caption":"Abaa tienda online"},"image":{"@id":"https:\/\/abaa.mx\/tienda\/#\/schema\/logo\/image\/"}}]}},"_links":{"self":[{"href":"https:\/\/abaa.mx\/tienda\/wp-json\/wp\/v2\/product\/2698","targetHints":{"allow":["GET"]}}],"collection":[{"href":"https:\/\/abaa.mx\/tienda\/wp-json\/wp\/v2\/product"}],"about":[{"href":"https:\/\/abaa.mx\/tienda\/wp-json\/wp\/v2\/types\/product"}],"replies":[{"embeddable":true,"href":"https:\/\/abaa.mx\/tienda\/wp-json\/wp\/v2\/comments?post=2698"}],"wp:featuredmedia":[{"embeddable":true,"href":"https:\/\/abaa.mx\/tienda\/wp-json\/wp\/v2\/media\/2699"}],"wp:attachment":[{"href":"https:\/\/abaa.mx\/tienda\/wp-json\/wp\/v2\/media?parent=2698"}],"wp:term":[{"taxonomy":"product_brand","embeddable":true,"href":"https:\/\/abaa.mx\/tienda\/wp-json\/wp\/v2\/product_brand?post=2698"},{"taxonomy":"product_cat","embeddable":true,"href":"https:\/\/abaa.mx\/tienda\/wp-json\/wp\/v2\/product_cat?post=2698"},{"taxonomy":"product_tag","embeddable":true,"href":"https:\/\/abaa.mx\/tienda\/wp-json\/wp\/v2\/product_tag?post=2698"}],"curies":[{"name":"wp","href":"https:\/\/api.w.org\/{rel}","templated":true}]}}