{"id":2695,"date":"2023-09-22T17:57:06","date_gmt":"2023-09-22T17:57:06","guid":{"rendered":"https:\/\/abaa.mx\/tienda\/?post_type=product&#038;p=2695"},"modified":"2023-09-22T17:57:06","modified_gmt":"2023-09-22T17:57:06","slug":"termometro-infrarrojo-testo-830-t2-con-marcado-laser-de-dos-puntos-121","status":"publish","type":"product","link":"https:\/\/abaa.mx\/tienda\/termometro-infrarrojo-testo-830-t2-con-marcado-laser-de-dos-puntos-121\/","title":{"rendered":"term\u00f3metro infrarrojo testo 830-t2 con marcado l\u00e1ser de dos puntos, 12:1"},"content":{"rendered":"<p><strong>Funciones<\/strong><\/p>\n<ul>\n<li>Term\u00f3metro infrarrojo para mediciones de temperatura superficial sin contacto<\/li>\n<li>\u00d3ptica 12:1 y procesador de alta resoluci\u00f3n para obtener resultados de medici\u00f3n precisos<\/li>\n<li>Medici\u00f3n de contacto posible con sonda de temperatura conectable (TC tipo K)<\/li>\n<li>Nivel de emisi\u00f3n ajustable<\/li>\n<li>Procesador de alta resoluci\u00f3n para una m\u00e1xima precisi\u00f3n (resoluci\u00f3n 0,1 \u00b0C)<\/li>\n<li>Term\u00f3metro IR con marcador puntual de medici\u00f3n l\u00e1ser de 2 puntos para apuntar al punto de medici\u00f3n<\/li>\n<li>Dos valores l\u00edmite de alarma que se pueden definir seg\u00fan sea necesario<\/li>\n<li>Alarma visual y ac\u00fastica si se supera el valor l\u00edmite<\/li>\n<li>Funci\u00f3n de visualizaci\u00f3n y retenci\u00f3n del valor m\u00ednimo\/m\u00e1x. (para registrar un valor medido)<\/li>\n<li>C\u00f3moda operaci\u00f3n con una sola mano, gracias al dise\u00f1o ergon\u00f3mico de estilo pistola<\/li>\n<li>Pantalla digital clara e iluminada<\/li>\n<\/ul>\n<p><strong>Aplicaciones<\/strong><\/p>\n<ul>\n<li>HVAC\/R<\/li>\n<li>Almacenamiento refrigerado<\/li>\n<li>Transporte de productos farmac\u00e9uticos<\/li>\n<li>Servicio de alimentaci\u00f3n<\/li>\n<li>Control aleatorio de productos perecederos<\/li>\n<\/ul>\n<h4>Testo 830-T2 Especificaciones<\/h4>\n<table class=\"table table-striped\">\n<tbody>\n<tr>\n<td colspan=\"2\"><strong>Temperatura &#8211; Tipo K TC<\/strong><\/td>\n<\/tr>\n<tr>\n<td>Rango de medici\u00f3n<\/td>\n<td>-58 a 932\u00b0F (-50 a 500\u00b0C)<\/td>\n<\/tr>\n<tr>\n<td>Exactitud<\/td>\n<td>\u00b10.9\u00b0F + 0.5% del v.m. (\u00b10.5\u00b0C + 0.5% del mv)<\/td>\n<\/tr>\n<tr>\n<td>Resoluci\u00f3n<\/td>\n<td>0.1\u00b0F (0.1\u00b0C)<\/td>\n<\/tr>\n<tr>\n<td>Tasa de medici\u00f3n<\/td>\n<td>1,75 segundos<\/td>\n<\/tr>\n<tr>\n<td colspan=\"2\"><strong>Temperatura &#8211; Infrarrojos<\/strong><\/td>\n<\/tr>\n<tr>\n<td>Rango de medici\u00f3n<\/td>\n<td>-22 a 752\u00b0F (-30 a 400\u00b0C)<\/td>\n<\/tr>\n<tr>\n<td>Exactitud<\/td>\n<td>\u00b12.7 \u00b0 F o \u00b1 1.5 % de mv (32.2 a 752 \u00b0 F) \/ \u00b1 1.5 \u00b0 C o \u00b1 1.5% de mv (0.1 a 400 \u00b0 C) \u00b1 3.6 \u00b0 F o \u00b12% de mv (-22 a 32 \u00b0 F) (se aplica el valor m\u00e1s alto) \/ \u00b12 \u00b0 C o \u00b12% de mv (-30 a 0 \u00b0 C) (se aplica el valor m\u00e1s alto)<\/td>\n<\/tr>\n<tr>\n<td>Tasa de medici\u00f3n<\/td>\n<td>0,5 segundos<\/td>\n<\/tr>\n<tr>\n<td>Resoluci\u00f3n infrarroja<\/td>\n<td>0.1\u00b0F (0.1\u00b0C)<\/td>\n<\/tr>\n<tr>\n<td colspan=\"2\"><strong>Especificaciones generales<\/strong><\/td>\n<\/tr>\n<tr>\n<td>Temperatura de funcionamiento<\/td>\n<td>-4 a 122\u00b0F (-20 a 50\u00b0C)<\/td>\n<\/tr>\n<tr>\n<td>Temperatura de almacenamiento<\/td>\n<td>-40 a 158\u00b0F (-40 a 70\u00b0C)<\/td>\n<\/tr>\n<tr>\n<td>Bater\u00eda<\/td>\n<td>Tipo: bater\u00eda<br \/>\nde bloque de 9 V Duraci\u00f3n: 15 horas<\/td>\n<\/tr>\n<tr>\n<td>Vivienda<\/td>\n<td>ABS<\/td>\n<\/tr>\n<tr>\n<td>Dimensiones<\/td>\n<td>7 x 3 x 1&#8243; (190 x 75 x 38 mm)<\/td>\n<\/tr>\n<tr>\n<td>Peso<\/td>\n<td>7 onzas (200 g)<\/td>\n<\/tr>\n<\/tbody>\n<\/table>\n","protected":false},"excerpt":{"rendered":"<p><strong>Funciones<\/strong><\/p>\n<ul>\n<li>Term\u00f3metro infrarrojo para mediciones de temperatura superficial sin contacto<\/li>\n<li>\u00d3ptica 12:1 y procesador de alta resoluci\u00f3n para obtener resultados de medici\u00f3n precisos<\/li>\n<li>Medici\u00f3n de contacto posible con sonda de temperatura conectable (TC tipo K)<\/li>\n<li>Nivel de emisi\u00f3n ajustable<\/li>\n<li>Procesador de alta resoluci\u00f3n para una m\u00e1xima precisi\u00f3n (resoluci\u00f3n 0,1 \u00b0C)<\/li>\n<li>Term\u00f3metro IR con marcador puntual de medici\u00f3n l\u00e1ser de 2 puntos para apuntar al punto de medici\u00f3n<\/li>\n<li>Dos valores l\u00edmite de alarma que se pueden definir seg\u00fan sea necesario<\/li>\n<li>Alarma visual y ac\u00fastica si se supera el valor l\u00edmite<\/li>\n<li>Funci\u00f3n de visualizaci\u00f3n y retenci\u00f3n del valor m\u00ednimo\/m\u00e1x. (para registrar un valor medido)<\/li>\n<li>C\u00f3moda operaci\u00f3n con una sola mano, gracias al dise\u00f1o ergon\u00f3mico de estilo pistola<\/li>\n<li>Pantalla digital clara e iluminada<\/li>\n<\/ul>\n","protected":false},"featured_media":2697,"comment_status":"open","ping_status":"closed","template":"","meta":{"_joinchat":[]},"product_brand":[],"product_cat":[15],"product_tag":[],"class_list":{"0":"post-2695","1":"product","2":"type-product","3":"status-publish","4":"has-post-thumbnail","6":"product_cat-sin-categorizar","8":"first","9":"instock","10":"shipping-taxable","11":"product-type-simple"},"yoast_head":"<!-- This site is optimized with the Yoast SEO plugin v26.4 - https:\/\/yoast.com\/wordpress\/plugins\/seo\/ -->\n<title>term\u00f3metro infrarrojo testo 830-t2 con marcado l\u00e1ser de dos puntos, 12:1 - Abaa tienda online<\/title>\n<meta name=\"robots\" content=\"index, follow, max-snippet:-1, max-image-preview:large, max-video-preview:-1\" \/>\n<link rel=\"canonical\" href=\"https:\/\/abaa.mx\/tienda\/termometro-infrarrojo-testo-830-t2-con-marcado-laser-de-dos-puntos-121\/\" \/>\n<meta property=\"og:locale\" content=\"es_MX\" \/>\n<meta property=\"og:type\" content=\"article\" \/>\n<meta property=\"og:title\" content=\"term\u00f3metro infrarrojo testo 830-t2 con marcado l\u00e1ser de dos puntos, 12:1 - Abaa tienda online\" \/>\n<meta property=\"og:description\" content=\"Funciones   Term\u00f3metro infrarrojo para mediciones de temperatura superficial sin contacto  \u00d3ptica 12:1 y procesador de alta resoluci\u00f3n para obtener resultados de medici\u00f3n precisos  Medici\u00f3n de contacto posible con sonda de temperatura conectable (TC tipo K)  Nivel de emisi\u00f3n ajustable  Procesador de alta resoluci\u00f3n para una m\u00e1xima precisi\u00f3n (resoluci\u00f3n 0,1 \u00b0C)  Term\u00f3metro IR con marcador puntual de medici\u00f3n l\u00e1ser de 2 puntos para apuntar al punto de medici\u00f3n  Dos valores l\u00edmite de alarma que se pueden definir seg\u00fan sea necesario  Alarma visual y ac\u00fastica si se supera el valor l\u00edmite  Funci\u00f3n de visualizaci\u00f3n y retenci\u00f3n del valor m\u00ednimo\/m\u00e1x. (para registrar un valor medido)  C\u00f3moda operaci\u00f3n con una sola mano, gracias al dise\u00f1o ergon\u00f3mico de estilo pistola  Pantalla digital clara e iluminada\" \/>\n<meta property=\"og:url\" content=\"https:\/\/abaa.mx\/tienda\/termometro-infrarrojo-testo-830-t2-con-marcado-laser-de-dos-puntos-121\/\" \/>\n<meta property=\"og:site_name\" content=\"Abaa tienda online\" \/>\n<meta property=\"og:image\" content=\"https:\/\/abaa.mx\/tienda\/wp-content\/uploads\/2023\/09\/830-T2.jpg\" \/>\n\t<meta property=\"og:image:width\" content=\"270\" \/>\n\t<meta property=\"og:image:height\" content=\"405\" \/>\n\t<meta property=\"og:image:type\" content=\"image\/jpeg\" \/>\n<meta name=\"twitter:card\" content=\"summary_large_image\" \/>\n<meta name=\"twitter:label1\" content=\"Tiempo de lectura\" \/>\n\t<meta name=\"twitter:data1\" content=\"2 minutos\" \/>\n<script type=\"application\/ld+json\" class=\"yoast-schema-graph\">{\"@context\":\"https:\/\/schema.org\",\"@graph\":[{\"@type\":\"WebPage\",\"@id\":\"https:\/\/abaa.mx\/tienda\/termometro-infrarrojo-testo-830-t2-con-marcado-laser-de-dos-puntos-121\/\",\"url\":\"https:\/\/abaa.mx\/tienda\/termometro-infrarrojo-testo-830-t2-con-marcado-laser-de-dos-puntos-121\/\",\"name\":\"term\u00f3metro infrarrojo testo 830-t2 con marcado l\u00e1ser de dos puntos, 12:1 - Abaa tienda online\",\"isPartOf\":{\"@id\":\"https:\/\/abaa.mx\/tienda\/#website\"},\"primaryImageOfPage\":{\"@id\":\"https:\/\/abaa.mx\/tienda\/termometro-infrarrojo-testo-830-t2-con-marcado-laser-de-dos-puntos-121\/#primaryimage\"},\"image\":{\"@id\":\"https:\/\/abaa.mx\/tienda\/termometro-infrarrojo-testo-830-t2-con-marcado-laser-de-dos-puntos-121\/#primaryimage\"},\"thumbnailUrl\":\"https:\/\/abaa.mx\/tienda\/wp-content\/uploads\/2023\/09\/830-T2.jpg\",\"datePublished\":\"2023-09-22T17:57:06+00:00\",\"breadcrumb\":{\"@id\":\"https:\/\/abaa.mx\/tienda\/termometro-infrarrojo-testo-830-t2-con-marcado-laser-de-dos-puntos-121\/#breadcrumb\"},\"inLanguage\":\"es\",\"potentialAction\":[{\"@type\":\"ReadAction\",\"target\":[\"https:\/\/abaa.mx\/tienda\/termometro-infrarrojo-testo-830-t2-con-marcado-laser-de-dos-puntos-121\/\"]}]},{\"@type\":\"ImageObject\",\"inLanguage\":\"es\",\"@id\":\"https:\/\/abaa.mx\/tienda\/termometro-infrarrojo-testo-830-t2-con-marcado-laser-de-dos-puntos-121\/#primaryimage\",\"url\":\"https:\/\/abaa.mx\/tienda\/wp-content\/uploads\/2023\/09\/830-T2.jpg\",\"contentUrl\":\"https:\/\/abaa.mx\/tienda\/wp-content\/uploads\/2023\/09\/830-T2.jpg\",\"width\":270,\"height\":405,\"caption\":\"830-T2\"},{\"@type\":\"BreadcrumbList\",\"@id\":\"https:\/\/abaa.mx\/tienda\/termometro-infrarrojo-testo-830-t2-con-marcado-laser-de-dos-puntos-121\/#breadcrumb\",\"itemListElement\":[{\"@type\":\"ListItem\",\"position\":1,\"name\":\"Inicio\",\"item\":\"https:\/\/abaa.mx\/tienda\/\"},{\"@type\":\"ListItem\",\"position\":2,\"name\":\"Tienda\",\"item\":\"https:\/\/abaa.mx\/tienda\/\"},{\"@type\":\"ListItem\",\"position\":3,\"name\":\"term\u00f3metro infrarrojo testo 830-t2 con marcado l\u00e1ser de dos puntos, 12:1\"}]},{\"@type\":\"WebSite\",\"@id\":\"https:\/\/abaa.mx\/tienda\/#website\",\"url\":\"https:\/\/abaa.mx\/tienda\/\",\"name\":\"Abaa tienda online\",\"description\":\"Instrumentos de medici\u00f3n\",\"publisher\":{\"@id\":\"https:\/\/abaa.mx\/tienda\/#organization\"},\"potentialAction\":[{\"@type\":\"SearchAction\",\"target\":{\"@type\":\"EntryPoint\",\"urlTemplate\":\"https:\/\/abaa.mx\/tienda\/?s={search_term_string}\"},\"query-input\":{\"@type\":\"PropertyValueSpecification\",\"valueRequired\":true,\"valueName\":\"search_term_string\"}}],\"inLanguage\":\"es\"},{\"@type\":\"Organization\",\"@id\":\"https:\/\/abaa.mx\/tienda\/#organization\",\"name\":\"Abaa tienda online\",\"url\":\"https:\/\/abaa.mx\/tienda\/\",\"logo\":{\"@type\":\"ImageObject\",\"inLanguage\":\"es\",\"@id\":\"https:\/\/abaa.mx\/tienda\/#\/schema\/logo\/image\/\",\"url\":\"https:\/\/abaa.mx\/tienda\/wp-content\/uploads\/2024\/01\/abaa-metrologia-tienda.png\",\"contentUrl\":\"https:\/\/abaa.mx\/tienda\/wp-content\/uploads\/2024\/01\/abaa-metrologia-tienda.png\",\"width\":300,\"height\":141,\"caption\":\"Abaa tienda online\"},\"image\":{\"@id\":\"https:\/\/abaa.mx\/tienda\/#\/schema\/logo\/image\/\"}}]}<\/script>\n<!-- \/ Yoast SEO plugin. -->","yoast_head_json":{"title":"term\u00f3metro infrarrojo testo 830-t2 con marcado l\u00e1ser de dos puntos, 12:1 - Abaa tienda online","robots":{"index":"index","follow":"follow","max-snippet":"max-snippet:-1","max-image-preview":"max-image-preview:large","max-video-preview":"max-video-preview:-1"},"canonical":"https:\/\/abaa.mx\/tienda\/termometro-infrarrojo-testo-830-t2-con-marcado-laser-de-dos-puntos-121\/","og_locale":"es_MX","og_type":"article","og_title":"term\u00f3metro infrarrojo testo 830-t2 con marcado l\u00e1ser de dos puntos, 12:1 - Abaa tienda online","og_description":"Funciones   Term\u00f3metro infrarrojo para mediciones de temperatura superficial sin contacto  \u00d3ptica 12:1 y procesador de alta resoluci\u00f3n para obtener resultados de medici\u00f3n precisos  Medici\u00f3n de contacto posible con sonda de temperatura conectable (TC tipo K)  Nivel de emisi\u00f3n ajustable  Procesador de alta resoluci\u00f3n para una m\u00e1xima precisi\u00f3n (resoluci\u00f3n 0,1 \u00b0C)  Term\u00f3metro IR con marcador puntual de medici\u00f3n l\u00e1ser de 2 puntos para apuntar al punto de medici\u00f3n  Dos valores l\u00edmite de alarma que se pueden definir seg\u00fan sea necesario  Alarma visual y ac\u00fastica si se supera el valor l\u00edmite  Funci\u00f3n de visualizaci\u00f3n y retenci\u00f3n del valor m\u00ednimo\/m\u00e1x. (para registrar un valor medido)  C\u00f3moda operaci\u00f3n con una sola mano, gracias al dise\u00f1o ergon\u00f3mico de estilo pistola  Pantalla digital clara e iluminada","og_url":"https:\/\/abaa.mx\/tienda\/termometro-infrarrojo-testo-830-t2-con-marcado-laser-de-dos-puntos-121\/","og_site_name":"Abaa tienda online","og_image":[{"width":270,"height":405,"url":"https:\/\/abaa.mx\/tienda\/wp-content\/uploads\/2023\/09\/830-T2.jpg","type":"image\/jpeg"}],"twitter_card":"summary_large_image","twitter_misc":{"Tiempo de lectura":"2 minutos"},"schema":{"@context":"https:\/\/schema.org","@graph":[{"@type":"WebPage","@id":"https:\/\/abaa.mx\/tienda\/termometro-infrarrojo-testo-830-t2-con-marcado-laser-de-dos-puntos-121\/","url":"https:\/\/abaa.mx\/tienda\/termometro-infrarrojo-testo-830-t2-con-marcado-laser-de-dos-puntos-121\/","name":"term\u00f3metro infrarrojo testo 830-t2 con marcado l\u00e1ser de dos puntos, 12:1 - Abaa tienda online","isPartOf":{"@id":"https:\/\/abaa.mx\/tienda\/#website"},"primaryImageOfPage":{"@id":"https:\/\/abaa.mx\/tienda\/termometro-infrarrojo-testo-830-t2-con-marcado-laser-de-dos-puntos-121\/#primaryimage"},"image":{"@id":"https:\/\/abaa.mx\/tienda\/termometro-infrarrojo-testo-830-t2-con-marcado-laser-de-dos-puntos-121\/#primaryimage"},"thumbnailUrl":"https:\/\/abaa.mx\/tienda\/wp-content\/uploads\/2023\/09\/830-T2.jpg","datePublished":"2023-09-22T17:57:06+00:00","breadcrumb":{"@id":"https:\/\/abaa.mx\/tienda\/termometro-infrarrojo-testo-830-t2-con-marcado-laser-de-dos-puntos-121\/#breadcrumb"},"inLanguage":"es","potentialAction":[{"@type":"ReadAction","target":["https:\/\/abaa.mx\/tienda\/termometro-infrarrojo-testo-830-t2-con-marcado-laser-de-dos-puntos-121\/"]}]},{"@type":"ImageObject","inLanguage":"es","@id":"https:\/\/abaa.mx\/tienda\/termometro-infrarrojo-testo-830-t2-con-marcado-laser-de-dos-puntos-121\/#primaryimage","url":"https:\/\/abaa.mx\/tienda\/wp-content\/uploads\/2023\/09\/830-T2.jpg","contentUrl":"https:\/\/abaa.mx\/tienda\/wp-content\/uploads\/2023\/09\/830-T2.jpg","width":270,"height":405,"caption":"830-T2"},{"@type":"BreadcrumbList","@id":"https:\/\/abaa.mx\/tienda\/termometro-infrarrojo-testo-830-t2-con-marcado-laser-de-dos-puntos-121\/#breadcrumb","itemListElement":[{"@type":"ListItem","position":1,"name":"Inicio","item":"https:\/\/abaa.mx\/tienda\/"},{"@type":"ListItem","position":2,"name":"Tienda","item":"https:\/\/abaa.mx\/tienda\/"},{"@type":"ListItem","position":3,"name":"term\u00f3metro infrarrojo testo 830-t2 con marcado l\u00e1ser de dos puntos, 12:1"}]},{"@type":"WebSite","@id":"https:\/\/abaa.mx\/tienda\/#website","url":"https:\/\/abaa.mx\/tienda\/","name":"Abaa tienda online","description":"Instrumentos de medici\u00f3n","publisher":{"@id":"https:\/\/abaa.mx\/tienda\/#organization"},"potentialAction":[{"@type":"SearchAction","target":{"@type":"EntryPoint","urlTemplate":"https:\/\/abaa.mx\/tienda\/?s={search_term_string}"},"query-input":{"@type":"PropertyValueSpecification","valueRequired":true,"valueName":"search_term_string"}}],"inLanguage":"es"},{"@type":"Organization","@id":"https:\/\/abaa.mx\/tienda\/#organization","name":"Abaa tienda online","url":"https:\/\/abaa.mx\/tienda\/","logo":{"@type":"ImageObject","inLanguage":"es","@id":"https:\/\/abaa.mx\/tienda\/#\/schema\/logo\/image\/","url":"https:\/\/abaa.mx\/tienda\/wp-content\/uploads\/2024\/01\/abaa-metrologia-tienda.png","contentUrl":"https:\/\/abaa.mx\/tienda\/wp-content\/uploads\/2024\/01\/abaa-metrologia-tienda.png","width":300,"height":141,"caption":"Abaa tienda online"},"image":{"@id":"https:\/\/abaa.mx\/tienda\/#\/schema\/logo\/image\/"}}]}},"_links":{"self":[{"href":"https:\/\/abaa.mx\/tienda\/wp-json\/wp\/v2\/product\/2695","targetHints":{"allow":["GET"]}}],"collection":[{"href":"https:\/\/abaa.mx\/tienda\/wp-json\/wp\/v2\/product"}],"about":[{"href":"https:\/\/abaa.mx\/tienda\/wp-json\/wp\/v2\/types\/product"}],"replies":[{"embeddable":true,"href":"https:\/\/abaa.mx\/tienda\/wp-json\/wp\/v2\/comments?post=2695"}],"wp:featuredmedia":[{"embeddable":true,"href":"https:\/\/abaa.mx\/tienda\/wp-json\/wp\/v2\/media\/2697"}],"wp:attachment":[{"href":"https:\/\/abaa.mx\/tienda\/wp-json\/wp\/v2\/media?parent=2695"}],"wp:term":[{"taxonomy":"product_brand","embeddable":true,"href":"https:\/\/abaa.mx\/tienda\/wp-json\/wp\/v2\/product_brand?post=2695"},{"taxonomy":"product_cat","embeddable":true,"href":"https:\/\/abaa.mx\/tienda\/wp-json\/wp\/v2\/product_cat?post=2695"},{"taxonomy":"product_tag","embeddable":true,"href":"https:\/\/abaa.mx\/tienda\/wp-json\/wp\/v2\/product_tag?post=2695"}],"curies":[{"name":"wp","href":"https:\/\/api.w.org\/{rel}","templated":true}]}}