{"id":2694,"date":"2023-09-22T17:53:57","date_gmt":"2023-09-22T17:53:57","guid":{"rendered":"https:\/\/abaa.mx\/tienda\/?post_type=product&#038;p=2694"},"modified":"2023-09-22T17:53:58","modified_gmt":"2023-09-22T17:53:58","slug":"termometro-ir-laser-unico-testo-830-t1-con-optica-101","status":"publish","type":"product","link":"https:\/\/abaa.mx\/tienda\/termometro-ir-laser-unico-testo-830-t1-con-optica-101\/","title":{"rendered":"term\u00f3metro ir l\u00e1ser \u00fanico testo 830-t1 con \u00f3ptica 10:1"},"content":{"rendered":"<p>El term\u00f3metro infrarrojo r\u00e1pido y universal con mira l\u00e1ser de 1 punto y \u00f3ptica 10: 1 en &#8220;dise\u00f1o de pistola&#8221; ergon\u00f3mico.<\/p>\n<p><strong>Funciones<\/strong><\/p>\n<ul>\n<li>Marcador de punto de medici\u00f3n l\u00e1ser y \u00f3ptica grande para una medici\u00f3n exacta a mayores distancias<\/li>\n<li>Registro r\u00e1pido de valores de medici\u00f3n a dos mediciones por segundo<\/li>\n<li>Funci\u00f3n de retenci\u00f3n y visualizaci\u00f3n de valores m\u00edn.\/m\u00e1x.<\/li>\n<li>Factor de emisi\u00f3n ajustable de 0,1 a 1,0<\/li>\n<\/ul>\n<h4>testo 830-T1 datos t\u00e9cnicos<\/h4>\n<table class=\"table table-striped\">\n<tbody>\n<tr>\n<td>Temperatura de almacenamiento<\/td>\n<td>-40 hasta +158\u00b0F<\/td>\n<\/tr>\n<tr>\n<td>Remperatura operativa<\/td>\n<td>-4 hasta +122\u00b0F<\/td>\n<\/tr>\n<tr>\n<td>Tipo de bater\u00eda<\/td>\n<td>Bater\u00eda de 9 voltios<\/td>\n<\/tr>\n<tr>\n<td>Duraci\u00f3n de la bater\u00eda<\/td>\n<td>15 horas<\/td>\n<\/tr>\n<tr>\n<td>Dimensiones<\/td>\n<td>6,1 x 5,35 x 1,5 pulgadas<\/td>\n<\/tr>\n<tr>\n<td>Material de la carcasa<\/td>\n<td>ABS<\/td>\n<\/tr>\n<tr>\n<th colspan=\"2\">\n<h5>Infrarrojo<\/h5>\n<\/th>\n<\/tr>\n<tr>\n<td>Rango de medici\u00f3n<\/td>\n<td>-13 hasta +752\u00b0F<\/td>\n<\/tr>\n<tr>\n<td>Exactitud<\/td>\n<td>\u00b11.8\u00b0F (-4 a +212\u00b0F)<br \/>\n\u00b13.6\u00b0F o \u00b12% de rdg. (rango restante)<\/td>\n<\/tr>\n<tr>\n<td>Resoluci\u00f3n<\/td>\n<td>0.5\u00b0C<\/td>\n<\/tr>\n<tr>\n<th colspan=\"2\">\n<h5>Tipo K<\/h5>\n<\/th>\n<\/tr>\n<tr>\n<td>Rango de medici\u00f3n<\/td>\n<td>-58 hasta +932\u00b0F<\/td>\n<\/tr>\n<tr>\n<td>Exactitud<\/td>\n<td>\u00b1(0.9\u00b0F +0.5% de rdg.)<\/td>\n<\/tr>\n<tr>\n<td>Resoluci\u00f3n<\/td>\n<td>0.1\u00b0C<\/td>\n<\/tr>\n<\/tbody>\n<\/table>\n","protected":false},"excerpt":{"rendered":"<p>El term\u00f3metro infrarrojo r\u00e1pido y universal con mira l\u00e1ser de 1 punto y \u00f3ptica 10: 1 en &#8220;dise\u00f1o de pistola&#8221; ergon\u00f3mico.<\/p>\n<p>&nbsp;<\/p>\n","protected":false},"featured_media":2696,"comment_status":"open","ping_status":"closed","template":"","meta":{"_joinchat":[]},"product_brand":[],"product_cat":[15],"product_tag":[],"class_list":{"0":"post-2694","1":"product","2":"type-product","3":"status-publish","4":"has-post-thumbnail","6":"product_cat-sin-categorizar","8":"first","9":"instock","10":"shipping-taxable","11":"product-type-simple"},"yoast_head":"<!-- This site is optimized with the Yoast SEO plugin v26.4 - https:\/\/yoast.com\/wordpress\/plugins\/seo\/ -->\n<title>term\u00f3metro ir l\u00e1ser \u00fanico testo 830-t1 con \u00f3ptica 10:1 - Abaa tienda online<\/title>\n<meta name=\"robots\" content=\"index, follow, max-snippet:-1, max-image-preview:large, max-video-preview:-1\" \/>\n<link rel=\"canonical\" href=\"https:\/\/abaa.mx\/tienda\/termometro-ir-laser-unico-testo-830-t1-con-optica-101\/\" \/>\n<meta property=\"og:locale\" content=\"es_MX\" \/>\n<meta property=\"og:type\" content=\"article\" \/>\n<meta property=\"og:title\" content=\"term\u00f3metro ir l\u00e1ser \u00fanico testo 830-t1 con \u00f3ptica 10:1 - Abaa tienda online\" \/>\n<meta property=\"og:description\" content=\"El term\u00f3metro infrarrojo r\u00e1pido y universal con mira l\u00e1ser de 1 punto y \u00f3ptica 10: 1 en &quot;dise\u00f1o de pistola&quot; ergon\u00f3mico.  &nbsp;\" \/>\n<meta property=\"og:url\" content=\"https:\/\/abaa.mx\/tienda\/termometro-ir-laser-unico-testo-830-t1-con-optica-101\/\" \/>\n<meta property=\"og:site_name\" content=\"Abaa tienda online\" \/>\n<meta property=\"article:modified_time\" content=\"2023-09-22T17:53:58+00:00\" \/>\n<meta property=\"og:image\" content=\"https:\/\/abaa.mx\/tienda\/wp-content\/uploads\/2023\/09\/830-T1.jpg\" \/>\n\t<meta property=\"og:image:width\" content=\"270\" \/>\n\t<meta property=\"og:image:height\" content=\"331\" \/>\n\t<meta property=\"og:image:type\" content=\"image\/jpeg\" \/>\n<meta name=\"twitter:card\" content=\"summary_large_image\" \/>\n<meta name=\"twitter:label1\" content=\"Tiempo de lectura\" \/>\n\t<meta name=\"twitter:data1\" content=\"1 minuto\" \/>\n<script type=\"application\/ld+json\" class=\"yoast-schema-graph\">{\"@context\":\"https:\/\/schema.org\",\"@graph\":[{\"@type\":\"WebPage\",\"@id\":\"https:\/\/abaa.mx\/tienda\/termometro-ir-laser-unico-testo-830-t1-con-optica-101\/\",\"url\":\"https:\/\/abaa.mx\/tienda\/termometro-ir-laser-unico-testo-830-t1-con-optica-101\/\",\"name\":\"term\u00f3metro ir l\u00e1ser \u00fanico testo 830-t1 con \u00f3ptica 10:1 - Abaa tienda online\",\"isPartOf\":{\"@id\":\"https:\/\/abaa.mx\/tienda\/#website\"},\"primaryImageOfPage\":{\"@id\":\"https:\/\/abaa.mx\/tienda\/termometro-ir-laser-unico-testo-830-t1-con-optica-101\/#primaryimage\"},\"image\":{\"@id\":\"https:\/\/abaa.mx\/tienda\/termometro-ir-laser-unico-testo-830-t1-con-optica-101\/#primaryimage\"},\"thumbnailUrl\":\"https:\/\/abaa.mx\/tienda\/wp-content\/uploads\/2023\/09\/830-T1.jpg\",\"datePublished\":\"2023-09-22T17:53:57+00:00\",\"dateModified\":\"2023-09-22T17:53:58+00:00\",\"breadcrumb\":{\"@id\":\"https:\/\/abaa.mx\/tienda\/termometro-ir-laser-unico-testo-830-t1-con-optica-101\/#breadcrumb\"},\"inLanguage\":\"es\",\"potentialAction\":[{\"@type\":\"ReadAction\",\"target\":[\"https:\/\/abaa.mx\/tienda\/termometro-ir-laser-unico-testo-830-t1-con-optica-101\/\"]}]},{\"@type\":\"ImageObject\",\"inLanguage\":\"es\",\"@id\":\"https:\/\/abaa.mx\/tienda\/termometro-ir-laser-unico-testo-830-t1-con-optica-101\/#primaryimage\",\"url\":\"https:\/\/abaa.mx\/tienda\/wp-content\/uploads\/2023\/09\/830-T1.jpg\",\"contentUrl\":\"https:\/\/abaa.mx\/tienda\/wp-content\/uploads\/2023\/09\/830-T1.jpg\",\"width\":270,\"height\":331,\"caption\":\"830-T1\"},{\"@type\":\"BreadcrumbList\",\"@id\":\"https:\/\/abaa.mx\/tienda\/termometro-ir-laser-unico-testo-830-t1-con-optica-101\/#breadcrumb\",\"itemListElement\":[{\"@type\":\"ListItem\",\"position\":1,\"name\":\"Inicio\",\"item\":\"https:\/\/abaa.mx\/tienda\/\"},{\"@type\":\"ListItem\",\"position\":2,\"name\":\"Tienda\",\"item\":\"https:\/\/abaa.mx\/tienda\/\"},{\"@type\":\"ListItem\",\"position\":3,\"name\":\"term\u00f3metro ir l\u00e1ser \u00fanico testo 830-t1 con \u00f3ptica 10:1\"}]},{\"@type\":\"WebSite\",\"@id\":\"https:\/\/abaa.mx\/tienda\/#website\",\"url\":\"https:\/\/abaa.mx\/tienda\/\",\"name\":\"Abaa tienda online\",\"description\":\"Instrumentos de medici\u00f3n\",\"publisher\":{\"@id\":\"https:\/\/abaa.mx\/tienda\/#organization\"},\"potentialAction\":[{\"@type\":\"SearchAction\",\"target\":{\"@type\":\"EntryPoint\",\"urlTemplate\":\"https:\/\/abaa.mx\/tienda\/?s={search_term_string}\"},\"query-input\":{\"@type\":\"PropertyValueSpecification\",\"valueRequired\":true,\"valueName\":\"search_term_string\"}}],\"inLanguage\":\"es\"},{\"@type\":\"Organization\",\"@id\":\"https:\/\/abaa.mx\/tienda\/#organization\",\"name\":\"Abaa tienda online\",\"url\":\"https:\/\/abaa.mx\/tienda\/\",\"logo\":{\"@type\":\"ImageObject\",\"inLanguage\":\"es\",\"@id\":\"https:\/\/abaa.mx\/tienda\/#\/schema\/logo\/image\/\",\"url\":\"https:\/\/abaa.mx\/tienda\/wp-content\/uploads\/2024\/01\/abaa-metrologia-tienda.png\",\"contentUrl\":\"https:\/\/abaa.mx\/tienda\/wp-content\/uploads\/2024\/01\/abaa-metrologia-tienda.png\",\"width\":300,\"height\":141,\"caption\":\"Abaa tienda online\"},\"image\":{\"@id\":\"https:\/\/abaa.mx\/tienda\/#\/schema\/logo\/image\/\"}}]}<\/script>\n<!-- \/ Yoast SEO plugin. -->","yoast_head_json":{"title":"term\u00f3metro ir l\u00e1ser \u00fanico testo 830-t1 con \u00f3ptica 10:1 - Abaa tienda online","robots":{"index":"index","follow":"follow","max-snippet":"max-snippet:-1","max-image-preview":"max-image-preview:large","max-video-preview":"max-video-preview:-1"},"canonical":"https:\/\/abaa.mx\/tienda\/termometro-ir-laser-unico-testo-830-t1-con-optica-101\/","og_locale":"es_MX","og_type":"article","og_title":"term\u00f3metro ir l\u00e1ser \u00fanico testo 830-t1 con \u00f3ptica 10:1 - Abaa tienda online","og_description":"El term\u00f3metro infrarrojo r\u00e1pido y universal con mira l\u00e1ser de 1 punto y \u00f3ptica 10: 1 en \"dise\u00f1o de pistola\" ergon\u00f3mico.  &nbsp;","og_url":"https:\/\/abaa.mx\/tienda\/termometro-ir-laser-unico-testo-830-t1-con-optica-101\/","og_site_name":"Abaa tienda online","article_modified_time":"2023-09-22T17:53:58+00:00","og_image":[{"width":270,"height":331,"url":"https:\/\/abaa.mx\/tienda\/wp-content\/uploads\/2023\/09\/830-T1.jpg","type":"image\/jpeg"}],"twitter_card":"summary_large_image","twitter_misc":{"Tiempo de lectura":"1 minuto"},"schema":{"@context":"https:\/\/schema.org","@graph":[{"@type":"WebPage","@id":"https:\/\/abaa.mx\/tienda\/termometro-ir-laser-unico-testo-830-t1-con-optica-101\/","url":"https:\/\/abaa.mx\/tienda\/termometro-ir-laser-unico-testo-830-t1-con-optica-101\/","name":"term\u00f3metro ir l\u00e1ser \u00fanico testo 830-t1 con \u00f3ptica 10:1 - Abaa tienda online","isPartOf":{"@id":"https:\/\/abaa.mx\/tienda\/#website"},"primaryImageOfPage":{"@id":"https:\/\/abaa.mx\/tienda\/termometro-ir-laser-unico-testo-830-t1-con-optica-101\/#primaryimage"},"image":{"@id":"https:\/\/abaa.mx\/tienda\/termometro-ir-laser-unico-testo-830-t1-con-optica-101\/#primaryimage"},"thumbnailUrl":"https:\/\/abaa.mx\/tienda\/wp-content\/uploads\/2023\/09\/830-T1.jpg","datePublished":"2023-09-22T17:53:57+00:00","dateModified":"2023-09-22T17:53:58+00:00","breadcrumb":{"@id":"https:\/\/abaa.mx\/tienda\/termometro-ir-laser-unico-testo-830-t1-con-optica-101\/#breadcrumb"},"inLanguage":"es","potentialAction":[{"@type":"ReadAction","target":["https:\/\/abaa.mx\/tienda\/termometro-ir-laser-unico-testo-830-t1-con-optica-101\/"]}]},{"@type":"ImageObject","inLanguage":"es","@id":"https:\/\/abaa.mx\/tienda\/termometro-ir-laser-unico-testo-830-t1-con-optica-101\/#primaryimage","url":"https:\/\/abaa.mx\/tienda\/wp-content\/uploads\/2023\/09\/830-T1.jpg","contentUrl":"https:\/\/abaa.mx\/tienda\/wp-content\/uploads\/2023\/09\/830-T1.jpg","width":270,"height":331,"caption":"830-T1"},{"@type":"BreadcrumbList","@id":"https:\/\/abaa.mx\/tienda\/termometro-ir-laser-unico-testo-830-t1-con-optica-101\/#breadcrumb","itemListElement":[{"@type":"ListItem","position":1,"name":"Inicio","item":"https:\/\/abaa.mx\/tienda\/"},{"@type":"ListItem","position":2,"name":"Tienda","item":"https:\/\/abaa.mx\/tienda\/"},{"@type":"ListItem","position":3,"name":"term\u00f3metro ir l\u00e1ser \u00fanico testo 830-t1 con \u00f3ptica 10:1"}]},{"@type":"WebSite","@id":"https:\/\/abaa.mx\/tienda\/#website","url":"https:\/\/abaa.mx\/tienda\/","name":"Abaa tienda online","description":"Instrumentos de medici\u00f3n","publisher":{"@id":"https:\/\/abaa.mx\/tienda\/#organization"},"potentialAction":[{"@type":"SearchAction","target":{"@type":"EntryPoint","urlTemplate":"https:\/\/abaa.mx\/tienda\/?s={search_term_string}"},"query-input":{"@type":"PropertyValueSpecification","valueRequired":true,"valueName":"search_term_string"}}],"inLanguage":"es"},{"@type":"Organization","@id":"https:\/\/abaa.mx\/tienda\/#organization","name":"Abaa tienda online","url":"https:\/\/abaa.mx\/tienda\/","logo":{"@type":"ImageObject","inLanguage":"es","@id":"https:\/\/abaa.mx\/tienda\/#\/schema\/logo\/image\/","url":"https:\/\/abaa.mx\/tienda\/wp-content\/uploads\/2024\/01\/abaa-metrologia-tienda.png","contentUrl":"https:\/\/abaa.mx\/tienda\/wp-content\/uploads\/2024\/01\/abaa-metrologia-tienda.png","width":300,"height":141,"caption":"Abaa tienda online"},"image":{"@id":"https:\/\/abaa.mx\/tienda\/#\/schema\/logo\/image\/"}}]}},"_links":{"self":[{"href":"https:\/\/abaa.mx\/tienda\/wp-json\/wp\/v2\/product\/2694","targetHints":{"allow":["GET"]}}],"collection":[{"href":"https:\/\/abaa.mx\/tienda\/wp-json\/wp\/v2\/product"}],"about":[{"href":"https:\/\/abaa.mx\/tienda\/wp-json\/wp\/v2\/types\/product"}],"replies":[{"embeddable":true,"href":"https:\/\/abaa.mx\/tienda\/wp-json\/wp\/v2\/comments?post=2694"}],"wp:featuredmedia":[{"embeddable":true,"href":"https:\/\/abaa.mx\/tienda\/wp-json\/wp\/v2\/media\/2696"}],"wp:attachment":[{"href":"https:\/\/abaa.mx\/tienda\/wp-json\/wp\/v2\/media?parent=2694"}],"wp:term":[{"taxonomy":"product_brand","embeddable":true,"href":"https:\/\/abaa.mx\/tienda\/wp-json\/wp\/v2\/product_brand?post=2694"},{"taxonomy":"product_cat","embeddable":true,"href":"https:\/\/abaa.mx\/tienda\/wp-json\/wp\/v2\/product_cat?post=2694"},{"taxonomy":"product_tag","embeddable":true,"href":"https:\/\/abaa.mx\/tienda\/wp-json\/wp\/v2\/product_tag?post=2694"}],"curies":[{"name":"wp","href":"https:\/\/api.w.org\/{rel}","templated":true}]}}