{"id":2690,"date":"2023-09-22T19:13:26","date_gmt":"2023-09-22T19:13:26","guid":{"rendered":"https:\/\/abaa.mx\/tienda\/?post_type=product&#038;p=2690"},"modified":"2023-09-22T19:13:27","modified_gmt":"2023-09-22T19:13:27","slug":"termostatos-digitales-serie-ts-de-dwyer","status":"publish","type":"product","link":"https:\/\/abaa.mx\/tienda\/termostatos-digitales-serie-ts-de-dwyer\/","title":{"rendered":"Termostatos digitales serie ts de dwyer"},"content":{"rendered":"<h4>TS de Dwyer<\/h4>\n<p>&nbsp;<\/p>\n<h4><strong>Funciones<\/strong><\/h4>\n<ul>\n<li>El usuario puede definir el punto de ajuste, la regulaci\u00f3n de calefacci\u00f3n \/ refrigeraci\u00f3n, la hist\u00e9resis, el tiempo de ciclo, el ajuste de la sonda ambiental y el tiempo de descongelaci\u00f3n.<\/li>\n<li>La unidad cuenta con mensajes de error o alarma y protecci\u00f3n con contrase\u00f1a<\/li>\n<li>Ver la temperatura de la sonda en el LED rojo brillante de 3 d\u00edgitos<\/li>\n<\/ul>\n<h4><strong>Caracter\u00edsticas t\u00e9cnicas<\/strong><\/h4>\n<ul>\n<li>Sensor: PTC o NTC (seg\u00fan modelo)<\/li>\n<li>Precisi\u00f3n: \u00b12 \u00b0C a 25 \u00b0C<\/li>\n<li>Tiempo de respuesta: 15 segundos (en el aire)<\/li>\n<li>Cable: PVC o silicona (seg\u00fan modelo)<\/li>\n<li>Protecci\u00f3n: IP67<\/li>\n<\/ul>\n<h4><strong>Aplicaciones<\/strong><\/h4>\n<ul>\n<li>Enfriadores industriales<\/li>\n<li>C\u00e1maras ambientales<\/li>\n<li>Walk-ins y congeladores<\/li>\n<li>Termoselladores<\/li>\n<li>Esterilizadores<\/li>\n<li>Enfriadores de cerveza y vino<\/li>\n<li>Glaseadoras de tazas<\/li>\n<li>Refrigeradores<\/li>\n<li>Vitrinas y armarios<\/li>\n<li>Calentadores<\/li>\n<li>Almacenamiento de carne y productos<\/li>\n<li>Preservaci\u00f3n floral<\/li>\n<li>Transporte refrigerado<\/li>\n<li>Laboratorios<\/li>\n<li>Equipo de servicio de alimentos<\/li>\n<li>Hornos y secadoras<\/li>\n<li>Conservaci\u00f3n del tabaco<\/li>\n<li>Protectores de pegamento termofusible para montadores de cajas<\/li>\n<li>Habitaciones frescas<\/li>\n<li>Salas y c\u00e1maras de quemado<\/li>\n<li>Envasado de c\u00edtricos de agua fr\u00eda<\/li>\n<\/ul>\n","protected":false},"excerpt":{"rendered":"<p>La f\u00e1cil programaci\u00f3n a trav\u00e9s del teclado frontal t\u00e1ctil permite una configuraci\u00f3n r\u00e1pida de los 12 par\u00e1metros para un funcionamiento simple y confiable. El usuario puede definir el punto de ajuste, la regulaci\u00f3n de calefacci\u00f3n \/ refrigeraci\u00f3n, la hist\u00e9resis, el tiempo de ciclo, el ajuste de la sonda ambiental y el tiempo de descongelaci\u00f3n. La unidad cuenta con mensajes de error o alarma y protecci\u00f3n con contrase\u00f1a.<\/p>\n","protected":false},"featured_media":2708,"comment_status":"open","ping_status":"closed","template":"","meta":{"_joinchat":[]},"product_brand":[],"product_cat":[15],"product_tag":[],"class_list":{"0":"post-2690","1":"product","2":"type-product","3":"status-publish","4":"has-post-thumbnail","6":"product_cat-sin-categorizar","8":"first","9":"instock","10":"shipping-taxable","11":"product-type-simple"},"yoast_head":"<!-- This site is optimized with the Yoast SEO plugin v26.4 - https:\/\/yoast.com\/wordpress\/plugins\/seo\/ -->\n<title>Termostatos digitales serie ts de dwyer - Abaa tienda online<\/title>\n<meta name=\"robots\" content=\"index, follow, max-snippet:-1, max-image-preview:large, max-video-preview:-1\" \/>\n<link rel=\"canonical\" href=\"https:\/\/abaa.mx\/tienda\/termostatos-digitales-serie-ts-de-dwyer\/\" \/>\n<meta property=\"og:locale\" content=\"es_MX\" \/>\n<meta property=\"og:type\" content=\"article\" \/>\n<meta property=\"og:title\" content=\"Termostatos digitales serie ts de dwyer - Abaa tienda online\" \/>\n<meta property=\"og:description\" content=\"La f\u00e1cil programaci\u00f3n a trav\u00e9s del teclado frontal t\u00e1ctil permite una configuraci\u00f3n r\u00e1pida de los 12 par\u00e1metros para un funcionamiento simple y confiable. El usuario puede definir el punto de ajuste, la regulaci\u00f3n de calefacci\u00f3n \/ refrigeraci\u00f3n, la hist\u00e9resis, el tiempo de ciclo, el ajuste de la sonda ambiental y el tiempo de descongelaci\u00f3n. La unidad cuenta con mensajes de error o alarma y protecci\u00f3n con contrase\u00f1a.\" \/>\n<meta property=\"og:url\" content=\"https:\/\/abaa.mx\/tienda\/termostatos-digitales-serie-ts-de-dwyer\/\" \/>\n<meta property=\"og:site_name\" content=\"Abaa tienda online\" \/>\n<meta property=\"article:modified_time\" content=\"2023-09-22T19:13:27+00:00\" \/>\n<meta property=\"og:image\" content=\"https:\/\/abaa.mx\/tienda\/wp-content\/uploads\/2023\/09\/Termostatos-digitales-serie-TS-de-Dwyer.jpg\" \/>\n\t<meta property=\"og:image:width\" content=\"265\" \/>\n\t<meta property=\"og:image:height\" content=\"265\" \/>\n\t<meta property=\"og:image:type\" content=\"image\/jpeg\" \/>\n<meta name=\"twitter:card\" content=\"summary_large_image\" \/>\n<meta name=\"twitter:label1\" content=\"Tiempo de lectura\" \/>\n\t<meta name=\"twitter:data1\" content=\"1 minuto\" \/>\n<script type=\"application\/ld+json\" class=\"yoast-schema-graph\">{\"@context\":\"https:\/\/schema.org\",\"@graph\":[{\"@type\":\"WebPage\",\"@id\":\"https:\/\/abaa.mx\/tienda\/termostatos-digitales-serie-ts-de-dwyer\/\",\"url\":\"https:\/\/abaa.mx\/tienda\/termostatos-digitales-serie-ts-de-dwyer\/\",\"name\":\"Termostatos digitales serie ts de dwyer - Abaa tienda online\",\"isPartOf\":{\"@id\":\"https:\/\/abaa.mx\/tienda\/#website\"},\"primaryImageOfPage\":{\"@id\":\"https:\/\/abaa.mx\/tienda\/termostatos-digitales-serie-ts-de-dwyer\/#primaryimage\"},\"image\":{\"@id\":\"https:\/\/abaa.mx\/tienda\/termostatos-digitales-serie-ts-de-dwyer\/#primaryimage\"},\"thumbnailUrl\":\"https:\/\/abaa.mx\/tienda\/wp-content\/uploads\/2023\/09\/Termostatos-digitales-serie-TS-de-Dwyer.jpg\",\"datePublished\":\"2023-09-22T19:13:26+00:00\",\"dateModified\":\"2023-09-22T19:13:27+00:00\",\"breadcrumb\":{\"@id\":\"https:\/\/abaa.mx\/tienda\/termostatos-digitales-serie-ts-de-dwyer\/#breadcrumb\"},\"inLanguage\":\"es\",\"potentialAction\":[{\"@type\":\"ReadAction\",\"target\":[\"https:\/\/abaa.mx\/tienda\/termostatos-digitales-serie-ts-de-dwyer\/\"]}]},{\"@type\":\"ImageObject\",\"inLanguage\":\"es\",\"@id\":\"https:\/\/abaa.mx\/tienda\/termostatos-digitales-serie-ts-de-dwyer\/#primaryimage\",\"url\":\"https:\/\/abaa.mx\/tienda\/wp-content\/uploads\/2023\/09\/Termostatos-digitales-serie-TS-de-Dwyer.jpg\",\"contentUrl\":\"https:\/\/abaa.mx\/tienda\/wp-content\/uploads\/2023\/09\/Termostatos-digitales-serie-TS-de-Dwyer.jpg\",\"width\":265,\"height\":265,\"caption\":\"termostatos-digitales-serie-ts-de-dwyer\"},{\"@type\":\"BreadcrumbList\",\"@id\":\"https:\/\/abaa.mx\/tienda\/termostatos-digitales-serie-ts-de-dwyer\/#breadcrumb\",\"itemListElement\":[{\"@type\":\"ListItem\",\"position\":1,\"name\":\"Inicio\",\"item\":\"https:\/\/abaa.mx\/tienda\/\"},{\"@type\":\"ListItem\",\"position\":2,\"name\":\"Tienda\",\"item\":\"https:\/\/abaa.mx\/tienda\/\"},{\"@type\":\"ListItem\",\"position\":3,\"name\":\"Termostatos digitales serie ts de dwyer\"}]},{\"@type\":\"WebSite\",\"@id\":\"https:\/\/abaa.mx\/tienda\/#website\",\"url\":\"https:\/\/abaa.mx\/tienda\/\",\"name\":\"Abaa tienda online\",\"description\":\"Instrumentos de medici\u00f3n\",\"publisher\":{\"@id\":\"https:\/\/abaa.mx\/tienda\/#organization\"},\"potentialAction\":[{\"@type\":\"SearchAction\",\"target\":{\"@type\":\"EntryPoint\",\"urlTemplate\":\"https:\/\/abaa.mx\/tienda\/?s={search_term_string}\"},\"query-input\":{\"@type\":\"PropertyValueSpecification\",\"valueRequired\":true,\"valueName\":\"search_term_string\"}}],\"inLanguage\":\"es\"},{\"@type\":\"Organization\",\"@id\":\"https:\/\/abaa.mx\/tienda\/#organization\",\"name\":\"Abaa tienda online\",\"url\":\"https:\/\/abaa.mx\/tienda\/\",\"logo\":{\"@type\":\"ImageObject\",\"inLanguage\":\"es\",\"@id\":\"https:\/\/abaa.mx\/tienda\/#\/schema\/logo\/image\/\",\"url\":\"https:\/\/abaa.mx\/tienda\/wp-content\/uploads\/2024\/01\/abaa-metrologia-tienda.png\",\"contentUrl\":\"https:\/\/abaa.mx\/tienda\/wp-content\/uploads\/2024\/01\/abaa-metrologia-tienda.png\",\"width\":300,\"height\":141,\"caption\":\"Abaa tienda online\"},\"image\":{\"@id\":\"https:\/\/abaa.mx\/tienda\/#\/schema\/logo\/image\/\"}}]}<\/script>\n<!-- \/ Yoast SEO plugin. -->","yoast_head_json":{"title":"Termostatos digitales serie ts de dwyer - Abaa tienda online","robots":{"index":"index","follow":"follow","max-snippet":"max-snippet:-1","max-image-preview":"max-image-preview:large","max-video-preview":"max-video-preview:-1"},"canonical":"https:\/\/abaa.mx\/tienda\/termostatos-digitales-serie-ts-de-dwyer\/","og_locale":"es_MX","og_type":"article","og_title":"Termostatos digitales serie ts de dwyer - Abaa tienda online","og_description":"La f\u00e1cil programaci\u00f3n a trav\u00e9s del teclado frontal t\u00e1ctil permite una configuraci\u00f3n r\u00e1pida de los 12 par\u00e1metros para un funcionamiento simple y confiable. El usuario puede definir el punto de ajuste, la regulaci\u00f3n de calefacci\u00f3n \/ refrigeraci\u00f3n, la hist\u00e9resis, el tiempo de ciclo, el ajuste de la sonda ambiental y el tiempo de descongelaci\u00f3n. La unidad cuenta con mensajes de error o alarma y protecci\u00f3n con contrase\u00f1a.","og_url":"https:\/\/abaa.mx\/tienda\/termostatos-digitales-serie-ts-de-dwyer\/","og_site_name":"Abaa tienda online","article_modified_time":"2023-09-22T19:13:27+00:00","og_image":[{"width":265,"height":265,"url":"https:\/\/abaa.mx\/tienda\/wp-content\/uploads\/2023\/09\/Termostatos-digitales-serie-TS-de-Dwyer.jpg","type":"image\/jpeg"}],"twitter_card":"summary_large_image","twitter_misc":{"Tiempo de lectura":"1 minuto"},"schema":{"@context":"https:\/\/schema.org","@graph":[{"@type":"WebPage","@id":"https:\/\/abaa.mx\/tienda\/termostatos-digitales-serie-ts-de-dwyer\/","url":"https:\/\/abaa.mx\/tienda\/termostatos-digitales-serie-ts-de-dwyer\/","name":"Termostatos digitales serie ts de dwyer - Abaa tienda online","isPartOf":{"@id":"https:\/\/abaa.mx\/tienda\/#website"},"primaryImageOfPage":{"@id":"https:\/\/abaa.mx\/tienda\/termostatos-digitales-serie-ts-de-dwyer\/#primaryimage"},"image":{"@id":"https:\/\/abaa.mx\/tienda\/termostatos-digitales-serie-ts-de-dwyer\/#primaryimage"},"thumbnailUrl":"https:\/\/abaa.mx\/tienda\/wp-content\/uploads\/2023\/09\/Termostatos-digitales-serie-TS-de-Dwyer.jpg","datePublished":"2023-09-22T19:13:26+00:00","dateModified":"2023-09-22T19:13:27+00:00","breadcrumb":{"@id":"https:\/\/abaa.mx\/tienda\/termostatos-digitales-serie-ts-de-dwyer\/#breadcrumb"},"inLanguage":"es","potentialAction":[{"@type":"ReadAction","target":["https:\/\/abaa.mx\/tienda\/termostatos-digitales-serie-ts-de-dwyer\/"]}]},{"@type":"ImageObject","inLanguage":"es","@id":"https:\/\/abaa.mx\/tienda\/termostatos-digitales-serie-ts-de-dwyer\/#primaryimage","url":"https:\/\/abaa.mx\/tienda\/wp-content\/uploads\/2023\/09\/Termostatos-digitales-serie-TS-de-Dwyer.jpg","contentUrl":"https:\/\/abaa.mx\/tienda\/wp-content\/uploads\/2023\/09\/Termostatos-digitales-serie-TS-de-Dwyer.jpg","width":265,"height":265,"caption":"termostatos-digitales-serie-ts-de-dwyer"},{"@type":"BreadcrumbList","@id":"https:\/\/abaa.mx\/tienda\/termostatos-digitales-serie-ts-de-dwyer\/#breadcrumb","itemListElement":[{"@type":"ListItem","position":1,"name":"Inicio","item":"https:\/\/abaa.mx\/tienda\/"},{"@type":"ListItem","position":2,"name":"Tienda","item":"https:\/\/abaa.mx\/tienda\/"},{"@type":"ListItem","position":3,"name":"Termostatos digitales serie ts de dwyer"}]},{"@type":"WebSite","@id":"https:\/\/abaa.mx\/tienda\/#website","url":"https:\/\/abaa.mx\/tienda\/","name":"Abaa tienda online","description":"Instrumentos de medici\u00f3n","publisher":{"@id":"https:\/\/abaa.mx\/tienda\/#organization"},"potentialAction":[{"@type":"SearchAction","target":{"@type":"EntryPoint","urlTemplate":"https:\/\/abaa.mx\/tienda\/?s={search_term_string}"},"query-input":{"@type":"PropertyValueSpecification","valueRequired":true,"valueName":"search_term_string"}}],"inLanguage":"es"},{"@type":"Organization","@id":"https:\/\/abaa.mx\/tienda\/#organization","name":"Abaa tienda online","url":"https:\/\/abaa.mx\/tienda\/","logo":{"@type":"ImageObject","inLanguage":"es","@id":"https:\/\/abaa.mx\/tienda\/#\/schema\/logo\/image\/","url":"https:\/\/abaa.mx\/tienda\/wp-content\/uploads\/2024\/01\/abaa-metrologia-tienda.png","contentUrl":"https:\/\/abaa.mx\/tienda\/wp-content\/uploads\/2024\/01\/abaa-metrologia-tienda.png","width":300,"height":141,"caption":"Abaa tienda online"},"image":{"@id":"https:\/\/abaa.mx\/tienda\/#\/schema\/logo\/image\/"}}]}},"_links":{"self":[{"href":"https:\/\/abaa.mx\/tienda\/wp-json\/wp\/v2\/product\/2690","targetHints":{"allow":["GET"]}}],"collection":[{"href":"https:\/\/abaa.mx\/tienda\/wp-json\/wp\/v2\/product"}],"about":[{"href":"https:\/\/abaa.mx\/tienda\/wp-json\/wp\/v2\/types\/product"}],"replies":[{"embeddable":true,"href":"https:\/\/abaa.mx\/tienda\/wp-json\/wp\/v2\/comments?post=2690"}],"wp:featuredmedia":[{"embeddable":true,"href":"https:\/\/abaa.mx\/tienda\/wp-json\/wp\/v2\/media\/2708"}],"wp:attachment":[{"href":"https:\/\/abaa.mx\/tienda\/wp-json\/wp\/v2\/media?parent=2690"}],"wp:term":[{"taxonomy":"product_brand","embeddable":true,"href":"https:\/\/abaa.mx\/tienda\/wp-json\/wp\/v2\/product_brand?post=2690"},{"taxonomy":"product_cat","embeddable":true,"href":"https:\/\/abaa.mx\/tienda\/wp-json\/wp\/v2\/product_cat?post=2690"},{"taxonomy":"product_tag","embeddable":true,"href":"https:\/\/abaa.mx\/tienda\/wp-json\/wp\/v2\/product_tag?post=2690"}],"curies":[{"name":"wp","href":"https:\/\/api.w.org\/{rel}","templated":true}]}}