{"id":2683,"date":"2023-09-22T17:49:49","date_gmt":"2023-09-22T17:49:49","guid":{"rendered":"https:\/\/abaa.mx\/tienda\/?post_type=product&#038;p=2683"},"modified":"2023-09-22T17:49:50","modified_gmt":"2023-09-22T17:49:50","slug":"termometro-infrarrojo-ir-testo-826-t2-food-service","status":"publish","type":"product","link":"https:\/\/abaa.mx\/tienda\/termometro-infrarrojo-ir-testo-826-t2-food-service\/","title":{"rendered":"term\u00f3metro infrarrojo (ir) testo 826-t2 food service"},"content":{"rendered":"<p>testo 826-T2 para controles de temperatura r\u00e1pidos y sin contacto (con mira l\u00e1ser) en alimentos; F\u00e1cil y sin da\u00f1ar el embalaje.<br \/>\nLa alarma ac\u00fastica ajustable suena inmediatamente y se excede un valor l\u00edmite.<br \/>\nSe suministran dos accesorios pr\u00e1cticos:<br \/>\n1.) El estuche TopSafe protege el instrumento del polvo, la suciedad, el impacto y el agua.<br \/>\n2.) Soporte de pared \/ cintur\u00f3n para el posicionamiento r\u00e1pido del medidor.<\/p>\n<p><strong>Testo 826-T2 Caracter\u00edsticas<\/strong><\/p>\n<ul>\n<li>Prueba de cribado: medici\u00f3n sin contacto sin destruir el embalaje<\/li>\n<li>Con mira l\u00e1ser<\/li>\n<li>Peque\u00f1o y pr\u00e1ctico<\/li>\n<li>Alarma sonora si se supera el valor l\u00edmite<\/li>\n<li>Incluye: Funda de protecci\u00f3n TopSafe (IP67), robusta e higi\u00e9nica, apta para lavavajillas<\/li>\n<li>El punto est\u00e1 marcado por un rayo l\u00e1ser<\/li>\n<li>Alarma sonora<\/li>\n<\/ul>\n<h4>Testo 826-T2 IR Term\u00f3metro Datos t\u00e9cnicos<\/h4>\n<table class=\"table table-striped\">\n<tbody>\n<tr>\n<td>Pantalla de salida de datos<\/td>\n<td>LCD, 1 l\u00ednea<\/td>\n<\/tr>\n<tr>\n<td>Temperatura de almacenamiento<\/td>\n<td>-40 hasta +158 \u00b0F<\/td>\n<\/tr>\n<tr>\n<td>Temperatura de funcionamiento<\/td>\n<td>-4 hasta +122 \u00b0F<\/td>\n<\/tr>\n<tr>\n<td>Tipo de bater\u00eda<\/td>\n<td>2 pilas AAA<\/td>\n<\/tr>\n<tr>\n<td>Duraci\u00f3n de la bater\u00eda<\/td>\n<td>Aprox. 20 horas<\/td>\n<\/tr>\n<tr>\n<td>Dimensiones<\/td>\n<td>5,83 x 1,35 x 0,75 pulgadas<\/td>\n<\/tr>\n<tr>\n<th colspan=\"2\">Datos t\u00e9cnicos<\/th>\n<\/tr>\n<tr>\n<td>Rango de medici\u00f3n<\/td>\n<td>-60 hasta +750 \u00b0F<\/td>\n<\/tr>\n<tr>\n<td>Exactitud<\/td>\n<td>\u00b12% de RDG. (+212,1 hasta +750 \u00b0F)<\/td>\n<\/tr>\n<tr>\n<td>Precisi\u00f3n (absoluta)<\/td>\n<td>\u00b12 \u00b0F (-60 a +212 \u00b0F)<\/td>\n<\/tr>\n<tr>\n<td>Resoluci\u00f3n<\/td>\n<td>0.5 \u00b0F (-60 a +750 \u00b0F)<\/td>\n<\/tr>\n<\/tbody>\n<\/table>\n","protected":false},"excerpt":{"rendered":"<p>testo 826-T2 para controles de temperatura r\u00e1pidos y sin contacto (con mira l\u00e1ser) en alimentos; F\u00e1cil y sin da\u00f1ar el embalaje.<br \/>\nLa alarma ac\u00fastica ajustable suena inmediatamente y se excede un valor l\u00edmite.<br \/>\nSe suministran dos accesorios pr\u00e1cticos:<br \/>\n1.) El estuche TopSafe protege el instrumento del polvo, la suciedad, el impacto y el agua.<br \/>\n2.) Soporte de pared \/ cintur\u00f3n para el posicionamiento r\u00e1pido del medidor.<\/p>\n","protected":false},"featured_media":2688,"comment_status":"open","ping_status":"closed","template":"","meta":{"_joinchat":[]},"product_brand":[],"product_cat":[15],"product_tag":[],"class_list":{"0":"post-2683","1":"product","2":"type-product","3":"status-publish","4":"has-post-thumbnail","6":"product_cat-sin-categorizar","8":"first","9":"instock","10":"shipping-taxable","11":"product-type-simple"},"yoast_head":"<!-- This site is optimized with the Yoast SEO plugin v26.4 - https:\/\/yoast.com\/wordpress\/plugins\/seo\/ -->\n<title>term\u00f3metro infrarrojo (ir) testo 826-t2 food service - Abaa tienda online<\/title>\n<meta name=\"robots\" content=\"index, follow, max-snippet:-1, max-image-preview:large, max-video-preview:-1\" \/>\n<link rel=\"canonical\" href=\"https:\/\/abaa.mx\/tienda\/termometro-infrarrojo-ir-testo-826-t2-food-service\/\" \/>\n<meta property=\"og:locale\" content=\"es_MX\" \/>\n<meta property=\"og:type\" content=\"article\" \/>\n<meta property=\"og:title\" content=\"term\u00f3metro infrarrojo (ir) testo 826-t2 food service - Abaa tienda online\" \/>\n<meta property=\"og:description\" content=\"testo 826-T2 para controles de temperatura r\u00e1pidos y sin contacto (con mira l\u00e1ser) en alimentos; F\u00e1cil y sin da\u00f1ar el embalaje. La alarma ac\u00fastica ajustable suena inmediatamente y se excede un valor l\u00edmite. Se suministran dos accesorios pr\u00e1cticos: 1.) El estuche TopSafe protege el instrumento del polvo, la suciedad, el impacto y el agua. 2.) Soporte de pared \/ cintur\u00f3n para el posicionamiento r\u00e1pido del medidor.\" \/>\n<meta property=\"og:url\" content=\"https:\/\/abaa.mx\/tienda\/termometro-infrarrojo-ir-testo-826-t2-food-service\/\" \/>\n<meta property=\"og:site_name\" content=\"Abaa tienda online\" \/>\n<meta property=\"article:modified_time\" content=\"2023-09-22T17:49:50+00:00\" \/>\n<meta property=\"og:image\" content=\"https:\/\/abaa.mx\/tienda\/wp-content\/uploads\/2023\/09\/826-T2.jpg\" \/>\n\t<meta property=\"og:image:width\" content=\"2000\" \/>\n\t<meta property=\"og:image:height\" content=\"1500\" \/>\n\t<meta property=\"og:image:type\" content=\"image\/jpeg\" \/>\n<meta name=\"twitter:card\" content=\"summary_large_image\" \/>\n<meta name=\"twitter:label1\" content=\"Tiempo de lectura\" \/>\n\t<meta name=\"twitter:data1\" content=\"1 minuto\" \/>\n<script type=\"application\/ld+json\" class=\"yoast-schema-graph\">{\"@context\":\"https:\/\/schema.org\",\"@graph\":[{\"@type\":\"WebPage\",\"@id\":\"https:\/\/abaa.mx\/tienda\/termometro-infrarrojo-ir-testo-826-t2-food-service\/\",\"url\":\"https:\/\/abaa.mx\/tienda\/termometro-infrarrojo-ir-testo-826-t2-food-service\/\",\"name\":\"term\u00f3metro infrarrojo (ir) testo 826-t2 food service - Abaa tienda online\",\"isPartOf\":{\"@id\":\"https:\/\/abaa.mx\/tienda\/#website\"},\"primaryImageOfPage\":{\"@id\":\"https:\/\/abaa.mx\/tienda\/termometro-infrarrojo-ir-testo-826-t2-food-service\/#primaryimage\"},\"image\":{\"@id\":\"https:\/\/abaa.mx\/tienda\/termometro-infrarrojo-ir-testo-826-t2-food-service\/#primaryimage\"},\"thumbnailUrl\":\"https:\/\/abaa.mx\/tienda\/wp-content\/uploads\/2023\/09\/826-T2.jpg\",\"datePublished\":\"2023-09-22T17:49:49+00:00\",\"dateModified\":\"2023-09-22T17:49:50+00:00\",\"breadcrumb\":{\"@id\":\"https:\/\/abaa.mx\/tienda\/termometro-infrarrojo-ir-testo-826-t2-food-service\/#breadcrumb\"},\"inLanguage\":\"es\",\"potentialAction\":[{\"@type\":\"ReadAction\",\"target\":[\"https:\/\/abaa.mx\/tienda\/termometro-infrarrojo-ir-testo-826-t2-food-service\/\"]}]},{\"@type\":\"ImageObject\",\"inLanguage\":\"es\",\"@id\":\"https:\/\/abaa.mx\/tienda\/termometro-infrarrojo-ir-testo-826-t2-food-service\/#primaryimage\",\"url\":\"https:\/\/abaa.mx\/tienda\/wp-content\/uploads\/2023\/09\/826-T2.jpg\",\"contentUrl\":\"https:\/\/abaa.mx\/tienda\/wp-content\/uploads\/2023\/09\/826-T2.jpg\",\"width\":2000,\"height\":1500,\"caption\":\"826-T2\"},{\"@type\":\"BreadcrumbList\",\"@id\":\"https:\/\/abaa.mx\/tienda\/termometro-infrarrojo-ir-testo-826-t2-food-service\/#breadcrumb\",\"itemListElement\":[{\"@type\":\"ListItem\",\"position\":1,\"name\":\"Inicio\",\"item\":\"https:\/\/abaa.mx\/tienda\/\"},{\"@type\":\"ListItem\",\"position\":2,\"name\":\"Tienda\",\"item\":\"https:\/\/abaa.mx\/tienda\/\"},{\"@type\":\"ListItem\",\"position\":3,\"name\":\"term\u00f3metro infrarrojo (ir) testo 826-t2 food service\"}]},{\"@type\":\"WebSite\",\"@id\":\"https:\/\/abaa.mx\/tienda\/#website\",\"url\":\"https:\/\/abaa.mx\/tienda\/\",\"name\":\"Abaa tienda online\",\"description\":\"Instrumentos de medici\u00f3n\",\"publisher\":{\"@id\":\"https:\/\/abaa.mx\/tienda\/#organization\"},\"potentialAction\":[{\"@type\":\"SearchAction\",\"target\":{\"@type\":\"EntryPoint\",\"urlTemplate\":\"https:\/\/abaa.mx\/tienda\/?s={search_term_string}\"},\"query-input\":{\"@type\":\"PropertyValueSpecification\",\"valueRequired\":true,\"valueName\":\"search_term_string\"}}],\"inLanguage\":\"es\"},{\"@type\":\"Organization\",\"@id\":\"https:\/\/abaa.mx\/tienda\/#organization\",\"name\":\"Abaa tienda online\",\"url\":\"https:\/\/abaa.mx\/tienda\/\",\"logo\":{\"@type\":\"ImageObject\",\"inLanguage\":\"es\",\"@id\":\"https:\/\/abaa.mx\/tienda\/#\/schema\/logo\/image\/\",\"url\":\"https:\/\/abaa.mx\/tienda\/wp-content\/uploads\/2024\/01\/abaa-metrologia-tienda.png\",\"contentUrl\":\"https:\/\/abaa.mx\/tienda\/wp-content\/uploads\/2024\/01\/abaa-metrologia-tienda.png\",\"width\":300,\"height\":141,\"caption\":\"Abaa tienda online\"},\"image\":{\"@id\":\"https:\/\/abaa.mx\/tienda\/#\/schema\/logo\/image\/\"}}]}<\/script>\n<!-- \/ Yoast SEO plugin. -->","yoast_head_json":{"title":"term\u00f3metro infrarrojo (ir) testo 826-t2 food service - Abaa tienda online","robots":{"index":"index","follow":"follow","max-snippet":"max-snippet:-1","max-image-preview":"max-image-preview:large","max-video-preview":"max-video-preview:-1"},"canonical":"https:\/\/abaa.mx\/tienda\/termometro-infrarrojo-ir-testo-826-t2-food-service\/","og_locale":"es_MX","og_type":"article","og_title":"term\u00f3metro infrarrojo (ir) testo 826-t2 food service - Abaa tienda online","og_description":"testo 826-T2 para controles de temperatura r\u00e1pidos y sin contacto (con mira l\u00e1ser) en alimentos; F\u00e1cil y sin da\u00f1ar el embalaje. La alarma ac\u00fastica ajustable suena inmediatamente y se excede un valor l\u00edmite. Se suministran dos accesorios pr\u00e1cticos: 1.) El estuche TopSafe protege el instrumento del polvo, la suciedad, el impacto y el agua. 2.) Soporte de pared \/ cintur\u00f3n para el posicionamiento r\u00e1pido del medidor.","og_url":"https:\/\/abaa.mx\/tienda\/termometro-infrarrojo-ir-testo-826-t2-food-service\/","og_site_name":"Abaa tienda online","article_modified_time":"2023-09-22T17:49:50+00:00","og_image":[{"width":2000,"height":1500,"url":"https:\/\/abaa.mx\/tienda\/wp-content\/uploads\/2023\/09\/826-T2.jpg","type":"image\/jpeg"}],"twitter_card":"summary_large_image","twitter_misc":{"Tiempo de lectura":"1 minuto"},"schema":{"@context":"https:\/\/schema.org","@graph":[{"@type":"WebPage","@id":"https:\/\/abaa.mx\/tienda\/termometro-infrarrojo-ir-testo-826-t2-food-service\/","url":"https:\/\/abaa.mx\/tienda\/termometro-infrarrojo-ir-testo-826-t2-food-service\/","name":"term\u00f3metro infrarrojo (ir) testo 826-t2 food service - Abaa tienda online","isPartOf":{"@id":"https:\/\/abaa.mx\/tienda\/#website"},"primaryImageOfPage":{"@id":"https:\/\/abaa.mx\/tienda\/termometro-infrarrojo-ir-testo-826-t2-food-service\/#primaryimage"},"image":{"@id":"https:\/\/abaa.mx\/tienda\/termometro-infrarrojo-ir-testo-826-t2-food-service\/#primaryimage"},"thumbnailUrl":"https:\/\/abaa.mx\/tienda\/wp-content\/uploads\/2023\/09\/826-T2.jpg","datePublished":"2023-09-22T17:49:49+00:00","dateModified":"2023-09-22T17:49:50+00:00","breadcrumb":{"@id":"https:\/\/abaa.mx\/tienda\/termometro-infrarrojo-ir-testo-826-t2-food-service\/#breadcrumb"},"inLanguage":"es","potentialAction":[{"@type":"ReadAction","target":["https:\/\/abaa.mx\/tienda\/termometro-infrarrojo-ir-testo-826-t2-food-service\/"]}]},{"@type":"ImageObject","inLanguage":"es","@id":"https:\/\/abaa.mx\/tienda\/termometro-infrarrojo-ir-testo-826-t2-food-service\/#primaryimage","url":"https:\/\/abaa.mx\/tienda\/wp-content\/uploads\/2023\/09\/826-T2.jpg","contentUrl":"https:\/\/abaa.mx\/tienda\/wp-content\/uploads\/2023\/09\/826-T2.jpg","width":2000,"height":1500,"caption":"826-T2"},{"@type":"BreadcrumbList","@id":"https:\/\/abaa.mx\/tienda\/termometro-infrarrojo-ir-testo-826-t2-food-service\/#breadcrumb","itemListElement":[{"@type":"ListItem","position":1,"name":"Inicio","item":"https:\/\/abaa.mx\/tienda\/"},{"@type":"ListItem","position":2,"name":"Tienda","item":"https:\/\/abaa.mx\/tienda\/"},{"@type":"ListItem","position":3,"name":"term\u00f3metro infrarrojo (ir) testo 826-t2 food service"}]},{"@type":"WebSite","@id":"https:\/\/abaa.mx\/tienda\/#website","url":"https:\/\/abaa.mx\/tienda\/","name":"Abaa tienda online","description":"Instrumentos de medici\u00f3n","publisher":{"@id":"https:\/\/abaa.mx\/tienda\/#organization"},"potentialAction":[{"@type":"SearchAction","target":{"@type":"EntryPoint","urlTemplate":"https:\/\/abaa.mx\/tienda\/?s={search_term_string}"},"query-input":{"@type":"PropertyValueSpecification","valueRequired":true,"valueName":"search_term_string"}}],"inLanguage":"es"},{"@type":"Organization","@id":"https:\/\/abaa.mx\/tienda\/#organization","name":"Abaa tienda online","url":"https:\/\/abaa.mx\/tienda\/","logo":{"@type":"ImageObject","inLanguage":"es","@id":"https:\/\/abaa.mx\/tienda\/#\/schema\/logo\/image\/","url":"https:\/\/abaa.mx\/tienda\/wp-content\/uploads\/2024\/01\/abaa-metrologia-tienda.png","contentUrl":"https:\/\/abaa.mx\/tienda\/wp-content\/uploads\/2024\/01\/abaa-metrologia-tienda.png","width":300,"height":141,"caption":"Abaa tienda online"},"image":{"@id":"https:\/\/abaa.mx\/tienda\/#\/schema\/logo\/image\/"}}]}},"_links":{"self":[{"href":"https:\/\/abaa.mx\/tienda\/wp-json\/wp\/v2\/product\/2683","targetHints":{"allow":["GET"]}}],"collection":[{"href":"https:\/\/abaa.mx\/tienda\/wp-json\/wp\/v2\/product"}],"about":[{"href":"https:\/\/abaa.mx\/tienda\/wp-json\/wp\/v2\/types\/product"}],"replies":[{"embeddable":true,"href":"https:\/\/abaa.mx\/tienda\/wp-json\/wp\/v2\/comments?post=2683"}],"wp:featuredmedia":[{"embeddable":true,"href":"https:\/\/abaa.mx\/tienda\/wp-json\/wp\/v2\/media\/2688"}],"wp:attachment":[{"href":"https:\/\/abaa.mx\/tienda\/wp-json\/wp\/v2\/media?parent=2683"}],"wp:term":[{"taxonomy":"product_brand","embeddable":true,"href":"https:\/\/abaa.mx\/tienda\/wp-json\/wp\/v2\/product_brand?post=2683"},{"taxonomy":"product_cat","embeddable":true,"href":"https:\/\/abaa.mx\/tienda\/wp-json\/wp\/v2\/product_cat?post=2683"},{"taxonomy":"product_tag","embeddable":true,"href":"https:\/\/abaa.mx\/tienda\/wp-json\/wp\/v2\/product_tag?post=2683"}],"curies":[{"name":"wp","href":"https:\/\/api.w.org\/{rel}","templated":true}]}}