{"id":2676,"date":"2023-09-22T17:49:45","date_gmt":"2023-09-22T17:49:45","guid":{"rendered":"https:\/\/abaa.mx\/tienda\/?post_type=product&#038;p=2676"},"modified":"2023-09-22T17:49:46","modified_gmt":"2023-09-22T17:49:46","slug":"controles-de-limite-de-termopar-serie-tsf-de-dwyer","status":"publish","type":"product","link":"https:\/\/abaa.mx\/tienda\/controles-de-limite-de-termopar-serie-tsf-de-dwyer\/","title":{"rendered":"Controles de l\u00edmite de termopar serie tsf de dwyer"},"content":{"rendered":"<h4>Ofertas de la serie Dwyer TSF<\/h4>\n<p>Bot\u00f3n de reinicio incorporado en el panel frontal o puede aceptar un restablecimiento externo.<\/p>\n<h5><strong>Especificaciones funcionales<\/strong><\/h5>\n<ul>\n<li>Entrada: Termopar tipo J o K<\/li>\n<li>Salida: rel\u00e9 SPDT de 16A @ resistivo de 250 VCA<\/li>\n<li>Potencia nominal (HP): 1 HP<\/li>\n<li>Pantalla: 3 d\u00edgitos, rojo, 1\/2&#8243; (12,7 mm) d\u00edgitos, signo m\u00e1s<\/li>\n<li>Resoluci\u00f3n: 1\u00b0<\/li>\n<li>Copia de seguridad de memoria: memoria no vol\u00e1til<\/li>\n<li>Temperatura ambiente de funcionamiento: 14 a 131 \u00b0F (-10 a 55 \u00b0C)<\/li>\n<li>Precisi\u00f3n: \u00b11% FS<\/li>\n<\/ul>\n<h5><strong>Especificaciones generales<\/strong><\/h5>\n<ul>\n<li>Tipo de control: ON \/ OFF; Restablecimiento manual\/autom\u00e1tico<\/li>\n<li>Requisitos de alimentaci\u00f3n: 110 VCA, 230 VCA, 12 VCA\/VCC o 24 VCA\/VCC (seg\u00fan el modelo)<\/li>\n<li>Consumo de energ\u00eda: 4 VA<\/li>\n<li>Peso: 2.3 oz (65 g)<\/li>\n<\/ul>\n","protected":false},"excerpt":{"rendered":"<p>El control de l\u00edmite aprobado por FM termopar TSF de la serie proporciona un estado de alarma audible junto con una robusta salida de rel\u00e9 de 16 amperios. La unidad permite al usuario seleccionar f\u00e1cilmente el restablecimiento autom\u00e1tico o manual junto con otros 10 par\u00e1metros. La serie TSF tiene un bot\u00f3n de reinicio incorporado en el panel frontal o puede aceptar un restablecimiento externo.<\/p>\n","protected":false},"featured_media":2687,"comment_status":"open","ping_status":"closed","template":"","meta":{"_joinchat":[]},"product_brand":[],"product_cat":[15],"product_tag":[],"class_list":{"0":"post-2676","1":"product","2":"type-product","3":"status-publish","4":"has-post-thumbnail","6":"product_cat-sin-categorizar","8":"first","9":"instock","10":"shipping-taxable","11":"product-type-simple"},"yoast_head":"<!-- This site is optimized with the Yoast SEO plugin v26.4 - https:\/\/yoast.com\/wordpress\/plugins\/seo\/ -->\n<title>Controles de l\u00edmite de termopar serie tsf de dwyer - Abaa tienda online<\/title>\n<meta name=\"robots\" content=\"index, follow, max-snippet:-1, max-image-preview:large, max-video-preview:-1\" \/>\n<link rel=\"canonical\" href=\"https:\/\/abaa.mx\/tienda\/controles-de-limite-de-termopar-serie-tsf-de-dwyer\/\" \/>\n<meta property=\"og:locale\" content=\"es_MX\" \/>\n<meta property=\"og:type\" content=\"article\" \/>\n<meta property=\"og:title\" content=\"Controles de l\u00edmite de termopar serie tsf de dwyer - Abaa tienda online\" \/>\n<meta property=\"og:description\" content=\"El control de l\u00edmite aprobado por FM termopar TSF de la serie proporciona un estado de alarma audible junto con una robusta salida de rel\u00e9 de 16 amperios. La unidad permite al usuario seleccionar f\u00e1cilmente el restablecimiento autom\u00e1tico o manual junto con otros 10 par\u00e1metros. La serie TSF tiene un bot\u00f3n de reinicio incorporado en el panel frontal o puede aceptar un restablecimiento externo.\" \/>\n<meta property=\"og:url\" content=\"https:\/\/abaa.mx\/tienda\/controles-de-limite-de-termopar-serie-tsf-de-dwyer\/\" \/>\n<meta property=\"og:site_name\" content=\"Abaa tienda online\" \/>\n<meta property=\"article:modified_time\" content=\"2023-09-22T17:49:46+00:00\" \/>\n<meta property=\"og:image\" content=\"https:\/\/abaa.mx\/tienda\/wp-content\/uploads\/2023\/09\/Controles-de-limite-de-termopar-serie-TSF-de-Dwyer.jpg\" \/>\n\t<meta property=\"og:image:width\" content=\"474\" \/>\n\t<meta property=\"og:image:height\" content=\"474\" \/>\n\t<meta property=\"og:image:type\" content=\"image\/jpeg\" \/>\n<meta name=\"twitter:card\" content=\"summary_large_image\" \/>\n<meta name=\"twitter:label1\" content=\"Tiempo de lectura\" \/>\n\t<meta name=\"twitter:data1\" content=\"1 minuto\" \/>\n<script type=\"application\/ld+json\" class=\"yoast-schema-graph\">{\"@context\":\"https:\/\/schema.org\",\"@graph\":[{\"@type\":\"WebPage\",\"@id\":\"https:\/\/abaa.mx\/tienda\/controles-de-limite-de-termopar-serie-tsf-de-dwyer\/\",\"url\":\"https:\/\/abaa.mx\/tienda\/controles-de-limite-de-termopar-serie-tsf-de-dwyer\/\",\"name\":\"Controles de l\u00edmite de termopar serie tsf de dwyer - Abaa tienda online\",\"isPartOf\":{\"@id\":\"https:\/\/abaa.mx\/tienda\/#website\"},\"primaryImageOfPage\":{\"@id\":\"https:\/\/abaa.mx\/tienda\/controles-de-limite-de-termopar-serie-tsf-de-dwyer\/#primaryimage\"},\"image\":{\"@id\":\"https:\/\/abaa.mx\/tienda\/controles-de-limite-de-termopar-serie-tsf-de-dwyer\/#primaryimage\"},\"thumbnailUrl\":\"https:\/\/abaa.mx\/tienda\/wp-content\/uploads\/2023\/09\/Controles-de-limite-de-termopar-serie-TSF-de-Dwyer.jpg\",\"datePublished\":\"2023-09-22T17:49:45+00:00\",\"dateModified\":\"2023-09-22T17:49:46+00:00\",\"breadcrumb\":{\"@id\":\"https:\/\/abaa.mx\/tienda\/controles-de-limite-de-termopar-serie-tsf-de-dwyer\/#breadcrumb\"},\"inLanguage\":\"es\",\"potentialAction\":[{\"@type\":\"ReadAction\",\"target\":[\"https:\/\/abaa.mx\/tienda\/controles-de-limite-de-termopar-serie-tsf-de-dwyer\/\"]}]},{\"@type\":\"ImageObject\",\"inLanguage\":\"es\",\"@id\":\"https:\/\/abaa.mx\/tienda\/controles-de-limite-de-termopar-serie-tsf-de-dwyer\/#primaryimage\",\"url\":\"https:\/\/abaa.mx\/tienda\/wp-content\/uploads\/2023\/09\/Controles-de-limite-de-termopar-serie-TSF-de-Dwyer.jpg\",\"contentUrl\":\"https:\/\/abaa.mx\/tienda\/wp-content\/uploads\/2023\/09\/Controles-de-limite-de-termopar-serie-TSF-de-Dwyer.jpg\",\"width\":474,\"height\":474,\"caption\":\"controles-de-limite-de-termopar-serie-tsf-de-dwyer\"},{\"@type\":\"BreadcrumbList\",\"@id\":\"https:\/\/abaa.mx\/tienda\/controles-de-limite-de-termopar-serie-tsf-de-dwyer\/#breadcrumb\",\"itemListElement\":[{\"@type\":\"ListItem\",\"position\":1,\"name\":\"Inicio\",\"item\":\"https:\/\/abaa.mx\/tienda\/\"},{\"@type\":\"ListItem\",\"position\":2,\"name\":\"Tienda\",\"item\":\"https:\/\/abaa.mx\/tienda\/\"},{\"@type\":\"ListItem\",\"position\":3,\"name\":\"Controles de l\u00edmite de termopar serie tsf de dwyer\"}]},{\"@type\":\"WebSite\",\"@id\":\"https:\/\/abaa.mx\/tienda\/#website\",\"url\":\"https:\/\/abaa.mx\/tienda\/\",\"name\":\"Abaa tienda online\",\"description\":\"Instrumentos de medici\u00f3n\",\"publisher\":{\"@id\":\"https:\/\/abaa.mx\/tienda\/#organization\"},\"potentialAction\":[{\"@type\":\"SearchAction\",\"target\":{\"@type\":\"EntryPoint\",\"urlTemplate\":\"https:\/\/abaa.mx\/tienda\/?s={search_term_string}\"},\"query-input\":{\"@type\":\"PropertyValueSpecification\",\"valueRequired\":true,\"valueName\":\"search_term_string\"}}],\"inLanguage\":\"es\"},{\"@type\":\"Organization\",\"@id\":\"https:\/\/abaa.mx\/tienda\/#organization\",\"name\":\"Abaa tienda online\",\"url\":\"https:\/\/abaa.mx\/tienda\/\",\"logo\":{\"@type\":\"ImageObject\",\"inLanguage\":\"es\",\"@id\":\"https:\/\/abaa.mx\/tienda\/#\/schema\/logo\/image\/\",\"url\":\"https:\/\/abaa.mx\/tienda\/wp-content\/uploads\/2024\/01\/abaa-metrologia-tienda.png\",\"contentUrl\":\"https:\/\/abaa.mx\/tienda\/wp-content\/uploads\/2024\/01\/abaa-metrologia-tienda.png\",\"width\":300,\"height\":141,\"caption\":\"Abaa tienda online\"},\"image\":{\"@id\":\"https:\/\/abaa.mx\/tienda\/#\/schema\/logo\/image\/\"}}]}<\/script>\n<!-- \/ Yoast SEO plugin. -->","yoast_head_json":{"title":"Controles de l\u00edmite de termopar serie tsf de dwyer - Abaa tienda online","robots":{"index":"index","follow":"follow","max-snippet":"max-snippet:-1","max-image-preview":"max-image-preview:large","max-video-preview":"max-video-preview:-1"},"canonical":"https:\/\/abaa.mx\/tienda\/controles-de-limite-de-termopar-serie-tsf-de-dwyer\/","og_locale":"es_MX","og_type":"article","og_title":"Controles de l\u00edmite de termopar serie tsf de dwyer - Abaa tienda online","og_description":"El control de l\u00edmite aprobado por FM termopar TSF de la serie proporciona un estado de alarma audible junto con una robusta salida de rel\u00e9 de 16 amperios. La unidad permite al usuario seleccionar f\u00e1cilmente el restablecimiento autom\u00e1tico o manual junto con otros 10 par\u00e1metros. La serie TSF tiene un bot\u00f3n de reinicio incorporado en el panel frontal o puede aceptar un restablecimiento externo.","og_url":"https:\/\/abaa.mx\/tienda\/controles-de-limite-de-termopar-serie-tsf-de-dwyer\/","og_site_name":"Abaa tienda online","article_modified_time":"2023-09-22T17:49:46+00:00","og_image":[{"width":474,"height":474,"url":"https:\/\/abaa.mx\/tienda\/wp-content\/uploads\/2023\/09\/Controles-de-limite-de-termopar-serie-TSF-de-Dwyer.jpg","type":"image\/jpeg"}],"twitter_card":"summary_large_image","twitter_misc":{"Tiempo de lectura":"1 minuto"},"schema":{"@context":"https:\/\/schema.org","@graph":[{"@type":"WebPage","@id":"https:\/\/abaa.mx\/tienda\/controles-de-limite-de-termopar-serie-tsf-de-dwyer\/","url":"https:\/\/abaa.mx\/tienda\/controles-de-limite-de-termopar-serie-tsf-de-dwyer\/","name":"Controles de l\u00edmite de termopar serie tsf de dwyer - Abaa tienda online","isPartOf":{"@id":"https:\/\/abaa.mx\/tienda\/#website"},"primaryImageOfPage":{"@id":"https:\/\/abaa.mx\/tienda\/controles-de-limite-de-termopar-serie-tsf-de-dwyer\/#primaryimage"},"image":{"@id":"https:\/\/abaa.mx\/tienda\/controles-de-limite-de-termopar-serie-tsf-de-dwyer\/#primaryimage"},"thumbnailUrl":"https:\/\/abaa.mx\/tienda\/wp-content\/uploads\/2023\/09\/Controles-de-limite-de-termopar-serie-TSF-de-Dwyer.jpg","datePublished":"2023-09-22T17:49:45+00:00","dateModified":"2023-09-22T17:49:46+00:00","breadcrumb":{"@id":"https:\/\/abaa.mx\/tienda\/controles-de-limite-de-termopar-serie-tsf-de-dwyer\/#breadcrumb"},"inLanguage":"es","potentialAction":[{"@type":"ReadAction","target":["https:\/\/abaa.mx\/tienda\/controles-de-limite-de-termopar-serie-tsf-de-dwyer\/"]}]},{"@type":"ImageObject","inLanguage":"es","@id":"https:\/\/abaa.mx\/tienda\/controles-de-limite-de-termopar-serie-tsf-de-dwyer\/#primaryimage","url":"https:\/\/abaa.mx\/tienda\/wp-content\/uploads\/2023\/09\/Controles-de-limite-de-termopar-serie-TSF-de-Dwyer.jpg","contentUrl":"https:\/\/abaa.mx\/tienda\/wp-content\/uploads\/2023\/09\/Controles-de-limite-de-termopar-serie-TSF-de-Dwyer.jpg","width":474,"height":474,"caption":"controles-de-limite-de-termopar-serie-tsf-de-dwyer"},{"@type":"BreadcrumbList","@id":"https:\/\/abaa.mx\/tienda\/controles-de-limite-de-termopar-serie-tsf-de-dwyer\/#breadcrumb","itemListElement":[{"@type":"ListItem","position":1,"name":"Inicio","item":"https:\/\/abaa.mx\/tienda\/"},{"@type":"ListItem","position":2,"name":"Tienda","item":"https:\/\/abaa.mx\/tienda\/"},{"@type":"ListItem","position":3,"name":"Controles de l\u00edmite de termopar serie tsf de dwyer"}]},{"@type":"WebSite","@id":"https:\/\/abaa.mx\/tienda\/#website","url":"https:\/\/abaa.mx\/tienda\/","name":"Abaa tienda online","description":"Instrumentos de medici\u00f3n","publisher":{"@id":"https:\/\/abaa.mx\/tienda\/#organization"},"potentialAction":[{"@type":"SearchAction","target":{"@type":"EntryPoint","urlTemplate":"https:\/\/abaa.mx\/tienda\/?s={search_term_string}"},"query-input":{"@type":"PropertyValueSpecification","valueRequired":true,"valueName":"search_term_string"}}],"inLanguage":"es"},{"@type":"Organization","@id":"https:\/\/abaa.mx\/tienda\/#organization","name":"Abaa tienda online","url":"https:\/\/abaa.mx\/tienda\/","logo":{"@type":"ImageObject","inLanguage":"es","@id":"https:\/\/abaa.mx\/tienda\/#\/schema\/logo\/image\/","url":"https:\/\/abaa.mx\/tienda\/wp-content\/uploads\/2024\/01\/abaa-metrologia-tienda.png","contentUrl":"https:\/\/abaa.mx\/tienda\/wp-content\/uploads\/2024\/01\/abaa-metrologia-tienda.png","width":300,"height":141,"caption":"Abaa tienda online"},"image":{"@id":"https:\/\/abaa.mx\/tienda\/#\/schema\/logo\/image\/"}}]}},"_links":{"self":[{"href":"https:\/\/abaa.mx\/tienda\/wp-json\/wp\/v2\/product\/2676","targetHints":{"allow":["GET"]}}],"collection":[{"href":"https:\/\/abaa.mx\/tienda\/wp-json\/wp\/v2\/product"}],"about":[{"href":"https:\/\/abaa.mx\/tienda\/wp-json\/wp\/v2\/types\/product"}],"replies":[{"embeddable":true,"href":"https:\/\/abaa.mx\/tienda\/wp-json\/wp\/v2\/comments?post=2676"}],"wp:featuredmedia":[{"embeddable":true,"href":"https:\/\/abaa.mx\/tienda\/wp-json\/wp\/v2\/media\/2687"}],"wp:attachment":[{"href":"https:\/\/abaa.mx\/tienda\/wp-json\/wp\/v2\/media?parent=2676"}],"wp:term":[{"taxonomy":"product_brand","embeddable":true,"href":"https:\/\/abaa.mx\/tienda\/wp-json\/wp\/v2\/product_brand?post=2676"},{"taxonomy":"product_cat","embeddable":true,"href":"https:\/\/abaa.mx\/tienda\/wp-json\/wp\/v2\/product_cat?post=2676"},{"taxonomy":"product_tag","embeddable":true,"href":"https:\/\/abaa.mx\/tienda\/wp-json\/wp\/v2\/product_tag?post=2676"}],"curies":[{"name":"wp","href":"https:\/\/api.w.org\/{rel}","templated":true}]}}