{"id":2674,"date":"2023-09-22T17:49:33","date_gmt":"2023-09-22T17:49:33","guid":{"rendered":"https:\/\/abaa.mx\/tienda\/?post_type=product&#038;p=2674"},"modified":"2023-09-22T17:49:34","modified_gmt":"2023-09-22T17:49:34","slug":"termopares-serie-tcs-de-dwyer","status":"publish","type":"product","link":"https:\/\/abaa.mx\/tienda\/termopares-serie-tcs-de-dwyer\/","title":{"rendered":"Termopares serie tcs de dwyer"},"content":{"rendered":"<h4>Ofertas de la serie Dwyer TCS<\/h4>\n<h5><strong>Funciones<\/strong><\/h5>\n<ul>\n<li>El usuario puede definir el punto de ajuste, la regulaci\u00f3n de calefacci\u00f3n \/ refrigeraci\u00f3n, el tiempo de ciclo, la configuraci\u00f3n de alarma, el estado de carga y el ajuste de la sonda ambiental<\/li>\n<li>El interruptor de termopar cuenta con protecci\u00f3n por contrase\u00f1a y mensajes de error\/alarma<\/li>\n<li>La temperatura y el estado de salida se indican en la pantalla LED roja brillante<\/li>\n<li>Utilice la clave de configuraci\u00f3n (se vende por separado) para programar r\u00e1pidamente varias unidades<\/li>\n<li>Incluye un clip de conexi\u00f3n para montaje en panel, junta, cubierta de terminal trasera y manual de instrucciones<\/li>\n<\/ul>\n<h5><strong>Caracter\u00edsticas t\u00e9cnicas<\/strong><\/h5>\n<ul>\n<li>Rango de sonda: 0 a 700 \u00b0C (32 a 999 \u00b0F) para el termopar J, 0 a 999 \u00b0C (32 a 999 \u00b0F) para el termopar K, S<\/li>\n<li>Entrada: Termopar tipo J, K o S<\/li>\n<li>Salida: rel\u00e9 SPDT de 16A @ resistivo de 250 VCA<\/li>\n<li>Potencia nominal (HP): 1 HP<\/li>\n<li>Tipo de control: ON \/ OFF<\/li>\n<li>Precisi\u00f3n: \u00b11% FS<\/li>\n<li>Pantalla: 3 d\u00edgitos, rojo, 1\/2&#8243; (12,7 mm) d\u00edgitos, signo m\u00e1s<\/li>\n<li>Resoluci\u00f3n: 1\u00b0<\/li>\n<li>Copia de seguridad de memoria: memoria no vol\u00e1til<\/li>\n<li>L\u00edmites de temperatura: Ambiente: 32 a 158 \u00b0F (0 a 70 \u00b0C)<\/li>\n<li>Peso: 2.3 oz (65 g)<\/li>\n<\/ul>\n<h5><strong>Aplicaciones<\/strong><\/h5>\n<ul>\n<li>Enfriadores industriales<\/li>\n<li>C\u00e1maras ambientales<\/li>\n<li>Walk-ins y congeladores<\/li>\n<li>Termo selladores<\/li>\n<li>Esterilizadores<\/li>\n<li>Enfriadores de cerveza y vino<\/li>\n<li>Glaseadoras de tazas<\/li>\n<li>Refrigeradores<\/li>\n<li>Vitrinas y armarios<\/li>\n<li>Calentadores<\/li>\n<li>Almacenamiento de carne y productos<\/li>\n<li>Preservaci\u00f3n floral<\/li>\n<li>Transporte refrigerado<\/li>\n<li>Laboratorios<\/li>\n<li>Equipo de servicio de alimentos<\/li>\n<li>Hornos y secadoras<\/li>\n<li>Conservaci\u00f3n del tabaco<\/li>\n<li>Cosido de pegamento termofusible para montadores de cajas<\/li>\n<li>Cuartos de herramientas<\/li>\n<li>Salas y c\u00e1maras de quemado<\/li>\n<li>Envasado de c\u00edtricos de agua fr\u00eda<\/li>\n<\/ul>\n","protected":false},"excerpt":{"rendered":"<p>Ofrece un amplio rango de temperatura, dos conjuntos de alarmas seleccionables y un zumbador interno que indica la condici\u00f3n o error de la alarma. El usuario puede definir el punto de ajuste, la regulaci\u00f3n de calefacci\u00f3n \/ refrigeraci\u00f3n, el tiempo de ciclo, la configuraci\u00f3n de alarma, el estado de carga y el ajuste de la sonda ambiental. El interruptor de termopar cuenta con protecci\u00f3n por contrase\u00f1a y mensajes de error \/ alarma.<\/p>\n","protected":false},"featured_media":2685,"comment_status":"open","ping_status":"closed","template":"","meta":{"_joinchat":[]},"product_brand":[],"product_cat":[15],"product_tag":[],"class_list":{"0":"post-2674","1":"product","2":"type-product","3":"status-publish","4":"has-post-thumbnail","6":"product_cat-sin-categorizar","8":"first","9":"instock","10":"shipping-taxable","11":"product-type-simple"},"yoast_head":"<!-- This site is optimized with the Yoast SEO plugin v26.4 - https:\/\/yoast.com\/wordpress\/plugins\/seo\/ -->\n<title>Termopares serie tcs de dwyer - Abaa tienda online<\/title>\n<meta name=\"robots\" content=\"index, follow, max-snippet:-1, max-image-preview:large, max-video-preview:-1\" \/>\n<link rel=\"canonical\" href=\"https:\/\/abaa.mx\/tienda\/termopares-serie-tcs-de-dwyer\/\" \/>\n<meta property=\"og:locale\" content=\"es_MX\" \/>\n<meta property=\"og:type\" content=\"article\" \/>\n<meta property=\"og:title\" content=\"Termopares serie tcs de dwyer - Abaa tienda online\" \/>\n<meta property=\"og:description\" content=\"Ofrece un amplio rango de temperatura, dos conjuntos de alarmas seleccionables y un zumbador interno que indica la condici\u00f3n o error de la alarma. El usuario puede definir el punto de ajuste, la regulaci\u00f3n de calefacci\u00f3n \/ refrigeraci\u00f3n, el tiempo de ciclo, la configuraci\u00f3n de alarma, el estado de carga y el ajuste de la sonda ambiental. El interruptor de termopar cuenta con protecci\u00f3n por contrase\u00f1a y mensajes de error \/ alarma.\" \/>\n<meta property=\"og:url\" content=\"https:\/\/abaa.mx\/tienda\/termopares-serie-tcs-de-dwyer\/\" \/>\n<meta property=\"og:site_name\" content=\"Abaa tienda online\" \/>\n<meta property=\"article:modified_time\" content=\"2023-09-22T17:49:34+00:00\" \/>\n<meta property=\"og:image\" content=\"https:\/\/abaa.mx\/tienda\/wp-content\/uploads\/2023\/09\/Termopares-serie-TCS-de-Dwyer.jpg\" \/>\n\t<meta property=\"og:image:width\" content=\"425\" \/>\n\t<meta property=\"og:image:height\" content=\"425\" \/>\n\t<meta property=\"og:image:type\" content=\"image\/jpeg\" \/>\n<meta name=\"twitter:card\" content=\"summary_large_image\" \/>\n<meta name=\"twitter:label1\" content=\"Tiempo de lectura\" \/>\n\t<meta name=\"twitter:data1\" content=\"2 minutos\" \/>\n<script type=\"application\/ld+json\" class=\"yoast-schema-graph\">{\"@context\":\"https:\/\/schema.org\",\"@graph\":[{\"@type\":\"WebPage\",\"@id\":\"https:\/\/abaa.mx\/tienda\/termopares-serie-tcs-de-dwyer\/\",\"url\":\"https:\/\/abaa.mx\/tienda\/termopares-serie-tcs-de-dwyer\/\",\"name\":\"Termopares serie tcs de dwyer - Abaa tienda online\",\"isPartOf\":{\"@id\":\"https:\/\/abaa.mx\/tienda\/#website\"},\"primaryImageOfPage\":{\"@id\":\"https:\/\/abaa.mx\/tienda\/termopares-serie-tcs-de-dwyer\/#primaryimage\"},\"image\":{\"@id\":\"https:\/\/abaa.mx\/tienda\/termopares-serie-tcs-de-dwyer\/#primaryimage\"},\"thumbnailUrl\":\"https:\/\/abaa.mx\/tienda\/wp-content\/uploads\/2023\/09\/Termopares-serie-TCS-de-Dwyer.jpg\",\"datePublished\":\"2023-09-22T17:49:33+00:00\",\"dateModified\":\"2023-09-22T17:49:34+00:00\",\"breadcrumb\":{\"@id\":\"https:\/\/abaa.mx\/tienda\/termopares-serie-tcs-de-dwyer\/#breadcrumb\"},\"inLanguage\":\"es\",\"potentialAction\":[{\"@type\":\"ReadAction\",\"target\":[\"https:\/\/abaa.mx\/tienda\/termopares-serie-tcs-de-dwyer\/\"]}]},{\"@type\":\"ImageObject\",\"inLanguage\":\"es\",\"@id\":\"https:\/\/abaa.mx\/tienda\/termopares-serie-tcs-de-dwyer\/#primaryimage\",\"url\":\"https:\/\/abaa.mx\/tienda\/wp-content\/uploads\/2023\/09\/Termopares-serie-TCS-de-Dwyer.jpg\",\"contentUrl\":\"https:\/\/abaa.mx\/tienda\/wp-content\/uploads\/2023\/09\/Termopares-serie-TCS-de-Dwyer.jpg\",\"width\":425,\"height\":425,\"caption\":\"termopares-serie-tcs-de-dwyer\"},{\"@type\":\"BreadcrumbList\",\"@id\":\"https:\/\/abaa.mx\/tienda\/termopares-serie-tcs-de-dwyer\/#breadcrumb\",\"itemListElement\":[{\"@type\":\"ListItem\",\"position\":1,\"name\":\"Inicio\",\"item\":\"https:\/\/abaa.mx\/tienda\/\"},{\"@type\":\"ListItem\",\"position\":2,\"name\":\"Tienda\",\"item\":\"https:\/\/abaa.mx\/tienda\/\"},{\"@type\":\"ListItem\",\"position\":3,\"name\":\"Termopares serie tcs de dwyer\"}]},{\"@type\":\"WebSite\",\"@id\":\"https:\/\/abaa.mx\/tienda\/#website\",\"url\":\"https:\/\/abaa.mx\/tienda\/\",\"name\":\"Abaa tienda online\",\"description\":\"Instrumentos de medici\u00f3n\",\"publisher\":{\"@id\":\"https:\/\/abaa.mx\/tienda\/#organization\"},\"potentialAction\":[{\"@type\":\"SearchAction\",\"target\":{\"@type\":\"EntryPoint\",\"urlTemplate\":\"https:\/\/abaa.mx\/tienda\/?s={search_term_string}\"},\"query-input\":{\"@type\":\"PropertyValueSpecification\",\"valueRequired\":true,\"valueName\":\"search_term_string\"}}],\"inLanguage\":\"es\"},{\"@type\":\"Organization\",\"@id\":\"https:\/\/abaa.mx\/tienda\/#organization\",\"name\":\"Abaa tienda online\",\"url\":\"https:\/\/abaa.mx\/tienda\/\",\"logo\":{\"@type\":\"ImageObject\",\"inLanguage\":\"es\",\"@id\":\"https:\/\/abaa.mx\/tienda\/#\/schema\/logo\/image\/\",\"url\":\"https:\/\/abaa.mx\/tienda\/wp-content\/uploads\/2024\/01\/abaa-metrologia-tienda.png\",\"contentUrl\":\"https:\/\/abaa.mx\/tienda\/wp-content\/uploads\/2024\/01\/abaa-metrologia-tienda.png\",\"width\":300,\"height\":141,\"caption\":\"Abaa tienda online\"},\"image\":{\"@id\":\"https:\/\/abaa.mx\/tienda\/#\/schema\/logo\/image\/\"}}]}<\/script>\n<!-- \/ Yoast SEO plugin. -->","yoast_head_json":{"title":"Termopares serie tcs de dwyer - Abaa tienda online","robots":{"index":"index","follow":"follow","max-snippet":"max-snippet:-1","max-image-preview":"max-image-preview:large","max-video-preview":"max-video-preview:-1"},"canonical":"https:\/\/abaa.mx\/tienda\/termopares-serie-tcs-de-dwyer\/","og_locale":"es_MX","og_type":"article","og_title":"Termopares serie tcs de dwyer - Abaa tienda online","og_description":"Ofrece un amplio rango de temperatura, dos conjuntos de alarmas seleccionables y un zumbador interno que indica la condici\u00f3n o error de la alarma. El usuario puede definir el punto de ajuste, la regulaci\u00f3n de calefacci\u00f3n \/ refrigeraci\u00f3n, el tiempo de ciclo, la configuraci\u00f3n de alarma, el estado de carga y el ajuste de la sonda ambiental. El interruptor de termopar cuenta con protecci\u00f3n por contrase\u00f1a y mensajes de error \/ alarma.","og_url":"https:\/\/abaa.mx\/tienda\/termopares-serie-tcs-de-dwyer\/","og_site_name":"Abaa tienda online","article_modified_time":"2023-09-22T17:49:34+00:00","og_image":[{"width":425,"height":425,"url":"https:\/\/abaa.mx\/tienda\/wp-content\/uploads\/2023\/09\/Termopares-serie-TCS-de-Dwyer.jpg","type":"image\/jpeg"}],"twitter_card":"summary_large_image","twitter_misc":{"Tiempo de lectura":"2 minutos"},"schema":{"@context":"https:\/\/schema.org","@graph":[{"@type":"WebPage","@id":"https:\/\/abaa.mx\/tienda\/termopares-serie-tcs-de-dwyer\/","url":"https:\/\/abaa.mx\/tienda\/termopares-serie-tcs-de-dwyer\/","name":"Termopares serie tcs de dwyer - Abaa tienda online","isPartOf":{"@id":"https:\/\/abaa.mx\/tienda\/#website"},"primaryImageOfPage":{"@id":"https:\/\/abaa.mx\/tienda\/termopares-serie-tcs-de-dwyer\/#primaryimage"},"image":{"@id":"https:\/\/abaa.mx\/tienda\/termopares-serie-tcs-de-dwyer\/#primaryimage"},"thumbnailUrl":"https:\/\/abaa.mx\/tienda\/wp-content\/uploads\/2023\/09\/Termopares-serie-TCS-de-Dwyer.jpg","datePublished":"2023-09-22T17:49:33+00:00","dateModified":"2023-09-22T17:49:34+00:00","breadcrumb":{"@id":"https:\/\/abaa.mx\/tienda\/termopares-serie-tcs-de-dwyer\/#breadcrumb"},"inLanguage":"es","potentialAction":[{"@type":"ReadAction","target":["https:\/\/abaa.mx\/tienda\/termopares-serie-tcs-de-dwyer\/"]}]},{"@type":"ImageObject","inLanguage":"es","@id":"https:\/\/abaa.mx\/tienda\/termopares-serie-tcs-de-dwyer\/#primaryimage","url":"https:\/\/abaa.mx\/tienda\/wp-content\/uploads\/2023\/09\/Termopares-serie-TCS-de-Dwyer.jpg","contentUrl":"https:\/\/abaa.mx\/tienda\/wp-content\/uploads\/2023\/09\/Termopares-serie-TCS-de-Dwyer.jpg","width":425,"height":425,"caption":"termopares-serie-tcs-de-dwyer"},{"@type":"BreadcrumbList","@id":"https:\/\/abaa.mx\/tienda\/termopares-serie-tcs-de-dwyer\/#breadcrumb","itemListElement":[{"@type":"ListItem","position":1,"name":"Inicio","item":"https:\/\/abaa.mx\/tienda\/"},{"@type":"ListItem","position":2,"name":"Tienda","item":"https:\/\/abaa.mx\/tienda\/"},{"@type":"ListItem","position":3,"name":"Termopares serie tcs de dwyer"}]},{"@type":"WebSite","@id":"https:\/\/abaa.mx\/tienda\/#website","url":"https:\/\/abaa.mx\/tienda\/","name":"Abaa tienda online","description":"Instrumentos de medici\u00f3n","publisher":{"@id":"https:\/\/abaa.mx\/tienda\/#organization"},"potentialAction":[{"@type":"SearchAction","target":{"@type":"EntryPoint","urlTemplate":"https:\/\/abaa.mx\/tienda\/?s={search_term_string}"},"query-input":{"@type":"PropertyValueSpecification","valueRequired":true,"valueName":"search_term_string"}}],"inLanguage":"es"},{"@type":"Organization","@id":"https:\/\/abaa.mx\/tienda\/#organization","name":"Abaa tienda online","url":"https:\/\/abaa.mx\/tienda\/","logo":{"@type":"ImageObject","inLanguage":"es","@id":"https:\/\/abaa.mx\/tienda\/#\/schema\/logo\/image\/","url":"https:\/\/abaa.mx\/tienda\/wp-content\/uploads\/2024\/01\/abaa-metrologia-tienda.png","contentUrl":"https:\/\/abaa.mx\/tienda\/wp-content\/uploads\/2024\/01\/abaa-metrologia-tienda.png","width":300,"height":141,"caption":"Abaa tienda online"},"image":{"@id":"https:\/\/abaa.mx\/tienda\/#\/schema\/logo\/image\/"}}]}},"_links":{"self":[{"href":"https:\/\/abaa.mx\/tienda\/wp-json\/wp\/v2\/product\/2674","targetHints":{"allow":["GET"]}}],"collection":[{"href":"https:\/\/abaa.mx\/tienda\/wp-json\/wp\/v2\/product"}],"about":[{"href":"https:\/\/abaa.mx\/tienda\/wp-json\/wp\/v2\/types\/product"}],"replies":[{"embeddable":true,"href":"https:\/\/abaa.mx\/tienda\/wp-json\/wp\/v2\/comments?post=2674"}],"wp:featuredmedia":[{"embeddable":true,"href":"https:\/\/abaa.mx\/tienda\/wp-json\/wp\/v2\/media\/2685"}],"wp:attachment":[{"href":"https:\/\/abaa.mx\/tienda\/wp-json\/wp\/v2\/media?parent=2674"}],"wp:term":[{"taxonomy":"product_brand","embeddable":true,"href":"https:\/\/abaa.mx\/tienda\/wp-json\/wp\/v2\/product_brand?post=2674"},{"taxonomy":"product_cat","embeddable":true,"href":"https:\/\/abaa.mx\/tienda\/wp-json\/wp\/v2\/product_cat?post=2674"},{"taxonomy":"product_tag","embeddable":true,"href":"https:\/\/abaa.mx\/tienda\/wp-json\/wp\/v2\/product_tag?post=2674"}],"curies":[{"name":"wp","href":"https:\/\/api.w.org\/{rel}","templated":true}]}}