{"id":2669,"date":"2023-09-22T17:09:39","date_gmt":"2023-09-22T17:09:39","guid":{"rendered":"https:\/\/abaa.mx\/tienda\/?post_type=product&#038;p=2669"},"modified":"2024-01-05T20:51:08","modified_gmt":"2024-01-05T20:51:08","slug":"yellow-jacket-49963-colector-solo-grados-f-escala-psi-r-22-404a-410a-refrigerante-calibre-rojo-azul","status":"publish","type":"product","link":"https:\/\/abaa.mx\/tienda\/yellow-jacket-49963-colector-solo-grados-f-escala-psi-r-22-404a-410a-refrigerante-calibre-rojo-azul\/","title":{"rendered":"Yellow jacket 49963 colector solo grados f escala psi r-22-404a-410a refrigerante, calibre rojo-azul"},"content":{"rendered":"<h4>Caracter\u00edsticas<\/h4>\n<ul class=\"a-unordered-list a-vertical a-spacing-mini\">\n<li class=\"a-spacing-mini\"><span class=\"a-list-item\">Asas contorneadas de f\u00e1cil agarre para un control positivo; codificadas por colores para una identificaci\u00f3n lista<\/span><\/li>\n<li class=\"a-spacing-mini\"><span class=\"a-list-item\">Cristal de visi\u00f3n para ver f\u00e1cilmente el movimiento del refrigerante y el estado durante la carga y la recuperaci\u00f3n<\/span><\/li>\n<li class=\"a-spacing-mini\"><span class=\"a-list-item\">Botas de calibre protector opcionales disponibles<\/span><\/li>\n<li class=\"a-spacing-mini\"><span class=\"a-list-item\">Gancho resistente que no se quita.<\/span><\/li>\n<\/ul>\n<div id=\"detailBullets_feature_div\">\n<h4>Producto<\/h4>\n<ul class=\"a-unordered-list a-nostyle a-vertical a-spacing-none detail-bullet-list\">\n<li><span class=\"a-list-item\"><span class=\"a-text-bold\">Descatalogado por el fabricante \u200f : \u200e\u00a0<\/span>No<\/span><\/li>\n<li><span class=\"a-list-item\"><span class=\"a-text-bold\">Dimensiones del producto \u200f : \u200e\u00a0<\/span>12,8 x 12,6 x 4,3 pulgadas; 2,87 Libras<\/span><\/li>\n<li><span class=\"a-list-item\"><span class=\"a-text-bold\">N\u00famero de modelo del producto \u200f : \u200e\u00a0<\/span>49963<\/span><\/li>\n<li><span class=\"a-list-item\"><span class=\"a-text-bold\">Producto en amazon.com desde \u200f : \u200e\u00a0<\/span>Enero 29, 2010<\/span><\/li>\n<li><span class=\"a-list-item\"><span class=\"a-text-bold\">Fabricante \u200f : \u200e\u00a0<\/span>Fotronic Corporation<\/span><\/li>\n<li><span class=\"a-list-item\"><span class=\"a-text-bold\">SALADO \u200f :\u00a0<\/span>B0036FIGFC<\/span><\/li>\n<li><span class=\"a-list-item\"><span class=\"a-text-bold\">Clasificaci\u00f3n en los m\u00e1s vendidos de Amazon:\u00a0<\/span>n\u00ba84,330 en Automotriz<\/span><\/li>\n<\/ul>\n<\/div>\n","protected":false},"excerpt":{"rendered":"<div id=\"productDescription_feature_div\" class=\"celwidget\" data-feature-name=\"productDescription\" data-csa-c-type=\"widget\" data-csa-c-content-id=\"productDescription\" data-csa-c-slot-id=\"productDescription_feature_div\" data-csa-c-asin=\"\" data-csa-c-is-in-initial-active-row=\"false\" data-csa-c-id=\"73iace-nagqf7-dfxhcb-8h9tyx\" data-cel-widget=\"productDescription_feature_div\">\n<div>\n<div id=\"productDescription_feature_div\" class=\"a-row feature\" data-feature-name=\"productDescription\" data-template-name=\"productDescription\" data-cel-widget=\"productDescription_feature_div\">\n<div id=\"productDescription\" class=\"a-section a-spacing-small\">\n<p>El cuerpo de aleaci\u00f3n de aluminio forjado hace que esta unidad sea ligera para un manejo f\u00e1cil con la durabilidad y fiabilidad necesarias para un uso repetido. Cuarta manguera para permitir la conexi\u00f3n a alta \/p\u00e9rdida, tanque de refrigerante y unidad de recuperaci\u00f3n o bomba de vac\u00edo para diagn\u00f3sticos, evacuaci\u00f3n y carga sin cambiar mangueras. Puerto de vac\u00edo de 3\/8 pulgadas para uso con manguera m\u00e1s grande para reducir el tiempo de evacuaci\u00f3n hasta en un 33%.<\/p>\n<\/div>\n<\/div>\n<\/div>\n<\/div>\n<div id=\"importantInformation_feature_div\" class=\"celwidget\" data-feature-name=\"importantInformation\" data-csa-c-type=\"widget\" data-csa-c-content-id=\"importantInformation\" data-csa-c-slot-id=\"importantInformation_feature_div\" data-csa-c-asin=\"\" data-csa-c-is-in-initial-active-row=\"false\" data-csa-c-id=\"rzhzth-6g6mg5-ami5as-f2uf4e\" data-cel-widget=\"importantInformation_feature_div\">\n<div class=\"a-divider a-divider-section\"><\/div>\n<\/div>\n","protected":false},"featured_media":2670,"comment_status":"open","ping_status":"closed","template":"","meta":{"_joinchat":[]},"product_brand":[],"product_cat":[15],"product_tag":[],"class_list":{"0":"post-2669","1":"product","2":"type-product","3":"status-publish","4":"has-post-thumbnail","6":"product_cat-sin-categorizar","8":"first","9":"instock","10":"shipping-taxable","11":"product-type-simple"},"yoast_head":"<!-- This site is optimized with the Yoast SEO plugin v26.4 - https:\/\/yoast.com\/wordpress\/plugins\/seo\/ -->\n<title>Yellow jacket 49963 colector solo grados f escala psi r-22-404a-410a refrigerante, calibre rojo-azul - Abaa tienda online<\/title>\n<meta name=\"robots\" content=\"index, follow, max-snippet:-1, max-image-preview:large, max-video-preview:-1\" \/>\n<link rel=\"canonical\" href=\"https:\/\/abaa.mx\/tienda\/yellow-jacket-49963-colector-solo-grados-f-escala-psi-r-22-404a-410a-refrigerante-calibre-rojo-azul\/\" \/>\n<meta property=\"og:locale\" content=\"es_MX\" \/>\n<meta property=\"og:type\" content=\"article\" \/>\n<meta property=\"og:title\" content=\"Yellow jacket 49963 colector solo grados f escala psi r-22-404a-410a refrigerante, calibre rojo-azul - Abaa tienda online\" \/>\n<meta property=\"og:description\" content=\"El cuerpo de aleaci\u00f3n de aluminio forjado hace que esta unidad sea ligera para un manejo f\u00e1cil con la durabilidad y fiabilidad necesarias para un uso repetido. Cuarta manguera para permitir la conexi\u00f3n a alta \/p\u00e9rdida, tanque de refrigerante y unidad de recuperaci\u00f3n o bomba de vac\u00edo para diagn\u00f3sticos, evacuaci\u00f3n y carga sin cambiar mangueras. Puerto de vac\u00edo de 3\/8 pulgadas para uso con manguera m\u00e1s grande para reducir el tiempo de evacuaci\u00f3n hasta en un 33%.\" \/>\n<meta property=\"og:url\" content=\"https:\/\/abaa.mx\/tienda\/yellow-jacket-49963-colector-solo-grados-f-escala-psi-r-22-404a-410a-refrigerante-calibre-rojo-azul\/\" \/>\n<meta property=\"og:site_name\" content=\"Abaa tienda online\" \/>\n<meta property=\"article:modified_time\" content=\"2024-01-05T20:51:08+00:00\" \/>\n<meta property=\"og:image\" content=\"https:\/\/abaa.mx\/tienda\/wp-content\/uploads\/2023\/09\/49863-1.jpg\" \/>\n\t<meta property=\"og:image:width\" content=\"522\" \/>\n\t<meta property=\"og:image:height\" content=\"522\" \/>\n\t<meta property=\"og:image:type\" content=\"image\/jpeg\" \/>\n<meta name=\"twitter:card\" content=\"summary_large_image\" \/>\n<meta name=\"twitter:label1\" content=\"Tiempo de lectura\" \/>\n\t<meta name=\"twitter:data1\" content=\"1 minuto\" \/>\n<script type=\"application\/ld+json\" class=\"yoast-schema-graph\">{\"@context\":\"https:\/\/schema.org\",\"@graph\":[{\"@type\":\"WebPage\",\"@id\":\"https:\/\/abaa.mx\/tienda\/yellow-jacket-49963-colector-solo-grados-f-escala-psi-r-22-404a-410a-refrigerante-calibre-rojo-azul\/\",\"url\":\"https:\/\/abaa.mx\/tienda\/yellow-jacket-49963-colector-solo-grados-f-escala-psi-r-22-404a-410a-refrigerante-calibre-rojo-azul\/\",\"name\":\"Yellow jacket 49963 colector solo grados f escala psi r-22-404a-410a refrigerante, calibre rojo-azul - Abaa tienda online\",\"isPartOf\":{\"@id\":\"https:\/\/abaa.mx\/tienda\/#website\"},\"primaryImageOfPage\":{\"@id\":\"https:\/\/abaa.mx\/tienda\/yellow-jacket-49963-colector-solo-grados-f-escala-psi-r-22-404a-410a-refrigerante-calibre-rojo-azul\/#primaryimage\"},\"image\":{\"@id\":\"https:\/\/abaa.mx\/tienda\/yellow-jacket-49963-colector-solo-grados-f-escala-psi-r-22-404a-410a-refrigerante-calibre-rojo-azul\/#primaryimage\"},\"thumbnailUrl\":\"https:\/\/abaa.mx\/tienda\/wp-content\/uploads\/2023\/09\/49863-1.jpg\",\"datePublished\":\"2023-09-22T17:09:39+00:00\",\"dateModified\":\"2024-01-05T20:51:08+00:00\",\"breadcrumb\":{\"@id\":\"https:\/\/abaa.mx\/tienda\/yellow-jacket-49963-colector-solo-grados-f-escala-psi-r-22-404a-410a-refrigerante-calibre-rojo-azul\/#breadcrumb\"},\"inLanguage\":\"es\",\"potentialAction\":[{\"@type\":\"ReadAction\",\"target\":[\"https:\/\/abaa.mx\/tienda\/yellow-jacket-49963-colector-solo-grados-f-escala-psi-r-22-404a-410a-refrigerante-calibre-rojo-azul\/\"]}]},{\"@type\":\"ImageObject\",\"inLanguage\":\"es\",\"@id\":\"https:\/\/abaa.mx\/tienda\/yellow-jacket-49963-colector-solo-grados-f-escala-psi-r-22-404a-410a-refrigerante-calibre-rojo-azul\/#primaryimage\",\"url\":\"https:\/\/abaa.mx\/tienda\/wp-content\/uploads\/2023\/09\/49863-1.jpg\",\"contentUrl\":\"https:\/\/abaa.mx\/tienda\/wp-content\/uploads\/2023\/09\/49863-1.jpg\",\"width\":522,\"height\":522,\"caption\":\"yellow-jacket-49963-colector-solo-grados-f-escala-psi-r-22-404a-410a-refrigerante-calibre-rojo-azul\"},{\"@type\":\"BreadcrumbList\",\"@id\":\"https:\/\/abaa.mx\/tienda\/yellow-jacket-49963-colector-solo-grados-f-escala-psi-r-22-404a-410a-refrigerante-calibre-rojo-azul\/#breadcrumb\",\"itemListElement\":[{\"@type\":\"ListItem\",\"position\":1,\"name\":\"Inicio\",\"item\":\"https:\/\/abaa.mx\/tienda\/\"},{\"@type\":\"ListItem\",\"position\":2,\"name\":\"Tienda\",\"item\":\"https:\/\/abaa.mx\/tienda\/\"},{\"@type\":\"ListItem\",\"position\":3,\"name\":\"Yellow jacket 49963 colector solo grados f escala psi r-22-404a-410a refrigerante, calibre rojo-azul\"}]},{\"@type\":\"WebSite\",\"@id\":\"https:\/\/abaa.mx\/tienda\/#website\",\"url\":\"https:\/\/abaa.mx\/tienda\/\",\"name\":\"Abaa tienda online\",\"description\":\"Instrumentos de medici\u00f3n\",\"publisher\":{\"@id\":\"https:\/\/abaa.mx\/tienda\/#organization\"},\"potentialAction\":[{\"@type\":\"SearchAction\",\"target\":{\"@type\":\"EntryPoint\",\"urlTemplate\":\"https:\/\/abaa.mx\/tienda\/?s={search_term_string}\"},\"query-input\":{\"@type\":\"PropertyValueSpecification\",\"valueRequired\":true,\"valueName\":\"search_term_string\"}}],\"inLanguage\":\"es\"},{\"@type\":\"Organization\",\"@id\":\"https:\/\/abaa.mx\/tienda\/#organization\",\"name\":\"Abaa tienda online\",\"url\":\"https:\/\/abaa.mx\/tienda\/\",\"logo\":{\"@type\":\"ImageObject\",\"inLanguage\":\"es\",\"@id\":\"https:\/\/abaa.mx\/tienda\/#\/schema\/logo\/image\/\",\"url\":\"https:\/\/abaa.mx\/tienda\/wp-content\/uploads\/2024\/01\/abaa-metrologia-tienda.png\",\"contentUrl\":\"https:\/\/abaa.mx\/tienda\/wp-content\/uploads\/2024\/01\/abaa-metrologia-tienda.png\",\"width\":300,\"height\":141,\"caption\":\"Abaa tienda online\"},\"image\":{\"@id\":\"https:\/\/abaa.mx\/tienda\/#\/schema\/logo\/image\/\"}}]}<\/script>\n<!-- \/ Yoast SEO plugin. -->","yoast_head_json":{"title":"Yellow jacket 49963 colector solo grados f escala psi r-22-404a-410a refrigerante, calibre rojo-azul - Abaa tienda online","robots":{"index":"index","follow":"follow","max-snippet":"max-snippet:-1","max-image-preview":"max-image-preview:large","max-video-preview":"max-video-preview:-1"},"canonical":"https:\/\/abaa.mx\/tienda\/yellow-jacket-49963-colector-solo-grados-f-escala-psi-r-22-404a-410a-refrigerante-calibre-rojo-azul\/","og_locale":"es_MX","og_type":"article","og_title":"Yellow jacket 49963 colector solo grados f escala psi r-22-404a-410a refrigerante, calibre rojo-azul - Abaa tienda online","og_description":"El cuerpo de aleaci\u00f3n de aluminio forjado hace que esta unidad sea ligera para un manejo f\u00e1cil con la durabilidad y fiabilidad necesarias para un uso repetido. Cuarta manguera para permitir la conexi\u00f3n a alta \/p\u00e9rdida, tanque de refrigerante y unidad de recuperaci\u00f3n o bomba de vac\u00edo para diagn\u00f3sticos, evacuaci\u00f3n y carga sin cambiar mangueras. Puerto de vac\u00edo de 3\/8 pulgadas para uso con manguera m\u00e1s grande para reducir el tiempo de evacuaci\u00f3n hasta en un 33%.","og_url":"https:\/\/abaa.mx\/tienda\/yellow-jacket-49963-colector-solo-grados-f-escala-psi-r-22-404a-410a-refrigerante-calibre-rojo-azul\/","og_site_name":"Abaa tienda online","article_modified_time":"2024-01-05T20:51:08+00:00","og_image":[{"width":522,"height":522,"url":"https:\/\/abaa.mx\/tienda\/wp-content\/uploads\/2023\/09\/49863-1.jpg","type":"image\/jpeg"}],"twitter_card":"summary_large_image","twitter_misc":{"Tiempo de lectura":"1 minuto"},"schema":{"@context":"https:\/\/schema.org","@graph":[{"@type":"WebPage","@id":"https:\/\/abaa.mx\/tienda\/yellow-jacket-49963-colector-solo-grados-f-escala-psi-r-22-404a-410a-refrigerante-calibre-rojo-azul\/","url":"https:\/\/abaa.mx\/tienda\/yellow-jacket-49963-colector-solo-grados-f-escala-psi-r-22-404a-410a-refrigerante-calibre-rojo-azul\/","name":"Yellow jacket 49963 colector solo grados f escala psi r-22-404a-410a refrigerante, calibre rojo-azul - Abaa tienda online","isPartOf":{"@id":"https:\/\/abaa.mx\/tienda\/#website"},"primaryImageOfPage":{"@id":"https:\/\/abaa.mx\/tienda\/yellow-jacket-49963-colector-solo-grados-f-escala-psi-r-22-404a-410a-refrigerante-calibre-rojo-azul\/#primaryimage"},"image":{"@id":"https:\/\/abaa.mx\/tienda\/yellow-jacket-49963-colector-solo-grados-f-escala-psi-r-22-404a-410a-refrigerante-calibre-rojo-azul\/#primaryimage"},"thumbnailUrl":"https:\/\/abaa.mx\/tienda\/wp-content\/uploads\/2023\/09\/49863-1.jpg","datePublished":"2023-09-22T17:09:39+00:00","dateModified":"2024-01-05T20:51:08+00:00","breadcrumb":{"@id":"https:\/\/abaa.mx\/tienda\/yellow-jacket-49963-colector-solo-grados-f-escala-psi-r-22-404a-410a-refrigerante-calibre-rojo-azul\/#breadcrumb"},"inLanguage":"es","potentialAction":[{"@type":"ReadAction","target":["https:\/\/abaa.mx\/tienda\/yellow-jacket-49963-colector-solo-grados-f-escala-psi-r-22-404a-410a-refrigerante-calibre-rojo-azul\/"]}]},{"@type":"ImageObject","inLanguage":"es","@id":"https:\/\/abaa.mx\/tienda\/yellow-jacket-49963-colector-solo-grados-f-escala-psi-r-22-404a-410a-refrigerante-calibre-rojo-azul\/#primaryimage","url":"https:\/\/abaa.mx\/tienda\/wp-content\/uploads\/2023\/09\/49863-1.jpg","contentUrl":"https:\/\/abaa.mx\/tienda\/wp-content\/uploads\/2023\/09\/49863-1.jpg","width":522,"height":522,"caption":"yellow-jacket-49963-colector-solo-grados-f-escala-psi-r-22-404a-410a-refrigerante-calibre-rojo-azul"},{"@type":"BreadcrumbList","@id":"https:\/\/abaa.mx\/tienda\/yellow-jacket-49963-colector-solo-grados-f-escala-psi-r-22-404a-410a-refrigerante-calibre-rojo-azul\/#breadcrumb","itemListElement":[{"@type":"ListItem","position":1,"name":"Inicio","item":"https:\/\/abaa.mx\/tienda\/"},{"@type":"ListItem","position":2,"name":"Tienda","item":"https:\/\/abaa.mx\/tienda\/"},{"@type":"ListItem","position":3,"name":"Yellow jacket 49963 colector solo grados f escala psi r-22-404a-410a refrigerante, calibre rojo-azul"}]},{"@type":"WebSite","@id":"https:\/\/abaa.mx\/tienda\/#website","url":"https:\/\/abaa.mx\/tienda\/","name":"Abaa tienda online","description":"Instrumentos de medici\u00f3n","publisher":{"@id":"https:\/\/abaa.mx\/tienda\/#organization"},"potentialAction":[{"@type":"SearchAction","target":{"@type":"EntryPoint","urlTemplate":"https:\/\/abaa.mx\/tienda\/?s={search_term_string}"},"query-input":{"@type":"PropertyValueSpecification","valueRequired":true,"valueName":"search_term_string"}}],"inLanguage":"es"},{"@type":"Organization","@id":"https:\/\/abaa.mx\/tienda\/#organization","name":"Abaa tienda online","url":"https:\/\/abaa.mx\/tienda\/","logo":{"@type":"ImageObject","inLanguage":"es","@id":"https:\/\/abaa.mx\/tienda\/#\/schema\/logo\/image\/","url":"https:\/\/abaa.mx\/tienda\/wp-content\/uploads\/2024\/01\/abaa-metrologia-tienda.png","contentUrl":"https:\/\/abaa.mx\/tienda\/wp-content\/uploads\/2024\/01\/abaa-metrologia-tienda.png","width":300,"height":141,"caption":"Abaa tienda online"},"image":{"@id":"https:\/\/abaa.mx\/tienda\/#\/schema\/logo\/image\/"}}]}},"_links":{"self":[{"href":"https:\/\/abaa.mx\/tienda\/wp-json\/wp\/v2\/product\/2669","targetHints":{"allow":["GET"]}}],"collection":[{"href":"https:\/\/abaa.mx\/tienda\/wp-json\/wp\/v2\/product"}],"about":[{"href":"https:\/\/abaa.mx\/tienda\/wp-json\/wp\/v2\/types\/product"}],"replies":[{"embeddable":true,"href":"https:\/\/abaa.mx\/tienda\/wp-json\/wp\/v2\/comments?post=2669"}],"wp:featuredmedia":[{"embeddable":true,"href":"https:\/\/abaa.mx\/tienda\/wp-json\/wp\/v2\/media\/2670"}],"wp:attachment":[{"href":"https:\/\/abaa.mx\/tienda\/wp-json\/wp\/v2\/media?parent=2669"}],"wp:term":[{"taxonomy":"product_brand","embeddable":true,"href":"https:\/\/abaa.mx\/tienda\/wp-json\/wp\/v2\/product_brand?post=2669"},{"taxonomy":"product_cat","embeddable":true,"href":"https:\/\/abaa.mx\/tienda\/wp-json\/wp\/v2\/product_cat?post=2669"},{"taxonomy":"product_tag","embeddable":true,"href":"https:\/\/abaa.mx\/tienda\/wp-json\/wp\/v2\/product_tag?post=2669"}],"curies":[{"name":"wp","href":"https:\/\/api.w.org\/{rel}","templated":true}]}}