{"id":2666,"date":"2023-09-22T17:43:15","date_gmt":"2023-09-22T17:43:15","guid":{"rendered":"https:\/\/abaa.mx\/tienda\/?post_type=product&#038;p=2666"},"modified":"2023-09-22T17:43:16","modified_gmt":"2023-09-22T17:43:16","slug":"testo-805-mini-termometro-infrarrojo-para-el-servicio-de-alimentos","status":"publish","type":"product","link":"https:\/\/abaa.mx\/tienda\/testo-805-mini-termometro-infrarrojo-para-el-servicio-de-alimentos\/","title":{"rendered":"testo 805 mini term\u00f3metro infrarrojo para el servicio de alimentos"},"content":{"rendered":"<p>El term\u00f3metro infrarrojo compacto de 80 mm cabe en cualquier bolsillo y siempre est\u00e1 al alcance, por ejemplo, para mediciones en productos entrantes y para revisar los estantes fr\u00edos en los supermercados. Tambi\u00e9n es ideal para mediciones r\u00e1pidas en la industria alimentaria y en el hogar.<\/p>\n<p><strong>Testo 805 Caracter\u00edsticas<\/strong><\/p>\n<ul>\n<li>Pr\u00e1ctico y compacto, tama\u00f1o de bolsillo<\/li>\n<li>Resistente al agua y robusto gracias a la funda de protecci\u00f3n apta para lavavajillas TopSafe (IP65)<\/li>\n<li>Visualizaci\u00f3n de valores m\u00ednimos y m\u00e1ximos<\/li>\n<li>Modo de escaneo para mediciones a largo plazo<\/li>\n<\/ul>\n<h4>Testo 805 Datos t\u00e9cnicos<\/h4>\n<table class=\"table table-striped\">\n<tbody>\n<tr>\n<td>Temperatura de almacenamiento<\/td>\n<td>-4 hasta +149 \u00b0F<\/td>\n<\/tr>\n<tr>\n<td>Temperatura de funcionamiento<\/td>\n<td>+32 hasta +122 \u00b0F<\/td>\n<\/tr>\n<tr>\n<td>Tipo de bater\u00eda<\/td>\n<td>Pila de bot\u00f3n de 3V (CR 2032)<\/td>\n<\/tr>\n<tr>\n<td>Duraci\u00f3n de la bater\u00eda<\/td>\n<td>40 horas (t\u00edpico)<\/td>\n<\/tr>\n<tr>\n<td>Dimensiones<\/td>\n<td>3,15 x 1,22 x 0,75 pulgadas<\/td>\n<\/tr>\n<tr>\n<td>Material de la carcasa<\/td>\n<td>ABS<\/td>\n<\/tr>\n<tr>\n<th colspan=\"2\">\n<h5>Infrarrojo<\/h5>\n<\/th>\n<\/tr>\n<tr>\n<td>Rango de medici\u00f3n<\/td>\n<td>-13 hasta +482 \u00b0F<\/td>\n<\/tr>\n<tr>\n<td>Exactitud<\/td>\n<td>\u00b15.4 \u00b0F (-13 a -5.8 \u00b0F)\u00b13.6 \u00b0F (-4 a +28.22 \u00b0F)\u00b11.8 \u00b0F (+28.4 a +104 \u00b0F)\u00b12.7 \u00b0F (+104.18 a +302 \u00b0F)<\/p>\n<p>\u00b12% de rdg. (+302,18 hasta +482 \u00b0F)<\/td>\n<\/tr>\n<tr>\n<td>Resoluci\u00f3n<\/td>\n<td>0.1 \u00b0F (14.18 a +391.82 \u00b0F)1 \u00b0F (rango restante)<\/td>\n<\/tr>\n<\/tbody>\n<\/table>\n","protected":false},"excerpt":{"rendered":"<p>El term\u00f3metro infrarrojo compacto de 80 mm cabe en cualquier bolsillo y siempre est\u00e1 al alcance, por ejemplo, para mediciones en productos entrantes y para revisar los estantes fr\u00edos en los supermercados. Tambi\u00e9n es ideal para mediciones r\u00e1pidas en la industria alimentaria y en el hogar.<\/p>\n","protected":false},"featured_media":2677,"comment_status":"open","ping_status":"closed","template":"","meta":{"_joinchat":[]},"product_brand":[],"product_cat":[15],"product_tag":[],"class_list":{"0":"post-2666","1":"product","2":"type-product","3":"status-publish","4":"has-post-thumbnail","6":"product_cat-sin-categorizar","8":"first","9":"instock","10":"shipping-taxable","11":"product-type-simple"},"yoast_head":"<!-- This site is optimized with the Yoast SEO plugin v26.4 - https:\/\/yoast.com\/wordpress\/plugins\/seo\/ -->\n<title>testo 805 mini term\u00f3metro infrarrojo para el servicio de alimentos - Abaa tienda online<\/title>\n<meta name=\"robots\" content=\"index, follow, max-snippet:-1, max-image-preview:large, max-video-preview:-1\" \/>\n<link rel=\"canonical\" href=\"https:\/\/abaa.mx\/tienda\/testo-805-mini-termometro-infrarrojo-para-el-servicio-de-alimentos\/\" \/>\n<meta property=\"og:locale\" content=\"es_MX\" \/>\n<meta property=\"og:type\" content=\"article\" \/>\n<meta property=\"og:title\" content=\"testo 805 mini term\u00f3metro infrarrojo para el servicio de alimentos - Abaa tienda online\" \/>\n<meta property=\"og:description\" content=\"El term\u00f3metro infrarrojo compacto de 80 mm cabe en cualquier bolsillo y siempre est\u00e1 al alcance, por ejemplo, para mediciones en productos entrantes y para revisar los estantes fr\u00edos en los supermercados. Tambi\u00e9n es ideal para mediciones r\u00e1pidas en la industria alimentaria y en el hogar.\" \/>\n<meta property=\"og:url\" content=\"https:\/\/abaa.mx\/tienda\/testo-805-mini-termometro-infrarrojo-para-el-servicio-de-alimentos\/\" \/>\n<meta property=\"og:site_name\" content=\"Abaa tienda online\" \/>\n<meta property=\"article:modified_time\" content=\"2023-09-22T17:43:16+00:00\" \/>\n<meta property=\"og:image\" content=\"https:\/\/abaa.mx\/tienda\/wp-content\/uploads\/2023\/09\/805.jpg\" \/>\n\t<meta property=\"og:image:width\" content=\"270\" \/>\n\t<meta property=\"og:image:height\" content=\"331\" \/>\n\t<meta property=\"og:image:type\" content=\"image\/jpeg\" \/>\n<meta name=\"twitter:card\" content=\"summary_large_image\" \/>\n<meta name=\"twitter:label1\" content=\"Tiempo de lectura\" \/>\n\t<meta name=\"twitter:data1\" content=\"1 minuto\" \/>\n<script type=\"application\/ld+json\" class=\"yoast-schema-graph\">{\"@context\":\"https:\/\/schema.org\",\"@graph\":[{\"@type\":\"WebPage\",\"@id\":\"https:\/\/abaa.mx\/tienda\/testo-805-mini-termometro-infrarrojo-para-el-servicio-de-alimentos\/\",\"url\":\"https:\/\/abaa.mx\/tienda\/testo-805-mini-termometro-infrarrojo-para-el-servicio-de-alimentos\/\",\"name\":\"testo 805 mini term\u00f3metro infrarrojo para el servicio de alimentos - Abaa tienda online\",\"isPartOf\":{\"@id\":\"https:\/\/abaa.mx\/tienda\/#website\"},\"primaryImageOfPage\":{\"@id\":\"https:\/\/abaa.mx\/tienda\/testo-805-mini-termometro-infrarrojo-para-el-servicio-de-alimentos\/#primaryimage\"},\"image\":{\"@id\":\"https:\/\/abaa.mx\/tienda\/testo-805-mini-termometro-infrarrojo-para-el-servicio-de-alimentos\/#primaryimage\"},\"thumbnailUrl\":\"https:\/\/abaa.mx\/tienda\/wp-content\/uploads\/2023\/09\/805.jpg\",\"datePublished\":\"2023-09-22T17:43:15+00:00\",\"dateModified\":\"2023-09-22T17:43:16+00:00\",\"breadcrumb\":{\"@id\":\"https:\/\/abaa.mx\/tienda\/testo-805-mini-termometro-infrarrojo-para-el-servicio-de-alimentos\/#breadcrumb\"},\"inLanguage\":\"es\",\"potentialAction\":[{\"@type\":\"ReadAction\",\"target\":[\"https:\/\/abaa.mx\/tienda\/testo-805-mini-termometro-infrarrojo-para-el-servicio-de-alimentos\/\"]}]},{\"@type\":\"ImageObject\",\"inLanguage\":\"es\",\"@id\":\"https:\/\/abaa.mx\/tienda\/testo-805-mini-termometro-infrarrojo-para-el-servicio-de-alimentos\/#primaryimage\",\"url\":\"https:\/\/abaa.mx\/tienda\/wp-content\/uploads\/2023\/09\/805.jpg\",\"contentUrl\":\"https:\/\/abaa.mx\/tienda\/wp-content\/uploads\/2023\/09\/805.jpg\",\"width\":270,\"height\":331,\"caption\":\"805\"},{\"@type\":\"BreadcrumbList\",\"@id\":\"https:\/\/abaa.mx\/tienda\/testo-805-mini-termometro-infrarrojo-para-el-servicio-de-alimentos\/#breadcrumb\",\"itemListElement\":[{\"@type\":\"ListItem\",\"position\":1,\"name\":\"Inicio\",\"item\":\"https:\/\/abaa.mx\/tienda\/\"},{\"@type\":\"ListItem\",\"position\":2,\"name\":\"Tienda\",\"item\":\"https:\/\/abaa.mx\/tienda\/\"},{\"@type\":\"ListItem\",\"position\":3,\"name\":\"testo 805 mini term\u00f3metro infrarrojo para el servicio de alimentos\"}]},{\"@type\":\"WebSite\",\"@id\":\"https:\/\/abaa.mx\/tienda\/#website\",\"url\":\"https:\/\/abaa.mx\/tienda\/\",\"name\":\"Abaa tienda online\",\"description\":\"Instrumentos de medici\u00f3n\",\"publisher\":{\"@id\":\"https:\/\/abaa.mx\/tienda\/#organization\"},\"potentialAction\":[{\"@type\":\"SearchAction\",\"target\":{\"@type\":\"EntryPoint\",\"urlTemplate\":\"https:\/\/abaa.mx\/tienda\/?s={search_term_string}\"},\"query-input\":{\"@type\":\"PropertyValueSpecification\",\"valueRequired\":true,\"valueName\":\"search_term_string\"}}],\"inLanguage\":\"es\"},{\"@type\":\"Organization\",\"@id\":\"https:\/\/abaa.mx\/tienda\/#organization\",\"name\":\"Abaa tienda online\",\"url\":\"https:\/\/abaa.mx\/tienda\/\",\"logo\":{\"@type\":\"ImageObject\",\"inLanguage\":\"es\",\"@id\":\"https:\/\/abaa.mx\/tienda\/#\/schema\/logo\/image\/\",\"url\":\"https:\/\/abaa.mx\/tienda\/wp-content\/uploads\/2024\/01\/abaa-metrologia-tienda.png\",\"contentUrl\":\"https:\/\/abaa.mx\/tienda\/wp-content\/uploads\/2024\/01\/abaa-metrologia-tienda.png\",\"width\":300,\"height\":141,\"caption\":\"Abaa tienda online\"},\"image\":{\"@id\":\"https:\/\/abaa.mx\/tienda\/#\/schema\/logo\/image\/\"}}]}<\/script>\n<!-- \/ Yoast SEO plugin. -->","yoast_head_json":{"title":"testo 805 mini term\u00f3metro infrarrojo para el servicio de alimentos - Abaa tienda online","robots":{"index":"index","follow":"follow","max-snippet":"max-snippet:-1","max-image-preview":"max-image-preview:large","max-video-preview":"max-video-preview:-1"},"canonical":"https:\/\/abaa.mx\/tienda\/testo-805-mini-termometro-infrarrojo-para-el-servicio-de-alimentos\/","og_locale":"es_MX","og_type":"article","og_title":"testo 805 mini term\u00f3metro infrarrojo para el servicio de alimentos - Abaa tienda online","og_description":"El term\u00f3metro infrarrojo compacto de 80 mm cabe en cualquier bolsillo y siempre est\u00e1 al alcance, por ejemplo, para mediciones en productos entrantes y para revisar los estantes fr\u00edos en los supermercados. Tambi\u00e9n es ideal para mediciones r\u00e1pidas en la industria alimentaria y en el hogar.","og_url":"https:\/\/abaa.mx\/tienda\/testo-805-mini-termometro-infrarrojo-para-el-servicio-de-alimentos\/","og_site_name":"Abaa tienda online","article_modified_time":"2023-09-22T17:43:16+00:00","og_image":[{"width":270,"height":331,"url":"https:\/\/abaa.mx\/tienda\/wp-content\/uploads\/2023\/09\/805.jpg","type":"image\/jpeg"}],"twitter_card":"summary_large_image","twitter_misc":{"Tiempo de lectura":"1 minuto"},"schema":{"@context":"https:\/\/schema.org","@graph":[{"@type":"WebPage","@id":"https:\/\/abaa.mx\/tienda\/testo-805-mini-termometro-infrarrojo-para-el-servicio-de-alimentos\/","url":"https:\/\/abaa.mx\/tienda\/testo-805-mini-termometro-infrarrojo-para-el-servicio-de-alimentos\/","name":"testo 805 mini term\u00f3metro infrarrojo para el servicio de alimentos - Abaa tienda online","isPartOf":{"@id":"https:\/\/abaa.mx\/tienda\/#website"},"primaryImageOfPage":{"@id":"https:\/\/abaa.mx\/tienda\/testo-805-mini-termometro-infrarrojo-para-el-servicio-de-alimentos\/#primaryimage"},"image":{"@id":"https:\/\/abaa.mx\/tienda\/testo-805-mini-termometro-infrarrojo-para-el-servicio-de-alimentos\/#primaryimage"},"thumbnailUrl":"https:\/\/abaa.mx\/tienda\/wp-content\/uploads\/2023\/09\/805.jpg","datePublished":"2023-09-22T17:43:15+00:00","dateModified":"2023-09-22T17:43:16+00:00","breadcrumb":{"@id":"https:\/\/abaa.mx\/tienda\/testo-805-mini-termometro-infrarrojo-para-el-servicio-de-alimentos\/#breadcrumb"},"inLanguage":"es","potentialAction":[{"@type":"ReadAction","target":["https:\/\/abaa.mx\/tienda\/testo-805-mini-termometro-infrarrojo-para-el-servicio-de-alimentos\/"]}]},{"@type":"ImageObject","inLanguage":"es","@id":"https:\/\/abaa.mx\/tienda\/testo-805-mini-termometro-infrarrojo-para-el-servicio-de-alimentos\/#primaryimage","url":"https:\/\/abaa.mx\/tienda\/wp-content\/uploads\/2023\/09\/805.jpg","contentUrl":"https:\/\/abaa.mx\/tienda\/wp-content\/uploads\/2023\/09\/805.jpg","width":270,"height":331,"caption":"805"},{"@type":"BreadcrumbList","@id":"https:\/\/abaa.mx\/tienda\/testo-805-mini-termometro-infrarrojo-para-el-servicio-de-alimentos\/#breadcrumb","itemListElement":[{"@type":"ListItem","position":1,"name":"Inicio","item":"https:\/\/abaa.mx\/tienda\/"},{"@type":"ListItem","position":2,"name":"Tienda","item":"https:\/\/abaa.mx\/tienda\/"},{"@type":"ListItem","position":3,"name":"testo 805 mini term\u00f3metro infrarrojo para el servicio de alimentos"}]},{"@type":"WebSite","@id":"https:\/\/abaa.mx\/tienda\/#website","url":"https:\/\/abaa.mx\/tienda\/","name":"Abaa tienda online","description":"Instrumentos de medici\u00f3n","publisher":{"@id":"https:\/\/abaa.mx\/tienda\/#organization"},"potentialAction":[{"@type":"SearchAction","target":{"@type":"EntryPoint","urlTemplate":"https:\/\/abaa.mx\/tienda\/?s={search_term_string}"},"query-input":{"@type":"PropertyValueSpecification","valueRequired":true,"valueName":"search_term_string"}}],"inLanguage":"es"},{"@type":"Organization","@id":"https:\/\/abaa.mx\/tienda\/#organization","name":"Abaa tienda online","url":"https:\/\/abaa.mx\/tienda\/","logo":{"@type":"ImageObject","inLanguage":"es","@id":"https:\/\/abaa.mx\/tienda\/#\/schema\/logo\/image\/","url":"https:\/\/abaa.mx\/tienda\/wp-content\/uploads\/2024\/01\/abaa-metrologia-tienda.png","contentUrl":"https:\/\/abaa.mx\/tienda\/wp-content\/uploads\/2024\/01\/abaa-metrologia-tienda.png","width":300,"height":141,"caption":"Abaa tienda online"},"image":{"@id":"https:\/\/abaa.mx\/tienda\/#\/schema\/logo\/image\/"}}]}},"_links":{"self":[{"href":"https:\/\/abaa.mx\/tienda\/wp-json\/wp\/v2\/product\/2666","targetHints":{"allow":["GET"]}}],"collection":[{"href":"https:\/\/abaa.mx\/tienda\/wp-json\/wp\/v2\/product"}],"about":[{"href":"https:\/\/abaa.mx\/tienda\/wp-json\/wp\/v2\/types\/product"}],"replies":[{"embeddable":true,"href":"https:\/\/abaa.mx\/tienda\/wp-json\/wp\/v2\/comments?post=2666"}],"wp:featuredmedia":[{"embeddable":true,"href":"https:\/\/abaa.mx\/tienda\/wp-json\/wp\/v2\/media\/2677"}],"wp:attachment":[{"href":"https:\/\/abaa.mx\/tienda\/wp-json\/wp\/v2\/media?parent=2666"}],"wp:term":[{"taxonomy":"product_brand","embeddable":true,"href":"https:\/\/abaa.mx\/tienda\/wp-json\/wp\/v2\/product_brand?post=2666"},{"taxonomy":"product_cat","embeddable":true,"href":"https:\/\/abaa.mx\/tienda\/wp-json\/wp\/v2\/product_cat?post=2666"},{"taxonomy":"product_tag","embeddable":true,"href":"https:\/\/abaa.mx\/tienda\/wp-json\/wp\/v2\/product_tag?post=2666"}],"curies":[{"name":"wp","href":"https:\/\/api.w.org\/{rel}","templated":true}]}}