{"id":2663,"date":"2023-09-22T16:52:22","date_gmt":"2023-09-22T16:52:22","guid":{"rendered":"https:\/\/abaa.mx\/tienda\/?post_type=product&#038;p=2663"},"modified":"2023-11-23T17:47:38","modified_gmt":"2023-11-23T17:47:38","slug":"termometro-rtd-termopar-multicanal-testo-735-2","status":"publish","type":"product","link":"https:\/\/abaa.mx\/tienda\/termometro-rtd-termopar-multicanal-testo-735-2\/","title":{"rendered":"term\u00f3metro rtd-termopar multicanal testo 735-2"},"content":{"rendered":"<p>El term\u00f3metro digital multicanal testo 735-2 se utiliza en una variedad de campos diferentes. Puede medir la superficie, el aire y la temperatura central de una amplia gama de medios con una precisi\u00f3n de hasta 0.09 \u00b0 F (utilizando sensores de inmersi\u00f3n \/ penetraci\u00f3n de Pt de alta precisi\u00f3n). Se puede conectar de forma inal\u00e1mbrica a hasta tres sensores de temperatura externos, cuyas lecturas se transmiten a la pantalla, por lo que lo que obtienes no es un medidor de 3 sino de 6 canales.<\/p>\n<p><strong>Amplia selecci\u00f3n de sensores para mediciones precisas en hasta 6 canales<\/strong><\/p>\n<p>El term\u00f3metro multicanal testo 735-2 tiene un punto de conexi\u00f3n del sensor para un sensor Pt100 de alta precisi\u00f3n y dos puntos de conexi\u00f3n para sensores r\u00e1pidos de elementos t\u00e9rmicos tipo K, T, J y S. Se pueden conectar 6 sensores, 3 de ellos sensores de temperatura inal\u00e1mbricos, al medidor. Una amplia selecci\u00f3n de sensores de inmersi\u00f3n\/penetraci\u00f3n\/superficie est\u00e1n disponibles para ayudarle a llevar a cabo mediciones de temperatura r\u00e1pidas y precisas en una variedad de superficies y medios diferentes.<\/p>\n<p>El sensor de inmersi\u00f3n\/penetraci\u00f3n Pt100 de alta precisi\u00f3n opcional tiene una precisi\u00f3n del sistema de 0,09 \u00b0F y una resoluci\u00f3n de 0,0018 \u00b0F. Esto hace que el testo 735-2 sea ideal para su uso como est\u00e1ndar de trabajo.<\/p>\n<p><strong>Para medir, guardar y analizar mediciones de temperatura con m\u00faltiples perfiles<\/strong><\/p>\n<p>El testo 735-2 le permite realizar mediciones de temperatura r\u00e1pidas y precisas, guardar hasta 10.000 lecturas y crear hasta 99 sitios de medici\u00f3n y m\u00faltiples perfiles de usuario.<\/p>\n<p>Tambi\u00e9n puede guardar protocolos individuales o series de medici\u00f3n para cada sitio de medici\u00f3n y seleccionar un ciclo de memoria de 0,5 segundos a 24 horas. El software (incluido) le permite guardar y analizar datos de medici\u00f3n como una tabla o gr\u00e1fico. Impresora turbo inal\u00e1mbrica opcional para impresiones in situ.<\/p>\n<p><strong>Alta precisi\u00f3n \u2013 Altamente pr\u00e1ctica<\/strong><\/p>\n<p>El testo 735-2 le proporciona valores m\u00ednimos, m\u00e1ximos y promedio de Delta T. Las lecturas se presentan en una pantalla retroiluminada (ideal en condiciones de poca luz). Se activa una alarma ac\u00fastica cuando se superan los umbrales. Clasificaci\u00f3n IP65 y certificaci\u00f3n EN 13485 \/ compatible con HACCP \/ certificaci\u00f3n HACCP internacional.<\/p>\n<p><strong>Funciones<\/strong><\/p>\n<ul>\n<li>Hasta 3 sensores de temperatura conectables y 3 inal\u00e1mbricos<\/li>\n<li>Memoria de gran tama\u00f1o para hasta 10.000 lecturas; Software para PC y cable USB incluidos<\/li>\n<li>Sensor opcional de alta precisi\u00f3n para una precisi\u00f3n de hasta 0,09 \u00b0F<\/li>\n<li>Clasificaci\u00f3n IP65 (entrada de polvo\/agua) Cumple con HACCP\/EN 13485<\/li>\n<\/ul>\n<h4>Testo 735-2 Datos t\u00e9cnicos<\/h4>\n<table class=\"table table-striped\">\n<tbody>\n<tr>\n<td colspan=\"2\"><strong>Tipo T (Cu-CuNi)<\/strong><\/td>\n<\/tr>\n<tr>\n<td>Rango de medici\u00f3n<\/td>\n<td>-328 hasta +752 \u00b0F<\/td>\n<\/tr>\n<tr>\n<td>Exactitud<\/td>\n<td>\u00b10.54 \u00b0F (-76 a +140 \u00b0F)<br \/>\n\u00b10.5% de rdg. (rango restante)<\/td>\n<\/tr>\n<tr>\n<td>Resoluci\u00f3n<\/td>\n<td>0.1 \u00b0C<\/td>\n<\/tr>\n<tr>\n<td colspan=\"2\"><strong>Tipo S (Pt10Rh Pt)<\/strong><\/td>\n<\/tr>\n<tr>\n<td>Rango de medici\u00f3n<\/td>\n<td>De 0 a +1760 \u00b0C<\/td>\n<\/tr>\n<tr>\n<td>Exactitud<\/td>\n<td>\u00b11 \u00b0C<\/td>\n<\/tr>\n<tr>\n<td>Resoluci\u00f3n<\/td>\n<td>1 \u00b0C<\/td>\n<\/tr>\n<tr>\n<td colspan=\"2\"><strong>Tipo J (FeCuNi)<\/strong><\/td>\n<\/tr>\n<tr>\n<td>Rango de medici\u00f3n<\/td>\n<td>-200 hasta +1000 \u00b0C<\/td>\n<\/tr>\n<tr>\n<td>Exactitud<\/td>\n<td>\u00b10,3 \u00b0C (-60 a +60 \u00b0C)<br \/>\n\u00b1(0,2 \u00b0C + 0,3% de rdg.) (rango restante)<\/td>\n<\/tr>\n<tr>\n<td>Resoluci\u00f3n<\/td>\n<td>0.1 \u00b0C<\/td>\n<\/tr>\n<tr>\n<td colspan=\"2\"><strong>Tipo K<\/strong><\/td>\n<\/tr>\n<tr>\n<td>Rango de medici\u00f3n<\/td>\n<td>-328 hasta +2498 \u00b0F<\/td>\n<\/tr>\n<tr>\n<td>Exactitud<\/td>\n<td>\u00b10.54 \u00b0F (-76 a +140 \u00b0F)<br \/>\n\u00b10.5% de rdg. (rango restante)<\/td>\n<\/tr>\n<tr>\n<td>Resoluci\u00f3n<\/td>\n<td>0.1 \u00b0F<\/td>\n<\/tr>\n<tr>\n<td colspan=\"2\"><strong>Temperatura &#8211; RTD<\/strong><\/td>\n<\/tr>\n<tr>\n<td>Rango de medici\u00f3n<\/td>\n<td>-328 hasta +1472 \u00b0F<\/td>\n<\/tr>\n<tr>\n<td>Exactitud<\/td>\n<td>\u00b10.36 \u00b0F (-148 a +391.82 \u00b0F)<br \/>\n\u00b10.2% de rdg. (rango restante)<\/td>\n<\/tr>\n<tr>\n<td>Resoluci\u00f3n<\/td>\n<td>0.05 \u00b0F<\/td>\n<\/tr>\n<tr>\n<td colspan=\"2\"><strong>Especificaciones generales<\/strong><\/td>\n<\/tr>\n<tr>\n<td>Temperatura de almacenamiento<\/td>\n<td>-22 hasta +158 \u00b0F<\/td>\n<\/tr>\n<tr>\n<td>Temperatura de funcionamiento<\/td>\n<td>-4 hasta +122 \u00b0F<\/td>\n<\/tr>\n<tr>\n<td>Tipo de bater\u00eda<\/td>\n<td>Manganeso alcalino, mignon, tipo AA<\/td>\n<\/tr>\n<tr>\n<td>Duraci\u00f3n de la bater\u00eda<\/td>\n<td>200 horas<\/td>\n<\/tr>\n<tr>\n<td>Dimensiones<\/td>\n<td>8,66 x 2,91 x 1,81 pulgadas<\/td>\n<\/tr>\n<tr>\n<td>Material de la carcasa<\/td>\n<td>ABS\/TPE\/Metal<\/td>\n<\/tr>\n<\/tbody>\n<\/table>\n","protected":false},"excerpt":{"rendered":"<p>El term\u00f3metro digital multicanal testo 735-2 se utiliza en una variedad de campos diferentes. Puede medir la superficie, el aire y la temperatura central de una amplia gama de medios con una precisi\u00f3n de hasta 0.09 \u00b0 F (utilizando sensores de inmersi\u00f3n \/ penetraci\u00f3n de Pt de alta precisi\u00f3n). Se puede conectar de forma inal\u00e1mbrica a hasta tres sensores de temperatura externos, cuyas lecturas se transmiten a la pantalla, por lo que lo que obtienes no es un medidor de 3 sino de 6 canales.<\/p>\n","protected":false},"featured_media":2665,"comment_status":"open","ping_status":"closed","template":"","meta":{"_joinchat":[]},"product_brand":[],"product_cat":[15],"product_tag":[],"class_list":{"0":"post-2663","1":"product","2":"type-product","3":"status-publish","4":"has-post-thumbnail","6":"product_cat-sin-categorizar","8":"first","9":"instock","10":"shipping-taxable","11":"product-type-simple"},"yoast_head":"<!-- This site is optimized with the Yoast SEO plugin v26.4 - https:\/\/yoast.com\/wordpress\/plugins\/seo\/ -->\n<title>term\u00f3metro rtd-termopar multicanal testo 735-2 - Abaa tienda online<\/title>\n<meta name=\"robots\" content=\"index, follow, max-snippet:-1, max-image-preview:large, max-video-preview:-1\" \/>\n<link rel=\"canonical\" href=\"https:\/\/abaa.mx\/tienda\/termometro-rtd-termopar-multicanal-testo-735-2\/\" \/>\n<meta property=\"og:locale\" content=\"es_MX\" \/>\n<meta property=\"og:type\" content=\"article\" \/>\n<meta property=\"og:title\" content=\"term\u00f3metro rtd-termopar multicanal testo 735-2 - Abaa tienda online\" \/>\n<meta property=\"og:description\" content=\"El term\u00f3metro digital multicanal testo 735-2 se utiliza en una variedad de campos diferentes. Puede medir la superficie, el aire y la temperatura central de una amplia gama de medios con una precisi\u00f3n de hasta 0.09 \u00b0 F (utilizando sensores de inmersi\u00f3n \/ penetraci\u00f3n de Pt de alta precisi\u00f3n). Se puede conectar de forma inal\u00e1mbrica a hasta tres sensores de temperatura externos, cuyas lecturas se transmiten a la pantalla, por lo que lo que obtienes no es un medidor de 3 sino de 6 canales.\" \/>\n<meta property=\"og:url\" content=\"https:\/\/abaa.mx\/tienda\/termometro-rtd-termopar-multicanal-testo-735-2\/\" \/>\n<meta property=\"og:site_name\" content=\"Abaa tienda online\" \/>\n<meta property=\"article:modified_time\" content=\"2023-11-23T17:47:38+00:00\" \/>\n<meta property=\"og:image\" content=\"https:\/\/abaa.mx\/tienda\/wp-content\/uploads\/2023\/09\/735-2.jpg\" \/>\n\t<meta property=\"og:image:width\" content=\"270\" \/>\n\t<meta property=\"og:image:height\" content=\"331\" \/>\n\t<meta property=\"og:image:type\" content=\"image\/jpeg\" \/>\n<meta name=\"twitter:card\" content=\"summary_large_image\" \/>\n<meta name=\"twitter:label1\" content=\"Tiempo de lectura\" \/>\n\t<meta name=\"twitter:data1\" content=\"3 minutos\" \/>\n<script type=\"application\/ld+json\" class=\"yoast-schema-graph\">{\"@context\":\"https:\/\/schema.org\",\"@graph\":[{\"@type\":\"WebPage\",\"@id\":\"https:\/\/abaa.mx\/tienda\/termometro-rtd-termopar-multicanal-testo-735-2\/\",\"url\":\"https:\/\/abaa.mx\/tienda\/termometro-rtd-termopar-multicanal-testo-735-2\/\",\"name\":\"term\u00f3metro rtd-termopar multicanal testo 735-2 - Abaa tienda online\",\"isPartOf\":{\"@id\":\"https:\/\/abaa.mx\/tienda\/#website\"},\"primaryImageOfPage\":{\"@id\":\"https:\/\/abaa.mx\/tienda\/termometro-rtd-termopar-multicanal-testo-735-2\/#primaryimage\"},\"image\":{\"@id\":\"https:\/\/abaa.mx\/tienda\/termometro-rtd-termopar-multicanal-testo-735-2\/#primaryimage\"},\"thumbnailUrl\":\"https:\/\/abaa.mx\/tienda\/wp-content\/uploads\/2023\/09\/735-2.jpg\",\"datePublished\":\"2023-09-22T16:52:22+00:00\",\"dateModified\":\"2023-11-23T17:47:38+00:00\",\"breadcrumb\":{\"@id\":\"https:\/\/abaa.mx\/tienda\/termometro-rtd-termopar-multicanal-testo-735-2\/#breadcrumb\"},\"inLanguage\":\"es\",\"potentialAction\":[{\"@type\":\"ReadAction\",\"target\":[\"https:\/\/abaa.mx\/tienda\/termometro-rtd-termopar-multicanal-testo-735-2\/\"]}]},{\"@type\":\"ImageObject\",\"inLanguage\":\"es\",\"@id\":\"https:\/\/abaa.mx\/tienda\/termometro-rtd-termopar-multicanal-testo-735-2\/#primaryimage\",\"url\":\"https:\/\/abaa.mx\/tienda\/wp-content\/uploads\/2023\/09\/735-2.jpg\",\"contentUrl\":\"https:\/\/abaa.mx\/tienda\/wp-content\/uploads\/2023\/09\/735-2.jpg\",\"width\":270,\"height\":331,\"caption\":\"735-2\"},{\"@type\":\"BreadcrumbList\",\"@id\":\"https:\/\/abaa.mx\/tienda\/termometro-rtd-termopar-multicanal-testo-735-2\/#breadcrumb\",\"itemListElement\":[{\"@type\":\"ListItem\",\"position\":1,\"name\":\"Inicio\",\"item\":\"https:\/\/abaa.mx\/tienda\/\"},{\"@type\":\"ListItem\",\"position\":2,\"name\":\"Tienda\",\"item\":\"https:\/\/abaa.mx\/tienda\/\"},{\"@type\":\"ListItem\",\"position\":3,\"name\":\"term\u00f3metro rtd-termopar multicanal testo 735-2\"}]},{\"@type\":\"WebSite\",\"@id\":\"https:\/\/abaa.mx\/tienda\/#website\",\"url\":\"https:\/\/abaa.mx\/tienda\/\",\"name\":\"Abaa tienda online\",\"description\":\"Instrumentos de medici\u00f3n\",\"publisher\":{\"@id\":\"https:\/\/abaa.mx\/tienda\/#organization\"},\"potentialAction\":[{\"@type\":\"SearchAction\",\"target\":{\"@type\":\"EntryPoint\",\"urlTemplate\":\"https:\/\/abaa.mx\/tienda\/?s={search_term_string}\"},\"query-input\":{\"@type\":\"PropertyValueSpecification\",\"valueRequired\":true,\"valueName\":\"search_term_string\"}}],\"inLanguage\":\"es\"},{\"@type\":\"Organization\",\"@id\":\"https:\/\/abaa.mx\/tienda\/#organization\",\"name\":\"Abaa tienda online\",\"url\":\"https:\/\/abaa.mx\/tienda\/\",\"logo\":{\"@type\":\"ImageObject\",\"inLanguage\":\"es\",\"@id\":\"https:\/\/abaa.mx\/tienda\/#\/schema\/logo\/image\/\",\"url\":\"https:\/\/abaa.mx\/tienda\/wp-content\/uploads\/2024\/01\/abaa-metrologia-tienda.png\",\"contentUrl\":\"https:\/\/abaa.mx\/tienda\/wp-content\/uploads\/2024\/01\/abaa-metrologia-tienda.png\",\"width\":300,\"height\":141,\"caption\":\"Abaa tienda online\"},\"image\":{\"@id\":\"https:\/\/abaa.mx\/tienda\/#\/schema\/logo\/image\/\"}}]}<\/script>\n<!-- \/ Yoast SEO plugin. -->","yoast_head_json":{"title":"term\u00f3metro rtd-termopar multicanal testo 735-2 - Abaa tienda online","robots":{"index":"index","follow":"follow","max-snippet":"max-snippet:-1","max-image-preview":"max-image-preview:large","max-video-preview":"max-video-preview:-1"},"canonical":"https:\/\/abaa.mx\/tienda\/termometro-rtd-termopar-multicanal-testo-735-2\/","og_locale":"es_MX","og_type":"article","og_title":"term\u00f3metro rtd-termopar multicanal testo 735-2 - Abaa tienda online","og_description":"El term\u00f3metro digital multicanal testo 735-2 se utiliza en una variedad de campos diferentes. Puede medir la superficie, el aire y la temperatura central de una amplia gama de medios con una precisi\u00f3n de hasta 0.09 \u00b0 F (utilizando sensores de inmersi\u00f3n \/ penetraci\u00f3n de Pt de alta precisi\u00f3n). Se puede conectar de forma inal\u00e1mbrica a hasta tres sensores de temperatura externos, cuyas lecturas se transmiten a la pantalla, por lo que lo que obtienes no es un medidor de 3 sino de 6 canales.","og_url":"https:\/\/abaa.mx\/tienda\/termometro-rtd-termopar-multicanal-testo-735-2\/","og_site_name":"Abaa tienda online","article_modified_time":"2023-11-23T17:47:38+00:00","og_image":[{"width":270,"height":331,"url":"https:\/\/abaa.mx\/tienda\/wp-content\/uploads\/2023\/09\/735-2.jpg","type":"image\/jpeg"}],"twitter_card":"summary_large_image","twitter_misc":{"Tiempo de lectura":"3 minutos"},"schema":{"@context":"https:\/\/schema.org","@graph":[{"@type":"WebPage","@id":"https:\/\/abaa.mx\/tienda\/termometro-rtd-termopar-multicanal-testo-735-2\/","url":"https:\/\/abaa.mx\/tienda\/termometro-rtd-termopar-multicanal-testo-735-2\/","name":"term\u00f3metro rtd-termopar multicanal testo 735-2 - Abaa tienda online","isPartOf":{"@id":"https:\/\/abaa.mx\/tienda\/#website"},"primaryImageOfPage":{"@id":"https:\/\/abaa.mx\/tienda\/termometro-rtd-termopar-multicanal-testo-735-2\/#primaryimage"},"image":{"@id":"https:\/\/abaa.mx\/tienda\/termometro-rtd-termopar-multicanal-testo-735-2\/#primaryimage"},"thumbnailUrl":"https:\/\/abaa.mx\/tienda\/wp-content\/uploads\/2023\/09\/735-2.jpg","datePublished":"2023-09-22T16:52:22+00:00","dateModified":"2023-11-23T17:47:38+00:00","breadcrumb":{"@id":"https:\/\/abaa.mx\/tienda\/termometro-rtd-termopar-multicanal-testo-735-2\/#breadcrumb"},"inLanguage":"es","potentialAction":[{"@type":"ReadAction","target":["https:\/\/abaa.mx\/tienda\/termometro-rtd-termopar-multicanal-testo-735-2\/"]}]},{"@type":"ImageObject","inLanguage":"es","@id":"https:\/\/abaa.mx\/tienda\/termometro-rtd-termopar-multicanal-testo-735-2\/#primaryimage","url":"https:\/\/abaa.mx\/tienda\/wp-content\/uploads\/2023\/09\/735-2.jpg","contentUrl":"https:\/\/abaa.mx\/tienda\/wp-content\/uploads\/2023\/09\/735-2.jpg","width":270,"height":331,"caption":"735-2"},{"@type":"BreadcrumbList","@id":"https:\/\/abaa.mx\/tienda\/termometro-rtd-termopar-multicanal-testo-735-2\/#breadcrumb","itemListElement":[{"@type":"ListItem","position":1,"name":"Inicio","item":"https:\/\/abaa.mx\/tienda\/"},{"@type":"ListItem","position":2,"name":"Tienda","item":"https:\/\/abaa.mx\/tienda\/"},{"@type":"ListItem","position":3,"name":"term\u00f3metro rtd-termopar multicanal testo 735-2"}]},{"@type":"WebSite","@id":"https:\/\/abaa.mx\/tienda\/#website","url":"https:\/\/abaa.mx\/tienda\/","name":"Abaa tienda online","description":"Instrumentos de medici\u00f3n","publisher":{"@id":"https:\/\/abaa.mx\/tienda\/#organization"},"potentialAction":[{"@type":"SearchAction","target":{"@type":"EntryPoint","urlTemplate":"https:\/\/abaa.mx\/tienda\/?s={search_term_string}"},"query-input":{"@type":"PropertyValueSpecification","valueRequired":true,"valueName":"search_term_string"}}],"inLanguage":"es"},{"@type":"Organization","@id":"https:\/\/abaa.mx\/tienda\/#organization","name":"Abaa tienda online","url":"https:\/\/abaa.mx\/tienda\/","logo":{"@type":"ImageObject","inLanguage":"es","@id":"https:\/\/abaa.mx\/tienda\/#\/schema\/logo\/image\/","url":"https:\/\/abaa.mx\/tienda\/wp-content\/uploads\/2024\/01\/abaa-metrologia-tienda.png","contentUrl":"https:\/\/abaa.mx\/tienda\/wp-content\/uploads\/2024\/01\/abaa-metrologia-tienda.png","width":300,"height":141,"caption":"Abaa tienda online"},"image":{"@id":"https:\/\/abaa.mx\/tienda\/#\/schema\/logo\/image\/"}}]}},"_links":{"self":[{"href":"https:\/\/abaa.mx\/tienda\/wp-json\/wp\/v2\/product\/2663","targetHints":{"allow":["GET"]}}],"collection":[{"href":"https:\/\/abaa.mx\/tienda\/wp-json\/wp\/v2\/product"}],"about":[{"href":"https:\/\/abaa.mx\/tienda\/wp-json\/wp\/v2\/types\/product"}],"replies":[{"embeddable":true,"href":"https:\/\/abaa.mx\/tienda\/wp-json\/wp\/v2\/comments?post=2663"}],"wp:featuredmedia":[{"embeddable":true,"href":"https:\/\/abaa.mx\/tienda\/wp-json\/wp\/v2\/media\/2665"}],"wp:attachment":[{"href":"https:\/\/abaa.mx\/tienda\/wp-json\/wp\/v2\/media?parent=2663"}],"wp:term":[{"taxonomy":"product_brand","embeddable":true,"href":"https:\/\/abaa.mx\/tienda\/wp-json\/wp\/v2\/product_brand?post=2663"},{"taxonomy":"product_cat","embeddable":true,"href":"https:\/\/abaa.mx\/tienda\/wp-json\/wp\/v2\/product_cat?post=2663"},{"taxonomy":"product_tag","embeddable":true,"href":"https:\/\/abaa.mx\/tienda\/wp-json\/wp\/v2\/product_tag?post=2663"}],"curies":[{"name":"wp","href":"https:\/\/api.w.org\/{rel}","templated":true}]}}