{"id":2660,"date":"2023-09-22T16:50:43","date_gmt":"2023-09-22T16:50:43","guid":{"rendered":"https:\/\/abaa.mx\/tienda\/?post_type=product&#038;p=2660"},"modified":"2023-11-23T17:48:45","modified_gmt":"2023-11-23T17:48:45","slug":"testo-735-1-3-channel-rtd-termometro-de-termopar","status":"publish","type":"product","link":"https:\/\/abaa.mx\/tienda\/testo-735-1-3-channel-rtd-termometro-de-termopar\/","title":{"rendered":"Testo 735-1 3-channel rtd-term\u00f3metro de termopar"},"content":{"rendered":"<p>Cuando est\u00e1 completamente equipado, se pueden registrar y mostrar tres sondas de radio y tres sondas acoplables. Para sondas cl\u00e1sicas con cable, hay dos entradas disponibles para sondas de termopar r\u00e1pido (Tipo K\/T) y una entrada para sondas Pt100 de alta precisi\u00f3n.<\/p>\n<p>Tenga en cuenta: Necesitar\u00e1 un sensor para usar su medidor. Seleccione entre una amplia gama de sensores opcionales. La precisi\u00f3n de sus mediciones depende de la precisi\u00f3n de los sensores y del medidor.<\/p>\n<p><strong>Funciones<\/strong><\/p>\n<ul>\n<li>Precisi\u00f3n del sistema de hasta 0,05 \u00b0C<\/li>\n<li>M\u00e1xima precisi\u00f3n en todo el rango de medici\u00f3n gracias al ajuste del sistema<\/li>\n<li>Almacenamiento de mediciones individuales o series de mediciones por ubicaci\u00f3n<\/li>\n<li>Imprima in situ con impresora opcional<\/li>\n<li>Conexiones para 3 sondas acoplables y tres sondas de radio<\/li>\n<li>Alarma de valores l\u00edmite<\/li>\n<li>Visualizaci\u00f3n de Delta T, valores m\u00ednimo\/m\u00e1ximo y medios<\/li>\n<li>Pantalla iluminable<\/li>\n<li>Tipo de protecci\u00f3n IP 54<\/li>\n<\/ul>\n<h4>Testo 735-1 Especificaciones<\/h4>\n<table class=\"table table-striped\">\n<tbody>\n<tr>\n<td colspan=\"2\"><strong>Temperatura &#8211; Pt100<\/strong><\/td>\n<\/tr>\n<tr>\n<td>Rango de medici\u00f3n<\/td>\n<td>-200 a 800\u00b0C<\/td>\n<\/tr>\n<tr>\n<td>Exactitud<\/td>\n<td>\u00b10,2 \u00b0C (-100 a 199,9 \u00b0C) \u00b10,2 % del v.m. (rango restante)<\/td>\n<\/tr>\n<tr>\n<td>Resoluci\u00f3n<\/td>\n<td>0.05\u00b0C<\/td>\n<\/tr>\n<tr>\n<td colspan=\"2\"><strong>Temperatura &#8211; TC Tipo K (NiCr-Ni)<\/strong><\/td>\n<\/tr>\n<tr>\n<td>Rango de medici\u00f3n<\/td>\n<td>-200 a 1370\u00b0C<\/td>\n<\/tr>\n<tr>\n<td>Exactitud<\/td>\n<td>\u00b10,3 \u00b0C (-60 a 60 \u00b0C) \u00b1(0,2 \u00b0C + 0,3 % del v) (rango restante)<\/td>\n<\/tr>\n<tr>\n<td>Resoluci\u00f3n<\/td>\n<td>0.1\u00b0C<\/td>\n<\/tr>\n<tr>\n<td colspan=\"2\"><strong>Temperatura &#8211; TC Tipo T (Cu-CuNi)<\/strong><\/td>\n<\/tr>\n<tr>\n<td>Rango de medici\u00f3n<\/td>\n<td>-200 a 400\u00b0C<\/td>\n<\/tr>\n<tr>\n<td>Exactitud<\/td>\n<td>\u00b10,3 \u00b0C (-60 a 60 \u00b0C) \u00b1(0,2 \u00b0C + 0,3 % del v) (rango restante)<\/td>\n<\/tr>\n<tr>\n<td>Resoluci\u00f3n<\/td>\n<td>0.1\u00b0C<\/td>\n<\/tr>\n<tr>\n<td colspan=\"2\"><strong>Temperatura &#8211; TC Tipo J (Fe-CuNi)<\/strong><\/td>\n<\/tr>\n<tr>\n<td>Rango de medici\u00f3n<\/td>\n<td>-200 a 1000\u00b0C<\/td>\n<\/tr>\n<tr>\n<td>Exactitud<\/td>\n<td>\u00b10,3 \u00b0C (-60 a 60 \u00b0C) \u00b1(0,2 \u00b0C + 0,3 % del v) (rango restante)<\/td>\n<\/tr>\n<tr>\n<td>Resoluci\u00f3n<\/td>\n<td>0.1\u00b0C<\/td>\n<\/tr>\n<tr>\n<td colspan=\"2\"><strong>Temperatura &#8211; TC Tipo S (Pt10Rh-Pt)<\/strong><\/td>\n<\/tr>\n<tr>\n<td>Rango de medici\u00f3n<\/td>\n<td>0 a 1760\u00b0C<\/td>\n<\/tr>\n<tr>\n<td>Exactitud<\/td>\n<td>\u00b11\u00b0C (0 a 1760\u00b0C)<\/td>\n<\/tr>\n<tr>\n<td>Resoluci\u00f3n<\/td>\n<td>1\u00b0C<\/td>\n<\/tr>\n<tr>\n<td colspan=\"2\"><strong>Especificaciones generales<\/strong><\/td>\n<\/tr>\n<tr>\n<td>Dimensiones<\/td>\n<td>220 x 74 x 46 mm<\/td>\n<\/tr>\n<tr>\n<td>Temperatura de funcionamiento<\/td>\n<td>-20 a 50\u00b0C<\/td>\n<\/tr>\n<tr>\n<td>Vivienda<\/td>\n<td>ABS \/ TPE \/ Metal<\/td>\n<\/tr>\n<tr>\n<td>Clase de protecci\u00f3n<\/td>\n<td>IP65<\/td>\n<\/tr>\n<tr>\n<td>Normas<\/td>\n<td>EN 13485<\/td>\n<\/tr>\n<tr>\n<td>Tipo de bater\u00eda<\/td>\n<td>Manganeso alcalino, mignon, tipo AA<\/td>\n<\/tr>\n<tr>\n<td>Temperatura de almacenamiento<\/td>\n<td>-30 a 70\u00b0C<\/td>\n<\/tr>\n<tr>\n<td>Peso<\/td>\n<td>428 g<\/td>\n<\/tr>\n<\/tbody>\n<\/table>\n","protected":false},"excerpt":{"rendered":"<p>Cuando est\u00e1 completamente equipado, se pueden registrar y mostrar tres sondas de radio y tres sondas acoplables. Para sondas cl\u00e1sicas con cable, hay dos entradas disponibles para sondas de termopar r\u00e1pido (Tipo K\/T) y una entrada para sondas Pt100 de alta precisi\u00f3n.<\/p>\n<p>Tenga en cuenta: Necesitar\u00e1 un sensor para usar su medidor. Seleccione entre una amplia gama de sensores opcionales. La precisi\u00f3n de sus mediciones depende de la precisi\u00f3n de los sensores y del medidor.<\/p>\n","protected":false},"featured_media":2661,"comment_status":"open","ping_status":"closed","template":"","meta":{"_joinchat":[]},"product_brand":[],"product_cat":[15],"product_tag":[],"class_list":{"0":"post-2660","1":"product","2":"type-product","3":"status-publish","4":"has-post-thumbnail","6":"product_cat-sin-categorizar","8":"first","9":"instock","10":"shipping-taxable","11":"product-type-simple"},"yoast_head":"<!-- This site is optimized with the Yoast SEO plugin v26.4 - https:\/\/yoast.com\/wordpress\/plugins\/seo\/ -->\n<title>Testo 735-1 3-channel rtd-term\u00f3metro de termopar - Abaa tienda online<\/title>\n<meta name=\"robots\" content=\"index, follow, max-snippet:-1, max-image-preview:large, max-video-preview:-1\" \/>\n<link rel=\"canonical\" href=\"https:\/\/abaa.mx\/tienda\/testo-735-1-3-channel-rtd-termometro-de-termopar\/\" \/>\n<meta property=\"og:locale\" content=\"es_MX\" \/>\n<meta property=\"og:type\" content=\"article\" \/>\n<meta property=\"og:title\" content=\"Testo 735-1 3-channel rtd-term\u00f3metro de termopar - Abaa tienda online\" \/>\n<meta property=\"og:description\" content=\"Cuando est\u00e1 completamente equipado, se pueden registrar y mostrar tres sondas de radio y tres sondas acoplables. Para sondas cl\u00e1sicas con cable, hay dos entradas disponibles para sondas de termopar r\u00e1pido (Tipo K\/T) y una entrada para sondas Pt100 de alta precisi\u00f3n.  Tenga en cuenta: Necesitar\u00e1 un sensor para usar su medidor. Seleccione entre una amplia gama de sensores opcionales. La precisi\u00f3n de sus mediciones depende de la precisi\u00f3n de los sensores y del medidor.\" \/>\n<meta property=\"og:url\" content=\"https:\/\/abaa.mx\/tienda\/testo-735-1-3-channel-rtd-termometro-de-termopar\/\" \/>\n<meta property=\"og:site_name\" content=\"Abaa tienda online\" \/>\n<meta property=\"article:modified_time\" content=\"2023-11-23T17:48:45+00:00\" \/>\n<meta property=\"og:image\" content=\"https:\/\/abaa.mx\/tienda\/wp-content\/uploads\/2023\/09\/735-1.jpg\" \/>\n\t<meta property=\"og:image:width\" content=\"270\" \/>\n\t<meta property=\"og:image:height\" content=\"500\" \/>\n\t<meta property=\"og:image:type\" content=\"image\/jpeg\" \/>\n<meta name=\"twitter:card\" content=\"summary_large_image\" \/>\n<meta name=\"twitter:label1\" content=\"Tiempo de lectura\" \/>\n\t<meta name=\"twitter:data1\" content=\"2 minutos\" \/>\n<script type=\"application\/ld+json\" class=\"yoast-schema-graph\">{\"@context\":\"https:\/\/schema.org\",\"@graph\":[{\"@type\":\"WebPage\",\"@id\":\"https:\/\/abaa.mx\/tienda\/testo-735-1-3-channel-rtd-termometro-de-termopar\/\",\"url\":\"https:\/\/abaa.mx\/tienda\/testo-735-1-3-channel-rtd-termometro-de-termopar\/\",\"name\":\"Testo 735-1 3-channel rtd-term\u00f3metro de termopar - Abaa tienda online\",\"isPartOf\":{\"@id\":\"https:\/\/abaa.mx\/tienda\/#website\"},\"primaryImageOfPage\":{\"@id\":\"https:\/\/abaa.mx\/tienda\/testo-735-1-3-channel-rtd-termometro-de-termopar\/#primaryimage\"},\"image\":{\"@id\":\"https:\/\/abaa.mx\/tienda\/testo-735-1-3-channel-rtd-termometro-de-termopar\/#primaryimage\"},\"thumbnailUrl\":\"https:\/\/abaa.mx\/tienda\/wp-content\/uploads\/2023\/09\/735-1.jpg\",\"datePublished\":\"2023-09-22T16:50:43+00:00\",\"dateModified\":\"2023-11-23T17:48:45+00:00\",\"breadcrumb\":{\"@id\":\"https:\/\/abaa.mx\/tienda\/testo-735-1-3-channel-rtd-termometro-de-termopar\/#breadcrumb\"},\"inLanguage\":\"es\",\"potentialAction\":[{\"@type\":\"ReadAction\",\"target\":[\"https:\/\/abaa.mx\/tienda\/testo-735-1-3-channel-rtd-termometro-de-termopar\/\"]}]},{\"@type\":\"ImageObject\",\"inLanguage\":\"es\",\"@id\":\"https:\/\/abaa.mx\/tienda\/testo-735-1-3-channel-rtd-termometro-de-termopar\/#primaryimage\",\"url\":\"https:\/\/abaa.mx\/tienda\/wp-content\/uploads\/2023\/09\/735-1.jpg\",\"contentUrl\":\"https:\/\/abaa.mx\/tienda\/wp-content\/uploads\/2023\/09\/735-1.jpg\",\"width\":270,\"height\":500,\"caption\":\"735-1\"},{\"@type\":\"BreadcrumbList\",\"@id\":\"https:\/\/abaa.mx\/tienda\/testo-735-1-3-channel-rtd-termometro-de-termopar\/#breadcrumb\",\"itemListElement\":[{\"@type\":\"ListItem\",\"position\":1,\"name\":\"Inicio\",\"item\":\"https:\/\/abaa.mx\/tienda\/\"},{\"@type\":\"ListItem\",\"position\":2,\"name\":\"Tienda\",\"item\":\"https:\/\/abaa.mx\/tienda\/\"},{\"@type\":\"ListItem\",\"position\":3,\"name\":\"Testo 735-1 3-channel rtd-term\u00f3metro de termopar\"}]},{\"@type\":\"WebSite\",\"@id\":\"https:\/\/abaa.mx\/tienda\/#website\",\"url\":\"https:\/\/abaa.mx\/tienda\/\",\"name\":\"Abaa tienda online\",\"description\":\"Instrumentos de medici\u00f3n\",\"publisher\":{\"@id\":\"https:\/\/abaa.mx\/tienda\/#organization\"},\"potentialAction\":[{\"@type\":\"SearchAction\",\"target\":{\"@type\":\"EntryPoint\",\"urlTemplate\":\"https:\/\/abaa.mx\/tienda\/?s={search_term_string}\"},\"query-input\":{\"@type\":\"PropertyValueSpecification\",\"valueRequired\":true,\"valueName\":\"search_term_string\"}}],\"inLanguage\":\"es\"},{\"@type\":\"Organization\",\"@id\":\"https:\/\/abaa.mx\/tienda\/#organization\",\"name\":\"Abaa tienda online\",\"url\":\"https:\/\/abaa.mx\/tienda\/\",\"logo\":{\"@type\":\"ImageObject\",\"inLanguage\":\"es\",\"@id\":\"https:\/\/abaa.mx\/tienda\/#\/schema\/logo\/image\/\",\"url\":\"https:\/\/abaa.mx\/tienda\/wp-content\/uploads\/2024\/01\/abaa-metrologia-tienda.png\",\"contentUrl\":\"https:\/\/abaa.mx\/tienda\/wp-content\/uploads\/2024\/01\/abaa-metrologia-tienda.png\",\"width\":300,\"height\":141,\"caption\":\"Abaa tienda online\"},\"image\":{\"@id\":\"https:\/\/abaa.mx\/tienda\/#\/schema\/logo\/image\/\"}}]}<\/script>\n<!-- \/ Yoast SEO plugin. -->","yoast_head_json":{"title":"Testo 735-1 3-channel rtd-term\u00f3metro de termopar - Abaa tienda online","robots":{"index":"index","follow":"follow","max-snippet":"max-snippet:-1","max-image-preview":"max-image-preview:large","max-video-preview":"max-video-preview:-1"},"canonical":"https:\/\/abaa.mx\/tienda\/testo-735-1-3-channel-rtd-termometro-de-termopar\/","og_locale":"es_MX","og_type":"article","og_title":"Testo 735-1 3-channel rtd-term\u00f3metro de termopar - Abaa tienda online","og_description":"Cuando est\u00e1 completamente equipado, se pueden registrar y mostrar tres sondas de radio y tres sondas acoplables. Para sondas cl\u00e1sicas con cable, hay dos entradas disponibles para sondas de termopar r\u00e1pido (Tipo K\/T) y una entrada para sondas Pt100 de alta precisi\u00f3n.  Tenga en cuenta: Necesitar\u00e1 un sensor para usar su medidor. Seleccione entre una amplia gama de sensores opcionales. La precisi\u00f3n de sus mediciones depende de la precisi\u00f3n de los sensores y del medidor.","og_url":"https:\/\/abaa.mx\/tienda\/testo-735-1-3-channel-rtd-termometro-de-termopar\/","og_site_name":"Abaa tienda online","article_modified_time":"2023-11-23T17:48:45+00:00","og_image":[{"width":270,"height":500,"url":"https:\/\/abaa.mx\/tienda\/wp-content\/uploads\/2023\/09\/735-1.jpg","type":"image\/jpeg"}],"twitter_card":"summary_large_image","twitter_misc":{"Tiempo de lectura":"2 minutos"},"schema":{"@context":"https:\/\/schema.org","@graph":[{"@type":"WebPage","@id":"https:\/\/abaa.mx\/tienda\/testo-735-1-3-channel-rtd-termometro-de-termopar\/","url":"https:\/\/abaa.mx\/tienda\/testo-735-1-3-channel-rtd-termometro-de-termopar\/","name":"Testo 735-1 3-channel rtd-term\u00f3metro de termopar - Abaa tienda online","isPartOf":{"@id":"https:\/\/abaa.mx\/tienda\/#website"},"primaryImageOfPage":{"@id":"https:\/\/abaa.mx\/tienda\/testo-735-1-3-channel-rtd-termometro-de-termopar\/#primaryimage"},"image":{"@id":"https:\/\/abaa.mx\/tienda\/testo-735-1-3-channel-rtd-termometro-de-termopar\/#primaryimage"},"thumbnailUrl":"https:\/\/abaa.mx\/tienda\/wp-content\/uploads\/2023\/09\/735-1.jpg","datePublished":"2023-09-22T16:50:43+00:00","dateModified":"2023-11-23T17:48:45+00:00","breadcrumb":{"@id":"https:\/\/abaa.mx\/tienda\/testo-735-1-3-channel-rtd-termometro-de-termopar\/#breadcrumb"},"inLanguage":"es","potentialAction":[{"@type":"ReadAction","target":["https:\/\/abaa.mx\/tienda\/testo-735-1-3-channel-rtd-termometro-de-termopar\/"]}]},{"@type":"ImageObject","inLanguage":"es","@id":"https:\/\/abaa.mx\/tienda\/testo-735-1-3-channel-rtd-termometro-de-termopar\/#primaryimage","url":"https:\/\/abaa.mx\/tienda\/wp-content\/uploads\/2023\/09\/735-1.jpg","contentUrl":"https:\/\/abaa.mx\/tienda\/wp-content\/uploads\/2023\/09\/735-1.jpg","width":270,"height":500,"caption":"735-1"},{"@type":"BreadcrumbList","@id":"https:\/\/abaa.mx\/tienda\/testo-735-1-3-channel-rtd-termometro-de-termopar\/#breadcrumb","itemListElement":[{"@type":"ListItem","position":1,"name":"Inicio","item":"https:\/\/abaa.mx\/tienda\/"},{"@type":"ListItem","position":2,"name":"Tienda","item":"https:\/\/abaa.mx\/tienda\/"},{"@type":"ListItem","position":3,"name":"Testo 735-1 3-channel rtd-term\u00f3metro de termopar"}]},{"@type":"WebSite","@id":"https:\/\/abaa.mx\/tienda\/#website","url":"https:\/\/abaa.mx\/tienda\/","name":"Abaa tienda online","description":"Instrumentos de medici\u00f3n","publisher":{"@id":"https:\/\/abaa.mx\/tienda\/#organization"},"potentialAction":[{"@type":"SearchAction","target":{"@type":"EntryPoint","urlTemplate":"https:\/\/abaa.mx\/tienda\/?s={search_term_string}"},"query-input":{"@type":"PropertyValueSpecification","valueRequired":true,"valueName":"search_term_string"}}],"inLanguage":"es"},{"@type":"Organization","@id":"https:\/\/abaa.mx\/tienda\/#organization","name":"Abaa tienda online","url":"https:\/\/abaa.mx\/tienda\/","logo":{"@type":"ImageObject","inLanguage":"es","@id":"https:\/\/abaa.mx\/tienda\/#\/schema\/logo\/image\/","url":"https:\/\/abaa.mx\/tienda\/wp-content\/uploads\/2024\/01\/abaa-metrologia-tienda.png","contentUrl":"https:\/\/abaa.mx\/tienda\/wp-content\/uploads\/2024\/01\/abaa-metrologia-tienda.png","width":300,"height":141,"caption":"Abaa tienda online"},"image":{"@id":"https:\/\/abaa.mx\/tienda\/#\/schema\/logo\/image\/"}}]}},"_links":{"self":[{"href":"https:\/\/abaa.mx\/tienda\/wp-json\/wp\/v2\/product\/2660","targetHints":{"allow":["GET"]}}],"collection":[{"href":"https:\/\/abaa.mx\/tienda\/wp-json\/wp\/v2\/product"}],"about":[{"href":"https:\/\/abaa.mx\/tienda\/wp-json\/wp\/v2\/types\/product"}],"replies":[{"embeddable":true,"href":"https:\/\/abaa.mx\/tienda\/wp-json\/wp\/v2\/comments?post=2660"}],"wp:featuredmedia":[{"embeddable":true,"href":"https:\/\/abaa.mx\/tienda\/wp-json\/wp\/v2\/media\/2661"}],"wp:attachment":[{"href":"https:\/\/abaa.mx\/tienda\/wp-json\/wp\/v2\/media?parent=2660"}],"wp:term":[{"taxonomy":"product_brand","embeddable":true,"href":"https:\/\/abaa.mx\/tienda\/wp-json\/wp\/v2\/product_brand?post=2660"},{"taxonomy":"product_cat","embeddable":true,"href":"https:\/\/abaa.mx\/tienda\/wp-json\/wp\/v2\/product_cat?post=2660"},{"taxonomy":"product_tag","embeddable":true,"href":"https:\/\/abaa.mx\/tienda\/wp-json\/wp\/v2\/product_tag?post=2660"}],"curies":[{"name":"wp","href":"https:\/\/api.w.org\/{rel}","templated":true}]}}