{"id":2658,"date":"2023-09-22T16:48:30","date_gmt":"2023-09-22T16:48:30","guid":{"rendered":"https:\/\/abaa.mx\/tienda\/?post_type=product&#038;p=2658"},"modified":"2025-08-08T18:12:53","modified_gmt":"2025-08-08T18:12:53","slug":"testo-635-2-termohigrometro-medidor-de-humedad","status":"publish","type":"product","link":"https:\/\/abaa.mx\/tienda\/testo-635-2-termohigrometro-medidor-de-humedad\/","title":{"rendered":"Testo 635-2 termohigr\u00f3metro-medidor de humedad"},"content":{"rendered":"<p>El termohigr\u00f3metro \/ registrador testo 635-2 tiene una amplia selecci\u00f3n de sondas de temperatura y humedad para medir, registrar, analizar e informar datos para una serie de aplicaciones comerciales e industriales.<\/p>\n<p>Este instrumento de medici\u00f3n necesita una sonda para ser comisionado.<\/p>\n<p>El testo 635-2 puede mostrar valores m\u00edn.\/m\u00e1x\/promedio y calcular la diferencia de punto de roc\u00edo entre el aire interior y la superficie de la pared. Tanto el medidor como la gu\u00eda del men\u00fa son simples y c\u00f3modos de usar. Una pantalla retroiluminada le permite leer las mediciones con poca luz y una carcasa resistente protege el medidor contra impactos.<\/p>\n<p>Las mediciones pueden guardarse como una sola entrada o registrarse a lo largo del tiempo mediante intervalos definidos por el usuario en ubicaciones de archivos espec\u00edficas para su f\u00e1cil descarga al software ComSoft para su an\u00e1lisis e informes. Con la impresora inal\u00e1mbrica opcional, la documentaci\u00f3n in situ est\u00e1 a un bot\u00f3n de distancia.<\/p>\n<p><strong>Funciones<\/strong><\/p>\n<ul>\n<li>Sondas para mediciones de humedad, humedad, temperatura, punto de roc\u00edo a presi\u00f3n y presi\u00f3n absoluta<\/li>\n<li>Capacidad para dos conexiones de sonda cableadas y tres inal\u00e1mbricas<\/li>\n<li>La memoria grande guarda hasta 10.000 lecturas<\/li>\n<li>Las teclas de funci\u00f3n r\u00e1pidas facilitan el trabajo de las tareas definidas por el usuario<\/li>\n<\/ul>\n<p><strong>\u00bfQu\u00e9 incluye?<\/strong><\/p>\n<p>Medidor \/ registrador de temperatura y humedad testo 635-2, software ComSoft, cable de datos USB, protocolo de calibraci\u00f3n y bater\u00edas.<\/p>\n<p><strong>Aplicaciones<\/strong><\/p>\n<ul>\n<li>Supervisi\u00f3n de las condiciones de producci\u00f3n y almacenamiento<\/li>\n<li>Monitoreo de procesos de secado<\/li>\n<li>Medici\u00f3n de la humedad de la madera de forma r\u00e1pida y no destructiva<\/li>\n<li>Localizaci\u00f3n de moho<\/li>\n<li>Medici\u00f3n del valor U en edificios antiguos<\/li>\n<li>Medici\u00f3n de la humedad del material<\/li>\n<\/ul>\n<h3>Caracter\u00edsticas t\u00e9cnicas:<\/h3>\n<h4>Datos t\u00e9cnicos<\/h4>\n<table class=\"table table-striped\">\n<thead>\n<tr>\n<th>Datos t\u00e9cnicos<\/th>\n<th><\/th>\n<\/tr>\n<\/thead>\n<tbody>\n<tr>\n<td>Temperatura de almacenamiento<\/td>\n<td>-22 hasta +158 \u00b0F<\/td>\n<\/tr>\n<tr>\n<td>Temperatura de funcionamiento<\/td>\n<td>-4 hasta +122 \u00b0F<\/td>\n<\/tr>\n<tr>\n<td>Tipo de bater\u00eda<\/td>\n<td>Manganeso alcalino, mignon, tipo AA<\/td>\n<\/tr>\n<tr>\n<td>Duraci\u00f3n de la bater\u00eda<\/td>\n<td>200 horas (sin funcionamiento de radio)<\/td>\n<\/tr>\n<tr>\n<td>Dimensiones<\/td>\n<td>8,66 x 2,91 x 1,81 pulgadas<\/td>\n<\/tr>\n<tr>\n<td>Material de la carcasa<\/td>\n<td>ABS\/TPE\/Metal<\/td>\n<\/tr>\n<\/tbody>\n<\/table>\n<h4>Tipo T (Cu-CuNi)<\/h4>\n<table class=\"table table-striped\">\n<thead>\n<tr>\n<th>Datos t\u00e9cnicos<\/th>\n<th><\/th>\n<\/tr>\n<\/thead>\n<tbody>\n<tr>\n<td>Rango de medici\u00f3n<\/td>\n<td>-328 hasta +752 \u00b0F<\/td>\n<\/tr>\n<tr>\n<td>Exactitud<\/td>\n<td>\u00b10.54 \u00b0F (-76 a +140 \u00b0F)<br \/>\n\u00b10.5% de rdg. (rango restante)<\/td>\n<\/tr>\n<tr>\n<td>Resoluci\u00f3n<\/td>\n<td>0.1 \u00b0C<\/td>\n<\/tr>\n<\/tbody>\n<\/table>\n<h4>NTC<\/h4>\n<table class=\"table table-striped\">\n<thead>\n<tr>\n<th>Datos t\u00e9cnicos<\/th>\n<th><\/th>\n<\/tr>\n<\/thead>\n<tbody>\n<tr>\n<td>Rango de medici\u00f3n<\/td>\n<td>-40 hasta +150 \u00b0C<\/td>\n<\/tr>\n<tr>\n<td>Exactitud<\/td>\n<td>\u00b10,2 \u00b0C (-25 a +74,9 \u00b0C)\u00b10,4 \u00b0C (-40 a -25,1 \u00b0C)\u00b10,4 \u00b0C (+75 a +99,9 \u00b0C)<\/p>\n<p>\u00b10,5% de RDG. (rango restante)<\/td>\n<\/tr>\n<tr>\n<td>Resoluci\u00f3n<\/td>\n<td>0.1 \u00b0C<\/td>\n<\/tr>\n<\/tbody>\n<\/table>\n<h4>Sonda de presi\u00f3n absoluta<\/h4>\n<table class=\"table table-striped\">\n<thead>\n<tr>\n<th>Datos t\u00e9cnicos<\/th>\n<th><\/th>\n<\/tr>\n<\/thead>\n<tbody>\n<tr>\n<td>Rango de medici\u00f3n<\/td>\n<td>0 a 802 inH2O<\/td>\n<\/tr>\n<tr>\n<td>Resoluci\u00f3n<\/td>\n<td>0,1 inH2O<\/td>\n<\/tr>\n<\/tbody>\n<\/table>\n<h4>Humedad<\/h4>\n<table class=\"table table-striped\">\n<thead>\n<tr>\n<th>Datos t\u00e9cnicos<\/th>\n<th><\/th>\n<\/tr>\n<\/thead>\n<tbody>\n<tr>\n<td>Rango de medici\u00f3n<\/td>\n<td>0 hasta +100 % HR<\/td>\n<\/tr>\n<tr>\n<td>Resoluci\u00f3n<\/td>\n<td>0,1 %HR<\/td>\n<\/tr>\n<\/tbody>\n<\/table>\n<h4>Tipo K<\/h4>\n<table class=\"table table-striped\">\n<thead>\n<tr>\n<th>Datos t\u00e9cnicos<\/th>\n<th><\/th>\n<\/tr>\n<\/thead>\n<tbody>\n<tr>\n<td>Rango de medici\u00f3n<\/td>\n<td>-328 hasta +2498 \u00b0F<\/td>\n<\/tr>\n<tr>\n<td>Exactitud<\/td>\n<td>\u00b10.54 \u00b0F (-76 a +140 \u00b0F)<br \/>\n\u00b10.5% de rdg. (rango restante)<\/td>\n<\/tr>\n<tr>\n<td>Resoluci\u00f3n<\/td>\n<td>0.1 \u00b0C<\/td>\n<\/tr>\n<\/tbody>\n<\/table>\n","protected":false},"excerpt":{"rendered":"<p>El termohigr\u00f3metro \/ registrador testo 635-2 tiene una amplia selecci\u00f3n de sondas de temperatura y humedad para medir, registrar, analizar e informar datos para una serie de aplicaciones comerciales e industriales.<\/p>\n<p>Este instrumento de medici\u00f3n necesita una sonda para ser comisionado.<\/p>\n<p>El testo 635-2 puede mostrar valores m\u00edn.\/m\u00e1x\/promedio y calcular la diferencia de punto de roc\u00edo entre el aire interior y la superficie de la pared. Tanto el medidor como la gu\u00eda del men\u00fa son simples y c\u00f3modos de usar. Una pantalla retroiluminada le permite leer las mediciones con poca luz y una carcasa resistente protege el medidor contra impactos.<\/p>\n","protected":false},"featured_media":2659,"comment_status":"open","ping_status":"closed","template":"","meta":{"_joinchat":[]},"product_brand":[],"product_cat":[15],"product_tag":[],"class_list":{"0":"post-2658","1":"product","2":"type-product","3":"status-publish","4":"has-post-thumbnail","6":"product_cat-sin-categorizar","8":"first","9":"instock","10":"shipping-taxable","11":"product-type-simple"},"yoast_head":"<!-- This site is optimized with the Yoast SEO plugin v26.4 - https:\/\/yoast.com\/wordpress\/plugins\/seo\/ -->\n<title>Testo 635-2 termohigr\u00f3metro-medidor de humedad - Abaa tienda online<\/title>\n<meta name=\"robots\" content=\"index, follow, max-snippet:-1, max-image-preview:large, max-video-preview:-1\" \/>\n<link rel=\"canonical\" href=\"https:\/\/abaa.mx\/tienda\/testo-635-2-termohigrometro-medidor-de-humedad\/\" \/>\n<meta property=\"og:locale\" content=\"es_MX\" \/>\n<meta property=\"og:type\" content=\"article\" \/>\n<meta property=\"og:title\" content=\"Testo 635-2 termohigr\u00f3metro-medidor de humedad - Abaa tienda online\" \/>\n<meta property=\"og:description\" content=\"El termohigr\u00f3metro \/ registrador testo 635-2 tiene una amplia selecci\u00f3n de sondas de temperatura y humedad para medir, registrar, analizar e informar datos para una serie de aplicaciones comerciales e industriales.  Este instrumento de medici\u00f3n necesita una sonda para ser comisionado.  El testo 635-2 puede mostrar valores m\u00edn.\/m\u00e1x\/promedio y calcular la diferencia de punto de roc\u00edo entre el aire interior y la superficie de la pared. Tanto el medidor como la gu\u00eda del men\u00fa son simples y c\u00f3modos de usar. Una pantalla retroiluminada le permite leer las mediciones con poca luz y una carcasa resistente protege el medidor contra impactos.\" \/>\n<meta property=\"og:url\" content=\"https:\/\/abaa.mx\/tienda\/testo-635-2-termohigrometro-medidor-de-humedad\/\" \/>\n<meta property=\"og:site_name\" content=\"Abaa tienda online\" \/>\n<meta property=\"article:modified_time\" content=\"2025-08-08T18:12:53+00:00\" \/>\n<meta property=\"og:image\" content=\"https:\/\/abaa.mx\/tienda\/wp-content\/uploads\/2023\/09\/635-2.jpg\" \/>\n\t<meta property=\"og:image:width\" content=\"270\" \/>\n\t<meta property=\"og:image:height\" content=\"270\" \/>\n\t<meta property=\"og:image:type\" content=\"image\/jpeg\" \/>\n<meta name=\"twitter:card\" content=\"summary_large_image\" \/>\n<meta name=\"twitter:label1\" content=\"Tiempo de lectura\" \/>\n\t<meta name=\"twitter:data1\" content=\"2 minutos\" \/>\n<script type=\"application\/ld+json\" class=\"yoast-schema-graph\">{\"@context\":\"https:\/\/schema.org\",\"@graph\":[{\"@type\":\"WebPage\",\"@id\":\"https:\/\/abaa.mx\/tienda\/testo-635-2-termohigrometro-medidor-de-humedad\/\",\"url\":\"https:\/\/abaa.mx\/tienda\/testo-635-2-termohigrometro-medidor-de-humedad\/\",\"name\":\"Testo 635-2 termohigr\u00f3metro-medidor de humedad - Abaa tienda online\",\"isPartOf\":{\"@id\":\"https:\/\/abaa.mx\/tienda\/#website\"},\"primaryImageOfPage\":{\"@id\":\"https:\/\/abaa.mx\/tienda\/testo-635-2-termohigrometro-medidor-de-humedad\/#primaryimage\"},\"image\":{\"@id\":\"https:\/\/abaa.mx\/tienda\/testo-635-2-termohigrometro-medidor-de-humedad\/#primaryimage\"},\"thumbnailUrl\":\"https:\/\/abaa.mx\/tienda\/wp-content\/uploads\/2023\/09\/635-2.jpg\",\"datePublished\":\"2023-09-22T16:48:30+00:00\",\"dateModified\":\"2025-08-08T18:12:53+00:00\",\"breadcrumb\":{\"@id\":\"https:\/\/abaa.mx\/tienda\/testo-635-2-termohigrometro-medidor-de-humedad\/#breadcrumb\"},\"inLanguage\":\"es\",\"potentialAction\":[{\"@type\":\"ReadAction\",\"target\":[\"https:\/\/abaa.mx\/tienda\/testo-635-2-termohigrometro-medidor-de-humedad\/\"]}]},{\"@type\":\"ImageObject\",\"inLanguage\":\"es\",\"@id\":\"https:\/\/abaa.mx\/tienda\/testo-635-2-termohigrometro-medidor-de-humedad\/#primaryimage\",\"url\":\"https:\/\/abaa.mx\/tienda\/wp-content\/uploads\/2023\/09\/635-2.jpg\",\"contentUrl\":\"https:\/\/abaa.mx\/tienda\/wp-content\/uploads\/2023\/09\/635-2.jpg\",\"width\":270,\"height\":270,\"caption\":\"635-2\"},{\"@type\":\"BreadcrumbList\",\"@id\":\"https:\/\/abaa.mx\/tienda\/testo-635-2-termohigrometro-medidor-de-humedad\/#breadcrumb\",\"itemListElement\":[{\"@type\":\"ListItem\",\"position\":1,\"name\":\"Inicio\",\"item\":\"https:\/\/abaa.mx\/tienda\/\"},{\"@type\":\"ListItem\",\"position\":2,\"name\":\"Tienda\",\"item\":\"https:\/\/abaa.mx\/tienda\/\"},{\"@type\":\"ListItem\",\"position\":3,\"name\":\"Testo 635-2 termohigr\u00f3metro-medidor de humedad\"}]},{\"@type\":\"WebSite\",\"@id\":\"https:\/\/abaa.mx\/tienda\/#website\",\"url\":\"https:\/\/abaa.mx\/tienda\/\",\"name\":\"Abaa tienda online\",\"description\":\"Instrumentos de medici\u00f3n\",\"publisher\":{\"@id\":\"https:\/\/abaa.mx\/tienda\/#organization\"},\"potentialAction\":[{\"@type\":\"SearchAction\",\"target\":{\"@type\":\"EntryPoint\",\"urlTemplate\":\"https:\/\/abaa.mx\/tienda\/?s={search_term_string}\"},\"query-input\":{\"@type\":\"PropertyValueSpecification\",\"valueRequired\":true,\"valueName\":\"search_term_string\"}}],\"inLanguage\":\"es\"},{\"@type\":\"Organization\",\"@id\":\"https:\/\/abaa.mx\/tienda\/#organization\",\"name\":\"Abaa tienda online\",\"url\":\"https:\/\/abaa.mx\/tienda\/\",\"logo\":{\"@type\":\"ImageObject\",\"inLanguage\":\"es\",\"@id\":\"https:\/\/abaa.mx\/tienda\/#\/schema\/logo\/image\/\",\"url\":\"https:\/\/abaa.mx\/tienda\/wp-content\/uploads\/2024\/01\/abaa-metrologia-tienda.png\",\"contentUrl\":\"https:\/\/abaa.mx\/tienda\/wp-content\/uploads\/2024\/01\/abaa-metrologia-tienda.png\",\"width\":300,\"height\":141,\"caption\":\"Abaa tienda online\"},\"image\":{\"@id\":\"https:\/\/abaa.mx\/tienda\/#\/schema\/logo\/image\/\"}}]}<\/script>\n<!-- \/ Yoast SEO plugin. -->","yoast_head_json":{"title":"Testo 635-2 termohigr\u00f3metro-medidor de humedad - Abaa tienda online","robots":{"index":"index","follow":"follow","max-snippet":"max-snippet:-1","max-image-preview":"max-image-preview:large","max-video-preview":"max-video-preview:-1"},"canonical":"https:\/\/abaa.mx\/tienda\/testo-635-2-termohigrometro-medidor-de-humedad\/","og_locale":"es_MX","og_type":"article","og_title":"Testo 635-2 termohigr\u00f3metro-medidor de humedad - Abaa tienda online","og_description":"El termohigr\u00f3metro \/ registrador testo 635-2 tiene una amplia selecci\u00f3n de sondas de temperatura y humedad para medir, registrar, analizar e informar datos para una serie de aplicaciones comerciales e industriales.  Este instrumento de medici\u00f3n necesita una sonda para ser comisionado.  El testo 635-2 puede mostrar valores m\u00edn.\/m\u00e1x\/promedio y calcular la diferencia de punto de roc\u00edo entre el aire interior y la superficie de la pared. Tanto el medidor como la gu\u00eda del men\u00fa son simples y c\u00f3modos de usar. Una pantalla retroiluminada le permite leer las mediciones con poca luz y una carcasa resistente protege el medidor contra impactos.","og_url":"https:\/\/abaa.mx\/tienda\/testo-635-2-termohigrometro-medidor-de-humedad\/","og_site_name":"Abaa tienda online","article_modified_time":"2025-08-08T18:12:53+00:00","og_image":[{"width":270,"height":270,"url":"https:\/\/abaa.mx\/tienda\/wp-content\/uploads\/2023\/09\/635-2.jpg","type":"image\/jpeg"}],"twitter_card":"summary_large_image","twitter_misc":{"Tiempo de lectura":"2 minutos"},"schema":{"@context":"https:\/\/schema.org","@graph":[{"@type":"WebPage","@id":"https:\/\/abaa.mx\/tienda\/testo-635-2-termohigrometro-medidor-de-humedad\/","url":"https:\/\/abaa.mx\/tienda\/testo-635-2-termohigrometro-medidor-de-humedad\/","name":"Testo 635-2 termohigr\u00f3metro-medidor de humedad - Abaa tienda online","isPartOf":{"@id":"https:\/\/abaa.mx\/tienda\/#website"},"primaryImageOfPage":{"@id":"https:\/\/abaa.mx\/tienda\/testo-635-2-termohigrometro-medidor-de-humedad\/#primaryimage"},"image":{"@id":"https:\/\/abaa.mx\/tienda\/testo-635-2-termohigrometro-medidor-de-humedad\/#primaryimage"},"thumbnailUrl":"https:\/\/abaa.mx\/tienda\/wp-content\/uploads\/2023\/09\/635-2.jpg","datePublished":"2023-09-22T16:48:30+00:00","dateModified":"2025-08-08T18:12:53+00:00","breadcrumb":{"@id":"https:\/\/abaa.mx\/tienda\/testo-635-2-termohigrometro-medidor-de-humedad\/#breadcrumb"},"inLanguage":"es","potentialAction":[{"@type":"ReadAction","target":["https:\/\/abaa.mx\/tienda\/testo-635-2-termohigrometro-medidor-de-humedad\/"]}]},{"@type":"ImageObject","inLanguage":"es","@id":"https:\/\/abaa.mx\/tienda\/testo-635-2-termohigrometro-medidor-de-humedad\/#primaryimage","url":"https:\/\/abaa.mx\/tienda\/wp-content\/uploads\/2023\/09\/635-2.jpg","contentUrl":"https:\/\/abaa.mx\/tienda\/wp-content\/uploads\/2023\/09\/635-2.jpg","width":270,"height":270,"caption":"635-2"},{"@type":"BreadcrumbList","@id":"https:\/\/abaa.mx\/tienda\/testo-635-2-termohigrometro-medidor-de-humedad\/#breadcrumb","itemListElement":[{"@type":"ListItem","position":1,"name":"Inicio","item":"https:\/\/abaa.mx\/tienda\/"},{"@type":"ListItem","position":2,"name":"Tienda","item":"https:\/\/abaa.mx\/tienda\/"},{"@type":"ListItem","position":3,"name":"Testo 635-2 termohigr\u00f3metro-medidor de humedad"}]},{"@type":"WebSite","@id":"https:\/\/abaa.mx\/tienda\/#website","url":"https:\/\/abaa.mx\/tienda\/","name":"Abaa tienda online","description":"Instrumentos de medici\u00f3n","publisher":{"@id":"https:\/\/abaa.mx\/tienda\/#organization"},"potentialAction":[{"@type":"SearchAction","target":{"@type":"EntryPoint","urlTemplate":"https:\/\/abaa.mx\/tienda\/?s={search_term_string}"},"query-input":{"@type":"PropertyValueSpecification","valueRequired":true,"valueName":"search_term_string"}}],"inLanguage":"es"},{"@type":"Organization","@id":"https:\/\/abaa.mx\/tienda\/#organization","name":"Abaa tienda online","url":"https:\/\/abaa.mx\/tienda\/","logo":{"@type":"ImageObject","inLanguage":"es","@id":"https:\/\/abaa.mx\/tienda\/#\/schema\/logo\/image\/","url":"https:\/\/abaa.mx\/tienda\/wp-content\/uploads\/2024\/01\/abaa-metrologia-tienda.png","contentUrl":"https:\/\/abaa.mx\/tienda\/wp-content\/uploads\/2024\/01\/abaa-metrologia-tienda.png","width":300,"height":141,"caption":"Abaa tienda online"},"image":{"@id":"https:\/\/abaa.mx\/tienda\/#\/schema\/logo\/image\/"}}]}},"_links":{"self":[{"href":"https:\/\/abaa.mx\/tienda\/wp-json\/wp\/v2\/product\/2658","targetHints":{"allow":["GET"]}}],"collection":[{"href":"https:\/\/abaa.mx\/tienda\/wp-json\/wp\/v2\/product"}],"about":[{"href":"https:\/\/abaa.mx\/tienda\/wp-json\/wp\/v2\/types\/product"}],"replies":[{"embeddable":true,"href":"https:\/\/abaa.mx\/tienda\/wp-json\/wp\/v2\/comments?post=2658"}],"wp:featuredmedia":[{"embeddable":true,"href":"https:\/\/abaa.mx\/tienda\/wp-json\/wp\/v2\/media\/2659"}],"wp:attachment":[{"href":"https:\/\/abaa.mx\/tienda\/wp-json\/wp\/v2\/media?parent=2658"}],"wp:term":[{"taxonomy":"product_brand","embeddable":true,"href":"https:\/\/abaa.mx\/tienda\/wp-json\/wp\/v2\/product_brand?post=2658"},{"taxonomy":"product_cat","embeddable":true,"href":"https:\/\/abaa.mx\/tienda\/wp-json\/wp\/v2\/product_cat?post=2658"},{"taxonomy":"product_tag","embeddable":true,"href":"https:\/\/abaa.mx\/tienda\/wp-json\/wp\/v2\/product_tag?post=2658"}],"curies":[{"name":"wp","href":"https:\/\/api.w.org\/{rel}","templated":true}]}}