{"id":2656,"date":"2023-09-22T16:51:28","date_gmt":"2023-09-22T16:51:28","guid":{"rendered":"https:\/\/abaa.mx\/tienda\/?post_type=product&#038;p=2656"},"modified":"2023-09-22T16:51:29","modified_gmt":"2023-09-22T16:51:29","slug":"wisscool-calibres-de-ca-juego-de-manometros-de-hvac-para-r134-r22-r12-r502-con-mangueras-acopladores-adaptadores-puncion-lata-grifo","status":"publish","type":"product","link":"https:\/\/abaa.mx\/tienda\/wisscool-calibres-de-ca-juego-de-manometros-de-hvac-para-r134-r22-r12-r502-con-mangueras-acopladores-adaptadores-puncion-lata-grifo\/","title":{"rendered":"Wisscool calibres de ca, juego de man\u00f3metros de hvac para r134 r22 r12 r502, con mangueras acopladores adaptadores punci\u00f3n lata grifo"},"content":{"rendered":"<div class=\"a-row\">\n<div class=\"a-column a-span6\">\n<h4>Caracter\u00edsticas<\/h4>\n<ul class=\"a-unordered-list a-vertical a-spacing-mini\">\n<li class=\"a-spacing-mini\"><span class=\"a-list-item\">Mediciones de presi\u00f3n precisas: el man\u00f3metro de colector Wisscool HVAC proporciona lecturas precisas de presi\u00f3n, lo que te permite diagnosticar y solucionar problemas con precisi\u00f3n los sistemas HVAC. Le ayuda a identificar problemas r\u00e1pidamente y tomar decisiones informadas para reparaciones eficientes.<\/span><\/li>\n<li class=\"a-spacing-mini\"><span class=\"a-list-item\">Compatibilidad vers\u00e1til: Trabaje con una amplia gama de sistemas HVAC: refrigerantes R134a, R12, R22, R32, R502; ideal tanto para bricolaje como para mantenimiento profesional de HVAC.<\/span><\/li>\n<li class=\"a-spacing-mini\"><span class=\"a-list-item\">Pantalla f\u00e1cil de leer: el medidor cuenta con una pantalla clara y f\u00e1cil de leer, que le proporciona informaci\u00f3n de presi\u00f3n instant\u00e1nea de un vistazo. Esto permite una monitorizaci\u00f3n y ajuste eficientes del rendimiento del sistema.<\/span><\/li>\n<li class=\"a-spacing-mini\"><span class=\"a-list-item\">Duradero y fiable: construido para soportar las demandas de uso profesional, nuestro medidor colector est\u00e1 fabricado con materiales de alta calidad para mayor durabilidad y longevidad. Est\u00e1 dise\u00f1ado para ser un compa\u00f1ero confiable para los t\u00e9cnicos de HVAC en su trabajo diario.<\/span><\/li>\n<li class=\"a-spacing-mini\"><span class=\"a-list-item\">Kit completo: el man\u00f3metro de colector Wisscool viene como un kit completo, que incluye mangueras y conectores necesarios. No tendr\u00e1 que preocuparse por comprar componentes adicionales por separado, ya que todo lo que necesita est\u00e1 incluido para un funcionamiento sin problemas.<\/span><\/li>\n<\/ul>\n<h4 class=\"a-size-medium a-spacing-small\">Especificaciones t\u00e9cnicas<\/h4>\n<\/div>\n<\/div>\n<div class=\"a-expander-content a-expander-extend-content\" aria-expanded=\"true\">\n<div class=\"a-row a-expander-container a-expander-inline-container\">\n<div class=\"a-expander-content a-expander-section-content a-section-expander-inner\" aria-expanded=\"true\">\n<table id=\"productDetails_techSpec_section_1\" class=\"a-keyvalue prodDetTable\" role=\"presentation\">\n<tbody>\n<tr>\n<th class=\"a-color-secondary a-size-base prodDetSectionEntry\">Fabricante<\/th>\n<td class=\"a-size-base prodDetAttrValue\">Wisscool<\/td>\n<\/tr>\n<tr>\n<th class=\"a-color-secondary a-size-base prodDetSectionEntry\">Marzo<\/th>\n<td class=\"a-size-base prodDetAttrValue\">Wisscool<\/td>\n<\/tr>\n<tr>\n<th class=\"a-color-secondary a-size-base prodDetSectionEntry\">Modelo<\/th>\n<td class=\"a-size-base prodDetAttrValue\">Wisscool -536<\/td>\n<\/tr>\n<tr>\n<th class=\"a-color-secondary a-size-base prodDetSectionEntry\">Dimensiones del paquete<\/th>\n<td class=\"a-size-base prodDetAttrValue\">\u200e11,06 x 10,12 x 4,13 pulgadas<\/td>\n<\/tr>\n<tr>\n<th class=\"a-color-secondary a-size-base prodDetSectionEntry\">Pa\u00eds de origen<\/th>\n<td class=\"a-size-base prodDetAttrValue\">Hong Kong<\/td>\n<\/tr>\n<tr>\n<th class=\"a-color-secondary a-size-base prodDetSectionEntry\">N\u00famero de modelo del producto<\/th>\n<td class=\"a-size-base prodDetAttrValue\">WISSSCOOL-536<\/td>\n<\/tr>\n<tr>\n<th class=\"a-color-secondary a-size-base prodDetSectionEntry\">N\u00famero de pieza del fabricante<\/th>\n<td class=\"a-size-base prodDetAttrValue\">WS-WMG2<\/td>\n<\/tr>\n<\/tbody>\n<\/table>\n<\/div>\n<\/div>\n<\/div>\n","protected":false},"excerpt":{"rendered":"<p>Los productos con enchufes el\u00e9ctricos est\u00e1n dise\u00f1ados para usarse en EE. UU. Las tomas de corriente y la tensi\u00f3n difieren a nivel internacional. Es posible que este producto requiera un adaptador o conversor para poder usarse en su destino. Comprueba la compatibilidad antes de comprar.<\/p>\n","protected":false},"featured_media":2662,"comment_status":"open","ping_status":"closed","template":"","meta":{"_joinchat":[]},"product_brand":[],"product_cat":[15],"product_tag":[],"class_list":{"0":"post-2656","1":"product","2":"type-product","3":"status-publish","4":"has-post-thumbnail","6":"product_cat-sin-categorizar","8":"first","9":"instock","10":"shipping-taxable","11":"product-type-simple"},"yoast_head":"<!-- This site is optimized with the Yoast SEO plugin v26.4 - https:\/\/yoast.com\/wordpress\/plugins\/seo\/ -->\n<title>Wisscool calibres de ca, juego de man\u00f3metros de hvac para r134 r22 r12 r502, con mangueras acopladores adaptadores punci\u00f3n lata grifo - Abaa tienda online<\/title>\n<meta name=\"robots\" content=\"index, follow, max-snippet:-1, max-image-preview:large, max-video-preview:-1\" \/>\n<link rel=\"canonical\" href=\"https:\/\/abaa.mx\/tienda\/wisscool-calibres-de-ca-juego-de-manometros-de-hvac-para-r134-r22-r12-r502-con-mangueras-acopladores-adaptadores-puncion-lata-grifo\/\" \/>\n<meta property=\"og:locale\" content=\"es_MX\" \/>\n<meta property=\"og:type\" content=\"article\" \/>\n<meta property=\"og:title\" content=\"Wisscool calibres de ca, juego de man\u00f3metros de hvac para r134 r22 r12 r502, con mangueras acopladores adaptadores punci\u00f3n lata grifo - Abaa tienda online\" \/>\n<meta property=\"og:description\" content=\"Los productos con enchufes el\u00e9ctricos est\u00e1n dise\u00f1ados para usarse en EE. UU. Las tomas de corriente y la tensi\u00f3n difieren a nivel internacional. Es posible que este producto requiera un adaptador o conversor para poder usarse en su destino. Comprueba la compatibilidad antes de comprar.\" \/>\n<meta property=\"og:url\" content=\"https:\/\/abaa.mx\/tienda\/wisscool-calibres-de-ca-juego-de-manometros-de-hvac-para-r134-r22-r12-r502-con-mangueras-acopladores-adaptadores-puncion-lata-grifo\/\" \/>\n<meta property=\"og:site_name\" content=\"Abaa tienda online\" \/>\n<meta property=\"article:modified_time\" content=\"2023-09-22T16:51:29+00:00\" \/>\n<meta property=\"og:image\" content=\"https:\/\/abaa.mx\/tienda\/wp-content\/uploads\/2023\/09\/puncion-lata-grifo.jpg\" \/>\n\t<meta property=\"og:image:width\" content=\"466\" \/>\n\t<meta property=\"og:image:height\" content=\"463\" \/>\n\t<meta property=\"og:image:type\" content=\"image\/jpeg\" \/>\n<meta name=\"twitter:card\" content=\"summary_large_image\" \/>\n<meta name=\"twitter:label1\" content=\"Tiempo de lectura\" \/>\n\t<meta name=\"twitter:data1\" content=\"2 minutos\" \/>\n<script type=\"application\/ld+json\" class=\"yoast-schema-graph\">{\"@context\":\"https:\/\/schema.org\",\"@graph\":[{\"@type\":\"WebPage\",\"@id\":\"https:\/\/abaa.mx\/tienda\/wisscool-calibres-de-ca-juego-de-manometros-de-hvac-para-r134-r22-r12-r502-con-mangueras-acopladores-adaptadores-puncion-lata-grifo\/\",\"url\":\"https:\/\/abaa.mx\/tienda\/wisscool-calibres-de-ca-juego-de-manometros-de-hvac-para-r134-r22-r12-r502-con-mangueras-acopladores-adaptadores-puncion-lata-grifo\/\",\"name\":\"Wisscool calibres de ca, juego de man\u00f3metros de hvac para r134 r22 r12 r502, con mangueras acopladores adaptadores punci\u00f3n lata grifo - Abaa tienda online\",\"isPartOf\":{\"@id\":\"https:\/\/abaa.mx\/tienda\/#website\"},\"primaryImageOfPage\":{\"@id\":\"https:\/\/abaa.mx\/tienda\/wisscool-calibres-de-ca-juego-de-manometros-de-hvac-para-r134-r22-r12-r502-con-mangueras-acopladores-adaptadores-puncion-lata-grifo\/#primaryimage\"},\"image\":{\"@id\":\"https:\/\/abaa.mx\/tienda\/wisscool-calibres-de-ca-juego-de-manometros-de-hvac-para-r134-r22-r12-r502-con-mangueras-acopladores-adaptadores-puncion-lata-grifo\/#primaryimage\"},\"thumbnailUrl\":\"https:\/\/abaa.mx\/tienda\/wp-content\/uploads\/2023\/09\/puncion-lata-grifo.jpg\",\"datePublished\":\"2023-09-22T16:51:28+00:00\",\"dateModified\":\"2023-09-22T16:51:29+00:00\",\"breadcrumb\":{\"@id\":\"https:\/\/abaa.mx\/tienda\/wisscool-calibres-de-ca-juego-de-manometros-de-hvac-para-r134-r22-r12-r502-con-mangueras-acopladores-adaptadores-puncion-lata-grifo\/#breadcrumb\"},\"inLanguage\":\"es\",\"potentialAction\":[{\"@type\":\"ReadAction\",\"target\":[\"https:\/\/abaa.mx\/tienda\/wisscool-calibres-de-ca-juego-de-manometros-de-hvac-para-r134-r22-r12-r502-con-mangueras-acopladores-adaptadores-puncion-lata-grifo\/\"]}]},{\"@type\":\"ImageObject\",\"inLanguage\":\"es\",\"@id\":\"https:\/\/abaa.mx\/tienda\/wisscool-calibres-de-ca-juego-de-manometros-de-hvac-para-r134-r22-r12-r502-con-mangueras-acopladores-adaptadores-puncion-lata-grifo\/#primaryimage\",\"url\":\"https:\/\/abaa.mx\/tienda\/wp-content\/uploads\/2023\/09\/puncion-lata-grifo.jpg\",\"contentUrl\":\"https:\/\/abaa.mx\/tienda\/wp-content\/uploads\/2023\/09\/puncion-lata-grifo.jpg\",\"width\":466,\"height\":463,\"caption\":\"wisscool-calibres-de-ca-juego-de-manometros-de-hvac-para-r134-r22-r12-r502-con-mangueras-acopladores-adaptadores-puncion-lata-grifo\"},{\"@type\":\"BreadcrumbList\",\"@id\":\"https:\/\/abaa.mx\/tienda\/wisscool-calibres-de-ca-juego-de-manometros-de-hvac-para-r134-r22-r12-r502-con-mangueras-acopladores-adaptadores-puncion-lata-grifo\/#breadcrumb\",\"itemListElement\":[{\"@type\":\"ListItem\",\"position\":1,\"name\":\"Inicio\",\"item\":\"https:\/\/abaa.mx\/tienda\/\"},{\"@type\":\"ListItem\",\"position\":2,\"name\":\"Tienda\",\"item\":\"https:\/\/abaa.mx\/tienda\/\"},{\"@type\":\"ListItem\",\"position\":3,\"name\":\"Wisscool calibres de ca, juego de man\u00f3metros de hvac para r134 r22 r12 r502, con mangueras acopladores adaptadores punci\u00f3n lata grifo\"}]},{\"@type\":\"WebSite\",\"@id\":\"https:\/\/abaa.mx\/tienda\/#website\",\"url\":\"https:\/\/abaa.mx\/tienda\/\",\"name\":\"Abaa tienda online\",\"description\":\"Instrumentos de medici\u00f3n\",\"publisher\":{\"@id\":\"https:\/\/abaa.mx\/tienda\/#organization\"},\"potentialAction\":[{\"@type\":\"SearchAction\",\"target\":{\"@type\":\"EntryPoint\",\"urlTemplate\":\"https:\/\/abaa.mx\/tienda\/?s={search_term_string}\"},\"query-input\":{\"@type\":\"PropertyValueSpecification\",\"valueRequired\":true,\"valueName\":\"search_term_string\"}}],\"inLanguage\":\"es\"},{\"@type\":\"Organization\",\"@id\":\"https:\/\/abaa.mx\/tienda\/#organization\",\"name\":\"Abaa tienda online\",\"url\":\"https:\/\/abaa.mx\/tienda\/\",\"logo\":{\"@type\":\"ImageObject\",\"inLanguage\":\"es\",\"@id\":\"https:\/\/abaa.mx\/tienda\/#\/schema\/logo\/image\/\",\"url\":\"https:\/\/abaa.mx\/tienda\/wp-content\/uploads\/2024\/01\/abaa-metrologia-tienda.png\",\"contentUrl\":\"https:\/\/abaa.mx\/tienda\/wp-content\/uploads\/2024\/01\/abaa-metrologia-tienda.png\",\"width\":300,\"height\":141,\"caption\":\"Abaa tienda online\"},\"image\":{\"@id\":\"https:\/\/abaa.mx\/tienda\/#\/schema\/logo\/image\/\"}}]}<\/script>\n<!-- \/ Yoast SEO plugin. -->","yoast_head_json":{"title":"Wisscool calibres de ca, juego de man\u00f3metros de hvac para r134 r22 r12 r502, con mangueras acopladores adaptadores punci\u00f3n lata grifo - Abaa tienda online","robots":{"index":"index","follow":"follow","max-snippet":"max-snippet:-1","max-image-preview":"max-image-preview:large","max-video-preview":"max-video-preview:-1"},"canonical":"https:\/\/abaa.mx\/tienda\/wisscool-calibres-de-ca-juego-de-manometros-de-hvac-para-r134-r22-r12-r502-con-mangueras-acopladores-adaptadores-puncion-lata-grifo\/","og_locale":"es_MX","og_type":"article","og_title":"Wisscool calibres de ca, juego de man\u00f3metros de hvac para r134 r22 r12 r502, con mangueras acopladores adaptadores punci\u00f3n lata grifo - Abaa tienda online","og_description":"Los productos con enchufes el\u00e9ctricos est\u00e1n dise\u00f1ados para usarse en EE. UU. Las tomas de corriente y la tensi\u00f3n difieren a nivel internacional. Es posible que este producto requiera un adaptador o conversor para poder usarse en su destino. Comprueba la compatibilidad antes de comprar.","og_url":"https:\/\/abaa.mx\/tienda\/wisscool-calibres-de-ca-juego-de-manometros-de-hvac-para-r134-r22-r12-r502-con-mangueras-acopladores-adaptadores-puncion-lata-grifo\/","og_site_name":"Abaa tienda online","article_modified_time":"2023-09-22T16:51:29+00:00","og_image":[{"width":466,"height":463,"url":"https:\/\/abaa.mx\/tienda\/wp-content\/uploads\/2023\/09\/puncion-lata-grifo.jpg","type":"image\/jpeg"}],"twitter_card":"summary_large_image","twitter_misc":{"Tiempo de lectura":"2 minutos"},"schema":{"@context":"https:\/\/schema.org","@graph":[{"@type":"WebPage","@id":"https:\/\/abaa.mx\/tienda\/wisscool-calibres-de-ca-juego-de-manometros-de-hvac-para-r134-r22-r12-r502-con-mangueras-acopladores-adaptadores-puncion-lata-grifo\/","url":"https:\/\/abaa.mx\/tienda\/wisscool-calibres-de-ca-juego-de-manometros-de-hvac-para-r134-r22-r12-r502-con-mangueras-acopladores-adaptadores-puncion-lata-grifo\/","name":"Wisscool calibres de ca, juego de man\u00f3metros de hvac para r134 r22 r12 r502, con mangueras acopladores adaptadores punci\u00f3n lata grifo - Abaa tienda online","isPartOf":{"@id":"https:\/\/abaa.mx\/tienda\/#website"},"primaryImageOfPage":{"@id":"https:\/\/abaa.mx\/tienda\/wisscool-calibres-de-ca-juego-de-manometros-de-hvac-para-r134-r22-r12-r502-con-mangueras-acopladores-adaptadores-puncion-lata-grifo\/#primaryimage"},"image":{"@id":"https:\/\/abaa.mx\/tienda\/wisscool-calibres-de-ca-juego-de-manometros-de-hvac-para-r134-r22-r12-r502-con-mangueras-acopladores-adaptadores-puncion-lata-grifo\/#primaryimage"},"thumbnailUrl":"https:\/\/abaa.mx\/tienda\/wp-content\/uploads\/2023\/09\/puncion-lata-grifo.jpg","datePublished":"2023-09-22T16:51:28+00:00","dateModified":"2023-09-22T16:51:29+00:00","breadcrumb":{"@id":"https:\/\/abaa.mx\/tienda\/wisscool-calibres-de-ca-juego-de-manometros-de-hvac-para-r134-r22-r12-r502-con-mangueras-acopladores-adaptadores-puncion-lata-grifo\/#breadcrumb"},"inLanguage":"es","potentialAction":[{"@type":"ReadAction","target":["https:\/\/abaa.mx\/tienda\/wisscool-calibres-de-ca-juego-de-manometros-de-hvac-para-r134-r22-r12-r502-con-mangueras-acopladores-adaptadores-puncion-lata-grifo\/"]}]},{"@type":"ImageObject","inLanguage":"es","@id":"https:\/\/abaa.mx\/tienda\/wisscool-calibres-de-ca-juego-de-manometros-de-hvac-para-r134-r22-r12-r502-con-mangueras-acopladores-adaptadores-puncion-lata-grifo\/#primaryimage","url":"https:\/\/abaa.mx\/tienda\/wp-content\/uploads\/2023\/09\/puncion-lata-grifo.jpg","contentUrl":"https:\/\/abaa.mx\/tienda\/wp-content\/uploads\/2023\/09\/puncion-lata-grifo.jpg","width":466,"height":463,"caption":"wisscool-calibres-de-ca-juego-de-manometros-de-hvac-para-r134-r22-r12-r502-con-mangueras-acopladores-adaptadores-puncion-lata-grifo"},{"@type":"BreadcrumbList","@id":"https:\/\/abaa.mx\/tienda\/wisscool-calibres-de-ca-juego-de-manometros-de-hvac-para-r134-r22-r12-r502-con-mangueras-acopladores-adaptadores-puncion-lata-grifo\/#breadcrumb","itemListElement":[{"@type":"ListItem","position":1,"name":"Inicio","item":"https:\/\/abaa.mx\/tienda\/"},{"@type":"ListItem","position":2,"name":"Tienda","item":"https:\/\/abaa.mx\/tienda\/"},{"@type":"ListItem","position":3,"name":"Wisscool calibres de ca, juego de man\u00f3metros de hvac para r134 r22 r12 r502, con mangueras acopladores adaptadores punci\u00f3n lata grifo"}]},{"@type":"WebSite","@id":"https:\/\/abaa.mx\/tienda\/#website","url":"https:\/\/abaa.mx\/tienda\/","name":"Abaa tienda online","description":"Instrumentos de medici\u00f3n","publisher":{"@id":"https:\/\/abaa.mx\/tienda\/#organization"},"potentialAction":[{"@type":"SearchAction","target":{"@type":"EntryPoint","urlTemplate":"https:\/\/abaa.mx\/tienda\/?s={search_term_string}"},"query-input":{"@type":"PropertyValueSpecification","valueRequired":true,"valueName":"search_term_string"}}],"inLanguage":"es"},{"@type":"Organization","@id":"https:\/\/abaa.mx\/tienda\/#organization","name":"Abaa tienda online","url":"https:\/\/abaa.mx\/tienda\/","logo":{"@type":"ImageObject","inLanguage":"es","@id":"https:\/\/abaa.mx\/tienda\/#\/schema\/logo\/image\/","url":"https:\/\/abaa.mx\/tienda\/wp-content\/uploads\/2024\/01\/abaa-metrologia-tienda.png","contentUrl":"https:\/\/abaa.mx\/tienda\/wp-content\/uploads\/2024\/01\/abaa-metrologia-tienda.png","width":300,"height":141,"caption":"Abaa tienda online"},"image":{"@id":"https:\/\/abaa.mx\/tienda\/#\/schema\/logo\/image\/"}}]}},"_links":{"self":[{"href":"https:\/\/abaa.mx\/tienda\/wp-json\/wp\/v2\/product\/2656","targetHints":{"allow":["GET"]}}],"collection":[{"href":"https:\/\/abaa.mx\/tienda\/wp-json\/wp\/v2\/product"}],"about":[{"href":"https:\/\/abaa.mx\/tienda\/wp-json\/wp\/v2\/types\/product"}],"replies":[{"embeddable":true,"href":"https:\/\/abaa.mx\/tienda\/wp-json\/wp\/v2\/comments?post=2656"}],"wp:featuredmedia":[{"embeddable":true,"href":"https:\/\/abaa.mx\/tienda\/wp-json\/wp\/v2\/media\/2662"}],"wp:attachment":[{"href":"https:\/\/abaa.mx\/tienda\/wp-json\/wp\/v2\/media?parent=2656"}],"wp:term":[{"taxonomy":"product_brand","embeddable":true,"href":"https:\/\/abaa.mx\/tienda\/wp-json\/wp\/v2\/product_brand?post=2656"},{"taxonomy":"product_cat","embeddable":true,"href":"https:\/\/abaa.mx\/tienda\/wp-json\/wp\/v2\/product_cat?post=2656"},{"taxonomy":"product_tag","embeddable":true,"href":"https:\/\/abaa.mx\/tienda\/wp-json\/wp\/v2\/product_tag?post=2656"}],"curies":[{"name":"wp","href":"https:\/\/api.w.org\/{rel}","templated":true}]}}