{"id":2655,"date":"2023-09-22T16:45:04","date_gmt":"2023-09-22T16:45:04","guid":{"rendered":"https:\/\/abaa.mx\/tienda\/?post_type=product&#038;p=2655"},"modified":"2023-09-22T16:45:05","modified_gmt":"2023-09-22T16:45:05","slug":"testo-635-1-termohigrometro-con-humedad-del-aire","status":"publish","type":"product","link":"https:\/\/abaa.mx\/tienda\/testo-635-1-termohigrometro-con-humedad-del-aire\/","title":{"rendered":"testo 635-1 termohigr\u00f3metro con humedad del aire"},"content":{"rendered":"<h4>testo 635-1 ofertas<\/h4>\n<p>Las sondas y la impresora deben pedirse por separado.<\/p>\n<p>Proporciona mediciones r\u00e1pidas y f\u00e1ciles de humedad, equilibrio de humedad y punto de roc\u00edo a presi\u00f3n. Se pueden visualizar hasta 3 sondas de temperatura o humedad de forma inal\u00e1mbrica. Los perfiles de usuario seleccionables, para que pueda permitir botones de funci\u00f3n asignados a una aplicaci\u00f3n espec\u00edfica y la gu\u00eda de men\u00fa, facilitan la operaci\u00f3n intuitiva. La humedad del material se puede mostrar directamente utilizando sondas especiales. Para analizar la humedad en techos y paredes, testo 635 muestra la diferencia de punto de roc\u00edo entre el aire ambiente y la superficie de la pared. Las sondas de precisi\u00f3n de hasta 140 \u00b0 F tpd est\u00e1n disponibles para verificar el punto de roc\u00edo a presi\u00f3n en los sistemas de aire comprimido.<\/p>\n<p>Las sondas inal\u00e1mbricas ofrecen muchas ventajas sobre el cable tradicional o las sondas integradas. No hay riesgo de da\u00f1ar o enredar alambres o cables y las mediciones de hasta 65 pies son posibles. El m\u00f3dulo inal\u00e1mbrico opcional y f\u00e1cil de instalar se puede adaptar en cualquier momento. Para uso inal\u00e1mbrico, se requiere un m\u00f3dulo inal\u00e1mbrico, un mango inal\u00e1mbrico y una sonda inal\u00e1mbrica. Estos est\u00e1n disponibles como accesorios.<\/p>\n<p><strong>Funciones<\/strong><\/p>\n<ul>\n<li>Compatible con sondas inal\u00e1mbricas<\/li>\n<li>Impresi\u00f3n c\u00edclica de lecturas una vez por minuto<\/li>\n<li>Medici\u00f3n de la humedad del aire, humedad de equilibrio del material, punto de roc\u00edo a presi\u00f3n<\/li>\n<li>Sonda de radio para temperatura y humedad<\/li>\n<li>Protecci\u00f3n contra la suciedad y el impacto (IP 54)<\/li>\n<li>Las curvas caracter\u00edsticas permiten calcular la humedad del material<\/li>\n<li>5 entradas de sonda<\/li>\n<li>El alcance y la precisi\u00f3n dependen de la sonda<\/li>\n<li>Software de PC para an\u00e1lisis, archivo y documentaci\u00f3n de datos de medici\u00f3n<\/li>\n<li>Gran pantalla retroiluminada<\/li>\n<li>Compatible con sondas inal\u00e1mbricas opcionales<\/li>\n<li>Acceso r\u00e1pido a las funciones m\u00e1s importantes a trav\u00e9s de perfiles de usuario<\/li>\n<li>Visualizaci\u00f3n directa de la humedad del material debido a curvas de caracter\u00edsticas libremente configurables (basadas en la humedad de equilibrio)<\/li>\n<li>Almacenamiento de mediciones individuales o series de mediciones por ubicaci\u00f3n de medici\u00f3n<\/li>\n<\/ul>\n<h4>testo 635-1 Especificaciones<\/h4>\n<table class=\"table table-striped\">\n<tbody>\n<tr>\n<td colspan=\"2\"><strong>Tipo K (NiCr-Ni)<\/strong><\/td>\n<\/tr>\n<tr>\n<td>Rango de medici\u00f3n<\/td>\n<td>-200 a 1370\u00b0C<\/td>\n<\/tr>\n<tr>\n<td>Precisi\u00f3n \u00b11 d\u00edgito<\/td>\n<td>\u00b10,3 \u00b0C (-60 a 60 \u00b0C) \u00b1(0,2 \u00b0C + 0,3 % del v) (rango restante)<\/td>\n<\/tr>\n<tr>\n<td>Resoluci\u00f3n<\/td>\n<td>0.1\u00b0C<\/td>\n<\/tr>\n<tr>\n<td colspan=\"2\"><strong>NTC (sonda de humedad)<\/strong><\/td>\n<\/tr>\n<tr>\n<td>Rango de medici\u00f3n<\/td>\n<td>-40 a 150\u00b0C<\/td>\n<\/tr>\n<tr>\n<td>Precisi\u00f3n \u00b11 d\u00edgito<\/td>\n<td>\u00b10,2 \u00b0C (-25 a 74,9 \u00b0C) \u00b10,4 \u00b0C (-40 a -25,1 \u00b0C) \u00b10,4 \u00b0C (75 a 99,9 \u00b0C) \u00b10,5% del mv (rango restante)<\/td>\n<\/tr>\n<tr>\n<td>Resoluci\u00f3n<\/td>\n<td>0.1\u00b0C<\/td>\n<\/tr>\n<tr>\n<td colspan=\"2\"><strong>Capacidad del sensor de humedad Testo<\/strong><\/td>\n<\/tr>\n<tr>\n<td>Rango de medici\u00f3n<\/td>\n<td>0 a 100% HR<\/td>\n<\/tr>\n<tr>\n<td>Resoluci\u00f3n<\/td>\n<td>0,1 %HR<\/td>\n<\/tr>\n<tr>\n<td colspan=\"2\"><strong>Sonda de presi\u00f3n absoluta<\/strong><\/td>\n<\/tr>\n<tr>\n<td>Rango de medici\u00f3n<\/td>\n<td>0 a 2000 hPa<\/td>\n<\/tr>\n<tr>\n<td>Resoluci\u00f3n<\/td>\n<td>0,1 hPa<\/td>\n<\/tr>\n<\/tbody>\n<\/table>\n","protected":false},"excerpt":{"rendered":"<p>Las sondas y la impresora deben pedirse por separado.<\/p>\n<p>Proporciona mediciones r\u00e1pidas y f\u00e1ciles de humedad, equilibrio de humedad y punto de roc\u00edo a presi\u00f3n. Se pueden visualizar hasta 3 sondas de temperatura o humedad de forma inal\u00e1mbrica. Los perfiles de usuario seleccionables, para que pueda permitir botones de funci\u00f3n asignados a una aplicaci\u00f3n espec\u00edfica y la gu\u00eda de men\u00fa, facilitan la operaci\u00f3n intuitiva. La humedad del material se puede mostrar directamente utilizando sondas especiales. Para analizar la humedad en techos y paredes, testo 635 muestra la diferencia de punto de roc\u00edo entre el aire ambiente y la superficie de la pared. Las sondas de precisi\u00f3n de hasta 140 \u00b0 F tpd est\u00e1n disponibles para verificar el punto de roc\u00edo a presi\u00f3n en los sistemas de aire comprimido.<\/p>\n<p>&nbsp;<\/p>\n","protected":false},"featured_media":2657,"comment_status":"open","ping_status":"closed","template":"","meta":{"_joinchat":[]},"product_brand":[],"product_cat":[15],"product_tag":[],"class_list":{"0":"post-2655","1":"product","2":"type-product","3":"status-publish","4":"has-post-thumbnail","6":"product_cat-sin-categorizar","8":"first","9":"instock","10":"shipping-taxable","11":"product-type-simple"},"yoast_head":"<!-- This site is optimized with the Yoast SEO plugin v26.4 - https:\/\/yoast.com\/wordpress\/plugins\/seo\/ -->\n<title>testo 635-1 termohigr\u00f3metro con humedad del aire - Abaa tienda online<\/title>\n<meta name=\"robots\" content=\"index, follow, max-snippet:-1, max-image-preview:large, max-video-preview:-1\" \/>\n<link rel=\"canonical\" href=\"https:\/\/abaa.mx\/tienda\/testo-635-1-termohigrometro-con-humedad-del-aire\/\" \/>\n<meta property=\"og:locale\" content=\"es_MX\" \/>\n<meta property=\"og:type\" content=\"article\" \/>\n<meta property=\"og:title\" content=\"testo 635-1 termohigr\u00f3metro con humedad del aire - Abaa tienda online\" \/>\n<meta property=\"og:description\" content=\"Las sondas y la impresora deben pedirse por separado.  Proporciona mediciones r\u00e1pidas y f\u00e1ciles de humedad, equilibrio de humedad y punto de roc\u00edo a presi\u00f3n. Se pueden visualizar hasta 3 sondas de temperatura o humedad de forma inal\u00e1mbrica. Los perfiles de usuario seleccionables, para que pueda permitir botones de funci\u00f3n asignados a una aplicaci\u00f3n espec\u00edfica y la gu\u00eda de men\u00fa, facilitan la operaci\u00f3n intuitiva. La humedad del material se puede mostrar directamente utilizando sondas especiales. Para analizar la humedad en techos y paredes, testo 635 muestra la diferencia de punto de roc\u00edo entre el aire ambiente y la superficie de la pared. Las sondas de precisi\u00f3n de hasta 140 \u00b0 F tpd est\u00e1n disponibles para verificar el punto de roc\u00edo a presi\u00f3n en los sistemas de aire comprimido.  &nbsp;\" \/>\n<meta property=\"og:url\" content=\"https:\/\/abaa.mx\/tienda\/testo-635-1-termohigrometro-con-humedad-del-aire\/\" \/>\n<meta property=\"og:site_name\" content=\"Abaa tienda online\" \/>\n<meta property=\"article:modified_time\" content=\"2023-09-22T16:45:05+00:00\" \/>\n<meta property=\"og:image\" content=\"https:\/\/abaa.mx\/tienda\/wp-content\/uploads\/2023\/09\/635-1.jpg\" \/>\n\t<meta property=\"og:image:width\" content=\"270\" \/>\n\t<meta property=\"og:image:height\" content=\"331\" \/>\n\t<meta property=\"og:image:type\" content=\"image\/jpeg\" \/>\n<meta name=\"twitter:card\" content=\"summary_large_image\" \/>\n<meta name=\"twitter:label1\" content=\"Tiempo de lectura\" \/>\n\t<meta name=\"twitter:data1\" content=\"2 minutos\" \/>\n<script type=\"application\/ld+json\" class=\"yoast-schema-graph\">{\"@context\":\"https:\/\/schema.org\",\"@graph\":[{\"@type\":\"WebPage\",\"@id\":\"https:\/\/abaa.mx\/tienda\/testo-635-1-termohigrometro-con-humedad-del-aire\/\",\"url\":\"https:\/\/abaa.mx\/tienda\/testo-635-1-termohigrometro-con-humedad-del-aire\/\",\"name\":\"testo 635-1 termohigr\u00f3metro con humedad del aire - Abaa tienda online\",\"isPartOf\":{\"@id\":\"https:\/\/abaa.mx\/tienda\/#website\"},\"primaryImageOfPage\":{\"@id\":\"https:\/\/abaa.mx\/tienda\/testo-635-1-termohigrometro-con-humedad-del-aire\/#primaryimage\"},\"image\":{\"@id\":\"https:\/\/abaa.mx\/tienda\/testo-635-1-termohigrometro-con-humedad-del-aire\/#primaryimage\"},\"thumbnailUrl\":\"https:\/\/abaa.mx\/tienda\/wp-content\/uploads\/2023\/09\/635-1.jpg\",\"datePublished\":\"2023-09-22T16:45:04+00:00\",\"dateModified\":\"2023-09-22T16:45:05+00:00\",\"breadcrumb\":{\"@id\":\"https:\/\/abaa.mx\/tienda\/testo-635-1-termohigrometro-con-humedad-del-aire\/#breadcrumb\"},\"inLanguage\":\"es\",\"potentialAction\":[{\"@type\":\"ReadAction\",\"target\":[\"https:\/\/abaa.mx\/tienda\/testo-635-1-termohigrometro-con-humedad-del-aire\/\"]}]},{\"@type\":\"ImageObject\",\"inLanguage\":\"es\",\"@id\":\"https:\/\/abaa.mx\/tienda\/testo-635-1-termohigrometro-con-humedad-del-aire\/#primaryimage\",\"url\":\"https:\/\/abaa.mx\/tienda\/wp-content\/uploads\/2023\/09\/635-1.jpg\",\"contentUrl\":\"https:\/\/abaa.mx\/tienda\/wp-content\/uploads\/2023\/09\/635-1.jpg\",\"width\":270,\"height\":331,\"caption\":\"635-1\"},{\"@type\":\"BreadcrumbList\",\"@id\":\"https:\/\/abaa.mx\/tienda\/testo-635-1-termohigrometro-con-humedad-del-aire\/#breadcrumb\",\"itemListElement\":[{\"@type\":\"ListItem\",\"position\":1,\"name\":\"Inicio\",\"item\":\"https:\/\/abaa.mx\/tienda\/\"},{\"@type\":\"ListItem\",\"position\":2,\"name\":\"Tienda\",\"item\":\"https:\/\/abaa.mx\/tienda\/\"},{\"@type\":\"ListItem\",\"position\":3,\"name\":\"testo 635-1 termohigr\u00f3metro con humedad del aire\"}]},{\"@type\":\"WebSite\",\"@id\":\"https:\/\/abaa.mx\/tienda\/#website\",\"url\":\"https:\/\/abaa.mx\/tienda\/\",\"name\":\"Abaa tienda online\",\"description\":\"Instrumentos de medici\u00f3n\",\"publisher\":{\"@id\":\"https:\/\/abaa.mx\/tienda\/#organization\"},\"potentialAction\":[{\"@type\":\"SearchAction\",\"target\":{\"@type\":\"EntryPoint\",\"urlTemplate\":\"https:\/\/abaa.mx\/tienda\/?s={search_term_string}\"},\"query-input\":{\"@type\":\"PropertyValueSpecification\",\"valueRequired\":true,\"valueName\":\"search_term_string\"}}],\"inLanguage\":\"es\"},{\"@type\":\"Organization\",\"@id\":\"https:\/\/abaa.mx\/tienda\/#organization\",\"name\":\"Abaa tienda online\",\"url\":\"https:\/\/abaa.mx\/tienda\/\",\"logo\":{\"@type\":\"ImageObject\",\"inLanguage\":\"es\",\"@id\":\"https:\/\/abaa.mx\/tienda\/#\/schema\/logo\/image\/\",\"url\":\"https:\/\/abaa.mx\/tienda\/wp-content\/uploads\/2024\/01\/abaa-metrologia-tienda.png\",\"contentUrl\":\"https:\/\/abaa.mx\/tienda\/wp-content\/uploads\/2024\/01\/abaa-metrologia-tienda.png\",\"width\":300,\"height\":141,\"caption\":\"Abaa tienda online\"},\"image\":{\"@id\":\"https:\/\/abaa.mx\/tienda\/#\/schema\/logo\/image\/\"}}]}<\/script>\n<!-- \/ Yoast SEO plugin. -->","yoast_head_json":{"title":"testo 635-1 termohigr\u00f3metro con humedad del aire - Abaa tienda online","robots":{"index":"index","follow":"follow","max-snippet":"max-snippet:-1","max-image-preview":"max-image-preview:large","max-video-preview":"max-video-preview:-1"},"canonical":"https:\/\/abaa.mx\/tienda\/testo-635-1-termohigrometro-con-humedad-del-aire\/","og_locale":"es_MX","og_type":"article","og_title":"testo 635-1 termohigr\u00f3metro con humedad del aire - Abaa tienda online","og_description":"Las sondas y la impresora deben pedirse por separado.  Proporciona mediciones r\u00e1pidas y f\u00e1ciles de humedad, equilibrio de humedad y punto de roc\u00edo a presi\u00f3n. Se pueden visualizar hasta 3 sondas de temperatura o humedad de forma inal\u00e1mbrica. Los perfiles de usuario seleccionables, para que pueda permitir botones de funci\u00f3n asignados a una aplicaci\u00f3n espec\u00edfica y la gu\u00eda de men\u00fa, facilitan la operaci\u00f3n intuitiva. La humedad del material se puede mostrar directamente utilizando sondas especiales. Para analizar la humedad en techos y paredes, testo 635 muestra la diferencia de punto de roc\u00edo entre el aire ambiente y la superficie de la pared. Las sondas de precisi\u00f3n de hasta 140 \u00b0 F tpd est\u00e1n disponibles para verificar el punto de roc\u00edo a presi\u00f3n en los sistemas de aire comprimido.  &nbsp;","og_url":"https:\/\/abaa.mx\/tienda\/testo-635-1-termohigrometro-con-humedad-del-aire\/","og_site_name":"Abaa tienda online","article_modified_time":"2023-09-22T16:45:05+00:00","og_image":[{"width":270,"height":331,"url":"https:\/\/abaa.mx\/tienda\/wp-content\/uploads\/2023\/09\/635-1.jpg","type":"image\/jpeg"}],"twitter_card":"summary_large_image","twitter_misc":{"Tiempo de lectura":"2 minutos"},"schema":{"@context":"https:\/\/schema.org","@graph":[{"@type":"WebPage","@id":"https:\/\/abaa.mx\/tienda\/testo-635-1-termohigrometro-con-humedad-del-aire\/","url":"https:\/\/abaa.mx\/tienda\/testo-635-1-termohigrometro-con-humedad-del-aire\/","name":"testo 635-1 termohigr\u00f3metro con humedad del aire - Abaa tienda online","isPartOf":{"@id":"https:\/\/abaa.mx\/tienda\/#website"},"primaryImageOfPage":{"@id":"https:\/\/abaa.mx\/tienda\/testo-635-1-termohigrometro-con-humedad-del-aire\/#primaryimage"},"image":{"@id":"https:\/\/abaa.mx\/tienda\/testo-635-1-termohigrometro-con-humedad-del-aire\/#primaryimage"},"thumbnailUrl":"https:\/\/abaa.mx\/tienda\/wp-content\/uploads\/2023\/09\/635-1.jpg","datePublished":"2023-09-22T16:45:04+00:00","dateModified":"2023-09-22T16:45:05+00:00","breadcrumb":{"@id":"https:\/\/abaa.mx\/tienda\/testo-635-1-termohigrometro-con-humedad-del-aire\/#breadcrumb"},"inLanguage":"es","potentialAction":[{"@type":"ReadAction","target":["https:\/\/abaa.mx\/tienda\/testo-635-1-termohigrometro-con-humedad-del-aire\/"]}]},{"@type":"ImageObject","inLanguage":"es","@id":"https:\/\/abaa.mx\/tienda\/testo-635-1-termohigrometro-con-humedad-del-aire\/#primaryimage","url":"https:\/\/abaa.mx\/tienda\/wp-content\/uploads\/2023\/09\/635-1.jpg","contentUrl":"https:\/\/abaa.mx\/tienda\/wp-content\/uploads\/2023\/09\/635-1.jpg","width":270,"height":331,"caption":"635-1"},{"@type":"BreadcrumbList","@id":"https:\/\/abaa.mx\/tienda\/testo-635-1-termohigrometro-con-humedad-del-aire\/#breadcrumb","itemListElement":[{"@type":"ListItem","position":1,"name":"Inicio","item":"https:\/\/abaa.mx\/tienda\/"},{"@type":"ListItem","position":2,"name":"Tienda","item":"https:\/\/abaa.mx\/tienda\/"},{"@type":"ListItem","position":3,"name":"testo 635-1 termohigr\u00f3metro con humedad del aire"}]},{"@type":"WebSite","@id":"https:\/\/abaa.mx\/tienda\/#website","url":"https:\/\/abaa.mx\/tienda\/","name":"Abaa tienda online","description":"Instrumentos de medici\u00f3n","publisher":{"@id":"https:\/\/abaa.mx\/tienda\/#organization"},"potentialAction":[{"@type":"SearchAction","target":{"@type":"EntryPoint","urlTemplate":"https:\/\/abaa.mx\/tienda\/?s={search_term_string}"},"query-input":{"@type":"PropertyValueSpecification","valueRequired":true,"valueName":"search_term_string"}}],"inLanguage":"es"},{"@type":"Organization","@id":"https:\/\/abaa.mx\/tienda\/#organization","name":"Abaa tienda online","url":"https:\/\/abaa.mx\/tienda\/","logo":{"@type":"ImageObject","inLanguage":"es","@id":"https:\/\/abaa.mx\/tienda\/#\/schema\/logo\/image\/","url":"https:\/\/abaa.mx\/tienda\/wp-content\/uploads\/2024\/01\/abaa-metrologia-tienda.png","contentUrl":"https:\/\/abaa.mx\/tienda\/wp-content\/uploads\/2024\/01\/abaa-metrologia-tienda.png","width":300,"height":141,"caption":"Abaa tienda online"},"image":{"@id":"https:\/\/abaa.mx\/tienda\/#\/schema\/logo\/image\/"}}]}},"_links":{"self":[{"href":"https:\/\/abaa.mx\/tienda\/wp-json\/wp\/v2\/product\/2655","targetHints":{"allow":["GET"]}}],"collection":[{"href":"https:\/\/abaa.mx\/tienda\/wp-json\/wp\/v2\/product"}],"about":[{"href":"https:\/\/abaa.mx\/tienda\/wp-json\/wp\/v2\/types\/product"}],"replies":[{"embeddable":true,"href":"https:\/\/abaa.mx\/tienda\/wp-json\/wp\/v2\/comments?post=2655"}],"wp:featuredmedia":[{"embeddable":true,"href":"https:\/\/abaa.mx\/tienda\/wp-json\/wp\/v2\/media\/2657"}],"wp:attachment":[{"href":"https:\/\/abaa.mx\/tienda\/wp-json\/wp\/v2\/media?parent=2655"}],"wp:term":[{"taxonomy":"product_brand","embeddable":true,"href":"https:\/\/abaa.mx\/tienda\/wp-json\/wp\/v2\/product_brand?post=2655"},{"taxonomy":"product_cat","embeddable":true,"href":"https:\/\/abaa.mx\/tienda\/wp-json\/wp\/v2\/product_cat?post=2655"},{"taxonomy":"product_tag","embeddable":true,"href":"https:\/\/abaa.mx\/tienda\/wp-json\/wp\/v2\/product_tag?post=2655"}],"curies":[{"name":"wp","href":"https:\/\/api.w.org\/{rel}","templated":true}]}}