{"id":2651,"date":"2023-09-22T16:42:21","date_gmt":"2023-09-22T16:42:21","guid":{"rendered":"https:\/\/abaa.mx\/tienda\/?post_type=product&#038;p=2651"},"modified":"2023-09-22T16:42:22","modified_gmt":"2023-09-22T16:42:22","slug":"termohigrometro-digital-testo-625-0-a-100-hr-4-a-140f","status":"publish","type":"product","link":"https:\/\/abaa.mx\/tienda\/termohigrometro-digital-testo-625-0-a-100-hr-4-a-140f\/","title":{"rendered":"termohigr\u00f3metro digital testo 625, 0 a 100% hr, -4 a 140\u00b0f"},"content":{"rendered":"<p>Hecho para hacerlo m\u00e1s f\u00e1cil, este instrumento de medici\u00f3n compacto ofrece lecturas precisas siempre que las necesite. Adem\u00e1s, es r\u00e1pido, flexible, f\u00e1cil de usar y se conecta a su tel\u00e9fono inteligente con la aplicaci\u00f3n inteligente, proporcion\u00e1ndole una segunda pantalla. \u00a1Medir no podr\u00eda ser m\u00e1s f\u00e1cil que esto!<\/p>\n<p><strong>Funciones<\/strong><\/p>\n<ul>\n<li>Medici\u00f3n simple, r\u00e1pida y precisa de la temperatura del aire y la humedad relativa<\/li>\n<li>C\u00e1lculo del punto de roc\u00edo y la temperatura del bulbo h\u00famedo<\/li>\n<li>Configuraci\u00f3n r\u00e1pida en la aplicaci\u00f3n, historial de gr\u00e1ficos, segunda pantalla y memoria de datos de medici\u00f3n en la aplicaci\u00f3n inteligente<\/li>\n<li>Suena una alarma sonora si se supera un valor l\u00edmite<\/li>\n<li>C\u00e1lculo de medias cronometradas y multipunto<\/li>\n<\/ul>\n<p><strong>F\u00e1cil<\/strong><\/p>\n<ul>\n<li>Dise\u00f1o compacto: f\u00e1cilmente disponible, guardado r\u00e1pidamente<\/li>\n<li>Mano de obra robusta: cuando las cosas se ponen dif\u00edciles<\/li>\n<li>Manejo intuitivo: alta tecnolog\u00eda reducida a lo esencial<\/li>\n<li>Imprimir informes in situ: Todo en blanco y negro<\/li>\n<li>Aplicaci\u00f3n inteligente: configure, guarde, documente mediciones y mucho m\u00e1s<\/li>\n<\/ul>\n<p><strong>R\u00e1pido<\/strong><\/p>\n<ul>\n<li>Resultados de medici\u00f3n inmediatos: Con una sola mirada, todo est\u00e1 claro<\/li>\n<li>Configuraci\u00f3n con la aplicaci\u00f3n inteligente: cambie la configuraci\u00f3n con solo unos pocos clics<\/li>\n<li>C\u00e1lculo autom\u00e1tico del caudal volum\u00e9trico: el di\u00e1metro del conducto es suficiente<\/li>\n<li>Dos pantallas muestran m\u00e1s de una: muestra las curvas de medici\u00f3n de tus clientes en un smartphone, en tiempo real<\/li>\n<\/ul>\n<p><strong>Preciso<\/strong><\/p>\n<ul>\n<li>Sondas digitales probadas en la pr\u00e1ctica: para obtener resultados de medici\u00f3n estables, reproducibles y precisos a largo plazo<\/li>\n<li>Men\u00fas de medici\u00f3n \u00fatiles: medici\u00f3n de un solo punto y curva de tiempo en cada instrumento<\/li>\n<li>Mediciones complejas, simplificadas de forma compacta: por ejemplo, medici\u00f3n, ajustes y documentaci\u00f3n muy f\u00e1ciles de ventilar espacios habitables<\/li>\n<li>Documentaci\u00f3n con la Smart App: Completamente sin papeleo<\/li>\n<\/ul>\n<p><strong>Aplicaciones<\/strong><\/p>\n<ul>\n<li>Calidad del aire interior y confort<\/li>\n<\/ul>\n<p><strong>Aplicaci\u00f3n inteligente<\/strong><\/p>\n<ul>\n<li>Simple y r\u00e1pido: los men\u00fas de medici\u00f3n para numerosas aplicaciones proporcionan un soporte \u00f3ptimo en la configuraci\u00f3n y realizaci\u00f3n de la medici\u00f3n<\/li>\n<li>Presentaci\u00f3n gr\u00e1fica clara de las lecturas, por ejemplo, como una tabla, para una r\u00e1pida interpretaci\u00f3n de los resultados<\/li>\n<li>Cree informes de medici\u00f3n digitales que incluyan fotos como archivos PDF \/ CSV en el sitio y env\u00edelos por correo electr\u00f3nico<\/li>\n<\/ul>\n<h4>Testo 625 Especificaciones<\/h4>\n<table class=\"table table-striped\">\n<tbody>\n<tr>\n<td>Sensor de humedad (capacitivo)<\/td>\n<td>Rango de medici\u00f3n: 0 a 100% HR Precisi\u00f3n (\u00b11 d\u00edgito): 2.5% HR (5 a 95% HR)<br \/>\nResoluci\u00f3n: 0.1% HR<\/td>\n<\/tr>\n<tr>\n<td>NTC<\/td>\n<td>Rango de medici\u00f3n: -4 a 140 \u00b0F\/-20 a 60 \u00b0C Precisi\u00f3n (\u00b11 d\u00edgito): \u00b10.9 \u00b0F \/ \u00b10.5 \u00b0C Resoluci\u00f3n: 0.1 \u00b0F \/ 0.1 \u00b0C<\/td>\n<\/tr>\n<tr>\n<td>Par\u00e1metros de medici\u00f3n<\/td>\n<td>% HR, \u00b0F, \u00b0F td, \u00b0F dp, \u00b0C, \u00b0C td, \u00b0C dp<\/td>\n<\/tr>\n<tr>\n<td>Condiciones ambientales<\/td>\n<td>Temperatura de funcionamiento: Instrumento de medici\u00f3n: -4 a 122 \u00b0F (-20 a 50 \u00b0C)Sonda: -4 a 158 \u00b0F (-20 a 70 \u00b0C)Temperatura de almacenamiento:<br \/>\n-4 a 122 \u00b0F (-20 a 50 \u00b0C)<\/td>\n<\/tr>\n<tr>\n<td>Clase de protecci\u00f3n<\/td>\n<td>Instrumento de medici\u00f3n: IP40<br \/>\nSonda: IP20<\/td>\n<\/tr>\n<tr>\n<td>Material de la carcasa<\/td>\n<td>ABS + PC\/TPE<\/td>\n<\/tr>\n<tr>\n<td>Bater\u00eda<\/td>\n<td>Tipo: 3 x AA<br \/>\nVida: 100 horas<\/td>\n<\/tr>\n<tr>\n<td>Dimensiones<\/td>\n<td>Instrumento de medici\u00f3n: 8.2 x 2.4 x 1.1&#8243; (208.3 x 60.9 x 27.9 mm)Sonda: 0.47 x 0.59&#8243; (11.9 x 15 mm)<\/td>\n<\/tr>\n<tr>\n<td>Peso<\/td>\n<td>0,44 libras (199,6 g)<\/td>\n<\/tr>\n<\/tbody>\n<\/table>\n","protected":false},"excerpt":{"rendered":"<p>Hecho para hacerlo m\u00e1s f\u00e1cil, este instrumento de medici\u00f3n compacto ofrece lecturas precisas siempre que las necesite. Adem\u00e1s, es r\u00e1pido, flexible, f\u00e1cil de usar y se conecta a su tel\u00e9fono inteligente con la aplicaci\u00f3n inteligente, proporcion\u00e1ndole una segunda pantalla. \u00a1Medir no podr\u00eda ser m\u00e1s f\u00e1cil que esto!<\/p>\n<p><strong>Funciones<\/strong><\/p>\n<ul>\n<li>Medici\u00f3n simple, r\u00e1pida y precisa de la temperatura del aire y la humedad relativa<\/li>\n<li>C\u00e1lculo del punto de roc\u00edo y la temperatura del bulbo h\u00famedo<\/li>\n<li>Configuraci\u00f3n r\u00e1pida en la aplicaci\u00f3n, historial de gr\u00e1ficos, segunda pantalla y memoria de datos de medici\u00f3n en la aplicaci\u00f3n inteligente<\/li>\n<li>Suena una alarma sonora si se supera un valor l\u00edmite<\/li>\n<li>C\u00e1lculo de medias cronometradas y multipunto<\/li>\n<\/ul>\n","protected":false},"featured_media":2654,"comment_status":"open","ping_status":"closed","template":"","meta":{"_joinchat":[]},"product_brand":[],"product_cat":[15],"product_tag":[],"class_list":{"0":"post-2651","1":"product","2":"type-product","3":"status-publish","4":"has-post-thumbnail","6":"product_cat-sin-categorizar","8":"first","9":"instock","10":"shipping-taxable","11":"product-type-simple"},"yoast_head":"<!-- This site is optimized with the Yoast SEO plugin v26.4 - https:\/\/yoast.com\/wordpress\/plugins\/seo\/ -->\n<title>termohigr\u00f3metro digital testo 625, 0 a 100% hr, -4 a 140\u00b0f - Abaa tienda online<\/title>\n<meta name=\"robots\" content=\"index, follow, max-snippet:-1, max-image-preview:large, max-video-preview:-1\" \/>\n<link rel=\"canonical\" href=\"https:\/\/abaa.mx\/tienda\/termohigrometro-digital-testo-625-0-a-100-hr-4-a-140f\/\" \/>\n<meta property=\"og:locale\" content=\"es_MX\" \/>\n<meta property=\"og:type\" content=\"article\" \/>\n<meta property=\"og:title\" content=\"termohigr\u00f3metro digital testo 625, 0 a 100% hr, -4 a 140\u00b0f - Abaa tienda online\" \/>\n<meta property=\"og:description\" content=\"Hecho para hacerlo m\u00e1s f\u00e1cil, este instrumento de medici\u00f3n compacto ofrece lecturas precisas siempre que las necesite. Adem\u00e1s, es r\u00e1pido, flexible, f\u00e1cil de usar y se conecta a su tel\u00e9fono inteligente con la aplicaci\u00f3n inteligente, proporcion\u00e1ndole una segunda pantalla. \u00a1Medir no podr\u00eda ser m\u00e1s f\u00e1cil que esto!  Funciones   Medici\u00f3n simple, r\u00e1pida y precisa de la temperatura del aire y la humedad relativa  C\u00e1lculo del punto de roc\u00edo y la temperatura del bulbo h\u00famedo  Configuraci\u00f3n r\u00e1pida en la aplicaci\u00f3n, historial de gr\u00e1ficos, segunda pantalla y memoria de datos de medici\u00f3n en la aplicaci\u00f3n inteligente  Suena una alarma sonora si se supera un valor l\u00edmite  C\u00e1lculo de medias cronometradas y multipunto\" \/>\n<meta property=\"og:url\" content=\"https:\/\/abaa.mx\/tienda\/termohigrometro-digital-testo-625-0-a-100-hr-4-a-140f\/\" \/>\n<meta property=\"og:site_name\" content=\"Abaa tienda online\" \/>\n<meta property=\"article:modified_time\" content=\"2023-09-22T16:42:22+00:00\" \/>\n<meta property=\"og:image\" content=\"https:\/\/abaa.mx\/tienda\/wp-content\/uploads\/2023\/09\/625.jpg\" \/>\n\t<meta property=\"og:image:width\" content=\"270\" \/>\n\t<meta property=\"og:image:height\" content=\"500\" \/>\n\t<meta property=\"og:image:type\" content=\"image\/jpeg\" \/>\n<meta name=\"twitter:card\" content=\"summary_large_image\" \/>\n<meta name=\"twitter:label1\" content=\"Tiempo de lectura\" \/>\n\t<meta name=\"twitter:data1\" content=\"3 minutos\" \/>\n<script type=\"application\/ld+json\" class=\"yoast-schema-graph\">{\"@context\":\"https:\/\/schema.org\",\"@graph\":[{\"@type\":\"WebPage\",\"@id\":\"https:\/\/abaa.mx\/tienda\/termohigrometro-digital-testo-625-0-a-100-hr-4-a-140f\/\",\"url\":\"https:\/\/abaa.mx\/tienda\/termohigrometro-digital-testo-625-0-a-100-hr-4-a-140f\/\",\"name\":\"termohigr\u00f3metro digital testo 625, 0 a 100% hr, -4 a 140\u00b0f - Abaa tienda online\",\"isPartOf\":{\"@id\":\"https:\/\/abaa.mx\/tienda\/#website\"},\"primaryImageOfPage\":{\"@id\":\"https:\/\/abaa.mx\/tienda\/termohigrometro-digital-testo-625-0-a-100-hr-4-a-140f\/#primaryimage\"},\"image\":{\"@id\":\"https:\/\/abaa.mx\/tienda\/termohigrometro-digital-testo-625-0-a-100-hr-4-a-140f\/#primaryimage\"},\"thumbnailUrl\":\"https:\/\/abaa.mx\/tienda\/wp-content\/uploads\/2023\/09\/625.jpg\",\"datePublished\":\"2023-09-22T16:42:21+00:00\",\"dateModified\":\"2023-09-22T16:42:22+00:00\",\"breadcrumb\":{\"@id\":\"https:\/\/abaa.mx\/tienda\/termohigrometro-digital-testo-625-0-a-100-hr-4-a-140f\/#breadcrumb\"},\"inLanguage\":\"es\",\"potentialAction\":[{\"@type\":\"ReadAction\",\"target\":[\"https:\/\/abaa.mx\/tienda\/termohigrometro-digital-testo-625-0-a-100-hr-4-a-140f\/\"]}]},{\"@type\":\"ImageObject\",\"inLanguage\":\"es\",\"@id\":\"https:\/\/abaa.mx\/tienda\/termohigrometro-digital-testo-625-0-a-100-hr-4-a-140f\/#primaryimage\",\"url\":\"https:\/\/abaa.mx\/tienda\/wp-content\/uploads\/2023\/09\/625.jpg\",\"contentUrl\":\"https:\/\/abaa.mx\/tienda\/wp-content\/uploads\/2023\/09\/625.jpg\",\"width\":270,\"height\":500,\"caption\":\"625\"},{\"@type\":\"BreadcrumbList\",\"@id\":\"https:\/\/abaa.mx\/tienda\/termohigrometro-digital-testo-625-0-a-100-hr-4-a-140f\/#breadcrumb\",\"itemListElement\":[{\"@type\":\"ListItem\",\"position\":1,\"name\":\"Inicio\",\"item\":\"https:\/\/abaa.mx\/tienda\/\"},{\"@type\":\"ListItem\",\"position\":2,\"name\":\"Tienda\",\"item\":\"https:\/\/abaa.mx\/tienda\/\"},{\"@type\":\"ListItem\",\"position\":3,\"name\":\"termohigr\u00f3metro digital testo 625, 0 a 100% hr, -4 a 140\u00b0f\"}]},{\"@type\":\"WebSite\",\"@id\":\"https:\/\/abaa.mx\/tienda\/#website\",\"url\":\"https:\/\/abaa.mx\/tienda\/\",\"name\":\"Abaa tienda online\",\"description\":\"Instrumentos de medici\u00f3n\",\"publisher\":{\"@id\":\"https:\/\/abaa.mx\/tienda\/#organization\"},\"potentialAction\":[{\"@type\":\"SearchAction\",\"target\":{\"@type\":\"EntryPoint\",\"urlTemplate\":\"https:\/\/abaa.mx\/tienda\/?s={search_term_string}\"},\"query-input\":{\"@type\":\"PropertyValueSpecification\",\"valueRequired\":true,\"valueName\":\"search_term_string\"}}],\"inLanguage\":\"es\"},{\"@type\":\"Organization\",\"@id\":\"https:\/\/abaa.mx\/tienda\/#organization\",\"name\":\"Abaa tienda online\",\"url\":\"https:\/\/abaa.mx\/tienda\/\",\"logo\":{\"@type\":\"ImageObject\",\"inLanguage\":\"es\",\"@id\":\"https:\/\/abaa.mx\/tienda\/#\/schema\/logo\/image\/\",\"url\":\"https:\/\/abaa.mx\/tienda\/wp-content\/uploads\/2024\/01\/abaa-metrologia-tienda.png\",\"contentUrl\":\"https:\/\/abaa.mx\/tienda\/wp-content\/uploads\/2024\/01\/abaa-metrologia-tienda.png\",\"width\":300,\"height\":141,\"caption\":\"Abaa tienda online\"},\"image\":{\"@id\":\"https:\/\/abaa.mx\/tienda\/#\/schema\/logo\/image\/\"}}]}<\/script>\n<!-- \/ Yoast SEO plugin. -->","yoast_head_json":{"title":"termohigr\u00f3metro digital testo 625, 0 a 100% hr, -4 a 140\u00b0f - Abaa tienda online","robots":{"index":"index","follow":"follow","max-snippet":"max-snippet:-1","max-image-preview":"max-image-preview:large","max-video-preview":"max-video-preview:-1"},"canonical":"https:\/\/abaa.mx\/tienda\/termohigrometro-digital-testo-625-0-a-100-hr-4-a-140f\/","og_locale":"es_MX","og_type":"article","og_title":"termohigr\u00f3metro digital testo 625, 0 a 100% hr, -4 a 140\u00b0f - Abaa tienda online","og_description":"Hecho para hacerlo m\u00e1s f\u00e1cil, este instrumento de medici\u00f3n compacto ofrece lecturas precisas siempre que las necesite. Adem\u00e1s, es r\u00e1pido, flexible, f\u00e1cil de usar y se conecta a su tel\u00e9fono inteligente con la aplicaci\u00f3n inteligente, proporcion\u00e1ndole una segunda pantalla. \u00a1Medir no podr\u00eda ser m\u00e1s f\u00e1cil que esto!  Funciones   Medici\u00f3n simple, r\u00e1pida y precisa de la temperatura del aire y la humedad relativa  C\u00e1lculo del punto de roc\u00edo y la temperatura del bulbo h\u00famedo  Configuraci\u00f3n r\u00e1pida en la aplicaci\u00f3n, historial de gr\u00e1ficos, segunda pantalla y memoria de datos de medici\u00f3n en la aplicaci\u00f3n inteligente  Suena una alarma sonora si se supera un valor l\u00edmite  C\u00e1lculo de medias cronometradas y multipunto","og_url":"https:\/\/abaa.mx\/tienda\/termohigrometro-digital-testo-625-0-a-100-hr-4-a-140f\/","og_site_name":"Abaa tienda online","article_modified_time":"2023-09-22T16:42:22+00:00","og_image":[{"width":270,"height":500,"url":"https:\/\/abaa.mx\/tienda\/wp-content\/uploads\/2023\/09\/625.jpg","type":"image\/jpeg"}],"twitter_card":"summary_large_image","twitter_misc":{"Tiempo de lectura":"3 minutos"},"schema":{"@context":"https:\/\/schema.org","@graph":[{"@type":"WebPage","@id":"https:\/\/abaa.mx\/tienda\/termohigrometro-digital-testo-625-0-a-100-hr-4-a-140f\/","url":"https:\/\/abaa.mx\/tienda\/termohigrometro-digital-testo-625-0-a-100-hr-4-a-140f\/","name":"termohigr\u00f3metro digital testo 625, 0 a 100% hr, -4 a 140\u00b0f - Abaa tienda online","isPartOf":{"@id":"https:\/\/abaa.mx\/tienda\/#website"},"primaryImageOfPage":{"@id":"https:\/\/abaa.mx\/tienda\/termohigrometro-digital-testo-625-0-a-100-hr-4-a-140f\/#primaryimage"},"image":{"@id":"https:\/\/abaa.mx\/tienda\/termohigrometro-digital-testo-625-0-a-100-hr-4-a-140f\/#primaryimage"},"thumbnailUrl":"https:\/\/abaa.mx\/tienda\/wp-content\/uploads\/2023\/09\/625.jpg","datePublished":"2023-09-22T16:42:21+00:00","dateModified":"2023-09-22T16:42:22+00:00","breadcrumb":{"@id":"https:\/\/abaa.mx\/tienda\/termohigrometro-digital-testo-625-0-a-100-hr-4-a-140f\/#breadcrumb"},"inLanguage":"es","potentialAction":[{"@type":"ReadAction","target":["https:\/\/abaa.mx\/tienda\/termohigrometro-digital-testo-625-0-a-100-hr-4-a-140f\/"]}]},{"@type":"ImageObject","inLanguage":"es","@id":"https:\/\/abaa.mx\/tienda\/termohigrometro-digital-testo-625-0-a-100-hr-4-a-140f\/#primaryimage","url":"https:\/\/abaa.mx\/tienda\/wp-content\/uploads\/2023\/09\/625.jpg","contentUrl":"https:\/\/abaa.mx\/tienda\/wp-content\/uploads\/2023\/09\/625.jpg","width":270,"height":500,"caption":"625"},{"@type":"BreadcrumbList","@id":"https:\/\/abaa.mx\/tienda\/termohigrometro-digital-testo-625-0-a-100-hr-4-a-140f\/#breadcrumb","itemListElement":[{"@type":"ListItem","position":1,"name":"Inicio","item":"https:\/\/abaa.mx\/tienda\/"},{"@type":"ListItem","position":2,"name":"Tienda","item":"https:\/\/abaa.mx\/tienda\/"},{"@type":"ListItem","position":3,"name":"termohigr\u00f3metro digital testo 625, 0 a 100% hr, -4 a 140\u00b0f"}]},{"@type":"WebSite","@id":"https:\/\/abaa.mx\/tienda\/#website","url":"https:\/\/abaa.mx\/tienda\/","name":"Abaa tienda online","description":"Instrumentos de medici\u00f3n","publisher":{"@id":"https:\/\/abaa.mx\/tienda\/#organization"},"potentialAction":[{"@type":"SearchAction","target":{"@type":"EntryPoint","urlTemplate":"https:\/\/abaa.mx\/tienda\/?s={search_term_string}"},"query-input":{"@type":"PropertyValueSpecification","valueRequired":true,"valueName":"search_term_string"}}],"inLanguage":"es"},{"@type":"Organization","@id":"https:\/\/abaa.mx\/tienda\/#organization","name":"Abaa tienda online","url":"https:\/\/abaa.mx\/tienda\/","logo":{"@type":"ImageObject","inLanguage":"es","@id":"https:\/\/abaa.mx\/tienda\/#\/schema\/logo\/image\/","url":"https:\/\/abaa.mx\/tienda\/wp-content\/uploads\/2024\/01\/abaa-metrologia-tienda.png","contentUrl":"https:\/\/abaa.mx\/tienda\/wp-content\/uploads\/2024\/01\/abaa-metrologia-tienda.png","width":300,"height":141,"caption":"Abaa tienda online"},"image":{"@id":"https:\/\/abaa.mx\/tienda\/#\/schema\/logo\/image\/"}}]}},"_links":{"self":[{"href":"https:\/\/abaa.mx\/tienda\/wp-json\/wp\/v2\/product\/2651","targetHints":{"allow":["GET"]}}],"collection":[{"href":"https:\/\/abaa.mx\/tienda\/wp-json\/wp\/v2\/product"}],"about":[{"href":"https:\/\/abaa.mx\/tienda\/wp-json\/wp\/v2\/types\/product"}],"replies":[{"embeddable":true,"href":"https:\/\/abaa.mx\/tienda\/wp-json\/wp\/v2\/comments?post=2651"}],"wp:featuredmedia":[{"embeddable":true,"href":"https:\/\/abaa.mx\/tienda\/wp-json\/wp\/v2\/media\/2654"}],"wp:attachment":[{"href":"https:\/\/abaa.mx\/tienda\/wp-json\/wp\/v2\/media?parent=2651"}],"wp:term":[{"taxonomy":"product_brand","embeddable":true,"href":"https:\/\/abaa.mx\/tienda\/wp-json\/wp\/v2\/product_brand?post=2651"},{"taxonomy":"product_cat","embeddable":true,"href":"https:\/\/abaa.mx\/tienda\/wp-json\/wp\/v2\/product_cat?post=2651"},{"taxonomy":"product_tag","embeddable":true,"href":"https:\/\/abaa.mx\/tienda\/wp-json\/wp\/v2\/product_tag?post=2651"}],"curies":[{"name":"wp","href":"https:\/\/api.w.org\/{rel}","templated":true}]}}