{"id":2631,"date":"2023-09-22T16:16:37","date_gmt":"2023-09-22T16:16:37","guid":{"rendered":"https:\/\/abaa.mx\/tienda\/?post_type=product&#038;p=2631"},"modified":"2023-09-22T16:16:41","modified_gmt":"2023-09-22T16:16:41","slug":"registrador-de-datos-de-temperatura-usb-criogenico-testo-184-t4-ilimitado","status":"publish","type":"product","link":"https:\/\/abaa.mx\/tienda\/registrador-de-datos-de-temperatura-usb-criogenico-testo-184-t4-ilimitado\/","title":{"rendered":"registrador de datos de temperatura usb criog\u00e9nico testo 184-t4, ilimitado"},"content":{"rendered":"<p>El registrador de temperatura criog\u00e9nico testo 184 T4 es el mejor para monitorear productos enviados con hielo seco. Con configuraci\u00f3n, informes y certificados de calibraci\u00f3n a bordo, los registradores de la serie 184 eliminan las molestias de la supervisi\u00f3n y documentaci\u00f3n de la log\u00edstica de la cadena de fr\u00edo sensible a la temperatura.<\/p>\n<p><strong>Funciones<\/strong><\/p>\n<ul>\n<li>Aplicaciones de congelador \/ hielo seco hasta -80 \u00b0 C<\/li>\n<li>Duraci\u00f3n de la bater\u00eda de hasta 100 d\u00edas consecutivos con una gran memoria capaz de almacenar 40.000 lecturas<\/li>\n<li>Los informes PDF permiten un acceso r\u00e1pido a la documentaci\u00f3n no corruptible, \u00a1sin software instalado!<\/li>\n<li>NFC (Near Field Communication) permite un f\u00e1cil acceso a la documentaci\u00f3n con un dispositivo compatible<\/li>\n<li>F\u00e1cil configuraci\u00f3n en cualquier ordenador con archivos precargados<\/li>\n<li>Clase de protecci\u00f3n IP67<\/li>\n<li>Cumple con GxP, ISO 9001:2008, FDA 21 CFR Parte 11, EN 12830 y HACCP International<\/li>\n<li>El certificado de calibraci\u00f3n electr\u00f3nica a bordo elimina las molestias de mantener la trazabilidad<\/li>\n<li>Rango de funcionamiento de -80 a 70 \u00b0C: ideal para transportes bajo hielo seco.<\/li>\n<\/ul>\n<p><strong>Aplicaciones<\/strong><\/p>\n<p>Ideal para las siguientes aplicaciones: Monitorizaci\u00f3n y documentaci\u00f3n de temperatura, humedad y choque en servicios farmac\u00e9uticos y alimentarios o de cualquier tipo de servicios log\u00edsticos.<\/p>\n<p>&nbsp;<\/p>\n<h4>Registrador de datos de transporte USB de temperatura criog\u00e9nica testo 184 T4 Especificaciones<\/h4>\n<table class=\"table table-striped\">\n<tbody>\n<tr>\n<td>Rango de medici\u00f3n de temperatura (RTD)<\/td>\n<td>-80 hasta +70\u00b0C<\/td>\n<\/tr>\n<tr>\n<td>Exactitud<\/td>\n<td>\u00b10,8 \u00b0C (-80 a -35,1 \u00b0C) \u00b10,5 \u00b0C (-35 a +70 \u00b0C)<\/td>\n<\/tr>\n<tr>\n<td>Resoluci\u00f3n<\/td>\n<td>0.1\u00b0C<\/td>\n<\/tr>\n<tr>\n<td>Temperatura de almacenamiento<\/td>\n<td>-80 hasta +70\u00b0C<\/td>\n<\/tr>\n<tr>\n<td>Temperatura de funcionamiento<\/td>\n<td>-80 hasta +70 \u00b0C<\/td>\n<\/tr>\n<tr>\n<td>Dimensiones<\/td>\n<td>44 x 12 x 97 mm<\/td>\n<\/tr>\n<\/tbody>\n<\/table>\n","protected":false},"excerpt":{"rendered":"<p>El registrador de temperatura criog\u00e9nico testo 184 T4 es el mejor para monitorear productos enviados con hielo seco. Con configuraci\u00f3n, informes y certificados de calibraci\u00f3n a bordo, los registradores de la serie 184 eliminan las molestias de la supervisi\u00f3n y documentaci\u00f3n de la log\u00edstica de la cadena de fr\u00edo sensible a la temperatura.<\/p>\n","protected":false},"featured_media":2634,"comment_status":"open","ping_status":"closed","template":"","meta":{"_joinchat":[]},"product_brand":[],"product_cat":[15],"product_tag":[],"class_list":{"0":"post-2631","1":"product","2":"type-product","3":"status-publish","4":"has-post-thumbnail","6":"product_cat-sin-categorizar","8":"first","9":"instock","10":"shipping-taxable","11":"product-type-simple"},"yoast_head":"<!-- This site is optimized with the Yoast SEO plugin v26.4 - https:\/\/yoast.com\/wordpress\/plugins\/seo\/ -->\n<title>registrador de datos de temperatura usb criog\u00e9nico testo 184-t4, ilimitado - Abaa tienda online<\/title>\n<meta name=\"robots\" content=\"index, follow, max-snippet:-1, max-image-preview:large, max-video-preview:-1\" \/>\n<link rel=\"canonical\" href=\"https:\/\/abaa.mx\/tienda\/registrador-de-datos-de-temperatura-usb-criogenico-testo-184-t4-ilimitado\/\" \/>\n<meta property=\"og:locale\" content=\"es_MX\" \/>\n<meta property=\"og:type\" content=\"article\" \/>\n<meta property=\"og:title\" content=\"registrador de datos de temperatura usb criog\u00e9nico testo 184-t4, ilimitado - Abaa tienda online\" \/>\n<meta property=\"og:description\" content=\"El registrador de temperatura criog\u00e9nico testo 184 T4 es el mejor para monitorear productos enviados con hielo seco. Con configuraci\u00f3n, informes y certificados de calibraci\u00f3n a bordo, los registradores de la serie 184 eliminan las molestias de la supervisi\u00f3n y documentaci\u00f3n de la log\u00edstica de la cadena de fr\u00edo sensible a la temperatura.\" \/>\n<meta property=\"og:url\" content=\"https:\/\/abaa.mx\/tienda\/registrador-de-datos-de-temperatura-usb-criogenico-testo-184-t4-ilimitado\/\" \/>\n<meta property=\"og:site_name\" content=\"Abaa tienda online\" \/>\n<meta property=\"article:modified_time\" content=\"2023-09-22T16:16:41+00:00\" \/>\n<meta property=\"og:image\" content=\"https:\/\/abaa.mx\/tienda\/wp-content\/uploads\/2023\/09\/184-T4.jpg\" \/>\n\t<meta property=\"og:image:width\" content=\"270\" \/>\n\t<meta property=\"og:image:height\" content=\"331\" \/>\n\t<meta property=\"og:image:type\" content=\"image\/jpeg\" \/>\n<meta name=\"twitter:card\" content=\"summary_large_image\" \/>\n<meta name=\"twitter:label1\" content=\"Tiempo de lectura\" \/>\n\t<meta name=\"twitter:data1\" content=\"2 minutos\" \/>\n<script type=\"application\/ld+json\" class=\"yoast-schema-graph\">{\"@context\":\"https:\/\/schema.org\",\"@graph\":[{\"@type\":\"WebPage\",\"@id\":\"https:\/\/abaa.mx\/tienda\/registrador-de-datos-de-temperatura-usb-criogenico-testo-184-t4-ilimitado\/\",\"url\":\"https:\/\/abaa.mx\/tienda\/registrador-de-datos-de-temperatura-usb-criogenico-testo-184-t4-ilimitado\/\",\"name\":\"registrador de datos de temperatura usb criog\u00e9nico testo 184-t4, ilimitado - Abaa tienda online\",\"isPartOf\":{\"@id\":\"https:\/\/abaa.mx\/tienda\/#website\"},\"primaryImageOfPage\":{\"@id\":\"https:\/\/abaa.mx\/tienda\/registrador-de-datos-de-temperatura-usb-criogenico-testo-184-t4-ilimitado\/#primaryimage\"},\"image\":{\"@id\":\"https:\/\/abaa.mx\/tienda\/registrador-de-datos-de-temperatura-usb-criogenico-testo-184-t4-ilimitado\/#primaryimage\"},\"thumbnailUrl\":\"https:\/\/abaa.mx\/tienda\/wp-content\/uploads\/2023\/09\/184-T4.jpg\",\"datePublished\":\"2023-09-22T16:16:37+00:00\",\"dateModified\":\"2023-09-22T16:16:41+00:00\",\"breadcrumb\":{\"@id\":\"https:\/\/abaa.mx\/tienda\/registrador-de-datos-de-temperatura-usb-criogenico-testo-184-t4-ilimitado\/#breadcrumb\"},\"inLanguage\":\"es\",\"potentialAction\":[{\"@type\":\"ReadAction\",\"target\":[\"https:\/\/abaa.mx\/tienda\/registrador-de-datos-de-temperatura-usb-criogenico-testo-184-t4-ilimitado\/\"]}]},{\"@type\":\"ImageObject\",\"inLanguage\":\"es\",\"@id\":\"https:\/\/abaa.mx\/tienda\/registrador-de-datos-de-temperatura-usb-criogenico-testo-184-t4-ilimitado\/#primaryimage\",\"url\":\"https:\/\/abaa.mx\/tienda\/wp-content\/uploads\/2023\/09\/184-T4.jpg\",\"contentUrl\":\"https:\/\/abaa.mx\/tienda\/wp-content\/uploads\/2023\/09\/184-T4.jpg\",\"width\":270,\"height\":331,\"caption\":\"184 T4\"},{\"@type\":\"BreadcrumbList\",\"@id\":\"https:\/\/abaa.mx\/tienda\/registrador-de-datos-de-temperatura-usb-criogenico-testo-184-t4-ilimitado\/#breadcrumb\",\"itemListElement\":[{\"@type\":\"ListItem\",\"position\":1,\"name\":\"Inicio\",\"item\":\"https:\/\/abaa.mx\/tienda\/\"},{\"@type\":\"ListItem\",\"position\":2,\"name\":\"Tienda\",\"item\":\"https:\/\/abaa.mx\/tienda\/\"},{\"@type\":\"ListItem\",\"position\":3,\"name\":\"registrador de datos de temperatura usb criog\u00e9nico testo 184-t4, ilimitado\"}]},{\"@type\":\"WebSite\",\"@id\":\"https:\/\/abaa.mx\/tienda\/#website\",\"url\":\"https:\/\/abaa.mx\/tienda\/\",\"name\":\"Abaa tienda online\",\"description\":\"Instrumentos de medici\u00f3n\",\"publisher\":{\"@id\":\"https:\/\/abaa.mx\/tienda\/#organization\"},\"potentialAction\":[{\"@type\":\"SearchAction\",\"target\":{\"@type\":\"EntryPoint\",\"urlTemplate\":\"https:\/\/abaa.mx\/tienda\/?s={search_term_string}\"},\"query-input\":{\"@type\":\"PropertyValueSpecification\",\"valueRequired\":true,\"valueName\":\"search_term_string\"}}],\"inLanguage\":\"es\"},{\"@type\":\"Organization\",\"@id\":\"https:\/\/abaa.mx\/tienda\/#organization\",\"name\":\"Abaa tienda online\",\"url\":\"https:\/\/abaa.mx\/tienda\/\",\"logo\":{\"@type\":\"ImageObject\",\"inLanguage\":\"es\",\"@id\":\"https:\/\/abaa.mx\/tienda\/#\/schema\/logo\/image\/\",\"url\":\"https:\/\/abaa.mx\/tienda\/wp-content\/uploads\/2024\/01\/abaa-metrologia-tienda.png\",\"contentUrl\":\"https:\/\/abaa.mx\/tienda\/wp-content\/uploads\/2024\/01\/abaa-metrologia-tienda.png\",\"width\":300,\"height\":141,\"caption\":\"Abaa tienda online\"},\"image\":{\"@id\":\"https:\/\/abaa.mx\/tienda\/#\/schema\/logo\/image\/\"}}]}<\/script>\n<!-- \/ Yoast SEO plugin. -->","yoast_head_json":{"title":"registrador de datos de temperatura usb criog\u00e9nico testo 184-t4, ilimitado - Abaa tienda online","robots":{"index":"index","follow":"follow","max-snippet":"max-snippet:-1","max-image-preview":"max-image-preview:large","max-video-preview":"max-video-preview:-1"},"canonical":"https:\/\/abaa.mx\/tienda\/registrador-de-datos-de-temperatura-usb-criogenico-testo-184-t4-ilimitado\/","og_locale":"es_MX","og_type":"article","og_title":"registrador de datos de temperatura usb criog\u00e9nico testo 184-t4, ilimitado - Abaa tienda online","og_description":"El registrador de temperatura criog\u00e9nico testo 184 T4 es el mejor para monitorear productos enviados con hielo seco. Con configuraci\u00f3n, informes y certificados de calibraci\u00f3n a bordo, los registradores de la serie 184 eliminan las molestias de la supervisi\u00f3n y documentaci\u00f3n de la log\u00edstica de la cadena de fr\u00edo sensible a la temperatura.","og_url":"https:\/\/abaa.mx\/tienda\/registrador-de-datos-de-temperatura-usb-criogenico-testo-184-t4-ilimitado\/","og_site_name":"Abaa tienda online","article_modified_time":"2023-09-22T16:16:41+00:00","og_image":[{"width":270,"height":331,"url":"https:\/\/abaa.mx\/tienda\/wp-content\/uploads\/2023\/09\/184-T4.jpg","type":"image\/jpeg"}],"twitter_card":"summary_large_image","twitter_misc":{"Tiempo de lectura":"2 minutos"},"schema":{"@context":"https:\/\/schema.org","@graph":[{"@type":"WebPage","@id":"https:\/\/abaa.mx\/tienda\/registrador-de-datos-de-temperatura-usb-criogenico-testo-184-t4-ilimitado\/","url":"https:\/\/abaa.mx\/tienda\/registrador-de-datos-de-temperatura-usb-criogenico-testo-184-t4-ilimitado\/","name":"registrador de datos de temperatura usb criog\u00e9nico testo 184-t4, ilimitado - Abaa tienda online","isPartOf":{"@id":"https:\/\/abaa.mx\/tienda\/#website"},"primaryImageOfPage":{"@id":"https:\/\/abaa.mx\/tienda\/registrador-de-datos-de-temperatura-usb-criogenico-testo-184-t4-ilimitado\/#primaryimage"},"image":{"@id":"https:\/\/abaa.mx\/tienda\/registrador-de-datos-de-temperatura-usb-criogenico-testo-184-t4-ilimitado\/#primaryimage"},"thumbnailUrl":"https:\/\/abaa.mx\/tienda\/wp-content\/uploads\/2023\/09\/184-T4.jpg","datePublished":"2023-09-22T16:16:37+00:00","dateModified":"2023-09-22T16:16:41+00:00","breadcrumb":{"@id":"https:\/\/abaa.mx\/tienda\/registrador-de-datos-de-temperatura-usb-criogenico-testo-184-t4-ilimitado\/#breadcrumb"},"inLanguage":"es","potentialAction":[{"@type":"ReadAction","target":["https:\/\/abaa.mx\/tienda\/registrador-de-datos-de-temperatura-usb-criogenico-testo-184-t4-ilimitado\/"]}]},{"@type":"ImageObject","inLanguage":"es","@id":"https:\/\/abaa.mx\/tienda\/registrador-de-datos-de-temperatura-usb-criogenico-testo-184-t4-ilimitado\/#primaryimage","url":"https:\/\/abaa.mx\/tienda\/wp-content\/uploads\/2023\/09\/184-T4.jpg","contentUrl":"https:\/\/abaa.mx\/tienda\/wp-content\/uploads\/2023\/09\/184-T4.jpg","width":270,"height":331,"caption":"184 T4"},{"@type":"BreadcrumbList","@id":"https:\/\/abaa.mx\/tienda\/registrador-de-datos-de-temperatura-usb-criogenico-testo-184-t4-ilimitado\/#breadcrumb","itemListElement":[{"@type":"ListItem","position":1,"name":"Inicio","item":"https:\/\/abaa.mx\/tienda\/"},{"@type":"ListItem","position":2,"name":"Tienda","item":"https:\/\/abaa.mx\/tienda\/"},{"@type":"ListItem","position":3,"name":"registrador de datos de temperatura usb criog\u00e9nico testo 184-t4, ilimitado"}]},{"@type":"WebSite","@id":"https:\/\/abaa.mx\/tienda\/#website","url":"https:\/\/abaa.mx\/tienda\/","name":"Abaa tienda online","description":"Instrumentos de medici\u00f3n","publisher":{"@id":"https:\/\/abaa.mx\/tienda\/#organization"},"potentialAction":[{"@type":"SearchAction","target":{"@type":"EntryPoint","urlTemplate":"https:\/\/abaa.mx\/tienda\/?s={search_term_string}"},"query-input":{"@type":"PropertyValueSpecification","valueRequired":true,"valueName":"search_term_string"}}],"inLanguage":"es"},{"@type":"Organization","@id":"https:\/\/abaa.mx\/tienda\/#organization","name":"Abaa tienda online","url":"https:\/\/abaa.mx\/tienda\/","logo":{"@type":"ImageObject","inLanguage":"es","@id":"https:\/\/abaa.mx\/tienda\/#\/schema\/logo\/image\/","url":"https:\/\/abaa.mx\/tienda\/wp-content\/uploads\/2024\/01\/abaa-metrologia-tienda.png","contentUrl":"https:\/\/abaa.mx\/tienda\/wp-content\/uploads\/2024\/01\/abaa-metrologia-tienda.png","width":300,"height":141,"caption":"Abaa tienda online"},"image":{"@id":"https:\/\/abaa.mx\/tienda\/#\/schema\/logo\/image\/"}}]}},"_links":{"self":[{"href":"https:\/\/abaa.mx\/tienda\/wp-json\/wp\/v2\/product\/2631","targetHints":{"allow":["GET"]}}],"collection":[{"href":"https:\/\/abaa.mx\/tienda\/wp-json\/wp\/v2\/product"}],"about":[{"href":"https:\/\/abaa.mx\/tienda\/wp-json\/wp\/v2\/types\/product"}],"replies":[{"embeddable":true,"href":"https:\/\/abaa.mx\/tienda\/wp-json\/wp\/v2\/comments?post=2631"}],"wp:featuredmedia":[{"embeddable":true,"href":"https:\/\/abaa.mx\/tienda\/wp-json\/wp\/v2\/media\/2634"}],"wp:attachment":[{"href":"https:\/\/abaa.mx\/tienda\/wp-json\/wp\/v2\/media?parent=2631"}],"wp:term":[{"taxonomy":"product_brand","embeddable":true,"href":"https:\/\/abaa.mx\/tienda\/wp-json\/wp\/v2\/product_brand?post=2631"},{"taxonomy":"product_cat","embeddable":true,"href":"https:\/\/abaa.mx\/tienda\/wp-json\/wp\/v2\/product_cat?post=2631"},{"taxonomy":"product_tag","embeddable":true,"href":"https:\/\/abaa.mx\/tienda\/wp-json\/wp\/v2\/product_tag?post=2631"}],"curies":[{"name":"wp","href":"https:\/\/api.w.org\/{rel}","templated":true}]}}