{"id":2627,"date":"2023-09-22T16:11:25","date_gmt":"2023-09-22T16:11:25","guid":{"rendered":"https:\/\/abaa.mx\/tienda\/?post_type=product&#038;p=2627"},"modified":"2023-09-22T16:11:25","modified_gmt":"2023-09-22T16:11:25","slug":"shikha-juego-de-manometro-de-freon-de-diagnostico-de-ca-de-5-pies-para-r410a-r404a-r22-r134a-r12-r22-y-r502-refrigerante-ac-casa-aire-acondicionado-hvac-60","status":"publish","type":"product","link":"https:\/\/abaa.mx\/tienda\/shikha-juego-de-manometro-de-freon-de-diagnostico-de-ca-de-5-pies-para-r410a-r404a-r22-r134a-r12-r22-y-r502-refrigerante-ac-casa-aire-acondicionado-hvac-60\/","title":{"rendered":"Shikha juego de man\u00f3metro de fre\u00f3n de diagn\u00f3stico de ca de 5 pies para r410a r404a r22 r134a r12 r22 y r502 refrigerante ac casa aire acondicionado hvac 60&#8243;"},"content":{"rendered":"<h4 class=\"a-size-base-plus a-text-bold\">Sobre este art\u00edculo<\/h4>\n<ul class=\"a-unordered-list a-vertical a-spacing-mini\">\n<li class=\"a-spacing-mini\"><span class=\"a-list-item\">Este conjunto completo de diagn\u00f3stico R410A R404A R22 R134A R12 R22 y R502gauge para los sistemas de aire acondicionado cuenta con lectura f\u00e1cil con ventanas extra grandes, muestra la temperatura en Celsius y da lecturas<\/span><\/li>\n<li class=\"a-spacing-mini\"><span class=\"a-list-item\">V\u00e1lvulas de diafragma con sellos giratorios para un sellado m\u00e1s positivo y menos desgaste, medici\u00f3n de presi\u00f3n en PSI<\/span><\/li>\n<li class=\"a-spacing-mini\"><span class=\"a-list-item\">Cubierta de calibre de goma duradera para mayor apoyo y protecci\u00f3n, viene con gancho trasero para colgar el medidor de colector en su lugar<\/span><\/li>\n<li class=\"a-spacing-mini\"><span class=\"a-list-item\">La herramienta de calibre del colector posee la carcasa de metal duradera, el cuerpo del colector de prueba de lat\u00f3n y la lente Lexan emergente de alto impacto, este es el kit de colector altamente rentable.<\/span><\/li>\n<li class=\"a-spacing-mini\"><span class=\"a-list-item\">Hecho de lat\u00f3n macizo + aluminio + PVC + pl\u00e1stico, por lo que puede ser mucho m\u00e1s duradero y soportar el uso frecuente y da\u00f1os accidentales, adecuado para mec\u00e1nicos profesionales de autom\u00f3viles<\/span><\/li>\n<\/ul>\n<div class=\"a-row\">\n<div class=\"a-column a-span6\">\n<h4 class=\"a-size-medium a-spacing-small\">Especificaciones t\u00e9cnicas<\/h4>\n<\/div>\n<\/div>\n<div class=\"a-expander-content a-expander-extend-content\" aria-expanded=\"true\">\n<div class=\"a-row a-expander-container a-expander-inline-container\">\n<div class=\"a-expander-content a-expander-section-content a-section-expander-inner\" aria-expanded=\"true\">\n<table id=\"productDetails_techSpec_section_1\" class=\"a-keyvalue prodDetTable\" role=\"presentation\">\n<tbody>\n<tr>\n<th class=\"a-color-secondary a-size-base prodDetSectionEntry\">Fabricante<\/th>\n<td class=\"a-size-base prodDetAttrValue\">FFMT<\/td>\n<\/tr>\n<tr>\n<th class=\"a-color-secondary a-size-base prodDetSectionEntry\">Marzo<\/th>\n<td class=\"a-size-base prodDetAttrValue\">Shikha<\/td>\n<\/tr>\n<tr>\n<th class=\"a-color-secondary a-size-base prodDetSectionEntry\">Dimensiones del producto<\/th>\n<td class=\"a-size-base prodDetAttrValue\">\u200e108 x 7 x 36 pulgadas<\/td>\n<\/tr>\n<tr>\n<th class=\"a-color-secondary a-size-base prodDetSectionEntry\">N\u00famero de pieza del fabricante<\/th>\n<td class=\"a-size-base prodDetAttrValue\">CT-536-JX<\/td>\n<\/tr>\n<\/tbody>\n<\/table>\n<\/div>\n<\/div>\n<\/div>\n","protected":false},"excerpt":{"rendered":"<p>Los productos con enchufes el\u00e9ctricos est\u00e1n dise\u00f1ados para usarse en EE. UU. Las tomas de corriente y la tensi\u00f3n difieren a nivel internacional.<\/p>\n<p>Es posible que este producto requiera un adaptador o conversor para poder usarse en su destino.<\/p>\n<p>Comprueba la compatibilidad antes de comprar.<\/p>\n","protected":false},"featured_media":2632,"comment_status":"open","ping_status":"closed","template":"","meta":{"_joinchat":[]},"product_brand":[],"product_cat":[15],"product_tag":[],"class_list":{"0":"post-2627","1":"product","2":"type-product","3":"status-publish","4":"has-post-thumbnail","6":"product_cat-sin-categorizar","8":"first","9":"instock","10":"shipping-taxable","11":"product-type-simple"},"yoast_head":"<!-- This site is optimized with the Yoast SEO plugin v26.4 - https:\/\/yoast.com\/wordpress\/plugins\/seo\/ -->\n<title>Shikha juego de man\u00f3metro de fre\u00f3n de diagn\u00f3stico de ca de 5 pies para r410a r404a r22 r134a r12 r22 y r502 refrigerante ac casa aire acondicionado hvac 60&quot; - Abaa tienda online<\/title>\n<meta name=\"robots\" content=\"index, follow, max-snippet:-1, max-image-preview:large, max-video-preview:-1\" \/>\n<link rel=\"canonical\" href=\"https:\/\/abaa.mx\/tienda\/shikha-juego-de-manometro-de-freon-de-diagnostico-de-ca-de-5-pies-para-r410a-r404a-r22-r134a-r12-r22-y-r502-refrigerante-ac-casa-aire-acondicionado-hvac-60\/\" \/>\n<meta property=\"og:locale\" content=\"es_MX\" \/>\n<meta property=\"og:type\" content=\"article\" \/>\n<meta property=\"og:title\" content=\"Shikha juego de man\u00f3metro de fre\u00f3n de diagn\u00f3stico de ca de 5 pies para r410a r404a r22 r134a r12 r22 y r502 refrigerante ac casa aire acondicionado hvac 60&quot; - Abaa tienda online\" \/>\n<meta property=\"og:description\" content=\"Los productos con enchufes el\u00e9ctricos est\u00e1n dise\u00f1ados para usarse en EE. UU. Las tomas de corriente y la tensi\u00f3n difieren a nivel internacional.  Es posible que este producto requiera un adaptador o conversor para poder usarse en su destino.  Comprueba la compatibilidad antes de comprar.\" \/>\n<meta property=\"og:url\" content=\"https:\/\/abaa.mx\/tienda\/shikha-juego-de-manometro-de-freon-de-diagnostico-de-ca-de-5-pies-para-r410a-r404a-r22-r134a-r12-r22-y-r502-refrigerante-ac-casa-aire-acondicionado-hvac-60\/\" \/>\n<meta property=\"og:site_name\" content=\"Abaa tienda online\" \/>\n<meta property=\"og:image\" content=\"https:\/\/abaa.mx\/tienda\/wp-content\/uploads\/2023\/09\/R410A-R404A-R22-R134A-R12-R22-y-R502.jpg\" \/>\n\t<meta property=\"og:image:width\" content=\"466\" \/>\n\t<meta property=\"og:image:height\" content=\"397\" \/>\n\t<meta property=\"og:image:type\" content=\"image\/jpeg\" \/>\n<meta name=\"twitter:card\" content=\"summary_large_image\" \/>\n<meta name=\"twitter:label1\" content=\"Tiempo de lectura\" \/>\n\t<meta name=\"twitter:data1\" content=\"1 minuto\" \/>\n<script type=\"application\/ld+json\" class=\"yoast-schema-graph\">{\"@context\":\"https:\/\/schema.org\",\"@graph\":[{\"@type\":\"WebPage\",\"@id\":\"https:\/\/abaa.mx\/tienda\/shikha-juego-de-manometro-de-freon-de-diagnostico-de-ca-de-5-pies-para-r410a-r404a-r22-r134a-r12-r22-y-r502-refrigerante-ac-casa-aire-acondicionado-hvac-60\/\",\"url\":\"https:\/\/abaa.mx\/tienda\/shikha-juego-de-manometro-de-freon-de-diagnostico-de-ca-de-5-pies-para-r410a-r404a-r22-r134a-r12-r22-y-r502-refrigerante-ac-casa-aire-acondicionado-hvac-60\/\",\"name\":\"Shikha juego de man\u00f3metro de fre\u00f3n de diagn\u00f3stico de ca de 5 pies para r410a r404a r22 r134a r12 r22 y r502 refrigerante ac casa aire acondicionado hvac 60\\\" - Abaa tienda online\",\"isPartOf\":{\"@id\":\"https:\/\/abaa.mx\/tienda\/#website\"},\"primaryImageOfPage\":{\"@id\":\"https:\/\/abaa.mx\/tienda\/shikha-juego-de-manometro-de-freon-de-diagnostico-de-ca-de-5-pies-para-r410a-r404a-r22-r134a-r12-r22-y-r502-refrigerante-ac-casa-aire-acondicionado-hvac-60\/#primaryimage\"},\"image\":{\"@id\":\"https:\/\/abaa.mx\/tienda\/shikha-juego-de-manometro-de-freon-de-diagnostico-de-ca-de-5-pies-para-r410a-r404a-r22-r134a-r12-r22-y-r502-refrigerante-ac-casa-aire-acondicionado-hvac-60\/#primaryimage\"},\"thumbnailUrl\":\"https:\/\/abaa.mx\/tienda\/wp-content\/uploads\/2023\/09\/R410A-R404A-R22-R134A-R12-R22-y-R502.jpg\",\"datePublished\":\"2023-09-22T16:11:25+00:00\",\"breadcrumb\":{\"@id\":\"https:\/\/abaa.mx\/tienda\/shikha-juego-de-manometro-de-freon-de-diagnostico-de-ca-de-5-pies-para-r410a-r404a-r22-r134a-r12-r22-y-r502-refrigerante-ac-casa-aire-acondicionado-hvac-60\/#breadcrumb\"},\"inLanguage\":\"es\",\"potentialAction\":[{\"@type\":\"ReadAction\",\"target\":[\"https:\/\/abaa.mx\/tienda\/shikha-juego-de-manometro-de-freon-de-diagnostico-de-ca-de-5-pies-para-r410a-r404a-r22-r134a-r12-r22-y-r502-refrigerante-ac-casa-aire-acondicionado-hvac-60\/\"]}]},{\"@type\":\"ImageObject\",\"inLanguage\":\"es\",\"@id\":\"https:\/\/abaa.mx\/tienda\/shikha-juego-de-manometro-de-freon-de-diagnostico-de-ca-de-5-pies-para-r410a-r404a-r22-r134a-r12-r22-y-r502-refrigerante-ac-casa-aire-acondicionado-hvac-60\/#primaryimage\",\"url\":\"https:\/\/abaa.mx\/tienda\/wp-content\/uploads\/2023\/09\/R410A-R404A-R22-R134A-R12-R22-y-R502.jpg\",\"contentUrl\":\"https:\/\/abaa.mx\/tienda\/wp-content\/uploads\/2023\/09\/R410A-R404A-R22-R134A-R12-R22-y-R502.jpg\",\"width\":466,\"height\":397,\"caption\":\"shikha-juego-de-manometro-de-freon-de-diagnostico-de-ca-de-5-pies-para-r410a-r404a-r22-r134a-r12-r22-y-r502-refrigerante-ac-casa-aire-acondicionado-hvac-60\"},{\"@type\":\"BreadcrumbList\",\"@id\":\"https:\/\/abaa.mx\/tienda\/shikha-juego-de-manometro-de-freon-de-diagnostico-de-ca-de-5-pies-para-r410a-r404a-r22-r134a-r12-r22-y-r502-refrigerante-ac-casa-aire-acondicionado-hvac-60\/#breadcrumb\",\"itemListElement\":[{\"@type\":\"ListItem\",\"position\":1,\"name\":\"Inicio\",\"item\":\"https:\/\/abaa.mx\/tienda\/\"},{\"@type\":\"ListItem\",\"position\":2,\"name\":\"Tienda\",\"item\":\"https:\/\/abaa.mx\/tienda\/\"},{\"@type\":\"ListItem\",\"position\":3,\"name\":\"Shikha juego de man\u00f3metro de fre\u00f3n de diagn\u00f3stico de ca de 5 pies para r410a r404a r22 r134a r12 r22 y r502 refrigerante ac casa aire acondicionado hvac 60&#8243;\"}]},{\"@type\":\"WebSite\",\"@id\":\"https:\/\/abaa.mx\/tienda\/#website\",\"url\":\"https:\/\/abaa.mx\/tienda\/\",\"name\":\"Abaa tienda online\",\"description\":\"Instrumentos de medici\u00f3n\",\"publisher\":{\"@id\":\"https:\/\/abaa.mx\/tienda\/#organization\"},\"potentialAction\":[{\"@type\":\"SearchAction\",\"target\":{\"@type\":\"EntryPoint\",\"urlTemplate\":\"https:\/\/abaa.mx\/tienda\/?s={search_term_string}\"},\"query-input\":{\"@type\":\"PropertyValueSpecification\",\"valueRequired\":true,\"valueName\":\"search_term_string\"}}],\"inLanguage\":\"es\"},{\"@type\":\"Organization\",\"@id\":\"https:\/\/abaa.mx\/tienda\/#organization\",\"name\":\"Abaa tienda online\",\"url\":\"https:\/\/abaa.mx\/tienda\/\",\"logo\":{\"@type\":\"ImageObject\",\"inLanguage\":\"es\",\"@id\":\"https:\/\/abaa.mx\/tienda\/#\/schema\/logo\/image\/\",\"url\":\"https:\/\/abaa.mx\/tienda\/wp-content\/uploads\/2024\/01\/abaa-metrologia-tienda.png\",\"contentUrl\":\"https:\/\/abaa.mx\/tienda\/wp-content\/uploads\/2024\/01\/abaa-metrologia-tienda.png\",\"width\":300,\"height\":141,\"caption\":\"Abaa tienda online\"},\"image\":{\"@id\":\"https:\/\/abaa.mx\/tienda\/#\/schema\/logo\/image\/\"}}]}<\/script>\n<!-- \/ Yoast SEO plugin. -->","yoast_head_json":{"title":"Shikha juego de man\u00f3metro de fre\u00f3n de diagn\u00f3stico de ca de 5 pies para r410a r404a r22 r134a r12 r22 y r502 refrigerante ac casa aire acondicionado hvac 60\" - Abaa tienda online","robots":{"index":"index","follow":"follow","max-snippet":"max-snippet:-1","max-image-preview":"max-image-preview:large","max-video-preview":"max-video-preview:-1"},"canonical":"https:\/\/abaa.mx\/tienda\/shikha-juego-de-manometro-de-freon-de-diagnostico-de-ca-de-5-pies-para-r410a-r404a-r22-r134a-r12-r22-y-r502-refrigerante-ac-casa-aire-acondicionado-hvac-60\/","og_locale":"es_MX","og_type":"article","og_title":"Shikha juego de man\u00f3metro de fre\u00f3n de diagn\u00f3stico de ca de 5 pies para r410a r404a r22 r134a r12 r22 y r502 refrigerante ac casa aire acondicionado hvac 60\" - Abaa tienda online","og_description":"Los productos con enchufes el\u00e9ctricos est\u00e1n dise\u00f1ados para usarse en EE. UU. Las tomas de corriente y la tensi\u00f3n difieren a nivel internacional.  Es posible que este producto requiera un adaptador o conversor para poder usarse en su destino.  Comprueba la compatibilidad antes de comprar.","og_url":"https:\/\/abaa.mx\/tienda\/shikha-juego-de-manometro-de-freon-de-diagnostico-de-ca-de-5-pies-para-r410a-r404a-r22-r134a-r12-r22-y-r502-refrigerante-ac-casa-aire-acondicionado-hvac-60\/","og_site_name":"Abaa tienda online","og_image":[{"width":466,"height":397,"url":"https:\/\/abaa.mx\/tienda\/wp-content\/uploads\/2023\/09\/R410A-R404A-R22-R134A-R12-R22-y-R502.jpg","type":"image\/jpeg"}],"twitter_card":"summary_large_image","twitter_misc":{"Tiempo de lectura":"1 minuto"},"schema":{"@context":"https:\/\/schema.org","@graph":[{"@type":"WebPage","@id":"https:\/\/abaa.mx\/tienda\/shikha-juego-de-manometro-de-freon-de-diagnostico-de-ca-de-5-pies-para-r410a-r404a-r22-r134a-r12-r22-y-r502-refrigerante-ac-casa-aire-acondicionado-hvac-60\/","url":"https:\/\/abaa.mx\/tienda\/shikha-juego-de-manometro-de-freon-de-diagnostico-de-ca-de-5-pies-para-r410a-r404a-r22-r134a-r12-r22-y-r502-refrigerante-ac-casa-aire-acondicionado-hvac-60\/","name":"Shikha juego de man\u00f3metro de fre\u00f3n de diagn\u00f3stico de ca de 5 pies para r410a r404a r22 r134a r12 r22 y r502 refrigerante ac casa aire acondicionado hvac 60\" - Abaa tienda online","isPartOf":{"@id":"https:\/\/abaa.mx\/tienda\/#website"},"primaryImageOfPage":{"@id":"https:\/\/abaa.mx\/tienda\/shikha-juego-de-manometro-de-freon-de-diagnostico-de-ca-de-5-pies-para-r410a-r404a-r22-r134a-r12-r22-y-r502-refrigerante-ac-casa-aire-acondicionado-hvac-60\/#primaryimage"},"image":{"@id":"https:\/\/abaa.mx\/tienda\/shikha-juego-de-manometro-de-freon-de-diagnostico-de-ca-de-5-pies-para-r410a-r404a-r22-r134a-r12-r22-y-r502-refrigerante-ac-casa-aire-acondicionado-hvac-60\/#primaryimage"},"thumbnailUrl":"https:\/\/abaa.mx\/tienda\/wp-content\/uploads\/2023\/09\/R410A-R404A-R22-R134A-R12-R22-y-R502.jpg","datePublished":"2023-09-22T16:11:25+00:00","breadcrumb":{"@id":"https:\/\/abaa.mx\/tienda\/shikha-juego-de-manometro-de-freon-de-diagnostico-de-ca-de-5-pies-para-r410a-r404a-r22-r134a-r12-r22-y-r502-refrigerante-ac-casa-aire-acondicionado-hvac-60\/#breadcrumb"},"inLanguage":"es","potentialAction":[{"@type":"ReadAction","target":["https:\/\/abaa.mx\/tienda\/shikha-juego-de-manometro-de-freon-de-diagnostico-de-ca-de-5-pies-para-r410a-r404a-r22-r134a-r12-r22-y-r502-refrigerante-ac-casa-aire-acondicionado-hvac-60\/"]}]},{"@type":"ImageObject","inLanguage":"es","@id":"https:\/\/abaa.mx\/tienda\/shikha-juego-de-manometro-de-freon-de-diagnostico-de-ca-de-5-pies-para-r410a-r404a-r22-r134a-r12-r22-y-r502-refrigerante-ac-casa-aire-acondicionado-hvac-60\/#primaryimage","url":"https:\/\/abaa.mx\/tienda\/wp-content\/uploads\/2023\/09\/R410A-R404A-R22-R134A-R12-R22-y-R502.jpg","contentUrl":"https:\/\/abaa.mx\/tienda\/wp-content\/uploads\/2023\/09\/R410A-R404A-R22-R134A-R12-R22-y-R502.jpg","width":466,"height":397,"caption":"shikha-juego-de-manometro-de-freon-de-diagnostico-de-ca-de-5-pies-para-r410a-r404a-r22-r134a-r12-r22-y-r502-refrigerante-ac-casa-aire-acondicionado-hvac-60"},{"@type":"BreadcrumbList","@id":"https:\/\/abaa.mx\/tienda\/shikha-juego-de-manometro-de-freon-de-diagnostico-de-ca-de-5-pies-para-r410a-r404a-r22-r134a-r12-r22-y-r502-refrigerante-ac-casa-aire-acondicionado-hvac-60\/#breadcrumb","itemListElement":[{"@type":"ListItem","position":1,"name":"Inicio","item":"https:\/\/abaa.mx\/tienda\/"},{"@type":"ListItem","position":2,"name":"Tienda","item":"https:\/\/abaa.mx\/tienda\/"},{"@type":"ListItem","position":3,"name":"Shikha juego de man\u00f3metro de fre\u00f3n de diagn\u00f3stico de ca de 5 pies para r410a r404a r22 r134a r12 r22 y r502 refrigerante ac casa aire acondicionado hvac 60&#8243;"}]},{"@type":"WebSite","@id":"https:\/\/abaa.mx\/tienda\/#website","url":"https:\/\/abaa.mx\/tienda\/","name":"Abaa tienda online","description":"Instrumentos de medici\u00f3n","publisher":{"@id":"https:\/\/abaa.mx\/tienda\/#organization"},"potentialAction":[{"@type":"SearchAction","target":{"@type":"EntryPoint","urlTemplate":"https:\/\/abaa.mx\/tienda\/?s={search_term_string}"},"query-input":{"@type":"PropertyValueSpecification","valueRequired":true,"valueName":"search_term_string"}}],"inLanguage":"es"},{"@type":"Organization","@id":"https:\/\/abaa.mx\/tienda\/#organization","name":"Abaa tienda online","url":"https:\/\/abaa.mx\/tienda\/","logo":{"@type":"ImageObject","inLanguage":"es","@id":"https:\/\/abaa.mx\/tienda\/#\/schema\/logo\/image\/","url":"https:\/\/abaa.mx\/tienda\/wp-content\/uploads\/2024\/01\/abaa-metrologia-tienda.png","contentUrl":"https:\/\/abaa.mx\/tienda\/wp-content\/uploads\/2024\/01\/abaa-metrologia-tienda.png","width":300,"height":141,"caption":"Abaa tienda online"},"image":{"@id":"https:\/\/abaa.mx\/tienda\/#\/schema\/logo\/image\/"}}]}},"_links":{"self":[{"href":"https:\/\/abaa.mx\/tienda\/wp-json\/wp\/v2\/product\/2627","targetHints":{"allow":["GET"]}}],"collection":[{"href":"https:\/\/abaa.mx\/tienda\/wp-json\/wp\/v2\/product"}],"about":[{"href":"https:\/\/abaa.mx\/tienda\/wp-json\/wp\/v2\/types\/product"}],"replies":[{"embeddable":true,"href":"https:\/\/abaa.mx\/tienda\/wp-json\/wp\/v2\/comments?post=2627"}],"wp:featuredmedia":[{"embeddable":true,"href":"https:\/\/abaa.mx\/tienda\/wp-json\/wp\/v2\/media\/2632"}],"wp:attachment":[{"href":"https:\/\/abaa.mx\/tienda\/wp-json\/wp\/v2\/media?parent=2627"}],"wp:term":[{"taxonomy":"product_brand","embeddable":true,"href":"https:\/\/abaa.mx\/tienda\/wp-json\/wp\/v2\/product_brand?post=2627"},{"taxonomy":"product_cat","embeddable":true,"href":"https:\/\/abaa.mx\/tienda\/wp-json\/wp\/v2\/product_cat?post=2627"},{"taxonomy":"product_tag","embeddable":true,"href":"https:\/\/abaa.mx\/tienda\/wp-json\/wp\/v2\/product_tag?post=2627"}],"curies":[{"name":"wp","href":"https:\/\/api.w.org\/{rel}","templated":true}]}}