{"id":2612,"date":"2023-09-22T15:51:22","date_gmt":"2023-09-22T15:51:22","guid":{"rendered":"https:\/\/abaa.mx\/tienda\/?post_type=product&#038;p=2612"},"modified":"2023-11-23T17:52:05","modified_gmt":"2023-11-23T17:52:05","slug":"registrador-de-datos-de-temperatura-humedad-usb-testo-184-h1-con-lcd-ilimitado","status":"publish","type":"product","link":"https:\/\/abaa.mx\/tienda\/registrador-de-datos-de-temperatura-humedad-usb-testo-184-h1-con-lcd-ilimitado\/","title":{"rendered":"Registrador de datos de temperatura-humedad usb testo 184-h1 con lcd, ilimitado"},"content":{"rendered":"<p>&nbsp;<\/p>\n<div class=\"span10\">\n<div class=\"mhide ipad-view-setting\">\n<div class=\"row-fluid ProductTabs\">\n<div class=\"span12\">\n<div class=\"tab-content\">\n<div id=\"tab0\" class=\"product-tabs tab-pane active\">\n<p>El registrador testo 184 H1 es capaz de controlar los niveles de temperatura y humedad durante el transporte de la cadena de fr\u00edo. Su pantalla LCD grande y f\u00e1cil de leer muestra lecturas en tiempo real. Sus luces LED de estado alertan cuando se han excedido los l\u00edmites especificados. Con configuraci\u00f3n, informes y certificados de calibraci\u00f3n a bordo, el 184 facilita el monitoreo del transporte y la documentaci\u00f3n de mercanc\u00edas sensibles.<\/p>\n<p><strong>Funciones<\/strong><\/p>\n<ul>\n<li>Bater\u00eda de larga duraci\u00f3n de hasta 500 d\u00edas consecutivos de uso con una gran memoria capaz de almacenar 64.000 lecturas<\/li>\n<li>Bater\u00eda reemplazable para uso ilimitado<\/li>\n<li>Los informes PDF permiten un acceso r\u00e1pido a la documentaci\u00f3n no corruptible, \u00a1sin software instalado!<\/li>\n<li>NFC (Near Field Communication) permite un f\u00e1cil acceso a la documentaci\u00f3n con un dispositivo compatible<\/li>\n<li>F\u00e1cil configuraci\u00f3n en cualquier ordenador con archivos precargados<\/li>\n<li>Clase de protecci\u00f3n IP30<\/li>\n<li>Cumple con GxP, ISO 9001:2008, FDA 21 CFR Parte 11, EN 12830 y HACCP International<\/li>\n<li>El certificado de calibraci\u00f3n electr\u00f3nica a bordo elimina las molestias de mantener la trazabilidad<\/li>\n<\/ul>\n<p><strong>Aplicaciones<\/strong><\/p>\n<p>Ideal para las siguientes aplicaciones: Monitorizaci\u00f3n y documentaci\u00f3n de temperatura, humedad y choque en productos farmac\u00e9uticos, alimentarios, transporte de flores o cualquier tipo de servicios log\u00edsticos.<\/p>\n<\/div>\n<div class=\"span10\">\n<div class=\"mhide ipad-view-setting\">\n<div class=\"row-fluid ProductTabs\">\n<div class=\"span12\">\n<div class=\"tab-content\">\n<div id=\"tab1\" class=\"product-tabs tab-pane active\">\n<h4>Testo 184 H1 Registrador de datos de transporte USB de temperatura y humedad con especificaciones de pantalla LCD<\/h4>\n<table class=\"table table-striped\">\n<tbody>\n<tr>\n<td>Rango de medici\u00f3n NTC<\/td>\n<td>-20 hasta +70\u00b0C<\/td>\n<\/tr>\n<tr>\n<td>Precisi\u00f3n NTC<\/td>\n<td>\u00b10,5 \u00b0C (-0 a 70 \u00b0C) \u00b10,8 \u00b0C (-20 a 0 \u00b0C)<\/td>\n<\/tr>\n<tr>\n<td>Resoluci\u00f3n NTC<\/td>\n<td>0.1\u00b0C<\/td>\n<\/tr>\n<tr>\n<td>Rango de medici\u00f3n de humedad<\/td>\n<td>0 a 100 % HR<\/td>\n<\/tr>\n<tr>\n<td>Resoluci\u00f3n de humedad<\/td>\n<td>0,1 %HR<\/td>\n<\/tr>\n<tr>\n<td>Temperatura de almacenamiento<\/td>\n<td>-55 hasta +70\u00b0C<\/td>\n<\/tr>\n<tr>\n<td>Temperatura de funcionamiento<\/td>\n<td>-20 hasta +70 \u00b0C<\/td>\n<\/tr>\n<tr>\n<td>Dimensiones<\/td>\n<td>44 x 12 x 97 mm<\/td>\n<\/tr>\n<\/tbody>\n<\/table>\n<\/div>\n<\/div>\n<\/div>\n<\/div>\n<\/div>\n<\/div>\n<\/div>\n<\/div>\n<\/div>\n<\/div>\n<\/div>\n","protected":false},"excerpt":{"rendered":"<p>El registrador testo 184 H1 es capaz de controlar los niveles de temperatura y humedad durante el transporte de la cadena de fr\u00edo. Su pantalla LCD grande y f\u00e1cil de leer muestra lecturas en tiempo real. Sus luces LED de estado alertan cuando se han excedido los l\u00edmites especificados. Con configuraci\u00f3n, informes y certificados de calibraci\u00f3n a bordo, el 184 facilita el monitoreo del transporte y la documentaci\u00f3n de mercanc\u00edas sensibles.<\/p>\n","protected":false},"featured_media":2617,"comment_status":"open","ping_status":"closed","template":"","meta":{"_joinchat":[]},"product_brand":[],"product_cat":[15],"product_tag":[],"class_list":{"0":"post-2612","1":"product","2":"type-product","3":"status-publish","4":"has-post-thumbnail","6":"product_cat-sin-categorizar","8":"first","9":"instock","10":"shipping-taxable","11":"product-type-simple"},"yoast_head":"<!-- This site is optimized with the Yoast SEO plugin v26.4 - https:\/\/yoast.com\/wordpress\/plugins\/seo\/ -->\n<title>Registrador de datos de temperatura-humedad usb testo 184-h1 con lcd, ilimitado - Abaa tienda online<\/title>\n<meta name=\"robots\" content=\"index, follow, max-snippet:-1, max-image-preview:large, max-video-preview:-1\" \/>\n<link rel=\"canonical\" href=\"https:\/\/abaa.mx\/tienda\/registrador-de-datos-de-temperatura-humedad-usb-testo-184-h1-con-lcd-ilimitado\/\" \/>\n<meta property=\"og:locale\" content=\"es_MX\" \/>\n<meta property=\"og:type\" content=\"article\" \/>\n<meta property=\"og:title\" content=\"Registrador de datos de temperatura-humedad usb testo 184-h1 con lcd, ilimitado - Abaa tienda online\" \/>\n<meta property=\"og:description\" content=\"El registrador testo 184 H1 es capaz de controlar los niveles de temperatura y humedad durante el transporte de la cadena de fr\u00edo. Su pantalla LCD grande y f\u00e1cil de leer muestra lecturas en tiempo real. Sus luces LED de estado alertan cuando se han excedido los l\u00edmites especificados. Con configuraci\u00f3n, informes y certificados de calibraci\u00f3n a bordo, el 184 facilita el monitoreo del transporte y la documentaci\u00f3n de mercanc\u00edas sensibles.\" \/>\n<meta property=\"og:url\" content=\"https:\/\/abaa.mx\/tienda\/registrador-de-datos-de-temperatura-humedad-usb-testo-184-h1-con-lcd-ilimitado\/\" \/>\n<meta property=\"og:site_name\" content=\"Abaa tienda online\" \/>\n<meta property=\"article:modified_time\" content=\"2023-11-23T17:52:05+00:00\" \/>\n<meta property=\"og:image\" content=\"https:\/\/abaa.mx\/tienda\/wp-content\/uploads\/2023\/09\/184-H1.jpg\" \/>\n\t<meta property=\"og:image:width\" content=\"270\" \/>\n\t<meta property=\"og:image:height\" content=\"331\" \/>\n\t<meta property=\"og:image:type\" content=\"image\/jpeg\" \/>\n<meta name=\"twitter:card\" content=\"summary_large_image\" \/>\n<meta name=\"twitter:label1\" content=\"Tiempo de lectura\" \/>\n\t<meta name=\"twitter:data1\" content=\"2 minutos\" \/>\n<script type=\"application\/ld+json\" class=\"yoast-schema-graph\">{\"@context\":\"https:\/\/schema.org\",\"@graph\":[{\"@type\":\"WebPage\",\"@id\":\"https:\/\/abaa.mx\/tienda\/registrador-de-datos-de-temperatura-humedad-usb-testo-184-h1-con-lcd-ilimitado\/\",\"url\":\"https:\/\/abaa.mx\/tienda\/registrador-de-datos-de-temperatura-humedad-usb-testo-184-h1-con-lcd-ilimitado\/\",\"name\":\"Registrador de datos de temperatura-humedad usb testo 184-h1 con lcd, ilimitado - Abaa tienda online\",\"isPartOf\":{\"@id\":\"https:\/\/abaa.mx\/tienda\/#website\"},\"primaryImageOfPage\":{\"@id\":\"https:\/\/abaa.mx\/tienda\/registrador-de-datos-de-temperatura-humedad-usb-testo-184-h1-con-lcd-ilimitado\/#primaryimage\"},\"image\":{\"@id\":\"https:\/\/abaa.mx\/tienda\/registrador-de-datos-de-temperatura-humedad-usb-testo-184-h1-con-lcd-ilimitado\/#primaryimage\"},\"thumbnailUrl\":\"https:\/\/abaa.mx\/tienda\/wp-content\/uploads\/2023\/09\/184-H1.jpg\",\"datePublished\":\"2023-09-22T15:51:22+00:00\",\"dateModified\":\"2023-11-23T17:52:05+00:00\",\"breadcrumb\":{\"@id\":\"https:\/\/abaa.mx\/tienda\/registrador-de-datos-de-temperatura-humedad-usb-testo-184-h1-con-lcd-ilimitado\/#breadcrumb\"},\"inLanguage\":\"es\",\"potentialAction\":[{\"@type\":\"ReadAction\",\"target\":[\"https:\/\/abaa.mx\/tienda\/registrador-de-datos-de-temperatura-humedad-usb-testo-184-h1-con-lcd-ilimitado\/\"]}]},{\"@type\":\"ImageObject\",\"inLanguage\":\"es\",\"@id\":\"https:\/\/abaa.mx\/tienda\/registrador-de-datos-de-temperatura-humedad-usb-testo-184-h1-con-lcd-ilimitado\/#primaryimage\",\"url\":\"https:\/\/abaa.mx\/tienda\/wp-content\/uploads\/2023\/09\/184-H1.jpg\",\"contentUrl\":\"https:\/\/abaa.mx\/tienda\/wp-content\/uploads\/2023\/09\/184-H1.jpg\",\"width\":270,\"height\":331,\"caption\":\"184 H1\"},{\"@type\":\"BreadcrumbList\",\"@id\":\"https:\/\/abaa.mx\/tienda\/registrador-de-datos-de-temperatura-humedad-usb-testo-184-h1-con-lcd-ilimitado\/#breadcrumb\",\"itemListElement\":[{\"@type\":\"ListItem\",\"position\":1,\"name\":\"Inicio\",\"item\":\"https:\/\/abaa.mx\/tienda\/\"},{\"@type\":\"ListItem\",\"position\":2,\"name\":\"Tienda\",\"item\":\"https:\/\/abaa.mx\/tienda\/\"},{\"@type\":\"ListItem\",\"position\":3,\"name\":\"Registrador de datos de temperatura-humedad usb testo 184-h1 con lcd, ilimitado\"}]},{\"@type\":\"WebSite\",\"@id\":\"https:\/\/abaa.mx\/tienda\/#website\",\"url\":\"https:\/\/abaa.mx\/tienda\/\",\"name\":\"Abaa tienda online\",\"description\":\"Instrumentos de medici\u00f3n\",\"publisher\":{\"@id\":\"https:\/\/abaa.mx\/tienda\/#organization\"},\"potentialAction\":[{\"@type\":\"SearchAction\",\"target\":{\"@type\":\"EntryPoint\",\"urlTemplate\":\"https:\/\/abaa.mx\/tienda\/?s={search_term_string}\"},\"query-input\":{\"@type\":\"PropertyValueSpecification\",\"valueRequired\":true,\"valueName\":\"search_term_string\"}}],\"inLanguage\":\"es\"},{\"@type\":\"Organization\",\"@id\":\"https:\/\/abaa.mx\/tienda\/#organization\",\"name\":\"Abaa tienda online\",\"url\":\"https:\/\/abaa.mx\/tienda\/\",\"logo\":{\"@type\":\"ImageObject\",\"inLanguage\":\"es\",\"@id\":\"https:\/\/abaa.mx\/tienda\/#\/schema\/logo\/image\/\",\"url\":\"https:\/\/abaa.mx\/tienda\/wp-content\/uploads\/2024\/01\/abaa-metrologia-tienda.png\",\"contentUrl\":\"https:\/\/abaa.mx\/tienda\/wp-content\/uploads\/2024\/01\/abaa-metrologia-tienda.png\",\"width\":300,\"height\":141,\"caption\":\"Abaa tienda online\"},\"image\":{\"@id\":\"https:\/\/abaa.mx\/tienda\/#\/schema\/logo\/image\/\"}}]}<\/script>\n<!-- \/ Yoast SEO plugin. -->","yoast_head_json":{"title":"Registrador de datos de temperatura-humedad usb testo 184-h1 con lcd, ilimitado - Abaa tienda online","robots":{"index":"index","follow":"follow","max-snippet":"max-snippet:-1","max-image-preview":"max-image-preview:large","max-video-preview":"max-video-preview:-1"},"canonical":"https:\/\/abaa.mx\/tienda\/registrador-de-datos-de-temperatura-humedad-usb-testo-184-h1-con-lcd-ilimitado\/","og_locale":"es_MX","og_type":"article","og_title":"Registrador de datos de temperatura-humedad usb testo 184-h1 con lcd, ilimitado - Abaa tienda online","og_description":"El registrador testo 184 H1 es capaz de controlar los niveles de temperatura y humedad durante el transporte de la cadena de fr\u00edo. Su pantalla LCD grande y f\u00e1cil de leer muestra lecturas en tiempo real. Sus luces LED de estado alertan cuando se han excedido los l\u00edmites especificados. Con configuraci\u00f3n, informes y certificados de calibraci\u00f3n a bordo, el 184 facilita el monitoreo del transporte y la documentaci\u00f3n de mercanc\u00edas sensibles.","og_url":"https:\/\/abaa.mx\/tienda\/registrador-de-datos-de-temperatura-humedad-usb-testo-184-h1-con-lcd-ilimitado\/","og_site_name":"Abaa tienda online","article_modified_time":"2023-11-23T17:52:05+00:00","og_image":[{"width":270,"height":331,"url":"https:\/\/abaa.mx\/tienda\/wp-content\/uploads\/2023\/09\/184-H1.jpg","type":"image\/jpeg"}],"twitter_card":"summary_large_image","twitter_misc":{"Tiempo de lectura":"2 minutos"},"schema":{"@context":"https:\/\/schema.org","@graph":[{"@type":"WebPage","@id":"https:\/\/abaa.mx\/tienda\/registrador-de-datos-de-temperatura-humedad-usb-testo-184-h1-con-lcd-ilimitado\/","url":"https:\/\/abaa.mx\/tienda\/registrador-de-datos-de-temperatura-humedad-usb-testo-184-h1-con-lcd-ilimitado\/","name":"Registrador de datos de temperatura-humedad usb testo 184-h1 con lcd, ilimitado - Abaa tienda online","isPartOf":{"@id":"https:\/\/abaa.mx\/tienda\/#website"},"primaryImageOfPage":{"@id":"https:\/\/abaa.mx\/tienda\/registrador-de-datos-de-temperatura-humedad-usb-testo-184-h1-con-lcd-ilimitado\/#primaryimage"},"image":{"@id":"https:\/\/abaa.mx\/tienda\/registrador-de-datos-de-temperatura-humedad-usb-testo-184-h1-con-lcd-ilimitado\/#primaryimage"},"thumbnailUrl":"https:\/\/abaa.mx\/tienda\/wp-content\/uploads\/2023\/09\/184-H1.jpg","datePublished":"2023-09-22T15:51:22+00:00","dateModified":"2023-11-23T17:52:05+00:00","breadcrumb":{"@id":"https:\/\/abaa.mx\/tienda\/registrador-de-datos-de-temperatura-humedad-usb-testo-184-h1-con-lcd-ilimitado\/#breadcrumb"},"inLanguage":"es","potentialAction":[{"@type":"ReadAction","target":["https:\/\/abaa.mx\/tienda\/registrador-de-datos-de-temperatura-humedad-usb-testo-184-h1-con-lcd-ilimitado\/"]}]},{"@type":"ImageObject","inLanguage":"es","@id":"https:\/\/abaa.mx\/tienda\/registrador-de-datos-de-temperatura-humedad-usb-testo-184-h1-con-lcd-ilimitado\/#primaryimage","url":"https:\/\/abaa.mx\/tienda\/wp-content\/uploads\/2023\/09\/184-H1.jpg","contentUrl":"https:\/\/abaa.mx\/tienda\/wp-content\/uploads\/2023\/09\/184-H1.jpg","width":270,"height":331,"caption":"184 H1"},{"@type":"BreadcrumbList","@id":"https:\/\/abaa.mx\/tienda\/registrador-de-datos-de-temperatura-humedad-usb-testo-184-h1-con-lcd-ilimitado\/#breadcrumb","itemListElement":[{"@type":"ListItem","position":1,"name":"Inicio","item":"https:\/\/abaa.mx\/tienda\/"},{"@type":"ListItem","position":2,"name":"Tienda","item":"https:\/\/abaa.mx\/tienda\/"},{"@type":"ListItem","position":3,"name":"Registrador de datos de temperatura-humedad usb testo 184-h1 con lcd, ilimitado"}]},{"@type":"WebSite","@id":"https:\/\/abaa.mx\/tienda\/#website","url":"https:\/\/abaa.mx\/tienda\/","name":"Abaa tienda online","description":"Instrumentos de medici\u00f3n","publisher":{"@id":"https:\/\/abaa.mx\/tienda\/#organization"},"potentialAction":[{"@type":"SearchAction","target":{"@type":"EntryPoint","urlTemplate":"https:\/\/abaa.mx\/tienda\/?s={search_term_string}"},"query-input":{"@type":"PropertyValueSpecification","valueRequired":true,"valueName":"search_term_string"}}],"inLanguage":"es"},{"@type":"Organization","@id":"https:\/\/abaa.mx\/tienda\/#organization","name":"Abaa tienda online","url":"https:\/\/abaa.mx\/tienda\/","logo":{"@type":"ImageObject","inLanguage":"es","@id":"https:\/\/abaa.mx\/tienda\/#\/schema\/logo\/image\/","url":"https:\/\/abaa.mx\/tienda\/wp-content\/uploads\/2024\/01\/abaa-metrologia-tienda.png","contentUrl":"https:\/\/abaa.mx\/tienda\/wp-content\/uploads\/2024\/01\/abaa-metrologia-tienda.png","width":300,"height":141,"caption":"Abaa tienda online"},"image":{"@id":"https:\/\/abaa.mx\/tienda\/#\/schema\/logo\/image\/"}}]}},"_links":{"self":[{"href":"https:\/\/abaa.mx\/tienda\/wp-json\/wp\/v2\/product\/2612","targetHints":{"allow":["GET"]}}],"collection":[{"href":"https:\/\/abaa.mx\/tienda\/wp-json\/wp\/v2\/product"}],"about":[{"href":"https:\/\/abaa.mx\/tienda\/wp-json\/wp\/v2\/types\/product"}],"replies":[{"embeddable":true,"href":"https:\/\/abaa.mx\/tienda\/wp-json\/wp\/v2\/comments?post=2612"}],"wp:featuredmedia":[{"embeddable":true,"href":"https:\/\/abaa.mx\/tienda\/wp-json\/wp\/v2\/media\/2617"}],"wp:attachment":[{"href":"https:\/\/abaa.mx\/tienda\/wp-json\/wp\/v2\/media?parent=2612"}],"wp:term":[{"taxonomy":"product_brand","embeddable":true,"href":"https:\/\/abaa.mx\/tienda\/wp-json\/wp\/v2\/product_brand?post=2612"},{"taxonomy":"product_cat","embeddable":true,"href":"https:\/\/abaa.mx\/tienda\/wp-json\/wp\/v2\/product_cat?post=2612"},{"taxonomy":"product_tag","embeddable":true,"href":"https:\/\/abaa.mx\/tienda\/wp-json\/wp\/v2\/product_tag?post=2612"}],"curies":[{"name":"wp","href":"https:\/\/api.w.org\/{rel}","templated":true}]}}