{"id":2608,"date":"2023-09-22T15:34:40","date_gmt":"2023-09-22T15:34:40","guid":{"rendered":"https:\/\/abaa.mx\/tienda\/?post_type=product&#038;p=2608"},"modified":"2023-09-22T15:34:41","modified_gmt":"2023-09-22T15:34:41","slug":"registrador-de-datos-de-temperatura-metalica-de-176-canales-testo-3-t4-con-4-tc-externos","status":"publish","type":"product","link":"https:\/\/abaa.mx\/tienda\/registrador-de-datos-de-temperatura-metalica-de-176-canales-testo-3-t4-con-4-tc-externos\/","title":{"rendered":"registrador de datos de temperatura met\u00e1lica de 176 canales testo 3-t4 con 4 tc externos"},"content":{"rendered":"<p>El testo 176 T3 es el registrador de datos adecuado para la medici\u00f3n paralela y el registro de valores de temperatura en cuatro sitios diferentes en procesos industriales. Su carcasa met\u00e1lica proteger\u00e1 el registrador de datos de posibles da\u00f1os. El 176 T3 puede cumplir varios requisitos a trav\u00e9s de su gama de sondas de ter\u00f3mero conectables (Tipo K, Tipo T, Tipo J).<\/p>\n<p><strong>Funciones<\/strong><\/p>\n<ul>\n<li>Memoria lo suficientemente grande como para contener dos millones de valores de medici\u00f3n. Pantalla grande y f\u00e1cil de leer.<\/li>\n<li>Hasta ocho a\u00f1os de duraci\u00f3n de la bater\u00eda a una velocidad de medici\u00f3n de 15 minutos.<\/li>\n<li>Bater\u00eda est\u00e1ndar (AA) reemplazable por el usuario<\/li>\n<li>Tenga en cuenta que se requiere un cable USB para programar y leer el registrador. Esto no est\u00e1 incluido en la entrega y debe pedirse por separado si es necesario (n\u00famero de pedido 0449 0047).<\/li>\n<\/ul>\n<h4>Testo 176-T3 Datos t\u00e9cnicos<\/h4>\n<table class=\"table table-striped\">\n<tbody>\n<tr>\n<td>Memoria<\/td>\n<td>2.000.000 de valores<\/td>\n<\/tr>\n<tr>\n<td>Temperatura de almacenamiento<\/td>\n<td>-40 hasta +85 \u00b0C<\/td>\n<\/tr>\n<tr>\n<td>Temperatura de funcionamiento<\/td>\n<td>-20 hasta +70 \u00b0C<\/td>\n<\/tr>\n<tr>\n<td>Dimensiones<\/td>\n<td>103 x 63 x 33 mm<\/td>\n<\/tr>\n<tr>\n<th colspan=\"2\">\n<h5>Tipo T<\/h5>\n<\/th>\n<\/tr>\n<tr>\n<td>Rango de medici\u00f3n<\/td>\n<td>-200 hasta +400 \u00b0C<\/td>\n<\/tr>\n<tr>\n<td>Exactitud<\/td>\n<td>\u00b11 % de RDG. (-200 a -100.1 \u00b0C)<br \/>\n\u00b10,3 \u00b0C (-100 a +70 \u00b0C)<br \/>\n\u00b10,5 % de la rdg. (+70,1 hasta +1000 \u00b0C)<\/td>\n<\/tr>\n<tr>\n<td>Resoluci\u00f3n<\/td>\n<td>0.1 \u00b0C<\/td>\n<\/tr>\n<tr>\n<th colspan=\"2\">\n<h5>Tipo J (FeCuNi)<\/h5>\n<\/th>\n<\/tr>\n<tr>\n<td>Rango de medici\u00f3n<\/td>\n<td>-100 hasta +750 \u00b0C<\/td>\n<\/tr>\n<tr>\n<td>Exactitud<\/td>\n<td>\u00b11 % de RDG. (-200 a -100.1 \u00b0C)<br \/>\n\u00b10,3 \u00b0C (-100 a +70 \u00b0C)<br \/>\n\u00b10,5 % de la rdg. (+70,1 hasta +1000 \u00b0C)<\/td>\n<\/tr>\n<tr>\n<td>Resoluci\u00f3n<\/td>\n<td>0.1 \u00b0C<\/td>\n<\/tr>\n<tr>\n<th colspan=\"2\">\n<h5>Tipo K<\/h5>\n<\/th>\n<\/tr>\n<tr>\n<td>Rango de medici\u00f3n<\/td>\n<td>-195 hasta +1000 \u00b0C<\/td>\n<\/tr>\n<tr>\n<td>Exactitud<\/td>\n<td>\u00b11 % de RDG. (-200 a -100.1 \u00b0C)<br \/>\n\u00b10,3 \u00b0C (-100 a +70 \u00b0C)<br \/>\n\u00b10,5 % de la rdg. (+70,1 hasta +1000 \u00b0C)<\/td>\n<\/tr>\n<tr>\n<td>Resoluci\u00f3n<\/td>\n<td>0.1 \u00b0C<\/td>\n<\/tr>\n<\/tbody>\n<\/table>\n","protected":false},"excerpt":{"rendered":"<p>El testo 176 T3 es el registrador de datos adecuado para la medici\u00f3n paralela y el registro de valores de temperatura en cuatro sitios diferentes en procesos industriales. Su carcasa met\u00e1lica proteger\u00e1 el registrador de datos de posibles da\u00f1os. El 176 T3 puede cumplir varios requisitos a trav\u00e9s de su gama de sondas de ter\u00f3mero conectables (Tipo K, Tipo T, Tipo J).<\/p>\n","protected":false},"featured_media":2610,"comment_status":"open","ping_status":"closed","template":"","meta":{"_joinchat":[]},"product_brand":[],"product_cat":[15],"product_tag":[],"class_list":{"0":"post-2608","1":"product","2":"type-product","3":"status-publish","4":"has-post-thumbnail","6":"product_cat-sin-categorizar","8":"first","9":"instock","10":"shipping-taxable","11":"product-type-simple"},"yoast_head":"<!-- This site is optimized with the Yoast SEO plugin v26.4 - https:\/\/yoast.com\/wordpress\/plugins\/seo\/ -->\n<title>registrador de datos de temperatura met\u00e1lica de 176 canales testo 3-t4 con 4 tc externos - Abaa tienda online<\/title>\n<meta name=\"robots\" content=\"index, follow, max-snippet:-1, max-image-preview:large, max-video-preview:-1\" \/>\n<link rel=\"canonical\" href=\"https:\/\/abaa.mx\/tienda\/registrador-de-datos-de-temperatura-metalica-de-176-canales-testo-3-t4-con-4-tc-externos\/\" \/>\n<meta property=\"og:locale\" content=\"es_MX\" \/>\n<meta property=\"og:type\" content=\"article\" \/>\n<meta property=\"og:title\" content=\"registrador de datos de temperatura met\u00e1lica de 176 canales testo 3-t4 con 4 tc externos - Abaa tienda online\" \/>\n<meta property=\"og:description\" content=\"El testo 176 T3 es el registrador de datos adecuado para la medici\u00f3n paralela y el registro de valores de temperatura en cuatro sitios diferentes en procesos industriales. Su carcasa met\u00e1lica proteger\u00e1 el registrador de datos de posibles da\u00f1os. El 176 T3 puede cumplir varios requisitos a trav\u00e9s de su gama de sondas de ter\u00f3mero conectables (Tipo K, Tipo T, Tipo J).\" \/>\n<meta property=\"og:url\" content=\"https:\/\/abaa.mx\/tienda\/registrador-de-datos-de-temperatura-metalica-de-176-canales-testo-3-t4-con-4-tc-externos\/\" \/>\n<meta property=\"og:site_name\" content=\"Abaa tienda online\" \/>\n<meta property=\"article:modified_time\" content=\"2023-09-22T15:34:41+00:00\" \/>\n<meta property=\"og:image\" content=\"https:\/\/abaa.mx\/tienda\/wp-content\/uploads\/2023\/09\/176-T3.jpg\" \/>\n\t<meta property=\"og:image:width\" content=\"270\" \/>\n\t<meta property=\"og:image:height\" content=\"331\" \/>\n\t<meta property=\"og:image:type\" content=\"image\/jpeg\" \/>\n<meta name=\"twitter:card\" content=\"summary_large_image\" \/>\n<meta name=\"twitter:label1\" content=\"Tiempo de lectura\" \/>\n\t<meta name=\"twitter:data1\" content=\"2 minutos\" \/>\n<script type=\"application\/ld+json\" class=\"yoast-schema-graph\">{\"@context\":\"https:\/\/schema.org\",\"@graph\":[{\"@type\":\"WebPage\",\"@id\":\"https:\/\/abaa.mx\/tienda\/registrador-de-datos-de-temperatura-metalica-de-176-canales-testo-3-t4-con-4-tc-externos\/\",\"url\":\"https:\/\/abaa.mx\/tienda\/registrador-de-datos-de-temperatura-metalica-de-176-canales-testo-3-t4-con-4-tc-externos\/\",\"name\":\"registrador de datos de temperatura met\u00e1lica de 176 canales testo 3-t4 con 4 tc externos - Abaa tienda online\",\"isPartOf\":{\"@id\":\"https:\/\/abaa.mx\/tienda\/#website\"},\"primaryImageOfPage\":{\"@id\":\"https:\/\/abaa.mx\/tienda\/registrador-de-datos-de-temperatura-metalica-de-176-canales-testo-3-t4-con-4-tc-externos\/#primaryimage\"},\"image\":{\"@id\":\"https:\/\/abaa.mx\/tienda\/registrador-de-datos-de-temperatura-metalica-de-176-canales-testo-3-t4-con-4-tc-externos\/#primaryimage\"},\"thumbnailUrl\":\"https:\/\/abaa.mx\/tienda\/wp-content\/uploads\/2023\/09\/176-T3.jpg\",\"datePublished\":\"2023-09-22T15:34:40+00:00\",\"dateModified\":\"2023-09-22T15:34:41+00:00\",\"breadcrumb\":{\"@id\":\"https:\/\/abaa.mx\/tienda\/registrador-de-datos-de-temperatura-metalica-de-176-canales-testo-3-t4-con-4-tc-externos\/#breadcrumb\"},\"inLanguage\":\"es\",\"potentialAction\":[{\"@type\":\"ReadAction\",\"target\":[\"https:\/\/abaa.mx\/tienda\/registrador-de-datos-de-temperatura-metalica-de-176-canales-testo-3-t4-con-4-tc-externos\/\"]}]},{\"@type\":\"ImageObject\",\"inLanguage\":\"es\",\"@id\":\"https:\/\/abaa.mx\/tienda\/registrador-de-datos-de-temperatura-metalica-de-176-canales-testo-3-t4-con-4-tc-externos\/#primaryimage\",\"url\":\"https:\/\/abaa.mx\/tienda\/wp-content\/uploads\/2023\/09\/176-T3.jpg\",\"contentUrl\":\"https:\/\/abaa.mx\/tienda\/wp-content\/uploads\/2023\/09\/176-T3.jpg\",\"width\":270,\"height\":331,\"caption\":\"176 T3\"},{\"@type\":\"BreadcrumbList\",\"@id\":\"https:\/\/abaa.mx\/tienda\/registrador-de-datos-de-temperatura-metalica-de-176-canales-testo-3-t4-con-4-tc-externos\/#breadcrumb\",\"itemListElement\":[{\"@type\":\"ListItem\",\"position\":1,\"name\":\"Inicio\",\"item\":\"https:\/\/abaa.mx\/tienda\/\"},{\"@type\":\"ListItem\",\"position\":2,\"name\":\"Tienda\",\"item\":\"https:\/\/abaa.mx\/tienda\/\"},{\"@type\":\"ListItem\",\"position\":3,\"name\":\"registrador de datos de temperatura met\u00e1lica de 176 canales testo 3-t4 con 4 tc externos\"}]},{\"@type\":\"WebSite\",\"@id\":\"https:\/\/abaa.mx\/tienda\/#website\",\"url\":\"https:\/\/abaa.mx\/tienda\/\",\"name\":\"Abaa tienda online\",\"description\":\"Instrumentos de medici\u00f3n\",\"publisher\":{\"@id\":\"https:\/\/abaa.mx\/tienda\/#organization\"},\"potentialAction\":[{\"@type\":\"SearchAction\",\"target\":{\"@type\":\"EntryPoint\",\"urlTemplate\":\"https:\/\/abaa.mx\/tienda\/?s={search_term_string}\"},\"query-input\":{\"@type\":\"PropertyValueSpecification\",\"valueRequired\":true,\"valueName\":\"search_term_string\"}}],\"inLanguage\":\"es\"},{\"@type\":\"Organization\",\"@id\":\"https:\/\/abaa.mx\/tienda\/#organization\",\"name\":\"Abaa tienda online\",\"url\":\"https:\/\/abaa.mx\/tienda\/\",\"logo\":{\"@type\":\"ImageObject\",\"inLanguage\":\"es\",\"@id\":\"https:\/\/abaa.mx\/tienda\/#\/schema\/logo\/image\/\",\"url\":\"https:\/\/abaa.mx\/tienda\/wp-content\/uploads\/2024\/01\/abaa-metrologia-tienda.png\",\"contentUrl\":\"https:\/\/abaa.mx\/tienda\/wp-content\/uploads\/2024\/01\/abaa-metrologia-tienda.png\",\"width\":300,\"height\":141,\"caption\":\"Abaa tienda online\"},\"image\":{\"@id\":\"https:\/\/abaa.mx\/tienda\/#\/schema\/logo\/image\/\"}}]}<\/script>\n<!-- \/ Yoast SEO plugin. -->","yoast_head_json":{"title":"registrador de datos de temperatura met\u00e1lica de 176 canales testo 3-t4 con 4 tc externos - Abaa tienda online","robots":{"index":"index","follow":"follow","max-snippet":"max-snippet:-1","max-image-preview":"max-image-preview:large","max-video-preview":"max-video-preview:-1"},"canonical":"https:\/\/abaa.mx\/tienda\/registrador-de-datos-de-temperatura-metalica-de-176-canales-testo-3-t4-con-4-tc-externos\/","og_locale":"es_MX","og_type":"article","og_title":"registrador de datos de temperatura met\u00e1lica de 176 canales testo 3-t4 con 4 tc externos - Abaa tienda online","og_description":"El testo 176 T3 es el registrador de datos adecuado para la medici\u00f3n paralela y el registro de valores de temperatura en cuatro sitios diferentes en procesos industriales. Su carcasa met\u00e1lica proteger\u00e1 el registrador de datos de posibles da\u00f1os. El 176 T3 puede cumplir varios requisitos a trav\u00e9s de su gama de sondas de ter\u00f3mero conectables (Tipo K, Tipo T, Tipo J).","og_url":"https:\/\/abaa.mx\/tienda\/registrador-de-datos-de-temperatura-metalica-de-176-canales-testo-3-t4-con-4-tc-externos\/","og_site_name":"Abaa tienda online","article_modified_time":"2023-09-22T15:34:41+00:00","og_image":[{"width":270,"height":331,"url":"https:\/\/abaa.mx\/tienda\/wp-content\/uploads\/2023\/09\/176-T3.jpg","type":"image\/jpeg"}],"twitter_card":"summary_large_image","twitter_misc":{"Tiempo de lectura":"2 minutos"},"schema":{"@context":"https:\/\/schema.org","@graph":[{"@type":"WebPage","@id":"https:\/\/abaa.mx\/tienda\/registrador-de-datos-de-temperatura-metalica-de-176-canales-testo-3-t4-con-4-tc-externos\/","url":"https:\/\/abaa.mx\/tienda\/registrador-de-datos-de-temperatura-metalica-de-176-canales-testo-3-t4-con-4-tc-externos\/","name":"registrador de datos de temperatura met\u00e1lica de 176 canales testo 3-t4 con 4 tc externos - Abaa tienda online","isPartOf":{"@id":"https:\/\/abaa.mx\/tienda\/#website"},"primaryImageOfPage":{"@id":"https:\/\/abaa.mx\/tienda\/registrador-de-datos-de-temperatura-metalica-de-176-canales-testo-3-t4-con-4-tc-externos\/#primaryimage"},"image":{"@id":"https:\/\/abaa.mx\/tienda\/registrador-de-datos-de-temperatura-metalica-de-176-canales-testo-3-t4-con-4-tc-externos\/#primaryimage"},"thumbnailUrl":"https:\/\/abaa.mx\/tienda\/wp-content\/uploads\/2023\/09\/176-T3.jpg","datePublished":"2023-09-22T15:34:40+00:00","dateModified":"2023-09-22T15:34:41+00:00","breadcrumb":{"@id":"https:\/\/abaa.mx\/tienda\/registrador-de-datos-de-temperatura-metalica-de-176-canales-testo-3-t4-con-4-tc-externos\/#breadcrumb"},"inLanguage":"es","potentialAction":[{"@type":"ReadAction","target":["https:\/\/abaa.mx\/tienda\/registrador-de-datos-de-temperatura-metalica-de-176-canales-testo-3-t4-con-4-tc-externos\/"]}]},{"@type":"ImageObject","inLanguage":"es","@id":"https:\/\/abaa.mx\/tienda\/registrador-de-datos-de-temperatura-metalica-de-176-canales-testo-3-t4-con-4-tc-externos\/#primaryimage","url":"https:\/\/abaa.mx\/tienda\/wp-content\/uploads\/2023\/09\/176-T3.jpg","contentUrl":"https:\/\/abaa.mx\/tienda\/wp-content\/uploads\/2023\/09\/176-T3.jpg","width":270,"height":331,"caption":"176 T3"},{"@type":"BreadcrumbList","@id":"https:\/\/abaa.mx\/tienda\/registrador-de-datos-de-temperatura-metalica-de-176-canales-testo-3-t4-con-4-tc-externos\/#breadcrumb","itemListElement":[{"@type":"ListItem","position":1,"name":"Inicio","item":"https:\/\/abaa.mx\/tienda\/"},{"@type":"ListItem","position":2,"name":"Tienda","item":"https:\/\/abaa.mx\/tienda\/"},{"@type":"ListItem","position":3,"name":"registrador de datos de temperatura met\u00e1lica de 176 canales testo 3-t4 con 4 tc externos"}]},{"@type":"WebSite","@id":"https:\/\/abaa.mx\/tienda\/#website","url":"https:\/\/abaa.mx\/tienda\/","name":"Abaa tienda online","description":"Instrumentos de medici\u00f3n","publisher":{"@id":"https:\/\/abaa.mx\/tienda\/#organization"},"potentialAction":[{"@type":"SearchAction","target":{"@type":"EntryPoint","urlTemplate":"https:\/\/abaa.mx\/tienda\/?s={search_term_string}"},"query-input":{"@type":"PropertyValueSpecification","valueRequired":true,"valueName":"search_term_string"}}],"inLanguage":"es"},{"@type":"Organization","@id":"https:\/\/abaa.mx\/tienda\/#organization","name":"Abaa tienda online","url":"https:\/\/abaa.mx\/tienda\/","logo":{"@type":"ImageObject","inLanguage":"es","@id":"https:\/\/abaa.mx\/tienda\/#\/schema\/logo\/image\/","url":"https:\/\/abaa.mx\/tienda\/wp-content\/uploads\/2024\/01\/abaa-metrologia-tienda.png","contentUrl":"https:\/\/abaa.mx\/tienda\/wp-content\/uploads\/2024\/01\/abaa-metrologia-tienda.png","width":300,"height":141,"caption":"Abaa tienda online"},"image":{"@id":"https:\/\/abaa.mx\/tienda\/#\/schema\/logo\/image\/"}}]}},"_links":{"self":[{"href":"https:\/\/abaa.mx\/tienda\/wp-json\/wp\/v2\/product\/2608","targetHints":{"allow":["GET"]}}],"collection":[{"href":"https:\/\/abaa.mx\/tienda\/wp-json\/wp\/v2\/product"}],"about":[{"href":"https:\/\/abaa.mx\/tienda\/wp-json\/wp\/v2\/types\/product"}],"replies":[{"embeddable":true,"href":"https:\/\/abaa.mx\/tienda\/wp-json\/wp\/v2\/comments?post=2608"}],"wp:featuredmedia":[{"embeddable":true,"href":"https:\/\/abaa.mx\/tienda\/wp-json\/wp\/v2\/media\/2610"}],"wp:attachment":[{"href":"https:\/\/abaa.mx\/tienda\/wp-json\/wp\/v2\/media?parent=2608"}],"wp:term":[{"taxonomy":"product_brand","embeddable":true,"href":"https:\/\/abaa.mx\/tienda\/wp-json\/wp\/v2\/product_brand?post=2608"},{"taxonomy":"product_cat","embeddable":true,"href":"https:\/\/abaa.mx\/tienda\/wp-json\/wp\/v2\/product_cat?post=2608"},{"taxonomy":"product_tag","embeddable":true,"href":"https:\/\/abaa.mx\/tienda\/wp-json\/wp\/v2\/product_tag?post=2608"}],"curies":[{"name":"wp","href":"https:\/\/api.w.org\/{rel}","templated":true}]}}