{"id":2597,"date":"2023-09-22T15:26:46","date_gmt":"2023-09-22T15:26:46","guid":{"rendered":"https:\/\/abaa.mx\/tienda\/?post_type=product&#038;p=2597"},"modified":"2023-09-22T15:26:47","modified_gmt":"2023-09-22T15:26:47","slug":"registrador-de-datos-de-temperatura-de-175-canales-testo-2-t2-con-ntc-dual","status":"publish","type":"product","link":"https:\/\/abaa.mx\/tienda\/registrador-de-datos-de-temperatura-de-175-canales-testo-2-t2-con-ntc-dual\/","title":{"rendered":"registrador de datos de temperatura de 175 canales testo 2 t2 con ntc dual"},"content":{"rendered":"<p>Dise\u00f1ado por expertos para monitorear y documentar la temperatura del aire en salas refrigeradas y de congelaci\u00f3n, as\u00ed como para registrar la temperatura de los productos. El testo 175 T2 tiene una entrada de sensor externo (NTC) con la que, por ejemplo, utilizando sondas de alimentos permitidas, puede medir la temperatura central de los productos o entre el embalaje de productos envasados y congelados.<\/p>\n<p>Como todos los registradores de datos Testo para aplicaciones en el sector alimentario, el testo 175 T2 est\u00e1 probado seg\u00fan DIN EN 12830 por la secci\u00f3n de pruebas ATP del T\u00dcV ST\u00fcd.<\/p>\n<p><strong>Testo 175 T2 Caracter\u00edsticas<\/strong><\/p>\n<ul>\n<li>Gran memoria para 1 mill\u00f3n de valores de medici\u00f3n<\/li>\n<li>Hasta tres a\u00f1os a una velocidad de medici\u00f3n de 15 minutos<\/li>\n<li>Bater\u00edas est\u00e1ndar (AAA) reemplazables por el usuario<\/li>\n<li>Grande, f\u00e1cil de leer<\/li>\n<\/ul>\n<h4>Testo 175 T2 Datos t\u00e9cnicos<\/h4>\n<table class=\"table table-striped\">\n<tbody>\n<tr>\n<td>Memoria<\/td>\n<td>1.000.000 valores<\/td>\n<\/tr>\n<tr>\n<td>Temperatura de almacenamiento<\/td>\n<td>-35 hasta +55 \u00b0C<\/td>\n<\/tr>\n<tr>\n<td>Temperatura de funcionamiento<\/td>\n<td>-35 hasta +55 \u00b0C<\/td>\n<\/tr>\n<tr>\n<td>Dimensiones<\/td>\n<td>89 x 53 x 27 mm<\/td>\n<\/tr>\n<tr>\n<th colspan=\"2\">\n<h5>NTC<\/h5>\n<\/th>\n<\/tr>\n<tr>\n<td>Rango de medici\u00f3n<\/td>\n<td>-35 a +55 \u00b0C int. -40 a +120 \u00b0C ext.<\/td>\n<\/tr>\n<tr>\n<td>Exactitud<\/td>\n<td>\u00b10,5 \u00b0C (-35 a +55 \u00b0C) int.<\/td>\n<\/tr>\n<tr>\n<td>Resoluci\u00f3n<\/td>\n<td>0.1 \u00b0C<\/td>\n<\/tr>\n<\/tbody>\n<\/table>\n","protected":false},"excerpt":{"rendered":"<p>Dise\u00f1ado por expertos para monitorear y documentar la temperatura del aire en salas refrigeradas y de congelaci\u00f3n, as\u00ed como para registrar la temperatura de los productos. El testo 175 T2 tiene una entrada de sensor externo (NTC) con la que, por ejemplo, utilizando sondas de alimentos permitidas, puede medir la temperatura central de los productos o entre el embalaje de productos envasados y congelados.<\/p>\n<p>Como todos los registradores de datos Testo para aplicaciones en el sector alimentario, el testo 175 T2 est\u00e1 probado seg\u00fan DIN EN 12830 por la secci\u00f3n de pruebas ATP del T\u00dcV ST\u00fcd.<\/p>\n","protected":false},"featured_media":2600,"comment_status":"open","ping_status":"closed","template":"","meta":{"_joinchat":[]},"product_brand":[],"product_cat":[15],"product_tag":[],"class_list":{"0":"post-2597","1":"product","2":"type-product","3":"status-publish","4":"has-post-thumbnail","6":"product_cat-sin-categorizar","8":"first","9":"instock","10":"shipping-taxable","11":"product-type-simple"},"yoast_head":"<!-- This site is optimized with the Yoast SEO plugin v26.4 - https:\/\/yoast.com\/wordpress\/plugins\/seo\/ -->\n<title>registrador de datos de temperatura de 175 canales testo 2 t2 con ntc dual - Abaa tienda online<\/title>\n<meta name=\"robots\" content=\"index, follow, max-snippet:-1, max-image-preview:large, max-video-preview:-1\" \/>\n<link rel=\"canonical\" href=\"https:\/\/abaa.mx\/tienda\/registrador-de-datos-de-temperatura-de-175-canales-testo-2-t2-con-ntc-dual\/\" \/>\n<meta property=\"og:locale\" content=\"es_MX\" \/>\n<meta property=\"og:type\" content=\"article\" \/>\n<meta property=\"og:title\" content=\"registrador de datos de temperatura de 175 canales testo 2 t2 con ntc dual - Abaa tienda online\" \/>\n<meta property=\"og:description\" content=\"Dise\u00f1ado por expertos para monitorear y documentar la temperatura del aire en salas refrigeradas y de congelaci\u00f3n, as\u00ed como para registrar la temperatura de los productos. El testo 175 T2 tiene una entrada de sensor externo (NTC) con la que, por ejemplo, utilizando sondas de alimentos permitidas, puede medir la temperatura central de los productos o entre el embalaje de productos envasados y congelados.  Como todos los registradores de datos Testo para aplicaciones en el sector alimentario, el testo 175 T2 est\u00e1 probado seg\u00fan DIN EN 12830 por la secci\u00f3n de pruebas ATP del T\u00dcV ST\u00fcd.\" \/>\n<meta property=\"og:url\" content=\"https:\/\/abaa.mx\/tienda\/registrador-de-datos-de-temperatura-de-175-canales-testo-2-t2-con-ntc-dual\/\" \/>\n<meta property=\"og:site_name\" content=\"Abaa tienda online\" \/>\n<meta property=\"article:modified_time\" content=\"2023-09-22T15:26:47+00:00\" \/>\n<meta property=\"og:image\" content=\"https:\/\/abaa.mx\/tienda\/wp-content\/uploads\/2023\/09\/175-T2.jpg\" \/>\n\t<meta property=\"og:image:width\" content=\"270\" \/>\n\t<meta property=\"og:image:height\" content=\"411\" \/>\n\t<meta property=\"og:image:type\" content=\"image\/jpeg\" \/>\n<meta name=\"twitter:card\" content=\"summary_large_image\" \/>\n<meta name=\"twitter:label1\" content=\"Tiempo de lectura\" \/>\n\t<meta name=\"twitter:data1\" content=\"1 minuto\" \/>\n<script type=\"application\/ld+json\" class=\"yoast-schema-graph\">{\"@context\":\"https:\/\/schema.org\",\"@graph\":[{\"@type\":\"WebPage\",\"@id\":\"https:\/\/abaa.mx\/tienda\/registrador-de-datos-de-temperatura-de-175-canales-testo-2-t2-con-ntc-dual\/\",\"url\":\"https:\/\/abaa.mx\/tienda\/registrador-de-datos-de-temperatura-de-175-canales-testo-2-t2-con-ntc-dual\/\",\"name\":\"registrador de datos de temperatura de 175 canales testo 2 t2 con ntc dual - Abaa tienda online\",\"isPartOf\":{\"@id\":\"https:\/\/abaa.mx\/tienda\/#website\"},\"primaryImageOfPage\":{\"@id\":\"https:\/\/abaa.mx\/tienda\/registrador-de-datos-de-temperatura-de-175-canales-testo-2-t2-con-ntc-dual\/#primaryimage\"},\"image\":{\"@id\":\"https:\/\/abaa.mx\/tienda\/registrador-de-datos-de-temperatura-de-175-canales-testo-2-t2-con-ntc-dual\/#primaryimage\"},\"thumbnailUrl\":\"https:\/\/abaa.mx\/tienda\/wp-content\/uploads\/2023\/09\/175-T2.jpg\",\"datePublished\":\"2023-09-22T15:26:46+00:00\",\"dateModified\":\"2023-09-22T15:26:47+00:00\",\"breadcrumb\":{\"@id\":\"https:\/\/abaa.mx\/tienda\/registrador-de-datos-de-temperatura-de-175-canales-testo-2-t2-con-ntc-dual\/#breadcrumb\"},\"inLanguage\":\"es\",\"potentialAction\":[{\"@type\":\"ReadAction\",\"target\":[\"https:\/\/abaa.mx\/tienda\/registrador-de-datos-de-temperatura-de-175-canales-testo-2-t2-con-ntc-dual\/\"]}]},{\"@type\":\"ImageObject\",\"inLanguage\":\"es\",\"@id\":\"https:\/\/abaa.mx\/tienda\/registrador-de-datos-de-temperatura-de-175-canales-testo-2-t2-con-ntc-dual\/#primaryimage\",\"url\":\"https:\/\/abaa.mx\/tienda\/wp-content\/uploads\/2023\/09\/175-T2.jpg\",\"contentUrl\":\"https:\/\/abaa.mx\/tienda\/wp-content\/uploads\/2023\/09\/175-T2.jpg\",\"width\":270,\"height\":411,\"caption\":\"175 T2\"},{\"@type\":\"BreadcrumbList\",\"@id\":\"https:\/\/abaa.mx\/tienda\/registrador-de-datos-de-temperatura-de-175-canales-testo-2-t2-con-ntc-dual\/#breadcrumb\",\"itemListElement\":[{\"@type\":\"ListItem\",\"position\":1,\"name\":\"Inicio\",\"item\":\"https:\/\/abaa.mx\/tienda\/\"},{\"@type\":\"ListItem\",\"position\":2,\"name\":\"Tienda\",\"item\":\"https:\/\/abaa.mx\/tienda\/\"},{\"@type\":\"ListItem\",\"position\":3,\"name\":\"registrador de datos de temperatura de 175 canales testo 2 t2 con ntc dual\"}]},{\"@type\":\"WebSite\",\"@id\":\"https:\/\/abaa.mx\/tienda\/#website\",\"url\":\"https:\/\/abaa.mx\/tienda\/\",\"name\":\"Abaa tienda online\",\"description\":\"Instrumentos de medici\u00f3n\",\"publisher\":{\"@id\":\"https:\/\/abaa.mx\/tienda\/#organization\"},\"potentialAction\":[{\"@type\":\"SearchAction\",\"target\":{\"@type\":\"EntryPoint\",\"urlTemplate\":\"https:\/\/abaa.mx\/tienda\/?s={search_term_string}\"},\"query-input\":{\"@type\":\"PropertyValueSpecification\",\"valueRequired\":true,\"valueName\":\"search_term_string\"}}],\"inLanguage\":\"es\"},{\"@type\":\"Organization\",\"@id\":\"https:\/\/abaa.mx\/tienda\/#organization\",\"name\":\"Abaa tienda online\",\"url\":\"https:\/\/abaa.mx\/tienda\/\",\"logo\":{\"@type\":\"ImageObject\",\"inLanguage\":\"es\",\"@id\":\"https:\/\/abaa.mx\/tienda\/#\/schema\/logo\/image\/\",\"url\":\"https:\/\/abaa.mx\/tienda\/wp-content\/uploads\/2024\/01\/abaa-metrologia-tienda.png\",\"contentUrl\":\"https:\/\/abaa.mx\/tienda\/wp-content\/uploads\/2024\/01\/abaa-metrologia-tienda.png\",\"width\":300,\"height\":141,\"caption\":\"Abaa tienda online\"},\"image\":{\"@id\":\"https:\/\/abaa.mx\/tienda\/#\/schema\/logo\/image\/\"}}]}<\/script>\n<!-- \/ Yoast SEO plugin. -->","yoast_head_json":{"title":"registrador de datos de temperatura de 175 canales testo 2 t2 con ntc dual - Abaa tienda online","robots":{"index":"index","follow":"follow","max-snippet":"max-snippet:-1","max-image-preview":"max-image-preview:large","max-video-preview":"max-video-preview:-1"},"canonical":"https:\/\/abaa.mx\/tienda\/registrador-de-datos-de-temperatura-de-175-canales-testo-2-t2-con-ntc-dual\/","og_locale":"es_MX","og_type":"article","og_title":"registrador de datos de temperatura de 175 canales testo 2 t2 con ntc dual - Abaa tienda online","og_description":"Dise\u00f1ado por expertos para monitorear y documentar la temperatura del aire en salas refrigeradas y de congelaci\u00f3n, as\u00ed como para registrar la temperatura de los productos. El testo 175 T2 tiene una entrada de sensor externo (NTC) con la que, por ejemplo, utilizando sondas de alimentos permitidas, puede medir la temperatura central de los productos o entre el embalaje de productos envasados y congelados.  Como todos los registradores de datos Testo para aplicaciones en el sector alimentario, el testo 175 T2 est\u00e1 probado seg\u00fan DIN EN 12830 por la secci\u00f3n de pruebas ATP del T\u00dcV ST\u00fcd.","og_url":"https:\/\/abaa.mx\/tienda\/registrador-de-datos-de-temperatura-de-175-canales-testo-2-t2-con-ntc-dual\/","og_site_name":"Abaa tienda online","article_modified_time":"2023-09-22T15:26:47+00:00","og_image":[{"width":270,"height":411,"url":"https:\/\/abaa.mx\/tienda\/wp-content\/uploads\/2023\/09\/175-T2.jpg","type":"image\/jpeg"}],"twitter_card":"summary_large_image","twitter_misc":{"Tiempo de lectura":"1 minuto"},"schema":{"@context":"https:\/\/schema.org","@graph":[{"@type":"WebPage","@id":"https:\/\/abaa.mx\/tienda\/registrador-de-datos-de-temperatura-de-175-canales-testo-2-t2-con-ntc-dual\/","url":"https:\/\/abaa.mx\/tienda\/registrador-de-datos-de-temperatura-de-175-canales-testo-2-t2-con-ntc-dual\/","name":"registrador de datos de temperatura de 175 canales testo 2 t2 con ntc dual - Abaa tienda online","isPartOf":{"@id":"https:\/\/abaa.mx\/tienda\/#website"},"primaryImageOfPage":{"@id":"https:\/\/abaa.mx\/tienda\/registrador-de-datos-de-temperatura-de-175-canales-testo-2-t2-con-ntc-dual\/#primaryimage"},"image":{"@id":"https:\/\/abaa.mx\/tienda\/registrador-de-datos-de-temperatura-de-175-canales-testo-2-t2-con-ntc-dual\/#primaryimage"},"thumbnailUrl":"https:\/\/abaa.mx\/tienda\/wp-content\/uploads\/2023\/09\/175-T2.jpg","datePublished":"2023-09-22T15:26:46+00:00","dateModified":"2023-09-22T15:26:47+00:00","breadcrumb":{"@id":"https:\/\/abaa.mx\/tienda\/registrador-de-datos-de-temperatura-de-175-canales-testo-2-t2-con-ntc-dual\/#breadcrumb"},"inLanguage":"es","potentialAction":[{"@type":"ReadAction","target":["https:\/\/abaa.mx\/tienda\/registrador-de-datos-de-temperatura-de-175-canales-testo-2-t2-con-ntc-dual\/"]}]},{"@type":"ImageObject","inLanguage":"es","@id":"https:\/\/abaa.mx\/tienda\/registrador-de-datos-de-temperatura-de-175-canales-testo-2-t2-con-ntc-dual\/#primaryimage","url":"https:\/\/abaa.mx\/tienda\/wp-content\/uploads\/2023\/09\/175-T2.jpg","contentUrl":"https:\/\/abaa.mx\/tienda\/wp-content\/uploads\/2023\/09\/175-T2.jpg","width":270,"height":411,"caption":"175 T2"},{"@type":"BreadcrumbList","@id":"https:\/\/abaa.mx\/tienda\/registrador-de-datos-de-temperatura-de-175-canales-testo-2-t2-con-ntc-dual\/#breadcrumb","itemListElement":[{"@type":"ListItem","position":1,"name":"Inicio","item":"https:\/\/abaa.mx\/tienda\/"},{"@type":"ListItem","position":2,"name":"Tienda","item":"https:\/\/abaa.mx\/tienda\/"},{"@type":"ListItem","position":3,"name":"registrador de datos de temperatura de 175 canales testo 2 t2 con ntc dual"}]},{"@type":"WebSite","@id":"https:\/\/abaa.mx\/tienda\/#website","url":"https:\/\/abaa.mx\/tienda\/","name":"Abaa tienda online","description":"Instrumentos de medici\u00f3n","publisher":{"@id":"https:\/\/abaa.mx\/tienda\/#organization"},"potentialAction":[{"@type":"SearchAction","target":{"@type":"EntryPoint","urlTemplate":"https:\/\/abaa.mx\/tienda\/?s={search_term_string}"},"query-input":{"@type":"PropertyValueSpecification","valueRequired":true,"valueName":"search_term_string"}}],"inLanguage":"es"},{"@type":"Organization","@id":"https:\/\/abaa.mx\/tienda\/#organization","name":"Abaa tienda online","url":"https:\/\/abaa.mx\/tienda\/","logo":{"@type":"ImageObject","inLanguage":"es","@id":"https:\/\/abaa.mx\/tienda\/#\/schema\/logo\/image\/","url":"https:\/\/abaa.mx\/tienda\/wp-content\/uploads\/2024\/01\/abaa-metrologia-tienda.png","contentUrl":"https:\/\/abaa.mx\/tienda\/wp-content\/uploads\/2024\/01\/abaa-metrologia-tienda.png","width":300,"height":141,"caption":"Abaa tienda online"},"image":{"@id":"https:\/\/abaa.mx\/tienda\/#\/schema\/logo\/image\/"}}]}},"_links":{"self":[{"href":"https:\/\/abaa.mx\/tienda\/wp-json\/wp\/v2\/product\/2597","targetHints":{"allow":["GET"]}}],"collection":[{"href":"https:\/\/abaa.mx\/tienda\/wp-json\/wp\/v2\/product"}],"about":[{"href":"https:\/\/abaa.mx\/tienda\/wp-json\/wp\/v2\/types\/product"}],"replies":[{"embeddable":true,"href":"https:\/\/abaa.mx\/tienda\/wp-json\/wp\/v2\/comments?post=2597"}],"wp:featuredmedia":[{"embeddable":true,"href":"https:\/\/abaa.mx\/tienda\/wp-json\/wp\/v2\/media\/2600"}],"wp:attachment":[{"href":"https:\/\/abaa.mx\/tienda\/wp-json\/wp\/v2\/media?parent=2597"}],"wp:term":[{"taxonomy":"product_brand","embeddable":true,"href":"https:\/\/abaa.mx\/tienda\/wp-json\/wp\/v2\/product_brand?post=2597"},{"taxonomy":"product_cat","embeddable":true,"href":"https:\/\/abaa.mx\/tienda\/wp-json\/wp\/v2\/product_cat?post=2597"},{"taxonomy":"product_tag","embeddable":true,"href":"https:\/\/abaa.mx\/tienda\/wp-json\/wp\/v2\/product_tag?post=2597"}],"curies":[{"name":"wp","href":"https:\/\/api.w.org\/{rel}","templated":true}]}}