{"id":2596,"date":"2023-09-22T15:29:16","date_gmt":"2023-09-22T15:29:16","guid":{"rendered":"https:\/\/abaa.mx\/tienda\/?post_type=product&#038;p=2596"},"modified":"2023-11-23T17:53:52","modified_gmt":"2023-11-23T17:53:52","slug":"registrador-de-datos-de-presion-temperatura-humedad-de-176-canales-testo-1-p5-con-ntc-externo","status":"publish","type":"product","link":"https:\/\/abaa.mx\/tienda\/registrador-de-datos-de-presion-temperatura-humedad-de-176-canales-testo-1-p5-con-ntc-externo\/","title":{"rendered":"Registrador de datos de presi\u00f3n-temperatura-humedad de 176 canales testo 1-p5 con ntc externo"},"content":{"rendered":"<p>El testo 176 P1 es el registrador de datos adecuado cuando las condiciones ambientales deben documentarse con precisi\u00f3n. Tiene un sensor de presi\u00f3n absoluta interno y conexiones de sensor externo (NTC \/ sensor de humedad capacitivo).<\/p>\n<p><strong>Funciones<\/strong><\/p>\n<ul>\n<li>Gran memoria para 2 millones de valores de medici\u00f3n<\/li>\n<li>Hasta 3 a\u00f1os de duraci\u00f3n de la bater\u00eda<\/li>\n<li>Bater\u00eda est\u00e1ndar (AA) reemplazable por el usuario<\/li>\n<li>Pantalla grande y f\u00e1cil de leer<\/li>\n<\/ul>\n<h4>Testo 176-P1 Datos t\u00e9cnicos<\/h4>\n<table class=\"table table-striped\">\n<tbody>\n<tr>\n<td>Memoria<\/td>\n<td>2.000.000 de valores<\/td>\n<\/tr>\n<tr>\n<td>Temperatura de almacenamiento<\/td>\n<td>-40 hasta +85 \u00b0C<\/td>\n<\/tr>\n<tr>\n<td>Temperatura de funcionamiento<\/td>\n<td>-20 hasta +70 \u00b0C<\/td>\n<\/tr>\n<tr>\n<td>Dimensiones<\/td>\n<td>103 x 63 x 33 mm<\/td>\n<\/tr>\n<tr>\n<th colspan=\"2\">\n<h5>NTC<\/h5>\n<\/th>\n<\/tr>\n<tr>\n<td>Rango de medici\u00f3n<\/td>\n<td>-20 hasta +70 \u00b0C<\/td>\n<\/tr>\n<tr>\n<td>Exactitud<\/td>\n<td>\u00b10,2 \u00b0C (-20 a +70 \u00b0C)\u00b10,4 \u00b0C (rango restante)<\/td>\n<\/tr>\n<tr>\n<td>Resoluci\u00f3n<\/td>\n<td>0.1 \u00b0C<\/td>\n<\/tr>\n<tr>\n<th colspan=\"2\">\n<h5>Humedad<\/h5>\n<\/th>\n<\/tr>\n<tr>\n<td>Rango de medici\u00f3n<\/td>\n<td>0 a 100 % HR<\/td>\n<\/tr>\n<tr>\n<td>Resoluci\u00f3n<\/td>\n<td>0,1 %HR<\/td>\n<\/tr>\n<tr>\n<th colspan=\"2\">\n<h5>Sonda de presi\u00f3n<\/h5>\n<\/th>\n<\/tr>\n<tr>\n<td>Rango de medici\u00f3n<\/td>\n<td>600 a 1100 mbar<\/td>\n<\/tr>\n<tr>\n<td>Exactitud<\/td>\n<td>\u00b13 mbar (0 a +50 \u00b0C)<\/td>\n<\/tr>\n<tr>\n<td>Resoluci\u00f3n<\/td>\n<td>1 mbar<\/td>\n<\/tr>\n<\/tbody>\n<\/table>\n","protected":false},"excerpt":{"rendered":"<p>El testo 176 P1 es el registrador de datos adecuado cuando las condiciones ambientales deben documentarse con precisi\u00f3n. Tiene un sensor de presi\u00f3n absoluta interno y conexiones de sensor externo (NTC \/ sensor de humedad capacitivo).<\/p>\n","protected":false},"featured_media":2601,"comment_status":"open","ping_status":"closed","template":"","meta":{"_joinchat":[]},"product_brand":[],"product_cat":[15],"product_tag":[],"class_list":{"0":"post-2596","1":"product","2":"type-product","3":"status-publish","4":"has-post-thumbnail","6":"product_cat-sin-categorizar","8":"first","9":"instock","10":"shipping-taxable","11":"product-type-simple"},"yoast_head":"<!-- This site is optimized with the Yoast SEO plugin v26.4 - https:\/\/yoast.com\/wordpress\/plugins\/seo\/ -->\n<title>Registrador de datos de presi\u00f3n-temperatura-humedad de 176 canales testo 1-p5 con ntc externo - Abaa tienda online<\/title>\n<meta name=\"robots\" content=\"index, follow, max-snippet:-1, max-image-preview:large, max-video-preview:-1\" \/>\n<link rel=\"canonical\" href=\"https:\/\/abaa.mx\/tienda\/registrador-de-datos-de-presion-temperatura-humedad-de-176-canales-testo-1-p5-con-ntc-externo\/\" \/>\n<meta property=\"og:locale\" content=\"es_MX\" \/>\n<meta property=\"og:type\" content=\"article\" \/>\n<meta property=\"og:title\" content=\"Registrador de datos de presi\u00f3n-temperatura-humedad de 176 canales testo 1-p5 con ntc externo - Abaa tienda online\" \/>\n<meta property=\"og:description\" content=\"El testo 176 P1 es el registrador de datos adecuado cuando las condiciones ambientales deben documentarse con precisi\u00f3n. Tiene un sensor de presi\u00f3n absoluta interno y conexiones de sensor externo (NTC \/ sensor de humedad capacitivo).\" \/>\n<meta property=\"og:url\" content=\"https:\/\/abaa.mx\/tienda\/registrador-de-datos-de-presion-temperatura-humedad-de-176-canales-testo-1-p5-con-ntc-externo\/\" \/>\n<meta property=\"og:site_name\" content=\"Abaa tienda online\" \/>\n<meta property=\"article:modified_time\" content=\"2023-11-23T17:53:52+00:00\" \/>\n<meta property=\"og:image\" content=\"https:\/\/abaa.mx\/tienda\/wp-content\/uploads\/2023\/09\/176-P1.jpg\" \/>\n\t<meta property=\"og:image:width\" content=\"270\" \/>\n\t<meta property=\"og:image:height\" content=\"331\" \/>\n\t<meta property=\"og:image:type\" content=\"image\/jpeg\" \/>\n<meta name=\"twitter:card\" content=\"summary_large_image\" \/>\n<meta name=\"twitter:label1\" content=\"Tiempo de lectura\" \/>\n\t<meta name=\"twitter:data1\" content=\"1 minuto\" \/>\n<script type=\"application\/ld+json\" class=\"yoast-schema-graph\">{\"@context\":\"https:\/\/schema.org\",\"@graph\":[{\"@type\":\"WebPage\",\"@id\":\"https:\/\/abaa.mx\/tienda\/registrador-de-datos-de-presion-temperatura-humedad-de-176-canales-testo-1-p5-con-ntc-externo\/\",\"url\":\"https:\/\/abaa.mx\/tienda\/registrador-de-datos-de-presion-temperatura-humedad-de-176-canales-testo-1-p5-con-ntc-externo\/\",\"name\":\"Registrador de datos de presi\u00f3n-temperatura-humedad de 176 canales testo 1-p5 con ntc externo - Abaa tienda online\",\"isPartOf\":{\"@id\":\"https:\/\/abaa.mx\/tienda\/#website\"},\"primaryImageOfPage\":{\"@id\":\"https:\/\/abaa.mx\/tienda\/registrador-de-datos-de-presion-temperatura-humedad-de-176-canales-testo-1-p5-con-ntc-externo\/#primaryimage\"},\"image\":{\"@id\":\"https:\/\/abaa.mx\/tienda\/registrador-de-datos-de-presion-temperatura-humedad-de-176-canales-testo-1-p5-con-ntc-externo\/#primaryimage\"},\"thumbnailUrl\":\"https:\/\/abaa.mx\/tienda\/wp-content\/uploads\/2023\/09\/176-P1.jpg\",\"datePublished\":\"2023-09-22T15:29:16+00:00\",\"dateModified\":\"2023-11-23T17:53:52+00:00\",\"breadcrumb\":{\"@id\":\"https:\/\/abaa.mx\/tienda\/registrador-de-datos-de-presion-temperatura-humedad-de-176-canales-testo-1-p5-con-ntc-externo\/#breadcrumb\"},\"inLanguage\":\"es\",\"potentialAction\":[{\"@type\":\"ReadAction\",\"target\":[\"https:\/\/abaa.mx\/tienda\/registrador-de-datos-de-presion-temperatura-humedad-de-176-canales-testo-1-p5-con-ntc-externo\/\"]}]},{\"@type\":\"ImageObject\",\"inLanguage\":\"es\",\"@id\":\"https:\/\/abaa.mx\/tienda\/registrador-de-datos-de-presion-temperatura-humedad-de-176-canales-testo-1-p5-con-ntc-externo\/#primaryimage\",\"url\":\"https:\/\/abaa.mx\/tienda\/wp-content\/uploads\/2023\/09\/176-P1.jpg\",\"contentUrl\":\"https:\/\/abaa.mx\/tienda\/wp-content\/uploads\/2023\/09\/176-P1.jpg\",\"width\":270,\"height\":331,\"caption\":\"176 P1\"},{\"@type\":\"BreadcrumbList\",\"@id\":\"https:\/\/abaa.mx\/tienda\/registrador-de-datos-de-presion-temperatura-humedad-de-176-canales-testo-1-p5-con-ntc-externo\/#breadcrumb\",\"itemListElement\":[{\"@type\":\"ListItem\",\"position\":1,\"name\":\"Inicio\",\"item\":\"https:\/\/abaa.mx\/tienda\/\"},{\"@type\":\"ListItem\",\"position\":2,\"name\":\"Tienda\",\"item\":\"https:\/\/abaa.mx\/tienda\/\"},{\"@type\":\"ListItem\",\"position\":3,\"name\":\"Registrador de datos de presi\u00f3n-temperatura-humedad de 176 canales testo 1-p5 con ntc externo\"}]},{\"@type\":\"WebSite\",\"@id\":\"https:\/\/abaa.mx\/tienda\/#website\",\"url\":\"https:\/\/abaa.mx\/tienda\/\",\"name\":\"Abaa tienda online\",\"description\":\"Instrumentos de medici\u00f3n\",\"publisher\":{\"@id\":\"https:\/\/abaa.mx\/tienda\/#organization\"},\"potentialAction\":[{\"@type\":\"SearchAction\",\"target\":{\"@type\":\"EntryPoint\",\"urlTemplate\":\"https:\/\/abaa.mx\/tienda\/?s={search_term_string}\"},\"query-input\":{\"@type\":\"PropertyValueSpecification\",\"valueRequired\":true,\"valueName\":\"search_term_string\"}}],\"inLanguage\":\"es\"},{\"@type\":\"Organization\",\"@id\":\"https:\/\/abaa.mx\/tienda\/#organization\",\"name\":\"Abaa tienda online\",\"url\":\"https:\/\/abaa.mx\/tienda\/\",\"logo\":{\"@type\":\"ImageObject\",\"inLanguage\":\"es\",\"@id\":\"https:\/\/abaa.mx\/tienda\/#\/schema\/logo\/image\/\",\"url\":\"https:\/\/abaa.mx\/tienda\/wp-content\/uploads\/2024\/01\/abaa-metrologia-tienda.png\",\"contentUrl\":\"https:\/\/abaa.mx\/tienda\/wp-content\/uploads\/2024\/01\/abaa-metrologia-tienda.png\",\"width\":300,\"height\":141,\"caption\":\"Abaa tienda online\"},\"image\":{\"@id\":\"https:\/\/abaa.mx\/tienda\/#\/schema\/logo\/image\/\"}}]}<\/script>\n<!-- \/ Yoast SEO plugin. -->","yoast_head_json":{"title":"Registrador de datos de presi\u00f3n-temperatura-humedad de 176 canales testo 1-p5 con ntc externo - Abaa tienda online","robots":{"index":"index","follow":"follow","max-snippet":"max-snippet:-1","max-image-preview":"max-image-preview:large","max-video-preview":"max-video-preview:-1"},"canonical":"https:\/\/abaa.mx\/tienda\/registrador-de-datos-de-presion-temperatura-humedad-de-176-canales-testo-1-p5-con-ntc-externo\/","og_locale":"es_MX","og_type":"article","og_title":"Registrador de datos de presi\u00f3n-temperatura-humedad de 176 canales testo 1-p5 con ntc externo - Abaa tienda online","og_description":"El testo 176 P1 es el registrador de datos adecuado cuando las condiciones ambientales deben documentarse con precisi\u00f3n. Tiene un sensor de presi\u00f3n absoluta interno y conexiones de sensor externo (NTC \/ sensor de humedad capacitivo).","og_url":"https:\/\/abaa.mx\/tienda\/registrador-de-datos-de-presion-temperatura-humedad-de-176-canales-testo-1-p5-con-ntc-externo\/","og_site_name":"Abaa tienda online","article_modified_time":"2023-11-23T17:53:52+00:00","og_image":[{"width":270,"height":331,"url":"https:\/\/abaa.mx\/tienda\/wp-content\/uploads\/2023\/09\/176-P1.jpg","type":"image\/jpeg"}],"twitter_card":"summary_large_image","twitter_misc":{"Tiempo de lectura":"1 minuto"},"schema":{"@context":"https:\/\/schema.org","@graph":[{"@type":"WebPage","@id":"https:\/\/abaa.mx\/tienda\/registrador-de-datos-de-presion-temperatura-humedad-de-176-canales-testo-1-p5-con-ntc-externo\/","url":"https:\/\/abaa.mx\/tienda\/registrador-de-datos-de-presion-temperatura-humedad-de-176-canales-testo-1-p5-con-ntc-externo\/","name":"Registrador de datos de presi\u00f3n-temperatura-humedad de 176 canales testo 1-p5 con ntc externo - Abaa tienda online","isPartOf":{"@id":"https:\/\/abaa.mx\/tienda\/#website"},"primaryImageOfPage":{"@id":"https:\/\/abaa.mx\/tienda\/registrador-de-datos-de-presion-temperatura-humedad-de-176-canales-testo-1-p5-con-ntc-externo\/#primaryimage"},"image":{"@id":"https:\/\/abaa.mx\/tienda\/registrador-de-datos-de-presion-temperatura-humedad-de-176-canales-testo-1-p5-con-ntc-externo\/#primaryimage"},"thumbnailUrl":"https:\/\/abaa.mx\/tienda\/wp-content\/uploads\/2023\/09\/176-P1.jpg","datePublished":"2023-09-22T15:29:16+00:00","dateModified":"2023-11-23T17:53:52+00:00","breadcrumb":{"@id":"https:\/\/abaa.mx\/tienda\/registrador-de-datos-de-presion-temperatura-humedad-de-176-canales-testo-1-p5-con-ntc-externo\/#breadcrumb"},"inLanguage":"es","potentialAction":[{"@type":"ReadAction","target":["https:\/\/abaa.mx\/tienda\/registrador-de-datos-de-presion-temperatura-humedad-de-176-canales-testo-1-p5-con-ntc-externo\/"]}]},{"@type":"ImageObject","inLanguage":"es","@id":"https:\/\/abaa.mx\/tienda\/registrador-de-datos-de-presion-temperatura-humedad-de-176-canales-testo-1-p5-con-ntc-externo\/#primaryimage","url":"https:\/\/abaa.mx\/tienda\/wp-content\/uploads\/2023\/09\/176-P1.jpg","contentUrl":"https:\/\/abaa.mx\/tienda\/wp-content\/uploads\/2023\/09\/176-P1.jpg","width":270,"height":331,"caption":"176 P1"},{"@type":"BreadcrumbList","@id":"https:\/\/abaa.mx\/tienda\/registrador-de-datos-de-presion-temperatura-humedad-de-176-canales-testo-1-p5-con-ntc-externo\/#breadcrumb","itemListElement":[{"@type":"ListItem","position":1,"name":"Inicio","item":"https:\/\/abaa.mx\/tienda\/"},{"@type":"ListItem","position":2,"name":"Tienda","item":"https:\/\/abaa.mx\/tienda\/"},{"@type":"ListItem","position":3,"name":"Registrador de datos de presi\u00f3n-temperatura-humedad de 176 canales testo 1-p5 con ntc externo"}]},{"@type":"WebSite","@id":"https:\/\/abaa.mx\/tienda\/#website","url":"https:\/\/abaa.mx\/tienda\/","name":"Abaa tienda online","description":"Instrumentos de medici\u00f3n","publisher":{"@id":"https:\/\/abaa.mx\/tienda\/#organization"},"potentialAction":[{"@type":"SearchAction","target":{"@type":"EntryPoint","urlTemplate":"https:\/\/abaa.mx\/tienda\/?s={search_term_string}"},"query-input":{"@type":"PropertyValueSpecification","valueRequired":true,"valueName":"search_term_string"}}],"inLanguage":"es"},{"@type":"Organization","@id":"https:\/\/abaa.mx\/tienda\/#organization","name":"Abaa tienda online","url":"https:\/\/abaa.mx\/tienda\/","logo":{"@type":"ImageObject","inLanguage":"es","@id":"https:\/\/abaa.mx\/tienda\/#\/schema\/logo\/image\/","url":"https:\/\/abaa.mx\/tienda\/wp-content\/uploads\/2024\/01\/abaa-metrologia-tienda.png","contentUrl":"https:\/\/abaa.mx\/tienda\/wp-content\/uploads\/2024\/01\/abaa-metrologia-tienda.png","width":300,"height":141,"caption":"Abaa tienda online"},"image":{"@id":"https:\/\/abaa.mx\/tienda\/#\/schema\/logo\/image\/"}}]}},"_links":{"self":[{"href":"https:\/\/abaa.mx\/tienda\/wp-json\/wp\/v2\/product\/2596","targetHints":{"allow":["GET"]}}],"collection":[{"href":"https:\/\/abaa.mx\/tienda\/wp-json\/wp\/v2\/product"}],"about":[{"href":"https:\/\/abaa.mx\/tienda\/wp-json\/wp\/v2\/types\/product"}],"replies":[{"embeddable":true,"href":"https:\/\/abaa.mx\/tienda\/wp-json\/wp\/v2\/comments?post=2596"}],"wp:featuredmedia":[{"embeddable":true,"href":"https:\/\/abaa.mx\/tienda\/wp-json\/wp\/v2\/media\/2601"}],"wp:attachment":[{"href":"https:\/\/abaa.mx\/tienda\/wp-json\/wp\/v2\/media?parent=2596"}],"wp:term":[{"taxonomy":"product_brand","embeddable":true,"href":"https:\/\/abaa.mx\/tienda\/wp-json\/wp\/v2\/product_brand?post=2596"},{"taxonomy":"product_cat","embeddable":true,"href":"https:\/\/abaa.mx\/tienda\/wp-json\/wp\/v2\/product_cat?post=2596"},{"taxonomy":"product_tag","embeddable":true,"href":"https:\/\/abaa.mx\/tienda\/wp-json\/wp\/v2\/product_tag?post=2596"}],"curies":[{"name":"wp","href":"https:\/\/api.w.org\/{rel}","templated":true}]}}