{"id":2582,"date":"2023-11-24T18:00:01","date_gmt":"2023-11-24T18:00:01","guid":{"rendered":"https:\/\/abaa.mx\/tienda\/?post_type=product&#038;p=2582"},"modified":"2023-11-24T18:00:02","modified_gmt":"2023-11-24T18:00:02","slug":"alcoholimetro-de-pared-para-control-de-accesos-st-010","status":"publish","type":"product","link":"https:\/\/abaa.mx\/tienda\/alcoholimetro-de-pared-para-control-de-accesos-st-010\/","title":{"rendered":"Alcohol\u00edmetro de Pared para Control de Accesos ST-010"},"content":{"rendered":"<p>Alcohol\u00edmetro de Pared para Control de Accesos ST-010.<\/p>\n","protected":false},"excerpt":{"rendered":"<p>ALCOSCAN ST-010 (Sistema de alcohol\u00edmetro de entrada) es el alcohol\u00edmetro con sensor de alcohol de celda de combustible para el bloqueo de puertas. La gente que deseen entrar al interior deber\u00e1n realizar una prueba de concentraci\u00f3n de alcohol y el bloqueo de la puerta controlado seg\u00fan el resultado del an\u00e1lisis.<\/p>\n<div class=\"pr_info_title\">\n<p><strong>ESPECIFICACIONES:<\/strong><\/p>\n<\/div>\n<div class=\"scrollable-wrapper\">\n<table class=\"pr_info_table2\">\n<tbody>\n<tr>\n<th>Indicaci\u00f3n de BAC<\/th>\n<td>APROBADO: indica l\u00e1mpara verde<br \/>\nFALLO: indica l\u00e1mpara roja<br \/>\n(el nivel de APROBADO puede ser ajustable)<\/td>\n<\/tr>\n<tr>\n<th>Sensor<\/th>\n<td>Sensor de alcohol tipo pila de combustible reemplazable<\/td>\n<\/tr>\n<tr>\n<th>Exactitud<\/th>\n<td>\u00b110% a 0,500 g\/L<\/td>\n<\/tr>\n<tr>\n<th>Boquilla<\/th>\n<td>No hay necesidad de usar<\/td>\n<\/tr>\n<tr>\n<th>Fuerza<\/th>\n<td>CC 12 V 1,5 A<\/td>\n<\/tr>\n<tr>\n<th>Condiciones ambientales<\/th>\n<td>Almacenamiento: 0 a 50 \u2103 \/ Operaci\u00f3n: 5 a 40 \u2103<\/td>\n<\/tr>\n<tr>\n<th>Pesos<\/th>\n<td>674g<\/td>\n<\/tr>\n<tr>\n<th>Dimensi\u00f3n (mm)<\/th>\n<td>206 (alto) \u00d7 108 (ancho) \u00d7 37 (grosor) mm<\/td>\n<\/tr>\n<\/tbody>\n<\/table>\n<\/div>\n","protected":false},"featured_media":9296,"comment_status":"open","ping_status":"closed","template":"","meta":{"_joinchat":[]},"product_brand":[],"product_cat":[85],"product_tag":[],"class_list":{"0":"post-2582","1":"product","2":"type-product","3":"status-publish","4":"has-post-thumbnail","6":"product_cat-alcoholimetros","8":"first","9":"instock","10":"shipping-taxable","11":"product-type-simple"},"yoast_head":"<!-- This site is optimized with the Yoast SEO plugin v26.4 - https:\/\/yoast.com\/wordpress\/plugins\/seo\/ -->\n<title>Alcohol\u00edmetro de Pared para Control de Accesos ST-010 - Abaa tienda online<\/title>\n<meta name=\"robots\" content=\"index, follow, max-snippet:-1, max-image-preview:large, max-video-preview:-1\" \/>\n<link rel=\"canonical\" href=\"https:\/\/abaa.mx\/tienda\/alcoholimetro-de-pared-para-control-de-accesos-st-010\/\" \/>\n<meta property=\"og:locale\" content=\"es_MX\" \/>\n<meta property=\"og:type\" content=\"article\" \/>\n<meta property=\"og:title\" content=\"Alcohol\u00edmetro de Pared para Control de Accesos ST-010 - Abaa tienda online\" \/>\n<meta property=\"og:description\" content=\"ALCOSCAN ST-010 (Sistema de alcohol\u00edmetro de entrada) es el alcohol\u00edmetro con sensor de alcohol de celda de combustible para el bloqueo de puertas. La gente que deseen entrar al interior deber\u00e1n realizar una prueba de concentraci\u00f3n de alcohol y el bloqueo de la puerta controlado seg\u00fan el resultado del an\u00e1lisis.   ESPECIFICACIONES:       Indicaci\u00f3n de BAC APROBADO: indica l\u00e1mpara verde FALLO: indica l\u00e1mpara roja (el nivel de APROBADO puede ser ajustable)   Sensor Sensor de alcohol tipo pila de combustible reemplazable   Exactitud \u00b110% a 0,500 g\/L   Boquilla No hay necesidad de usar   Fuerza CC 12 V 1,5 A   Condiciones ambientales Almacenamiento: 0 a 50 \u2103 \/ Operaci\u00f3n: 5 a 40 \u2103   Pesos 674g   Dimensi\u00f3n (mm) 206 (alto) \u00d7 108 (ancho) \u00d7 37 (grosor) mm\" \/>\n<meta property=\"og:url\" content=\"https:\/\/abaa.mx\/tienda\/alcoholimetro-de-pared-para-control-de-accesos-st-010\/\" \/>\n<meta property=\"og:site_name\" content=\"Abaa tienda online\" \/>\n<meta property=\"article:modified_time\" content=\"2023-11-24T18:00:02+00:00\" \/>\n<meta property=\"og:image\" content=\"https:\/\/abaa.mx\/tienda\/wp-content\/uploads\/2023\/11\/ALFAMETRIC-ST-010.jpg\" \/>\n\t<meta property=\"og:image:width\" content=\"343\" \/>\n\t<meta property=\"og:image:height\" content=\"419\" \/>\n\t<meta property=\"og:image:type\" content=\"image\/jpeg\" \/>\n<meta name=\"twitter:card\" content=\"summary_large_image\" \/>\n<meta name=\"twitter:label1\" content=\"Tiempo de lectura\" \/>\n\t<meta name=\"twitter:data1\" content=\"1 minuto\" \/>\n<script type=\"application\/ld+json\" class=\"yoast-schema-graph\">{\"@context\":\"https:\/\/schema.org\",\"@graph\":[{\"@type\":\"WebPage\",\"@id\":\"https:\/\/abaa.mx\/tienda\/alcoholimetro-de-pared-para-control-de-accesos-st-010\/\",\"url\":\"https:\/\/abaa.mx\/tienda\/alcoholimetro-de-pared-para-control-de-accesos-st-010\/\",\"name\":\"Alcohol\u00edmetro de Pared para Control de Accesos ST-010 - Abaa tienda online\",\"isPartOf\":{\"@id\":\"https:\/\/abaa.mx\/tienda\/#website\"},\"primaryImageOfPage\":{\"@id\":\"https:\/\/abaa.mx\/tienda\/alcoholimetro-de-pared-para-control-de-accesos-st-010\/#primaryimage\"},\"image\":{\"@id\":\"https:\/\/abaa.mx\/tienda\/alcoholimetro-de-pared-para-control-de-accesos-st-010\/#primaryimage\"},\"thumbnailUrl\":\"https:\/\/abaa.mx\/tienda\/wp-content\/uploads\/2023\/11\/ALFAMETRIC-ST-010.jpg\",\"datePublished\":\"2023-11-24T18:00:01+00:00\",\"dateModified\":\"2023-11-24T18:00:02+00:00\",\"breadcrumb\":{\"@id\":\"https:\/\/abaa.mx\/tienda\/alcoholimetro-de-pared-para-control-de-accesos-st-010\/#breadcrumb\"},\"inLanguage\":\"es\",\"potentialAction\":[{\"@type\":\"ReadAction\",\"target\":[\"https:\/\/abaa.mx\/tienda\/alcoholimetro-de-pared-para-control-de-accesos-st-010\/\"]}]},{\"@type\":\"ImageObject\",\"inLanguage\":\"es\",\"@id\":\"https:\/\/abaa.mx\/tienda\/alcoholimetro-de-pared-para-control-de-accesos-st-010\/#primaryimage\",\"url\":\"https:\/\/abaa.mx\/tienda\/wp-content\/uploads\/2023\/11\/ALFAMETRIC-ST-010.jpg\",\"contentUrl\":\"https:\/\/abaa.mx\/tienda\/wp-content\/uploads\/2023\/11\/ALFAMETRIC-ST-010.jpg\",\"width\":343,\"height\":419,\"caption\":\"ALFAMETRIC-ST-010\"},{\"@type\":\"BreadcrumbList\",\"@id\":\"https:\/\/abaa.mx\/tienda\/alcoholimetro-de-pared-para-control-de-accesos-st-010\/#breadcrumb\",\"itemListElement\":[{\"@type\":\"ListItem\",\"position\":1,\"name\":\"Inicio\",\"item\":\"https:\/\/abaa.mx\/tienda\/\"},{\"@type\":\"ListItem\",\"position\":2,\"name\":\"Tienda\",\"item\":\"https:\/\/abaa.mx\/tienda\/\"},{\"@type\":\"ListItem\",\"position\":3,\"name\":\"Alcohol\u00edmetro de Pared para Control de Accesos ST-010\"}]},{\"@type\":\"WebSite\",\"@id\":\"https:\/\/abaa.mx\/tienda\/#website\",\"url\":\"https:\/\/abaa.mx\/tienda\/\",\"name\":\"Abaa tienda online\",\"description\":\"Instrumentos de medici\u00f3n\",\"publisher\":{\"@id\":\"https:\/\/abaa.mx\/tienda\/#organization\"},\"potentialAction\":[{\"@type\":\"SearchAction\",\"target\":{\"@type\":\"EntryPoint\",\"urlTemplate\":\"https:\/\/abaa.mx\/tienda\/?s={search_term_string}\"},\"query-input\":{\"@type\":\"PropertyValueSpecification\",\"valueRequired\":true,\"valueName\":\"search_term_string\"}}],\"inLanguage\":\"es\"},{\"@type\":\"Organization\",\"@id\":\"https:\/\/abaa.mx\/tienda\/#organization\",\"name\":\"Abaa tienda online\",\"url\":\"https:\/\/abaa.mx\/tienda\/\",\"logo\":{\"@type\":\"ImageObject\",\"inLanguage\":\"es\",\"@id\":\"https:\/\/abaa.mx\/tienda\/#\/schema\/logo\/image\/\",\"url\":\"https:\/\/abaa.mx\/tienda\/wp-content\/uploads\/2024\/01\/abaa-metrologia-tienda.png\",\"contentUrl\":\"https:\/\/abaa.mx\/tienda\/wp-content\/uploads\/2024\/01\/abaa-metrologia-tienda.png\",\"width\":300,\"height\":141,\"caption\":\"Abaa tienda online\"},\"image\":{\"@id\":\"https:\/\/abaa.mx\/tienda\/#\/schema\/logo\/image\/\"}}]}<\/script>\n<!-- \/ Yoast SEO plugin. -->","yoast_head_json":{"title":"Alcohol\u00edmetro de Pared para Control de Accesos ST-010 - Abaa tienda online","robots":{"index":"index","follow":"follow","max-snippet":"max-snippet:-1","max-image-preview":"max-image-preview:large","max-video-preview":"max-video-preview:-1"},"canonical":"https:\/\/abaa.mx\/tienda\/alcoholimetro-de-pared-para-control-de-accesos-st-010\/","og_locale":"es_MX","og_type":"article","og_title":"Alcohol\u00edmetro de Pared para Control de Accesos ST-010 - Abaa tienda online","og_description":"ALCOSCAN ST-010 (Sistema de alcohol\u00edmetro de entrada) es el alcohol\u00edmetro con sensor de alcohol de celda de combustible para el bloqueo de puertas. La gente que deseen entrar al interior deber\u00e1n realizar una prueba de concentraci\u00f3n de alcohol y el bloqueo de la puerta controlado seg\u00fan el resultado del an\u00e1lisis.   ESPECIFICACIONES:       Indicaci\u00f3n de BAC APROBADO: indica l\u00e1mpara verde FALLO: indica l\u00e1mpara roja (el nivel de APROBADO puede ser ajustable)   Sensor Sensor de alcohol tipo pila de combustible reemplazable   Exactitud \u00b110% a 0,500 g\/L   Boquilla No hay necesidad de usar   Fuerza CC 12 V 1,5 A   Condiciones ambientales Almacenamiento: 0 a 50 \u2103 \/ Operaci\u00f3n: 5 a 40 \u2103   Pesos 674g   Dimensi\u00f3n (mm) 206 (alto) \u00d7 108 (ancho) \u00d7 37 (grosor) mm","og_url":"https:\/\/abaa.mx\/tienda\/alcoholimetro-de-pared-para-control-de-accesos-st-010\/","og_site_name":"Abaa tienda online","article_modified_time":"2023-11-24T18:00:02+00:00","og_image":[{"width":343,"height":419,"url":"https:\/\/abaa.mx\/tienda\/wp-content\/uploads\/2023\/11\/ALFAMETRIC-ST-010.jpg","type":"image\/jpeg"}],"twitter_card":"summary_large_image","twitter_misc":{"Tiempo de lectura":"1 minuto"},"schema":{"@context":"https:\/\/schema.org","@graph":[{"@type":"WebPage","@id":"https:\/\/abaa.mx\/tienda\/alcoholimetro-de-pared-para-control-de-accesos-st-010\/","url":"https:\/\/abaa.mx\/tienda\/alcoholimetro-de-pared-para-control-de-accesos-st-010\/","name":"Alcohol\u00edmetro de Pared para Control de Accesos ST-010 - Abaa tienda online","isPartOf":{"@id":"https:\/\/abaa.mx\/tienda\/#website"},"primaryImageOfPage":{"@id":"https:\/\/abaa.mx\/tienda\/alcoholimetro-de-pared-para-control-de-accesos-st-010\/#primaryimage"},"image":{"@id":"https:\/\/abaa.mx\/tienda\/alcoholimetro-de-pared-para-control-de-accesos-st-010\/#primaryimage"},"thumbnailUrl":"https:\/\/abaa.mx\/tienda\/wp-content\/uploads\/2023\/11\/ALFAMETRIC-ST-010.jpg","datePublished":"2023-11-24T18:00:01+00:00","dateModified":"2023-11-24T18:00:02+00:00","breadcrumb":{"@id":"https:\/\/abaa.mx\/tienda\/alcoholimetro-de-pared-para-control-de-accesos-st-010\/#breadcrumb"},"inLanguage":"es","potentialAction":[{"@type":"ReadAction","target":["https:\/\/abaa.mx\/tienda\/alcoholimetro-de-pared-para-control-de-accesos-st-010\/"]}]},{"@type":"ImageObject","inLanguage":"es","@id":"https:\/\/abaa.mx\/tienda\/alcoholimetro-de-pared-para-control-de-accesos-st-010\/#primaryimage","url":"https:\/\/abaa.mx\/tienda\/wp-content\/uploads\/2023\/11\/ALFAMETRIC-ST-010.jpg","contentUrl":"https:\/\/abaa.mx\/tienda\/wp-content\/uploads\/2023\/11\/ALFAMETRIC-ST-010.jpg","width":343,"height":419,"caption":"ALFAMETRIC-ST-010"},{"@type":"BreadcrumbList","@id":"https:\/\/abaa.mx\/tienda\/alcoholimetro-de-pared-para-control-de-accesos-st-010\/#breadcrumb","itemListElement":[{"@type":"ListItem","position":1,"name":"Inicio","item":"https:\/\/abaa.mx\/tienda\/"},{"@type":"ListItem","position":2,"name":"Tienda","item":"https:\/\/abaa.mx\/tienda\/"},{"@type":"ListItem","position":3,"name":"Alcohol\u00edmetro de Pared para Control de Accesos ST-010"}]},{"@type":"WebSite","@id":"https:\/\/abaa.mx\/tienda\/#website","url":"https:\/\/abaa.mx\/tienda\/","name":"Abaa tienda online","description":"Instrumentos de medici\u00f3n","publisher":{"@id":"https:\/\/abaa.mx\/tienda\/#organization"},"potentialAction":[{"@type":"SearchAction","target":{"@type":"EntryPoint","urlTemplate":"https:\/\/abaa.mx\/tienda\/?s={search_term_string}"},"query-input":{"@type":"PropertyValueSpecification","valueRequired":true,"valueName":"search_term_string"}}],"inLanguage":"es"},{"@type":"Organization","@id":"https:\/\/abaa.mx\/tienda\/#organization","name":"Abaa tienda online","url":"https:\/\/abaa.mx\/tienda\/","logo":{"@type":"ImageObject","inLanguage":"es","@id":"https:\/\/abaa.mx\/tienda\/#\/schema\/logo\/image\/","url":"https:\/\/abaa.mx\/tienda\/wp-content\/uploads\/2024\/01\/abaa-metrologia-tienda.png","contentUrl":"https:\/\/abaa.mx\/tienda\/wp-content\/uploads\/2024\/01\/abaa-metrologia-tienda.png","width":300,"height":141,"caption":"Abaa tienda online"},"image":{"@id":"https:\/\/abaa.mx\/tienda\/#\/schema\/logo\/image\/"}}]}},"_links":{"self":[{"href":"https:\/\/abaa.mx\/tienda\/wp-json\/wp\/v2\/product\/2582","targetHints":{"allow":["GET"]}}],"collection":[{"href":"https:\/\/abaa.mx\/tienda\/wp-json\/wp\/v2\/product"}],"about":[{"href":"https:\/\/abaa.mx\/tienda\/wp-json\/wp\/v2\/types\/product"}],"replies":[{"embeddable":true,"href":"https:\/\/abaa.mx\/tienda\/wp-json\/wp\/v2\/comments?post=2582"}],"wp:featuredmedia":[{"embeddable":true,"href":"https:\/\/abaa.mx\/tienda\/wp-json\/wp\/v2\/media\/9296"}],"wp:attachment":[{"href":"https:\/\/abaa.mx\/tienda\/wp-json\/wp\/v2\/media?parent=2582"}],"wp:term":[{"taxonomy":"product_brand","embeddable":true,"href":"https:\/\/abaa.mx\/tienda\/wp-json\/wp\/v2\/product_brand?post=2582"},{"taxonomy":"product_cat","embeddable":true,"href":"https:\/\/abaa.mx\/tienda\/wp-json\/wp\/v2\/product_cat?post=2582"},{"taxonomy":"product_tag","embeddable":true,"href":"https:\/\/abaa.mx\/tienda\/wp-json\/wp\/v2\/product_tag?post=2582"}],"curies":[{"name":"wp","href":"https:\/\/api.w.org\/{rel}","templated":true}]}}