{"id":2579,"date":"2023-09-21T22:01:56","date_gmt":"2023-09-21T22:01:56","guid":{"rendered":"https:\/\/abaa.mx\/tienda\/?post_type=product&#038;p=2579"},"modified":"2023-09-21T22:01:57","modified_gmt":"2023-09-21T22:01:57","slug":"termometro-para-servicio-de-alimentos-testo-112-ntc","status":"publish","type":"product","link":"https:\/\/abaa.mx\/tienda\/termometro-para-servicio-de-alimentos-testo-112-ntc\/","title":{"rendered":"term\u00f3metro para servicio de alimentos testo 112 ntc"},"content":{"rendered":"<p>El instrumento de medici\u00f3n de temperatura de precisi\u00f3n testo 112 calibrable fue dise\u00f1ado especialmente para mediciones de inspecci\u00f3n oficiales. El instrumento est\u00e1 aprobado para mediciones oficiales por inspectores de alimentos, evaluadores y autoridades oficiales debido a su aprobaci\u00f3n de dise\u00f1o de PTB y la opci\u00f3n de calibrarlo. Una autocomprobaci\u00f3n incorporada indica el funcionamiento correcto antes de que comience la medici\u00f3n.<\/p>\n<p>Debido a su amplio rango de medici\u00f3n, Testo 112 es el instrumento de medici\u00f3n de temperatura ideal para todas las \u00e1reas de monitoreo de alimentos. Las sondas NTC (sondas de termistor) y las sondas Pt100 (sondas de resistencia de platino) se pueden conectar a la entrada de la sonda, de modo que se cubre un amplio rango de temperatura, que va desde productos congelados hasta monitoreo de freidoras de grasa.<\/p>\n<p>Para documentar las lecturas, Testo 112 ofrece la posibilidad de imprimir datos directamente en el sitio con fecha y hora. Esto es particularmente interesante para los inspectores de higiene alimentaria. Si se superan los valores l\u00edmite altos o bajos ajustables, el instrumento hace sonar inmediatamente una alarma sonora.<\/p>\n<p>Los valores l\u00edmite m\u00ednimos y m\u00e1ximos se pueden consultar c\u00f3modamente en la pantalla de dos l\u00edneas.<\/p>\n<p>Es posible imprimir lecturas in situ en la impresora Testo (opcional).<\/p>\n<p><strong>Caracter\u00edsticas de testo 112<\/strong><\/p>\n<ul>\n<li>Instrumento de medici\u00f3n de temperatura de alta precisi\u00f3n y oficialmente calibrable<\/li>\n<li>Impresi\u00f3n de datos in situ en la impresora r\u00e1pida Testo (opcional)<\/li>\n<li>Memoria de valor m\u00ednimo\/m\u00e1ximo<\/li>\n<li>Funda de protecci\u00f3n indestructible TopSafe (opcional)<\/li>\n<\/ul>\n<h4>Testo 112 Datos t\u00e9cnicos<\/h4>\n<table class=\"table table-striped\">\n<tbody>\n<tr>\n<td>Temperatura de almacenamiento<\/td>\n<td>-22 hasta +158 \u00b0F<\/td>\n<\/tr>\n<tr>\n<td>Temperatura de funcionamiento<\/td>\n<td>-4 hasta +122 \u00b0F<\/td>\n<\/tr>\n<tr>\n<td>Tipo de bater\u00eda<\/td>\n<td>Bater\u00eda de 9V<\/td>\n<\/tr>\n<tr>\n<td>Duraci\u00f3n de la bater\u00eda<\/td>\n<td>100 horas<\/td>\n<\/tr>\n<tr>\n<td>Dimensiones<\/td>\n<td>7,16 x 2,52 x 1,57 pulgadas<\/td>\n<\/tr>\n<tr>\n<td>Material de la carcasa<\/td>\n<td>ABS<\/td>\n<\/tr>\n<tr>\n<th colspan=\"2\">\n<h5>NTC<\/h5>\n<\/th>\n<\/tr>\n<tr>\n<td>Rango de medici\u00f3n<\/td>\n<td>-58 hasta +248 \u00b0F<\/td>\n<\/tr>\n<tr>\n<td>Exactitud<\/td>\n<td>\u00b10.36 \u00b0F (-13 a +104 \u00b0F)\u00b10.54 \u00b0F (+104.18 a +176 \u00b0F)\u00b10.5 \u00b0F (rango restante)<\/td>\n<\/tr>\n<tr>\n<td>Resoluci\u00f3n<\/td>\n<td>0.1 \u00b0F<\/td>\n<\/tr>\n<tr>\n<th colspan=\"2\">\n<h5>Temperatura \u2013 RTD<\/h5>\n<\/th>\n<\/tr>\n<tr>\n<td>Rango de medici\u00f3n<\/td>\n<td>-58 hasta +572 \u00b0F<\/td>\n<\/tr>\n<tr>\n<td>Exactitud<\/td>\n<td>\u00b10.36 \u00b0F (-58 a +392 \u00b0F)\u00b10.54 \u00b0F (rango restante)<\/td>\n<\/tr>\n<tr>\n<td>Resoluci\u00f3n<\/td>\n<td>0.1 \u00b0F<\/td>\n<\/tr>\n<\/tbody>\n<\/table>\n","protected":false},"excerpt":{"rendered":"<p>El instrumento de medici\u00f3n de temperatura de precisi\u00f3n testo 112 calibrable fue dise\u00f1ado especialmente para mediciones de inspecci\u00f3n oficiales. El instrumento est\u00e1 aprobado para mediciones oficiales por inspectores de alimentos, evaluadores y autoridades oficiales debido a su aprobaci\u00f3n de dise\u00f1o de PTB y la opci\u00f3n de calibrarlo. Una autocomprobaci\u00f3n incorporada indica el funcionamiento correcto antes de que comience la medici\u00f3n.<\/p>\n<p>Debido a su amplio rango de medici\u00f3n, Testo 112 es el instrumento de medici\u00f3n de temperatura ideal para todas las \u00e1reas de monitoreo de alimentos. Las sondas NTC (sondas de termistor) y las sondas Pt100 (sondas de resistencia de platino) se pueden conectar a la entrada de la sonda, de modo que se cubre un amplio rango de temperatura, que va desde productos congelados hasta monitoreo de freidoras de grasa.<\/p>\n","protected":false},"featured_media":2581,"comment_status":"open","ping_status":"closed","template":"","meta":{"_joinchat":[]},"product_brand":[],"product_cat":[15],"product_tag":[],"class_list":{"0":"post-2579","1":"product","2":"type-product","3":"status-publish","4":"has-post-thumbnail","6":"product_cat-sin-categorizar","8":"first","9":"instock","10":"shipping-taxable","11":"product-type-simple"},"yoast_head":"<!-- This site is optimized with the Yoast SEO plugin v26.4 - https:\/\/yoast.com\/wordpress\/plugins\/seo\/ -->\n<title>term\u00f3metro para servicio de alimentos testo 112 ntc - Abaa tienda online<\/title>\n<meta name=\"robots\" content=\"index, follow, max-snippet:-1, max-image-preview:large, max-video-preview:-1\" \/>\n<link rel=\"canonical\" href=\"https:\/\/abaa.mx\/tienda\/termometro-para-servicio-de-alimentos-testo-112-ntc\/\" \/>\n<meta property=\"og:locale\" content=\"es_MX\" \/>\n<meta property=\"og:type\" content=\"article\" \/>\n<meta property=\"og:title\" content=\"term\u00f3metro para servicio de alimentos testo 112 ntc - Abaa tienda online\" \/>\n<meta property=\"og:description\" content=\"El instrumento de medici\u00f3n de temperatura de precisi\u00f3n testo 112 calibrable fue dise\u00f1ado especialmente para mediciones de inspecci\u00f3n oficiales. El instrumento est\u00e1 aprobado para mediciones oficiales por inspectores de alimentos, evaluadores y autoridades oficiales debido a su aprobaci\u00f3n de dise\u00f1o de PTB y la opci\u00f3n de calibrarlo. Una autocomprobaci\u00f3n incorporada indica el funcionamiento correcto antes de que comience la medici\u00f3n.  Debido a su amplio rango de medici\u00f3n, Testo 112 es el instrumento de medici\u00f3n de temperatura ideal para todas las \u00e1reas de monitoreo de alimentos. Las sondas NTC (sondas de termistor) y las sondas Pt100 (sondas de resistencia de platino) se pueden conectar a la entrada de la sonda, de modo que se cubre un amplio rango de temperatura, que va desde productos congelados hasta monitoreo de freidoras de grasa.\" \/>\n<meta property=\"og:url\" content=\"https:\/\/abaa.mx\/tienda\/termometro-para-servicio-de-alimentos-testo-112-ntc\/\" \/>\n<meta property=\"og:site_name\" content=\"Abaa tienda online\" \/>\n<meta property=\"article:modified_time\" content=\"2023-09-21T22:01:57+00:00\" \/>\n<meta property=\"og:image\" content=\"https:\/\/abaa.mx\/tienda\/wp-content\/uploads\/2023\/09\/112.jpg\" \/>\n\t<meta property=\"og:image:width\" content=\"270\" \/>\n\t<meta property=\"og:image:height\" content=\"331\" \/>\n\t<meta property=\"og:image:type\" content=\"image\/jpeg\" \/>\n<meta name=\"twitter:card\" content=\"summary_large_image\" \/>\n<meta name=\"twitter:label1\" content=\"Tiempo de lectura\" \/>\n\t<meta name=\"twitter:data1\" content=\"2 minutos\" \/>\n<script type=\"application\/ld+json\" class=\"yoast-schema-graph\">{\"@context\":\"https:\/\/schema.org\",\"@graph\":[{\"@type\":\"WebPage\",\"@id\":\"https:\/\/abaa.mx\/tienda\/termometro-para-servicio-de-alimentos-testo-112-ntc\/\",\"url\":\"https:\/\/abaa.mx\/tienda\/termometro-para-servicio-de-alimentos-testo-112-ntc\/\",\"name\":\"term\u00f3metro para servicio de alimentos testo 112 ntc - Abaa tienda online\",\"isPartOf\":{\"@id\":\"https:\/\/abaa.mx\/tienda\/#website\"},\"primaryImageOfPage\":{\"@id\":\"https:\/\/abaa.mx\/tienda\/termometro-para-servicio-de-alimentos-testo-112-ntc\/#primaryimage\"},\"image\":{\"@id\":\"https:\/\/abaa.mx\/tienda\/termometro-para-servicio-de-alimentos-testo-112-ntc\/#primaryimage\"},\"thumbnailUrl\":\"https:\/\/abaa.mx\/tienda\/wp-content\/uploads\/2023\/09\/112.jpg\",\"datePublished\":\"2023-09-21T22:01:56+00:00\",\"dateModified\":\"2023-09-21T22:01:57+00:00\",\"breadcrumb\":{\"@id\":\"https:\/\/abaa.mx\/tienda\/termometro-para-servicio-de-alimentos-testo-112-ntc\/#breadcrumb\"},\"inLanguage\":\"es\",\"potentialAction\":[{\"@type\":\"ReadAction\",\"target\":[\"https:\/\/abaa.mx\/tienda\/termometro-para-servicio-de-alimentos-testo-112-ntc\/\"]}]},{\"@type\":\"ImageObject\",\"inLanguage\":\"es\",\"@id\":\"https:\/\/abaa.mx\/tienda\/termometro-para-servicio-de-alimentos-testo-112-ntc\/#primaryimage\",\"url\":\"https:\/\/abaa.mx\/tienda\/wp-content\/uploads\/2023\/09\/112.jpg\",\"contentUrl\":\"https:\/\/abaa.mx\/tienda\/wp-content\/uploads\/2023\/09\/112.jpg\",\"width\":270,\"height\":331,\"caption\":\"112\"},{\"@type\":\"BreadcrumbList\",\"@id\":\"https:\/\/abaa.mx\/tienda\/termometro-para-servicio-de-alimentos-testo-112-ntc\/#breadcrumb\",\"itemListElement\":[{\"@type\":\"ListItem\",\"position\":1,\"name\":\"Inicio\",\"item\":\"https:\/\/abaa.mx\/tienda\/\"},{\"@type\":\"ListItem\",\"position\":2,\"name\":\"Tienda\",\"item\":\"https:\/\/abaa.mx\/tienda\/\"},{\"@type\":\"ListItem\",\"position\":3,\"name\":\"term\u00f3metro para servicio de alimentos testo 112 ntc\"}]},{\"@type\":\"WebSite\",\"@id\":\"https:\/\/abaa.mx\/tienda\/#website\",\"url\":\"https:\/\/abaa.mx\/tienda\/\",\"name\":\"Abaa tienda online\",\"description\":\"Instrumentos de medici\u00f3n\",\"publisher\":{\"@id\":\"https:\/\/abaa.mx\/tienda\/#organization\"},\"potentialAction\":[{\"@type\":\"SearchAction\",\"target\":{\"@type\":\"EntryPoint\",\"urlTemplate\":\"https:\/\/abaa.mx\/tienda\/?s={search_term_string}\"},\"query-input\":{\"@type\":\"PropertyValueSpecification\",\"valueRequired\":true,\"valueName\":\"search_term_string\"}}],\"inLanguage\":\"es\"},{\"@type\":\"Organization\",\"@id\":\"https:\/\/abaa.mx\/tienda\/#organization\",\"name\":\"Abaa tienda online\",\"url\":\"https:\/\/abaa.mx\/tienda\/\",\"logo\":{\"@type\":\"ImageObject\",\"inLanguage\":\"es\",\"@id\":\"https:\/\/abaa.mx\/tienda\/#\/schema\/logo\/image\/\",\"url\":\"https:\/\/abaa.mx\/tienda\/wp-content\/uploads\/2024\/01\/abaa-metrologia-tienda.png\",\"contentUrl\":\"https:\/\/abaa.mx\/tienda\/wp-content\/uploads\/2024\/01\/abaa-metrologia-tienda.png\",\"width\":300,\"height\":141,\"caption\":\"Abaa tienda online\"},\"image\":{\"@id\":\"https:\/\/abaa.mx\/tienda\/#\/schema\/logo\/image\/\"}}]}<\/script>\n<!-- \/ Yoast SEO plugin. -->","yoast_head_json":{"title":"term\u00f3metro para servicio de alimentos testo 112 ntc - Abaa tienda online","robots":{"index":"index","follow":"follow","max-snippet":"max-snippet:-1","max-image-preview":"max-image-preview:large","max-video-preview":"max-video-preview:-1"},"canonical":"https:\/\/abaa.mx\/tienda\/termometro-para-servicio-de-alimentos-testo-112-ntc\/","og_locale":"es_MX","og_type":"article","og_title":"term\u00f3metro para servicio de alimentos testo 112 ntc - Abaa tienda online","og_description":"El instrumento de medici\u00f3n de temperatura de precisi\u00f3n testo 112 calibrable fue dise\u00f1ado especialmente para mediciones de inspecci\u00f3n oficiales. El instrumento est\u00e1 aprobado para mediciones oficiales por inspectores de alimentos, evaluadores y autoridades oficiales debido a su aprobaci\u00f3n de dise\u00f1o de PTB y la opci\u00f3n de calibrarlo. Una autocomprobaci\u00f3n incorporada indica el funcionamiento correcto antes de que comience la medici\u00f3n.  Debido a su amplio rango de medici\u00f3n, Testo 112 es el instrumento de medici\u00f3n de temperatura ideal para todas las \u00e1reas de monitoreo de alimentos. Las sondas NTC (sondas de termistor) y las sondas Pt100 (sondas de resistencia de platino) se pueden conectar a la entrada de la sonda, de modo que se cubre un amplio rango de temperatura, que va desde productos congelados hasta monitoreo de freidoras de grasa.","og_url":"https:\/\/abaa.mx\/tienda\/termometro-para-servicio-de-alimentos-testo-112-ntc\/","og_site_name":"Abaa tienda online","article_modified_time":"2023-09-21T22:01:57+00:00","og_image":[{"width":270,"height":331,"url":"https:\/\/abaa.mx\/tienda\/wp-content\/uploads\/2023\/09\/112.jpg","type":"image\/jpeg"}],"twitter_card":"summary_large_image","twitter_misc":{"Tiempo de lectura":"2 minutos"},"schema":{"@context":"https:\/\/schema.org","@graph":[{"@type":"WebPage","@id":"https:\/\/abaa.mx\/tienda\/termometro-para-servicio-de-alimentos-testo-112-ntc\/","url":"https:\/\/abaa.mx\/tienda\/termometro-para-servicio-de-alimentos-testo-112-ntc\/","name":"term\u00f3metro para servicio de alimentos testo 112 ntc - Abaa tienda online","isPartOf":{"@id":"https:\/\/abaa.mx\/tienda\/#website"},"primaryImageOfPage":{"@id":"https:\/\/abaa.mx\/tienda\/termometro-para-servicio-de-alimentos-testo-112-ntc\/#primaryimage"},"image":{"@id":"https:\/\/abaa.mx\/tienda\/termometro-para-servicio-de-alimentos-testo-112-ntc\/#primaryimage"},"thumbnailUrl":"https:\/\/abaa.mx\/tienda\/wp-content\/uploads\/2023\/09\/112.jpg","datePublished":"2023-09-21T22:01:56+00:00","dateModified":"2023-09-21T22:01:57+00:00","breadcrumb":{"@id":"https:\/\/abaa.mx\/tienda\/termometro-para-servicio-de-alimentos-testo-112-ntc\/#breadcrumb"},"inLanguage":"es","potentialAction":[{"@type":"ReadAction","target":["https:\/\/abaa.mx\/tienda\/termometro-para-servicio-de-alimentos-testo-112-ntc\/"]}]},{"@type":"ImageObject","inLanguage":"es","@id":"https:\/\/abaa.mx\/tienda\/termometro-para-servicio-de-alimentos-testo-112-ntc\/#primaryimage","url":"https:\/\/abaa.mx\/tienda\/wp-content\/uploads\/2023\/09\/112.jpg","contentUrl":"https:\/\/abaa.mx\/tienda\/wp-content\/uploads\/2023\/09\/112.jpg","width":270,"height":331,"caption":"112"},{"@type":"BreadcrumbList","@id":"https:\/\/abaa.mx\/tienda\/termometro-para-servicio-de-alimentos-testo-112-ntc\/#breadcrumb","itemListElement":[{"@type":"ListItem","position":1,"name":"Inicio","item":"https:\/\/abaa.mx\/tienda\/"},{"@type":"ListItem","position":2,"name":"Tienda","item":"https:\/\/abaa.mx\/tienda\/"},{"@type":"ListItem","position":3,"name":"term\u00f3metro para servicio de alimentos testo 112 ntc"}]},{"@type":"WebSite","@id":"https:\/\/abaa.mx\/tienda\/#website","url":"https:\/\/abaa.mx\/tienda\/","name":"Abaa tienda online","description":"Instrumentos de medici\u00f3n","publisher":{"@id":"https:\/\/abaa.mx\/tienda\/#organization"},"potentialAction":[{"@type":"SearchAction","target":{"@type":"EntryPoint","urlTemplate":"https:\/\/abaa.mx\/tienda\/?s={search_term_string}"},"query-input":{"@type":"PropertyValueSpecification","valueRequired":true,"valueName":"search_term_string"}}],"inLanguage":"es"},{"@type":"Organization","@id":"https:\/\/abaa.mx\/tienda\/#organization","name":"Abaa tienda online","url":"https:\/\/abaa.mx\/tienda\/","logo":{"@type":"ImageObject","inLanguage":"es","@id":"https:\/\/abaa.mx\/tienda\/#\/schema\/logo\/image\/","url":"https:\/\/abaa.mx\/tienda\/wp-content\/uploads\/2024\/01\/abaa-metrologia-tienda.png","contentUrl":"https:\/\/abaa.mx\/tienda\/wp-content\/uploads\/2024\/01\/abaa-metrologia-tienda.png","width":300,"height":141,"caption":"Abaa tienda online"},"image":{"@id":"https:\/\/abaa.mx\/tienda\/#\/schema\/logo\/image\/"}}]}},"_links":{"self":[{"href":"https:\/\/abaa.mx\/tienda\/wp-json\/wp\/v2\/product\/2579","targetHints":{"allow":["GET"]}}],"collection":[{"href":"https:\/\/abaa.mx\/tienda\/wp-json\/wp\/v2\/product"}],"about":[{"href":"https:\/\/abaa.mx\/tienda\/wp-json\/wp\/v2\/types\/product"}],"replies":[{"embeddable":true,"href":"https:\/\/abaa.mx\/tienda\/wp-json\/wp\/v2\/comments?post=2579"}],"wp:featuredmedia":[{"embeddable":true,"href":"https:\/\/abaa.mx\/tienda\/wp-json\/wp\/v2\/media\/2581"}],"wp:attachment":[{"href":"https:\/\/abaa.mx\/tienda\/wp-json\/wp\/v2\/media?parent=2579"}],"wp:term":[{"taxonomy":"product_brand","embeddable":true,"href":"https:\/\/abaa.mx\/tienda\/wp-json\/wp\/v2\/product_brand?post=2579"},{"taxonomy":"product_cat","embeddable":true,"href":"https:\/\/abaa.mx\/tienda\/wp-json\/wp\/v2\/product_cat?post=2579"},{"taxonomy":"product_tag","embeddable":true,"href":"https:\/\/abaa.mx\/tienda\/wp-json\/wp\/v2\/product_tag?post=2579"}],"curies":[{"name":"wp","href":"https:\/\/api.w.org\/{rel}","templated":true}]}}