{"id":2571,"date":"2023-09-21T21:52:28","date_gmt":"2023-09-21T21:52:28","guid":{"rendered":"https:\/\/abaa.mx\/tienda\/?post_type=product&#038;p=2571"},"modified":"2023-09-21T21:52:29","modified_gmt":"2023-09-21T21:52:29","slug":"termometro-testo-106-food-core","status":"publish","type":"product","link":"https:\/\/abaa.mx\/tienda\/termometro-testo-106-food-core\/","title":{"rendered":"term\u00f3metro testo 106 food core"},"content":{"rendered":"<p>El term\u00f3metro central testo 106 con una punta de medici\u00f3n delgada y robusta, excelente para el monitoreo r\u00e1pido de la temperatura central en gastronom\u00eda, hoteles, grandes cocinas, supermercados, etc.<\/p>\n<p><strong>Caracter\u00edsticas de testo 106<\/strong><\/p>\n<ul>\n<li>Medici\u00f3n r\u00e1pida (2 mediciones por segundo)<\/li>\n<li>Alarma sonora y \u00f3ptica (el LED se ilumina)<\/li>\n<li>Funda protectora impermeable y apta para lavavajillas (IP 67)<\/li>\n<li>Reconocimiento autom\u00e1tico del valor final (Auto-Hold)<\/li>\n<\/ul>\n<h4>Testo 106 Datos t\u00e9cnicos<\/h4>\n<table class=\"table table-striped\">\n<tbody>\n<tr>\n<td>Temperatura de almacenamiento<\/td>\n<td>-40 hasta +158 \u00b0F<\/td>\n<\/tr>\n<tr>\n<td>Temperatura de funcionamiento<\/td>\n<td>-4 hasta +122 \u00b0F<\/td>\n<\/tr>\n<tr>\n<td>Tipo de bater\u00eda<\/td>\n<td>Pila de bot\u00f3n de 3V (CR 2032)<\/td>\n<\/tr>\n<tr>\n<td>Duraci\u00f3n de la bater\u00eda<\/td>\n<td>350 horas<\/td>\n<\/tr>\n<tr>\n<td>Dimensiones<\/td>\n<td>8,46 x 1,34 x 0,75 pulgadas<\/td>\n<\/tr>\n<tr>\n<td>Material de la carcasa<\/td>\n<td>ABS<\/td>\n<\/tr>\n<tr>\n<th colspan=\"2\">\n<h5>NTC<\/h5>\n<\/th>\n<\/tr>\n<tr>\n<td>Rango de medici\u00f3n<\/td>\n<td>-58 hasta +527 \u00b0F<\/td>\n<\/tr>\n<tr>\n<td>Exactitud<\/td>\n<td>\u00b11.8 \u00b0F (+212 a +527 \u00b0F)\u00b10.9 \u00b0F (-22 a +211.82 \u00b0F)\u00b11.8 \u00b0F (-58 a -22.18 \u00b0F)<\/td>\n<\/tr>\n<tr>\n<td>Resoluci\u00f3n<\/td>\n<td>0.1 \u00b0F<\/td>\n<\/tr>\n<\/tbody>\n<\/table>\n","protected":false},"excerpt":{"rendered":"<p>El term\u00f3metro central testo 106 con una punta de medici\u00f3n delgada y robusta, excelente para el monitoreo r\u00e1pido de la temperatura central en gastronom\u00eda, hoteles, grandes cocinas, supermercados, etc.<\/p>\n<p><strong>Caracter\u00edsticas de testo 106<\/strong><\/p>\n<ul>\n<li>Medici\u00f3n r\u00e1pida (2 mediciones por segundo)<\/li>\n<li>Alarma sonora y \u00f3ptica (el LED se ilumina)<\/li>\n<li>Funda protectora impermeable y apta para lavavajillas (IP 67)<\/li>\n<li>Reconocimiento autom\u00e1tico del valor final (Auto-Hold)<\/li>\n<\/ul>\n","protected":false},"featured_media":2573,"comment_status":"open","ping_status":"closed","template":"","meta":{"_joinchat":[]},"product_brand":[],"product_cat":[15],"product_tag":[],"class_list":{"0":"post-2571","1":"product","2":"type-product","3":"status-publish","4":"has-post-thumbnail","6":"product_cat-sin-categorizar","8":"first","9":"instock","10":"shipping-taxable","11":"product-type-simple"},"yoast_head":"<!-- This site is optimized with the Yoast SEO plugin v26.4 - https:\/\/yoast.com\/wordpress\/plugins\/seo\/ -->\n<title>term\u00f3metro testo 106 food core - Abaa tienda online<\/title>\n<meta name=\"robots\" content=\"index, follow, max-snippet:-1, max-image-preview:large, max-video-preview:-1\" \/>\n<link rel=\"canonical\" href=\"https:\/\/abaa.mx\/tienda\/termometro-testo-106-food-core\/\" \/>\n<meta property=\"og:locale\" content=\"es_MX\" \/>\n<meta property=\"og:type\" content=\"article\" \/>\n<meta property=\"og:title\" content=\"term\u00f3metro testo 106 food core - Abaa tienda online\" \/>\n<meta property=\"og:description\" content=\"El term\u00f3metro central testo 106 con una punta de medici\u00f3n delgada y robusta, excelente para el monitoreo r\u00e1pido de la temperatura central en gastronom\u00eda, hoteles, grandes cocinas, supermercados, etc.  Caracter\u00edsticas de testo 106   Medici\u00f3n r\u00e1pida (2 mediciones por segundo)  Alarma sonora y \u00f3ptica (el LED se ilumina)  Funda protectora impermeable y apta para lavavajillas (IP 67)  Reconocimiento autom\u00e1tico del valor final (Auto-Hold)\" \/>\n<meta property=\"og:url\" content=\"https:\/\/abaa.mx\/tienda\/termometro-testo-106-food-core\/\" \/>\n<meta property=\"og:site_name\" content=\"Abaa tienda online\" \/>\n<meta property=\"article:modified_time\" content=\"2023-09-21T21:52:29+00:00\" \/>\n<meta property=\"og:image\" content=\"https:\/\/abaa.mx\/tienda\/wp-content\/uploads\/2023\/09\/106.jpg\" \/>\n\t<meta property=\"og:image:width\" content=\"270\" \/>\n\t<meta property=\"og:image:height\" content=\"331\" \/>\n\t<meta property=\"og:image:type\" content=\"image\/jpeg\" \/>\n<meta name=\"twitter:card\" content=\"summary_large_image\" \/>\n<meta name=\"twitter:label1\" content=\"Tiempo de lectura\" \/>\n\t<meta name=\"twitter:data1\" content=\"1 minuto\" \/>\n<script type=\"application\/ld+json\" class=\"yoast-schema-graph\">{\"@context\":\"https:\/\/schema.org\",\"@graph\":[{\"@type\":\"WebPage\",\"@id\":\"https:\/\/abaa.mx\/tienda\/termometro-testo-106-food-core\/\",\"url\":\"https:\/\/abaa.mx\/tienda\/termometro-testo-106-food-core\/\",\"name\":\"term\u00f3metro testo 106 food core - Abaa tienda online\",\"isPartOf\":{\"@id\":\"https:\/\/abaa.mx\/tienda\/#website\"},\"primaryImageOfPage\":{\"@id\":\"https:\/\/abaa.mx\/tienda\/termometro-testo-106-food-core\/#primaryimage\"},\"image\":{\"@id\":\"https:\/\/abaa.mx\/tienda\/termometro-testo-106-food-core\/#primaryimage\"},\"thumbnailUrl\":\"https:\/\/abaa.mx\/tienda\/wp-content\/uploads\/2023\/09\/106.jpg\",\"datePublished\":\"2023-09-21T21:52:28+00:00\",\"dateModified\":\"2023-09-21T21:52:29+00:00\",\"breadcrumb\":{\"@id\":\"https:\/\/abaa.mx\/tienda\/termometro-testo-106-food-core\/#breadcrumb\"},\"inLanguage\":\"es\",\"potentialAction\":[{\"@type\":\"ReadAction\",\"target\":[\"https:\/\/abaa.mx\/tienda\/termometro-testo-106-food-core\/\"]}]},{\"@type\":\"ImageObject\",\"inLanguage\":\"es\",\"@id\":\"https:\/\/abaa.mx\/tienda\/termometro-testo-106-food-core\/#primaryimage\",\"url\":\"https:\/\/abaa.mx\/tienda\/wp-content\/uploads\/2023\/09\/106.jpg\",\"contentUrl\":\"https:\/\/abaa.mx\/tienda\/wp-content\/uploads\/2023\/09\/106.jpg\",\"width\":270,\"height\":331,\"caption\":\"106\"},{\"@type\":\"BreadcrumbList\",\"@id\":\"https:\/\/abaa.mx\/tienda\/termometro-testo-106-food-core\/#breadcrumb\",\"itemListElement\":[{\"@type\":\"ListItem\",\"position\":1,\"name\":\"Inicio\",\"item\":\"https:\/\/abaa.mx\/tienda\/\"},{\"@type\":\"ListItem\",\"position\":2,\"name\":\"Tienda\",\"item\":\"https:\/\/abaa.mx\/tienda\/\"},{\"@type\":\"ListItem\",\"position\":3,\"name\":\"term\u00f3metro testo 106 food core\"}]},{\"@type\":\"WebSite\",\"@id\":\"https:\/\/abaa.mx\/tienda\/#website\",\"url\":\"https:\/\/abaa.mx\/tienda\/\",\"name\":\"Abaa tienda online\",\"description\":\"Instrumentos de medici\u00f3n\",\"publisher\":{\"@id\":\"https:\/\/abaa.mx\/tienda\/#organization\"},\"potentialAction\":[{\"@type\":\"SearchAction\",\"target\":{\"@type\":\"EntryPoint\",\"urlTemplate\":\"https:\/\/abaa.mx\/tienda\/?s={search_term_string}\"},\"query-input\":{\"@type\":\"PropertyValueSpecification\",\"valueRequired\":true,\"valueName\":\"search_term_string\"}}],\"inLanguage\":\"es\"},{\"@type\":\"Organization\",\"@id\":\"https:\/\/abaa.mx\/tienda\/#organization\",\"name\":\"Abaa tienda online\",\"url\":\"https:\/\/abaa.mx\/tienda\/\",\"logo\":{\"@type\":\"ImageObject\",\"inLanguage\":\"es\",\"@id\":\"https:\/\/abaa.mx\/tienda\/#\/schema\/logo\/image\/\",\"url\":\"https:\/\/abaa.mx\/tienda\/wp-content\/uploads\/2024\/01\/abaa-metrologia-tienda.png\",\"contentUrl\":\"https:\/\/abaa.mx\/tienda\/wp-content\/uploads\/2024\/01\/abaa-metrologia-tienda.png\",\"width\":300,\"height\":141,\"caption\":\"Abaa tienda online\"},\"image\":{\"@id\":\"https:\/\/abaa.mx\/tienda\/#\/schema\/logo\/image\/\"}}]}<\/script>\n<!-- \/ Yoast SEO plugin. -->","yoast_head_json":{"title":"term\u00f3metro testo 106 food core - Abaa tienda online","robots":{"index":"index","follow":"follow","max-snippet":"max-snippet:-1","max-image-preview":"max-image-preview:large","max-video-preview":"max-video-preview:-1"},"canonical":"https:\/\/abaa.mx\/tienda\/termometro-testo-106-food-core\/","og_locale":"es_MX","og_type":"article","og_title":"term\u00f3metro testo 106 food core - Abaa tienda online","og_description":"El term\u00f3metro central testo 106 con una punta de medici\u00f3n delgada y robusta, excelente para el monitoreo r\u00e1pido de la temperatura central en gastronom\u00eda, hoteles, grandes cocinas, supermercados, etc.  Caracter\u00edsticas de testo 106   Medici\u00f3n r\u00e1pida (2 mediciones por segundo)  Alarma sonora y \u00f3ptica (el LED se ilumina)  Funda protectora impermeable y apta para lavavajillas (IP 67)  Reconocimiento autom\u00e1tico del valor final (Auto-Hold)","og_url":"https:\/\/abaa.mx\/tienda\/termometro-testo-106-food-core\/","og_site_name":"Abaa tienda online","article_modified_time":"2023-09-21T21:52:29+00:00","og_image":[{"width":270,"height":331,"url":"https:\/\/abaa.mx\/tienda\/wp-content\/uploads\/2023\/09\/106.jpg","type":"image\/jpeg"}],"twitter_card":"summary_large_image","twitter_misc":{"Tiempo de lectura":"1 minuto"},"schema":{"@context":"https:\/\/schema.org","@graph":[{"@type":"WebPage","@id":"https:\/\/abaa.mx\/tienda\/termometro-testo-106-food-core\/","url":"https:\/\/abaa.mx\/tienda\/termometro-testo-106-food-core\/","name":"term\u00f3metro testo 106 food core - Abaa tienda online","isPartOf":{"@id":"https:\/\/abaa.mx\/tienda\/#website"},"primaryImageOfPage":{"@id":"https:\/\/abaa.mx\/tienda\/termometro-testo-106-food-core\/#primaryimage"},"image":{"@id":"https:\/\/abaa.mx\/tienda\/termometro-testo-106-food-core\/#primaryimage"},"thumbnailUrl":"https:\/\/abaa.mx\/tienda\/wp-content\/uploads\/2023\/09\/106.jpg","datePublished":"2023-09-21T21:52:28+00:00","dateModified":"2023-09-21T21:52:29+00:00","breadcrumb":{"@id":"https:\/\/abaa.mx\/tienda\/termometro-testo-106-food-core\/#breadcrumb"},"inLanguage":"es","potentialAction":[{"@type":"ReadAction","target":["https:\/\/abaa.mx\/tienda\/termometro-testo-106-food-core\/"]}]},{"@type":"ImageObject","inLanguage":"es","@id":"https:\/\/abaa.mx\/tienda\/termometro-testo-106-food-core\/#primaryimage","url":"https:\/\/abaa.mx\/tienda\/wp-content\/uploads\/2023\/09\/106.jpg","contentUrl":"https:\/\/abaa.mx\/tienda\/wp-content\/uploads\/2023\/09\/106.jpg","width":270,"height":331,"caption":"106"},{"@type":"BreadcrumbList","@id":"https:\/\/abaa.mx\/tienda\/termometro-testo-106-food-core\/#breadcrumb","itemListElement":[{"@type":"ListItem","position":1,"name":"Inicio","item":"https:\/\/abaa.mx\/tienda\/"},{"@type":"ListItem","position":2,"name":"Tienda","item":"https:\/\/abaa.mx\/tienda\/"},{"@type":"ListItem","position":3,"name":"term\u00f3metro testo 106 food core"}]},{"@type":"WebSite","@id":"https:\/\/abaa.mx\/tienda\/#website","url":"https:\/\/abaa.mx\/tienda\/","name":"Abaa tienda online","description":"Instrumentos de medici\u00f3n","publisher":{"@id":"https:\/\/abaa.mx\/tienda\/#organization"},"potentialAction":[{"@type":"SearchAction","target":{"@type":"EntryPoint","urlTemplate":"https:\/\/abaa.mx\/tienda\/?s={search_term_string}"},"query-input":{"@type":"PropertyValueSpecification","valueRequired":true,"valueName":"search_term_string"}}],"inLanguage":"es"},{"@type":"Organization","@id":"https:\/\/abaa.mx\/tienda\/#organization","name":"Abaa tienda online","url":"https:\/\/abaa.mx\/tienda\/","logo":{"@type":"ImageObject","inLanguage":"es","@id":"https:\/\/abaa.mx\/tienda\/#\/schema\/logo\/image\/","url":"https:\/\/abaa.mx\/tienda\/wp-content\/uploads\/2024\/01\/abaa-metrologia-tienda.png","contentUrl":"https:\/\/abaa.mx\/tienda\/wp-content\/uploads\/2024\/01\/abaa-metrologia-tienda.png","width":300,"height":141,"caption":"Abaa tienda online"},"image":{"@id":"https:\/\/abaa.mx\/tienda\/#\/schema\/logo\/image\/"}}]}},"_links":{"self":[{"href":"https:\/\/abaa.mx\/tienda\/wp-json\/wp\/v2\/product\/2571","targetHints":{"allow":["GET"]}}],"collection":[{"href":"https:\/\/abaa.mx\/tienda\/wp-json\/wp\/v2\/product"}],"about":[{"href":"https:\/\/abaa.mx\/tienda\/wp-json\/wp\/v2\/types\/product"}],"replies":[{"embeddable":true,"href":"https:\/\/abaa.mx\/tienda\/wp-json\/wp\/v2\/comments?post=2571"}],"wp:featuredmedia":[{"embeddable":true,"href":"https:\/\/abaa.mx\/tienda\/wp-json\/wp\/v2\/media\/2573"}],"wp:attachment":[{"href":"https:\/\/abaa.mx\/tienda\/wp-json\/wp\/v2\/media?parent=2571"}],"wp:term":[{"taxonomy":"product_brand","embeddable":true,"href":"https:\/\/abaa.mx\/tienda\/wp-json\/wp\/v2\/product_brand?post=2571"},{"taxonomy":"product_cat","embeddable":true,"href":"https:\/\/abaa.mx\/tienda\/wp-json\/wp\/v2\/product_cat?post=2571"},{"taxonomy":"product_tag","embeddable":true,"href":"https:\/\/abaa.mx\/tienda\/wp-json\/wp\/v2\/product_tag?post=2571"}],"curies":[{"name":"wp","href":"https:\/\/api.w.org\/{rel}","templated":true}]}}