{"id":2565,"date":"2023-09-21T21:46:43","date_gmt":"2023-09-21T21:46:43","guid":{"rendered":"https:\/\/abaa.mx\/tienda\/?post_type=product&#038;p=2565"},"modified":"2023-09-21T21:47:52","modified_gmt":"2023-09-21T21:47:52","slug":"termometro-de-servicio-de-alimentos-testo-105-t-handle-con-3-consejos-de-medicion","status":"publish","type":"product","link":"https:\/\/abaa.mx\/tienda\/termometro-de-servicio-de-alimentos-testo-105-t-handle-con-3-consejos-de-medicion\/","title":{"rendered":"term\u00f3metro de servicio de alimentos testo 105 t-handle con 3 consejos de medici\u00f3n"},"content":{"rendered":"<h4>Testo 105 con tres tipos de sonda ofrece<\/h4>\n<p>El testo 105 es un term\u00f3metro alimentario robusto con puntas de medici\u00f3n intercambiables para la medici\u00f3n de temperatura en medios semis\u00f3lidos. Tiene una punta de medici\u00f3n adicional para productos congelados. Dependiendo de la sonda utilizada, es particularmente adecuado para aplicaciones en las \u00e1reas de gastronom\u00eda, salas refrigeradas, cocinas grandes, supermercados y el control de mercanc\u00edas entrantes.<\/p>\n<p>Dado que se puede limpiar con agua corriente seg\u00fan IP65, es especialmente higi\u00e9nico y aplicable en todas partes, gracias a su robustez. Una alarma sonora y una \u00f3ptica advierten de forma fiable cuando se violan los valores l\u00edmite superior e inferior ajustables individualmente.<\/p>\n<p><strong>Caracter\u00edsticas de testo 105<\/strong><\/p>\n<ul>\n<li>Ideal para aplicaciones en el sector alimentario<\/li>\n<li>Consejos de medici\u00f3n intercambiables<\/li>\n<li>2 valores l\u00edmite libremente ajustables<\/li>\n<li>Alarma sonora y \u00f3ptica<\/li>\n<li>Pantalla de una l\u00ednea, iluminada<\/li>\n<li>Especialmente robusto, se puede limpiar bajo agua corriente (seg\u00fan la clase de protecci\u00f3n IP65)<\/li>\n<li>Certificado seg\u00fan EN 13485<\/li>\n<\/ul>\n<p>&nbsp;<\/p>\n","protected":false},"excerpt":{"rendered":"<p>El testo 105 es un term\u00f3metro alimentario robusto con puntas de medici\u00f3n intercambiables para la medici\u00f3n de temperatura en medios semis\u00f3lidos. Tiene una punta de medici\u00f3n adicional para productos congelados. Dependiendo de la sonda utilizada, es particularmente adecuado para aplicaciones en las \u00e1reas de gastronom\u00eda, salas refrigeradas, cocinas grandes, supermercados y el control de mercanc\u00edas entrantes.<\/p>\n<p>Dado que se puede limpiar con agua corriente seg\u00fan IP65, es especialmente higi\u00e9nico y aplicable en todas partes, gracias a su robustez. Una alarma sonora y una \u00f3ptica advierten de forma fiable cuando se violan los valores l\u00edmite superior e inferior ajustables individualmente.<\/p>\n","protected":false},"featured_media":2566,"comment_status":"open","ping_status":"closed","template":"","meta":{"_joinchat":[]},"product_brand":[],"product_cat":[15],"product_tag":[],"class_list":{"0":"post-2565","1":"product","2":"type-product","3":"status-publish","4":"has-post-thumbnail","6":"product_cat-sin-categorizar","8":"first","9":"instock","10":"shipping-taxable","11":"product-type-simple"},"yoast_head":"<!-- This site is optimized with the Yoast SEO plugin v26.4 - https:\/\/yoast.com\/wordpress\/plugins\/seo\/ -->\n<title>term\u00f3metro de servicio de alimentos testo 105 t-handle con 3 consejos de medici\u00f3n - Abaa tienda online<\/title>\n<meta name=\"robots\" content=\"index, follow, max-snippet:-1, max-image-preview:large, max-video-preview:-1\" \/>\n<link rel=\"canonical\" href=\"https:\/\/abaa.mx\/tienda\/termometro-de-servicio-de-alimentos-testo-105-t-handle-con-3-consejos-de-medicion\/\" \/>\n<meta property=\"og:locale\" content=\"es_MX\" \/>\n<meta property=\"og:type\" content=\"article\" \/>\n<meta property=\"og:title\" content=\"term\u00f3metro de servicio de alimentos testo 105 t-handle con 3 consejos de medici\u00f3n - Abaa tienda online\" \/>\n<meta property=\"og:description\" content=\"El testo 105 es un term\u00f3metro alimentario robusto con puntas de medici\u00f3n intercambiables para la medici\u00f3n de temperatura en medios semis\u00f3lidos. Tiene una punta de medici\u00f3n adicional para productos congelados. Dependiendo de la sonda utilizada, es particularmente adecuado para aplicaciones en las \u00e1reas de gastronom\u00eda, salas refrigeradas, cocinas grandes, supermercados y el control de mercanc\u00edas entrantes.  Dado que se puede limpiar con agua corriente seg\u00fan IP65, es especialmente higi\u00e9nico y aplicable en todas partes, gracias a su robustez. Una alarma sonora y una \u00f3ptica advierten de forma fiable cuando se violan los valores l\u00edmite superior e inferior ajustables individualmente.\" \/>\n<meta property=\"og:url\" content=\"https:\/\/abaa.mx\/tienda\/termometro-de-servicio-de-alimentos-testo-105-t-handle-con-3-consejos-de-medicion\/\" \/>\n<meta property=\"og:site_name\" content=\"Abaa tienda online\" \/>\n<meta property=\"article:modified_time\" content=\"2023-09-21T21:47:52+00:00\" \/>\n<meta property=\"og:image\" content=\"https:\/\/abaa.mx\/tienda\/wp-content\/uploads\/2023\/09\/105-2.jpg\" \/>\n\t<meta property=\"og:image:width\" content=\"270\" \/>\n\t<meta property=\"og:image:height\" content=\"331\" \/>\n\t<meta property=\"og:image:type\" content=\"image\/jpeg\" \/>\n<meta name=\"twitter:card\" content=\"summary_large_image\" \/>\n<meta name=\"twitter:label1\" content=\"Tiempo de lectura\" \/>\n\t<meta name=\"twitter:data1\" content=\"1 minuto\" \/>\n<script type=\"application\/ld+json\" class=\"yoast-schema-graph\">{\"@context\":\"https:\/\/schema.org\",\"@graph\":[{\"@type\":\"WebPage\",\"@id\":\"https:\/\/abaa.mx\/tienda\/termometro-de-servicio-de-alimentos-testo-105-t-handle-con-3-consejos-de-medicion\/\",\"url\":\"https:\/\/abaa.mx\/tienda\/termometro-de-servicio-de-alimentos-testo-105-t-handle-con-3-consejos-de-medicion\/\",\"name\":\"term\u00f3metro de servicio de alimentos testo 105 t-handle con 3 consejos de medici\u00f3n - Abaa tienda online\",\"isPartOf\":{\"@id\":\"https:\/\/abaa.mx\/tienda\/#website\"},\"primaryImageOfPage\":{\"@id\":\"https:\/\/abaa.mx\/tienda\/termometro-de-servicio-de-alimentos-testo-105-t-handle-con-3-consejos-de-medicion\/#primaryimage\"},\"image\":{\"@id\":\"https:\/\/abaa.mx\/tienda\/termometro-de-servicio-de-alimentos-testo-105-t-handle-con-3-consejos-de-medicion\/#primaryimage\"},\"thumbnailUrl\":\"https:\/\/abaa.mx\/tienda\/wp-content\/uploads\/2023\/09\/105-2.jpg\",\"datePublished\":\"2023-09-21T21:46:43+00:00\",\"dateModified\":\"2023-09-21T21:47:52+00:00\",\"breadcrumb\":{\"@id\":\"https:\/\/abaa.mx\/tienda\/termometro-de-servicio-de-alimentos-testo-105-t-handle-con-3-consejos-de-medicion\/#breadcrumb\"},\"inLanguage\":\"es\",\"potentialAction\":[{\"@type\":\"ReadAction\",\"target\":[\"https:\/\/abaa.mx\/tienda\/termometro-de-servicio-de-alimentos-testo-105-t-handle-con-3-consejos-de-medicion\/\"]}]},{\"@type\":\"ImageObject\",\"inLanguage\":\"es\",\"@id\":\"https:\/\/abaa.mx\/tienda\/termometro-de-servicio-de-alimentos-testo-105-t-handle-con-3-consejos-de-medicion\/#primaryimage\",\"url\":\"https:\/\/abaa.mx\/tienda\/wp-content\/uploads\/2023\/09\/105-2.jpg\",\"contentUrl\":\"https:\/\/abaa.mx\/tienda\/wp-content\/uploads\/2023\/09\/105-2.jpg\",\"width\":270,\"height\":331,\"caption\":\"105- 2\"},{\"@type\":\"BreadcrumbList\",\"@id\":\"https:\/\/abaa.mx\/tienda\/termometro-de-servicio-de-alimentos-testo-105-t-handle-con-3-consejos-de-medicion\/#breadcrumb\",\"itemListElement\":[{\"@type\":\"ListItem\",\"position\":1,\"name\":\"Inicio\",\"item\":\"https:\/\/abaa.mx\/tienda\/\"},{\"@type\":\"ListItem\",\"position\":2,\"name\":\"Tienda\",\"item\":\"https:\/\/abaa.mx\/tienda\/\"},{\"@type\":\"ListItem\",\"position\":3,\"name\":\"term\u00f3metro de servicio de alimentos testo 105 t-handle con 3 consejos de medici\u00f3n\"}]},{\"@type\":\"WebSite\",\"@id\":\"https:\/\/abaa.mx\/tienda\/#website\",\"url\":\"https:\/\/abaa.mx\/tienda\/\",\"name\":\"Abaa tienda online\",\"description\":\"Instrumentos de medici\u00f3n\",\"publisher\":{\"@id\":\"https:\/\/abaa.mx\/tienda\/#organization\"},\"potentialAction\":[{\"@type\":\"SearchAction\",\"target\":{\"@type\":\"EntryPoint\",\"urlTemplate\":\"https:\/\/abaa.mx\/tienda\/?s={search_term_string}\"},\"query-input\":{\"@type\":\"PropertyValueSpecification\",\"valueRequired\":true,\"valueName\":\"search_term_string\"}}],\"inLanguage\":\"es\"},{\"@type\":\"Organization\",\"@id\":\"https:\/\/abaa.mx\/tienda\/#organization\",\"name\":\"Abaa tienda online\",\"url\":\"https:\/\/abaa.mx\/tienda\/\",\"logo\":{\"@type\":\"ImageObject\",\"inLanguage\":\"es\",\"@id\":\"https:\/\/abaa.mx\/tienda\/#\/schema\/logo\/image\/\",\"url\":\"https:\/\/abaa.mx\/tienda\/wp-content\/uploads\/2024\/01\/abaa-metrologia-tienda.png\",\"contentUrl\":\"https:\/\/abaa.mx\/tienda\/wp-content\/uploads\/2024\/01\/abaa-metrologia-tienda.png\",\"width\":300,\"height\":141,\"caption\":\"Abaa tienda online\"},\"image\":{\"@id\":\"https:\/\/abaa.mx\/tienda\/#\/schema\/logo\/image\/\"}}]}<\/script>\n<!-- \/ Yoast SEO plugin. -->","yoast_head_json":{"title":"term\u00f3metro de servicio de alimentos testo 105 t-handle con 3 consejos de medici\u00f3n - Abaa tienda online","robots":{"index":"index","follow":"follow","max-snippet":"max-snippet:-1","max-image-preview":"max-image-preview:large","max-video-preview":"max-video-preview:-1"},"canonical":"https:\/\/abaa.mx\/tienda\/termometro-de-servicio-de-alimentos-testo-105-t-handle-con-3-consejos-de-medicion\/","og_locale":"es_MX","og_type":"article","og_title":"term\u00f3metro de servicio de alimentos testo 105 t-handle con 3 consejos de medici\u00f3n - Abaa tienda online","og_description":"El testo 105 es un term\u00f3metro alimentario robusto con puntas de medici\u00f3n intercambiables para la medici\u00f3n de temperatura en medios semis\u00f3lidos. Tiene una punta de medici\u00f3n adicional para productos congelados. Dependiendo de la sonda utilizada, es particularmente adecuado para aplicaciones en las \u00e1reas de gastronom\u00eda, salas refrigeradas, cocinas grandes, supermercados y el control de mercanc\u00edas entrantes.  Dado que se puede limpiar con agua corriente seg\u00fan IP65, es especialmente higi\u00e9nico y aplicable en todas partes, gracias a su robustez. Una alarma sonora y una \u00f3ptica advierten de forma fiable cuando se violan los valores l\u00edmite superior e inferior ajustables individualmente.","og_url":"https:\/\/abaa.mx\/tienda\/termometro-de-servicio-de-alimentos-testo-105-t-handle-con-3-consejos-de-medicion\/","og_site_name":"Abaa tienda online","article_modified_time":"2023-09-21T21:47:52+00:00","og_image":[{"width":270,"height":331,"url":"https:\/\/abaa.mx\/tienda\/wp-content\/uploads\/2023\/09\/105-2.jpg","type":"image\/jpeg"}],"twitter_card":"summary_large_image","twitter_misc":{"Tiempo de lectura":"1 minuto"},"schema":{"@context":"https:\/\/schema.org","@graph":[{"@type":"WebPage","@id":"https:\/\/abaa.mx\/tienda\/termometro-de-servicio-de-alimentos-testo-105-t-handle-con-3-consejos-de-medicion\/","url":"https:\/\/abaa.mx\/tienda\/termometro-de-servicio-de-alimentos-testo-105-t-handle-con-3-consejos-de-medicion\/","name":"term\u00f3metro de servicio de alimentos testo 105 t-handle con 3 consejos de medici\u00f3n - Abaa tienda online","isPartOf":{"@id":"https:\/\/abaa.mx\/tienda\/#website"},"primaryImageOfPage":{"@id":"https:\/\/abaa.mx\/tienda\/termometro-de-servicio-de-alimentos-testo-105-t-handle-con-3-consejos-de-medicion\/#primaryimage"},"image":{"@id":"https:\/\/abaa.mx\/tienda\/termometro-de-servicio-de-alimentos-testo-105-t-handle-con-3-consejos-de-medicion\/#primaryimage"},"thumbnailUrl":"https:\/\/abaa.mx\/tienda\/wp-content\/uploads\/2023\/09\/105-2.jpg","datePublished":"2023-09-21T21:46:43+00:00","dateModified":"2023-09-21T21:47:52+00:00","breadcrumb":{"@id":"https:\/\/abaa.mx\/tienda\/termometro-de-servicio-de-alimentos-testo-105-t-handle-con-3-consejos-de-medicion\/#breadcrumb"},"inLanguage":"es","potentialAction":[{"@type":"ReadAction","target":["https:\/\/abaa.mx\/tienda\/termometro-de-servicio-de-alimentos-testo-105-t-handle-con-3-consejos-de-medicion\/"]}]},{"@type":"ImageObject","inLanguage":"es","@id":"https:\/\/abaa.mx\/tienda\/termometro-de-servicio-de-alimentos-testo-105-t-handle-con-3-consejos-de-medicion\/#primaryimage","url":"https:\/\/abaa.mx\/tienda\/wp-content\/uploads\/2023\/09\/105-2.jpg","contentUrl":"https:\/\/abaa.mx\/tienda\/wp-content\/uploads\/2023\/09\/105-2.jpg","width":270,"height":331,"caption":"105- 2"},{"@type":"BreadcrumbList","@id":"https:\/\/abaa.mx\/tienda\/termometro-de-servicio-de-alimentos-testo-105-t-handle-con-3-consejos-de-medicion\/#breadcrumb","itemListElement":[{"@type":"ListItem","position":1,"name":"Inicio","item":"https:\/\/abaa.mx\/tienda\/"},{"@type":"ListItem","position":2,"name":"Tienda","item":"https:\/\/abaa.mx\/tienda\/"},{"@type":"ListItem","position":3,"name":"term\u00f3metro de servicio de alimentos testo 105 t-handle con 3 consejos de medici\u00f3n"}]},{"@type":"WebSite","@id":"https:\/\/abaa.mx\/tienda\/#website","url":"https:\/\/abaa.mx\/tienda\/","name":"Abaa tienda online","description":"Instrumentos de medici\u00f3n","publisher":{"@id":"https:\/\/abaa.mx\/tienda\/#organization"},"potentialAction":[{"@type":"SearchAction","target":{"@type":"EntryPoint","urlTemplate":"https:\/\/abaa.mx\/tienda\/?s={search_term_string}"},"query-input":{"@type":"PropertyValueSpecification","valueRequired":true,"valueName":"search_term_string"}}],"inLanguage":"es"},{"@type":"Organization","@id":"https:\/\/abaa.mx\/tienda\/#organization","name":"Abaa tienda online","url":"https:\/\/abaa.mx\/tienda\/","logo":{"@type":"ImageObject","inLanguage":"es","@id":"https:\/\/abaa.mx\/tienda\/#\/schema\/logo\/image\/","url":"https:\/\/abaa.mx\/tienda\/wp-content\/uploads\/2024\/01\/abaa-metrologia-tienda.png","contentUrl":"https:\/\/abaa.mx\/tienda\/wp-content\/uploads\/2024\/01\/abaa-metrologia-tienda.png","width":300,"height":141,"caption":"Abaa tienda online"},"image":{"@id":"https:\/\/abaa.mx\/tienda\/#\/schema\/logo\/image\/"}}]}},"_links":{"self":[{"href":"https:\/\/abaa.mx\/tienda\/wp-json\/wp\/v2\/product\/2565","targetHints":{"allow":["GET"]}}],"collection":[{"href":"https:\/\/abaa.mx\/tienda\/wp-json\/wp\/v2\/product"}],"about":[{"href":"https:\/\/abaa.mx\/tienda\/wp-json\/wp\/v2\/types\/product"}],"replies":[{"embeddable":true,"href":"https:\/\/abaa.mx\/tienda\/wp-json\/wp\/v2\/comments?post=2565"}],"wp:featuredmedia":[{"embeddable":true,"href":"https:\/\/abaa.mx\/tienda\/wp-json\/wp\/v2\/media\/2566"}],"wp:attachment":[{"href":"https:\/\/abaa.mx\/tienda\/wp-json\/wp\/v2\/media?parent=2565"}],"wp:term":[{"taxonomy":"product_brand","embeddable":true,"href":"https:\/\/abaa.mx\/tienda\/wp-json\/wp\/v2\/product_brand?post=2565"},{"taxonomy":"product_cat","embeddable":true,"href":"https:\/\/abaa.mx\/tienda\/wp-json\/wp\/v2\/product_cat?post=2565"},{"taxonomy":"product_tag","embeddable":true,"href":"https:\/\/abaa.mx\/tienda\/wp-json\/wp\/v2\/product_tag?post=2565"}],"curies":[{"name":"wp","href":"https:\/\/api.w.org\/{rel}","templated":true}]}}