{"id":2563,"date":"2023-09-21T21:49:06","date_gmt":"2023-09-21T21:49:06","guid":{"rendered":"https:\/\/abaa.mx\/tienda\/?post_type=product&#038;p=2563"},"modified":"2024-01-17T16:10:34","modified_gmt":"2024-01-17T16:10:34","slug":"yellow-jacket-49017-medidor-de-refrigeracion-digital","status":"publish","type":"product","link":"https:\/\/abaa.mx\/tienda\/yellow-jacket-49017-medidor-de-refrigeracion-digital\/","title":{"rendered":"Yellow jacket 49017 medidor de refrigeraci\u00f3n digital"},"content":{"rendered":"<div class=\"a-row\">\n<div class=\"a-column a-span6\">\n<h5>Caracter\u00edsticas:<\/h5>\n<ul class=\"a-unordered-list a-vertical a-spacing-mini\">\n<li class=\"a-spacing-mini\"><span class=\"a-list-item\">Medidor digital\u00a0<\/span><\/li>\n<li class=\"a-spacing-mini\"><span class=\"a-list-item\">Indicador de repuesto<\/span><\/li>\n<li class=\"a-spacing-mini\"><span class=\"a-list-item\">Funci\u00f3n de presi\u00f3n cero<\/span><\/li>\n<li class=\"a-spacing-mini\"><span class=\"a-list-item\">Garant\u00eda de un a\u00f1o<\/span><\/li>\n<li class=\"a-spacing-mini\"><span class=\"a-list-item\">Apagado autom\u00e1tico: 10 minutos<\/span><\/li>\n<\/ul>\n<h5 class=\"a-size-medium a-spacing-small\">Especificaciones t\u00e9cnicas<\/h5>\n<\/div>\n<\/div>\n<div class=\"a-expander-content a-expander-extend-content\" aria-expanded=\"true\">\n<div class=\"a-row a-expander-container a-expander-inline-container\">\n<div class=\"a-expander-content a-expander-section-content a-section-expander-inner\" aria-expanded=\"true\">\n<table id=\"productDetails_techSpec_section_1\" class=\"a-keyvalue prodDetTable\" role=\"presentation\">\n<tbody>\n<tr>\n<th class=\"a-color-secondary a-size-base prodDetSectionEntry\">Nombre de marca<\/th>\n<td class=\"a-size-base prodDetAttrValue\">Chaqueta amarilla<\/td>\n<\/tr>\n<tr>\n<th class=\"a-color-secondary a-size-base prodDetSectionEntry\">Informaci\u00f3n del modelo<\/th>\n<td class=\"a-size-base prodDetAttrValue\">\u200e49017<\/td>\n<\/tr>\n<tr>\n<th class=\"a-color-secondary a-size-base prodDetSectionEntry\">Dimensiones del paquete<\/th>\n<td class=\"a-size-base prodDetAttrValue\">\u200e6,81 x 4,76 x 1,81 pulgadas<\/td>\n<\/tr>\n<tr>\n<th class=\"a-color-secondary a-size-base prodDetSectionEntry\">N\u00famero de modelo del producto<\/th>\n<td class=\"a-size-base prodDetAttrValue\">\u200e49017<\/td>\n<\/tr>\n<tr>\n<th class=\"a-color-secondary a-size-base prodDetSectionEntry\">Pilas<\/th>\n<td class=\"a-size-base prodDetAttrValue\">\u200e1 CR123A (Tipo de pila necesaria)<\/td>\n<\/tr>\n<tr>\n<th class=\"a-color-secondary a-size-base prodDetSectionEntry\">N\u00famero de parte<\/th>\n<td class=\"a-size-base prodDetAttrValue\">\u200e49017<\/td>\n<\/tr>\n<tr>\n<th class=\"a-color-secondary a-size-base prodDetSectionEntry\">Color<\/th>\n<td class=\"a-size-base prodDetAttrValue\">\u200eAmarillo<\/td>\n<\/tr>\n<tr>\n<th class=\"a-color-secondary a-size-base prodDetSectionEntry\">\u00bfSe incluyen las bater\u00edas?<\/th>\n<td class=\"a-size-base prodDetAttrValue\">\u200eNo<\/td>\n<\/tr>\n<tr>\n<th class=\"a-color-secondary a-size-base prodDetSectionEntry\">\u00bfSe necesitan bater\u00edas?<\/th>\n<td class=\"a-size-base prodDetAttrValue\">\u200eNo<\/td>\n<\/tr>\n<\/tbody>\n<\/table>\n<\/div>\n<\/div>\n<\/div>\n","protected":false},"excerpt":{"rendered":"<p>Los medidores LCD retroiluminados de 3-1\/8\u00e2\u00e2&#8217;\u00ac\u00c2 proporcionan mediciones precisas y f\u00e1ciles de leer para las presiones del sistema. Este medidor es capaz de manejar presiones m\u00e1ximas de 800 psi, por lo que no hay preocupaciones sobre la presurizaci\u00f3n. Preprogramados con 21 refrigerantes themon, los medidores digitales Yellow Jacket proporcionar\u00e1n mediciones de presi\u00f3n claras, r\u00e1pidas y precisas para todas las aplicaciones de tu sistema.<\/p>\n","protected":false},"featured_media":10237,"comment_status":"open","ping_status":"closed","template":"","meta":{"_joinchat":[]},"product_brand":[],"product_cat":[15],"product_tag":[],"class_list":{"0":"post-2563","1":"product","2":"type-product","3":"status-publish","4":"has-post-thumbnail","6":"product_cat-sin-categorizar","8":"first","9":"instock","10":"shipping-taxable","11":"product-type-simple"},"yoast_head":"<!-- This site is optimized with the Yoast SEO plugin v26.4 - https:\/\/yoast.com\/wordpress\/plugins\/seo\/ -->\n<title>Yellow jacket 49017 medidor de refrigeraci\u00f3n digital - Abaa tienda online<\/title>\n<meta name=\"robots\" content=\"index, follow, max-snippet:-1, max-image-preview:large, max-video-preview:-1\" \/>\n<link rel=\"canonical\" href=\"https:\/\/abaa.mx\/tienda\/yellow-jacket-49017-medidor-de-refrigeracion-digital\/\" \/>\n<meta property=\"og:locale\" content=\"es_MX\" \/>\n<meta property=\"og:type\" content=\"article\" \/>\n<meta property=\"og:title\" content=\"Yellow jacket 49017 medidor de refrigeraci\u00f3n digital - Abaa tienda online\" \/>\n<meta property=\"og:description\" content=\"Los medidores LCD retroiluminados de 3-1\/8\u00e2\u00e2&#039;\u00ac\u00c2 proporcionan mediciones precisas y f\u00e1ciles de leer para las presiones del sistema. Este medidor es capaz de manejar presiones m\u00e1ximas de 800 psi, por lo que no hay preocupaciones sobre la presurizaci\u00f3n. Preprogramados con 21 refrigerantes themon, los medidores digitales Yellow Jacket proporcionar\u00e1n mediciones de presi\u00f3n claras, r\u00e1pidas y precisas para todas las aplicaciones de tu sistema.\" \/>\n<meta property=\"og:url\" content=\"https:\/\/abaa.mx\/tienda\/yellow-jacket-49017-medidor-de-refrigeracion-digital\/\" \/>\n<meta property=\"og:site_name\" content=\"Abaa tienda online\" \/>\n<meta property=\"article:modified_time\" content=\"2024-01-17T16:10:34+00:00\" \/>\n<meta property=\"og:image\" content=\"https:\/\/abaa.mx\/tienda\/wp-content\/uploads\/2023\/09\/Yellow-jacket-49017-3.jpg\" \/>\n\t<meta property=\"og:image:width\" content=\"423\" \/>\n\t<meta property=\"og:image:height\" content=\"429\" \/>\n\t<meta property=\"og:image:type\" content=\"image\/jpeg\" \/>\n<meta name=\"twitter:card\" content=\"summary_large_image\" \/>\n<meta name=\"twitter:label1\" content=\"Tiempo de lectura\" \/>\n\t<meta name=\"twitter:data1\" content=\"1 minuto\" \/>\n<script type=\"application\/ld+json\" class=\"yoast-schema-graph\">{\"@context\":\"https:\/\/schema.org\",\"@graph\":[{\"@type\":\"WebPage\",\"@id\":\"https:\/\/abaa.mx\/tienda\/yellow-jacket-49017-medidor-de-refrigeracion-digital\/\",\"url\":\"https:\/\/abaa.mx\/tienda\/yellow-jacket-49017-medidor-de-refrigeracion-digital\/\",\"name\":\"Yellow jacket 49017 medidor de refrigeraci\u00f3n digital - Abaa tienda online\",\"isPartOf\":{\"@id\":\"https:\/\/abaa.mx\/tienda\/#website\"},\"primaryImageOfPage\":{\"@id\":\"https:\/\/abaa.mx\/tienda\/yellow-jacket-49017-medidor-de-refrigeracion-digital\/#primaryimage\"},\"image\":{\"@id\":\"https:\/\/abaa.mx\/tienda\/yellow-jacket-49017-medidor-de-refrigeracion-digital\/#primaryimage\"},\"thumbnailUrl\":\"https:\/\/abaa.mx\/tienda\/wp-content\/uploads\/2023\/09\/Yellow-jacket-49017-3.jpg\",\"datePublished\":\"2023-09-21T21:49:06+00:00\",\"dateModified\":\"2024-01-17T16:10:34+00:00\",\"breadcrumb\":{\"@id\":\"https:\/\/abaa.mx\/tienda\/yellow-jacket-49017-medidor-de-refrigeracion-digital\/#breadcrumb\"},\"inLanguage\":\"es\",\"potentialAction\":[{\"@type\":\"ReadAction\",\"target\":[\"https:\/\/abaa.mx\/tienda\/yellow-jacket-49017-medidor-de-refrigeracion-digital\/\"]}]},{\"@type\":\"ImageObject\",\"inLanguage\":\"es\",\"@id\":\"https:\/\/abaa.mx\/tienda\/yellow-jacket-49017-medidor-de-refrigeracion-digital\/#primaryimage\",\"url\":\"https:\/\/abaa.mx\/tienda\/wp-content\/uploads\/2023\/09\/Yellow-jacket-49017-3.jpg\",\"contentUrl\":\"https:\/\/abaa.mx\/tienda\/wp-content\/uploads\/2023\/09\/Yellow-jacket-49017-3.jpg\",\"width\":423,\"height\":429,\"caption\":\"Yellow jacket 49017\"},{\"@type\":\"BreadcrumbList\",\"@id\":\"https:\/\/abaa.mx\/tienda\/yellow-jacket-49017-medidor-de-refrigeracion-digital\/#breadcrumb\",\"itemListElement\":[{\"@type\":\"ListItem\",\"position\":1,\"name\":\"Inicio\",\"item\":\"https:\/\/abaa.mx\/tienda\/\"},{\"@type\":\"ListItem\",\"position\":2,\"name\":\"Tienda\",\"item\":\"https:\/\/abaa.mx\/tienda\/\"},{\"@type\":\"ListItem\",\"position\":3,\"name\":\"Yellow jacket 49017 medidor de refrigeraci\u00f3n digital\"}]},{\"@type\":\"WebSite\",\"@id\":\"https:\/\/abaa.mx\/tienda\/#website\",\"url\":\"https:\/\/abaa.mx\/tienda\/\",\"name\":\"Abaa tienda online\",\"description\":\"Instrumentos de medici\u00f3n\",\"publisher\":{\"@id\":\"https:\/\/abaa.mx\/tienda\/#organization\"},\"potentialAction\":[{\"@type\":\"SearchAction\",\"target\":{\"@type\":\"EntryPoint\",\"urlTemplate\":\"https:\/\/abaa.mx\/tienda\/?s={search_term_string}\"},\"query-input\":{\"@type\":\"PropertyValueSpecification\",\"valueRequired\":true,\"valueName\":\"search_term_string\"}}],\"inLanguage\":\"es\"},{\"@type\":\"Organization\",\"@id\":\"https:\/\/abaa.mx\/tienda\/#organization\",\"name\":\"Abaa tienda online\",\"url\":\"https:\/\/abaa.mx\/tienda\/\",\"logo\":{\"@type\":\"ImageObject\",\"inLanguage\":\"es\",\"@id\":\"https:\/\/abaa.mx\/tienda\/#\/schema\/logo\/image\/\",\"url\":\"https:\/\/abaa.mx\/tienda\/wp-content\/uploads\/2024\/01\/abaa-metrologia-tienda.png\",\"contentUrl\":\"https:\/\/abaa.mx\/tienda\/wp-content\/uploads\/2024\/01\/abaa-metrologia-tienda.png\",\"width\":300,\"height\":141,\"caption\":\"Abaa tienda online\"},\"image\":{\"@id\":\"https:\/\/abaa.mx\/tienda\/#\/schema\/logo\/image\/\"}}]}<\/script>\n<!-- \/ Yoast SEO plugin. -->","yoast_head_json":{"title":"Yellow jacket 49017 medidor de refrigeraci\u00f3n digital - Abaa tienda online","robots":{"index":"index","follow":"follow","max-snippet":"max-snippet:-1","max-image-preview":"max-image-preview:large","max-video-preview":"max-video-preview:-1"},"canonical":"https:\/\/abaa.mx\/tienda\/yellow-jacket-49017-medidor-de-refrigeracion-digital\/","og_locale":"es_MX","og_type":"article","og_title":"Yellow jacket 49017 medidor de refrigeraci\u00f3n digital - Abaa tienda online","og_description":"Los medidores LCD retroiluminados de 3-1\/8\u00e2\u00e2'\u00ac\u00c2 proporcionan mediciones precisas y f\u00e1ciles de leer para las presiones del sistema. Este medidor es capaz de manejar presiones m\u00e1ximas de 800 psi, por lo que no hay preocupaciones sobre la presurizaci\u00f3n. Preprogramados con 21 refrigerantes themon, los medidores digitales Yellow Jacket proporcionar\u00e1n mediciones de presi\u00f3n claras, r\u00e1pidas y precisas para todas las aplicaciones de tu sistema.","og_url":"https:\/\/abaa.mx\/tienda\/yellow-jacket-49017-medidor-de-refrigeracion-digital\/","og_site_name":"Abaa tienda online","article_modified_time":"2024-01-17T16:10:34+00:00","og_image":[{"width":423,"height":429,"url":"https:\/\/abaa.mx\/tienda\/wp-content\/uploads\/2023\/09\/Yellow-jacket-49017-3.jpg","type":"image\/jpeg"}],"twitter_card":"summary_large_image","twitter_misc":{"Tiempo de lectura":"1 minuto"},"schema":{"@context":"https:\/\/schema.org","@graph":[{"@type":"WebPage","@id":"https:\/\/abaa.mx\/tienda\/yellow-jacket-49017-medidor-de-refrigeracion-digital\/","url":"https:\/\/abaa.mx\/tienda\/yellow-jacket-49017-medidor-de-refrigeracion-digital\/","name":"Yellow jacket 49017 medidor de refrigeraci\u00f3n digital - Abaa tienda online","isPartOf":{"@id":"https:\/\/abaa.mx\/tienda\/#website"},"primaryImageOfPage":{"@id":"https:\/\/abaa.mx\/tienda\/yellow-jacket-49017-medidor-de-refrigeracion-digital\/#primaryimage"},"image":{"@id":"https:\/\/abaa.mx\/tienda\/yellow-jacket-49017-medidor-de-refrigeracion-digital\/#primaryimage"},"thumbnailUrl":"https:\/\/abaa.mx\/tienda\/wp-content\/uploads\/2023\/09\/Yellow-jacket-49017-3.jpg","datePublished":"2023-09-21T21:49:06+00:00","dateModified":"2024-01-17T16:10:34+00:00","breadcrumb":{"@id":"https:\/\/abaa.mx\/tienda\/yellow-jacket-49017-medidor-de-refrigeracion-digital\/#breadcrumb"},"inLanguage":"es","potentialAction":[{"@type":"ReadAction","target":["https:\/\/abaa.mx\/tienda\/yellow-jacket-49017-medidor-de-refrigeracion-digital\/"]}]},{"@type":"ImageObject","inLanguage":"es","@id":"https:\/\/abaa.mx\/tienda\/yellow-jacket-49017-medidor-de-refrigeracion-digital\/#primaryimage","url":"https:\/\/abaa.mx\/tienda\/wp-content\/uploads\/2023\/09\/Yellow-jacket-49017-3.jpg","contentUrl":"https:\/\/abaa.mx\/tienda\/wp-content\/uploads\/2023\/09\/Yellow-jacket-49017-3.jpg","width":423,"height":429,"caption":"Yellow jacket 49017"},{"@type":"BreadcrumbList","@id":"https:\/\/abaa.mx\/tienda\/yellow-jacket-49017-medidor-de-refrigeracion-digital\/#breadcrumb","itemListElement":[{"@type":"ListItem","position":1,"name":"Inicio","item":"https:\/\/abaa.mx\/tienda\/"},{"@type":"ListItem","position":2,"name":"Tienda","item":"https:\/\/abaa.mx\/tienda\/"},{"@type":"ListItem","position":3,"name":"Yellow jacket 49017 medidor de refrigeraci\u00f3n digital"}]},{"@type":"WebSite","@id":"https:\/\/abaa.mx\/tienda\/#website","url":"https:\/\/abaa.mx\/tienda\/","name":"Abaa tienda online","description":"Instrumentos de medici\u00f3n","publisher":{"@id":"https:\/\/abaa.mx\/tienda\/#organization"},"potentialAction":[{"@type":"SearchAction","target":{"@type":"EntryPoint","urlTemplate":"https:\/\/abaa.mx\/tienda\/?s={search_term_string}"},"query-input":{"@type":"PropertyValueSpecification","valueRequired":true,"valueName":"search_term_string"}}],"inLanguage":"es"},{"@type":"Organization","@id":"https:\/\/abaa.mx\/tienda\/#organization","name":"Abaa tienda online","url":"https:\/\/abaa.mx\/tienda\/","logo":{"@type":"ImageObject","inLanguage":"es","@id":"https:\/\/abaa.mx\/tienda\/#\/schema\/logo\/image\/","url":"https:\/\/abaa.mx\/tienda\/wp-content\/uploads\/2024\/01\/abaa-metrologia-tienda.png","contentUrl":"https:\/\/abaa.mx\/tienda\/wp-content\/uploads\/2024\/01\/abaa-metrologia-tienda.png","width":300,"height":141,"caption":"Abaa tienda online"},"image":{"@id":"https:\/\/abaa.mx\/tienda\/#\/schema\/logo\/image\/"}}]}},"_links":{"self":[{"href":"https:\/\/abaa.mx\/tienda\/wp-json\/wp\/v2\/product\/2563","targetHints":{"allow":["GET"]}}],"collection":[{"href":"https:\/\/abaa.mx\/tienda\/wp-json\/wp\/v2\/product"}],"about":[{"href":"https:\/\/abaa.mx\/tienda\/wp-json\/wp\/v2\/types\/product"}],"replies":[{"embeddable":true,"href":"https:\/\/abaa.mx\/tienda\/wp-json\/wp\/v2\/comments?post=2563"}],"wp:featuredmedia":[{"embeddable":true,"href":"https:\/\/abaa.mx\/tienda\/wp-json\/wp\/v2\/media\/10237"}],"wp:attachment":[{"href":"https:\/\/abaa.mx\/tienda\/wp-json\/wp\/v2\/media?parent=2563"}],"wp:term":[{"taxonomy":"product_brand","embeddable":true,"href":"https:\/\/abaa.mx\/tienda\/wp-json\/wp\/v2\/product_brand?post=2563"},{"taxonomy":"product_cat","embeddable":true,"href":"https:\/\/abaa.mx\/tienda\/wp-json\/wp\/v2\/product_cat?post=2563"},{"taxonomy":"product_tag","embeddable":true,"href":"https:\/\/abaa.mx\/tienda\/wp-json\/wp\/v2\/product_tag?post=2563"}],"curies":[{"name":"wp","href":"https:\/\/api.w.org\/{rel}","templated":true}]}}