{"id":2560,"date":"2023-09-21T21:38:38","date_gmt":"2023-09-21T21:38:38","guid":{"rendered":"https:\/\/abaa.mx\/tienda\/?post_type=product&#038;p=2560"},"modified":"2023-09-21T21:38:39","modified_gmt":"2023-09-21T21:38:39","slug":"termometro-plegable-para-el-servicio-de-alimentos-testo-103","status":"publish","type":"product","link":"https:\/\/abaa.mx\/tienda\/termometro-plegable-para-el-servicio-de-alimentos-testo-103\/","title":{"rendered":"term\u00f3metro plegable para el servicio de alimentos testo 103"},"content":{"rendered":"<p>El term\u00f3metro para alimentos testo 103 es el term\u00f3metro de sonda de alimentos plegable m\u00e1s peque\u00f1o de su clase. Con poco m\u00e1s de 4 pulgadas. Es tan peque\u00f1o que cabe en el bolsillo de cualquier camisa o pantal\u00f3n. Y debido a que la sonda se puede plegar, no puede romperse ni causar ning\u00fan da\u00f1o o da\u00f1o.<\/p>\n<p>La punta delgada y resistente del sensor del term\u00f3metro pr\u00e1cticamente no deja rastro cuando se utiliza para realizar comprobaciones puntuales en medios l\u00edquidos y semis\u00f3lidos. Es ideal para revisar mercanc\u00edas entrantes, servicios de catering, cocinas comerciales, c\u00e1maras frigor\u00edficas y supermercados. Se puede utilizar en cualquier lugar donde se vendan, almacenen o procesen alimentos para garantizar que se mantengan las temperaturas y se cumplan los est\u00e1ndares de calidad e higiene.<\/p>\n<p>La sonda tambi\u00e9n puede medir la temperatura central de los alimentos en un \u00e1ngulo de solo 30\u00b0. Esto es particularmente importante ya que no siempre es posible medir en un \u00e1ngulo de 180\u00b0, es decir, cuando los alimentos est\u00e1n almacenados, apilados en cajas o en exhibici\u00f3n.<\/p>\n<p>Cuando haya terminado, simplemente doble la sonda y vuelva a meter el term\u00f3metro en su bolsillo. El term\u00f3metro de sonda alimentaria testo 103 no solo cumple con HACCP y cuenta con la certificaci\u00f3n EN 13485, sino que tambi\u00e9n protege contra salpicaduras de agua, lo que lo hace ideal para su uso en el sector alimentario.<\/p>\n<p><strong>Funciones<\/strong><\/p>\n<ul>\n<li>Ideal para usar con alimentos: cumple con HACCP \/ certificado seg\u00fan EN 13485<\/li>\n<li>Protecci\u00f3n contra salpicaduras de agua \/ clasificaci\u00f3n IP55<\/li>\n<li>Pr\u00e1ctico mecanismo de plegado para una medici\u00f3n r\u00e1pida y f\u00e1cil \/ cabe en cualquier bolsillo de camisa o pantal\u00f3n<\/li>\n<li>Tecnolog\u00eda f\u00e1cil de usar y de alta precisi\u00f3n<\/li>\n<\/ul>\n<h4>Testo 103 Especificaciones<\/h4>\n<table class=\"table table-striped\">\n<tbody>\n<tr>\n<td colspan=\"2\"><strong>NTC<\/strong><\/td>\n<\/tr>\n<tr>\n<td>Rango de medici\u00f3n<\/td>\n<td>-58 hasta +527 \u00b0F<\/td>\n<\/tr>\n<tr>\n<td>Exactitud<\/td>\n<td>\u00b11.8 \u00b0F (+212 a +527 \u00b0F)\u00b10.9 \u00b0F (-22 a +211.82 \u00b0F)\u00b11.8 \u00b0F (-58 a -22.18 \u00b0F)<\/td>\n<\/tr>\n<tr>\n<td>Resoluci\u00f3n<\/td>\n<td>0.1 \u00b0F<\/td>\n<\/tr>\n<tr>\n<td colspan=\"2\"><strong>Especificaciones generales<\/strong><\/td>\n<\/tr>\n<tr>\n<td>Temperatura de almacenamiento<\/td>\n<td>-40 a 158\u00b0F<\/td>\n<\/tr>\n<tr>\n<td>Temperatura de funcionamiento<\/td>\n<td>-4 a 122\u00b0F<\/td>\n<\/tr>\n<tr>\n<td>Tipo de bater\u00eda<\/td>\n<td>2 bater\u00edas de litio (CR2032)<\/td>\n<\/tr>\n<tr>\n<td>Duraci\u00f3n de la bater\u00eda<\/td>\n<td>300 horas<\/td>\n<\/tr>\n<tr>\n<td>Dimensiones<\/td>\n<td>8,46 x 1,34 x 0,75 pulgadas<\/td>\n<\/tr>\n<tr>\n<td>Material de la carcasa<\/td>\n<td>ABS<\/td>\n<\/tr>\n<\/tbody>\n<\/table>\n","protected":false},"excerpt":{"rendered":"<p>El term\u00f3metro para alimentos testo 103 es el term\u00f3metro de sonda de alimentos plegable m\u00e1s peque\u00f1o de su clase. Con poco m\u00e1s de 4 pulgadas. Es tan peque\u00f1o que cabe en el bolsillo de cualquier camisa o pantal\u00f3n. Y debido a que la sonda se puede plegar, no puede romperse ni causar ning\u00fan da\u00f1o o da\u00f1o.<\/p>\n<p>La punta delgada y resistente del sensor del term\u00f3metro pr\u00e1cticamente no deja rastro cuando se utiliza para realizar comprobaciones puntuales en medios l\u00edquidos y semis\u00f3lidos. Es ideal para revisar mercanc\u00edas entrantes, servicios de catering, cocinas comerciales, c\u00e1maras frigor\u00edficas y supermercados. Se puede utilizar en cualquier lugar donde se vendan, almacenen o procesen alimentos para garantizar que se mantengan las temperaturas y se cumplan los est\u00e1ndares de calidad e higiene.<\/p>\n","protected":false},"featured_media":2561,"comment_status":"open","ping_status":"closed","template":"","meta":{"_joinchat":[]},"product_brand":[],"product_cat":[15],"product_tag":[],"class_list":{"0":"post-2560","1":"product","2":"type-product","3":"status-publish","4":"has-post-thumbnail","6":"product_cat-sin-categorizar","8":"first","9":"instock","10":"shipping-taxable","11":"product-type-simple"},"yoast_head":"<!-- This site is optimized with the Yoast SEO plugin v26.4 - https:\/\/yoast.com\/wordpress\/plugins\/seo\/ -->\n<title>term\u00f3metro plegable para el servicio de alimentos testo 103 - Abaa tienda online<\/title>\n<meta name=\"robots\" content=\"index, follow, max-snippet:-1, max-image-preview:large, max-video-preview:-1\" \/>\n<link rel=\"canonical\" href=\"https:\/\/abaa.mx\/tienda\/termometro-plegable-para-el-servicio-de-alimentos-testo-103\/\" \/>\n<meta property=\"og:locale\" content=\"es_MX\" \/>\n<meta property=\"og:type\" content=\"article\" \/>\n<meta property=\"og:title\" content=\"term\u00f3metro plegable para el servicio de alimentos testo 103 - Abaa tienda online\" \/>\n<meta property=\"og:description\" content=\"El term\u00f3metro para alimentos testo 103 es el term\u00f3metro de sonda de alimentos plegable m\u00e1s peque\u00f1o de su clase. Con poco m\u00e1s de 4 pulgadas. Es tan peque\u00f1o que cabe en el bolsillo de cualquier camisa o pantal\u00f3n. Y debido a que la sonda se puede plegar, no puede romperse ni causar ning\u00fan da\u00f1o o da\u00f1o.  La punta delgada y resistente del sensor del term\u00f3metro pr\u00e1cticamente no deja rastro cuando se utiliza para realizar comprobaciones puntuales en medios l\u00edquidos y semis\u00f3lidos. Es ideal para revisar mercanc\u00edas entrantes, servicios de catering, cocinas comerciales, c\u00e1maras frigor\u00edficas y supermercados. Se puede utilizar en cualquier lugar donde se vendan, almacenen o procesen alimentos para garantizar que se mantengan las temperaturas y se cumplan los est\u00e1ndares de calidad e higiene.\" \/>\n<meta property=\"og:url\" content=\"https:\/\/abaa.mx\/tienda\/termometro-plegable-para-el-servicio-de-alimentos-testo-103\/\" \/>\n<meta property=\"og:site_name\" content=\"Abaa tienda online\" \/>\n<meta property=\"article:modified_time\" content=\"2023-09-21T21:38:39+00:00\" \/>\n<meta property=\"og:image\" content=\"https:\/\/abaa.mx\/tienda\/wp-content\/uploads\/2023\/09\/103.jpg\" \/>\n\t<meta property=\"og:image:width\" content=\"270\" \/>\n\t<meta property=\"og:image:height\" content=\"331\" \/>\n\t<meta property=\"og:image:type\" content=\"image\/jpeg\" \/>\n<meta name=\"twitter:card\" content=\"summary_large_image\" \/>\n<meta name=\"twitter:label1\" content=\"Tiempo de lectura\" \/>\n\t<meta name=\"twitter:data1\" content=\"2 minutos\" \/>\n<script type=\"application\/ld+json\" class=\"yoast-schema-graph\">{\"@context\":\"https:\/\/schema.org\",\"@graph\":[{\"@type\":\"WebPage\",\"@id\":\"https:\/\/abaa.mx\/tienda\/termometro-plegable-para-el-servicio-de-alimentos-testo-103\/\",\"url\":\"https:\/\/abaa.mx\/tienda\/termometro-plegable-para-el-servicio-de-alimentos-testo-103\/\",\"name\":\"term\u00f3metro plegable para el servicio de alimentos testo 103 - Abaa tienda online\",\"isPartOf\":{\"@id\":\"https:\/\/abaa.mx\/tienda\/#website\"},\"primaryImageOfPage\":{\"@id\":\"https:\/\/abaa.mx\/tienda\/termometro-plegable-para-el-servicio-de-alimentos-testo-103\/#primaryimage\"},\"image\":{\"@id\":\"https:\/\/abaa.mx\/tienda\/termometro-plegable-para-el-servicio-de-alimentos-testo-103\/#primaryimage\"},\"thumbnailUrl\":\"https:\/\/abaa.mx\/tienda\/wp-content\/uploads\/2023\/09\/103.jpg\",\"datePublished\":\"2023-09-21T21:38:38+00:00\",\"dateModified\":\"2023-09-21T21:38:39+00:00\",\"breadcrumb\":{\"@id\":\"https:\/\/abaa.mx\/tienda\/termometro-plegable-para-el-servicio-de-alimentos-testo-103\/#breadcrumb\"},\"inLanguage\":\"es\",\"potentialAction\":[{\"@type\":\"ReadAction\",\"target\":[\"https:\/\/abaa.mx\/tienda\/termometro-plegable-para-el-servicio-de-alimentos-testo-103\/\"]}]},{\"@type\":\"ImageObject\",\"inLanguage\":\"es\",\"@id\":\"https:\/\/abaa.mx\/tienda\/termometro-plegable-para-el-servicio-de-alimentos-testo-103\/#primaryimage\",\"url\":\"https:\/\/abaa.mx\/tienda\/wp-content\/uploads\/2023\/09\/103.jpg\",\"contentUrl\":\"https:\/\/abaa.mx\/tienda\/wp-content\/uploads\/2023\/09\/103.jpg\",\"width\":270,\"height\":331,\"caption\":\"103\"},{\"@type\":\"BreadcrumbList\",\"@id\":\"https:\/\/abaa.mx\/tienda\/termometro-plegable-para-el-servicio-de-alimentos-testo-103\/#breadcrumb\",\"itemListElement\":[{\"@type\":\"ListItem\",\"position\":1,\"name\":\"Inicio\",\"item\":\"https:\/\/abaa.mx\/tienda\/\"},{\"@type\":\"ListItem\",\"position\":2,\"name\":\"Tienda\",\"item\":\"https:\/\/abaa.mx\/tienda\/\"},{\"@type\":\"ListItem\",\"position\":3,\"name\":\"term\u00f3metro plegable para el servicio de alimentos testo 103\"}]},{\"@type\":\"WebSite\",\"@id\":\"https:\/\/abaa.mx\/tienda\/#website\",\"url\":\"https:\/\/abaa.mx\/tienda\/\",\"name\":\"Abaa tienda online\",\"description\":\"Instrumentos de medici\u00f3n\",\"publisher\":{\"@id\":\"https:\/\/abaa.mx\/tienda\/#organization\"},\"potentialAction\":[{\"@type\":\"SearchAction\",\"target\":{\"@type\":\"EntryPoint\",\"urlTemplate\":\"https:\/\/abaa.mx\/tienda\/?s={search_term_string}\"},\"query-input\":{\"@type\":\"PropertyValueSpecification\",\"valueRequired\":true,\"valueName\":\"search_term_string\"}}],\"inLanguage\":\"es\"},{\"@type\":\"Organization\",\"@id\":\"https:\/\/abaa.mx\/tienda\/#organization\",\"name\":\"Abaa tienda online\",\"url\":\"https:\/\/abaa.mx\/tienda\/\",\"logo\":{\"@type\":\"ImageObject\",\"inLanguage\":\"es\",\"@id\":\"https:\/\/abaa.mx\/tienda\/#\/schema\/logo\/image\/\",\"url\":\"https:\/\/abaa.mx\/tienda\/wp-content\/uploads\/2024\/01\/abaa-metrologia-tienda.png\",\"contentUrl\":\"https:\/\/abaa.mx\/tienda\/wp-content\/uploads\/2024\/01\/abaa-metrologia-tienda.png\",\"width\":300,\"height\":141,\"caption\":\"Abaa tienda online\"},\"image\":{\"@id\":\"https:\/\/abaa.mx\/tienda\/#\/schema\/logo\/image\/\"}}]}<\/script>\n<!-- \/ Yoast SEO plugin. -->","yoast_head_json":{"title":"term\u00f3metro plegable para el servicio de alimentos testo 103 - Abaa tienda online","robots":{"index":"index","follow":"follow","max-snippet":"max-snippet:-1","max-image-preview":"max-image-preview:large","max-video-preview":"max-video-preview:-1"},"canonical":"https:\/\/abaa.mx\/tienda\/termometro-plegable-para-el-servicio-de-alimentos-testo-103\/","og_locale":"es_MX","og_type":"article","og_title":"term\u00f3metro plegable para el servicio de alimentos testo 103 - Abaa tienda online","og_description":"El term\u00f3metro para alimentos testo 103 es el term\u00f3metro de sonda de alimentos plegable m\u00e1s peque\u00f1o de su clase. Con poco m\u00e1s de 4 pulgadas. Es tan peque\u00f1o que cabe en el bolsillo de cualquier camisa o pantal\u00f3n. Y debido a que la sonda se puede plegar, no puede romperse ni causar ning\u00fan da\u00f1o o da\u00f1o.  La punta delgada y resistente del sensor del term\u00f3metro pr\u00e1cticamente no deja rastro cuando se utiliza para realizar comprobaciones puntuales en medios l\u00edquidos y semis\u00f3lidos. Es ideal para revisar mercanc\u00edas entrantes, servicios de catering, cocinas comerciales, c\u00e1maras frigor\u00edficas y supermercados. Se puede utilizar en cualquier lugar donde se vendan, almacenen o procesen alimentos para garantizar que se mantengan las temperaturas y se cumplan los est\u00e1ndares de calidad e higiene.","og_url":"https:\/\/abaa.mx\/tienda\/termometro-plegable-para-el-servicio-de-alimentos-testo-103\/","og_site_name":"Abaa tienda online","article_modified_time":"2023-09-21T21:38:39+00:00","og_image":[{"width":270,"height":331,"url":"https:\/\/abaa.mx\/tienda\/wp-content\/uploads\/2023\/09\/103.jpg","type":"image\/jpeg"}],"twitter_card":"summary_large_image","twitter_misc":{"Tiempo de lectura":"2 minutos"},"schema":{"@context":"https:\/\/schema.org","@graph":[{"@type":"WebPage","@id":"https:\/\/abaa.mx\/tienda\/termometro-plegable-para-el-servicio-de-alimentos-testo-103\/","url":"https:\/\/abaa.mx\/tienda\/termometro-plegable-para-el-servicio-de-alimentos-testo-103\/","name":"term\u00f3metro plegable para el servicio de alimentos testo 103 - Abaa tienda online","isPartOf":{"@id":"https:\/\/abaa.mx\/tienda\/#website"},"primaryImageOfPage":{"@id":"https:\/\/abaa.mx\/tienda\/termometro-plegable-para-el-servicio-de-alimentos-testo-103\/#primaryimage"},"image":{"@id":"https:\/\/abaa.mx\/tienda\/termometro-plegable-para-el-servicio-de-alimentos-testo-103\/#primaryimage"},"thumbnailUrl":"https:\/\/abaa.mx\/tienda\/wp-content\/uploads\/2023\/09\/103.jpg","datePublished":"2023-09-21T21:38:38+00:00","dateModified":"2023-09-21T21:38:39+00:00","breadcrumb":{"@id":"https:\/\/abaa.mx\/tienda\/termometro-plegable-para-el-servicio-de-alimentos-testo-103\/#breadcrumb"},"inLanguage":"es","potentialAction":[{"@type":"ReadAction","target":["https:\/\/abaa.mx\/tienda\/termometro-plegable-para-el-servicio-de-alimentos-testo-103\/"]}]},{"@type":"ImageObject","inLanguage":"es","@id":"https:\/\/abaa.mx\/tienda\/termometro-plegable-para-el-servicio-de-alimentos-testo-103\/#primaryimage","url":"https:\/\/abaa.mx\/tienda\/wp-content\/uploads\/2023\/09\/103.jpg","contentUrl":"https:\/\/abaa.mx\/tienda\/wp-content\/uploads\/2023\/09\/103.jpg","width":270,"height":331,"caption":"103"},{"@type":"BreadcrumbList","@id":"https:\/\/abaa.mx\/tienda\/termometro-plegable-para-el-servicio-de-alimentos-testo-103\/#breadcrumb","itemListElement":[{"@type":"ListItem","position":1,"name":"Inicio","item":"https:\/\/abaa.mx\/tienda\/"},{"@type":"ListItem","position":2,"name":"Tienda","item":"https:\/\/abaa.mx\/tienda\/"},{"@type":"ListItem","position":3,"name":"term\u00f3metro plegable para el servicio de alimentos testo 103"}]},{"@type":"WebSite","@id":"https:\/\/abaa.mx\/tienda\/#website","url":"https:\/\/abaa.mx\/tienda\/","name":"Abaa tienda online","description":"Instrumentos de medici\u00f3n","publisher":{"@id":"https:\/\/abaa.mx\/tienda\/#organization"},"potentialAction":[{"@type":"SearchAction","target":{"@type":"EntryPoint","urlTemplate":"https:\/\/abaa.mx\/tienda\/?s={search_term_string}"},"query-input":{"@type":"PropertyValueSpecification","valueRequired":true,"valueName":"search_term_string"}}],"inLanguage":"es"},{"@type":"Organization","@id":"https:\/\/abaa.mx\/tienda\/#organization","name":"Abaa tienda online","url":"https:\/\/abaa.mx\/tienda\/","logo":{"@type":"ImageObject","inLanguage":"es","@id":"https:\/\/abaa.mx\/tienda\/#\/schema\/logo\/image\/","url":"https:\/\/abaa.mx\/tienda\/wp-content\/uploads\/2024\/01\/abaa-metrologia-tienda.png","contentUrl":"https:\/\/abaa.mx\/tienda\/wp-content\/uploads\/2024\/01\/abaa-metrologia-tienda.png","width":300,"height":141,"caption":"Abaa tienda online"},"image":{"@id":"https:\/\/abaa.mx\/tienda\/#\/schema\/logo\/image\/"}}]}},"_links":{"self":[{"href":"https:\/\/abaa.mx\/tienda\/wp-json\/wp\/v2\/product\/2560","targetHints":{"allow":["GET"]}}],"collection":[{"href":"https:\/\/abaa.mx\/tienda\/wp-json\/wp\/v2\/product"}],"about":[{"href":"https:\/\/abaa.mx\/tienda\/wp-json\/wp\/v2\/types\/product"}],"replies":[{"embeddable":true,"href":"https:\/\/abaa.mx\/tienda\/wp-json\/wp\/v2\/comments?post=2560"}],"wp:featuredmedia":[{"embeddable":true,"href":"https:\/\/abaa.mx\/tienda\/wp-json\/wp\/v2\/media\/2561"}],"wp:attachment":[{"href":"https:\/\/abaa.mx\/tienda\/wp-json\/wp\/v2\/media?parent=2560"}],"wp:term":[{"taxonomy":"product_brand","embeddable":true,"href":"https:\/\/abaa.mx\/tienda\/wp-json\/wp\/v2\/product_brand?post=2560"},{"taxonomy":"product_cat","embeddable":true,"href":"https:\/\/abaa.mx\/tienda\/wp-json\/wp\/v2\/product_cat?post=2560"},{"taxonomy":"product_tag","embeddable":true,"href":"https:\/\/abaa.mx\/tienda\/wp-json\/wp\/v2\/product_tag?post=2560"}],"curies":[{"name":"wp","href":"https:\/\/api.w.org\/{rel}","templated":true}]}}