{"id":2554,"date":"2023-09-21T21:32:30","date_gmt":"2023-09-21T21:32:30","guid":{"rendered":"https:\/\/abaa.mx\/tienda\/?post_type=product&#038;p=2554"},"modified":"2023-09-21T21:32:30","modified_gmt":"2023-09-21T21:32:30","slug":"probador-de-aceite-de-cocina-testo-270-kit-0-40-tpm","status":"publish","type":"product","link":"https:\/\/abaa.mx\/tienda\/probador-de-aceite-de-cocina-testo-270-kit-0-40-tpm\/","title":{"rendered":"probador de aceite de cocina testo 270-kit, 0-40% tpm"},"content":{"rendered":"<p>Optimice de forma fiable el uso de aceite de cocina para ahorrar costes y garantizar la protecci\u00f3n de la marca. El probador de aceite de cocina de forma f\u00e1cil, r\u00e1pida y fiable determina la calidad del aceite de cocina. Este probador de aceite de cocina destaca por su dise\u00f1o ergon\u00f3mico, que evita la Exposici\u00f3n de la mano al aceite caliente.<br \/>\nLa alarma clara a trav\u00e9s de la pantalla retroiluminada a color hace que sea a\u00fan m\u00e1s f\u00e1cil evaluar la calidad del aceite de cocina: verde significa que el contenido de TPM est\u00e1 bien. Naranja: el valor de TPM est\u00e1 en el l\u00edmite. Rojo: se ha superado el l\u00edmite de TPM.<\/p>\n<p><strong>Funciones<\/strong><\/p>\n<ul>\n<li>Mango ergon\u00f3mico mejorado y dise\u00f1o robusto<\/li>\n<li>F\u00e1cil de limpiar bajo agua corriente (IP65)<\/li>\n<li>Gran pantalla retroiluminada iluminada e indicaci\u00f3n de alarma visual LED<\/li>\n<li>Funci\u00f3n de retenci\u00f3n y retenci\u00f3n autom\u00e1tica<\/li>\n<\/ul>\n<p><strong>Aplicaciones<\/strong><\/p>\n<ul>\n<li>Servicio de Alimentos<\/li>\n<\/ul>\n<h4>Especificaciones del probador de aceite de cocina testo 270-Kit<\/h4>\n<table class=\"table table-striped\">\n<tbody>\n<tr>\n<td>Rango de medici\u00f3n de PTC<\/td>\n<td>+40 hasta +200\u00b0C<\/td>\n<\/tr>\n<tr>\n<td>Precisi\u00f3n de PTC<\/td>\n<td>\u00b11.5\u00b0F \/\u00b0C<\/td>\n<\/tr>\n<tr>\n<td>Resoluci\u00f3n PTC<\/td>\n<td>0.1 \u00b0F \/ \u00b0C<\/td>\n<\/tr>\n<tr>\n<td>Rango de medici\u00f3n TPM<\/td>\n<td>0,0 a 40,0% TPM<\/td>\n<\/tr>\n<tr>\n<td>Precisi\u00f3n de TPM<\/td>\n<td>\u00b12% TPM (104 a 374 \u00b0F) (+40 a +190 \u00b0C)<\/td>\n<\/tr>\n<tr>\n<td>Resoluci\u00f3n de TPM<\/td>\n<td>0.5% TPM (104 a 374\u00b0F) (+40 a +190\u00b0C)<\/td>\n<\/tr>\n<tr>\n<td>Temperatura de almacenamiento<\/td>\n<td>-20 hasta +70\u00b0C<\/td>\n<\/tr>\n<tr>\n<td>Temperatura de funcionamiento<\/td>\n<td>De 0 a +50\u00b0C<\/td>\n<\/tr>\n<tr>\n<td>Tipo de bater\u00eda<\/td>\n<td>2 pilas AAA<\/td>\n<\/tr>\n<tr>\n<td>Duraci\u00f3n de la bater\u00eda<\/td>\n<td>Aprox. 25 h de funcionamiento continuo (corresponde a aprox. 500 mediciones)<\/td>\n<\/tr>\n<tr>\n<td>Dimensiones<\/td>\n<td>2 x 6,5 x 12&#8243; (50 x 170 x 300 mm)<\/td>\n<\/tr>\n<\/tbody>\n<\/table>\n","protected":false},"excerpt":{"rendered":"<p>Optimice de forma fiable el uso de aceite de cocina para ahorrar costes y garantizar la protecci\u00f3n de la marca. El probador de aceite de cocina de forma f\u00e1cil, r\u00e1pida y fiable determina la calidad del aceite de cocina. Este probador de aceite de cocina destaca por su dise\u00f1o ergon\u00f3mico, que evita la Exposici\u00f3n de la mano al aceite caliente.<br \/>\nLa alarma clara a trav\u00e9s de la pantalla retroiluminada a color hace que sea a\u00fan m\u00e1s f\u00e1cil evaluar la calidad del aceite de cocina: verde significa que el contenido de TPM est\u00e1 bien. Naranja: el valor de TPM est\u00e1 en el l\u00edmite. Rojo: se ha superado el l\u00edmite de TPM.<\/p>\n","protected":false},"featured_media":2555,"comment_status":"open","ping_status":"closed","template":"","meta":{"_joinchat":[]},"product_brand":[],"product_cat":[15],"product_tag":[],"class_list":{"0":"post-2554","1":"product","2":"type-product","3":"status-publish","4":"has-post-thumbnail","6":"product_cat-sin-categorizar","8":"first","9":"instock","10":"shipping-taxable","11":"product-type-simple"},"yoast_head":"<!-- This site is optimized with the Yoast SEO plugin v26.4 - https:\/\/yoast.com\/wordpress\/plugins\/seo\/ -->\n<title>probador de aceite de cocina testo 270-kit, 0-40% tpm - Abaa tienda online<\/title>\n<meta name=\"robots\" content=\"index, follow, max-snippet:-1, max-image-preview:large, max-video-preview:-1\" \/>\n<link rel=\"canonical\" href=\"https:\/\/abaa.mx\/tienda\/probador-de-aceite-de-cocina-testo-270-kit-0-40-tpm\/\" \/>\n<meta property=\"og:locale\" content=\"es_MX\" \/>\n<meta property=\"og:type\" content=\"article\" \/>\n<meta property=\"og:title\" content=\"probador de aceite de cocina testo 270-kit, 0-40% tpm - Abaa tienda online\" \/>\n<meta property=\"og:description\" content=\"Optimice de forma fiable el uso de aceite de cocina para ahorrar costes y garantizar la protecci\u00f3n de la marca. El probador de aceite de cocina de forma f\u00e1cil, r\u00e1pida y fiable determina la calidad del aceite de cocina. Este probador de aceite de cocina destaca por su dise\u00f1o ergon\u00f3mico, que evita la Exposici\u00f3n de la mano al aceite caliente. La alarma clara a trav\u00e9s de la pantalla retroiluminada a color hace que sea a\u00fan m\u00e1s f\u00e1cil evaluar la calidad del aceite de cocina: verde significa que el contenido de TPM est\u00e1 bien. Naranja: el valor de TPM est\u00e1 en el l\u00edmite. Rojo: se ha superado el l\u00edmite de TPM.\" \/>\n<meta property=\"og:url\" content=\"https:\/\/abaa.mx\/tienda\/probador-de-aceite-de-cocina-testo-270-kit-0-40-tpm\/\" \/>\n<meta property=\"og:site_name\" content=\"Abaa tienda online\" \/>\n<meta property=\"og:image\" content=\"https:\/\/abaa.mx\/tienda\/wp-content\/uploads\/2023\/09\/270-KIT.jpg\" \/>\n\t<meta property=\"og:image:width\" content=\"270\" \/>\n\t<meta property=\"og:image:height\" content=\"331\" \/>\n\t<meta property=\"og:image:type\" content=\"image\/jpeg\" \/>\n<meta name=\"twitter:card\" content=\"summary_large_image\" \/>\n<meta name=\"twitter:label1\" content=\"Tiempo de lectura\" \/>\n\t<meta name=\"twitter:data1\" content=\"2 minutos\" \/>\n<script type=\"application\/ld+json\" class=\"yoast-schema-graph\">{\"@context\":\"https:\/\/schema.org\",\"@graph\":[{\"@type\":\"WebPage\",\"@id\":\"https:\/\/abaa.mx\/tienda\/probador-de-aceite-de-cocina-testo-270-kit-0-40-tpm\/\",\"url\":\"https:\/\/abaa.mx\/tienda\/probador-de-aceite-de-cocina-testo-270-kit-0-40-tpm\/\",\"name\":\"probador de aceite de cocina testo 270-kit, 0-40% tpm - Abaa tienda online\",\"isPartOf\":{\"@id\":\"https:\/\/abaa.mx\/tienda\/#website\"},\"primaryImageOfPage\":{\"@id\":\"https:\/\/abaa.mx\/tienda\/probador-de-aceite-de-cocina-testo-270-kit-0-40-tpm\/#primaryimage\"},\"image\":{\"@id\":\"https:\/\/abaa.mx\/tienda\/probador-de-aceite-de-cocina-testo-270-kit-0-40-tpm\/#primaryimage\"},\"thumbnailUrl\":\"https:\/\/abaa.mx\/tienda\/wp-content\/uploads\/2023\/09\/270-KIT.jpg\",\"datePublished\":\"2023-09-21T21:32:30+00:00\",\"breadcrumb\":{\"@id\":\"https:\/\/abaa.mx\/tienda\/probador-de-aceite-de-cocina-testo-270-kit-0-40-tpm\/#breadcrumb\"},\"inLanguage\":\"es\",\"potentialAction\":[{\"@type\":\"ReadAction\",\"target\":[\"https:\/\/abaa.mx\/tienda\/probador-de-aceite-de-cocina-testo-270-kit-0-40-tpm\/\"]}]},{\"@type\":\"ImageObject\",\"inLanguage\":\"es\",\"@id\":\"https:\/\/abaa.mx\/tienda\/probador-de-aceite-de-cocina-testo-270-kit-0-40-tpm\/#primaryimage\",\"url\":\"https:\/\/abaa.mx\/tienda\/wp-content\/uploads\/2023\/09\/270-KIT.jpg\",\"contentUrl\":\"https:\/\/abaa.mx\/tienda\/wp-content\/uploads\/2023\/09\/270-KIT.jpg\",\"width\":270,\"height\":331,\"caption\":\"270-KIT\"},{\"@type\":\"BreadcrumbList\",\"@id\":\"https:\/\/abaa.mx\/tienda\/probador-de-aceite-de-cocina-testo-270-kit-0-40-tpm\/#breadcrumb\",\"itemListElement\":[{\"@type\":\"ListItem\",\"position\":1,\"name\":\"Inicio\",\"item\":\"https:\/\/abaa.mx\/tienda\/\"},{\"@type\":\"ListItem\",\"position\":2,\"name\":\"Tienda\",\"item\":\"https:\/\/abaa.mx\/tienda\/\"},{\"@type\":\"ListItem\",\"position\":3,\"name\":\"probador de aceite de cocina testo 270-kit, 0-40% tpm\"}]},{\"@type\":\"WebSite\",\"@id\":\"https:\/\/abaa.mx\/tienda\/#website\",\"url\":\"https:\/\/abaa.mx\/tienda\/\",\"name\":\"Abaa tienda online\",\"description\":\"Instrumentos de medici\u00f3n\",\"publisher\":{\"@id\":\"https:\/\/abaa.mx\/tienda\/#organization\"},\"potentialAction\":[{\"@type\":\"SearchAction\",\"target\":{\"@type\":\"EntryPoint\",\"urlTemplate\":\"https:\/\/abaa.mx\/tienda\/?s={search_term_string}\"},\"query-input\":{\"@type\":\"PropertyValueSpecification\",\"valueRequired\":true,\"valueName\":\"search_term_string\"}}],\"inLanguage\":\"es\"},{\"@type\":\"Organization\",\"@id\":\"https:\/\/abaa.mx\/tienda\/#organization\",\"name\":\"Abaa tienda online\",\"url\":\"https:\/\/abaa.mx\/tienda\/\",\"logo\":{\"@type\":\"ImageObject\",\"inLanguage\":\"es\",\"@id\":\"https:\/\/abaa.mx\/tienda\/#\/schema\/logo\/image\/\",\"url\":\"https:\/\/abaa.mx\/tienda\/wp-content\/uploads\/2024\/01\/abaa-metrologia-tienda.png\",\"contentUrl\":\"https:\/\/abaa.mx\/tienda\/wp-content\/uploads\/2024\/01\/abaa-metrologia-tienda.png\",\"width\":300,\"height\":141,\"caption\":\"Abaa tienda online\"},\"image\":{\"@id\":\"https:\/\/abaa.mx\/tienda\/#\/schema\/logo\/image\/\"}}]}<\/script>\n<!-- \/ Yoast SEO plugin. -->","yoast_head_json":{"title":"probador de aceite de cocina testo 270-kit, 0-40% tpm - Abaa tienda online","robots":{"index":"index","follow":"follow","max-snippet":"max-snippet:-1","max-image-preview":"max-image-preview:large","max-video-preview":"max-video-preview:-1"},"canonical":"https:\/\/abaa.mx\/tienda\/probador-de-aceite-de-cocina-testo-270-kit-0-40-tpm\/","og_locale":"es_MX","og_type":"article","og_title":"probador de aceite de cocina testo 270-kit, 0-40% tpm - Abaa tienda online","og_description":"Optimice de forma fiable el uso de aceite de cocina para ahorrar costes y garantizar la protecci\u00f3n de la marca. El probador de aceite de cocina de forma f\u00e1cil, r\u00e1pida y fiable determina la calidad del aceite de cocina. Este probador de aceite de cocina destaca por su dise\u00f1o ergon\u00f3mico, que evita la Exposici\u00f3n de la mano al aceite caliente. La alarma clara a trav\u00e9s de la pantalla retroiluminada a color hace que sea a\u00fan m\u00e1s f\u00e1cil evaluar la calidad del aceite de cocina: verde significa que el contenido de TPM est\u00e1 bien. Naranja: el valor de TPM est\u00e1 en el l\u00edmite. Rojo: se ha superado el l\u00edmite de TPM.","og_url":"https:\/\/abaa.mx\/tienda\/probador-de-aceite-de-cocina-testo-270-kit-0-40-tpm\/","og_site_name":"Abaa tienda online","og_image":[{"width":270,"height":331,"url":"https:\/\/abaa.mx\/tienda\/wp-content\/uploads\/2023\/09\/270-KIT.jpg","type":"image\/jpeg"}],"twitter_card":"summary_large_image","twitter_misc":{"Tiempo de lectura":"2 minutos"},"schema":{"@context":"https:\/\/schema.org","@graph":[{"@type":"WebPage","@id":"https:\/\/abaa.mx\/tienda\/probador-de-aceite-de-cocina-testo-270-kit-0-40-tpm\/","url":"https:\/\/abaa.mx\/tienda\/probador-de-aceite-de-cocina-testo-270-kit-0-40-tpm\/","name":"probador de aceite de cocina testo 270-kit, 0-40% tpm - Abaa tienda online","isPartOf":{"@id":"https:\/\/abaa.mx\/tienda\/#website"},"primaryImageOfPage":{"@id":"https:\/\/abaa.mx\/tienda\/probador-de-aceite-de-cocina-testo-270-kit-0-40-tpm\/#primaryimage"},"image":{"@id":"https:\/\/abaa.mx\/tienda\/probador-de-aceite-de-cocina-testo-270-kit-0-40-tpm\/#primaryimage"},"thumbnailUrl":"https:\/\/abaa.mx\/tienda\/wp-content\/uploads\/2023\/09\/270-KIT.jpg","datePublished":"2023-09-21T21:32:30+00:00","breadcrumb":{"@id":"https:\/\/abaa.mx\/tienda\/probador-de-aceite-de-cocina-testo-270-kit-0-40-tpm\/#breadcrumb"},"inLanguage":"es","potentialAction":[{"@type":"ReadAction","target":["https:\/\/abaa.mx\/tienda\/probador-de-aceite-de-cocina-testo-270-kit-0-40-tpm\/"]}]},{"@type":"ImageObject","inLanguage":"es","@id":"https:\/\/abaa.mx\/tienda\/probador-de-aceite-de-cocina-testo-270-kit-0-40-tpm\/#primaryimage","url":"https:\/\/abaa.mx\/tienda\/wp-content\/uploads\/2023\/09\/270-KIT.jpg","contentUrl":"https:\/\/abaa.mx\/tienda\/wp-content\/uploads\/2023\/09\/270-KIT.jpg","width":270,"height":331,"caption":"270-KIT"},{"@type":"BreadcrumbList","@id":"https:\/\/abaa.mx\/tienda\/probador-de-aceite-de-cocina-testo-270-kit-0-40-tpm\/#breadcrumb","itemListElement":[{"@type":"ListItem","position":1,"name":"Inicio","item":"https:\/\/abaa.mx\/tienda\/"},{"@type":"ListItem","position":2,"name":"Tienda","item":"https:\/\/abaa.mx\/tienda\/"},{"@type":"ListItem","position":3,"name":"probador de aceite de cocina testo 270-kit, 0-40% tpm"}]},{"@type":"WebSite","@id":"https:\/\/abaa.mx\/tienda\/#website","url":"https:\/\/abaa.mx\/tienda\/","name":"Abaa tienda online","description":"Instrumentos de medici\u00f3n","publisher":{"@id":"https:\/\/abaa.mx\/tienda\/#organization"},"potentialAction":[{"@type":"SearchAction","target":{"@type":"EntryPoint","urlTemplate":"https:\/\/abaa.mx\/tienda\/?s={search_term_string}"},"query-input":{"@type":"PropertyValueSpecification","valueRequired":true,"valueName":"search_term_string"}}],"inLanguage":"es"},{"@type":"Organization","@id":"https:\/\/abaa.mx\/tienda\/#organization","name":"Abaa tienda online","url":"https:\/\/abaa.mx\/tienda\/","logo":{"@type":"ImageObject","inLanguage":"es","@id":"https:\/\/abaa.mx\/tienda\/#\/schema\/logo\/image\/","url":"https:\/\/abaa.mx\/tienda\/wp-content\/uploads\/2024\/01\/abaa-metrologia-tienda.png","contentUrl":"https:\/\/abaa.mx\/tienda\/wp-content\/uploads\/2024\/01\/abaa-metrologia-tienda.png","width":300,"height":141,"caption":"Abaa tienda online"},"image":{"@id":"https:\/\/abaa.mx\/tienda\/#\/schema\/logo\/image\/"}}]}},"_links":{"self":[{"href":"https:\/\/abaa.mx\/tienda\/wp-json\/wp\/v2\/product\/2554","targetHints":{"allow":["GET"]}}],"collection":[{"href":"https:\/\/abaa.mx\/tienda\/wp-json\/wp\/v2\/product"}],"about":[{"href":"https:\/\/abaa.mx\/tienda\/wp-json\/wp\/v2\/types\/product"}],"replies":[{"embeddable":true,"href":"https:\/\/abaa.mx\/tienda\/wp-json\/wp\/v2\/comments?post=2554"}],"wp:featuredmedia":[{"embeddable":true,"href":"https:\/\/abaa.mx\/tienda\/wp-json\/wp\/v2\/media\/2555"}],"wp:attachment":[{"href":"https:\/\/abaa.mx\/tienda\/wp-json\/wp\/v2\/media?parent=2554"}],"wp:term":[{"taxonomy":"product_brand","embeddable":true,"href":"https:\/\/abaa.mx\/tienda\/wp-json\/wp\/v2\/product_brand?post=2554"},{"taxonomy":"product_cat","embeddable":true,"href":"https:\/\/abaa.mx\/tienda\/wp-json\/wp\/v2\/product_cat?post=2554"},{"taxonomy":"product_tag","embeddable":true,"href":"https:\/\/abaa.mx\/tienda\/wp-json\/wp\/v2\/product_tag?post=2554"}],"curies":[{"name":"wp","href":"https:\/\/api.w.org\/{rel}","templated":true}]}}