{"id":2552,"date":"2023-09-21T21:30:01","date_gmt":"2023-09-21T21:30:01","guid":{"rendered":"https:\/\/abaa.mx\/tienda\/?post_type=product&#038;p=2552"},"modified":"2023-09-21T21:30:02","modified_gmt":"2023-09-21T21:30:02","slug":"termometro-testo-110-ntc","status":"publish","type":"product","link":"https:\/\/abaa.mx\/tienda\/termometro-testo-110-ntc\/","title":{"rendered":"Term\u00f3metro testo 110 NTC"},"content":{"rendered":"<p>Menos 20 grados cent\u00edgrados es lo que la mayor\u00eda de nosotros llamar\u00edamos realmente fr\u00edo. Pero para otros es solo una parte normal de sus vidas laborales. El medidor de temperatura testo 110 proporciona a estas personas un medio extremadamente preciso para llevar a cabo mediciones de temperatura a temperaturas extremadamente bajas. Ideal para su uso en exteriores y en c\u00e1maras frigor\u00edficas.<\/p>\n<p><strong>Caracter\u00edsticas de testo 110<\/strong><\/p>\n<ul>\n<li>Precisi\u00f3n en la\u00a0<strong>que puede confiar, incluso a temperaturas muy bajas, gracias a la tecnolog\u00eda NTC<\/strong>: c\u00e1maras frigor\u00edficas, almacenes frigor\u00edficos, al aire libre, solo algunos de los lugares en los que puede contar con el Testo 110 para proporcionarle resultados precisos y fiables.<\/li>\n<li><strong>Caracter\u00edsticas especiales<\/strong>: gran pantalla de dos l\u00edneas; umbrales definidos por el usuario; alertas de alarma sonoras cuando se superan los umbrales; reconocimiento de valor m\u00ednimo\/m\u00e1ximo; Retenci\u00f3n autom\u00e1tica<\/li>\n<li><strong>Amplia gama de sensores NTC opcionales para satisfacer sus necesidades individuales<\/strong>: incluye una amplia variedad de sensores de alimentos, es decir, alimentos congelados, sensores de sonda\/inmersi\u00f3n, sensores de superficie<\/li>\n<\/ul>\n<h4>Testo 110 Datos t\u00e9cnicos<\/h4>\n<table class=\"table table-striped\">\n<tbody>\n<tr>\n<td>Temperatura de almacenamiento<\/td>\n<td>-40 hasta +160 \u00b0F<\/td>\n<\/tr>\n<tr>\n<td>Temperatura de funcionamiento<\/td>\n<td>-4 hasta +120 \u00b0F<\/td>\n<\/tr>\n<tr>\n<td>Tipo de bater\u00eda<\/td>\n<td>Bater\u00eda de 9V<\/td>\n<\/tr>\n<tr>\n<td>Dimensiones<\/td>\n<td>7 x 2,5 x 1,5 pulgadas<\/td>\n<\/tr>\n<tr>\n<td>Material de la carcasa<\/td>\n<td>ABS<\/td>\n<\/tr>\n<tr>\n<th colspan=\"2\">\n<h5>NTC<\/h5>\n<\/th>\n<\/tr>\n<tr>\n<td>Rango de medici\u00f3n<\/td>\n<td>-58 hasta +300 \u00b0F<\/td>\n<\/tr>\n<tr>\n<td>Exactitud<\/td>\n<td>\u00b10.4 \u00b0F (-4 a +180 \u00b0F)\u00b10.5 \u00b0F (rango restante)<\/td>\n<\/tr>\n<tr>\n<td>Resoluci\u00f3n<\/td>\n<td>0.1 \u00b0F<\/td>\n<\/tr>\n<\/tbody>\n<\/table>\n","protected":false},"excerpt":{"rendered":"<p>Menos 20 grados cent\u00edgrados es lo que la mayor\u00eda de nosotros llamar\u00edamos realmente fr\u00edo. Pero para otros es solo una parte normal de sus vidas laborales. El medidor de temperatura testo 110 proporciona a estas personas un medio extremadamente preciso para llevar a cabo mediciones de temperatura a temperaturas extremadamente bajas. Ideal para su uso en exteriores y en c\u00e1maras frigor\u00edficas.<\/p>\n","protected":false},"featured_media":2553,"comment_status":"open","ping_status":"closed","template":"","meta":{"_joinchat":[]},"product_brand":[],"product_cat":[15],"product_tag":[],"class_list":{"0":"post-2552","1":"product","2":"type-product","3":"status-publish","4":"has-post-thumbnail","6":"product_cat-sin-categorizar","8":"first","9":"instock","10":"shipping-taxable","11":"product-type-simple"},"yoast_head":"<!-- This site is optimized with the Yoast SEO plugin v26.4 - https:\/\/yoast.com\/wordpress\/plugins\/seo\/ -->\n<title>Term\u00f3metro testo 110 NTC - Abaa tienda online<\/title>\n<meta name=\"robots\" content=\"index, follow, max-snippet:-1, max-image-preview:large, max-video-preview:-1\" \/>\n<link rel=\"canonical\" href=\"https:\/\/abaa.mx\/tienda\/termometro-testo-110-ntc\/\" \/>\n<meta property=\"og:locale\" content=\"es_MX\" \/>\n<meta property=\"og:type\" content=\"article\" \/>\n<meta property=\"og:title\" content=\"Term\u00f3metro testo 110 NTC - Abaa tienda online\" \/>\n<meta property=\"og:description\" content=\"Menos 20 grados cent\u00edgrados es lo que la mayor\u00eda de nosotros llamar\u00edamos realmente fr\u00edo. Pero para otros es solo una parte normal de sus vidas laborales. El medidor de temperatura testo 110 proporciona a estas personas un medio extremadamente preciso para llevar a cabo mediciones de temperatura a temperaturas extremadamente bajas. Ideal para su uso en exteriores y en c\u00e1maras frigor\u00edficas.\" \/>\n<meta property=\"og:url\" content=\"https:\/\/abaa.mx\/tienda\/termometro-testo-110-ntc\/\" \/>\n<meta property=\"og:site_name\" content=\"Abaa tienda online\" \/>\n<meta property=\"article:modified_time\" content=\"2023-09-21T21:30:02+00:00\" \/>\n<meta property=\"og:image\" content=\"https:\/\/abaa.mx\/tienda\/wp-content\/uploads\/2023\/09\/110.jpg\" \/>\n\t<meta property=\"og:image:width\" content=\"270\" \/>\n\t<meta property=\"og:image:height\" content=\"331\" \/>\n\t<meta property=\"og:image:type\" content=\"image\/jpeg\" \/>\n<meta name=\"twitter:card\" content=\"summary_large_image\" \/>\n<meta name=\"twitter:label1\" content=\"Tiempo de lectura\" \/>\n\t<meta name=\"twitter:data1\" content=\"2 minutos\" \/>\n<script type=\"application\/ld+json\" class=\"yoast-schema-graph\">{\"@context\":\"https:\/\/schema.org\",\"@graph\":[{\"@type\":\"WebPage\",\"@id\":\"https:\/\/abaa.mx\/tienda\/termometro-testo-110-ntc\/\",\"url\":\"https:\/\/abaa.mx\/tienda\/termometro-testo-110-ntc\/\",\"name\":\"Term\u00f3metro testo 110 NTC - Abaa tienda online\",\"isPartOf\":{\"@id\":\"https:\/\/abaa.mx\/tienda\/#website\"},\"primaryImageOfPage\":{\"@id\":\"https:\/\/abaa.mx\/tienda\/termometro-testo-110-ntc\/#primaryimage\"},\"image\":{\"@id\":\"https:\/\/abaa.mx\/tienda\/termometro-testo-110-ntc\/#primaryimage\"},\"thumbnailUrl\":\"https:\/\/abaa.mx\/tienda\/wp-content\/uploads\/2023\/09\/110.jpg\",\"datePublished\":\"2023-09-21T21:30:01+00:00\",\"dateModified\":\"2023-09-21T21:30:02+00:00\",\"breadcrumb\":{\"@id\":\"https:\/\/abaa.mx\/tienda\/termometro-testo-110-ntc\/#breadcrumb\"},\"inLanguage\":\"es\",\"potentialAction\":[{\"@type\":\"ReadAction\",\"target\":[\"https:\/\/abaa.mx\/tienda\/termometro-testo-110-ntc\/\"]}]},{\"@type\":\"ImageObject\",\"inLanguage\":\"es\",\"@id\":\"https:\/\/abaa.mx\/tienda\/termometro-testo-110-ntc\/#primaryimage\",\"url\":\"https:\/\/abaa.mx\/tienda\/wp-content\/uploads\/2023\/09\/110.jpg\",\"contentUrl\":\"https:\/\/abaa.mx\/tienda\/wp-content\/uploads\/2023\/09\/110.jpg\",\"width\":270,\"height\":331,\"caption\":\"110\"},{\"@type\":\"BreadcrumbList\",\"@id\":\"https:\/\/abaa.mx\/tienda\/termometro-testo-110-ntc\/#breadcrumb\",\"itemListElement\":[{\"@type\":\"ListItem\",\"position\":1,\"name\":\"Inicio\",\"item\":\"https:\/\/abaa.mx\/tienda\/\"},{\"@type\":\"ListItem\",\"position\":2,\"name\":\"Tienda\",\"item\":\"https:\/\/abaa.mx\/tienda\/\"},{\"@type\":\"ListItem\",\"position\":3,\"name\":\"Term\u00f3metro testo 110 NTC\"}]},{\"@type\":\"WebSite\",\"@id\":\"https:\/\/abaa.mx\/tienda\/#website\",\"url\":\"https:\/\/abaa.mx\/tienda\/\",\"name\":\"Abaa tienda online\",\"description\":\"Instrumentos de medici\u00f3n\",\"publisher\":{\"@id\":\"https:\/\/abaa.mx\/tienda\/#organization\"},\"potentialAction\":[{\"@type\":\"SearchAction\",\"target\":{\"@type\":\"EntryPoint\",\"urlTemplate\":\"https:\/\/abaa.mx\/tienda\/?s={search_term_string}\"},\"query-input\":{\"@type\":\"PropertyValueSpecification\",\"valueRequired\":true,\"valueName\":\"search_term_string\"}}],\"inLanguage\":\"es\"},{\"@type\":\"Organization\",\"@id\":\"https:\/\/abaa.mx\/tienda\/#organization\",\"name\":\"Abaa tienda online\",\"url\":\"https:\/\/abaa.mx\/tienda\/\",\"logo\":{\"@type\":\"ImageObject\",\"inLanguage\":\"es\",\"@id\":\"https:\/\/abaa.mx\/tienda\/#\/schema\/logo\/image\/\",\"url\":\"https:\/\/abaa.mx\/tienda\/wp-content\/uploads\/2024\/01\/abaa-metrologia-tienda.png\",\"contentUrl\":\"https:\/\/abaa.mx\/tienda\/wp-content\/uploads\/2024\/01\/abaa-metrologia-tienda.png\",\"width\":300,\"height\":141,\"caption\":\"Abaa tienda online\"},\"image\":{\"@id\":\"https:\/\/abaa.mx\/tienda\/#\/schema\/logo\/image\/\"}}]}<\/script>\n<!-- \/ Yoast SEO plugin. -->","yoast_head_json":{"title":"Term\u00f3metro testo 110 NTC - Abaa tienda online","robots":{"index":"index","follow":"follow","max-snippet":"max-snippet:-1","max-image-preview":"max-image-preview:large","max-video-preview":"max-video-preview:-1"},"canonical":"https:\/\/abaa.mx\/tienda\/termometro-testo-110-ntc\/","og_locale":"es_MX","og_type":"article","og_title":"Term\u00f3metro testo 110 NTC - Abaa tienda online","og_description":"Menos 20 grados cent\u00edgrados es lo que la mayor\u00eda de nosotros llamar\u00edamos realmente fr\u00edo. Pero para otros es solo una parte normal de sus vidas laborales. El medidor de temperatura testo 110 proporciona a estas personas un medio extremadamente preciso para llevar a cabo mediciones de temperatura a temperaturas extremadamente bajas. Ideal para su uso en exteriores y en c\u00e1maras frigor\u00edficas.","og_url":"https:\/\/abaa.mx\/tienda\/termometro-testo-110-ntc\/","og_site_name":"Abaa tienda online","article_modified_time":"2023-09-21T21:30:02+00:00","og_image":[{"width":270,"height":331,"url":"https:\/\/abaa.mx\/tienda\/wp-content\/uploads\/2023\/09\/110.jpg","type":"image\/jpeg"}],"twitter_card":"summary_large_image","twitter_misc":{"Tiempo de lectura":"2 minutos"},"schema":{"@context":"https:\/\/schema.org","@graph":[{"@type":"WebPage","@id":"https:\/\/abaa.mx\/tienda\/termometro-testo-110-ntc\/","url":"https:\/\/abaa.mx\/tienda\/termometro-testo-110-ntc\/","name":"Term\u00f3metro testo 110 NTC - Abaa tienda online","isPartOf":{"@id":"https:\/\/abaa.mx\/tienda\/#website"},"primaryImageOfPage":{"@id":"https:\/\/abaa.mx\/tienda\/termometro-testo-110-ntc\/#primaryimage"},"image":{"@id":"https:\/\/abaa.mx\/tienda\/termometro-testo-110-ntc\/#primaryimage"},"thumbnailUrl":"https:\/\/abaa.mx\/tienda\/wp-content\/uploads\/2023\/09\/110.jpg","datePublished":"2023-09-21T21:30:01+00:00","dateModified":"2023-09-21T21:30:02+00:00","breadcrumb":{"@id":"https:\/\/abaa.mx\/tienda\/termometro-testo-110-ntc\/#breadcrumb"},"inLanguage":"es","potentialAction":[{"@type":"ReadAction","target":["https:\/\/abaa.mx\/tienda\/termometro-testo-110-ntc\/"]}]},{"@type":"ImageObject","inLanguage":"es","@id":"https:\/\/abaa.mx\/tienda\/termometro-testo-110-ntc\/#primaryimage","url":"https:\/\/abaa.mx\/tienda\/wp-content\/uploads\/2023\/09\/110.jpg","contentUrl":"https:\/\/abaa.mx\/tienda\/wp-content\/uploads\/2023\/09\/110.jpg","width":270,"height":331,"caption":"110"},{"@type":"BreadcrumbList","@id":"https:\/\/abaa.mx\/tienda\/termometro-testo-110-ntc\/#breadcrumb","itemListElement":[{"@type":"ListItem","position":1,"name":"Inicio","item":"https:\/\/abaa.mx\/tienda\/"},{"@type":"ListItem","position":2,"name":"Tienda","item":"https:\/\/abaa.mx\/tienda\/"},{"@type":"ListItem","position":3,"name":"Term\u00f3metro testo 110 NTC"}]},{"@type":"WebSite","@id":"https:\/\/abaa.mx\/tienda\/#website","url":"https:\/\/abaa.mx\/tienda\/","name":"Abaa tienda online","description":"Instrumentos de medici\u00f3n","publisher":{"@id":"https:\/\/abaa.mx\/tienda\/#organization"},"potentialAction":[{"@type":"SearchAction","target":{"@type":"EntryPoint","urlTemplate":"https:\/\/abaa.mx\/tienda\/?s={search_term_string}"},"query-input":{"@type":"PropertyValueSpecification","valueRequired":true,"valueName":"search_term_string"}}],"inLanguage":"es"},{"@type":"Organization","@id":"https:\/\/abaa.mx\/tienda\/#organization","name":"Abaa tienda online","url":"https:\/\/abaa.mx\/tienda\/","logo":{"@type":"ImageObject","inLanguage":"es","@id":"https:\/\/abaa.mx\/tienda\/#\/schema\/logo\/image\/","url":"https:\/\/abaa.mx\/tienda\/wp-content\/uploads\/2024\/01\/abaa-metrologia-tienda.png","contentUrl":"https:\/\/abaa.mx\/tienda\/wp-content\/uploads\/2024\/01\/abaa-metrologia-tienda.png","width":300,"height":141,"caption":"Abaa tienda online"},"image":{"@id":"https:\/\/abaa.mx\/tienda\/#\/schema\/logo\/image\/"}}]}},"_links":{"self":[{"href":"https:\/\/abaa.mx\/tienda\/wp-json\/wp\/v2\/product\/2552","targetHints":{"allow":["GET"]}}],"collection":[{"href":"https:\/\/abaa.mx\/tienda\/wp-json\/wp\/v2\/product"}],"about":[{"href":"https:\/\/abaa.mx\/tienda\/wp-json\/wp\/v2\/types\/product"}],"replies":[{"embeddable":true,"href":"https:\/\/abaa.mx\/tienda\/wp-json\/wp\/v2\/comments?post=2552"}],"wp:featuredmedia":[{"embeddable":true,"href":"https:\/\/abaa.mx\/tienda\/wp-json\/wp\/v2\/media\/2553"}],"wp:attachment":[{"href":"https:\/\/abaa.mx\/tienda\/wp-json\/wp\/v2\/media?parent=2552"}],"wp:term":[{"taxonomy":"product_brand","embeddable":true,"href":"https:\/\/abaa.mx\/tienda\/wp-json\/wp\/v2\/product_brand?post=2552"},{"taxonomy":"product_cat","embeddable":true,"href":"https:\/\/abaa.mx\/tienda\/wp-json\/wp\/v2\/product_cat?post=2552"},{"taxonomy":"product_tag","embeddable":true,"href":"https:\/\/abaa.mx\/tienda\/wp-json\/wp\/v2\/product_tag?post=2552"}],"curies":[{"name":"wp","href":"https:\/\/api.w.org\/{rel}","templated":true}]}}