{"id":2550,"date":"2023-09-21T21:37:07","date_gmt":"2023-09-21T21:37:07","guid":{"rendered":"https:\/\/abaa.mx\/tienda\/?post_type=product&#038;p=2550"},"modified":"2024-01-05T21:11:32","modified_gmt":"2024-01-05T21:11:32","slug":"colector-yellow-jacket-42006-serie-41-con-calibre-de-3-1-8-pulgadas-psi-libras-por-pulgada-cuadrada-r-22-134-a-404-a","status":"publish","type":"product","link":"https:\/\/abaa.mx\/tienda\/colector-yellow-jacket-42006-serie-41-con-calibre-de-3-1-8-pulgadas-psi-libras-por-pulgada-cuadrada-r-22-134-a-404-a\/","title":{"rendered":"Colector yellow jacket 42006 serie 41, con calibre de 3-1-8 pulgadas, psi (libras por pulgada cuadrada) r-22-134 a-404 a"},"content":{"rendered":"<h5>Detalles del producto.<\/h5>\n<div id=\"detailBullets_feature_div\">\n<ul class=\"a-unordered-list a-nostyle a-vertical a-spacing-none detail-bullet-list\">\n<li><span class=\"a-list-item\"><span class=\"a-text-bold\">Descatalogado por el fabricante \u200f : \u200e\u00a0<\/span>No<\/span><\/li>\n<li><span class=\"a-list-item\"><span class=\"a-text-bold\">Dimensiones del producto \u200f : \u200e\u00a0<\/span>13 x 12,5 x 4,25 pulgadas; 0,01 Onzas<\/span><\/li>\n<li><span class=\"a-list-item\"><span class=\"a-text-bold\">N\u00famero de modelo del producto \u200f : \u200e\u00a0<\/span>42006<\/span><\/li>\n<li><span class=\"a-list-item\"><span class=\"a-text-bold\">Producto en amazon.com desde \u200f : \u200e\u00a0<\/span>Febrero 22, 2010<\/span><\/li>\n<li><span class=\"a-list-item\"><span class=\"a-text-bold\">Fabricante \u200f : \u200e\u00a0<\/span>Fotronic Corporation<\/span><\/li>\n<li><span class=\"a-list-item\"><span class=\"a-text-bold\">SALADO \u200f :\u00a0<\/span>B0039KT74S<\/span><\/li>\n<li><span class=\"a-list-item\"><span class=\"a-text-bold\">Clasificaci\u00f3n en los m\u00e1s vendidos de Amazon:\u00a0<\/span>n\u00ba31,285 en Automotriz\u00a0<\/span><\/li>\n<\/ul>\n<\/div>\n<div id=\"productDescription_feature_div\" class=\"celwidget\" data-feature-name=\"productDescription\" data-csa-c-type=\"widget\" data-csa-c-content-id=\"productDescription\" data-csa-c-slot-id=\"productDescription_feature_div\" data-csa-c-asin=\"\" data-csa-c-is-in-initial-active-row=\"false\" data-cel-widget=\"productDescription_feature_div\" data-csa-c-id=\"m67izt-63gf73-xcl0hn-4m80lh\">\n<div>\n<div id=\"productDescription_feature_div\" class=\"a-row feature\" data-feature-name=\"productDescription\" data-template-name=\"productDescription\" data-cel-widget=\"productDescription_feature_div\">\n<div id=\"productDescription\" class=\"a-section a-spacing-small\">\n<p>Los colectores tambi\u00e9n est\u00e1n disponibles con calibres codificados por colores m\u00e1s grandes y f\u00e1ciles de leer de 3-1\/8 pulgadas en cajas de acero resistentes con cristales de policarbonato. Estos medidores cuentan con un 1% de precisi\u00f3n (clase 1) para una lectura exacta en sistemas de carga cr\u00edticos. Cuerpo de lat\u00f3n forjado para mayor durabilidad. El puerto completo maximiza la capacidad y el flujo. Algunos modelos incluyen mangueras de 60 pulgadas m\u00e1s II codificadas por colores con accesorios est\u00e1ndar de 1\/4 pulgadas. Ensambles de manguera reconocidos por UL para explosi\u00f3n de 4000 psi (275 bares) y presi\u00f3n de trabajo de 800 psi (55 bares).<\/p>\n<\/div>\n<\/div>\n<\/div>\n<\/div>\n<div id=\"importantInformation_feature_div\" class=\"celwidget\" data-feature-name=\"importantInformation\" data-csa-c-type=\"widget\" data-csa-c-content-id=\"importantInformation\" data-csa-c-slot-id=\"importantInformation_feature_div\" data-csa-c-asin=\"\" data-csa-c-is-in-initial-active-row=\"false\" data-cel-widget=\"importantInformation_feature_div\" data-csa-c-id=\"h6nd7u-h5ys68-vibkkl-h54jz2\">\n<div class=\"a-divider a-divider-section\"><\/div>\n<\/div>\n","protected":false},"excerpt":{"rendered":"<h3 class=\"a-size-base-plus a-text-bold\">Caracter\u00edsticas<\/h3>\n<ul class=\"a-unordered-list a-vertical a-spacing-mini\">\n<li class=\"a-spacing-mini\"><span class=\"a-list-item\">B\u00e1sculas codificadas con color.<\/span><\/li>\n<li class=\"a-spacing-mini\"><span class=\"a-list-item\">Pistones anillados dobles con forma de &#8220;O&#8221; antideslizantes para reducir el desgaste.<\/span><\/li>\n<li class=\"a-spacing-mini\"><span class=\"a-list-item\">Asientos de nailon de larga duraci\u00f3n.<\/span><\/li>\n<\/ul>\n","protected":false},"featured_media":2559,"comment_status":"open","ping_status":"closed","template":"","meta":{"_joinchat":[]},"product_brand":[],"product_cat":[15],"product_tag":[],"class_list":{"0":"post-2550","1":"product","2":"type-product","3":"status-publish","4":"has-post-thumbnail","6":"product_cat-sin-categorizar","8":"first","9":"instock","10":"shipping-taxable","11":"product-type-simple"},"yoast_head":"<!-- This site is optimized with the Yoast SEO plugin v26.4 - https:\/\/yoast.com\/wordpress\/plugins\/seo\/ -->\n<title>Colector yellow jacket 42006 serie 41, con calibre de 3-1-8 pulgadas, psi (libras por pulgada cuadrada) r-22-134 a-404 a - Abaa tienda online<\/title>\n<meta name=\"robots\" content=\"index, follow, max-snippet:-1, max-image-preview:large, max-video-preview:-1\" \/>\n<link rel=\"canonical\" href=\"https:\/\/abaa.mx\/tienda\/colector-yellow-jacket-42006-serie-41-con-calibre-de-3-1-8-pulgadas-psi-libras-por-pulgada-cuadrada-r-22-134-a-404-a\/\" \/>\n<meta property=\"og:locale\" content=\"es_MX\" \/>\n<meta property=\"og:type\" content=\"article\" \/>\n<meta property=\"og:title\" content=\"Colector yellow jacket 42006 serie 41, con calibre de 3-1-8 pulgadas, psi (libras por pulgada cuadrada) r-22-134 a-404 a - Abaa tienda online\" \/>\n<meta property=\"og:description\" content=\"Caracter\u00edsticas   B\u00e1sculas codificadas con color.  Pistones anillados dobles con forma de &quot;O&quot; antideslizantes para reducir el desgaste.  Asientos de nailon de larga duraci\u00f3n.\" \/>\n<meta property=\"og:url\" content=\"https:\/\/abaa.mx\/tienda\/colector-yellow-jacket-42006-serie-41-con-calibre-de-3-1-8-pulgadas-psi-libras-por-pulgada-cuadrada-r-22-134-a-404-a\/\" \/>\n<meta property=\"og:site_name\" content=\"Abaa tienda online\" \/>\n<meta property=\"article:modified_time\" content=\"2024-01-05T21:11:32+00:00\" \/>\n<meta property=\"og:image\" content=\"https:\/\/abaa.mx\/tienda\/wp-content\/uploads\/2023\/09\/42006.jpg\" \/>\n\t<meta property=\"og:image:width\" content=\"425\" \/>\n\t<meta property=\"og:image:height\" content=\"495\" \/>\n\t<meta property=\"og:image:type\" content=\"image\/jpeg\" \/>\n<meta name=\"twitter:card\" content=\"summary_large_image\" \/>\n<meta name=\"twitter:label1\" content=\"Tiempo de lectura\" \/>\n\t<meta name=\"twitter:data1\" content=\"1 minuto\" \/>\n<script type=\"application\/ld+json\" class=\"yoast-schema-graph\">{\"@context\":\"https:\/\/schema.org\",\"@graph\":[{\"@type\":\"WebPage\",\"@id\":\"https:\/\/abaa.mx\/tienda\/colector-yellow-jacket-42006-serie-41-con-calibre-de-3-1-8-pulgadas-psi-libras-por-pulgada-cuadrada-r-22-134-a-404-a\/\",\"url\":\"https:\/\/abaa.mx\/tienda\/colector-yellow-jacket-42006-serie-41-con-calibre-de-3-1-8-pulgadas-psi-libras-por-pulgada-cuadrada-r-22-134-a-404-a\/\",\"name\":\"Colector yellow jacket 42006 serie 41, con calibre de 3-1-8 pulgadas, psi (libras por pulgada cuadrada) r-22-134 a-404 a - Abaa tienda online\",\"isPartOf\":{\"@id\":\"https:\/\/abaa.mx\/tienda\/#website\"},\"primaryImageOfPage\":{\"@id\":\"https:\/\/abaa.mx\/tienda\/colector-yellow-jacket-42006-serie-41-con-calibre-de-3-1-8-pulgadas-psi-libras-por-pulgada-cuadrada-r-22-134-a-404-a\/#primaryimage\"},\"image\":{\"@id\":\"https:\/\/abaa.mx\/tienda\/colector-yellow-jacket-42006-serie-41-con-calibre-de-3-1-8-pulgadas-psi-libras-por-pulgada-cuadrada-r-22-134-a-404-a\/#primaryimage\"},\"thumbnailUrl\":\"https:\/\/abaa.mx\/tienda\/wp-content\/uploads\/2023\/09\/42006.jpg\",\"datePublished\":\"2023-09-21T21:37:07+00:00\",\"dateModified\":\"2024-01-05T21:11:32+00:00\",\"breadcrumb\":{\"@id\":\"https:\/\/abaa.mx\/tienda\/colector-yellow-jacket-42006-serie-41-con-calibre-de-3-1-8-pulgadas-psi-libras-por-pulgada-cuadrada-r-22-134-a-404-a\/#breadcrumb\"},\"inLanguage\":\"es\",\"potentialAction\":[{\"@type\":\"ReadAction\",\"target\":[\"https:\/\/abaa.mx\/tienda\/colector-yellow-jacket-42006-serie-41-con-calibre-de-3-1-8-pulgadas-psi-libras-por-pulgada-cuadrada-r-22-134-a-404-a\/\"]}]},{\"@type\":\"ImageObject\",\"inLanguage\":\"es\",\"@id\":\"https:\/\/abaa.mx\/tienda\/colector-yellow-jacket-42006-serie-41-con-calibre-de-3-1-8-pulgadas-psi-libras-por-pulgada-cuadrada-r-22-134-a-404-a\/#primaryimage\",\"url\":\"https:\/\/abaa.mx\/tienda\/wp-content\/uploads\/2023\/09\/42006.jpg\",\"contentUrl\":\"https:\/\/abaa.mx\/tienda\/wp-content\/uploads\/2023\/09\/42006.jpg\",\"width\":425,\"height\":495,\"caption\":\"colector-yellow-jacket-42006-serie-41-con-calibre-de-3-1-8-pulgadas-psi-libras-por-pulgada-cuadrada-r-22-134-a-404-a\"},{\"@type\":\"BreadcrumbList\",\"@id\":\"https:\/\/abaa.mx\/tienda\/colector-yellow-jacket-42006-serie-41-con-calibre-de-3-1-8-pulgadas-psi-libras-por-pulgada-cuadrada-r-22-134-a-404-a\/#breadcrumb\",\"itemListElement\":[{\"@type\":\"ListItem\",\"position\":1,\"name\":\"Inicio\",\"item\":\"https:\/\/abaa.mx\/tienda\/\"},{\"@type\":\"ListItem\",\"position\":2,\"name\":\"Tienda\",\"item\":\"https:\/\/abaa.mx\/tienda\/\"},{\"@type\":\"ListItem\",\"position\":3,\"name\":\"Colector yellow jacket 42006 serie 41, con calibre de 3-1-8 pulgadas, psi (libras por pulgada cuadrada) r-22-134 a-404 a\"}]},{\"@type\":\"WebSite\",\"@id\":\"https:\/\/abaa.mx\/tienda\/#website\",\"url\":\"https:\/\/abaa.mx\/tienda\/\",\"name\":\"Abaa tienda online\",\"description\":\"Instrumentos de medici\u00f3n\",\"publisher\":{\"@id\":\"https:\/\/abaa.mx\/tienda\/#organization\"},\"potentialAction\":[{\"@type\":\"SearchAction\",\"target\":{\"@type\":\"EntryPoint\",\"urlTemplate\":\"https:\/\/abaa.mx\/tienda\/?s={search_term_string}\"},\"query-input\":{\"@type\":\"PropertyValueSpecification\",\"valueRequired\":true,\"valueName\":\"search_term_string\"}}],\"inLanguage\":\"es\"},{\"@type\":\"Organization\",\"@id\":\"https:\/\/abaa.mx\/tienda\/#organization\",\"name\":\"Abaa tienda online\",\"url\":\"https:\/\/abaa.mx\/tienda\/\",\"logo\":{\"@type\":\"ImageObject\",\"inLanguage\":\"es\",\"@id\":\"https:\/\/abaa.mx\/tienda\/#\/schema\/logo\/image\/\",\"url\":\"https:\/\/abaa.mx\/tienda\/wp-content\/uploads\/2024\/01\/abaa-metrologia-tienda.png\",\"contentUrl\":\"https:\/\/abaa.mx\/tienda\/wp-content\/uploads\/2024\/01\/abaa-metrologia-tienda.png\",\"width\":300,\"height\":141,\"caption\":\"Abaa tienda online\"},\"image\":{\"@id\":\"https:\/\/abaa.mx\/tienda\/#\/schema\/logo\/image\/\"}}]}<\/script>\n<!-- \/ Yoast SEO plugin. -->","yoast_head_json":{"title":"Colector yellow jacket 42006 serie 41, con calibre de 3-1-8 pulgadas, psi (libras por pulgada cuadrada) r-22-134 a-404 a - Abaa tienda online","robots":{"index":"index","follow":"follow","max-snippet":"max-snippet:-1","max-image-preview":"max-image-preview:large","max-video-preview":"max-video-preview:-1"},"canonical":"https:\/\/abaa.mx\/tienda\/colector-yellow-jacket-42006-serie-41-con-calibre-de-3-1-8-pulgadas-psi-libras-por-pulgada-cuadrada-r-22-134-a-404-a\/","og_locale":"es_MX","og_type":"article","og_title":"Colector yellow jacket 42006 serie 41, con calibre de 3-1-8 pulgadas, psi (libras por pulgada cuadrada) r-22-134 a-404 a - Abaa tienda online","og_description":"Caracter\u00edsticas   B\u00e1sculas codificadas con color.  Pistones anillados dobles con forma de \"O\" antideslizantes para reducir el desgaste.  Asientos de nailon de larga duraci\u00f3n.","og_url":"https:\/\/abaa.mx\/tienda\/colector-yellow-jacket-42006-serie-41-con-calibre-de-3-1-8-pulgadas-psi-libras-por-pulgada-cuadrada-r-22-134-a-404-a\/","og_site_name":"Abaa tienda online","article_modified_time":"2024-01-05T21:11:32+00:00","og_image":[{"width":425,"height":495,"url":"https:\/\/abaa.mx\/tienda\/wp-content\/uploads\/2023\/09\/42006.jpg","type":"image\/jpeg"}],"twitter_card":"summary_large_image","twitter_misc":{"Tiempo de lectura":"1 minuto"},"schema":{"@context":"https:\/\/schema.org","@graph":[{"@type":"WebPage","@id":"https:\/\/abaa.mx\/tienda\/colector-yellow-jacket-42006-serie-41-con-calibre-de-3-1-8-pulgadas-psi-libras-por-pulgada-cuadrada-r-22-134-a-404-a\/","url":"https:\/\/abaa.mx\/tienda\/colector-yellow-jacket-42006-serie-41-con-calibre-de-3-1-8-pulgadas-psi-libras-por-pulgada-cuadrada-r-22-134-a-404-a\/","name":"Colector yellow jacket 42006 serie 41, con calibre de 3-1-8 pulgadas, psi (libras por pulgada cuadrada) r-22-134 a-404 a - Abaa tienda online","isPartOf":{"@id":"https:\/\/abaa.mx\/tienda\/#website"},"primaryImageOfPage":{"@id":"https:\/\/abaa.mx\/tienda\/colector-yellow-jacket-42006-serie-41-con-calibre-de-3-1-8-pulgadas-psi-libras-por-pulgada-cuadrada-r-22-134-a-404-a\/#primaryimage"},"image":{"@id":"https:\/\/abaa.mx\/tienda\/colector-yellow-jacket-42006-serie-41-con-calibre-de-3-1-8-pulgadas-psi-libras-por-pulgada-cuadrada-r-22-134-a-404-a\/#primaryimage"},"thumbnailUrl":"https:\/\/abaa.mx\/tienda\/wp-content\/uploads\/2023\/09\/42006.jpg","datePublished":"2023-09-21T21:37:07+00:00","dateModified":"2024-01-05T21:11:32+00:00","breadcrumb":{"@id":"https:\/\/abaa.mx\/tienda\/colector-yellow-jacket-42006-serie-41-con-calibre-de-3-1-8-pulgadas-psi-libras-por-pulgada-cuadrada-r-22-134-a-404-a\/#breadcrumb"},"inLanguage":"es","potentialAction":[{"@type":"ReadAction","target":["https:\/\/abaa.mx\/tienda\/colector-yellow-jacket-42006-serie-41-con-calibre-de-3-1-8-pulgadas-psi-libras-por-pulgada-cuadrada-r-22-134-a-404-a\/"]}]},{"@type":"ImageObject","inLanguage":"es","@id":"https:\/\/abaa.mx\/tienda\/colector-yellow-jacket-42006-serie-41-con-calibre-de-3-1-8-pulgadas-psi-libras-por-pulgada-cuadrada-r-22-134-a-404-a\/#primaryimage","url":"https:\/\/abaa.mx\/tienda\/wp-content\/uploads\/2023\/09\/42006.jpg","contentUrl":"https:\/\/abaa.mx\/tienda\/wp-content\/uploads\/2023\/09\/42006.jpg","width":425,"height":495,"caption":"colector-yellow-jacket-42006-serie-41-con-calibre-de-3-1-8-pulgadas-psi-libras-por-pulgada-cuadrada-r-22-134-a-404-a"},{"@type":"BreadcrumbList","@id":"https:\/\/abaa.mx\/tienda\/colector-yellow-jacket-42006-serie-41-con-calibre-de-3-1-8-pulgadas-psi-libras-por-pulgada-cuadrada-r-22-134-a-404-a\/#breadcrumb","itemListElement":[{"@type":"ListItem","position":1,"name":"Inicio","item":"https:\/\/abaa.mx\/tienda\/"},{"@type":"ListItem","position":2,"name":"Tienda","item":"https:\/\/abaa.mx\/tienda\/"},{"@type":"ListItem","position":3,"name":"Colector yellow jacket 42006 serie 41, con calibre de 3-1-8 pulgadas, psi (libras por pulgada cuadrada) r-22-134 a-404 a"}]},{"@type":"WebSite","@id":"https:\/\/abaa.mx\/tienda\/#website","url":"https:\/\/abaa.mx\/tienda\/","name":"Abaa tienda online","description":"Instrumentos de medici\u00f3n","publisher":{"@id":"https:\/\/abaa.mx\/tienda\/#organization"},"potentialAction":[{"@type":"SearchAction","target":{"@type":"EntryPoint","urlTemplate":"https:\/\/abaa.mx\/tienda\/?s={search_term_string}"},"query-input":{"@type":"PropertyValueSpecification","valueRequired":true,"valueName":"search_term_string"}}],"inLanguage":"es"},{"@type":"Organization","@id":"https:\/\/abaa.mx\/tienda\/#organization","name":"Abaa tienda online","url":"https:\/\/abaa.mx\/tienda\/","logo":{"@type":"ImageObject","inLanguage":"es","@id":"https:\/\/abaa.mx\/tienda\/#\/schema\/logo\/image\/","url":"https:\/\/abaa.mx\/tienda\/wp-content\/uploads\/2024\/01\/abaa-metrologia-tienda.png","contentUrl":"https:\/\/abaa.mx\/tienda\/wp-content\/uploads\/2024\/01\/abaa-metrologia-tienda.png","width":300,"height":141,"caption":"Abaa tienda online"},"image":{"@id":"https:\/\/abaa.mx\/tienda\/#\/schema\/logo\/image\/"}}]}},"_links":{"self":[{"href":"https:\/\/abaa.mx\/tienda\/wp-json\/wp\/v2\/product\/2550","targetHints":{"allow":["GET"]}}],"collection":[{"href":"https:\/\/abaa.mx\/tienda\/wp-json\/wp\/v2\/product"}],"about":[{"href":"https:\/\/abaa.mx\/tienda\/wp-json\/wp\/v2\/types\/product"}],"replies":[{"embeddable":true,"href":"https:\/\/abaa.mx\/tienda\/wp-json\/wp\/v2\/comments?post=2550"}],"wp:featuredmedia":[{"embeddable":true,"href":"https:\/\/abaa.mx\/tienda\/wp-json\/wp\/v2\/media\/2559"}],"wp:attachment":[{"href":"https:\/\/abaa.mx\/tienda\/wp-json\/wp\/v2\/media?parent=2550"}],"wp:term":[{"taxonomy":"product_brand","embeddable":true,"href":"https:\/\/abaa.mx\/tienda\/wp-json\/wp\/v2\/product_brand?post=2550"},{"taxonomy":"product_cat","embeddable":true,"href":"https:\/\/abaa.mx\/tienda\/wp-json\/wp\/v2\/product_cat?post=2550"},{"taxonomy":"product_tag","embeddable":true,"href":"https:\/\/abaa.mx\/tienda\/wp-json\/wp\/v2\/product_tag?post=2550"}],"curies":[{"name":"wp","href":"https:\/\/api.w.org\/{rel}","templated":true}]}}