{"id":2549,"date":"2023-09-21T21:25:35","date_gmt":"2023-09-21T21:25:35","guid":{"rendered":"https:\/\/abaa.mx\/tienda\/?post_type=product&#038;p=2549"},"modified":"2023-11-07T02:53:36","modified_gmt":"2023-11-07T02:53:36","slug":"registrador-de-datos-de-temperatura-de-175-canales-testo-3-t2-con-2-tc-externos","status":"publish","type":"product","link":"https:\/\/abaa.mx\/tienda\/registrador-de-datos-de-temperatura-de-175-canales-testo-3-t2-con-2-tc-externos\/","title":{"rendered":"registrador de datos de temperatura de 175 canales testo 3 t2 con 2 tc externos"},"content":{"rendered":"<p>El testo 175 T3 puede monitorear y registrar temperaturas en dos ubicaciones. El testo 175 T3 tiene dos interfaces para sondas de termopar (Tipo K y Tipo T).<\/p>\n<p>Con el testo 175 T3 y las vers\u00e1tiles sondas de abrazadera de tuber\u00eda, puede realizar mediciones espec\u00edficas de las temperaturas de flujo y retorno de radiadores individuales u otros elementos calefactores, con el fin de identificar problemas de calefacci\u00f3n y refrigeraci\u00f3n.<\/p>\n<div class=\"span10\">\n<div class=\"mhide ipad-view-setting\">\n<div class=\"row-fluid ProductTabs\">\n<div class=\"span12\">\n<div class=\"tab-content\">\n<div id=\"tab1\" class=\"product-tabs tab-pane  active\">\n<h4>Testo 175 T3 Datos t\u00e9cnicos<\/h4>\n<table class=\"table table-striped\">\n<tbody>\n<tr>\n<td>Memoria<\/td>\n<td>1.000.000 de valores<\/td>\n<\/tr>\n<tr>\n<td>Temperatura de almacenamiento<\/td>\n<td>-20 hasta +55 \u00b0C<\/td>\n<\/tr>\n<tr>\n<td>Temperatura de funcionamiento<\/td>\n<td>-20 hasta +55 \u00b0C<\/td>\n<\/tr>\n<tr>\n<td>Dimensiones<\/td>\n<td>89 x 53 x 27 mm<\/td>\n<\/tr>\n<tr>\n<th colspan=\"2\">\n<h5>Tipo T (Cu-CuNi)<\/h5>\n<\/th>\n<\/tr>\n<tr>\n<td>Rango de medici\u00f3n<\/td>\n<td>-50 hasta +400 \u00b0C<\/td>\n<\/tr>\n<tr>\n<td>Exactitud<\/td>\n<td>\u00b10,5 \u00b0C (-50 a +70 \u00b0C)<br \/>\n\u00b10,7 % de la RDG. (+70,1 hasta +1000 \u00b0C)<\/td>\n<\/tr>\n<tr>\n<td>Resoluci\u00f3n<\/td>\n<td>0.1 \u00b0C<\/td>\n<\/tr>\n<tr>\n<th colspan=\"2\">\n<h5>Tipo K<\/h5>\n<\/th>\n<\/tr>\n<tr>\n<td>Rango de medici\u00f3n<\/td>\n<td>-50 hasta +1000 \u00b0C<\/td>\n<\/tr>\n<tr>\n<td>Exactitud<\/td>\n<td>\u00b10,5 \u00b0C (-50 a +70 \u00b0C)<br \/>\n\u00b10,7 % de la RDG. (+70,1 hasta +1000 \u00b0C)<\/td>\n<\/tr>\n<tr>\n<td>Resoluci\u00f3n<\/td>\n<td>0.1 \u00b0C<\/td>\n<\/tr>\n<\/tbody>\n<\/table>\n<\/div>\n<\/div>\n<\/div>\n<\/div>\n<\/div>\n<\/div>\n","protected":false},"excerpt":{"rendered":"<p>El testo 175 T3 puede monitorear y registrar temperaturas en dos ubicaciones. El testo 175 T3 tiene dos interfaces para sondas de termopar (Tipo K y Tipo T).<\/p>\n<p>Con el testo 175 T3 y las vers\u00e1tiles sondas de abrazadera de tuber\u00eda, puede realizar mediciones espec\u00edficas de las temperaturas de flujo y retorno de radiadores individuales u otros elementos calefactores, con el fin de identificar problemas de calefacci\u00f3n y refrigeraci\u00f3n.<\/p>\n","protected":false},"featured_media":2551,"comment_status":"open","ping_status":"closed","template":"","meta":{"_joinchat":[]},"product_brand":[],"product_cat":[15],"product_tag":[],"class_list":{"0":"post-2549","1":"product","2":"type-product","3":"status-publish","4":"has-post-thumbnail","6":"product_cat-sin-categorizar","8":"first","9":"instock","10":"shipping-taxable","11":"product-type-simple"},"yoast_head":"<!-- This site is optimized with the Yoast SEO plugin v26.4 - https:\/\/yoast.com\/wordpress\/plugins\/seo\/ -->\n<title>registrador de datos de temperatura de 175 canales testo 3 t2 con 2 tc externos - Abaa tienda online<\/title>\n<meta name=\"robots\" content=\"index, follow, max-snippet:-1, max-image-preview:large, max-video-preview:-1\" \/>\n<link rel=\"canonical\" href=\"https:\/\/abaa.mx\/tienda\/registrador-de-datos-de-temperatura-de-175-canales-testo-3-t2-con-2-tc-externos\/\" \/>\n<meta property=\"og:locale\" content=\"es_MX\" \/>\n<meta property=\"og:type\" content=\"article\" \/>\n<meta property=\"og:title\" content=\"registrador de datos de temperatura de 175 canales testo 3 t2 con 2 tc externos - Abaa tienda online\" \/>\n<meta property=\"og:description\" content=\"El testo 175 T3 puede monitorear y registrar temperaturas en dos ubicaciones. El testo 175 T3 tiene dos interfaces para sondas de termopar (Tipo K y Tipo T).  Con el testo 175 T3 y las vers\u00e1tiles sondas de abrazadera de tuber\u00eda, puede realizar mediciones espec\u00edficas de las temperaturas de flujo y retorno de radiadores individuales u otros elementos calefactores, con el fin de identificar problemas de calefacci\u00f3n y refrigeraci\u00f3n.\" \/>\n<meta property=\"og:url\" content=\"https:\/\/abaa.mx\/tienda\/registrador-de-datos-de-temperatura-de-175-canales-testo-3-t2-con-2-tc-externos\/\" \/>\n<meta property=\"og:site_name\" content=\"Abaa tienda online\" \/>\n<meta property=\"article:modified_time\" content=\"2023-11-07T02:53:36+00:00\" \/>\n<meta property=\"og:image\" content=\"https:\/\/abaa.mx\/tienda\/wp-content\/uploads\/2023\/09\/175-T3.jpg\" \/>\n\t<meta property=\"og:image:width\" content=\"270\" \/>\n\t<meta property=\"og:image:height\" content=\"457\" \/>\n\t<meta property=\"og:image:type\" content=\"image\/jpeg\" \/>\n<meta name=\"twitter:card\" content=\"summary_large_image\" \/>\n<meta name=\"twitter:label1\" content=\"Tiempo de lectura\" \/>\n\t<meta name=\"twitter:data1\" content=\"1 minuto\" \/>\n<script type=\"application\/ld+json\" class=\"yoast-schema-graph\">{\"@context\":\"https:\/\/schema.org\",\"@graph\":[{\"@type\":\"WebPage\",\"@id\":\"https:\/\/abaa.mx\/tienda\/registrador-de-datos-de-temperatura-de-175-canales-testo-3-t2-con-2-tc-externos\/\",\"url\":\"https:\/\/abaa.mx\/tienda\/registrador-de-datos-de-temperatura-de-175-canales-testo-3-t2-con-2-tc-externos\/\",\"name\":\"registrador de datos de temperatura de 175 canales testo 3 t2 con 2 tc externos - Abaa tienda online\",\"isPartOf\":{\"@id\":\"https:\/\/abaa.mx\/tienda\/#website\"},\"primaryImageOfPage\":{\"@id\":\"https:\/\/abaa.mx\/tienda\/registrador-de-datos-de-temperatura-de-175-canales-testo-3-t2-con-2-tc-externos\/#primaryimage\"},\"image\":{\"@id\":\"https:\/\/abaa.mx\/tienda\/registrador-de-datos-de-temperatura-de-175-canales-testo-3-t2-con-2-tc-externos\/#primaryimage\"},\"thumbnailUrl\":\"https:\/\/abaa.mx\/tienda\/wp-content\/uploads\/2023\/09\/175-T3.jpg\",\"datePublished\":\"2023-09-21T21:25:35+00:00\",\"dateModified\":\"2023-11-07T02:53:36+00:00\",\"breadcrumb\":{\"@id\":\"https:\/\/abaa.mx\/tienda\/registrador-de-datos-de-temperatura-de-175-canales-testo-3-t2-con-2-tc-externos\/#breadcrumb\"},\"inLanguage\":\"es\",\"potentialAction\":[{\"@type\":\"ReadAction\",\"target\":[\"https:\/\/abaa.mx\/tienda\/registrador-de-datos-de-temperatura-de-175-canales-testo-3-t2-con-2-tc-externos\/\"]}]},{\"@type\":\"ImageObject\",\"inLanguage\":\"es\",\"@id\":\"https:\/\/abaa.mx\/tienda\/registrador-de-datos-de-temperatura-de-175-canales-testo-3-t2-con-2-tc-externos\/#primaryimage\",\"url\":\"https:\/\/abaa.mx\/tienda\/wp-content\/uploads\/2023\/09\/175-T3.jpg\",\"contentUrl\":\"https:\/\/abaa.mx\/tienda\/wp-content\/uploads\/2023\/09\/175-T3.jpg\",\"width\":270,\"height\":457,\"caption\":\"175 T3\"},{\"@type\":\"BreadcrumbList\",\"@id\":\"https:\/\/abaa.mx\/tienda\/registrador-de-datos-de-temperatura-de-175-canales-testo-3-t2-con-2-tc-externos\/#breadcrumb\",\"itemListElement\":[{\"@type\":\"ListItem\",\"position\":1,\"name\":\"Inicio\",\"item\":\"https:\/\/abaa.mx\/tienda\/\"},{\"@type\":\"ListItem\",\"position\":2,\"name\":\"Tienda\",\"item\":\"https:\/\/abaa.mx\/tienda\/\"},{\"@type\":\"ListItem\",\"position\":3,\"name\":\"registrador de datos de temperatura de 175 canales testo 3 t2 con 2 tc externos\"}]},{\"@type\":\"WebSite\",\"@id\":\"https:\/\/abaa.mx\/tienda\/#website\",\"url\":\"https:\/\/abaa.mx\/tienda\/\",\"name\":\"Abaa tienda online\",\"description\":\"Instrumentos de medici\u00f3n\",\"publisher\":{\"@id\":\"https:\/\/abaa.mx\/tienda\/#organization\"},\"potentialAction\":[{\"@type\":\"SearchAction\",\"target\":{\"@type\":\"EntryPoint\",\"urlTemplate\":\"https:\/\/abaa.mx\/tienda\/?s={search_term_string}\"},\"query-input\":{\"@type\":\"PropertyValueSpecification\",\"valueRequired\":true,\"valueName\":\"search_term_string\"}}],\"inLanguage\":\"es\"},{\"@type\":\"Organization\",\"@id\":\"https:\/\/abaa.mx\/tienda\/#organization\",\"name\":\"Abaa tienda online\",\"url\":\"https:\/\/abaa.mx\/tienda\/\",\"logo\":{\"@type\":\"ImageObject\",\"inLanguage\":\"es\",\"@id\":\"https:\/\/abaa.mx\/tienda\/#\/schema\/logo\/image\/\",\"url\":\"https:\/\/abaa.mx\/tienda\/wp-content\/uploads\/2024\/01\/abaa-metrologia-tienda.png\",\"contentUrl\":\"https:\/\/abaa.mx\/tienda\/wp-content\/uploads\/2024\/01\/abaa-metrologia-tienda.png\",\"width\":300,\"height\":141,\"caption\":\"Abaa tienda online\"},\"image\":{\"@id\":\"https:\/\/abaa.mx\/tienda\/#\/schema\/logo\/image\/\"}}]}<\/script>\n<!-- \/ Yoast SEO plugin. -->","yoast_head_json":{"title":"registrador de datos de temperatura de 175 canales testo 3 t2 con 2 tc externos - Abaa tienda online","robots":{"index":"index","follow":"follow","max-snippet":"max-snippet:-1","max-image-preview":"max-image-preview:large","max-video-preview":"max-video-preview:-1"},"canonical":"https:\/\/abaa.mx\/tienda\/registrador-de-datos-de-temperatura-de-175-canales-testo-3-t2-con-2-tc-externos\/","og_locale":"es_MX","og_type":"article","og_title":"registrador de datos de temperatura de 175 canales testo 3 t2 con 2 tc externos - Abaa tienda online","og_description":"El testo 175 T3 puede monitorear y registrar temperaturas en dos ubicaciones. El testo 175 T3 tiene dos interfaces para sondas de termopar (Tipo K y Tipo T).  Con el testo 175 T3 y las vers\u00e1tiles sondas de abrazadera de tuber\u00eda, puede realizar mediciones espec\u00edficas de las temperaturas de flujo y retorno de radiadores individuales u otros elementos calefactores, con el fin de identificar problemas de calefacci\u00f3n y refrigeraci\u00f3n.","og_url":"https:\/\/abaa.mx\/tienda\/registrador-de-datos-de-temperatura-de-175-canales-testo-3-t2-con-2-tc-externos\/","og_site_name":"Abaa tienda online","article_modified_time":"2023-11-07T02:53:36+00:00","og_image":[{"width":270,"height":457,"url":"https:\/\/abaa.mx\/tienda\/wp-content\/uploads\/2023\/09\/175-T3.jpg","type":"image\/jpeg"}],"twitter_card":"summary_large_image","twitter_misc":{"Tiempo de lectura":"1 minuto"},"schema":{"@context":"https:\/\/schema.org","@graph":[{"@type":"WebPage","@id":"https:\/\/abaa.mx\/tienda\/registrador-de-datos-de-temperatura-de-175-canales-testo-3-t2-con-2-tc-externos\/","url":"https:\/\/abaa.mx\/tienda\/registrador-de-datos-de-temperatura-de-175-canales-testo-3-t2-con-2-tc-externos\/","name":"registrador de datos de temperatura de 175 canales testo 3 t2 con 2 tc externos - Abaa tienda online","isPartOf":{"@id":"https:\/\/abaa.mx\/tienda\/#website"},"primaryImageOfPage":{"@id":"https:\/\/abaa.mx\/tienda\/registrador-de-datos-de-temperatura-de-175-canales-testo-3-t2-con-2-tc-externos\/#primaryimage"},"image":{"@id":"https:\/\/abaa.mx\/tienda\/registrador-de-datos-de-temperatura-de-175-canales-testo-3-t2-con-2-tc-externos\/#primaryimage"},"thumbnailUrl":"https:\/\/abaa.mx\/tienda\/wp-content\/uploads\/2023\/09\/175-T3.jpg","datePublished":"2023-09-21T21:25:35+00:00","dateModified":"2023-11-07T02:53:36+00:00","breadcrumb":{"@id":"https:\/\/abaa.mx\/tienda\/registrador-de-datos-de-temperatura-de-175-canales-testo-3-t2-con-2-tc-externos\/#breadcrumb"},"inLanguage":"es","potentialAction":[{"@type":"ReadAction","target":["https:\/\/abaa.mx\/tienda\/registrador-de-datos-de-temperatura-de-175-canales-testo-3-t2-con-2-tc-externos\/"]}]},{"@type":"ImageObject","inLanguage":"es","@id":"https:\/\/abaa.mx\/tienda\/registrador-de-datos-de-temperatura-de-175-canales-testo-3-t2-con-2-tc-externos\/#primaryimage","url":"https:\/\/abaa.mx\/tienda\/wp-content\/uploads\/2023\/09\/175-T3.jpg","contentUrl":"https:\/\/abaa.mx\/tienda\/wp-content\/uploads\/2023\/09\/175-T3.jpg","width":270,"height":457,"caption":"175 T3"},{"@type":"BreadcrumbList","@id":"https:\/\/abaa.mx\/tienda\/registrador-de-datos-de-temperatura-de-175-canales-testo-3-t2-con-2-tc-externos\/#breadcrumb","itemListElement":[{"@type":"ListItem","position":1,"name":"Inicio","item":"https:\/\/abaa.mx\/tienda\/"},{"@type":"ListItem","position":2,"name":"Tienda","item":"https:\/\/abaa.mx\/tienda\/"},{"@type":"ListItem","position":3,"name":"registrador de datos de temperatura de 175 canales testo 3 t2 con 2 tc externos"}]},{"@type":"WebSite","@id":"https:\/\/abaa.mx\/tienda\/#website","url":"https:\/\/abaa.mx\/tienda\/","name":"Abaa tienda online","description":"Instrumentos de medici\u00f3n","publisher":{"@id":"https:\/\/abaa.mx\/tienda\/#organization"},"potentialAction":[{"@type":"SearchAction","target":{"@type":"EntryPoint","urlTemplate":"https:\/\/abaa.mx\/tienda\/?s={search_term_string}"},"query-input":{"@type":"PropertyValueSpecification","valueRequired":true,"valueName":"search_term_string"}}],"inLanguage":"es"},{"@type":"Organization","@id":"https:\/\/abaa.mx\/tienda\/#organization","name":"Abaa tienda online","url":"https:\/\/abaa.mx\/tienda\/","logo":{"@type":"ImageObject","inLanguage":"es","@id":"https:\/\/abaa.mx\/tienda\/#\/schema\/logo\/image\/","url":"https:\/\/abaa.mx\/tienda\/wp-content\/uploads\/2024\/01\/abaa-metrologia-tienda.png","contentUrl":"https:\/\/abaa.mx\/tienda\/wp-content\/uploads\/2024\/01\/abaa-metrologia-tienda.png","width":300,"height":141,"caption":"Abaa tienda online"},"image":{"@id":"https:\/\/abaa.mx\/tienda\/#\/schema\/logo\/image\/"}}]}},"_links":{"self":[{"href":"https:\/\/abaa.mx\/tienda\/wp-json\/wp\/v2\/product\/2549","targetHints":{"allow":["GET"]}}],"collection":[{"href":"https:\/\/abaa.mx\/tienda\/wp-json\/wp\/v2\/product"}],"about":[{"href":"https:\/\/abaa.mx\/tienda\/wp-json\/wp\/v2\/types\/product"}],"replies":[{"embeddable":true,"href":"https:\/\/abaa.mx\/tienda\/wp-json\/wp\/v2\/comments?post=2549"}],"wp:featuredmedia":[{"embeddable":true,"href":"https:\/\/abaa.mx\/tienda\/wp-json\/wp\/v2\/media\/2551"}],"wp:attachment":[{"href":"https:\/\/abaa.mx\/tienda\/wp-json\/wp\/v2\/media?parent=2549"}],"wp:term":[{"taxonomy":"product_brand","embeddable":true,"href":"https:\/\/abaa.mx\/tienda\/wp-json\/wp\/v2\/product_brand?post=2549"},{"taxonomy":"product_cat","embeddable":true,"href":"https:\/\/abaa.mx\/tienda\/wp-json\/wp\/v2\/product_cat?post=2549"},{"taxonomy":"product_tag","embeddable":true,"href":"https:\/\/abaa.mx\/tienda\/wp-json\/wp\/v2\/product_tag?post=2549"}],"curies":[{"name":"wp","href":"https:\/\/api.w.org\/{rel}","templated":true}]}}