{"id":2546,"date":"2023-09-21T21:23:12","date_gmt":"2023-09-21T21:23:12","guid":{"rendered":"https:\/\/abaa.mx\/tienda\/?post_type=product&#038;p=2546"},"modified":"2023-11-23T18:00:33","modified_gmt":"2023-11-23T18:00:33","slug":"registrador-de-datos-de-temperatura-humedad-de-175-canales-testo-1-h2-con-sensor-de-hr-externo","status":"publish","type":"product","link":"https:\/\/abaa.mx\/tienda\/registrador-de-datos-de-temperatura-humedad-de-175-canales-testo-1-h2-con-sensor-de-hr-externo\/","title":{"rendered":"registrador de datos de temperatura-humedad de 175 canales testo 1 h2 con sensor de hr externo"},"content":{"rendered":"<p>El testo 175 H1 garantiza un alto nivel de seguridad de datos y lecturas fiables basadas en tecnolog\u00eda de vanguardia. El registrador tiene una memoria de gran tama\u00f1o para hasta 1 mill\u00f3n de lecturas y una duraci\u00f3n de bater\u00eda extendida (hasta 3 a\u00f1os). Esto le da la libertad de leer los datos a intervalos m\u00e1s largos, incluso cuando los ciclos de medici\u00f3n son m\u00e1s cortos. Las bater\u00edas AAA triples incluidas pueden ser reemplazadas por el usuario.<\/p>\n<p><strong>Testo 175 H1 Caracter\u00edsticas<\/strong><\/p>\n<ul>\n<li>Monitoreo\/registro de temperatura\/HR\/punto de roc\u00edo 24\/7<\/li>\n<li>Memoria de gran tama\u00f1o para mediciones a largo plazo (hasta 1 mill\u00f3n de lecturas, duraci\u00f3n de la bater\u00eda 3 a\u00f1os)<\/li>\n<li>Sensor de HR ext para tiempos de reacci\u00f3n cortos\/lecturas fiables<\/li>\n<li>Descarga gratuita de programas (ComSoft Basic)<\/li>\n<\/ul>\n<h4>Testo 175 H1 Datos t\u00e9cnicos<\/h4>\n<table class=\"table table-striped\">\n<tbody>\n<tr>\n<td>Memoria<\/td>\n<td>1.000.000 de valores<\/td>\n<\/tr>\n<tr>\n<td>Temperatura de almacenamiento<\/td>\n<td>-20 hasta +55 \u00b0C<\/td>\n<\/tr>\n<tr>\n<td>Temperatura de funcionamiento<\/td>\n<td>-20 hasta +55 \u00b0C<\/td>\n<\/tr>\n<tr>\n<td>Dimensiones<\/td>\n<td>149 x 53 x 27 mm<\/td>\n<\/tr>\n<tr>\n<th colspan=\"2\">\n<h5>NTC<\/h5>\n<\/th>\n<\/tr>\n<tr>\n<td>Rango de medici\u00f3n<\/td>\n<td>-20 hasta +55 \u00b0C<\/td>\n<\/tr>\n<tr>\n<td>Exactitud<\/td>\n<td>\u00b10,4 \u00b0C (-20 hasta +55 \u00b0C)<\/td>\n<\/tr>\n<tr>\n<td>Resoluci\u00f3n<\/td>\n<td>0.1 \u00b0C<\/td>\n<\/tr>\n<tr>\n<th colspan=\"2\">\n<h5>Humedad<\/h5>\n<\/th>\n<\/tr>\n<tr>\n<td>Rango de medici\u00f3n<\/td>\n<td>0 a 100 % HR<\/td>\n<\/tr>\n<tr>\n<td>Exactitud<\/td>\n<td>\u00b12 % HR (2 a 98 % HR) a +25 \u00b0C<\/td>\n<\/tr>\n<tr>\n<td>Resoluci\u00f3n<\/td>\n<td>0,1 %HR<\/td>\n<\/tr>\n<\/tbody>\n<\/table>\n","protected":false},"excerpt":{"rendered":"<p>El testo 175 H1 garantiza un alto nivel de seguridad de datos y lecturas fiables basadas en tecnolog\u00eda de vanguardia. El registrador tiene una memoria de gran tama\u00f1o para hasta 1 mill\u00f3n de lecturas y una duraci\u00f3n de bater\u00eda extendida (hasta 3 a\u00f1os). Esto le da la libertad de leer los datos a intervalos m\u00e1s largos, incluso cuando los ciclos de medici\u00f3n son m\u00e1s cortos. Las bater\u00edas AAA triples incluidas pueden ser reemplazadas por el usuario.<\/p>\n","protected":false},"featured_media":2548,"comment_status":"open","ping_status":"closed","template":"","meta":{"_joinchat":[]},"product_brand":[],"product_cat":[15],"product_tag":[],"class_list":{"0":"post-2546","1":"product","2":"type-product","3":"status-publish","4":"has-post-thumbnail","6":"product_cat-sin-categorizar","8":"first","9":"instock","10":"shipping-taxable","11":"product-type-simple"},"yoast_head":"<!-- This site is optimized with the Yoast SEO plugin v26.4 - https:\/\/yoast.com\/wordpress\/plugins\/seo\/ -->\n<title>registrador de datos de temperatura-humedad de 175 canales testo 1 h2 con sensor de hr externo - Abaa tienda online<\/title>\n<meta name=\"robots\" content=\"index, follow, max-snippet:-1, max-image-preview:large, max-video-preview:-1\" \/>\n<link rel=\"canonical\" href=\"https:\/\/abaa.mx\/tienda\/registrador-de-datos-de-temperatura-humedad-de-175-canales-testo-1-h2-con-sensor-de-hr-externo\/\" \/>\n<meta property=\"og:locale\" content=\"es_MX\" \/>\n<meta property=\"og:type\" content=\"article\" \/>\n<meta property=\"og:title\" content=\"registrador de datos de temperatura-humedad de 175 canales testo 1 h2 con sensor de hr externo - Abaa tienda online\" \/>\n<meta property=\"og:description\" content=\"El testo 175 H1 garantiza un alto nivel de seguridad de datos y lecturas fiables basadas en tecnolog\u00eda de vanguardia. El registrador tiene una memoria de gran tama\u00f1o para hasta 1 mill\u00f3n de lecturas y una duraci\u00f3n de bater\u00eda extendida (hasta 3 a\u00f1os). Esto le da la libertad de leer los datos a intervalos m\u00e1s largos, incluso cuando los ciclos de medici\u00f3n son m\u00e1s cortos. Las bater\u00edas AAA triples incluidas pueden ser reemplazadas por el usuario.\" \/>\n<meta property=\"og:url\" content=\"https:\/\/abaa.mx\/tienda\/registrador-de-datos-de-temperatura-humedad-de-175-canales-testo-1-h2-con-sensor-de-hr-externo\/\" \/>\n<meta property=\"og:site_name\" content=\"Abaa tienda online\" \/>\n<meta property=\"article:modified_time\" content=\"2023-11-23T18:00:33+00:00\" \/>\n<meta property=\"og:image\" content=\"https:\/\/abaa.mx\/tienda\/wp-content\/uploads\/2023\/09\/175-H1.jpg\" \/>\n\t<meta property=\"og:image:width\" content=\"270\" \/>\n\t<meta property=\"og:image:height\" content=\"331\" \/>\n\t<meta property=\"og:image:type\" content=\"image\/jpeg\" \/>\n<meta name=\"twitter:card\" content=\"summary_large_image\" \/>\n<meta name=\"twitter:label1\" content=\"Tiempo de lectura\" \/>\n\t<meta name=\"twitter:data1\" content=\"1 minuto\" \/>\n<script type=\"application\/ld+json\" class=\"yoast-schema-graph\">{\"@context\":\"https:\/\/schema.org\",\"@graph\":[{\"@type\":\"WebPage\",\"@id\":\"https:\/\/abaa.mx\/tienda\/registrador-de-datos-de-temperatura-humedad-de-175-canales-testo-1-h2-con-sensor-de-hr-externo\/\",\"url\":\"https:\/\/abaa.mx\/tienda\/registrador-de-datos-de-temperatura-humedad-de-175-canales-testo-1-h2-con-sensor-de-hr-externo\/\",\"name\":\"registrador de datos de temperatura-humedad de 175 canales testo 1 h2 con sensor de hr externo - Abaa tienda online\",\"isPartOf\":{\"@id\":\"https:\/\/abaa.mx\/tienda\/#website\"},\"primaryImageOfPage\":{\"@id\":\"https:\/\/abaa.mx\/tienda\/registrador-de-datos-de-temperatura-humedad-de-175-canales-testo-1-h2-con-sensor-de-hr-externo\/#primaryimage\"},\"image\":{\"@id\":\"https:\/\/abaa.mx\/tienda\/registrador-de-datos-de-temperatura-humedad-de-175-canales-testo-1-h2-con-sensor-de-hr-externo\/#primaryimage\"},\"thumbnailUrl\":\"https:\/\/abaa.mx\/tienda\/wp-content\/uploads\/2023\/09\/175-H1.jpg\",\"datePublished\":\"2023-09-21T21:23:12+00:00\",\"dateModified\":\"2023-11-23T18:00:33+00:00\",\"breadcrumb\":{\"@id\":\"https:\/\/abaa.mx\/tienda\/registrador-de-datos-de-temperatura-humedad-de-175-canales-testo-1-h2-con-sensor-de-hr-externo\/#breadcrumb\"},\"inLanguage\":\"es\",\"potentialAction\":[{\"@type\":\"ReadAction\",\"target\":[\"https:\/\/abaa.mx\/tienda\/registrador-de-datos-de-temperatura-humedad-de-175-canales-testo-1-h2-con-sensor-de-hr-externo\/\"]}]},{\"@type\":\"ImageObject\",\"inLanguage\":\"es\",\"@id\":\"https:\/\/abaa.mx\/tienda\/registrador-de-datos-de-temperatura-humedad-de-175-canales-testo-1-h2-con-sensor-de-hr-externo\/#primaryimage\",\"url\":\"https:\/\/abaa.mx\/tienda\/wp-content\/uploads\/2023\/09\/175-H1.jpg\",\"contentUrl\":\"https:\/\/abaa.mx\/tienda\/wp-content\/uploads\/2023\/09\/175-H1.jpg\",\"width\":270,\"height\":331,\"caption\":\"175 H1\"},{\"@type\":\"BreadcrumbList\",\"@id\":\"https:\/\/abaa.mx\/tienda\/registrador-de-datos-de-temperatura-humedad-de-175-canales-testo-1-h2-con-sensor-de-hr-externo\/#breadcrumb\",\"itemListElement\":[{\"@type\":\"ListItem\",\"position\":1,\"name\":\"Inicio\",\"item\":\"https:\/\/abaa.mx\/tienda\/\"},{\"@type\":\"ListItem\",\"position\":2,\"name\":\"Tienda\",\"item\":\"https:\/\/abaa.mx\/tienda\/\"},{\"@type\":\"ListItem\",\"position\":3,\"name\":\"registrador de datos de temperatura-humedad de 175 canales testo 1 h2 con sensor de hr externo\"}]},{\"@type\":\"WebSite\",\"@id\":\"https:\/\/abaa.mx\/tienda\/#website\",\"url\":\"https:\/\/abaa.mx\/tienda\/\",\"name\":\"Abaa tienda online\",\"description\":\"Instrumentos de medici\u00f3n\",\"publisher\":{\"@id\":\"https:\/\/abaa.mx\/tienda\/#organization\"},\"potentialAction\":[{\"@type\":\"SearchAction\",\"target\":{\"@type\":\"EntryPoint\",\"urlTemplate\":\"https:\/\/abaa.mx\/tienda\/?s={search_term_string}\"},\"query-input\":{\"@type\":\"PropertyValueSpecification\",\"valueRequired\":true,\"valueName\":\"search_term_string\"}}],\"inLanguage\":\"es\"},{\"@type\":\"Organization\",\"@id\":\"https:\/\/abaa.mx\/tienda\/#organization\",\"name\":\"Abaa tienda online\",\"url\":\"https:\/\/abaa.mx\/tienda\/\",\"logo\":{\"@type\":\"ImageObject\",\"inLanguage\":\"es\",\"@id\":\"https:\/\/abaa.mx\/tienda\/#\/schema\/logo\/image\/\",\"url\":\"https:\/\/abaa.mx\/tienda\/wp-content\/uploads\/2024\/01\/abaa-metrologia-tienda.png\",\"contentUrl\":\"https:\/\/abaa.mx\/tienda\/wp-content\/uploads\/2024\/01\/abaa-metrologia-tienda.png\",\"width\":300,\"height\":141,\"caption\":\"Abaa tienda online\"},\"image\":{\"@id\":\"https:\/\/abaa.mx\/tienda\/#\/schema\/logo\/image\/\"}}]}<\/script>\n<!-- \/ Yoast SEO plugin. -->","yoast_head_json":{"title":"registrador de datos de temperatura-humedad de 175 canales testo 1 h2 con sensor de hr externo - Abaa tienda online","robots":{"index":"index","follow":"follow","max-snippet":"max-snippet:-1","max-image-preview":"max-image-preview:large","max-video-preview":"max-video-preview:-1"},"canonical":"https:\/\/abaa.mx\/tienda\/registrador-de-datos-de-temperatura-humedad-de-175-canales-testo-1-h2-con-sensor-de-hr-externo\/","og_locale":"es_MX","og_type":"article","og_title":"registrador de datos de temperatura-humedad de 175 canales testo 1 h2 con sensor de hr externo - Abaa tienda online","og_description":"El testo 175 H1 garantiza un alto nivel de seguridad de datos y lecturas fiables basadas en tecnolog\u00eda de vanguardia. El registrador tiene una memoria de gran tama\u00f1o para hasta 1 mill\u00f3n de lecturas y una duraci\u00f3n de bater\u00eda extendida (hasta 3 a\u00f1os). Esto le da la libertad de leer los datos a intervalos m\u00e1s largos, incluso cuando los ciclos de medici\u00f3n son m\u00e1s cortos. Las bater\u00edas AAA triples incluidas pueden ser reemplazadas por el usuario.","og_url":"https:\/\/abaa.mx\/tienda\/registrador-de-datos-de-temperatura-humedad-de-175-canales-testo-1-h2-con-sensor-de-hr-externo\/","og_site_name":"Abaa tienda online","article_modified_time":"2023-11-23T18:00:33+00:00","og_image":[{"width":270,"height":331,"url":"https:\/\/abaa.mx\/tienda\/wp-content\/uploads\/2023\/09\/175-H1.jpg","type":"image\/jpeg"}],"twitter_card":"summary_large_image","twitter_misc":{"Tiempo de lectura":"1 minuto"},"schema":{"@context":"https:\/\/schema.org","@graph":[{"@type":"WebPage","@id":"https:\/\/abaa.mx\/tienda\/registrador-de-datos-de-temperatura-humedad-de-175-canales-testo-1-h2-con-sensor-de-hr-externo\/","url":"https:\/\/abaa.mx\/tienda\/registrador-de-datos-de-temperatura-humedad-de-175-canales-testo-1-h2-con-sensor-de-hr-externo\/","name":"registrador de datos de temperatura-humedad de 175 canales testo 1 h2 con sensor de hr externo - Abaa tienda online","isPartOf":{"@id":"https:\/\/abaa.mx\/tienda\/#website"},"primaryImageOfPage":{"@id":"https:\/\/abaa.mx\/tienda\/registrador-de-datos-de-temperatura-humedad-de-175-canales-testo-1-h2-con-sensor-de-hr-externo\/#primaryimage"},"image":{"@id":"https:\/\/abaa.mx\/tienda\/registrador-de-datos-de-temperatura-humedad-de-175-canales-testo-1-h2-con-sensor-de-hr-externo\/#primaryimage"},"thumbnailUrl":"https:\/\/abaa.mx\/tienda\/wp-content\/uploads\/2023\/09\/175-H1.jpg","datePublished":"2023-09-21T21:23:12+00:00","dateModified":"2023-11-23T18:00:33+00:00","breadcrumb":{"@id":"https:\/\/abaa.mx\/tienda\/registrador-de-datos-de-temperatura-humedad-de-175-canales-testo-1-h2-con-sensor-de-hr-externo\/#breadcrumb"},"inLanguage":"es","potentialAction":[{"@type":"ReadAction","target":["https:\/\/abaa.mx\/tienda\/registrador-de-datos-de-temperatura-humedad-de-175-canales-testo-1-h2-con-sensor-de-hr-externo\/"]}]},{"@type":"ImageObject","inLanguage":"es","@id":"https:\/\/abaa.mx\/tienda\/registrador-de-datos-de-temperatura-humedad-de-175-canales-testo-1-h2-con-sensor-de-hr-externo\/#primaryimage","url":"https:\/\/abaa.mx\/tienda\/wp-content\/uploads\/2023\/09\/175-H1.jpg","contentUrl":"https:\/\/abaa.mx\/tienda\/wp-content\/uploads\/2023\/09\/175-H1.jpg","width":270,"height":331,"caption":"175 H1"},{"@type":"BreadcrumbList","@id":"https:\/\/abaa.mx\/tienda\/registrador-de-datos-de-temperatura-humedad-de-175-canales-testo-1-h2-con-sensor-de-hr-externo\/#breadcrumb","itemListElement":[{"@type":"ListItem","position":1,"name":"Inicio","item":"https:\/\/abaa.mx\/tienda\/"},{"@type":"ListItem","position":2,"name":"Tienda","item":"https:\/\/abaa.mx\/tienda\/"},{"@type":"ListItem","position":3,"name":"registrador de datos de temperatura-humedad de 175 canales testo 1 h2 con sensor de hr externo"}]},{"@type":"WebSite","@id":"https:\/\/abaa.mx\/tienda\/#website","url":"https:\/\/abaa.mx\/tienda\/","name":"Abaa tienda online","description":"Instrumentos de medici\u00f3n","publisher":{"@id":"https:\/\/abaa.mx\/tienda\/#organization"},"potentialAction":[{"@type":"SearchAction","target":{"@type":"EntryPoint","urlTemplate":"https:\/\/abaa.mx\/tienda\/?s={search_term_string}"},"query-input":{"@type":"PropertyValueSpecification","valueRequired":true,"valueName":"search_term_string"}}],"inLanguage":"es"},{"@type":"Organization","@id":"https:\/\/abaa.mx\/tienda\/#organization","name":"Abaa tienda online","url":"https:\/\/abaa.mx\/tienda\/","logo":{"@type":"ImageObject","inLanguage":"es","@id":"https:\/\/abaa.mx\/tienda\/#\/schema\/logo\/image\/","url":"https:\/\/abaa.mx\/tienda\/wp-content\/uploads\/2024\/01\/abaa-metrologia-tienda.png","contentUrl":"https:\/\/abaa.mx\/tienda\/wp-content\/uploads\/2024\/01\/abaa-metrologia-tienda.png","width":300,"height":141,"caption":"Abaa tienda online"},"image":{"@id":"https:\/\/abaa.mx\/tienda\/#\/schema\/logo\/image\/"}}]}},"_links":{"self":[{"href":"https:\/\/abaa.mx\/tienda\/wp-json\/wp\/v2\/product\/2546","targetHints":{"allow":["GET"]}}],"collection":[{"href":"https:\/\/abaa.mx\/tienda\/wp-json\/wp\/v2\/product"}],"about":[{"href":"https:\/\/abaa.mx\/tienda\/wp-json\/wp\/v2\/types\/product"}],"replies":[{"embeddable":true,"href":"https:\/\/abaa.mx\/tienda\/wp-json\/wp\/v2\/comments?post=2546"}],"wp:featuredmedia":[{"embeddable":true,"href":"https:\/\/abaa.mx\/tienda\/wp-json\/wp\/v2\/media\/2548"}],"wp:attachment":[{"href":"https:\/\/abaa.mx\/tienda\/wp-json\/wp\/v2\/media?parent=2546"}],"wp:term":[{"taxonomy":"product_brand","embeddable":true,"href":"https:\/\/abaa.mx\/tienda\/wp-json\/wp\/v2\/product_brand?post=2546"},{"taxonomy":"product_cat","embeddable":true,"href":"https:\/\/abaa.mx\/tienda\/wp-json\/wp\/v2\/product_cat?post=2546"},{"taxonomy":"product_tag","embeddable":true,"href":"https:\/\/abaa.mx\/tienda\/wp-json\/wp\/v2\/product_tag?post=2546"}],"curies":[{"name":"wp","href":"https:\/\/api.w.org\/{rel}","templated":true}]}}