{"id":2542,"date":"2023-09-21T21:16:11","date_gmt":"2023-09-21T21:16:11","guid":{"rendered":"https:\/\/abaa.mx\/tienda\/?post_type=product&#038;p=2542"},"modified":"2023-09-21T21:16:11","modified_gmt":"2023-09-21T21:16:11","slug":"termohigrometro-compacto-testo-605-h2-4-a-122-f-5-a-95-hr","status":"publish","type":"product","link":"https:\/\/abaa.mx\/tienda\/termohigrometro-compacto-testo-605-h2-4-a-122-f-5-a-95-hr\/","title":{"rendered":"termohigr\u00f3metro compacto testo 605-h2, -4 a 122 \u00b0f, 5 a 95 % hr"},"content":{"rendered":"<div class=\"span10\">\n<div class=\"mhide ipad-view-setting\">\n<div class=\"row-fluid ProductTabs\">\n<div class=\"span12\">\n<div class=\"tab-content\">\n<div id=\"tab0\" class=\"product-tabs tab-pane  active\">\n<p><strong>Funciones<\/strong><\/p>\n<ul>\n<li>Capaz de realizar mediciones precisas de la humedad y la temperatura del aire, as\u00ed como c\u00e1lculos de bulbo h\u00famedo<\/li>\n<li>Sensor resistente y a largo plazo<\/li>\n<li>La tapa giratoria proteger\u00e1 a\u00fan m\u00e1s el sensor de la suciedad y el impacto, asegurando mediciones adecuadas durante a\u00f1os.<\/li>\n<li>Leer desde m\u00faltiples \u00e1ngulos con una pantalla giratoria<\/li>\n<\/ul>\n<p><strong>Aplicaciones<\/strong><\/p>\n<ul>\n<li>Medidas en conductos o habitaciones<\/li>\n<li>Evaluaci\u00f3n del confort ambiental<\/li>\n<li>An\u00e1lisis del rendimiento del edificio<\/li>\n<\/ul>\n<h4>Testo 605-H2 Especificaciones<\/h4>\n<table class=\"table table-striped\">\n<tbody>\n<tr>\n<td>Temperatura &#8211; NTC<\/td>\n<td>Rango de medici\u00f3n: 32 a 122 \u00b0F (0 a 50 \u00b0C), -4 a 122 \u00b0F (-20 a 50 \u00b0C)<br \/>\nPrecisi\u00f3n: \u00b10.9 \u00b0F\/\u00b10.5 \u00b0C Resoluci\u00f3n: 0.1 \u00b0F \/ 0.1 \u00b0C<\/td>\n<\/tr>\n<tr>\n<td>Humedad &#8211; capacitiva<\/td>\n<td>Rango de medici\u00f3n: 5 a 95% HR Precisi\u00f3n: \u00b13% HR Resoluci\u00f3n: 0.1% HR<\/td>\n<\/tr>\n<tr>\n<td>Condiciones ambientales<\/td>\n<td>Temperatura de funcionamiento: 32 a 122 \u00b0F (0 a 50 \u00b0C)Temperatura de almacenamiento: -4 a 158 \u00b0F (-20 a 70 \u00b0C)<\/td>\n<\/tr>\n<tr>\n<td>Bater\u00eda<\/td>\n<td>Tipo: 3 x AAA<br \/>\nVida: Aproximadamente 1000 horas<\/td>\n<\/tr>\n<tr>\n<td>Dimensiones<\/td>\n<td>Potencia de la sonda: \u00d80.5&#8243; (\u00d812.7 mm)Longitud: 4.9&#8243; (124.46 mm)<\/td>\n<\/tr>\n<tr>\n<td>Peso<\/td>\n<td>3 oz (75 g) con bater\u00edas<\/td>\n<\/tr>\n<\/tbody>\n<\/table>\n<\/div>\n<\/div>\n<\/div>\n<\/div>\n<\/div>\n<\/div>\n","protected":false},"excerpt":{"rendered":"<p><strong>Funciones<\/strong><\/p>\n<ul>\n<li>Capaz de realizar mediciones precisas de la humedad y la temperatura del aire, as\u00ed como c\u00e1lculos de bulbo h\u00famedo<\/li>\n<li>Sensor resistente y a largo plazo<\/li>\n<li>La tapa giratoria proteger\u00e1 a\u00fan m\u00e1s el sensor de la suciedad y el impacto, asegurando mediciones adecuadas durante a\u00f1os.<\/li>\n<li>Leer desde m\u00faltiples \u00e1ngulos con una pantalla giratoria<\/li>\n<\/ul>\n","protected":false},"featured_media":2543,"comment_status":"open","ping_status":"closed","template":"","meta":{"_joinchat":[]},"product_brand":[],"product_cat":[15],"product_tag":[],"class_list":{"0":"post-2542","1":"product","2":"type-product","3":"status-publish","4":"has-post-thumbnail","6":"product_cat-sin-categorizar","8":"first","9":"instock","10":"shipping-taxable","11":"product-type-simple"},"yoast_head":"<!-- This site is optimized with the Yoast SEO plugin v26.4 - https:\/\/yoast.com\/wordpress\/plugins\/seo\/ -->\n<title>termohigr\u00f3metro compacto testo 605-h2, -4 a 122 \u00b0f, 5 a 95 % hr - Abaa tienda online<\/title>\n<meta name=\"robots\" content=\"index, follow, max-snippet:-1, max-image-preview:large, max-video-preview:-1\" \/>\n<link rel=\"canonical\" href=\"https:\/\/abaa.mx\/tienda\/termohigrometro-compacto-testo-605-h2-4-a-122-f-5-a-95-hr\/\" \/>\n<meta property=\"og:locale\" content=\"es_MX\" \/>\n<meta property=\"og:type\" content=\"article\" \/>\n<meta property=\"og:title\" content=\"termohigr\u00f3metro compacto testo 605-h2, -4 a 122 \u00b0f, 5 a 95 % hr - Abaa tienda online\" \/>\n<meta property=\"og:description\" content=\"Funciones   Capaz de realizar mediciones precisas de la humedad y la temperatura del aire, as\u00ed como c\u00e1lculos de bulbo h\u00famedo  Sensor resistente y a largo plazo  La tapa giratoria proteger\u00e1 a\u00fan m\u00e1s el sensor de la suciedad y el impacto, asegurando mediciones adecuadas durante a\u00f1os.  Leer desde m\u00faltiples \u00e1ngulos con una pantalla giratoria\" \/>\n<meta property=\"og:url\" content=\"https:\/\/abaa.mx\/tienda\/termohigrometro-compacto-testo-605-h2-4-a-122-f-5-a-95-hr\/\" \/>\n<meta property=\"og:site_name\" content=\"Abaa tienda online\" \/>\n<meta property=\"og:image\" content=\"https:\/\/abaa.mx\/tienda\/wp-content\/uploads\/2023\/09\/605-H2.jpg\" \/>\n\t<meta property=\"og:image:width\" content=\"270\" \/>\n\t<meta property=\"og:image:height\" content=\"500\" \/>\n\t<meta property=\"og:image:type\" content=\"image\/jpeg\" \/>\n<meta name=\"twitter:card\" content=\"summary_large_image\" \/>\n<meta name=\"twitter:label1\" content=\"Tiempo de lectura\" \/>\n\t<meta name=\"twitter:data1\" content=\"1 minuto\" \/>\n<script type=\"application\/ld+json\" class=\"yoast-schema-graph\">{\"@context\":\"https:\/\/schema.org\",\"@graph\":[{\"@type\":\"WebPage\",\"@id\":\"https:\/\/abaa.mx\/tienda\/termohigrometro-compacto-testo-605-h2-4-a-122-f-5-a-95-hr\/\",\"url\":\"https:\/\/abaa.mx\/tienda\/termohigrometro-compacto-testo-605-h2-4-a-122-f-5-a-95-hr\/\",\"name\":\"termohigr\u00f3metro compacto testo 605-h2, -4 a 122 \u00b0f, 5 a 95 % hr - Abaa tienda online\",\"isPartOf\":{\"@id\":\"https:\/\/abaa.mx\/tienda\/#website\"},\"primaryImageOfPage\":{\"@id\":\"https:\/\/abaa.mx\/tienda\/termohigrometro-compacto-testo-605-h2-4-a-122-f-5-a-95-hr\/#primaryimage\"},\"image\":{\"@id\":\"https:\/\/abaa.mx\/tienda\/termohigrometro-compacto-testo-605-h2-4-a-122-f-5-a-95-hr\/#primaryimage\"},\"thumbnailUrl\":\"https:\/\/abaa.mx\/tienda\/wp-content\/uploads\/2023\/09\/605-H2.jpg\",\"datePublished\":\"2023-09-21T21:16:11+00:00\",\"breadcrumb\":{\"@id\":\"https:\/\/abaa.mx\/tienda\/termohigrometro-compacto-testo-605-h2-4-a-122-f-5-a-95-hr\/#breadcrumb\"},\"inLanguage\":\"es\",\"potentialAction\":[{\"@type\":\"ReadAction\",\"target\":[\"https:\/\/abaa.mx\/tienda\/termohigrometro-compacto-testo-605-h2-4-a-122-f-5-a-95-hr\/\"]}]},{\"@type\":\"ImageObject\",\"inLanguage\":\"es\",\"@id\":\"https:\/\/abaa.mx\/tienda\/termohigrometro-compacto-testo-605-h2-4-a-122-f-5-a-95-hr\/#primaryimage\",\"url\":\"https:\/\/abaa.mx\/tienda\/wp-content\/uploads\/2023\/09\/605-H2.jpg\",\"contentUrl\":\"https:\/\/abaa.mx\/tienda\/wp-content\/uploads\/2023\/09\/605-H2.jpg\",\"width\":270,\"height\":500,\"caption\":\"605-H2\"},{\"@type\":\"BreadcrumbList\",\"@id\":\"https:\/\/abaa.mx\/tienda\/termohigrometro-compacto-testo-605-h2-4-a-122-f-5-a-95-hr\/#breadcrumb\",\"itemListElement\":[{\"@type\":\"ListItem\",\"position\":1,\"name\":\"Inicio\",\"item\":\"https:\/\/abaa.mx\/tienda\/\"},{\"@type\":\"ListItem\",\"position\":2,\"name\":\"Tienda\",\"item\":\"https:\/\/abaa.mx\/tienda\/\"},{\"@type\":\"ListItem\",\"position\":3,\"name\":\"termohigr\u00f3metro compacto testo 605-h2, -4 a 122 \u00b0f, 5 a 95 % hr\"}]},{\"@type\":\"WebSite\",\"@id\":\"https:\/\/abaa.mx\/tienda\/#website\",\"url\":\"https:\/\/abaa.mx\/tienda\/\",\"name\":\"Abaa tienda online\",\"description\":\"Instrumentos de medici\u00f3n\",\"publisher\":{\"@id\":\"https:\/\/abaa.mx\/tienda\/#organization\"},\"potentialAction\":[{\"@type\":\"SearchAction\",\"target\":{\"@type\":\"EntryPoint\",\"urlTemplate\":\"https:\/\/abaa.mx\/tienda\/?s={search_term_string}\"},\"query-input\":{\"@type\":\"PropertyValueSpecification\",\"valueRequired\":true,\"valueName\":\"search_term_string\"}}],\"inLanguage\":\"es\"},{\"@type\":\"Organization\",\"@id\":\"https:\/\/abaa.mx\/tienda\/#organization\",\"name\":\"Abaa tienda online\",\"url\":\"https:\/\/abaa.mx\/tienda\/\",\"logo\":{\"@type\":\"ImageObject\",\"inLanguage\":\"es\",\"@id\":\"https:\/\/abaa.mx\/tienda\/#\/schema\/logo\/image\/\",\"url\":\"https:\/\/abaa.mx\/tienda\/wp-content\/uploads\/2024\/01\/abaa-metrologia-tienda.png\",\"contentUrl\":\"https:\/\/abaa.mx\/tienda\/wp-content\/uploads\/2024\/01\/abaa-metrologia-tienda.png\",\"width\":300,\"height\":141,\"caption\":\"Abaa tienda online\"},\"image\":{\"@id\":\"https:\/\/abaa.mx\/tienda\/#\/schema\/logo\/image\/\"}}]}<\/script>\n<!-- \/ Yoast SEO plugin. -->","yoast_head_json":{"title":"termohigr\u00f3metro compacto testo 605-h2, -4 a 122 \u00b0f, 5 a 95 % hr - Abaa tienda online","robots":{"index":"index","follow":"follow","max-snippet":"max-snippet:-1","max-image-preview":"max-image-preview:large","max-video-preview":"max-video-preview:-1"},"canonical":"https:\/\/abaa.mx\/tienda\/termohigrometro-compacto-testo-605-h2-4-a-122-f-5-a-95-hr\/","og_locale":"es_MX","og_type":"article","og_title":"termohigr\u00f3metro compacto testo 605-h2, -4 a 122 \u00b0f, 5 a 95 % hr - Abaa tienda online","og_description":"Funciones   Capaz de realizar mediciones precisas de la humedad y la temperatura del aire, as\u00ed como c\u00e1lculos de bulbo h\u00famedo  Sensor resistente y a largo plazo  La tapa giratoria proteger\u00e1 a\u00fan m\u00e1s el sensor de la suciedad y el impacto, asegurando mediciones adecuadas durante a\u00f1os.  Leer desde m\u00faltiples \u00e1ngulos con una pantalla giratoria","og_url":"https:\/\/abaa.mx\/tienda\/termohigrometro-compacto-testo-605-h2-4-a-122-f-5-a-95-hr\/","og_site_name":"Abaa tienda online","og_image":[{"width":270,"height":500,"url":"https:\/\/abaa.mx\/tienda\/wp-content\/uploads\/2023\/09\/605-H2.jpg","type":"image\/jpeg"}],"twitter_card":"summary_large_image","twitter_misc":{"Tiempo de lectura":"1 minuto"},"schema":{"@context":"https:\/\/schema.org","@graph":[{"@type":"WebPage","@id":"https:\/\/abaa.mx\/tienda\/termohigrometro-compacto-testo-605-h2-4-a-122-f-5-a-95-hr\/","url":"https:\/\/abaa.mx\/tienda\/termohigrometro-compacto-testo-605-h2-4-a-122-f-5-a-95-hr\/","name":"termohigr\u00f3metro compacto testo 605-h2, -4 a 122 \u00b0f, 5 a 95 % hr - Abaa tienda online","isPartOf":{"@id":"https:\/\/abaa.mx\/tienda\/#website"},"primaryImageOfPage":{"@id":"https:\/\/abaa.mx\/tienda\/termohigrometro-compacto-testo-605-h2-4-a-122-f-5-a-95-hr\/#primaryimage"},"image":{"@id":"https:\/\/abaa.mx\/tienda\/termohigrometro-compacto-testo-605-h2-4-a-122-f-5-a-95-hr\/#primaryimage"},"thumbnailUrl":"https:\/\/abaa.mx\/tienda\/wp-content\/uploads\/2023\/09\/605-H2.jpg","datePublished":"2023-09-21T21:16:11+00:00","breadcrumb":{"@id":"https:\/\/abaa.mx\/tienda\/termohigrometro-compacto-testo-605-h2-4-a-122-f-5-a-95-hr\/#breadcrumb"},"inLanguage":"es","potentialAction":[{"@type":"ReadAction","target":["https:\/\/abaa.mx\/tienda\/termohigrometro-compacto-testo-605-h2-4-a-122-f-5-a-95-hr\/"]}]},{"@type":"ImageObject","inLanguage":"es","@id":"https:\/\/abaa.mx\/tienda\/termohigrometro-compacto-testo-605-h2-4-a-122-f-5-a-95-hr\/#primaryimage","url":"https:\/\/abaa.mx\/tienda\/wp-content\/uploads\/2023\/09\/605-H2.jpg","contentUrl":"https:\/\/abaa.mx\/tienda\/wp-content\/uploads\/2023\/09\/605-H2.jpg","width":270,"height":500,"caption":"605-H2"},{"@type":"BreadcrumbList","@id":"https:\/\/abaa.mx\/tienda\/termohigrometro-compacto-testo-605-h2-4-a-122-f-5-a-95-hr\/#breadcrumb","itemListElement":[{"@type":"ListItem","position":1,"name":"Inicio","item":"https:\/\/abaa.mx\/tienda\/"},{"@type":"ListItem","position":2,"name":"Tienda","item":"https:\/\/abaa.mx\/tienda\/"},{"@type":"ListItem","position":3,"name":"termohigr\u00f3metro compacto testo 605-h2, -4 a 122 \u00b0f, 5 a 95 % hr"}]},{"@type":"WebSite","@id":"https:\/\/abaa.mx\/tienda\/#website","url":"https:\/\/abaa.mx\/tienda\/","name":"Abaa tienda online","description":"Instrumentos de medici\u00f3n","publisher":{"@id":"https:\/\/abaa.mx\/tienda\/#organization"},"potentialAction":[{"@type":"SearchAction","target":{"@type":"EntryPoint","urlTemplate":"https:\/\/abaa.mx\/tienda\/?s={search_term_string}"},"query-input":{"@type":"PropertyValueSpecification","valueRequired":true,"valueName":"search_term_string"}}],"inLanguage":"es"},{"@type":"Organization","@id":"https:\/\/abaa.mx\/tienda\/#organization","name":"Abaa tienda online","url":"https:\/\/abaa.mx\/tienda\/","logo":{"@type":"ImageObject","inLanguage":"es","@id":"https:\/\/abaa.mx\/tienda\/#\/schema\/logo\/image\/","url":"https:\/\/abaa.mx\/tienda\/wp-content\/uploads\/2024\/01\/abaa-metrologia-tienda.png","contentUrl":"https:\/\/abaa.mx\/tienda\/wp-content\/uploads\/2024\/01\/abaa-metrologia-tienda.png","width":300,"height":141,"caption":"Abaa tienda online"},"image":{"@id":"https:\/\/abaa.mx\/tienda\/#\/schema\/logo\/image\/"}}]}},"_links":{"self":[{"href":"https:\/\/abaa.mx\/tienda\/wp-json\/wp\/v2\/product\/2542","targetHints":{"allow":["GET"]}}],"collection":[{"href":"https:\/\/abaa.mx\/tienda\/wp-json\/wp\/v2\/product"}],"about":[{"href":"https:\/\/abaa.mx\/tienda\/wp-json\/wp\/v2\/types\/product"}],"replies":[{"embeddable":true,"href":"https:\/\/abaa.mx\/tienda\/wp-json\/wp\/v2\/comments?post=2542"}],"wp:featuredmedia":[{"embeddable":true,"href":"https:\/\/abaa.mx\/tienda\/wp-json\/wp\/v2\/media\/2543"}],"wp:attachment":[{"href":"https:\/\/abaa.mx\/tienda\/wp-json\/wp\/v2\/media?parent=2542"}],"wp:term":[{"taxonomy":"product_brand","embeddable":true,"href":"https:\/\/abaa.mx\/tienda\/wp-json\/wp\/v2\/product_brand?post=2542"},{"taxonomy":"product_cat","embeddable":true,"href":"https:\/\/abaa.mx\/tienda\/wp-json\/wp\/v2\/product_cat?post=2542"},{"taxonomy":"product_tag","embeddable":true,"href":"https:\/\/abaa.mx\/tienda\/wp-json\/wp\/v2\/product_tag?post=2542"}],"curies":[{"name":"wp","href":"https:\/\/api.w.org\/{rel}","templated":true}]}}