{"id":2539,"date":"2023-09-21T21:23:26","date_gmt":"2023-09-21T21:23:26","guid":{"rendered":"https:\/\/abaa.mx\/tienda\/?post_type=product&#038;p=2539"},"modified":"2024-01-05T20:17:49","modified_gmt":"2024-01-05T20:17:49","slug":"yellow-jacket-42004-series-41-colector-con-medidores-de-3-1-8-con-mangueras","status":"publish","type":"product","link":"https:\/\/abaa.mx\/tienda\/yellow-jacket-42004-series-41-colector-con-medidores-de-3-1-8-con-mangueras\/","title":{"rendered":"Yellow jacket 42004 series 41 colector con medidores de 3-1-8&#8243; con mangueras"},"content":{"rendered":"<div id=\"productDescription_feature_div\" class=\"celwidget\" data-feature-name=\"productDescription\" data-csa-c-type=\"widget\" data-csa-c-content-id=\"productDescription\" data-csa-c-slot-id=\"productDescription_feature_div\" data-csa-c-asin=\"\" data-csa-c-is-in-initial-active-row=\"false\" data-csa-c-id=\"p13lfi-i8gn5o-jg8mnw-501e8\" data-cel-widget=\"productDescription_feature_div\">\n<div>\n<div id=\"productDescription_feature_div\" class=\"a-row feature\" data-feature-name=\"productDescription\" data-template-name=\"productDescription\" data-cel-widget=\"productDescription_feature_div\">\n<div id=\"productDescription\" class=\"a-section a-spacing-small\">\n<p>El colector de chaquetas amarillas 42004 tiene calibres codificados por colores m\u00e1s grandes y f\u00e1ciles de leer de 3-1\/8 pulgadas en cajas de acero resistentes con cristales de policarbonato. Estos medidores cuentan con una precisi\u00f3n del 1 por ciento (clase 1) para una lectura exacta en sistemas de carga cr\u00edtica. Procesamiento el mismo d\u00eda. Fabricado en Estados Unidos. Fabricado por Ritchie Engineering Co.<\/p>\n<h5>Detalles del producto<\/h5>\n<\/div>\n<\/div>\n<\/div>\n<\/div>\n<div id=\"importantInformation_feature_div\" class=\"celwidget\" data-feature-name=\"importantInformation\" data-csa-c-type=\"widget\" data-csa-c-content-id=\"importantInformation\" data-csa-c-slot-id=\"importantInformation_feature_div\" data-csa-c-asin=\"\" data-csa-c-is-in-initial-active-row=\"false\" data-csa-c-id=\"xg4wor-eo6cmf-4p3494-avnp54\" data-cel-widget=\"importantInformation_feature_div\">\n<div class=\"a-divider a-divider-section\">\n<div id=\"detailBullets_feature_div\">\n<ul class=\"a-unordered-list a-nostyle a-vertical a-spacing-none detail-bullet-list\">\n<li><span class=\"a-list-item\"><span class=\"a-text-bold\">Dimensiones del paquete \u200f : \u200e\u00a0<\/span>11,46 x 10,39 x 3,66 pulgadas; 3,99 Libras.<\/span><\/li>\n<li><span class=\"a-list-item\"><span class=\"a-text-bold\">N\u00famero de modelo del producto \u200f : \u200e\u00a0<\/span>42004.<\/span><\/li>\n<li><span class=\"a-list-item\"><span class=\"a-text-bold\">Producto en amazon.com desde \u200f : \u200e\u00a0<\/span>Mayo 21, 2015.<\/span><\/li>\n<li><span class=\"a-list-item\"><span class=\"a-text-bold\">Fabricante \u200f :\u00a0<\/span>Ritchie Ingenier\u00eda Co.<\/span><\/li>\n<li><span class=\"a-list-item\"><span class=\"a-text-bold\">SALADO \u200f :\u00a0<\/span>B005JV01ZE.<\/span><\/li>\n<li><span class=\"a-list-item\"><span class=\"a-text-bold\">Pa\u00eds de origen \u200f : \u200e\u00a0<\/span>EE.\u00a0UU.<\/span><\/li>\n<li><span class=\"a-list-item\"><span class=\"a-text-bold\">Clasificaci\u00f3n en los m\u00e1s vendidos de Amazon:\u00a0<\/span>n\u00ba25,057 en Industrial y Cient\u00edfico.<\/span><\/li>\n<\/ul>\n<\/div>\n<\/div>\n<\/div>\n","protected":false},"excerpt":{"rendered":"<h3>Caracter\u00edsticas:<\/h3>\n<ul class=\"a-unordered-list a-vertical a-spacing-mini\">\n<li class=\"a-spacing-mini\"><span class=\"a-list-item\">Escalas codificadas por colores<\/span><\/li>\n<li class=\"a-spacing-mini\"><span class=\"a-list-item\">Los pistones deslizantes de doble anillo &#8220;o&#8221; reducen el desgaste<\/span><\/li>\n<li class=\"a-spacing-mini\"><span class=\"a-list-item\">Asiento de nailon de larga duraci\u00f3n<\/span><\/li>\n<li class=\"a-spacing-mini\"><span class=\"a-list-item\">Cuerpo de lat\u00f3n forjado para mayor durabilidad<\/span><\/li>\n<li class=\"a-spacing-mini\"><span class=\"a-list-item\">El puerto completo maximiza la capacidad y el flujo<\/span><\/li>\n<\/ul>\n","protected":false},"featured_media":2547,"comment_status":"open","ping_status":"closed","template":"","meta":{"_joinchat":[]},"product_brand":[],"product_cat":[15],"product_tag":[],"class_list":{"0":"post-2539","1":"product","2":"type-product","3":"status-publish","4":"has-post-thumbnail","6":"product_cat-sin-categorizar","8":"first","9":"instock","10":"shipping-taxable","11":"product-type-simple"},"yoast_head":"<!-- This site is optimized with the Yoast SEO plugin v26.4 - https:\/\/yoast.com\/wordpress\/plugins\/seo\/ -->\n<title>Yellow jacket 42004 series 41 colector con medidores de 3-1-8&quot; con mangueras - Abaa tienda online<\/title>\n<meta name=\"robots\" content=\"index, follow, max-snippet:-1, max-image-preview:large, max-video-preview:-1\" \/>\n<link rel=\"canonical\" href=\"https:\/\/abaa.mx\/tienda\/yellow-jacket-42004-series-41-colector-con-medidores-de-3-1-8-con-mangueras\/\" \/>\n<meta property=\"og:locale\" content=\"es_MX\" \/>\n<meta property=\"og:type\" content=\"article\" \/>\n<meta property=\"og:title\" content=\"Yellow jacket 42004 series 41 colector con medidores de 3-1-8&quot; con mangueras - Abaa tienda online\" \/>\n<meta property=\"og:description\" content=\"Caracter\u00edsticas:   Escalas codificadas por colores  Los pistones deslizantes de doble anillo &quot;o&quot; reducen el desgaste  Asiento de nailon de larga duraci\u00f3n  Cuerpo de lat\u00f3n forjado para mayor durabilidad  El puerto completo maximiza la capacidad y el flujo\" \/>\n<meta property=\"og:url\" content=\"https:\/\/abaa.mx\/tienda\/yellow-jacket-42004-series-41-colector-con-medidores-de-3-1-8-con-mangueras\/\" \/>\n<meta property=\"og:site_name\" content=\"Abaa tienda online\" \/>\n<meta property=\"article:modified_time\" content=\"2024-01-05T20:17:49+00:00\" \/>\n<meta property=\"og:image\" content=\"https:\/\/abaa.mx\/tienda\/wp-content\/uploads\/2023\/09\/42004.jpg\" \/>\n\t<meta property=\"og:image:width\" content=\"522\" \/>\n\t<meta property=\"og:image:height\" content=\"457\" \/>\n\t<meta property=\"og:image:type\" content=\"image\/jpeg\" \/>\n<meta name=\"twitter:card\" content=\"summary_large_image\" \/>\n<meta name=\"twitter:label1\" content=\"Tiempo de lectura\" \/>\n\t<meta name=\"twitter:data1\" content=\"1 minuto\" \/>\n<script type=\"application\/ld+json\" class=\"yoast-schema-graph\">{\"@context\":\"https:\/\/schema.org\",\"@graph\":[{\"@type\":\"WebPage\",\"@id\":\"https:\/\/abaa.mx\/tienda\/yellow-jacket-42004-series-41-colector-con-medidores-de-3-1-8-con-mangueras\/\",\"url\":\"https:\/\/abaa.mx\/tienda\/yellow-jacket-42004-series-41-colector-con-medidores-de-3-1-8-con-mangueras\/\",\"name\":\"Yellow jacket 42004 series 41 colector con medidores de 3-1-8\\\" con mangueras - Abaa tienda online\",\"isPartOf\":{\"@id\":\"https:\/\/abaa.mx\/tienda\/#website\"},\"primaryImageOfPage\":{\"@id\":\"https:\/\/abaa.mx\/tienda\/yellow-jacket-42004-series-41-colector-con-medidores-de-3-1-8-con-mangueras\/#primaryimage\"},\"image\":{\"@id\":\"https:\/\/abaa.mx\/tienda\/yellow-jacket-42004-series-41-colector-con-medidores-de-3-1-8-con-mangueras\/#primaryimage\"},\"thumbnailUrl\":\"https:\/\/abaa.mx\/tienda\/wp-content\/uploads\/2023\/09\/42004.jpg\",\"datePublished\":\"2023-09-21T21:23:26+00:00\",\"dateModified\":\"2024-01-05T20:17:49+00:00\",\"breadcrumb\":{\"@id\":\"https:\/\/abaa.mx\/tienda\/yellow-jacket-42004-series-41-colector-con-medidores-de-3-1-8-con-mangueras\/#breadcrumb\"},\"inLanguage\":\"es\",\"potentialAction\":[{\"@type\":\"ReadAction\",\"target\":[\"https:\/\/abaa.mx\/tienda\/yellow-jacket-42004-series-41-colector-con-medidores-de-3-1-8-con-mangueras\/\"]}]},{\"@type\":\"ImageObject\",\"inLanguage\":\"es\",\"@id\":\"https:\/\/abaa.mx\/tienda\/yellow-jacket-42004-series-41-colector-con-medidores-de-3-1-8-con-mangueras\/#primaryimage\",\"url\":\"https:\/\/abaa.mx\/tienda\/wp-content\/uploads\/2023\/09\/42004.jpg\",\"contentUrl\":\"https:\/\/abaa.mx\/tienda\/wp-content\/uploads\/2023\/09\/42004.jpg\",\"width\":522,\"height\":457,\"caption\":\"yellow-jacket-42004-series-41-colector-con-medidores-de-3-1-8-con-mangueras\"},{\"@type\":\"BreadcrumbList\",\"@id\":\"https:\/\/abaa.mx\/tienda\/yellow-jacket-42004-series-41-colector-con-medidores-de-3-1-8-con-mangueras\/#breadcrumb\",\"itemListElement\":[{\"@type\":\"ListItem\",\"position\":1,\"name\":\"Inicio\",\"item\":\"https:\/\/abaa.mx\/tienda\/\"},{\"@type\":\"ListItem\",\"position\":2,\"name\":\"Tienda\",\"item\":\"https:\/\/abaa.mx\/tienda\/\"},{\"@type\":\"ListItem\",\"position\":3,\"name\":\"Yellow jacket 42004 series 41 colector con medidores de 3-1-8&#8243; con mangueras\"}]},{\"@type\":\"WebSite\",\"@id\":\"https:\/\/abaa.mx\/tienda\/#website\",\"url\":\"https:\/\/abaa.mx\/tienda\/\",\"name\":\"Abaa tienda online\",\"description\":\"Instrumentos de medici\u00f3n\",\"publisher\":{\"@id\":\"https:\/\/abaa.mx\/tienda\/#organization\"},\"potentialAction\":[{\"@type\":\"SearchAction\",\"target\":{\"@type\":\"EntryPoint\",\"urlTemplate\":\"https:\/\/abaa.mx\/tienda\/?s={search_term_string}\"},\"query-input\":{\"@type\":\"PropertyValueSpecification\",\"valueRequired\":true,\"valueName\":\"search_term_string\"}}],\"inLanguage\":\"es\"},{\"@type\":\"Organization\",\"@id\":\"https:\/\/abaa.mx\/tienda\/#organization\",\"name\":\"Abaa tienda online\",\"url\":\"https:\/\/abaa.mx\/tienda\/\",\"logo\":{\"@type\":\"ImageObject\",\"inLanguage\":\"es\",\"@id\":\"https:\/\/abaa.mx\/tienda\/#\/schema\/logo\/image\/\",\"url\":\"https:\/\/abaa.mx\/tienda\/wp-content\/uploads\/2024\/01\/abaa-metrologia-tienda.png\",\"contentUrl\":\"https:\/\/abaa.mx\/tienda\/wp-content\/uploads\/2024\/01\/abaa-metrologia-tienda.png\",\"width\":300,\"height\":141,\"caption\":\"Abaa tienda online\"},\"image\":{\"@id\":\"https:\/\/abaa.mx\/tienda\/#\/schema\/logo\/image\/\"}}]}<\/script>\n<!-- \/ Yoast SEO plugin. -->","yoast_head_json":{"title":"Yellow jacket 42004 series 41 colector con medidores de 3-1-8\" con mangueras - Abaa tienda online","robots":{"index":"index","follow":"follow","max-snippet":"max-snippet:-1","max-image-preview":"max-image-preview:large","max-video-preview":"max-video-preview:-1"},"canonical":"https:\/\/abaa.mx\/tienda\/yellow-jacket-42004-series-41-colector-con-medidores-de-3-1-8-con-mangueras\/","og_locale":"es_MX","og_type":"article","og_title":"Yellow jacket 42004 series 41 colector con medidores de 3-1-8\" con mangueras - Abaa tienda online","og_description":"Caracter\u00edsticas:   Escalas codificadas por colores  Los pistones deslizantes de doble anillo \"o\" reducen el desgaste  Asiento de nailon de larga duraci\u00f3n  Cuerpo de lat\u00f3n forjado para mayor durabilidad  El puerto completo maximiza la capacidad y el flujo","og_url":"https:\/\/abaa.mx\/tienda\/yellow-jacket-42004-series-41-colector-con-medidores-de-3-1-8-con-mangueras\/","og_site_name":"Abaa tienda online","article_modified_time":"2024-01-05T20:17:49+00:00","og_image":[{"width":522,"height":457,"url":"https:\/\/abaa.mx\/tienda\/wp-content\/uploads\/2023\/09\/42004.jpg","type":"image\/jpeg"}],"twitter_card":"summary_large_image","twitter_misc":{"Tiempo de lectura":"1 minuto"},"schema":{"@context":"https:\/\/schema.org","@graph":[{"@type":"WebPage","@id":"https:\/\/abaa.mx\/tienda\/yellow-jacket-42004-series-41-colector-con-medidores-de-3-1-8-con-mangueras\/","url":"https:\/\/abaa.mx\/tienda\/yellow-jacket-42004-series-41-colector-con-medidores-de-3-1-8-con-mangueras\/","name":"Yellow jacket 42004 series 41 colector con medidores de 3-1-8\" con mangueras - Abaa tienda online","isPartOf":{"@id":"https:\/\/abaa.mx\/tienda\/#website"},"primaryImageOfPage":{"@id":"https:\/\/abaa.mx\/tienda\/yellow-jacket-42004-series-41-colector-con-medidores-de-3-1-8-con-mangueras\/#primaryimage"},"image":{"@id":"https:\/\/abaa.mx\/tienda\/yellow-jacket-42004-series-41-colector-con-medidores-de-3-1-8-con-mangueras\/#primaryimage"},"thumbnailUrl":"https:\/\/abaa.mx\/tienda\/wp-content\/uploads\/2023\/09\/42004.jpg","datePublished":"2023-09-21T21:23:26+00:00","dateModified":"2024-01-05T20:17:49+00:00","breadcrumb":{"@id":"https:\/\/abaa.mx\/tienda\/yellow-jacket-42004-series-41-colector-con-medidores-de-3-1-8-con-mangueras\/#breadcrumb"},"inLanguage":"es","potentialAction":[{"@type":"ReadAction","target":["https:\/\/abaa.mx\/tienda\/yellow-jacket-42004-series-41-colector-con-medidores-de-3-1-8-con-mangueras\/"]}]},{"@type":"ImageObject","inLanguage":"es","@id":"https:\/\/abaa.mx\/tienda\/yellow-jacket-42004-series-41-colector-con-medidores-de-3-1-8-con-mangueras\/#primaryimage","url":"https:\/\/abaa.mx\/tienda\/wp-content\/uploads\/2023\/09\/42004.jpg","contentUrl":"https:\/\/abaa.mx\/tienda\/wp-content\/uploads\/2023\/09\/42004.jpg","width":522,"height":457,"caption":"yellow-jacket-42004-series-41-colector-con-medidores-de-3-1-8-con-mangueras"},{"@type":"BreadcrumbList","@id":"https:\/\/abaa.mx\/tienda\/yellow-jacket-42004-series-41-colector-con-medidores-de-3-1-8-con-mangueras\/#breadcrumb","itemListElement":[{"@type":"ListItem","position":1,"name":"Inicio","item":"https:\/\/abaa.mx\/tienda\/"},{"@type":"ListItem","position":2,"name":"Tienda","item":"https:\/\/abaa.mx\/tienda\/"},{"@type":"ListItem","position":3,"name":"Yellow jacket 42004 series 41 colector con medidores de 3-1-8&#8243; con mangueras"}]},{"@type":"WebSite","@id":"https:\/\/abaa.mx\/tienda\/#website","url":"https:\/\/abaa.mx\/tienda\/","name":"Abaa tienda online","description":"Instrumentos de medici\u00f3n","publisher":{"@id":"https:\/\/abaa.mx\/tienda\/#organization"},"potentialAction":[{"@type":"SearchAction","target":{"@type":"EntryPoint","urlTemplate":"https:\/\/abaa.mx\/tienda\/?s={search_term_string}"},"query-input":{"@type":"PropertyValueSpecification","valueRequired":true,"valueName":"search_term_string"}}],"inLanguage":"es"},{"@type":"Organization","@id":"https:\/\/abaa.mx\/tienda\/#organization","name":"Abaa tienda online","url":"https:\/\/abaa.mx\/tienda\/","logo":{"@type":"ImageObject","inLanguage":"es","@id":"https:\/\/abaa.mx\/tienda\/#\/schema\/logo\/image\/","url":"https:\/\/abaa.mx\/tienda\/wp-content\/uploads\/2024\/01\/abaa-metrologia-tienda.png","contentUrl":"https:\/\/abaa.mx\/tienda\/wp-content\/uploads\/2024\/01\/abaa-metrologia-tienda.png","width":300,"height":141,"caption":"Abaa tienda online"},"image":{"@id":"https:\/\/abaa.mx\/tienda\/#\/schema\/logo\/image\/"}}]}},"_links":{"self":[{"href":"https:\/\/abaa.mx\/tienda\/wp-json\/wp\/v2\/product\/2539","targetHints":{"allow":["GET"]}}],"collection":[{"href":"https:\/\/abaa.mx\/tienda\/wp-json\/wp\/v2\/product"}],"about":[{"href":"https:\/\/abaa.mx\/tienda\/wp-json\/wp\/v2\/types\/product"}],"replies":[{"embeddable":true,"href":"https:\/\/abaa.mx\/tienda\/wp-json\/wp\/v2\/comments?post=2539"}],"wp:featuredmedia":[{"embeddable":true,"href":"https:\/\/abaa.mx\/tienda\/wp-json\/wp\/v2\/media\/2547"}],"wp:attachment":[{"href":"https:\/\/abaa.mx\/tienda\/wp-json\/wp\/v2\/media?parent=2539"}],"wp:term":[{"taxonomy":"product_brand","embeddable":true,"href":"https:\/\/abaa.mx\/tienda\/wp-json\/wp\/v2\/product_brand?post=2539"},{"taxonomy":"product_cat","embeddable":true,"href":"https:\/\/abaa.mx\/tienda\/wp-json\/wp\/v2\/product_cat?post=2539"},{"taxonomy":"product_tag","embeddable":true,"href":"https:\/\/abaa.mx\/tienda\/wp-json\/wp\/v2\/product_tag?post=2539"}],"curies":[{"name":"wp","href":"https:\/\/api.w.org\/{rel}","templated":true}]}}