{"id":2537,"date":"2023-09-21T21:12:18","date_gmt":"2023-09-21T21:12:18","guid":{"rendered":"https:\/\/abaa.mx\/tienda\/?post_type=product&#038;p=2537"},"modified":"2023-09-21T21:12:18","modified_gmt":"2023-09-21T21:12:18","slug":"registrador-de-datos-de-temperatura-humedad-y-choque-usb-testo-184-g1-con-lcd","status":"publish","type":"product","link":"https:\/\/abaa.mx\/tienda\/registrador-de-datos-de-temperatura-humedad-y-choque-usb-testo-184-g1-con-lcd\/","title":{"rendered":"registrador de datos de temperatura, humedad y choque usb testo 184-g1 con lcd"},"content":{"rendered":"<h4>El registrador de datos de transporte USB de temperatura, humedad y choque testo 184 G1 ofrece<\/h4>\n<p>El registrador de datos testo 184 G1 es adecuado para el transporte de la cadena de fr\u00edo, la supervisi\u00f3n de art\u00edculos fr\u00e1giles o sensibles y es capaz de controlar la temperatura, la humedad y los golpes. Con configuraci\u00f3n, informes, certificados de calibraci\u00f3n a bordo y luces LED que indican cu\u00e1ndo se han superado los l\u00edmites especificados, el monitoreo del transporte y la documentaci\u00f3n de productos sensibles son f\u00e1ciles.<\/p>\n<p><strong>Funciones<\/strong><\/p>\n<ul>\n<li>Hasta 120 d\u00edas consecutivos de duraci\u00f3n de la bater\u00eda con bater\u00eda reemplazable y gran almacenamiento capaz de almacenar 64,000 (temperatura \/ humedad) y 1,000 lecturas de choque<\/li>\n<li>Pantalla LCD grande y f\u00e1cil de leer<\/li>\n<li>Los informes PDF permiten un acceso r\u00e1pido a la documentaci\u00f3n no corruptible, \u00a1sin software instalado!<\/li>\n<li>NFC (Near Field Communication) permite un f\u00e1cil acceso a la documentaci\u00f3n con un dispositivo compatible<\/li>\n<li>F\u00e1cil configuraci\u00f3n en cualquier ordenador con archivos precargados<\/li>\n<li>Clase de protecci\u00f3n IP30<\/li>\n<li>Cumple con GxP, ISO 9001:2008, FDA 21 CFR Parte 11, EN 12830 y HACCP International<\/li>\n<li>El certificado de calibraci\u00f3n electr\u00f3nica a bordo elimina las molestias de mantener la trazabilidad<\/li>\n<\/ul>\n<p><strong>Aplicaciones<\/strong><\/p>\n<p>Ideal para las siguientes aplicaciones: Monitorizaci\u00f3n y documentaci\u00f3n de temperatura, humedad y choque en servicios farmac\u00e9uticos y alimentarios o de cualquier tipo de servicios log\u00edsticos.<\/p>\n<p>&nbsp;<\/p>\n<h4>Testo 184 G1 Temperature, Moisture and Shock USB Transport Data Logger Especificaciones<\/h4>\n<table class=\"table table-striped\">\n<tbody>\n<tr>\n<td>Precisi\u00f3n NTC<\/td>\n<td>\u00b10,5 \u00b0C (-0 a 70 \u00b0C) \u00b10,8 \u00b0C (-20 a 0 \u00b0C)<\/td>\n<\/tr>\n<tr>\n<td>Resoluci\u00f3n NTC<\/td>\n<td>0.1\u00b0C<\/td>\n<\/tr>\n<tr>\n<td>Rango de medici\u00f3n de humedad<\/td>\n<td>0 a 100 % HR<\/td>\n<\/tr>\n<tr>\n<td>Resoluci\u00f3n de humedad<\/td>\n<td>0,1 %HR<\/td>\n<\/tr>\n<tr>\n<td>Temperatura de almacenamiento<\/td>\n<td>-55 hasta +70\u00b0C<\/td>\n<\/tr>\n<tr>\n<td>Temperatura de funcionamiento<\/td>\n<td>-20 hasta +70 \u00b0C<\/td>\n<\/tr>\n<tr>\n<td>Dimensiones<\/td>\n<td>1,7 x 0,4 x 3,8 pulgadas<\/td>\n<\/tr>\n<tr>\n<td>Rango de medici\u00f3n NTC<\/td>\n<td>-20 hasta +70\u00b0C<\/td>\n<\/tr>\n<\/tbody>\n<\/table>\n","protected":false},"excerpt":{"rendered":"<p>El registrador de datos testo 184 G1 es adecuado para el transporte de la cadena de fr\u00edo, la supervisi\u00f3n de art\u00edculos fr\u00e1giles o sensibles y es capaz de controlar la temperatura, la humedad y los golpes. Con configuraci\u00f3n, informes, certificados de calibraci\u00f3n a bordo y luces LED que indican cu\u00e1ndo se han superado los l\u00edmites especificados, el monitoreo del transporte y la documentaci\u00f3n de productos sensibles son f\u00e1ciles.<\/p>\n","protected":false},"featured_media":2538,"comment_status":"open","ping_status":"closed","template":"","meta":{"_joinchat":[]},"product_brand":[],"product_cat":[15],"product_tag":[],"class_list":{"0":"post-2537","1":"product","2":"type-product","3":"status-publish","4":"has-post-thumbnail","6":"product_cat-sin-categorizar","8":"first","9":"instock","10":"shipping-taxable","11":"product-type-simple"},"yoast_head":"<!-- This site is optimized with the Yoast SEO plugin v26.4 - https:\/\/yoast.com\/wordpress\/plugins\/seo\/ -->\n<title>registrador de datos de temperatura, humedad y choque usb testo 184-g1 con lcd - Abaa tienda online<\/title>\n<meta name=\"robots\" content=\"index, follow, max-snippet:-1, max-image-preview:large, max-video-preview:-1\" \/>\n<link rel=\"canonical\" href=\"https:\/\/abaa.mx\/tienda\/registrador-de-datos-de-temperatura-humedad-y-choque-usb-testo-184-g1-con-lcd\/\" \/>\n<meta property=\"og:locale\" content=\"es_MX\" \/>\n<meta property=\"og:type\" content=\"article\" \/>\n<meta property=\"og:title\" content=\"registrador de datos de temperatura, humedad y choque usb testo 184-g1 con lcd - Abaa tienda online\" \/>\n<meta property=\"og:description\" content=\"El registrador de datos testo 184 G1 es adecuado para el transporte de la cadena de fr\u00edo, la supervisi\u00f3n de art\u00edculos fr\u00e1giles o sensibles y es capaz de controlar la temperatura, la humedad y los golpes. Con configuraci\u00f3n, informes, certificados de calibraci\u00f3n a bordo y luces LED que indican cu\u00e1ndo se han superado los l\u00edmites especificados, el monitoreo del transporte y la documentaci\u00f3n de productos sensibles son f\u00e1ciles.\" \/>\n<meta property=\"og:url\" content=\"https:\/\/abaa.mx\/tienda\/registrador-de-datos-de-temperatura-humedad-y-choque-usb-testo-184-g1-con-lcd\/\" \/>\n<meta property=\"og:site_name\" content=\"Abaa tienda online\" \/>\n<meta property=\"og:image\" content=\"https:\/\/abaa.mx\/tienda\/wp-content\/uploads\/2023\/09\/184-G1.jpg\" \/>\n\t<meta property=\"og:image:width\" content=\"270\" \/>\n\t<meta property=\"og:image:height\" content=\"331\" \/>\n\t<meta property=\"og:image:type\" content=\"image\/jpeg\" \/>\n<meta name=\"twitter:card\" content=\"summary_large_image\" \/>\n<meta name=\"twitter:label1\" content=\"Tiempo de lectura\" \/>\n\t<meta name=\"twitter:data1\" content=\"2 minutos\" \/>\n<script type=\"application\/ld+json\" class=\"yoast-schema-graph\">{\"@context\":\"https:\/\/schema.org\",\"@graph\":[{\"@type\":\"WebPage\",\"@id\":\"https:\/\/abaa.mx\/tienda\/registrador-de-datos-de-temperatura-humedad-y-choque-usb-testo-184-g1-con-lcd\/\",\"url\":\"https:\/\/abaa.mx\/tienda\/registrador-de-datos-de-temperatura-humedad-y-choque-usb-testo-184-g1-con-lcd\/\",\"name\":\"registrador de datos de temperatura, humedad y choque usb testo 184-g1 con lcd - Abaa tienda online\",\"isPartOf\":{\"@id\":\"https:\/\/abaa.mx\/tienda\/#website\"},\"primaryImageOfPage\":{\"@id\":\"https:\/\/abaa.mx\/tienda\/registrador-de-datos-de-temperatura-humedad-y-choque-usb-testo-184-g1-con-lcd\/#primaryimage\"},\"image\":{\"@id\":\"https:\/\/abaa.mx\/tienda\/registrador-de-datos-de-temperatura-humedad-y-choque-usb-testo-184-g1-con-lcd\/#primaryimage\"},\"thumbnailUrl\":\"https:\/\/abaa.mx\/tienda\/wp-content\/uploads\/2023\/09\/184-G1.jpg\",\"datePublished\":\"2023-09-21T21:12:18+00:00\",\"breadcrumb\":{\"@id\":\"https:\/\/abaa.mx\/tienda\/registrador-de-datos-de-temperatura-humedad-y-choque-usb-testo-184-g1-con-lcd\/#breadcrumb\"},\"inLanguage\":\"es\",\"potentialAction\":[{\"@type\":\"ReadAction\",\"target\":[\"https:\/\/abaa.mx\/tienda\/registrador-de-datos-de-temperatura-humedad-y-choque-usb-testo-184-g1-con-lcd\/\"]}]},{\"@type\":\"ImageObject\",\"inLanguage\":\"es\",\"@id\":\"https:\/\/abaa.mx\/tienda\/registrador-de-datos-de-temperatura-humedad-y-choque-usb-testo-184-g1-con-lcd\/#primaryimage\",\"url\":\"https:\/\/abaa.mx\/tienda\/wp-content\/uploads\/2023\/09\/184-G1.jpg\",\"contentUrl\":\"https:\/\/abaa.mx\/tienda\/wp-content\/uploads\/2023\/09\/184-G1.jpg\",\"width\":270,\"height\":331,\"caption\":\"184 G1\"},{\"@type\":\"BreadcrumbList\",\"@id\":\"https:\/\/abaa.mx\/tienda\/registrador-de-datos-de-temperatura-humedad-y-choque-usb-testo-184-g1-con-lcd\/#breadcrumb\",\"itemListElement\":[{\"@type\":\"ListItem\",\"position\":1,\"name\":\"Inicio\",\"item\":\"https:\/\/abaa.mx\/tienda\/\"},{\"@type\":\"ListItem\",\"position\":2,\"name\":\"Tienda\",\"item\":\"https:\/\/abaa.mx\/tienda\/\"},{\"@type\":\"ListItem\",\"position\":3,\"name\":\"registrador de datos de temperatura, humedad y choque usb testo 184-g1 con lcd\"}]},{\"@type\":\"WebSite\",\"@id\":\"https:\/\/abaa.mx\/tienda\/#website\",\"url\":\"https:\/\/abaa.mx\/tienda\/\",\"name\":\"Abaa tienda online\",\"description\":\"Instrumentos de medici\u00f3n\",\"publisher\":{\"@id\":\"https:\/\/abaa.mx\/tienda\/#organization\"},\"potentialAction\":[{\"@type\":\"SearchAction\",\"target\":{\"@type\":\"EntryPoint\",\"urlTemplate\":\"https:\/\/abaa.mx\/tienda\/?s={search_term_string}\"},\"query-input\":{\"@type\":\"PropertyValueSpecification\",\"valueRequired\":true,\"valueName\":\"search_term_string\"}}],\"inLanguage\":\"es\"},{\"@type\":\"Organization\",\"@id\":\"https:\/\/abaa.mx\/tienda\/#organization\",\"name\":\"Abaa tienda online\",\"url\":\"https:\/\/abaa.mx\/tienda\/\",\"logo\":{\"@type\":\"ImageObject\",\"inLanguage\":\"es\",\"@id\":\"https:\/\/abaa.mx\/tienda\/#\/schema\/logo\/image\/\",\"url\":\"https:\/\/abaa.mx\/tienda\/wp-content\/uploads\/2024\/01\/abaa-metrologia-tienda.png\",\"contentUrl\":\"https:\/\/abaa.mx\/tienda\/wp-content\/uploads\/2024\/01\/abaa-metrologia-tienda.png\",\"width\":300,\"height\":141,\"caption\":\"Abaa tienda online\"},\"image\":{\"@id\":\"https:\/\/abaa.mx\/tienda\/#\/schema\/logo\/image\/\"}}]}<\/script>\n<!-- \/ Yoast SEO plugin. -->","yoast_head_json":{"title":"registrador de datos de temperatura, humedad y choque usb testo 184-g1 con lcd - Abaa tienda online","robots":{"index":"index","follow":"follow","max-snippet":"max-snippet:-1","max-image-preview":"max-image-preview:large","max-video-preview":"max-video-preview:-1"},"canonical":"https:\/\/abaa.mx\/tienda\/registrador-de-datos-de-temperatura-humedad-y-choque-usb-testo-184-g1-con-lcd\/","og_locale":"es_MX","og_type":"article","og_title":"registrador de datos de temperatura, humedad y choque usb testo 184-g1 con lcd - Abaa tienda online","og_description":"El registrador de datos testo 184 G1 es adecuado para el transporte de la cadena de fr\u00edo, la supervisi\u00f3n de art\u00edculos fr\u00e1giles o sensibles y es capaz de controlar la temperatura, la humedad y los golpes. Con configuraci\u00f3n, informes, certificados de calibraci\u00f3n a bordo y luces LED que indican cu\u00e1ndo se han superado los l\u00edmites especificados, el monitoreo del transporte y la documentaci\u00f3n de productos sensibles son f\u00e1ciles.","og_url":"https:\/\/abaa.mx\/tienda\/registrador-de-datos-de-temperatura-humedad-y-choque-usb-testo-184-g1-con-lcd\/","og_site_name":"Abaa tienda online","og_image":[{"width":270,"height":331,"url":"https:\/\/abaa.mx\/tienda\/wp-content\/uploads\/2023\/09\/184-G1.jpg","type":"image\/jpeg"}],"twitter_card":"summary_large_image","twitter_misc":{"Tiempo de lectura":"2 minutos"},"schema":{"@context":"https:\/\/schema.org","@graph":[{"@type":"WebPage","@id":"https:\/\/abaa.mx\/tienda\/registrador-de-datos-de-temperatura-humedad-y-choque-usb-testo-184-g1-con-lcd\/","url":"https:\/\/abaa.mx\/tienda\/registrador-de-datos-de-temperatura-humedad-y-choque-usb-testo-184-g1-con-lcd\/","name":"registrador de datos de temperatura, humedad y choque usb testo 184-g1 con lcd - Abaa tienda online","isPartOf":{"@id":"https:\/\/abaa.mx\/tienda\/#website"},"primaryImageOfPage":{"@id":"https:\/\/abaa.mx\/tienda\/registrador-de-datos-de-temperatura-humedad-y-choque-usb-testo-184-g1-con-lcd\/#primaryimage"},"image":{"@id":"https:\/\/abaa.mx\/tienda\/registrador-de-datos-de-temperatura-humedad-y-choque-usb-testo-184-g1-con-lcd\/#primaryimage"},"thumbnailUrl":"https:\/\/abaa.mx\/tienda\/wp-content\/uploads\/2023\/09\/184-G1.jpg","datePublished":"2023-09-21T21:12:18+00:00","breadcrumb":{"@id":"https:\/\/abaa.mx\/tienda\/registrador-de-datos-de-temperatura-humedad-y-choque-usb-testo-184-g1-con-lcd\/#breadcrumb"},"inLanguage":"es","potentialAction":[{"@type":"ReadAction","target":["https:\/\/abaa.mx\/tienda\/registrador-de-datos-de-temperatura-humedad-y-choque-usb-testo-184-g1-con-lcd\/"]}]},{"@type":"ImageObject","inLanguage":"es","@id":"https:\/\/abaa.mx\/tienda\/registrador-de-datos-de-temperatura-humedad-y-choque-usb-testo-184-g1-con-lcd\/#primaryimage","url":"https:\/\/abaa.mx\/tienda\/wp-content\/uploads\/2023\/09\/184-G1.jpg","contentUrl":"https:\/\/abaa.mx\/tienda\/wp-content\/uploads\/2023\/09\/184-G1.jpg","width":270,"height":331,"caption":"184 G1"},{"@type":"BreadcrumbList","@id":"https:\/\/abaa.mx\/tienda\/registrador-de-datos-de-temperatura-humedad-y-choque-usb-testo-184-g1-con-lcd\/#breadcrumb","itemListElement":[{"@type":"ListItem","position":1,"name":"Inicio","item":"https:\/\/abaa.mx\/tienda\/"},{"@type":"ListItem","position":2,"name":"Tienda","item":"https:\/\/abaa.mx\/tienda\/"},{"@type":"ListItem","position":3,"name":"registrador de datos de temperatura, humedad y choque usb testo 184-g1 con lcd"}]},{"@type":"WebSite","@id":"https:\/\/abaa.mx\/tienda\/#website","url":"https:\/\/abaa.mx\/tienda\/","name":"Abaa tienda online","description":"Instrumentos de medici\u00f3n","publisher":{"@id":"https:\/\/abaa.mx\/tienda\/#organization"},"potentialAction":[{"@type":"SearchAction","target":{"@type":"EntryPoint","urlTemplate":"https:\/\/abaa.mx\/tienda\/?s={search_term_string}"},"query-input":{"@type":"PropertyValueSpecification","valueRequired":true,"valueName":"search_term_string"}}],"inLanguage":"es"},{"@type":"Organization","@id":"https:\/\/abaa.mx\/tienda\/#organization","name":"Abaa tienda online","url":"https:\/\/abaa.mx\/tienda\/","logo":{"@type":"ImageObject","inLanguage":"es","@id":"https:\/\/abaa.mx\/tienda\/#\/schema\/logo\/image\/","url":"https:\/\/abaa.mx\/tienda\/wp-content\/uploads\/2024\/01\/abaa-metrologia-tienda.png","contentUrl":"https:\/\/abaa.mx\/tienda\/wp-content\/uploads\/2024\/01\/abaa-metrologia-tienda.png","width":300,"height":141,"caption":"Abaa tienda online"},"image":{"@id":"https:\/\/abaa.mx\/tienda\/#\/schema\/logo\/image\/"}}]}},"_links":{"self":[{"href":"https:\/\/abaa.mx\/tienda\/wp-json\/wp\/v2\/product\/2537","targetHints":{"allow":["GET"]}}],"collection":[{"href":"https:\/\/abaa.mx\/tienda\/wp-json\/wp\/v2\/product"}],"about":[{"href":"https:\/\/abaa.mx\/tienda\/wp-json\/wp\/v2\/types\/product"}],"replies":[{"embeddable":true,"href":"https:\/\/abaa.mx\/tienda\/wp-json\/wp\/v2\/comments?post=2537"}],"wp:featuredmedia":[{"embeddable":true,"href":"https:\/\/abaa.mx\/tienda\/wp-json\/wp\/v2\/media\/2538"}],"wp:attachment":[{"href":"https:\/\/abaa.mx\/tienda\/wp-json\/wp\/v2\/media?parent=2537"}],"wp:term":[{"taxonomy":"product_brand","embeddable":true,"href":"https:\/\/abaa.mx\/tienda\/wp-json\/wp\/v2\/product_brand?post=2537"},{"taxonomy":"product_cat","embeddable":true,"href":"https:\/\/abaa.mx\/tienda\/wp-json\/wp\/v2\/product_cat?post=2537"},{"taxonomy":"product_tag","embeddable":true,"href":"https:\/\/abaa.mx\/tienda\/wp-json\/wp\/v2\/product_tag?post=2537"}],"curies":[{"name":"wp","href":"https:\/\/api.w.org\/{rel}","templated":true}]}}