{"id":2531,"date":"2023-12-12T19:18:21","date_gmt":"2023-12-12T19:18:21","guid":{"rendered":"https:\/\/abaa.mx\/tienda\/?post_type=product&#038;p=2531"},"modified":"2023-12-12T19:18:22","modified_gmt":"2023-12-12T19:18:22","slug":"sdl470-luxometro","status":"publish","type":"product","link":"https:\/\/abaa.mx\/tienda\/sdl470-luxometro\/","title":{"rendered":"Sdl470-lux\u00f3metro"},"content":{"rendered":"<p>Sdl470-lux\u00f3metro<\/p>\n","protected":false},"excerpt":{"rendered":"<div class=\"pt16 pb16 col-lg-4 offset-lg-1 o_colored_level\">\n<div class=\"s_hr text-left p0 pb32\" data-snippet=\"s_hr\" data-name=\"Separator\">\n<hr class=\"w-100 mx-auto\" \/>\n<\/div>\n<\/div>\n<div class=\"col-lg-5 offset-lg-1 o_colored_level pb0 pt0\">\n<p><strong>Caracter\u00edsticas:<\/strong><\/p>\n<ul id=\"features\">\n<li><span>La sonda UVA captura mediciones de irradiancia UV de onda larga de 365 nm bajo una fuente de UVA (luz negra).<\/span><\/li>\n<li><span>La sonda UVC captura mediciones de irradiancia UV de onda corta de 254 nm bajo una fuente de luz UVC.<\/span><\/li>\n<li><span>Filtro de correcci\u00f3n de coseno y carcasa met\u00e1lica.<\/span><\/li>\n<li><span>La funci\u00f3n de registro de datos registra las lecturas con sello de fecha y hora en una tarjeta SD (incluida) en formato Excel.<\/span><\/li>\n<li><span>Ajuste de compensaci\u00f3n utilizado para la funci\u00f3n cero o para realizar mediciones relativas.<\/span><\/li>\n<li><span>Frecuencia de muestreo de datos ajustable de 1 a 3600 segundos.<\/span><\/li>\n<li><span>Almacena 99 lecturas manualmente.<\/span><\/li>\n<li><span>Entrada de termopar tipo K \/ J para medidas de temperatura (las sondas se venden por separado).<\/span><\/li>\n<li><span>Gran pantalla LCD retroiluminada.<\/span><\/li>\n<li><span>Registro \/ recuperaci\u00f3n de lecturas MIN, MAX, retenci\u00f3n de datos m\u00e1s apagado autom\u00e1tico con funci\u00f3n de desactivaci\u00f3n.<\/span><\/li>\n<li><span>Completo con soporte inclinable incorporado, tarjeta de memoria SD, sensor de luz UVA con cubierta protectora, sensor de luz UVC, estuche r\u00edgido, adaptador de CA universal y 6 pilas AA.<\/span><\/li>\n<\/ul>\n<\/div>\n","protected":false},"featured_media":9775,"comment_status":"open","ping_status":"closed","template":"","meta":{"_joinchat":[]},"product_brand":[],"product_cat":[15],"product_tag":[],"class_list":{"0":"post-2531","1":"product","2":"type-product","3":"status-publish","4":"has-post-thumbnail","6":"product_cat-sin-categorizar","8":"first","9":"instock","10":"shipping-taxable","11":"product-type-simple"},"yoast_head":"<!-- This site is optimized with the Yoast SEO plugin v26.4 - https:\/\/yoast.com\/wordpress\/plugins\/seo\/ -->\n<title>Sdl470-lux\u00f3metro - Abaa tienda online<\/title>\n<meta name=\"robots\" content=\"index, follow, max-snippet:-1, max-image-preview:large, max-video-preview:-1\" \/>\n<link rel=\"canonical\" href=\"https:\/\/abaa.mx\/tienda\/sdl470-luxometro\/\" \/>\n<meta property=\"og:locale\" content=\"es_MX\" \/>\n<meta property=\"og:type\" content=\"article\" \/>\n<meta property=\"og:title\" content=\"Sdl470-lux\u00f3metro - Abaa tienda online\" \/>\n<meta property=\"og:description\" content=\"Caracter\u00edsticas:   La sonda UVA captura mediciones de irradiancia UV de onda larga de 365 nm bajo una fuente de UVA (luz negra).  La sonda UVC captura mediciones de irradiancia UV de onda corta de 254 nm bajo una fuente de luz UVC.  Filtro de correcci\u00f3n de coseno y carcasa met\u00e1lica.  La funci\u00f3n de registro de datos registra las lecturas con sello de fecha y hora en una tarjeta SD (incluida) en formato Excel.  Ajuste de compensaci\u00f3n utilizado para la funci\u00f3n cero o para realizar mediciones relativas.  Frecuencia de muestreo de datos ajustable de 1 a 3600 segundos.  Almacena 99 lecturas manualmente.  Entrada de termopar tipo K \/ J para medidas de temperatura (las sondas se venden por separado).  Gran pantalla LCD retroiluminada.  Registro \/ recuperaci\u00f3n de lecturas MIN, MAX, retenci\u00f3n de datos m\u00e1s apagado autom\u00e1tico con funci\u00f3n de desactivaci\u00f3n.  Completo con soporte inclinable incorporado, tarjeta de memoria SD, sensor de luz UVA con cubierta protectora, sensor de luz UVC, estuche r\u00edgido, adaptador de CA universal y 6 pilas AA.\" \/>\n<meta property=\"og:url\" content=\"https:\/\/abaa.mx\/tienda\/sdl470-luxometro\/\" \/>\n<meta property=\"og:site_name\" content=\"Abaa tienda online\" \/>\n<meta property=\"article:modified_time\" content=\"2023-12-12T19:18:22+00:00\" \/>\n<meta property=\"og:image\" content=\"https:\/\/abaa.mx\/tienda\/wp-content\/uploads\/2023\/12\/Sdl470-luxometro.jpg\" \/>\n\t<meta property=\"og:image:width\" content=\"1024\" \/>\n\t<meta property=\"og:image:height\" content=\"1024\" \/>\n\t<meta property=\"og:image:type\" content=\"image\/jpeg\" \/>\n<meta name=\"twitter:card\" content=\"summary_large_image\" \/>\n<meta name=\"twitter:label1\" content=\"Tiempo de lectura\" \/>\n\t<meta name=\"twitter:data1\" content=\"1 minuto\" \/>\n<script type=\"application\/ld+json\" class=\"yoast-schema-graph\">{\"@context\":\"https:\/\/schema.org\",\"@graph\":[{\"@type\":\"WebPage\",\"@id\":\"https:\/\/abaa.mx\/tienda\/sdl470-luxometro\/\",\"url\":\"https:\/\/abaa.mx\/tienda\/sdl470-luxometro\/\",\"name\":\"Sdl470-lux\u00f3metro - Abaa tienda online\",\"isPartOf\":{\"@id\":\"https:\/\/abaa.mx\/tienda\/#website\"},\"primaryImageOfPage\":{\"@id\":\"https:\/\/abaa.mx\/tienda\/sdl470-luxometro\/#primaryimage\"},\"image\":{\"@id\":\"https:\/\/abaa.mx\/tienda\/sdl470-luxometro\/#primaryimage\"},\"thumbnailUrl\":\"https:\/\/abaa.mx\/tienda\/wp-content\/uploads\/2023\/12\/Sdl470-luxometro.jpg\",\"datePublished\":\"2023-12-12T19:18:21+00:00\",\"dateModified\":\"2023-12-12T19:18:22+00:00\",\"breadcrumb\":{\"@id\":\"https:\/\/abaa.mx\/tienda\/sdl470-luxometro\/#breadcrumb\"},\"inLanguage\":\"es\",\"potentialAction\":[{\"@type\":\"ReadAction\",\"target\":[\"https:\/\/abaa.mx\/tienda\/sdl470-luxometro\/\"]}]},{\"@type\":\"ImageObject\",\"inLanguage\":\"es\",\"@id\":\"https:\/\/abaa.mx\/tienda\/sdl470-luxometro\/#primaryimage\",\"url\":\"https:\/\/abaa.mx\/tienda\/wp-content\/uploads\/2023\/12\/Sdl470-luxometro.jpg\",\"contentUrl\":\"https:\/\/abaa.mx\/tienda\/wp-content\/uploads\/2023\/12\/Sdl470-luxometro.jpg\",\"width\":1024,\"height\":1024,\"caption\":\"Sdl470-lux\u00f3metro\"},{\"@type\":\"BreadcrumbList\",\"@id\":\"https:\/\/abaa.mx\/tienda\/sdl470-luxometro\/#breadcrumb\",\"itemListElement\":[{\"@type\":\"ListItem\",\"position\":1,\"name\":\"Inicio\",\"item\":\"https:\/\/abaa.mx\/tienda\/\"},{\"@type\":\"ListItem\",\"position\":2,\"name\":\"Tienda\",\"item\":\"https:\/\/abaa.mx\/tienda\/\"},{\"@type\":\"ListItem\",\"position\":3,\"name\":\"Sdl470-lux\u00f3metro\"}]},{\"@type\":\"WebSite\",\"@id\":\"https:\/\/abaa.mx\/tienda\/#website\",\"url\":\"https:\/\/abaa.mx\/tienda\/\",\"name\":\"Abaa tienda online\",\"description\":\"Instrumentos de medici\u00f3n\",\"publisher\":{\"@id\":\"https:\/\/abaa.mx\/tienda\/#organization\"},\"potentialAction\":[{\"@type\":\"SearchAction\",\"target\":{\"@type\":\"EntryPoint\",\"urlTemplate\":\"https:\/\/abaa.mx\/tienda\/?s={search_term_string}\"},\"query-input\":{\"@type\":\"PropertyValueSpecification\",\"valueRequired\":true,\"valueName\":\"search_term_string\"}}],\"inLanguage\":\"es\"},{\"@type\":\"Organization\",\"@id\":\"https:\/\/abaa.mx\/tienda\/#organization\",\"name\":\"Abaa tienda online\",\"url\":\"https:\/\/abaa.mx\/tienda\/\",\"logo\":{\"@type\":\"ImageObject\",\"inLanguage\":\"es\",\"@id\":\"https:\/\/abaa.mx\/tienda\/#\/schema\/logo\/image\/\",\"url\":\"https:\/\/abaa.mx\/tienda\/wp-content\/uploads\/2024\/01\/abaa-metrologia-tienda.png\",\"contentUrl\":\"https:\/\/abaa.mx\/tienda\/wp-content\/uploads\/2024\/01\/abaa-metrologia-tienda.png\",\"width\":300,\"height\":141,\"caption\":\"Abaa tienda online\"},\"image\":{\"@id\":\"https:\/\/abaa.mx\/tienda\/#\/schema\/logo\/image\/\"}}]}<\/script>\n<!-- \/ Yoast SEO plugin. -->","yoast_head_json":{"title":"Sdl470-lux\u00f3metro - Abaa tienda online","robots":{"index":"index","follow":"follow","max-snippet":"max-snippet:-1","max-image-preview":"max-image-preview:large","max-video-preview":"max-video-preview:-1"},"canonical":"https:\/\/abaa.mx\/tienda\/sdl470-luxometro\/","og_locale":"es_MX","og_type":"article","og_title":"Sdl470-lux\u00f3metro - Abaa tienda online","og_description":"Caracter\u00edsticas:   La sonda UVA captura mediciones de irradiancia UV de onda larga de 365 nm bajo una fuente de UVA (luz negra).  La sonda UVC captura mediciones de irradiancia UV de onda corta de 254 nm bajo una fuente de luz UVC.  Filtro de correcci\u00f3n de coseno y carcasa met\u00e1lica.  La funci\u00f3n de registro de datos registra las lecturas con sello de fecha y hora en una tarjeta SD (incluida) en formato Excel.  Ajuste de compensaci\u00f3n utilizado para la funci\u00f3n cero o para realizar mediciones relativas.  Frecuencia de muestreo de datos ajustable de 1 a 3600 segundos.  Almacena 99 lecturas manualmente.  Entrada de termopar tipo K \/ J para medidas de temperatura (las sondas se venden por separado).  Gran pantalla LCD retroiluminada.  Registro \/ recuperaci\u00f3n de lecturas MIN, MAX, retenci\u00f3n de datos m\u00e1s apagado autom\u00e1tico con funci\u00f3n de desactivaci\u00f3n.  Completo con soporte inclinable incorporado, tarjeta de memoria SD, sensor de luz UVA con cubierta protectora, sensor de luz UVC, estuche r\u00edgido, adaptador de CA universal y 6 pilas AA.","og_url":"https:\/\/abaa.mx\/tienda\/sdl470-luxometro\/","og_site_name":"Abaa tienda online","article_modified_time":"2023-12-12T19:18:22+00:00","og_image":[{"width":1024,"height":1024,"url":"https:\/\/abaa.mx\/tienda\/wp-content\/uploads\/2023\/12\/Sdl470-luxometro.jpg","type":"image\/jpeg"}],"twitter_card":"summary_large_image","twitter_misc":{"Tiempo de lectura":"1 minuto"},"schema":{"@context":"https:\/\/schema.org","@graph":[{"@type":"WebPage","@id":"https:\/\/abaa.mx\/tienda\/sdl470-luxometro\/","url":"https:\/\/abaa.mx\/tienda\/sdl470-luxometro\/","name":"Sdl470-lux\u00f3metro - Abaa tienda online","isPartOf":{"@id":"https:\/\/abaa.mx\/tienda\/#website"},"primaryImageOfPage":{"@id":"https:\/\/abaa.mx\/tienda\/sdl470-luxometro\/#primaryimage"},"image":{"@id":"https:\/\/abaa.mx\/tienda\/sdl470-luxometro\/#primaryimage"},"thumbnailUrl":"https:\/\/abaa.mx\/tienda\/wp-content\/uploads\/2023\/12\/Sdl470-luxometro.jpg","datePublished":"2023-12-12T19:18:21+00:00","dateModified":"2023-12-12T19:18:22+00:00","breadcrumb":{"@id":"https:\/\/abaa.mx\/tienda\/sdl470-luxometro\/#breadcrumb"},"inLanguage":"es","potentialAction":[{"@type":"ReadAction","target":["https:\/\/abaa.mx\/tienda\/sdl470-luxometro\/"]}]},{"@type":"ImageObject","inLanguage":"es","@id":"https:\/\/abaa.mx\/tienda\/sdl470-luxometro\/#primaryimage","url":"https:\/\/abaa.mx\/tienda\/wp-content\/uploads\/2023\/12\/Sdl470-luxometro.jpg","contentUrl":"https:\/\/abaa.mx\/tienda\/wp-content\/uploads\/2023\/12\/Sdl470-luxometro.jpg","width":1024,"height":1024,"caption":"Sdl470-lux\u00f3metro"},{"@type":"BreadcrumbList","@id":"https:\/\/abaa.mx\/tienda\/sdl470-luxometro\/#breadcrumb","itemListElement":[{"@type":"ListItem","position":1,"name":"Inicio","item":"https:\/\/abaa.mx\/tienda\/"},{"@type":"ListItem","position":2,"name":"Tienda","item":"https:\/\/abaa.mx\/tienda\/"},{"@type":"ListItem","position":3,"name":"Sdl470-lux\u00f3metro"}]},{"@type":"WebSite","@id":"https:\/\/abaa.mx\/tienda\/#website","url":"https:\/\/abaa.mx\/tienda\/","name":"Abaa tienda online","description":"Instrumentos de medici\u00f3n","publisher":{"@id":"https:\/\/abaa.mx\/tienda\/#organization"},"potentialAction":[{"@type":"SearchAction","target":{"@type":"EntryPoint","urlTemplate":"https:\/\/abaa.mx\/tienda\/?s={search_term_string}"},"query-input":{"@type":"PropertyValueSpecification","valueRequired":true,"valueName":"search_term_string"}}],"inLanguage":"es"},{"@type":"Organization","@id":"https:\/\/abaa.mx\/tienda\/#organization","name":"Abaa tienda online","url":"https:\/\/abaa.mx\/tienda\/","logo":{"@type":"ImageObject","inLanguage":"es","@id":"https:\/\/abaa.mx\/tienda\/#\/schema\/logo\/image\/","url":"https:\/\/abaa.mx\/tienda\/wp-content\/uploads\/2024\/01\/abaa-metrologia-tienda.png","contentUrl":"https:\/\/abaa.mx\/tienda\/wp-content\/uploads\/2024\/01\/abaa-metrologia-tienda.png","width":300,"height":141,"caption":"Abaa tienda online"},"image":{"@id":"https:\/\/abaa.mx\/tienda\/#\/schema\/logo\/image\/"}}]}},"_links":{"self":[{"href":"https:\/\/abaa.mx\/tienda\/wp-json\/wp\/v2\/product\/2531","targetHints":{"allow":["GET"]}}],"collection":[{"href":"https:\/\/abaa.mx\/tienda\/wp-json\/wp\/v2\/product"}],"about":[{"href":"https:\/\/abaa.mx\/tienda\/wp-json\/wp\/v2\/types\/product"}],"replies":[{"embeddable":true,"href":"https:\/\/abaa.mx\/tienda\/wp-json\/wp\/v2\/comments?post=2531"}],"wp:featuredmedia":[{"embeddable":true,"href":"https:\/\/abaa.mx\/tienda\/wp-json\/wp\/v2\/media\/9775"}],"wp:attachment":[{"href":"https:\/\/abaa.mx\/tienda\/wp-json\/wp\/v2\/media?parent=2531"}],"wp:term":[{"taxonomy":"product_brand","embeddable":true,"href":"https:\/\/abaa.mx\/tienda\/wp-json\/wp\/v2\/product_brand?post=2531"},{"taxonomy":"product_cat","embeddable":true,"href":"https:\/\/abaa.mx\/tienda\/wp-json\/wp\/v2\/product_cat?post=2531"},{"taxonomy":"product_tag","embeddable":true,"href":"https:\/\/abaa.mx\/tienda\/wp-json\/wp\/v2\/product_tag?post=2531"}],"curies":[{"name":"wp","href":"https:\/\/api.w.org\/{rel}","templated":true}]}}