{"id":2519,"date":"2023-09-21T19:19:55","date_gmt":"2023-09-21T19:19:55","guid":{"rendered":"https:\/\/abaa.mx\/tienda\/?post_type=product&#038;p=2519"},"modified":"2023-11-27T19:54:26","modified_gmt":"2023-11-27T19:54:26","slug":"multimetro-industrial-y-kit-de-unidad-de-prueba-fluke-87v-prv240-de-fluke","status":"publish","type":"product","link":"https:\/\/abaa.mx\/tienda\/multimetro-industrial-y-kit-de-unidad-de-prueba-fluke-87v-prv240-de-fluke\/","title":{"rendered":"Mult\u00edmetro industrial y kit de unidad de prueba fluke-87v-prv240 de fluke"},"content":{"rendered":"<p>&nbsp;<\/p>\n<p><strong>Identifica r\u00e1pidamente problemas de se\u00f1al complejos<\/strong><\/p>\n<p>Proporciona la resoluci\u00f3n y precisi\u00f3n para solucionar problemas de manera eficiente de accionamientos de motor, automatizaci\u00f3n de plantas, distribuci\u00f3n de energ\u00eda y equipos electromec\u00e1nicos. Adem\u00e1s de eso, este mult\u00edmetro industrial funciona eficazmente en ubicaciones ruidosas, de alta energ\u00eda y gran altitud. Cuenta con un filtro de paso bajo que admite mediciones de frecuencia precisas en VFD y adquiere intermitentes tan r\u00e1pido como 250 \u03bcS.<\/p>\n<p>Utilice este mult\u00edmetro para medir corrientes de CA de hasta 10 A directamente. Adem\u00e1s, cuenta con un term\u00f3metro incorporado que le permite tomar lecturas de temperatura sin tener que llevar un instrumento separado y m\u00e1s. Adem\u00e1s, viene con una pantalla retroiluminada brillante de dos niveles que le permite ver mejor los resultados con poca luz.<\/p>\n<p>&nbsp;<\/p>\n<p><strong>Mida correctamente la se\u00f1al de accionamiento del motor modulada por ancho de pulso<\/strong><\/p>\n<p>Elimina las conjeturas de la soluci\u00f3n de problemas del sistema de unidades. Incluye una funci\u00f3n \u00fanica para medir con precisi\u00f3n el ruido en el VFD y en los terminales del motor. El blindaje especial bloquea el ruido de alta frecuencia y alta energ\u00eda generado por grandes sistemas de accionamiento.<\/p>\n<p>&nbsp;<\/p>\n<p><strong>Seguridad el\u00e9ctrica:<\/strong><\/p>\n<p>Todas las entradas de este mult\u00edmetro industrial se actualizan al tercero y CAT III, 1000 V. Est\u00e1n dise\u00f1ados para soportar picos superiores a 8 V.<\/p>\n<p>&nbsp;<\/p>\n<p><strong>Funciones:<\/strong><\/p>\n<ul>\n<li>Mult\u00edmetro industrial robusto y de alta precisi\u00f3n para medir corriente, voltaje y frecuencia en se\u00f1ales complejas de variador de frecuencia (VFD).<\/li>\n<li>Voltaje y corriente de CA True-RMS para medir se\u00f1ales no lineales.<\/li>\n<li>Captura intermitentes tan cortos como 250 \u03bcS.<\/li>\n<li>Seguridad nominal CAT III 1000 V, CAT IV 600 V.<\/li>\n<li>Term\u00f3metro incorporado y sonda de temperatura.<\/li>\n<li>Puerta de f\u00e1cil acceso para cambios r\u00e1pidos de bater\u00eda sin romper el sello de calibraci\u00f3n.<\/li>\n<li>Funda extra\u00edble con cable de prueba incorporado y almacenamiento de sonda para mayor comodidad.<\/li>\n<li>Alerta de entrada audible que advierte contra el uso incorrecto de los conectores de entrada.<\/li>\n<li>Proporciona captura m\u00e1xima y grabaci\u00f3n m\u00ednima\/m\u00e1x\/media.<\/li>\n<li>6000 recuentos, resoluci\u00f3n de 3-3\/4 d\u00edgitos, o 20,000 recuentos, resoluci\u00f3n de 4-1\/2 d\u00edgitos.<\/li>\n<li>Cabe en una percha magn\u00e9tica opcional para facilitar la configuraci\u00f3n y la visualizaci\u00f3n mientras libera las manos para otras tareas.<\/li>\n<li>Incluye un gr\u00e1fico de barras anal\u00f3gico para se\u00f1ales inestables o de cambio r\u00e1pido.<\/li>\n<li>Presenta una pantalla de d\u00edgitos grandes con retroiluminaci\u00f3n brillante de dos niveles para facilitar la lectura con poca luz.<\/li>\n<li>Ofrece una precisi\u00f3n de CC del 0,05 %.<\/li>\n<li>Mide hasta 1000 VCA y CC.<\/li>\n<li>Rango de capacitancia de 10.000 \u03bcF para componentes y tapas de motor.<\/li>\n<li>Modo relativo para eliminar la interferencia del cable de prueba de las mediciones de ohmios bajos.<\/li>\n<li>Rango autom\u00e1tico y manual para una m\u00e1xima flexibilidad.<\/li>\n<li>Mantenga pulsado para capturar lecturas estables de se\u00f1ales ruidosas.<\/li>\n<li>Pantalla retroiluminada de dos niveles.<\/li>\n<\/ul>\n<p>&nbsp;<\/p>\n<p><strong>Aplicaciones:<\/strong><\/p>\n<ul>\n<li>Accionamientos de motor<\/li>\n<li>Automatizaci\u00f3n de plantas<\/li>\n<li>Distribuci\u00f3n de energ\u00eda<\/li>\n<li>Equipos electromec\u00e1nicos<\/li>\n<\/ul>\n<p>&nbsp;<\/p>\n<p><strong>Fluke PRV240:<\/strong><\/p>\n<p>Reduce el riesgo de choque y arco el\u00e9ctrico al eliminar la exposici\u00f3n innecesaria a un entorno el\u00e9ctrico potencialmente peligroso mientras verifica la funcionalidad de las herramientas de prueba antes y despu\u00e9s de verificar la ausencia o presencia de voltaje.<\/p>\n<p>&nbsp;<\/p>\n<h4>Fluke FLUKE-87V-PRV240<\/h4>\n<table class=\"table table-striped\">\n<tbody>\n<tr>\n<td colspan=\"2\"><strong>Fluke 87V<\/strong><\/td>\n<\/tr>\n<tr>\n<td>Voltaje DC<\/td>\n<td>Voltaje m\u00e1ximo: 1000 V<br \/>\nPrecisi\u00f3n: \u00b1 (0.05% + 1)<br \/>\nResoluci\u00f3n m\u00e1xima: 10 \u03bcV<\/td>\n<\/tr>\n<tr>\n<td>Voltaje AC<\/td>\n<td>Voltaje m\u00e1ximo: 1000 V<br \/>\nPrecisi\u00f3n: \u00b1 (0.7% + 2) Ancho de banda de CA RMS verdadero: 20 kHz con filtro de<br \/>\npaso bajo; 3 db @ 1 kHz<br \/>\nResoluci\u00f3n m\u00e1xima: 0.1 mV<\/td>\n<\/tr>\n<tr>\n<td>DC actual<\/td>\n<td>Amperios m\u00e1ximos: 10 A (20 A durante 30 segundos m\u00e1ximo) Precisi\u00f3n de amperios: \u00b1 (0.2% + 2)<\/p>\n<p>Resoluci\u00f3n m\u00e1xima: 0.01 \u03bcA<\/td>\n<\/tr>\n<tr>\n<td>AC actual<\/td>\n<td>Amperios m\u00e1ximos: 10 A (20 A durante 30 segundos m\u00e1ximo) Precisi\u00f3n de amperios: \u00b1 (1.0% + 2)<br \/>\nRMS<br \/>\nverdadero Resoluci\u00f3n m\u00e1xima: 0.1 \u03bcA<\/td>\n<\/tr>\n<tr>\n<td>Resistencia<\/td>\n<td>Resistencia m\u00e1xima: 50 M\u03a9<br \/>\nPrecisi\u00f3n: \u00b1 (0.2% + 1)<br \/>\nResoluci\u00f3n m\u00e1xima: 0.1 \u03a9<\/td>\n<\/tr>\n<tr>\n<td>Capacitancia<\/td>\n<td>Capacitancia m\u00e1xima: 9999 \u03bcF Precisi\u00f3n: \u00b1 (1% + 2)<br \/>\nResoluci\u00f3n m\u00e1xima: 0.01 nF<\/td>\n<\/tr>\n<tr>\n<td>Frecuencia<\/td>\n<td>Frecuencia m\u00e1xima: 200 kHz<br \/>\nPrecisi\u00f3n: \u00b1 (0.005% + 1)<br \/>\nResoluci\u00f3n m\u00e1xima: 0.01 Hz<\/td>\n<\/tr>\n<tr>\n<td>Temperatura<\/td>\n<td>En funcionamiento: -4 a 131 \u00b0F (-20 a 55 \u00b0C) Almacenamiento: -40 a 140 \u00b0F (-40 a 60 \u00b0C)<\/td>\n<\/tr>\n<tr>\n<td>Altitud de funcionamiento<\/td>\n<td>6561&#8242; (2000 m)<\/td>\n<\/tr>\n<tr>\n<td>Dimensiones<\/td>\n<td>7,9 x 3,9 x 2,05&#8243; (201 x 98 x 52 mm)<\/td>\n<\/tr>\n<tr>\n<td>Peso<\/td>\n<td>0,8 lb (355 g)<\/td>\n<\/tr>\n<tr>\n<td colspan=\"2\"><strong>PRV240<\/strong><\/td>\n<\/tr>\n<tr>\n<td>Voltaje de salida: 240 V AC RMS o DC<\/td>\n<td>\u00b110 % \u22651 M\u03a9<\/td>\n<\/tr>\n<tr>\n<td>Voltaje de salida: carga LoZ &gt;3 k\u03a9<\/td>\n<td>60 V AC t\u00edpico; 50 V CA RMS m\u00ednimo<\/td>\n<\/tr>\n<tr>\n<td>Indicador LED de encendido<\/td>\n<td>Se enciende cuando el voltaje de salida est\u00e1 presente<\/td>\n<\/tr>\n<tr>\n<td>Bater\u00eda<\/td>\n<td>4 pilas alcalinas AA NEDA (24 A IEC LR03)<\/td>\n<\/tr>\n<tr>\n<td>Duraci\u00f3n de la bater\u00eda<\/td>\n<td>5000 ciclos de prueba (5 segundos de duraci\u00f3n) con carga de &gt;1 M\u03a9, 300 pruebas como m\u00ednimo con una carga de &gt;3 k\u03a9<\/td>\n<\/tr>\n<tr>\n<td>Temperatura de funcionamiento<\/td>\n<td>-10 hasta +50\u00b0C<\/td>\n<\/tr>\n<tr>\n<td>Humedad de funcionamiento<\/td>\n<td>0 % a 90 % (0 a 35 \u00b0C)<\/td>\n<\/tr>\n<tr>\n<td>Altitud de funcionamiento<\/td>\n<td>2000 metros<\/td>\n<\/tr>\n<tr>\n<td>Seguridad<\/td>\n<td>IEC61010-1, IEC61010-2-030<\/td>\n<\/tr>\n<tr>\n<td>Certificaci\u00f3n<\/td>\n<td>CSA-CUS, CE<\/td>\n<\/tr>\n<tr>\n<td>Dimensiones<\/td>\n<td>11,7 x 7,4 x 2,8 cm (4,6 x 2,9 x 1,1&#8243;)<\/td>\n<\/tr>\n<tr>\n<td>Peso<\/td>\n<td>8 oz (0,23 kg) incluye bater\u00edas<\/td>\n<\/tr>\n<\/tbody>\n<\/table>\n","protected":false},"excerpt":{"rendered":"<p>El mult\u00edmetro industrial proporciona la resoluci\u00f3n y la precisi\u00f3n para solucionar problemas de manera eficiente de los accionamientos del motor, la automatizaci\u00f3n de la planta, la distribuci\u00f3n de energ\u00eda y los equipos electromec\u00e1nicos, incluso en ubicaciones ruidosas, de alta energ\u00eda y de gran altitud, mientras que la unidad de prueba verifica de manera f\u00e1cil y segura las herramientas de prueba.<\/p>\n","protected":false},"featured_media":2526,"comment_status":"open","ping_status":"closed","template":"","meta":{"_joinchat":[]},"product_brand":[],"product_cat":[15],"product_tag":[],"class_list":{"0":"post-2519","1":"product","2":"type-product","3":"status-publish","4":"has-post-thumbnail","6":"product_cat-sin-categorizar","8":"first","9":"instock","10":"shipping-taxable","11":"product-type-simple"},"yoast_head":"<!-- This site is optimized with the Yoast SEO plugin v26.4 - https:\/\/yoast.com\/wordpress\/plugins\/seo\/ -->\n<title>Mult\u00edmetro industrial y kit de unidad de prueba fluke-87v-prv240 de fluke - Abaa tienda online<\/title>\n<meta name=\"robots\" content=\"index, follow, max-snippet:-1, max-image-preview:large, max-video-preview:-1\" \/>\n<link rel=\"canonical\" href=\"https:\/\/abaa.mx\/tienda\/multimetro-industrial-y-kit-de-unidad-de-prueba-fluke-87v-prv240-de-fluke\/\" \/>\n<meta property=\"og:locale\" content=\"es_MX\" \/>\n<meta property=\"og:type\" content=\"article\" \/>\n<meta property=\"og:title\" content=\"Mult\u00edmetro industrial y kit de unidad de prueba fluke-87v-prv240 de fluke - Abaa tienda online\" \/>\n<meta property=\"og:description\" content=\"El mult\u00edmetro industrial proporciona la resoluci\u00f3n y la precisi\u00f3n para solucionar problemas de manera eficiente de los accionamientos del motor, la automatizaci\u00f3n de la planta, la distribuci\u00f3n de energ\u00eda y los equipos electromec\u00e1nicos, incluso en ubicaciones ruidosas, de alta energ\u00eda y de gran altitud, mientras que la unidad de prueba verifica de manera f\u00e1cil y segura las herramientas de prueba.\" \/>\n<meta property=\"og:url\" content=\"https:\/\/abaa.mx\/tienda\/multimetro-industrial-y-kit-de-unidad-de-prueba-fluke-87v-prv240-de-fluke\/\" \/>\n<meta property=\"og:site_name\" content=\"Abaa tienda online\" \/>\n<meta property=\"article:modified_time\" content=\"2023-11-27T19:54:26+00:00\" \/>\n<meta property=\"og:image\" content=\"https:\/\/abaa.mx\/tienda\/wp-content\/uploads\/2023\/09\/FLUKE-87V-PRV240.jpg\" \/>\n\t<meta property=\"og:image:width\" content=\"510\" \/>\n\t<meta property=\"og:image:height\" content=\"510\" \/>\n\t<meta property=\"og:image:type\" content=\"image\/jpeg\" \/>\n<meta name=\"twitter:card\" content=\"summary_large_image\" \/>\n<meta name=\"twitter:label1\" content=\"Tiempo de lectura\" \/>\n\t<meta name=\"twitter:data1\" content=\"4 minutos\" \/>\n<script type=\"application\/ld+json\" class=\"yoast-schema-graph\">{\"@context\":\"https:\/\/schema.org\",\"@graph\":[{\"@type\":\"WebPage\",\"@id\":\"https:\/\/abaa.mx\/tienda\/multimetro-industrial-y-kit-de-unidad-de-prueba-fluke-87v-prv240-de-fluke\/\",\"url\":\"https:\/\/abaa.mx\/tienda\/multimetro-industrial-y-kit-de-unidad-de-prueba-fluke-87v-prv240-de-fluke\/\",\"name\":\"Mult\u00edmetro industrial y kit de unidad de prueba fluke-87v-prv240 de fluke - Abaa tienda online\",\"isPartOf\":{\"@id\":\"https:\/\/abaa.mx\/tienda\/#website\"},\"primaryImageOfPage\":{\"@id\":\"https:\/\/abaa.mx\/tienda\/multimetro-industrial-y-kit-de-unidad-de-prueba-fluke-87v-prv240-de-fluke\/#primaryimage\"},\"image\":{\"@id\":\"https:\/\/abaa.mx\/tienda\/multimetro-industrial-y-kit-de-unidad-de-prueba-fluke-87v-prv240-de-fluke\/#primaryimage\"},\"thumbnailUrl\":\"https:\/\/abaa.mx\/tienda\/wp-content\/uploads\/2023\/09\/FLUKE-87V-PRV240.jpg\",\"datePublished\":\"2023-09-21T19:19:55+00:00\",\"dateModified\":\"2023-11-27T19:54:26+00:00\",\"breadcrumb\":{\"@id\":\"https:\/\/abaa.mx\/tienda\/multimetro-industrial-y-kit-de-unidad-de-prueba-fluke-87v-prv240-de-fluke\/#breadcrumb\"},\"inLanguage\":\"es\",\"potentialAction\":[{\"@type\":\"ReadAction\",\"target\":[\"https:\/\/abaa.mx\/tienda\/multimetro-industrial-y-kit-de-unidad-de-prueba-fluke-87v-prv240-de-fluke\/\"]}]},{\"@type\":\"ImageObject\",\"inLanguage\":\"es\",\"@id\":\"https:\/\/abaa.mx\/tienda\/multimetro-industrial-y-kit-de-unidad-de-prueba-fluke-87v-prv240-de-fluke\/#primaryimage\",\"url\":\"https:\/\/abaa.mx\/tienda\/wp-content\/uploads\/2023\/09\/FLUKE-87V-PRV240.jpg\",\"contentUrl\":\"https:\/\/abaa.mx\/tienda\/wp-content\/uploads\/2023\/09\/FLUKE-87V-PRV240.jpg\",\"width\":510,\"height\":510,\"caption\":\"fluke-87v-prv240\"},{\"@type\":\"BreadcrumbList\",\"@id\":\"https:\/\/abaa.mx\/tienda\/multimetro-industrial-y-kit-de-unidad-de-prueba-fluke-87v-prv240-de-fluke\/#breadcrumb\",\"itemListElement\":[{\"@type\":\"ListItem\",\"position\":1,\"name\":\"Inicio\",\"item\":\"https:\/\/abaa.mx\/tienda\/\"},{\"@type\":\"ListItem\",\"position\":2,\"name\":\"Tienda\",\"item\":\"https:\/\/abaa.mx\/tienda\/\"},{\"@type\":\"ListItem\",\"position\":3,\"name\":\"Mult\u00edmetro industrial y kit de unidad de prueba fluke-87v-prv240 de fluke\"}]},{\"@type\":\"WebSite\",\"@id\":\"https:\/\/abaa.mx\/tienda\/#website\",\"url\":\"https:\/\/abaa.mx\/tienda\/\",\"name\":\"Abaa tienda online\",\"description\":\"Instrumentos de medici\u00f3n\",\"publisher\":{\"@id\":\"https:\/\/abaa.mx\/tienda\/#organization\"},\"potentialAction\":[{\"@type\":\"SearchAction\",\"target\":{\"@type\":\"EntryPoint\",\"urlTemplate\":\"https:\/\/abaa.mx\/tienda\/?s={search_term_string}\"},\"query-input\":{\"@type\":\"PropertyValueSpecification\",\"valueRequired\":true,\"valueName\":\"search_term_string\"}}],\"inLanguage\":\"es\"},{\"@type\":\"Organization\",\"@id\":\"https:\/\/abaa.mx\/tienda\/#organization\",\"name\":\"Abaa tienda online\",\"url\":\"https:\/\/abaa.mx\/tienda\/\",\"logo\":{\"@type\":\"ImageObject\",\"inLanguage\":\"es\",\"@id\":\"https:\/\/abaa.mx\/tienda\/#\/schema\/logo\/image\/\",\"url\":\"https:\/\/abaa.mx\/tienda\/wp-content\/uploads\/2024\/01\/abaa-metrologia-tienda.png\",\"contentUrl\":\"https:\/\/abaa.mx\/tienda\/wp-content\/uploads\/2024\/01\/abaa-metrologia-tienda.png\",\"width\":300,\"height\":141,\"caption\":\"Abaa tienda online\"},\"image\":{\"@id\":\"https:\/\/abaa.mx\/tienda\/#\/schema\/logo\/image\/\"}}]}<\/script>\n<!-- \/ Yoast SEO plugin. -->","yoast_head_json":{"title":"Mult\u00edmetro industrial y kit de unidad de prueba fluke-87v-prv240 de fluke - Abaa tienda online","robots":{"index":"index","follow":"follow","max-snippet":"max-snippet:-1","max-image-preview":"max-image-preview:large","max-video-preview":"max-video-preview:-1"},"canonical":"https:\/\/abaa.mx\/tienda\/multimetro-industrial-y-kit-de-unidad-de-prueba-fluke-87v-prv240-de-fluke\/","og_locale":"es_MX","og_type":"article","og_title":"Mult\u00edmetro industrial y kit de unidad de prueba fluke-87v-prv240 de fluke - Abaa tienda online","og_description":"El mult\u00edmetro industrial proporciona la resoluci\u00f3n y la precisi\u00f3n para solucionar problemas de manera eficiente de los accionamientos del motor, la automatizaci\u00f3n de la planta, la distribuci\u00f3n de energ\u00eda y los equipos electromec\u00e1nicos, incluso en ubicaciones ruidosas, de alta energ\u00eda y de gran altitud, mientras que la unidad de prueba verifica de manera f\u00e1cil y segura las herramientas de prueba.","og_url":"https:\/\/abaa.mx\/tienda\/multimetro-industrial-y-kit-de-unidad-de-prueba-fluke-87v-prv240-de-fluke\/","og_site_name":"Abaa tienda online","article_modified_time":"2023-11-27T19:54:26+00:00","og_image":[{"width":510,"height":510,"url":"https:\/\/abaa.mx\/tienda\/wp-content\/uploads\/2023\/09\/FLUKE-87V-PRV240.jpg","type":"image\/jpeg"}],"twitter_card":"summary_large_image","twitter_misc":{"Tiempo de lectura":"4 minutos"},"schema":{"@context":"https:\/\/schema.org","@graph":[{"@type":"WebPage","@id":"https:\/\/abaa.mx\/tienda\/multimetro-industrial-y-kit-de-unidad-de-prueba-fluke-87v-prv240-de-fluke\/","url":"https:\/\/abaa.mx\/tienda\/multimetro-industrial-y-kit-de-unidad-de-prueba-fluke-87v-prv240-de-fluke\/","name":"Mult\u00edmetro industrial y kit de unidad de prueba fluke-87v-prv240 de fluke - Abaa tienda online","isPartOf":{"@id":"https:\/\/abaa.mx\/tienda\/#website"},"primaryImageOfPage":{"@id":"https:\/\/abaa.mx\/tienda\/multimetro-industrial-y-kit-de-unidad-de-prueba-fluke-87v-prv240-de-fluke\/#primaryimage"},"image":{"@id":"https:\/\/abaa.mx\/tienda\/multimetro-industrial-y-kit-de-unidad-de-prueba-fluke-87v-prv240-de-fluke\/#primaryimage"},"thumbnailUrl":"https:\/\/abaa.mx\/tienda\/wp-content\/uploads\/2023\/09\/FLUKE-87V-PRV240.jpg","datePublished":"2023-09-21T19:19:55+00:00","dateModified":"2023-11-27T19:54:26+00:00","breadcrumb":{"@id":"https:\/\/abaa.mx\/tienda\/multimetro-industrial-y-kit-de-unidad-de-prueba-fluke-87v-prv240-de-fluke\/#breadcrumb"},"inLanguage":"es","potentialAction":[{"@type":"ReadAction","target":["https:\/\/abaa.mx\/tienda\/multimetro-industrial-y-kit-de-unidad-de-prueba-fluke-87v-prv240-de-fluke\/"]}]},{"@type":"ImageObject","inLanguage":"es","@id":"https:\/\/abaa.mx\/tienda\/multimetro-industrial-y-kit-de-unidad-de-prueba-fluke-87v-prv240-de-fluke\/#primaryimage","url":"https:\/\/abaa.mx\/tienda\/wp-content\/uploads\/2023\/09\/FLUKE-87V-PRV240.jpg","contentUrl":"https:\/\/abaa.mx\/tienda\/wp-content\/uploads\/2023\/09\/FLUKE-87V-PRV240.jpg","width":510,"height":510,"caption":"fluke-87v-prv240"},{"@type":"BreadcrumbList","@id":"https:\/\/abaa.mx\/tienda\/multimetro-industrial-y-kit-de-unidad-de-prueba-fluke-87v-prv240-de-fluke\/#breadcrumb","itemListElement":[{"@type":"ListItem","position":1,"name":"Inicio","item":"https:\/\/abaa.mx\/tienda\/"},{"@type":"ListItem","position":2,"name":"Tienda","item":"https:\/\/abaa.mx\/tienda\/"},{"@type":"ListItem","position":3,"name":"Mult\u00edmetro industrial y kit de unidad de prueba fluke-87v-prv240 de fluke"}]},{"@type":"WebSite","@id":"https:\/\/abaa.mx\/tienda\/#website","url":"https:\/\/abaa.mx\/tienda\/","name":"Abaa tienda online","description":"Instrumentos de medici\u00f3n","publisher":{"@id":"https:\/\/abaa.mx\/tienda\/#organization"},"potentialAction":[{"@type":"SearchAction","target":{"@type":"EntryPoint","urlTemplate":"https:\/\/abaa.mx\/tienda\/?s={search_term_string}"},"query-input":{"@type":"PropertyValueSpecification","valueRequired":true,"valueName":"search_term_string"}}],"inLanguage":"es"},{"@type":"Organization","@id":"https:\/\/abaa.mx\/tienda\/#organization","name":"Abaa tienda online","url":"https:\/\/abaa.mx\/tienda\/","logo":{"@type":"ImageObject","inLanguage":"es","@id":"https:\/\/abaa.mx\/tienda\/#\/schema\/logo\/image\/","url":"https:\/\/abaa.mx\/tienda\/wp-content\/uploads\/2024\/01\/abaa-metrologia-tienda.png","contentUrl":"https:\/\/abaa.mx\/tienda\/wp-content\/uploads\/2024\/01\/abaa-metrologia-tienda.png","width":300,"height":141,"caption":"Abaa tienda online"},"image":{"@id":"https:\/\/abaa.mx\/tienda\/#\/schema\/logo\/image\/"}}]}},"_links":{"self":[{"href":"https:\/\/abaa.mx\/tienda\/wp-json\/wp\/v2\/product\/2519","targetHints":{"allow":["GET"]}}],"collection":[{"href":"https:\/\/abaa.mx\/tienda\/wp-json\/wp\/v2\/product"}],"about":[{"href":"https:\/\/abaa.mx\/tienda\/wp-json\/wp\/v2\/types\/product"}],"replies":[{"embeddable":true,"href":"https:\/\/abaa.mx\/tienda\/wp-json\/wp\/v2\/comments?post=2519"}],"wp:featuredmedia":[{"embeddable":true,"href":"https:\/\/abaa.mx\/tienda\/wp-json\/wp\/v2\/media\/2526"}],"wp:attachment":[{"href":"https:\/\/abaa.mx\/tienda\/wp-json\/wp\/v2\/media?parent=2519"}],"wp:term":[{"taxonomy":"product_brand","embeddable":true,"href":"https:\/\/abaa.mx\/tienda\/wp-json\/wp\/v2\/product_brand?post=2519"},{"taxonomy":"product_cat","embeddable":true,"href":"https:\/\/abaa.mx\/tienda\/wp-json\/wp\/v2\/product_cat?post=2519"},{"taxonomy":"product_tag","embeddable":true,"href":"https:\/\/abaa.mx\/tienda\/wp-json\/wp\/v2\/product_tag?post=2519"}],"curies":[{"name":"wp","href":"https:\/\/api.w.org\/{rel}","templated":true}]}}