{"id":2507,"date":"2023-09-21T17:53:29","date_gmt":"2023-09-21T17:53:29","guid":{"rendered":"https:\/\/abaa.mx\/tienda\/?post_type=product&#038;p=2507"},"modified":"2023-11-27T20:50:18","modified_gmt":"2023-11-27T20:50:18","slug":"pls-hgi3r-inserto-de-vidrio-de-carcasa-para-el-pls-3r","status":"publish","type":"product","link":"https:\/\/abaa.mx\/tienda\/pls-hgi3r-inserto-de-vidrio-de-carcasa-para-el-pls-3r\/","title":{"rendered":"pls hgi3r inserto de vidrio de carcasa para el pls 3r"},"content":{"rendered":"<p>&nbsp;<\/p>\n<p><span style=\"font-family: NonBreakingSpaceOverride, 'Hoefler Text', Garamond, 'Times New Roman', serif; letter-spacing: normal; font-size: 21px;\">Los niveles l\u00e1ser PLS son instrumentos duraderos de calidad profesional, dise\u00f1ados pensando en la fiabilidad y destinados a los entornos de construcci\u00f3n m\u00e1s exigentes. No obstante, incluso el cristal del nivel l\u00e1ser m\u00e1s robusto puede romperse si se deja caer desde una distancia suficientemente alta. Para seguir trabajando seg\u00fan lo previsto, Pacific Laser Systems, una empresa de Fluke, presenta los cristales de repuesto para niveles l\u00e1ser PLS, que permiten cambiar el cristal roto de un nivel l\u00e1ser r\u00e1pidamente sobre el terreno.<\/span><\/p>\n<div id=\"overview-grid\">\n<div id=\"fluke-product-display-overview\">\n<div id=\"overview_content\">\n<p>Gracias a los nuevos cristales de repuesto PLS HGI, podr\u00e1 sustituir el cristal roto de un nivel l\u00e1ser PLS sobre el terreno con un simple destornillador de estrella, sin necesidad de llevarlo a reparar.<\/p>\n<p>&nbsp;<\/p>\n<\/div>\n<\/div>\n<\/div>\n","protected":false},"excerpt":{"rendered":"<p>PLS HGI3R Inserto de vidrio de carcasa para el PLS 3R<\/p>\n","protected":false},"featured_media":2508,"comment_status":"open","ping_status":"closed","template":"","meta":{"_joinchat":[]},"product_brand":[],"product_cat":[15],"product_tag":[],"class_list":{"0":"post-2507","1":"product","2":"type-product","3":"status-publish","4":"has-post-thumbnail","6":"product_cat-sin-categorizar","8":"first","9":"instock","10":"shipping-taxable","11":"product-type-simple"},"yoast_head":"<!-- This site is optimized with the Yoast SEO plugin v26.4 - https:\/\/yoast.com\/wordpress\/plugins\/seo\/ -->\n<title>pls hgi3r inserto de vidrio de carcasa para el pls 3r - Abaa tienda online<\/title>\n<meta name=\"robots\" content=\"index, follow, max-snippet:-1, max-image-preview:large, max-video-preview:-1\" \/>\n<link rel=\"canonical\" href=\"https:\/\/abaa.mx\/tienda\/pls-hgi3r-inserto-de-vidrio-de-carcasa-para-el-pls-3r\/\" \/>\n<meta property=\"og:locale\" content=\"es_MX\" \/>\n<meta property=\"og:type\" content=\"article\" \/>\n<meta property=\"og:title\" content=\"pls hgi3r inserto de vidrio de carcasa para el pls 3r - Abaa tienda online\" \/>\n<meta property=\"og:description\" content=\"PLS HGI3R Inserto de vidrio de carcasa para el PLS 3R\" \/>\n<meta property=\"og:url\" content=\"https:\/\/abaa.mx\/tienda\/pls-hgi3r-inserto-de-vidrio-de-carcasa-para-el-pls-3r\/\" \/>\n<meta property=\"og:site_name\" content=\"Abaa tienda online\" \/>\n<meta property=\"article:modified_time\" content=\"2023-11-27T20:50:18+00:00\" \/>\n<meta property=\"og:image\" content=\"https:\/\/abaa.mx\/tienda\/wp-content\/uploads\/2023\/09\/HGI3R.jpg\" \/>\n\t<meta property=\"og:image:width\" content=\"270\" \/>\n\t<meta property=\"og:image:height\" content=\"276\" \/>\n\t<meta property=\"og:image:type\" content=\"image\/jpeg\" \/>\n<meta name=\"twitter:card\" content=\"summary_large_image\" \/>\n<meta name=\"twitter:label1\" content=\"Tiempo de lectura\" \/>\n\t<meta name=\"twitter:data1\" content=\"1 minuto\" \/>\n<script type=\"application\/ld+json\" class=\"yoast-schema-graph\">{\"@context\":\"https:\/\/schema.org\",\"@graph\":[{\"@type\":\"WebPage\",\"@id\":\"https:\/\/abaa.mx\/tienda\/pls-hgi3r-inserto-de-vidrio-de-carcasa-para-el-pls-3r\/\",\"url\":\"https:\/\/abaa.mx\/tienda\/pls-hgi3r-inserto-de-vidrio-de-carcasa-para-el-pls-3r\/\",\"name\":\"pls hgi3r inserto de vidrio de carcasa para el pls 3r - Abaa tienda online\",\"isPartOf\":{\"@id\":\"https:\/\/abaa.mx\/tienda\/#website\"},\"primaryImageOfPage\":{\"@id\":\"https:\/\/abaa.mx\/tienda\/pls-hgi3r-inserto-de-vidrio-de-carcasa-para-el-pls-3r\/#primaryimage\"},\"image\":{\"@id\":\"https:\/\/abaa.mx\/tienda\/pls-hgi3r-inserto-de-vidrio-de-carcasa-para-el-pls-3r\/#primaryimage\"},\"thumbnailUrl\":\"https:\/\/abaa.mx\/tienda\/wp-content\/uploads\/2023\/09\/HGI3R.jpg\",\"datePublished\":\"2023-09-21T17:53:29+00:00\",\"dateModified\":\"2023-11-27T20:50:18+00:00\",\"breadcrumb\":{\"@id\":\"https:\/\/abaa.mx\/tienda\/pls-hgi3r-inserto-de-vidrio-de-carcasa-para-el-pls-3r\/#breadcrumb\"},\"inLanguage\":\"es\",\"potentialAction\":[{\"@type\":\"ReadAction\",\"target\":[\"https:\/\/abaa.mx\/tienda\/pls-hgi3r-inserto-de-vidrio-de-carcasa-para-el-pls-3r\/\"]}]},{\"@type\":\"ImageObject\",\"inLanguage\":\"es\",\"@id\":\"https:\/\/abaa.mx\/tienda\/pls-hgi3r-inserto-de-vidrio-de-carcasa-para-el-pls-3r\/#primaryimage\",\"url\":\"https:\/\/abaa.mx\/tienda\/wp-content\/uploads\/2023\/09\/HGI3R.jpg\",\"contentUrl\":\"https:\/\/abaa.mx\/tienda\/wp-content\/uploads\/2023\/09\/HGI3R.jpg\",\"width\":270,\"height\":276,\"caption\":\"HGI3R\"},{\"@type\":\"BreadcrumbList\",\"@id\":\"https:\/\/abaa.mx\/tienda\/pls-hgi3r-inserto-de-vidrio-de-carcasa-para-el-pls-3r\/#breadcrumb\",\"itemListElement\":[{\"@type\":\"ListItem\",\"position\":1,\"name\":\"Inicio\",\"item\":\"https:\/\/abaa.mx\/tienda\/\"},{\"@type\":\"ListItem\",\"position\":2,\"name\":\"Tienda\",\"item\":\"https:\/\/abaa.mx\/tienda\/\"},{\"@type\":\"ListItem\",\"position\":3,\"name\":\"pls hgi3r inserto de vidrio de carcasa para el pls 3r\"}]},{\"@type\":\"WebSite\",\"@id\":\"https:\/\/abaa.mx\/tienda\/#website\",\"url\":\"https:\/\/abaa.mx\/tienda\/\",\"name\":\"Abaa tienda online\",\"description\":\"Instrumentos de medici\u00f3n\",\"publisher\":{\"@id\":\"https:\/\/abaa.mx\/tienda\/#organization\"},\"potentialAction\":[{\"@type\":\"SearchAction\",\"target\":{\"@type\":\"EntryPoint\",\"urlTemplate\":\"https:\/\/abaa.mx\/tienda\/?s={search_term_string}\"},\"query-input\":{\"@type\":\"PropertyValueSpecification\",\"valueRequired\":true,\"valueName\":\"search_term_string\"}}],\"inLanguage\":\"es\"},{\"@type\":\"Organization\",\"@id\":\"https:\/\/abaa.mx\/tienda\/#organization\",\"name\":\"Abaa tienda online\",\"url\":\"https:\/\/abaa.mx\/tienda\/\",\"logo\":{\"@type\":\"ImageObject\",\"inLanguage\":\"es\",\"@id\":\"https:\/\/abaa.mx\/tienda\/#\/schema\/logo\/image\/\",\"url\":\"https:\/\/abaa.mx\/tienda\/wp-content\/uploads\/2024\/01\/abaa-metrologia-tienda.png\",\"contentUrl\":\"https:\/\/abaa.mx\/tienda\/wp-content\/uploads\/2024\/01\/abaa-metrologia-tienda.png\",\"width\":300,\"height\":141,\"caption\":\"Abaa tienda online\"},\"image\":{\"@id\":\"https:\/\/abaa.mx\/tienda\/#\/schema\/logo\/image\/\"}}]}<\/script>\n<!-- \/ Yoast SEO plugin. -->","yoast_head_json":{"title":"pls hgi3r inserto de vidrio de carcasa para el pls 3r - Abaa tienda online","robots":{"index":"index","follow":"follow","max-snippet":"max-snippet:-1","max-image-preview":"max-image-preview:large","max-video-preview":"max-video-preview:-1"},"canonical":"https:\/\/abaa.mx\/tienda\/pls-hgi3r-inserto-de-vidrio-de-carcasa-para-el-pls-3r\/","og_locale":"es_MX","og_type":"article","og_title":"pls hgi3r inserto de vidrio de carcasa para el pls 3r - Abaa tienda online","og_description":"PLS HGI3R Inserto de vidrio de carcasa para el PLS 3R","og_url":"https:\/\/abaa.mx\/tienda\/pls-hgi3r-inserto-de-vidrio-de-carcasa-para-el-pls-3r\/","og_site_name":"Abaa tienda online","article_modified_time":"2023-11-27T20:50:18+00:00","og_image":[{"width":270,"height":276,"url":"https:\/\/abaa.mx\/tienda\/wp-content\/uploads\/2023\/09\/HGI3R.jpg","type":"image\/jpeg"}],"twitter_card":"summary_large_image","twitter_misc":{"Tiempo de lectura":"1 minuto"},"schema":{"@context":"https:\/\/schema.org","@graph":[{"@type":"WebPage","@id":"https:\/\/abaa.mx\/tienda\/pls-hgi3r-inserto-de-vidrio-de-carcasa-para-el-pls-3r\/","url":"https:\/\/abaa.mx\/tienda\/pls-hgi3r-inserto-de-vidrio-de-carcasa-para-el-pls-3r\/","name":"pls hgi3r inserto de vidrio de carcasa para el pls 3r - Abaa tienda online","isPartOf":{"@id":"https:\/\/abaa.mx\/tienda\/#website"},"primaryImageOfPage":{"@id":"https:\/\/abaa.mx\/tienda\/pls-hgi3r-inserto-de-vidrio-de-carcasa-para-el-pls-3r\/#primaryimage"},"image":{"@id":"https:\/\/abaa.mx\/tienda\/pls-hgi3r-inserto-de-vidrio-de-carcasa-para-el-pls-3r\/#primaryimage"},"thumbnailUrl":"https:\/\/abaa.mx\/tienda\/wp-content\/uploads\/2023\/09\/HGI3R.jpg","datePublished":"2023-09-21T17:53:29+00:00","dateModified":"2023-11-27T20:50:18+00:00","breadcrumb":{"@id":"https:\/\/abaa.mx\/tienda\/pls-hgi3r-inserto-de-vidrio-de-carcasa-para-el-pls-3r\/#breadcrumb"},"inLanguage":"es","potentialAction":[{"@type":"ReadAction","target":["https:\/\/abaa.mx\/tienda\/pls-hgi3r-inserto-de-vidrio-de-carcasa-para-el-pls-3r\/"]}]},{"@type":"ImageObject","inLanguage":"es","@id":"https:\/\/abaa.mx\/tienda\/pls-hgi3r-inserto-de-vidrio-de-carcasa-para-el-pls-3r\/#primaryimage","url":"https:\/\/abaa.mx\/tienda\/wp-content\/uploads\/2023\/09\/HGI3R.jpg","contentUrl":"https:\/\/abaa.mx\/tienda\/wp-content\/uploads\/2023\/09\/HGI3R.jpg","width":270,"height":276,"caption":"HGI3R"},{"@type":"BreadcrumbList","@id":"https:\/\/abaa.mx\/tienda\/pls-hgi3r-inserto-de-vidrio-de-carcasa-para-el-pls-3r\/#breadcrumb","itemListElement":[{"@type":"ListItem","position":1,"name":"Inicio","item":"https:\/\/abaa.mx\/tienda\/"},{"@type":"ListItem","position":2,"name":"Tienda","item":"https:\/\/abaa.mx\/tienda\/"},{"@type":"ListItem","position":3,"name":"pls hgi3r inserto de vidrio de carcasa para el pls 3r"}]},{"@type":"WebSite","@id":"https:\/\/abaa.mx\/tienda\/#website","url":"https:\/\/abaa.mx\/tienda\/","name":"Abaa tienda online","description":"Instrumentos de medici\u00f3n","publisher":{"@id":"https:\/\/abaa.mx\/tienda\/#organization"},"potentialAction":[{"@type":"SearchAction","target":{"@type":"EntryPoint","urlTemplate":"https:\/\/abaa.mx\/tienda\/?s={search_term_string}"},"query-input":{"@type":"PropertyValueSpecification","valueRequired":true,"valueName":"search_term_string"}}],"inLanguage":"es"},{"@type":"Organization","@id":"https:\/\/abaa.mx\/tienda\/#organization","name":"Abaa tienda online","url":"https:\/\/abaa.mx\/tienda\/","logo":{"@type":"ImageObject","inLanguage":"es","@id":"https:\/\/abaa.mx\/tienda\/#\/schema\/logo\/image\/","url":"https:\/\/abaa.mx\/tienda\/wp-content\/uploads\/2024\/01\/abaa-metrologia-tienda.png","contentUrl":"https:\/\/abaa.mx\/tienda\/wp-content\/uploads\/2024\/01\/abaa-metrologia-tienda.png","width":300,"height":141,"caption":"Abaa tienda online"},"image":{"@id":"https:\/\/abaa.mx\/tienda\/#\/schema\/logo\/image\/"}}]}},"_links":{"self":[{"href":"https:\/\/abaa.mx\/tienda\/wp-json\/wp\/v2\/product\/2507","targetHints":{"allow":["GET"]}}],"collection":[{"href":"https:\/\/abaa.mx\/tienda\/wp-json\/wp\/v2\/product"}],"about":[{"href":"https:\/\/abaa.mx\/tienda\/wp-json\/wp\/v2\/types\/product"}],"replies":[{"embeddable":true,"href":"https:\/\/abaa.mx\/tienda\/wp-json\/wp\/v2\/comments?post=2507"}],"wp:featuredmedia":[{"embeddable":true,"href":"https:\/\/abaa.mx\/tienda\/wp-json\/wp\/v2\/media\/2508"}],"wp:attachment":[{"href":"https:\/\/abaa.mx\/tienda\/wp-json\/wp\/v2\/media?parent=2507"}],"wp:term":[{"taxonomy":"product_brand","embeddable":true,"href":"https:\/\/abaa.mx\/tienda\/wp-json\/wp\/v2\/product_brand?post=2507"},{"taxonomy":"product_cat","embeddable":true,"href":"https:\/\/abaa.mx\/tienda\/wp-json\/wp\/v2\/product_cat?post=2507"},{"taxonomy":"product_tag","embeddable":true,"href":"https:\/\/abaa.mx\/tienda\/wp-json\/wp\/v2\/product_tag?post=2507"}],"curies":[{"name":"wp","href":"https:\/\/api.w.org\/{rel}","templated":true}]}}