{"id":2501,"date":"2023-09-21T17:59:22","date_gmt":"2023-09-21T17:59:22","guid":{"rendered":"https:\/\/abaa.mx\/tienda\/?post_type=product&#038;p=2501"},"modified":"2023-11-27T20:35:54","modified_gmt":"2023-11-27T20:35:54","slug":"multimetro-industrial-fluke-83v-6000-cuentas","status":"publish","type":"product","link":"https:\/\/abaa.mx\/tienda\/multimetro-industrial-fluke-83v-6000-cuentas\/","title":{"rendered":"Mult\u00edmetro industrial fluke 83v, 6000 cuentas"},"content":{"rendered":"<p>&nbsp;<\/p>\n<p><strong>Funciones:<\/strong><\/p>\n<ul>\n<li>Pantalla de d\u00edgitos grandes con retroiluminaci\u00f3n brillante de dos niveles.<\/li>\n<li>Prueba de resistencia, continuidad y diodos.<\/li>\n<li>Grabaci\u00f3n m\u00ednima\/m\u00e1x.media con alerta m\u00ednima\/m\u00e1xima para capturar variaciones autom\u00e1ticamente.<\/li>\n<li>Modo relativo para eliminar la interferencia del cable de prueba de las mediciones de ohmios bajos.<\/li>\n<li>Rango autom\u00e1tico y manual para una m\u00e1xima flexibilidad.<\/li>\n<li>Mantenga pulsado para capturar lecturas estables evitando se\u00f1ales ruidosas.<\/li>\n<li>Grandes d\u00edgitos de pantalla y retroiluminaci\u00f3n blanca brillante de dos niveles para una mayor visibilidad.<\/li>\n<li>Gr\u00e1fico de barras anal\u00f3gico para se\u00f1ales cambiantes o inestables.<\/li>\n<li>La alerta de entrada proporciona una advertencia audible contra el uso incorrecto de los conectores de entrada.<\/li>\n<li>Modo de suspensi\u00f3n seleccionable mejorado para una bater\u00eda de larga duraci\u00f3n.<\/li>\n<li>Puerta de acceso para cambios r\u00e1pidos de bater\u00eda sin romper el sello de calibraci\u00f3n.<\/li>\n<li>Dise\u00f1o &#8220;cl\u00e1sico&#8221; con nueva funda extra\u00edble con cable de prueba incorporado y almacenamiento de sonda.<\/li>\n<\/ul>\n<p>&nbsp;<\/p>\n<p><strong>Seguridad el\u00e9ctrica.<\/strong><\/p>\n<p>Todas las entradas se actualizan a la 3\u00aa edici\u00f3n de ANSI\/ISA S82.01 y EN61010-1 CAT IV 600 V y CAT III, 1000 V. Pueden soportar impulsos superiores a 8.000 V y reducir los riesgos relacionados con sobretensiones y picos.<\/p>\n<p>&nbsp;<\/p>\n<p><strong>Identifique problemas de se\u00f1al complejos r\u00e1pidamente<\/strong><\/p>\n<p>Cuando la productividad est\u00e1 en juego y necesita resolver problemas r\u00e1pidamente, este mult\u00edmetro ofrece la precisi\u00f3n y las capacidades avanzadas de soluci\u00f3n de problemas que necesita.<\/p>\n","protected":false},"excerpt":{"rendered":"<p>Funciona en lugares ruidosos, de alta energ\u00eda y gran altitud, lo que hace que este mult\u00edmetro industrial sea ideal para electricistas industriales para tareas desde la sala de control hasta el piso de la planta. Adem\u00e1s, esta herramienta proporciona precisi\u00f3n y capacidades avanzadas de soluci\u00f3n de problemas.<\/p>\n","protected":false},"featured_media":2516,"comment_status":"open","ping_status":"closed","template":"","meta":{"_joinchat":[]},"product_brand":[],"product_cat":[15],"product_tag":[],"class_list":{"0":"post-2501","1":"product","2":"type-product","3":"status-publish","4":"has-post-thumbnail","6":"product_cat-sin-categorizar","8":"first","9":"instock","10":"shipping-taxable","11":"product-type-simple"},"yoast_head":"<!-- This site is optimized with the Yoast SEO plugin v26.4 - https:\/\/yoast.com\/wordpress\/plugins\/seo\/ -->\n<title>Mult\u00edmetro industrial fluke 83v, 6000 cuentas - Abaa tienda online<\/title>\n<meta name=\"robots\" content=\"index, follow, max-snippet:-1, max-image-preview:large, max-video-preview:-1\" \/>\n<link rel=\"canonical\" href=\"https:\/\/abaa.mx\/tienda\/multimetro-industrial-fluke-83v-6000-cuentas\/\" \/>\n<meta property=\"og:locale\" content=\"es_MX\" \/>\n<meta property=\"og:type\" content=\"article\" \/>\n<meta property=\"og:title\" content=\"Mult\u00edmetro industrial fluke 83v, 6000 cuentas - Abaa tienda online\" \/>\n<meta property=\"og:description\" content=\"Funciona en lugares ruidosos, de alta energ\u00eda y gran altitud, lo que hace que este mult\u00edmetro industrial sea ideal para electricistas industriales para tareas desde la sala de control hasta el piso de la planta. Adem\u00e1s, esta herramienta proporciona precisi\u00f3n y capacidades avanzadas de soluci\u00f3n de problemas.\" \/>\n<meta property=\"og:url\" content=\"https:\/\/abaa.mx\/tienda\/multimetro-industrial-fluke-83v-6000-cuentas\/\" \/>\n<meta property=\"og:site_name\" content=\"Abaa tienda online\" \/>\n<meta property=\"article:modified_time\" content=\"2023-11-27T20:35:54+00:00\" \/>\n<meta property=\"og:image\" content=\"https:\/\/abaa.mx\/tienda\/wp-content\/uploads\/2023\/09\/83V.jpg\" \/>\n\t<meta property=\"og:image:width\" content=\"270\" \/>\n\t<meta property=\"og:image:height\" content=\"450\" \/>\n\t<meta property=\"og:image:type\" content=\"image\/jpeg\" \/>\n<meta name=\"twitter:card\" content=\"summary_large_image\" \/>\n<meta name=\"twitter:label1\" content=\"Tiempo de lectura\" \/>\n\t<meta name=\"twitter:data1\" content=\"1 minuto\" \/>\n<script type=\"application\/ld+json\" class=\"yoast-schema-graph\">{\"@context\":\"https:\/\/schema.org\",\"@graph\":[{\"@type\":\"WebPage\",\"@id\":\"https:\/\/abaa.mx\/tienda\/multimetro-industrial-fluke-83v-6000-cuentas\/\",\"url\":\"https:\/\/abaa.mx\/tienda\/multimetro-industrial-fluke-83v-6000-cuentas\/\",\"name\":\"Mult\u00edmetro industrial fluke 83v, 6000 cuentas - Abaa tienda online\",\"isPartOf\":{\"@id\":\"https:\/\/abaa.mx\/tienda\/#website\"},\"primaryImageOfPage\":{\"@id\":\"https:\/\/abaa.mx\/tienda\/multimetro-industrial-fluke-83v-6000-cuentas\/#primaryimage\"},\"image\":{\"@id\":\"https:\/\/abaa.mx\/tienda\/multimetro-industrial-fluke-83v-6000-cuentas\/#primaryimage\"},\"thumbnailUrl\":\"https:\/\/abaa.mx\/tienda\/wp-content\/uploads\/2023\/09\/83V.jpg\",\"datePublished\":\"2023-09-21T17:59:22+00:00\",\"dateModified\":\"2023-11-27T20:35:54+00:00\",\"breadcrumb\":{\"@id\":\"https:\/\/abaa.mx\/tienda\/multimetro-industrial-fluke-83v-6000-cuentas\/#breadcrumb\"},\"inLanguage\":\"es\",\"potentialAction\":[{\"@type\":\"ReadAction\",\"target\":[\"https:\/\/abaa.mx\/tienda\/multimetro-industrial-fluke-83v-6000-cuentas\/\"]}]},{\"@type\":\"ImageObject\",\"inLanguage\":\"es\",\"@id\":\"https:\/\/abaa.mx\/tienda\/multimetro-industrial-fluke-83v-6000-cuentas\/#primaryimage\",\"url\":\"https:\/\/abaa.mx\/tienda\/wp-content\/uploads\/2023\/09\/83V.jpg\",\"contentUrl\":\"https:\/\/abaa.mx\/tienda\/wp-content\/uploads\/2023\/09\/83V.jpg\",\"width\":270,\"height\":450,\"caption\":\"fluke-83v-6000-cuentas\"},{\"@type\":\"BreadcrumbList\",\"@id\":\"https:\/\/abaa.mx\/tienda\/multimetro-industrial-fluke-83v-6000-cuentas\/#breadcrumb\",\"itemListElement\":[{\"@type\":\"ListItem\",\"position\":1,\"name\":\"Inicio\",\"item\":\"https:\/\/abaa.mx\/tienda\/\"},{\"@type\":\"ListItem\",\"position\":2,\"name\":\"Tienda\",\"item\":\"https:\/\/abaa.mx\/tienda\/\"},{\"@type\":\"ListItem\",\"position\":3,\"name\":\"Mult\u00edmetro industrial fluke 83v, 6000 cuentas\"}]},{\"@type\":\"WebSite\",\"@id\":\"https:\/\/abaa.mx\/tienda\/#website\",\"url\":\"https:\/\/abaa.mx\/tienda\/\",\"name\":\"Abaa tienda online\",\"description\":\"Instrumentos de medici\u00f3n\",\"publisher\":{\"@id\":\"https:\/\/abaa.mx\/tienda\/#organization\"},\"potentialAction\":[{\"@type\":\"SearchAction\",\"target\":{\"@type\":\"EntryPoint\",\"urlTemplate\":\"https:\/\/abaa.mx\/tienda\/?s={search_term_string}\"},\"query-input\":{\"@type\":\"PropertyValueSpecification\",\"valueRequired\":true,\"valueName\":\"search_term_string\"}}],\"inLanguage\":\"es\"},{\"@type\":\"Organization\",\"@id\":\"https:\/\/abaa.mx\/tienda\/#organization\",\"name\":\"Abaa tienda online\",\"url\":\"https:\/\/abaa.mx\/tienda\/\",\"logo\":{\"@type\":\"ImageObject\",\"inLanguage\":\"es\",\"@id\":\"https:\/\/abaa.mx\/tienda\/#\/schema\/logo\/image\/\",\"url\":\"https:\/\/abaa.mx\/tienda\/wp-content\/uploads\/2024\/01\/abaa-metrologia-tienda.png\",\"contentUrl\":\"https:\/\/abaa.mx\/tienda\/wp-content\/uploads\/2024\/01\/abaa-metrologia-tienda.png\",\"width\":300,\"height\":141,\"caption\":\"Abaa tienda online\"},\"image\":{\"@id\":\"https:\/\/abaa.mx\/tienda\/#\/schema\/logo\/image\/\"}}]}<\/script>\n<!-- \/ Yoast SEO plugin. -->","yoast_head_json":{"title":"Mult\u00edmetro industrial fluke 83v, 6000 cuentas - Abaa tienda online","robots":{"index":"index","follow":"follow","max-snippet":"max-snippet:-1","max-image-preview":"max-image-preview:large","max-video-preview":"max-video-preview:-1"},"canonical":"https:\/\/abaa.mx\/tienda\/multimetro-industrial-fluke-83v-6000-cuentas\/","og_locale":"es_MX","og_type":"article","og_title":"Mult\u00edmetro industrial fluke 83v, 6000 cuentas - Abaa tienda online","og_description":"Funciona en lugares ruidosos, de alta energ\u00eda y gran altitud, lo que hace que este mult\u00edmetro industrial sea ideal para electricistas industriales para tareas desde la sala de control hasta el piso de la planta. Adem\u00e1s, esta herramienta proporciona precisi\u00f3n y capacidades avanzadas de soluci\u00f3n de problemas.","og_url":"https:\/\/abaa.mx\/tienda\/multimetro-industrial-fluke-83v-6000-cuentas\/","og_site_name":"Abaa tienda online","article_modified_time":"2023-11-27T20:35:54+00:00","og_image":[{"width":270,"height":450,"url":"https:\/\/abaa.mx\/tienda\/wp-content\/uploads\/2023\/09\/83V.jpg","type":"image\/jpeg"}],"twitter_card":"summary_large_image","twitter_misc":{"Tiempo de lectura":"1 minuto"},"schema":{"@context":"https:\/\/schema.org","@graph":[{"@type":"WebPage","@id":"https:\/\/abaa.mx\/tienda\/multimetro-industrial-fluke-83v-6000-cuentas\/","url":"https:\/\/abaa.mx\/tienda\/multimetro-industrial-fluke-83v-6000-cuentas\/","name":"Mult\u00edmetro industrial fluke 83v, 6000 cuentas - Abaa tienda online","isPartOf":{"@id":"https:\/\/abaa.mx\/tienda\/#website"},"primaryImageOfPage":{"@id":"https:\/\/abaa.mx\/tienda\/multimetro-industrial-fluke-83v-6000-cuentas\/#primaryimage"},"image":{"@id":"https:\/\/abaa.mx\/tienda\/multimetro-industrial-fluke-83v-6000-cuentas\/#primaryimage"},"thumbnailUrl":"https:\/\/abaa.mx\/tienda\/wp-content\/uploads\/2023\/09\/83V.jpg","datePublished":"2023-09-21T17:59:22+00:00","dateModified":"2023-11-27T20:35:54+00:00","breadcrumb":{"@id":"https:\/\/abaa.mx\/tienda\/multimetro-industrial-fluke-83v-6000-cuentas\/#breadcrumb"},"inLanguage":"es","potentialAction":[{"@type":"ReadAction","target":["https:\/\/abaa.mx\/tienda\/multimetro-industrial-fluke-83v-6000-cuentas\/"]}]},{"@type":"ImageObject","inLanguage":"es","@id":"https:\/\/abaa.mx\/tienda\/multimetro-industrial-fluke-83v-6000-cuentas\/#primaryimage","url":"https:\/\/abaa.mx\/tienda\/wp-content\/uploads\/2023\/09\/83V.jpg","contentUrl":"https:\/\/abaa.mx\/tienda\/wp-content\/uploads\/2023\/09\/83V.jpg","width":270,"height":450,"caption":"fluke-83v-6000-cuentas"},{"@type":"BreadcrumbList","@id":"https:\/\/abaa.mx\/tienda\/multimetro-industrial-fluke-83v-6000-cuentas\/#breadcrumb","itemListElement":[{"@type":"ListItem","position":1,"name":"Inicio","item":"https:\/\/abaa.mx\/tienda\/"},{"@type":"ListItem","position":2,"name":"Tienda","item":"https:\/\/abaa.mx\/tienda\/"},{"@type":"ListItem","position":3,"name":"Mult\u00edmetro industrial fluke 83v, 6000 cuentas"}]},{"@type":"WebSite","@id":"https:\/\/abaa.mx\/tienda\/#website","url":"https:\/\/abaa.mx\/tienda\/","name":"Abaa tienda online","description":"Instrumentos de medici\u00f3n","publisher":{"@id":"https:\/\/abaa.mx\/tienda\/#organization"},"potentialAction":[{"@type":"SearchAction","target":{"@type":"EntryPoint","urlTemplate":"https:\/\/abaa.mx\/tienda\/?s={search_term_string}"},"query-input":{"@type":"PropertyValueSpecification","valueRequired":true,"valueName":"search_term_string"}}],"inLanguage":"es"},{"@type":"Organization","@id":"https:\/\/abaa.mx\/tienda\/#organization","name":"Abaa tienda online","url":"https:\/\/abaa.mx\/tienda\/","logo":{"@type":"ImageObject","inLanguage":"es","@id":"https:\/\/abaa.mx\/tienda\/#\/schema\/logo\/image\/","url":"https:\/\/abaa.mx\/tienda\/wp-content\/uploads\/2024\/01\/abaa-metrologia-tienda.png","contentUrl":"https:\/\/abaa.mx\/tienda\/wp-content\/uploads\/2024\/01\/abaa-metrologia-tienda.png","width":300,"height":141,"caption":"Abaa tienda online"},"image":{"@id":"https:\/\/abaa.mx\/tienda\/#\/schema\/logo\/image\/"}}]}},"_links":{"self":[{"href":"https:\/\/abaa.mx\/tienda\/wp-json\/wp\/v2\/product\/2501","targetHints":{"allow":["GET"]}}],"collection":[{"href":"https:\/\/abaa.mx\/tienda\/wp-json\/wp\/v2\/product"}],"about":[{"href":"https:\/\/abaa.mx\/tienda\/wp-json\/wp\/v2\/types\/product"}],"replies":[{"embeddable":true,"href":"https:\/\/abaa.mx\/tienda\/wp-json\/wp\/v2\/comments?post=2501"}],"wp:featuredmedia":[{"embeddable":true,"href":"https:\/\/abaa.mx\/tienda\/wp-json\/wp\/v2\/media\/2516"}],"wp:attachment":[{"href":"https:\/\/abaa.mx\/tienda\/wp-json\/wp\/v2\/media?parent=2501"}],"wp:term":[{"taxonomy":"product_brand","embeddable":true,"href":"https:\/\/abaa.mx\/tienda\/wp-json\/wp\/v2\/product_brand?post=2501"},{"taxonomy":"product_cat","embeddable":true,"href":"https:\/\/abaa.mx\/tienda\/wp-json\/wp\/v2\/product_cat?post=2501"},{"taxonomy":"product_tag","embeddable":true,"href":"https:\/\/abaa.mx\/tienda\/wp-json\/wp\/v2\/product_tag?post=2501"}],"curies":[{"name":"wp","href":"https:\/\/api.w.org\/{rel}","templated":true}]}}