{"id":2481,"date":"2023-09-21T17:22:16","date_gmt":"2023-09-21T17:22:16","guid":{"rendered":"https:\/\/abaa.mx\/tienda\/?post_type=product&#038;p=2481"},"modified":"2023-09-21T17:22:43","modified_gmt":"2023-09-21T17:22:43","slug":"kit-de-temperatura-inalambrico-fluke-t3000-fc","status":"publish","type":"product","link":"https:\/\/abaa.mx\/tienda\/kit-de-temperatura-inalambrico-fluke-t3000-fc\/","title":{"rendered":"kit de temperatura inal\u00e1mbrico fluke t3000 fc"},"content":{"rendered":"<p><strong>Funciones<\/strong><\/p>\n<ul>\n<li>Util\u00edcelo como medidor independiente o como parte del sistema<\/li>\n<li>Funci\u00f3n de registro para grabar y guardar hasta 65.000 lecturas<\/li>\n<\/ul>\n<p><strong>V\u00e9alo, gu\u00e1rdalo, comp\u00e1rtelo<\/strong><\/p>\n<p>Un miembro de una familia de herramientas de prueba inal\u00e1mbricas que le permiten compartir datos de prueba mediante la aplicaci\u00f3n Fluke Connect con la videollamada ShareLive.<\/p>\n<p>Las herramientas de prueba inal\u00e1mbricas de Fluke Connect colocan las herramientas, no su cuerpo, cerca de los paneles el\u00e9ctricos activos. Es simple. Conecte este m\u00f3dulo de temperatura inal\u00e1mbrico, o cualquiera de los otros m\u00f3dulos remotos de Fluke Connect y lea los resultados en el mult\u00edmetro inal\u00e1mbrico Fluke Connect o en un PC port\u00e1til desde una distancia segura.<\/p>\n<p>Mejor a\u00fan, las herramientas de prueba de Fluke Connect pueden enviar datos de medici\u00f3n a su smartphone, para que pueda guardar y compartir mediciones desde el campo con su equipo en cualquier momento y desde cualquier lugar.<\/p>\n<p><strong>No se atasque mientras a\u00edsla fallas el\u00e9ctricas intermitentes<\/strong><\/p>\n<p>El tiempo lo es todo cuando se trata de encontrar un problema intermitente y la parte dif\u00edcil es que no siempre aparece cuando tiene su medidor conectado. Hemos resuelto ese problema con Fluke Connect: deje sus m\u00f3dulos remotos conectados a las mediciones de registro y al\u00e9jese para abordar otros problemas. A continuaci\u00f3n, puede descargar los datos para su posterior an\u00e1lisis.<\/p>\n<p><strong>Trabaje de forma segura cerca de paneles el\u00e9ctricos mientras usa menos EPP<\/strong><\/p>\n<p>El equipo de protecci\u00f3n personal (EPP) puede salvarle la vida, pero es voluminoso, caliente y dif\u00edcil de trabajar. Con Fluke Connect, no es necesario trabajar frente a paneles abiertos activos o maquinaria m\u00f3vil\/peligrosa.<\/p>\n<p>Imagen que tiene la capacidad de acceder a lecturas en vivo sin estar expuesto al panel en vivo. Es f\u00e1cil. Simplemente desenergize el gabinete, abra el panel mientras usa EPP y conecte uno o m\u00e1s m\u00f3dulos FC. Cierre el gabinete, vuelva a energizar y deje que el sistema Fluke Connect funcione, reduciendo el riesgo de arco el\u00e9ctrico al separarse de situaciones de medici\u00f3n peligrosas.<\/p>\n<p><strong>Tome medidas de 3 fases en &lt;&gt;\/&lt;&gt; del tiempo. Agregue su computadora port\u00e1til y pase del registro al an\u00e1lisis y diagn\u00f3stico<\/strong><\/p>\n<p>Puede resolver problemas m\u00e1s r\u00e1pido viendo mediciones en vivo desde m\u00faltiples puntos de prueba en una sola pantalla. Con estos m\u00f3dulos de temperatura FC, puede:<\/p>\n<ul>\n<li>Diferencias de temperatura puntuales entre tres fases en 1\/3 del tiempo de los m\u00e9todos anteriores.<\/li>\n<li>Env\u00ede datos a su computadora port\u00e1til y pase del registro al an\u00e1lisis y diagn\u00f3stico.<\/li>\n<li>Grabe a lo largo del tiempo para monitorear los cambios de carga del circuito durante una hora, un turno o una semana.<\/li>\n<li>Utilice el adaptador USB inal\u00e1mbrico de Fluke Connect para recopilar datos registrados de m\u00f3dulos remotos pasando por un m\u00f3dulo de trabajo y descargando datos registrados.<\/li>\n<li>Realice an\u00e1lisis con su PC y comparta los resultados con el almacenamiento en la nube de Fluke y la\u2122 videollamada ShareLive\u2122. Vea datos o gr\u00e1ficos para obtener informaci\u00f3n de los miembros del equipo.<\/li>\n<\/ul>\n<p><strong>Mult\u00edmetro digital inal\u00e1mbrico Fluke 3000FC<\/strong><\/p>\n<p>La seguridad y la productividad son clave para cualquier trabajo. Este mult\u00edmetro inal\u00e1mbrico es la soluci\u00f3n ideal para t\u00e9cnicos profesionales. Probado independientemente para un uso seguro en entornos CAT IV 600 V, CAT III 1000 V, tiene todas las caracter\u00edsticas que necesita para solucionar y reparar muchos problemas en sistemas el\u00e9ctricos y electr\u00f3nicos. Compatible con el sistema de software Fluke Connect\u00ae para mantenerlo a salvo de situaciones de medici\u00f3n peligrosas al permitirle leer sus mediciones desde lejos.<\/p>\n<p>Flexibilidad para hacer crecer su sistema de herramientas de prueba inal\u00e1mbricas. El mult\u00edmetro digital inal\u00e1mbrico funciona como un concentrador para los m\u00f3dulos inal\u00e1mbricos Fluke Connect\u00ae para que tenga la versatilidad de agregar a su sistema de herramientas de prueba inal\u00e1mbrico como desee, cuando lo desee. Puede mostrar sus propias medidas m\u00e1s lecturas de hasta tres m\u00f3dulos herramientas simult\u00e1neamente desde una distancia de hasta 65,6 pies (20 m).<\/p>\n<p>Administre sus datos m\u00e1s f\u00e1cilmente. Con este mult\u00edmetro, puede conectarse a su dispositivo m\u00f3vil o PC para un mayor an\u00e1lisis e informes. El software Fluke Connect\u00ae tambi\u00e9n le ayuda a identificar fallos intermitentes m\u00e1s r\u00e1pido mediante el registro y las mediciones de tendencias. Con una necesidad cada vez mayor de integrar informes y documentaci\u00f3n del estado de sus instalaciones, el sistema de software Fluke Connect\u00ae le permite ver diferentes mediciones (t\u00e9rmicas, mec\u00e1nicas y el\u00e9ctricas) desde el mismo equipo al mismo tiempo.<\/p>\n<p><strong>Funciones<\/strong><\/p>\n<ul>\n<li>Comun\u00edcate con tus dispositivos iOS (4s y posteriores) y Android\u2122 (4.3 y versiones posteriores) con la nueva aplicaci\u00f3n m\u00f3vil Fluke Connect<\/li>\n<li>La tecnolog\u00eda inal\u00e1mbrica permite la conectividad entre su tel\u00e9fono, PC y todas las herramientas de prueba habilitadas para Fluke Connect<\/li>\n<li>Deja que tu equipo vea lo que ves en un instante con la videollamada ShareLive<\/li>\n<li>A\u00edsle eventos intermitentes o registre fluctuaciones de se\u00f1al sin siquiera estar all\u00ed usando la funci\u00f3n de registro en los m\u00f3dulos<\/li>\n<li>Ver resultados en el equipo con el PC Adapter<\/li>\n<li>Trabaje con menos interrupciones grabando varias sesiones antes de descargarlas. Los datos se guardan en un PC en formato de archivo .csv (variable separada por comas) para una f\u00e1cil visualizaci\u00f3n a su conveniencia<\/li>\n<li>Capture lecturas a diferentes intervalos, con intervalos de grabaci\u00f3n establecidos por el usuario de un segundo a una hora<\/li>\n<li>Env\u00ede y comunique datos de prueba a su gerente y compa\u00f1eros de trabajo para evaluar la respuesta anormal del sistema en segundos<\/li>\n<li>Tenga todos los resultados de las pruebas de activos al alcance de su mano despu\u00e9s de descargarlos en su PC para futuros programas de confiabilidad y seguimiento del rendimiento de los activos<\/li>\n<li>No m\u00e1s escribir datos. Capture hasta 65.000 conjuntos de lecturas m\u00ednimas\/m\u00e1x\/promedio en sesiones de registro \u00fanicas o m\u00faltiples utilizando la capacidad de grabaci\u00f3n<\/li>\n<li>Cada lectura y sesi\u00f3n tiene una marca de tiempo<\/li>\n<li>Evite posiciones de medici\u00f3n inc\u00f3modas o inc\u00f3modas. Configure la medici\u00f3n una vez, retroceda y l\u00e9ala tantas veces como desee, cuando lo desee<\/li>\n<li>Vea hasta 6 lecturas en directo a la vez en la aplicaci\u00f3n m\u00f3vil Fluke Connect o en un PC para comprender completamente la situaci\u00f3n<\/li>\n<li>Vea f\u00e1cilmente pantallas retroiluminadas en entornos de trabajo oscuros o con poca luz<\/li>\n<li>Elija el rango autom\u00e1tico o manual<\/li>\n<\/ul>\n<p><strong>Percha del medidor magn\u00e9tico TPAK ToolPak de Fluke<\/strong><\/p>\n<p><strong>Funciones<\/strong><\/p>\n<ul>\n<li>La potente percha magn\u00e9tica le permite colgar su medidor en cualquier superficie met\u00e1lica<\/li>\n<li>La correa de gancho y bucle de 9&#8243; (228,6 mm) le permite enrollar alrededor de las tuber\u00edas<\/li>\n<li>Percha de gancho para colgar en superficies no magn\u00e9ticas<\/li>\n<li>La percha de uso general le permite colgar su medidor en clavos, ganchos y muchos otros objetos<\/li>\n<li>Compatible con muchos instrumentos Fluke<\/li>\n<\/ul>\n<h4>Especificaciones del kit Fluke T3000 FC<\/h4>\n<table class=\"table table-striped\">\n<tbody>\n<tr>\n<td>Gama K-Type<\/td>\n<td>-328 a 2501.6\u00b0F (-200 a 1372\u00b0C)<\/td>\n<\/tr>\n<tr>\n<td>Resoluci\u00f3n<\/td>\n<td>0.1\u00b0C<\/td>\n<\/tr>\n<tr>\n<td>Exactitud<\/td>\n<td>\u00b1 [0.5% + 0.5\u00b0C] recuentos<\/td>\n<\/tr>\n<tr>\n<td>Terminales de entrada<\/td>\n<td>Mini tipo K<\/td>\n<\/tr>\n<tr>\n<td>LCD con retroiluminaci\u00f3n<\/td>\n<td>3\/&lt;&gt; d\u00edgitos<\/td>\n<\/tr>\n<tr>\n<td>Ritmo\/intervalo de registro<\/td>\n<td>1 segundo m\u00ednimo\/ajustable por PC<\/td>\n<\/tr>\n<tr>\n<td>Tipo de bater\u00eda<\/td>\n<td>2 pilas AA, NEDA 15 A, IEC LR6<\/td>\n<\/tr>\n<tr>\n<td>Duraci\u00f3n de la bater\u00eda<\/td>\n<td>400 horas<\/td>\n<\/tr>\n<tr>\n<td>Memoria<\/td>\n<td>Registre hasta 65.000 lecturas<\/td>\n<\/tr>\n<tr>\n<td>Comunicaciones RF<\/td>\n<td>Banda ISM de 2,4 GHZ<\/td>\n<\/tr>\n<tr>\n<td>Rango de comunicaci\u00f3n RF<\/td>\n<td>Al aire libre, sin obstrucciones: Hasta 65,6&#8242; (20 m) Pared de chapa obstruida: Hasta 21,3&#8242; (6,5 m) Pared de hormig\u00f3n obstruida o armario el\u00e9ctrico de acero: Hasta 11,5&#8242; (3,5 m)<\/td>\n<\/tr>\n<tr>\n<td>Temperatura de funcionamiento<\/td>\n<td>14 a 122\u00b0F (-10 a 50\u00b0C)<\/td>\n<\/tr>\n<tr>\n<td>Temperatura de almacenamiento<\/td>\n<td>-40 a 140\u00b0F (-40 a 60\u00b0C)<\/td>\n<\/tr>\n<tr>\n<td>Coeficiente de temperatura<\/td>\n<td>0.01% de lectura +0.03\u00b0C por \u00b0C<\/td>\n<\/tr>\n<tr>\n<td>Escala de temperatura<\/td>\n<td>ITS-90<\/td>\n<\/tr>\n<tr>\n<td>Humedad de funcionamiento<\/td>\n<td>90% a 95\u00b0F (35\u00b0C) 75% a 104\u00b0F (40\u00b0C) 45% a 122\u00b0F (50\u00b0C)<\/td>\n<\/tr>\n<tr>\n<td>Altitud<\/td>\n<td>En funcionamiento: 6561,7&#8242; (2000 m) Almacenamiento: 39.370,1&#8242; (12.000 m)<\/td>\n<\/tr>\n<tr>\n<td>Dimensiones<\/td>\n<td>6,5 x 2,5 x 1,4&#8243; (16,5 x 6,35 x 1,4 cm)<\/td>\n<\/tr>\n<tr>\n<td>Peso<\/td>\n<td>0,5 kg (0,22 lb)<\/td>\n<\/tr>\n<tr>\n<td>EMC<\/td>\n<td>EN 61326-1:2006<\/td>\n<\/tr>\n<tr>\n<td>Cumplimiento de seguridad<\/td>\n<td>IEC 61010-1, CAT I, 3\u00aa edici\u00f3n Grado de contaminaci\u00f3n 2<\/td>\n<\/tr>\n<tr>\n<td>Certificaciones<\/td>\n<td>CSA, CE, FCC: T68-FBLE IC: 6627A-FBLE<\/td>\n<\/tr>\n<tr>\n<td>Clasificaci\u00f3n de protecci\u00f3n de ingreso (IP)<\/td>\n<td>IP42<\/td>\n<\/tr>\n<tr>\n<td>Grado de contaminaci\u00f3n<\/td>\n<td>2<\/td>\n<\/tr>\n<\/tbody>\n<\/table>\n<p>&nbsp;<\/p>\n","protected":false},"excerpt":{"rendered":"<p>Proporciona la medici\u00f3n de muchos par\u00e1metros el\u00e9ctricos comunes, este kit tambi\u00e9n le permite correlacionarlos con las lecturas de temperatura. tanto el mult\u00edmetro inal\u00e1mbrico como el m\u00f3dulo de temperatura tipo K son compatibles con Fluke Connect. Adem\u00e1s, el mult\u00edmetro mide la continuidad, la resistencia, la prueba de diodos, la capacitancia y la frecuencia.<\/p>\n","protected":false},"featured_media":2485,"comment_status":"open","ping_status":"closed","template":"","meta":{"_joinchat":[]},"product_brand":[],"product_cat":[15],"product_tag":[],"class_list":{"0":"post-2481","1":"product","2":"type-product","3":"status-publish","4":"has-post-thumbnail","6":"product_cat-sin-categorizar","8":"first","9":"instock","10":"shipping-taxable","11":"product-type-simple"},"yoast_head":"<!-- This site is optimized with the Yoast SEO plugin v26.4 - https:\/\/yoast.com\/wordpress\/plugins\/seo\/ -->\n<title>kit de temperatura inal\u00e1mbrico fluke t3000 fc - Abaa tienda online<\/title>\n<meta name=\"robots\" content=\"index, follow, max-snippet:-1, max-image-preview:large, max-video-preview:-1\" \/>\n<link rel=\"canonical\" href=\"https:\/\/abaa.mx\/tienda\/kit-de-temperatura-inalambrico-fluke-t3000-fc\/\" \/>\n<meta property=\"og:locale\" content=\"es_MX\" \/>\n<meta property=\"og:type\" content=\"article\" \/>\n<meta property=\"og:title\" content=\"kit de temperatura inal\u00e1mbrico fluke t3000 fc - Abaa tienda online\" \/>\n<meta property=\"og:description\" content=\"Proporciona la medici\u00f3n de muchos par\u00e1metros el\u00e9ctricos comunes, este kit tambi\u00e9n le permite correlacionarlos con las lecturas de temperatura. tanto el mult\u00edmetro inal\u00e1mbrico como el m\u00f3dulo de temperatura tipo K son compatibles con Fluke Connect. Adem\u00e1s, el mult\u00edmetro mide la continuidad, la resistencia, la prueba de diodos, la capacitancia y la frecuencia.\" \/>\n<meta property=\"og:url\" content=\"https:\/\/abaa.mx\/tienda\/kit-de-temperatura-inalambrico-fluke-t3000-fc\/\" \/>\n<meta property=\"og:site_name\" content=\"Abaa tienda online\" \/>\n<meta property=\"article:modified_time\" content=\"2023-09-21T17:22:43+00:00\" \/>\n<meta property=\"og:image\" content=\"https:\/\/abaa.mx\/tienda\/wp-content\/uploads\/2023\/09\/3000-fc-kit.jpg\" \/>\n\t<meta property=\"og:image:width\" content=\"930\" \/>\n\t<meta property=\"og:image:height\" content=\"618\" \/>\n\t<meta property=\"og:image:type\" content=\"image\/jpeg\" \/>\n<meta name=\"twitter:card\" content=\"summary_large_image\" \/>\n<meta name=\"twitter:label1\" content=\"Tiempo de lectura\" \/>\n\t<meta name=\"twitter:data1\" content=\"6 minutos\" \/>\n<script type=\"application\/ld+json\" class=\"yoast-schema-graph\">{\"@context\":\"https:\/\/schema.org\",\"@graph\":[{\"@type\":\"WebPage\",\"@id\":\"https:\/\/abaa.mx\/tienda\/kit-de-temperatura-inalambrico-fluke-t3000-fc\/\",\"url\":\"https:\/\/abaa.mx\/tienda\/kit-de-temperatura-inalambrico-fluke-t3000-fc\/\",\"name\":\"kit de temperatura inal\u00e1mbrico fluke t3000 fc - Abaa tienda online\",\"isPartOf\":{\"@id\":\"https:\/\/abaa.mx\/tienda\/#website\"},\"primaryImageOfPage\":{\"@id\":\"https:\/\/abaa.mx\/tienda\/kit-de-temperatura-inalambrico-fluke-t3000-fc\/#primaryimage\"},\"image\":{\"@id\":\"https:\/\/abaa.mx\/tienda\/kit-de-temperatura-inalambrico-fluke-t3000-fc\/#primaryimage\"},\"thumbnailUrl\":\"https:\/\/abaa.mx\/tienda\/wp-content\/uploads\/2023\/09\/3000-fc-kit.jpg\",\"datePublished\":\"2023-09-21T17:22:16+00:00\",\"dateModified\":\"2023-09-21T17:22:43+00:00\",\"breadcrumb\":{\"@id\":\"https:\/\/abaa.mx\/tienda\/kit-de-temperatura-inalambrico-fluke-t3000-fc\/#breadcrumb\"},\"inLanguage\":\"es\",\"potentialAction\":[{\"@type\":\"ReadAction\",\"target\":[\"https:\/\/abaa.mx\/tienda\/kit-de-temperatura-inalambrico-fluke-t3000-fc\/\"]}]},{\"@type\":\"ImageObject\",\"inLanguage\":\"es\",\"@id\":\"https:\/\/abaa.mx\/tienda\/kit-de-temperatura-inalambrico-fluke-t3000-fc\/#primaryimage\",\"url\":\"https:\/\/abaa.mx\/tienda\/wp-content\/uploads\/2023\/09\/3000-fc-kit.jpg\",\"contentUrl\":\"https:\/\/abaa.mx\/tienda\/wp-content\/uploads\/2023\/09\/3000-fc-kit.jpg\",\"width\":930,\"height\":618,\"caption\":\"3000 fc kit\"},{\"@type\":\"BreadcrumbList\",\"@id\":\"https:\/\/abaa.mx\/tienda\/kit-de-temperatura-inalambrico-fluke-t3000-fc\/#breadcrumb\",\"itemListElement\":[{\"@type\":\"ListItem\",\"position\":1,\"name\":\"Inicio\",\"item\":\"https:\/\/abaa.mx\/tienda\/\"},{\"@type\":\"ListItem\",\"position\":2,\"name\":\"Tienda\",\"item\":\"https:\/\/abaa.mx\/tienda\/\"},{\"@type\":\"ListItem\",\"position\":3,\"name\":\"kit de temperatura inal\u00e1mbrico fluke t3000 fc\"}]},{\"@type\":\"WebSite\",\"@id\":\"https:\/\/abaa.mx\/tienda\/#website\",\"url\":\"https:\/\/abaa.mx\/tienda\/\",\"name\":\"Abaa tienda online\",\"description\":\"Instrumentos de medici\u00f3n\",\"publisher\":{\"@id\":\"https:\/\/abaa.mx\/tienda\/#organization\"},\"potentialAction\":[{\"@type\":\"SearchAction\",\"target\":{\"@type\":\"EntryPoint\",\"urlTemplate\":\"https:\/\/abaa.mx\/tienda\/?s={search_term_string}\"},\"query-input\":{\"@type\":\"PropertyValueSpecification\",\"valueRequired\":true,\"valueName\":\"search_term_string\"}}],\"inLanguage\":\"es\"},{\"@type\":\"Organization\",\"@id\":\"https:\/\/abaa.mx\/tienda\/#organization\",\"name\":\"Abaa tienda online\",\"url\":\"https:\/\/abaa.mx\/tienda\/\",\"logo\":{\"@type\":\"ImageObject\",\"inLanguage\":\"es\",\"@id\":\"https:\/\/abaa.mx\/tienda\/#\/schema\/logo\/image\/\",\"url\":\"https:\/\/abaa.mx\/tienda\/wp-content\/uploads\/2024\/01\/abaa-metrologia-tienda.png\",\"contentUrl\":\"https:\/\/abaa.mx\/tienda\/wp-content\/uploads\/2024\/01\/abaa-metrologia-tienda.png\",\"width\":300,\"height\":141,\"caption\":\"Abaa tienda online\"},\"image\":{\"@id\":\"https:\/\/abaa.mx\/tienda\/#\/schema\/logo\/image\/\"}}]}<\/script>\n<!-- \/ Yoast SEO plugin. -->","yoast_head_json":{"title":"kit de temperatura inal\u00e1mbrico fluke t3000 fc - Abaa tienda online","robots":{"index":"index","follow":"follow","max-snippet":"max-snippet:-1","max-image-preview":"max-image-preview:large","max-video-preview":"max-video-preview:-1"},"canonical":"https:\/\/abaa.mx\/tienda\/kit-de-temperatura-inalambrico-fluke-t3000-fc\/","og_locale":"es_MX","og_type":"article","og_title":"kit de temperatura inal\u00e1mbrico fluke t3000 fc - Abaa tienda online","og_description":"Proporciona la medici\u00f3n de muchos par\u00e1metros el\u00e9ctricos comunes, este kit tambi\u00e9n le permite correlacionarlos con las lecturas de temperatura. tanto el mult\u00edmetro inal\u00e1mbrico como el m\u00f3dulo de temperatura tipo K son compatibles con Fluke Connect. Adem\u00e1s, el mult\u00edmetro mide la continuidad, la resistencia, la prueba de diodos, la capacitancia y la frecuencia.","og_url":"https:\/\/abaa.mx\/tienda\/kit-de-temperatura-inalambrico-fluke-t3000-fc\/","og_site_name":"Abaa tienda online","article_modified_time":"2023-09-21T17:22:43+00:00","og_image":[{"width":930,"height":618,"url":"https:\/\/abaa.mx\/tienda\/wp-content\/uploads\/2023\/09\/3000-fc-kit.jpg","type":"image\/jpeg"}],"twitter_card":"summary_large_image","twitter_misc":{"Tiempo de lectura":"6 minutos"},"schema":{"@context":"https:\/\/schema.org","@graph":[{"@type":"WebPage","@id":"https:\/\/abaa.mx\/tienda\/kit-de-temperatura-inalambrico-fluke-t3000-fc\/","url":"https:\/\/abaa.mx\/tienda\/kit-de-temperatura-inalambrico-fluke-t3000-fc\/","name":"kit de temperatura inal\u00e1mbrico fluke t3000 fc - Abaa tienda online","isPartOf":{"@id":"https:\/\/abaa.mx\/tienda\/#website"},"primaryImageOfPage":{"@id":"https:\/\/abaa.mx\/tienda\/kit-de-temperatura-inalambrico-fluke-t3000-fc\/#primaryimage"},"image":{"@id":"https:\/\/abaa.mx\/tienda\/kit-de-temperatura-inalambrico-fluke-t3000-fc\/#primaryimage"},"thumbnailUrl":"https:\/\/abaa.mx\/tienda\/wp-content\/uploads\/2023\/09\/3000-fc-kit.jpg","datePublished":"2023-09-21T17:22:16+00:00","dateModified":"2023-09-21T17:22:43+00:00","breadcrumb":{"@id":"https:\/\/abaa.mx\/tienda\/kit-de-temperatura-inalambrico-fluke-t3000-fc\/#breadcrumb"},"inLanguage":"es","potentialAction":[{"@type":"ReadAction","target":["https:\/\/abaa.mx\/tienda\/kit-de-temperatura-inalambrico-fluke-t3000-fc\/"]}]},{"@type":"ImageObject","inLanguage":"es","@id":"https:\/\/abaa.mx\/tienda\/kit-de-temperatura-inalambrico-fluke-t3000-fc\/#primaryimage","url":"https:\/\/abaa.mx\/tienda\/wp-content\/uploads\/2023\/09\/3000-fc-kit.jpg","contentUrl":"https:\/\/abaa.mx\/tienda\/wp-content\/uploads\/2023\/09\/3000-fc-kit.jpg","width":930,"height":618,"caption":"3000 fc kit"},{"@type":"BreadcrumbList","@id":"https:\/\/abaa.mx\/tienda\/kit-de-temperatura-inalambrico-fluke-t3000-fc\/#breadcrumb","itemListElement":[{"@type":"ListItem","position":1,"name":"Inicio","item":"https:\/\/abaa.mx\/tienda\/"},{"@type":"ListItem","position":2,"name":"Tienda","item":"https:\/\/abaa.mx\/tienda\/"},{"@type":"ListItem","position":3,"name":"kit de temperatura inal\u00e1mbrico fluke t3000 fc"}]},{"@type":"WebSite","@id":"https:\/\/abaa.mx\/tienda\/#website","url":"https:\/\/abaa.mx\/tienda\/","name":"Abaa tienda online","description":"Instrumentos de medici\u00f3n","publisher":{"@id":"https:\/\/abaa.mx\/tienda\/#organization"},"potentialAction":[{"@type":"SearchAction","target":{"@type":"EntryPoint","urlTemplate":"https:\/\/abaa.mx\/tienda\/?s={search_term_string}"},"query-input":{"@type":"PropertyValueSpecification","valueRequired":true,"valueName":"search_term_string"}}],"inLanguage":"es"},{"@type":"Organization","@id":"https:\/\/abaa.mx\/tienda\/#organization","name":"Abaa tienda online","url":"https:\/\/abaa.mx\/tienda\/","logo":{"@type":"ImageObject","inLanguage":"es","@id":"https:\/\/abaa.mx\/tienda\/#\/schema\/logo\/image\/","url":"https:\/\/abaa.mx\/tienda\/wp-content\/uploads\/2024\/01\/abaa-metrologia-tienda.png","contentUrl":"https:\/\/abaa.mx\/tienda\/wp-content\/uploads\/2024\/01\/abaa-metrologia-tienda.png","width":300,"height":141,"caption":"Abaa tienda online"},"image":{"@id":"https:\/\/abaa.mx\/tienda\/#\/schema\/logo\/image\/"}}]}},"_links":{"self":[{"href":"https:\/\/abaa.mx\/tienda\/wp-json\/wp\/v2\/product\/2481","targetHints":{"allow":["GET"]}}],"collection":[{"href":"https:\/\/abaa.mx\/tienda\/wp-json\/wp\/v2\/product"}],"about":[{"href":"https:\/\/abaa.mx\/tienda\/wp-json\/wp\/v2\/types\/product"}],"replies":[{"embeddable":true,"href":"https:\/\/abaa.mx\/tienda\/wp-json\/wp\/v2\/comments?post=2481"}],"wp:featuredmedia":[{"embeddable":true,"href":"https:\/\/abaa.mx\/tienda\/wp-json\/wp\/v2\/media\/2485"}],"wp:attachment":[{"href":"https:\/\/abaa.mx\/tienda\/wp-json\/wp\/v2\/media?parent=2481"}],"wp:term":[{"taxonomy":"product_brand","embeddable":true,"href":"https:\/\/abaa.mx\/tienda\/wp-json\/wp\/v2\/product_brand?post=2481"},{"taxonomy":"product_cat","embeddable":true,"href":"https:\/\/abaa.mx\/tienda\/wp-json\/wp\/v2\/product_cat?post=2481"},{"taxonomy":"product_tag","embeddable":true,"href":"https:\/\/abaa.mx\/tienda\/wp-json\/wp\/v2\/product_tag?post=2481"}],"curies":[{"name":"wp","href":"https:\/\/api.w.org\/{rel}","templated":true}]}}