{"id":2479,"date":"2023-09-21T17:29:55","date_gmt":"2023-09-21T17:29:55","guid":{"rendered":"https:\/\/abaa.mx\/tienda\/?post_type=product&#038;p=2479"},"modified":"2023-11-28T14:25:39","modified_gmt":"2023-11-28T14:25:39","slug":"kit-automotriz-fluke-3000fc-auto-fluke-connect","status":"publish","type":"product","link":"https:\/\/abaa.mx\/tienda\/kit-automotriz-fluke-3000fc-auto-fluke-connect\/","title":{"rendered":"Kit automotriz fluke 3000fc-auto fluke connect"},"content":{"rendered":"<h4><\/h4>\n<p>El nuevo sistema de herramientas de prueba Fluke Connect se comunica con la nueva aplicaci\u00f3n m\u00f3vil Fluke Connect en su Android o dispositivo inteligente iOS, que le permite compartir mediciones en vivo, monitorear lecturas desde distancias seguras y hacer su trabajo m\u00e1s f\u00e1cil que nunca. El mult\u00edmetro digital inal\u00e1mbrico funciona como el centro m\u00f3vil, mostrando lecturas de hasta tres herramientas de m\u00f3dulos de medidor simult\u00e1neamente desde hasta 20 metros de distancia. El medidor Connect tambi\u00e9n le brinda la flexibilidad de construir su sistema de herramientas de prueba inal\u00e1mbrico como desee cuando lo desee.<\/p>\n<p>&nbsp;<\/p>\n<p><strong>Funciones:<\/strong><\/p>\n<ul>\n<li>Comun\u00edcate con tus dispositivos iOS (4s y posteriores) y Android (4.3 y versiones posteriores) con la nueva aplicaci\u00f3n m\u00f3vil Fluke Connect.<\/li>\n<li>La tecnolog\u00eda inal\u00e1mbrica permite la conectividad entre su tel\u00e9fono, PC y todas las herramientas de prueba habilitadas para Fluke Connect.<\/li>\n<li>Ahorre dinero y tiempo tomando m\u00faltiples mediciones simult\u00e1neamente.<\/li>\n<li>A\u00edsle eventos intermitentes o registre fluctuaciones de se\u00f1al sin siquiera estar all\u00ed usando la funci\u00f3n de registro en los medidores.<\/li>\n<li>Ver resultados en el equipo con el PC Adapter.<\/li>\n<li>Trabaje con menos interrupciones grabando varias sesiones antes de descargarlas. Los datos se guardan en un PC en formato .csv para una f\u00e1cil visualizaci\u00f3n a su conveniencia.<\/li>\n<li>Capture lecturas a diferentes intervalos, con intervalos de grabaci\u00f3n establecidos por el usuario de un segundo a una hora.<\/li>\n<li>Prepare su inversi\u00f3n para el futuro agregando funcionalidad al 3000 FC DMM cuando lo necesite.<\/li>\n<li>Env\u00ede y comunique datos de prueba a su gerente y compa\u00f1eros de trabajo para evaluar la respuesta anormal del sistema en segundos.<\/li>\n<li>Tenga todos los resultados de las pruebas de activos al alcance de su mano despu\u00e9s de descargarlos en su PC para futuros programas de confiabilidad y seguimiento del rendimiento de los activos.<\/li>\n<li>No m\u00e1s escribir datos. Capture hasta 65.000 conjuntos de lecturas m\u00ednimas\/m\u00e1x.\/promedio en sesiones de registro \u00fanicas o m\u00faltiples mediante la capacidad de grabaci\u00f3n. Cada lectura y sesi\u00f3n tiene una marca de tiempo.<\/li>\n<li>Evite posiciones de medici\u00f3n inc\u00f3modas o inc\u00f3modas. Configure la medici\u00f3n una vez, retroceda y l\u00e9ala tantas veces como desee, cuando lo desee.<\/li>\n<li>Vea hasta 6 lecturas en directo a la vez en la aplicaci\u00f3n m\u00f3vil Fluke Connect o en un PC para comprender completamente la situaci\u00f3n.<\/li>\n<li>Vea f\u00e1cilmente pantallas retroiluminadas en entornos de trabajo oscuros o con poca luz.<\/li>\n<li>Elija el rango autom\u00e1tico o manual.<\/li>\n<li>Utilice la percha magn\u00e9tica TPak opcional para trabajar a\u00fan m\u00e1s manos libres.<\/li>\n<li>La funda integrada protege los medidores, mientras que los soportes de la sonda mantienen los accesorios organizados.<\/li>\n<\/ul>\n<p>&nbsp;<\/p>\n<h4>Especificaciones de Fluke 3000FC\/AUTO<\/h4>\n<table class=\"table table-striped\">\n<tbody>\n<tr>\n<td colspan=\"2\"><strong>Voltaje de CA<\/strong><\/td>\n<\/tr>\n<tr>\n<td>Gama<\/td>\n<td>600,0 mV<br \/>\n6,000 V 60,00 V 600,0 V 1000 V<\/td>\n<\/tr>\n<tr>\n<td>Resoluci\u00f3n<\/td>\n<td>0,1 mV<br \/>\n0,001 V 0,01 V 0,1 V 1 V<\/td>\n<\/tr>\n<tr>\n<td>Exactitud<\/td>\n<td>45 a 500 Hz: 1,0% + 3<br \/>\n500 Hz a 1 kHz: 2,0% + 3<\/td>\n<\/tr>\n<tr>\n<td colspan=\"2\"><strong>Voltaje de CC<\/strong><\/td>\n<\/tr>\n<tr>\n<td>Gama<\/td>\n<td>600,0 mV<br \/>\n6,000 V 60,00 V 600,0 V 1000 V<\/td>\n<\/tr>\n<tr>\n<td>Resoluci\u00f3n<\/td>\n<td>0,1 mV<br \/>\n0,001 V 0,01 V 0,1 V 1 V<\/td>\n<\/tr>\n<tr>\n<td>Exactitud<\/td>\n<td>600.0 mV: 0.09% + 2<br \/>\n6.000, 60.00, 600.0 V: 0.09% + 2 1000 V:<br \/>\n0.15% + 2<\/td>\n<\/tr>\n<tr>\n<td colspan=\"2\"><strong>Especificaciones generales<\/strong><\/td>\n<\/tr>\n<tr>\n<td>Fuente de alimentaci\u00f3n<\/td>\n<td>3 pilas alcalinas &#8220;AA&#8221;, NEDA 15A IEC LR6<\/td>\n<\/tr>\n<tr>\n<td>Duraci\u00f3n de la bater\u00eda<\/td>\n<td>M\u00ednimo 250 horas<\/td>\n<\/tr>\n<tr>\n<td>Dimensiones<\/td>\n<td>4,75 x 9,3 x 20,7 cm (1,87 x 3,68 x 8,14&#8243;)<\/td>\n<\/tr>\n<tr>\n<td>Peso<\/td>\n<td>340g (12oz)<\/td>\n<\/tr>\n<\/tbody>\n<\/table>\n","protected":false},"excerpt":{"rendered":"<p>Kit de mult\u00edmetro inal\u00e1mbrico con todas las funciones para aplicaciones automotrices.<\/p>\n","protected":false},"featured_media":2491,"comment_status":"open","ping_status":"closed","template":"","meta":{"_joinchat":[]},"product_brand":[],"product_cat":[15],"product_tag":[],"class_list":{"0":"post-2479","1":"product","2":"type-product","3":"status-publish","4":"has-post-thumbnail","6":"product_cat-sin-categorizar","8":"first","9":"instock","10":"shipping-taxable","11":"product-type-simple"},"yoast_head":"<!-- This site is optimized with the Yoast SEO plugin v26.4 - https:\/\/yoast.com\/wordpress\/plugins\/seo\/ -->\n<title>Kit automotriz fluke 3000fc-auto fluke connect - Abaa tienda online<\/title>\n<meta name=\"robots\" content=\"index, follow, max-snippet:-1, max-image-preview:large, max-video-preview:-1\" \/>\n<link rel=\"canonical\" href=\"https:\/\/abaa.mx\/tienda\/kit-automotriz-fluke-3000fc-auto-fluke-connect\/\" \/>\n<meta property=\"og:locale\" content=\"es_MX\" \/>\n<meta property=\"og:type\" content=\"article\" \/>\n<meta property=\"og:title\" content=\"Kit automotriz fluke 3000fc-auto fluke connect - Abaa tienda online\" \/>\n<meta property=\"og:description\" content=\"Kit de mult\u00edmetro inal\u00e1mbrico con todas las funciones para aplicaciones automotrices.\" \/>\n<meta property=\"og:url\" content=\"https:\/\/abaa.mx\/tienda\/kit-automotriz-fluke-3000fc-auto-fluke-connect\/\" \/>\n<meta property=\"og:site_name\" content=\"Abaa tienda online\" \/>\n<meta property=\"article:modified_time\" content=\"2023-11-28T14:25:39+00:00\" \/>\n<meta property=\"og:image\" content=\"https:\/\/abaa.mx\/tienda\/wp-content\/uploads\/2023\/09\/3000FC-AUTO.jpg\" \/>\n\t<meta property=\"og:image:width\" content=\"474\" \/>\n\t<meta property=\"og:image:height\" content=\"403\" \/>\n\t<meta property=\"og:image:type\" content=\"image\/jpeg\" \/>\n<meta name=\"twitter:card\" content=\"summary_large_image\" \/>\n<meta name=\"twitter:label1\" content=\"Tiempo de lectura\" \/>\n\t<meta name=\"twitter:data1\" content=\"3 minutos\" \/>\n<script type=\"application\/ld+json\" class=\"yoast-schema-graph\">{\"@context\":\"https:\/\/schema.org\",\"@graph\":[{\"@type\":\"WebPage\",\"@id\":\"https:\/\/abaa.mx\/tienda\/kit-automotriz-fluke-3000fc-auto-fluke-connect\/\",\"url\":\"https:\/\/abaa.mx\/tienda\/kit-automotriz-fluke-3000fc-auto-fluke-connect\/\",\"name\":\"Kit automotriz fluke 3000fc-auto fluke connect - Abaa tienda online\",\"isPartOf\":{\"@id\":\"https:\/\/abaa.mx\/tienda\/#website\"},\"primaryImageOfPage\":{\"@id\":\"https:\/\/abaa.mx\/tienda\/kit-automotriz-fluke-3000fc-auto-fluke-connect\/#primaryimage\"},\"image\":{\"@id\":\"https:\/\/abaa.mx\/tienda\/kit-automotriz-fluke-3000fc-auto-fluke-connect\/#primaryimage\"},\"thumbnailUrl\":\"https:\/\/abaa.mx\/tienda\/wp-content\/uploads\/2023\/09\/3000FC-AUTO.jpg\",\"datePublished\":\"2023-09-21T17:29:55+00:00\",\"dateModified\":\"2023-11-28T14:25:39+00:00\",\"breadcrumb\":{\"@id\":\"https:\/\/abaa.mx\/tienda\/kit-automotriz-fluke-3000fc-auto-fluke-connect\/#breadcrumb\"},\"inLanguage\":\"es\",\"potentialAction\":[{\"@type\":\"ReadAction\",\"target\":[\"https:\/\/abaa.mx\/tienda\/kit-automotriz-fluke-3000fc-auto-fluke-connect\/\"]}]},{\"@type\":\"ImageObject\",\"inLanguage\":\"es\",\"@id\":\"https:\/\/abaa.mx\/tienda\/kit-automotriz-fluke-3000fc-auto-fluke-connect\/#primaryimage\",\"url\":\"https:\/\/abaa.mx\/tienda\/wp-content\/uploads\/2023\/09\/3000FC-AUTO.jpg\",\"contentUrl\":\"https:\/\/abaa.mx\/tienda\/wp-content\/uploads\/2023\/09\/3000FC-AUTO.jpg\",\"width\":474,\"height\":403,\"caption\":\"fluke-3000fc-auto-fluke-connect\"},{\"@type\":\"BreadcrumbList\",\"@id\":\"https:\/\/abaa.mx\/tienda\/kit-automotriz-fluke-3000fc-auto-fluke-connect\/#breadcrumb\",\"itemListElement\":[{\"@type\":\"ListItem\",\"position\":1,\"name\":\"Inicio\",\"item\":\"https:\/\/abaa.mx\/tienda\/\"},{\"@type\":\"ListItem\",\"position\":2,\"name\":\"Tienda\",\"item\":\"https:\/\/abaa.mx\/tienda\/\"},{\"@type\":\"ListItem\",\"position\":3,\"name\":\"Kit automotriz fluke 3000fc-auto fluke connect\"}]},{\"@type\":\"WebSite\",\"@id\":\"https:\/\/abaa.mx\/tienda\/#website\",\"url\":\"https:\/\/abaa.mx\/tienda\/\",\"name\":\"Abaa tienda online\",\"description\":\"Instrumentos de medici\u00f3n\",\"publisher\":{\"@id\":\"https:\/\/abaa.mx\/tienda\/#organization\"},\"potentialAction\":[{\"@type\":\"SearchAction\",\"target\":{\"@type\":\"EntryPoint\",\"urlTemplate\":\"https:\/\/abaa.mx\/tienda\/?s={search_term_string}\"},\"query-input\":{\"@type\":\"PropertyValueSpecification\",\"valueRequired\":true,\"valueName\":\"search_term_string\"}}],\"inLanguage\":\"es\"},{\"@type\":\"Organization\",\"@id\":\"https:\/\/abaa.mx\/tienda\/#organization\",\"name\":\"Abaa tienda online\",\"url\":\"https:\/\/abaa.mx\/tienda\/\",\"logo\":{\"@type\":\"ImageObject\",\"inLanguage\":\"es\",\"@id\":\"https:\/\/abaa.mx\/tienda\/#\/schema\/logo\/image\/\",\"url\":\"https:\/\/abaa.mx\/tienda\/wp-content\/uploads\/2024\/01\/abaa-metrologia-tienda.png\",\"contentUrl\":\"https:\/\/abaa.mx\/tienda\/wp-content\/uploads\/2024\/01\/abaa-metrologia-tienda.png\",\"width\":300,\"height\":141,\"caption\":\"Abaa tienda online\"},\"image\":{\"@id\":\"https:\/\/abaa.mx\/tienda\/#\/schema\/logo\/image\/\"}}]}<\/script>\n<!-- \/ Yoast SEO plugin. -->","yoast_head_json":{"title":"Kit automotriz fluke 3000fc-auto fluke connect - Abaa tienda online","robots":{"index":"index","follow":"follow","max-snippet":"max-snippet:-1","max-image-preview":"max-image-preview:large","max-video-preview":"max-video-preview:-1"},"canonical":"https:\/\/abaa.mx\/tienda\/kit-automotriz-fluke-3000fc-auto-fluke-connect\/","og_locale":"es_MX","og_type":"article","og_title":"Kit automotriz fluke 3000fc-auto fluke connect - Abaa tienda online","og_description":"Kit de mult\u00edmetro inal\u00e1mbrico con todas las funciones para aplicaciones automotrices.","og_url":"https:\/\/abaa.mx\/tienda\/kit-automotriz-fluke-3000fc-auto-fluke-connect\/","og_site_name":"Abaa tienda online","article_modified_time":"2023-11-28T14:25:39+00:00","og_image":[{"width":474,"height":403,"url":"https:\/\/abaa.mx\/tienda\/wp-content\/uploads\/2023\/09\/3000FC-AUTO.jpg","type":"image\/jpeg"}],"twitter_card":"summary_large_image","twitter_misc":{"Tiempo de lectura":"3 minutos"},"schema":{"@context":"https:\/\/schema.org","@graph":[{"@type":"WebPage","@id":"https:\/\/abaa.mx\/tienda\/kit-automotriz-fluke-3000fc-auto-fluke-connect\/","url":"https:\/\/abaa.mx\/tienda\/kit-automotriz-fluke-3000fc-auto-fluke-connect\/","name":"Kit automotriz fluke 3000fc-auto fluke connect - Abaa tienda online","isPartOf":{"@id":"https:\/\/abaa.mx\/tienda\/#website"},"primaryImageOfPage":{"@id":"https:\/\/abaa.mx\/tienda\/kit-automotriz-fluke-3000fc-auto-fluke-connect\/#primaryimage"},"image":{"@id":"https:\/\/abaa.mx\/tienda\/kit-automotriz-fluke-3000fc-auto-fluke-connect\/#primaryimage"},"thumbnailUrl":"https:\/\/abaa.mx\/tienda\/wp-content\/uploads\/2023\/09\/3000FC-AUTO.jpg","datePublished":"2023-09-21T17:29:55+00:00","dateModified":"2023-11-28T14:25:39+00:00","breadcrumb":{"@id":"https:\/\/abaa.mx\/tienda\/kit-automotriz-fluke-3000fc-auto-fluke-connect\/#breadcrumb"},"inLanguage":"es","potentialAction":[{"@type":"ReadAction","target":["https:\/\/abaa.mx\/tienda\/kit-automotriz-fluke-3000fc-auto-fluke-connect\/"]}]},{"@type":"ImageObject","inLanguage":"es","@id":"https:\/\/abaa.mx\/tienda\/kit-automotriz-fluke-3000fc-auto-fluke-connect\/#primaryimage","url":"https:\/\/abaa.mx\/tienda\/wp-content\/uploads\/2023\/09\/3000FC-AUTO.jpg","contentUrl":"https:\/\/abaa.mx\/tienda\/wp-content\/uploads\/2023\/09\/3000FC-AUTO.jpg","width":474,"height":403,"caption":"fluke-3000fc-auto-fluke-connect"},{"@type":"BreadcrumbList","@id":"https:\/\/abaa.mx\/tienda\/kit-automotriz-fluke-3000fc-auto-fluke-connect\/#breadcrumb","itemListElement":[{"@type":"ListItem","position":1,"name":"Inicio","item":"https:\/\/abaa.mx\/tienda\/"},{"@type":"ListItem","position":2,"name":"Tienda","item":"https:\/\/abaa.mx\/tienda\/"},{"@type":"ListItem","position":3,"name":"Kit automotriz fluke 3000fc-auto fluke connect"}]},{"@type":"WebSite","@id":"https:\/\/abaa.mx\/tienda\/#website","url":"https:\/\/abaa.mx\/tienda\/","name":"Abaa tienda online","description":"Instrumentos de medici\u00f3n","publisher":{"@id":"https:\/\/abaa.mx\/tienda\/#organization"},"potentialAction":[{"@type":"SearchAction","target":{"@type":"EntryPoint","urlTemplate":"https:\/\/abaa.mx\/tienda\/?s={search_term_string}"},"query-input":{"@type":"PropertyValueSpecification","valueRequired":true,"valueName":"search_term_string"}}],"inLanguage":"es"},{"@type":"Organization","@id":"https:\/\/abaa.mx\/tienda\/#organization","name":"Abaa tienda online","url":"https:\/\/abaa.mx\/tienda\/","logo":{"@type":"ImageObject","inLanguage":"es","@id":"https:\/\/abaa.mx\/tienda\/#\/schema\/logo\/image\/","url":"https:\/\/abaa.mx\/tienda\/wp-content\/uploads\/2024\/01\/abaa-metrologia-tienda.png","contentUrl":"https:\/\/abaa.mx\/tienda\/wp-content\/uploads\/2024\/01\/abaa-metrologia-tienda.png","width":300,"height":141,"caption":"Abaa tienda online"},"image":{"@id":"https:\/\/abaa.mx\/tienda\/#\/schema\/logo\/image\/"}}]}},"_links":{"self":[{"href":"https:\/\/abaa.mx\/tienda\/wp-json\/wp\/v2\/product\/2479","targetHints":{"allow":["GET"]}}],"collection":[{"href":"https:\/\/abaa.mx\/tienda\/wp-json\/wp\/v2\/product"}],"about":[{"href":"https:\/\/abaa.mx\/tienda\/wp-json\/wp\/v2\/types\/product"}],"replies":[{"embeddable":true,"href":"https:\/\/abaa.mx\/tienda\/wp-json\/wp\/v2\/comments?post=2479"}],"wp:featuredmedia":[{"embeddable":true,"href":"https:\/\/abaa.mx\/tienda\/wp-json\/wp\/v2\/media\/2491"}],"wp:attachment":[{"href":"https:\/\/abaa.mx\/tienda\/wp-json\/wp\/v2\/media?parent=2479"}],"wp:term":[{"taxonomy":"product_brand","embeddable":true,"href":"https:\/\/abaa.mx\/tienda\/wp-json\/wp\/v2\/product_brand?post=2479"},{"taxonomy":"product_cat","embeddable":true,"href":"https:\/\/abaa.mx\/tienda\/wp-json\/wp\/v2\/product_cat?post=2479"},{"taxonomy":"product_tag","embeddable":true,"href":"https:\/\/abaa.mx\/tienda\/wp-json\/wp\/v2\/product_tag?post=2479"}],"curies":[{"name":"wp","href":"https:\/\/api.w.org\/{rel}","templated":true}]}}