{"id":2478,"date":"2023-09-21T17:29:53","date_gmt":"2023-09-21T17:29:53","guid":{"rendered":"https:\/\/abaa.mx\/tienda\/?post_type=product&#038;p=2478"},"modified":"2023-11-28T14:30:02","modified_gmt":"2023-11-28T14:30:02","slug":"probador-de-voltaje-dmm-y-kit-de-accesorios-para-electricistas-fluke-3000fc-1ac-ii","status":"publish","type":"product","link":"https:\/\/abaa.mx\/tienda\/probador-de-voltaje-dmm-y-kit-de-accesorios-para-electricistas-fluke-3000fc-1ac-ii\/","title":{"rendered":"Probador de voltaje dmm y kit de accesorios para electricistas fluke 3000fc-1ac-ii"},"content":{"rendered":"<p>&nbsp;<\/p>\n<p>Mejore la seguridad y la eficiencia con este probador y obtenga todos los hechos, directamente en el campo. Con su precisi\u00f3n, fiabilidad y facilidad de uso, el mult\u00edmetro inal\u00e1mbrico 3000 FC es la soluci\u00f3n ideal para t\u00e9cnicos profesionales. Probado de forma independiente para un uso seguro en entornos CAT IV 600V \/ CAT III 1000 V, el 3000 FC tiene todas las caracter\u00edsticas que necesita para solucionar y reparar muchos problemas en sistemas el\u00e9ctricos y electr\u00f3nicos.<\/p>\n<p>&nbsp;<\/p>\n<p><strong>Funciones:<\/strong><\/p>\n<ul>\n<li>Voltaje y corriente de CA True-RMS para mediciones precisas en cargas no lineales.<\/li>\n<li>Pantalla de d\u00edgitos grandes con gr\u00e1fico de barras anal\u00f3gico.<\/li>\n<li>Pantalla retroiluminada para trabajar en \u00e1reas oscuras.<\/li>\n<li>Capacitancia.<\/li>\n<li>Valores m\u00ednimos y m\u00e1ximos para ayudar en la soluci\u00f3n de problemas.<\/li>\n<li>Libera tus manos con la percha magn\u00e9tica incluida en este kit combinado.<\/li>\n<li>3 a\u00f1os de garant\u00eda.<\/li>\n<\/ul>\n<p>&nbsp;<\/p>\n<h4>Especificaciones de Fluke 3000FC\/1AC-II<\/h4>\n<table class=\"table table-striped\">\n<tbody>\n<tr>\n<td colspan=\"2\"><strong>Voltaje de CA<\/strong><\/td>\n<\/tr>\n<tr>\n<td>Gama<\/td>\n<td>600,0 mV<br \/>\n6,000 V 60,00 V 600,0 V 1000 V<\/td>\n<\/tr>\n<tr>\n<td>Resoluci\u00f3n<\/td>\n<td>0,1 mV<br \/>\n0,001 V 0,01 V 0,1 V 1 V<\/td>\n<\/tr>\n<tr>\n<td>Exactitud<\/td>\n<td>45 a 500 Hz: 1,0% + 3<br \/>\n500 Hz a 1 kHz: 2,0% + 3<\/td>\n<\/tr>\n<tr>\n<td colspan=\"2\"><strong>Voltaje de CC<\/strong><\/td>\n<\/tr>\n<tr>\n<td>Gama<\/td>\n<td>600,0 mV<br \/>\n6,000 V 60,00 V 600,0 V 1000 V<\/td>\n<\/tr>\n<tr>\n<td>Resoluci\u00f3n<\/td>\n<td>0,1 mV<br \/>\n0,001 V 0,01 V 0,1 V 1 V<\/td>\n<\/tr>\n<tr>\n<td>Exactitud<\/td>\n<td>600.0 mV: 0.09% + 2<br \/>\n6.000, 60.00, 600.0 V: 0.09% + 2 1000 V:<br \/>\n0.15% + 2<\/td>\n<\/tr>\n<tr>\n<td colspan=\"2\"><strong>Especificaciones generales<\/strong><\/td>\n<\/tr>\n<tr>\n<td>Fuente de alimentaci\u00f3n<\/td>\n<td>3 pilas alcalinas &#8220;AA&#8221;, NEDA 15A IEC LR6<\/td>\n<\/tr>\n<tr>\n<td>Duraci\u00f3n de la bater\u00eda<\/td>\n<td>M\u00ednimo 250 horas<\/td>\n<\/tr>\n<tr>\n<td>Dimensiones<\/td>\n<td>4,75 x 9,3 x 20,7 cm (1,87 x 3,68 x 8,14&#8243;)<\/td>\n<\/tr>\n<tr>\n<td>Peso<\/td>\n<td>340g (12oz)<\/td>\n<\/tr>\n<\/tbody>\n<\/table>\n","protected":false},"excerpt":{"rendered":"<p>Este kit combinado tiene caracter\u00edsticas y funciones necesarias para solucionar problemas de su equipo y planta. Proporciona seguridad y eficiencia mediante el uso de herramientas de prueba inal\u00e1mbricas para solucionar problemas el\u00e9ctricos cerca de paneles el\u00e9ctricos activos.<\/p>\n","protected":false},"featured_media":2490,"comment_status":"open","ping_status":"closed","template":"","meta":{"_joinchat":[]},"product_brand":[],"product_cat":[15],"product_tag":[],"class_list":{"0":"post-2478","1":"product","2":"type-product","3":"status-publish","4":"has-post-thumbnail","6":"product_cat-sin-categorizar","8":"first","9":"instock","10":"shipping-taxable","11":"product-type-simple"},"yoast_head":"<!-- This site is optimized with the Yoast SEO plugin v26.4 - https:\/\/yoast.com\/wordpress\/plugins\/seo\/ -->\n<title>Probador de voltaje dmm y kit de accesorios para electricistas fluke 3000fc-1ac-ii - Abaa tienda online<\/title>\n<meta name=\"robots\" content=\"index, follow, max-snippet:-1, max-image-preview:large, max-video-preview:-1\" \/>\n<link rel=\"canonical\" href=\"https:\/\/abaa.mx\/tienda\/probador-de-voltaje-dmm-y-kit-de-accesorios-para-electricistas-fluke-3000fc-1ac-ii\/\" \/>\n<meta property=\"og:locale\" content=\"es_MX\" \/>\n<meta property=\"og:type\" content=\"article\" \/>\n<meta property=\"og:title\" content=\"Probador de voltaje dmm y kit de accesorios para electricistas fluke 3000fc-1ac-ii - Abaa tienda online\" \/>\n<meta property=\"og:description\" content=\"Este kit combinado tiene caracter\u00edsticas y funciones necesarias para solucionar problemas de su equipo y planta. Proporciona seguridad y eficiencia mediante el uso de herramientas de prueba inal\u00e1mbricas para solucionar problemas el\u00e9ctricos cerca de paneles el\u00e9ctricos activos.\" \/>\n<meta property=\"og:url\" content=\"https:\/\/abaa.mx\/tienda\/probador-de-voltaje-dmm-y-kit-de-accesorios-para-electricistas-fluke-3000fc-1ac-ii\/\" \/>\n<meta property=\"og:site_name\" content=\"Abaa tienda online\" \/>\n<meta property=\"article:modified_time\" content=\"2023-11-28T14:30:02+00:00\" \/>\n<meta property=\"og:image\" content=\"https:\/\/abaa.mx\/tienda\/wp-content\/uploads\/2023\/09\/3000FC-1AC-II.jpg\" \/>\n\t<meta property=\"og:image:width\" content=\"342\" \/>\n\t<meta property=\"og:image:height\" content=\"342\" \/>\n\t<meta property=\"og:image:type\" content=\"image\/jpeg\" \/>\n<meta name=\"twitter:card\" content=\"summary_large_image\" \/>\n<meta name=\"twitter:label1\" content=\"Tiempo de lectura\" \/>\n\t<meta name=\"twitter:data1\" content=\"2 minutos\" \/>\n<script type=\"application\/ld+json\" class=\"yoast-schema-graph\">{\"@context\":\"https:\/\/schema.org\",\"@graph\":[{\"@type\":\"WebPage\",\"@id\":\"https:\/\/abaa.mx\/tienda\/probador-de-voltaje-dmm-y-kit-de-accesorios-para-electricistas-fluke-3000fc-1ac-ii\/\",\"url\":\"https:\/\/abaa.mx\/tienda\/probador-de-voltaje-dmm-y-kit-de-accesorios-para-electricistas-fluke-3000fc-1ac-ii\/\",\"name\":\"Probador de voltaje dmm y kit de accesorios para electricistas fluke 3000fc-1ac-ii - Abaa tienda online\",\"isPartOf\":{\"@id\":\"https:\/\/abaa.mx\/tienda\/#website\"},\"primaryImageOfPage\":{\"@id\":\"https:\/\/abaa.mx\/tienda\/probador-de-voltaje-dmm-y-kit-de-accesorios-para-electricistas-fluke-3000fc-1ac-ii\/#primaryimage\"},\"image\":{\"@id\":\"https:\/\/abaa.mx\/tienda\/probador-de-voltaje-dmm-y-kit-de-accesorios-para-electricistas-fluke-3000fc-1ac-ii\/#primaryimage\"},\"thumbnailUrl\":\"https:\/\/abaa.mx\/tienda\/wp-content\/uploads\/2023\/09\/3000FC-1AC-II.jpg\",\"datePublished\":\"2023-09-21T17:29:53+00:00\",\"dateModified\":\"2023-11-28T14:30:02+00:00\",\"breadcrumb\":{\"@id\":\"https:\/\/abaa.mx\/tienda\/probador-de-voltaje-dmm-y-kit-de-accesorios-para-electricistas-fluke-3000fc-1ac-ii\/#breadcrumb\"},\"inLanguage\":\"es\",\"potentialAction\":[{\"@type\":\"ReadAction\",\"target\":[\"https:\/\/abaa.mx\/tienda\/probador-de-voltaje-dmm-y-kit-de-accesorios-para-electricistas-fluke-3000fc-1ac-ii\/\"]}]},{\"@type\":\"ImageObject\",\"inLanguage\":\"es\",\"@id\":\"https:\/\/abaa.mx\/tienda\/probador-de-voltaje-dmm-y-kit-de-accesorios-para-electricistas-fluke-3000fc-1ac-ii\/#primaryimage\",\"url\":\"https:\/\/abaa.mx\/tienda\/wp-content\/uploads\/2023\/09\/3000FC-1AC-II.jpg\",\"contentUrl\":\"https:\/\/abaa.mx\/tienda\/wp-content\/uploads\/2023\/09\/3000FC-1AC-II.jpg\",\"width\":342,\"height\":342,\"caption\":\"fluke-3000fc-1ac-ii\"},{\"@type\":\"BreadcrumbList\",\"@id\":\"https:\/\/abaa.mx\/tienda\/probador-de-voltaje-dmm-y-kit-de-accesorios-para-electricistas-fluke-3000fc-1ac-ii\/#breadcrumb\",\"itemListElement\":[{\"@type\":\"ListItem\",\"position\":1,\"name\":\"Inicio\",\"item\":\"https:\/\/abaa.mx\/tienda\/\"},{\"@type\":\"ListItem\",\"position\":2,\"name\":\"Tienda\",\"item\":\"https:\/\/abaa.mx\/tienda\/\"},{\"@type\":\"ListItem\",\"position\":3,\"name\":\"Probador de voltaje dmm y kit de accesorios para electricistas fluke 3000fc-1ac-ii\"}]},{\"@type\":\"WebSite\",\"@id\":\"https:\/\/abaa.mx\/tienda\/#website\",\"url\":\"https:\/\/abaa.mx\/tienda\/\",\"name\":\"Abaa tienda online\",\"description\":\"Instrumentos de medici\u00f3n\",\"publisher\":{\"@id\":\"https:\/\/abaa.mx\/tienda\/#organization\"},\"potentialAction\":[{\"@type\":\"SearchAction\",\"target\":{\"@type\":\"EntryPoint\",\"urlTemplate\":\"https:\/\/abaa.mx\/tienda\/?s={search_term_string}\"},\"query-input\":{\"@type\":\"PropertyValueSpecification\",\"valueRequired\":true,\"valueName\":\"search_term_string\"}}],\"inLanguage\":\"es\"},{\"@type\":\"Organization\",\"@id\":\"https:\/\/abaa.mx\/tienda\/#organization\",\"name\":\"Abaa tienda online\",\"url\":\"https:\/\/abaa.mx\/tienda\/\",\"logo\":{\"@type\":\"ImageObject\",\"inLanguage\":\"es\",\"@id\":\"https:\/\/abaa.mx\/tienda\/#\/schema\/logo\/image\/\",\"url\":\"https:\/\/abaa.mx\/tienda\/wp-content\/uploads\/2024\/01\/abaa-metrologia-tienda.png\",\"contentUrl\":\"https:\/\/abaa.mx\/tienda\/wp-content\/uploads\/2024\/01\/abaa-metrologia-tienda.png\",\"width\":300,\"height\":141,\"caption\":\"Abaa tienda online\"},\"image\":{\"@id\":\"https:\/\/abaa.mx\/tienda\/#\/schema\/logo\/image\/\"}}]}<\/script>\n<!-- \/ Yoast SEO plugin. -->","yoast_head_json":{"title":"Probador de voltaje dmm y kit de accesorios para electricistas fluke 3000fc-1ac-ii - Abaa tienda online","robots":{"index":"index","follow":"follow","max-snippet":"max-snippet:-1","max-image-preview":"max-image-preview:large","max-video-preview":"max-video-preview:-1"},"canonical":"https:\/\/abaa.mx\/tienda\/probador-de-voltaje-dmm-y-kit-de-accesorios-para-electricistas-fluke-3000fc-1ac-ii\/","og_locale":"es_MX","og_type":"article","og_title":"Probador de voltaje dmm y kit de accesorios para electricistas fluke 3000fc-1ac-ii - Abaa tienda online","og_description":"Este kit combinado tiene caracter\u00edsticas y funciones necesarias para solucionar problemas de su equipo y planta. Proporciona seguridad y eficiencia mediante el uso de herramientas de prueba inal\u00e1mbricas para solucionar problemas el\u00e9ctricos cerca de paneles el\u00e9ctricos activos.","og_url":"https:\/\/abaa.mx\/tienda\/probador-de-voltaje-dmm-y-kit-de-accesorios-para-electricistas-fluke-3000fc-1ac-ii\/","og_site_name":"Abaa tienda online","article_modified_time":"2023-11-28T14:30:02+00:00","og_image":[{"width":342,"height":342,"url":"https:\/\/abaa.mx\/tienda\/wp-content\/uploads\/2023\/09\/3000FC-1AC-II.jpg","type":"image\/jpeg"}],"twitter_card":"summary_large_image","twitter_misc":{"Tiempo de lectura":"2 minutos"},"schema":{"@context":"https:\/\/schema.org","@graph":[{"@type":"WebPage","@id":"https:\/\/abaa.mx\/tienda\/probador-de-voltaje-dmm-y-kit-de-accesorios-para-electricistas-fluke-3000fc-1ac-ii\/","url":"https:\/\/abaa.mx\/tienda\/probador-de-voltaje-dmm-y-kit-de-accesorios-para-electricistas-fluke-3000fc-1ac-ii\/","name":"Probador de voltaje dmm y kit de accesorios para electricistas fluke 3000fc-1ac-ii - Abaa tienda online","isPartOf":{"@id":"https:\/\/abaa.mx\/tienda\/#website"},"primaryImageOfPage":{"@id":"https:\/\/abaa.mx\/tienda\/probador-de-voltaje-dmm-y-kit-de-accesorios-para-electricistas-fluke-3000fc-1ac-ii\/#primaryimage"},"image":{"@id":"https:\/\/abaa.mx\/tienda\/probador-de-voltaje-dmm-y-kit-de-accesorios-para-electricistas-fluke-3000fc-1ac-ii\/#primaryimage"},"thumbnailUrl":"https:\/\/abaa.mx\/tienda\/wp-content\/uploads\/2023\/09\/3000FC-1AC-II.jpg","datePublished":"2023-09-21T17:29:53+00:00","dateModified":"2023-11-28T14:30:02+00:00","breadcrumb":{"@id":"https:\/\/abaa.mx\/tienda\/probador-de-voltaje-dmm-y-kit-de-accesorios-para-electricistas-fluke-3000fc-1ac-ii\/#breadcrumb"},"inLanguage":"es","potentialAction":[{"@type":"ReadAction","target":["https:\/\/abaa.mx\/tienda\/probador-de-voltaje-dmm-y-kit-de-accesorios-para-electricistas-fluke-3000fc-1ac-ii\/"]}]},{"@type":"ImageObject","inLanguage":"es","@id":"https:\/\/abaa.mx\/tienda\/probador-de-voltaje-dmm-y-kit-de-accesorios-para-electricistas-fluke-3000fc-1ac-ii\/#primaryimage","url":"https:\/\/abaa.mx\/tienda\/wp-content\/uploads\/2023\/09\/3000FC-1AC-II.jpg","contentUrl":"https:\/\/abaa.mx\/tienda\/wp-content\/uploads\/2023\/09\/3000FC-1AC-II.jpg","width":342,"height":342,"caption":"fluke-3000fc-1ac-ii"},{"@type":"BreadcrumbList","@id":"https:\/\/abaa.mx\/tienda\/probador-de-voltaje-dmm-y-kit-de-accesorios-para-electricistas-fluke-3000fc-1ac-ii\/#breadcrumb","itemListElement":[{"@type":"ListItem","position":1,"name":"Inicio","item":"https:\/\/abaa.mx\/tienda\/"},{"@type":"ListItem","position":2,"name":"Tienda","item":"https:\/\/abaa.mx\/tienda\/"},{"@type":"ListItem","position":3,"name":"Probador de voltaje dmm y kit de accesorios para electricistas fluke 3000fc-1ac-ii"}]},{"@type":"WebSite","@id":"https:\/\/abaa.mx\/tienda\/#website","url":"https:\/\/abaa.mx\/tienda\/","name":"Abaa tienda online","description":"Instrumentos de medici\u00f3n","publisher":{"@id":"https:\/\/abaa.mx\/tienda\/#organization"},"potentialAction":[{"@type":"SearchAction","target":{"@type":"EntryPoint","urlTemplate":"https:\/\/abaa.mx\/tienda\/?s={search_term_string}"},"query-input":{"@type":"PropertyValueSpecification","valueRequired":true,"valueName":"search_term_string"}}],"inLanguage":"es"},{"@type":"Organization","@id":"https:\/\/abaa.mx\/tienda\/#organization","name":"Abaa tienda online","url":"https:\/\/abaa.mx\/tienda\/","logo":{"@type":"ImageObject","inLanguage":"es","@id":"https:\/\/abaa.mx\/tienda\/#\/schema\/logo\/image\/","url":"https:\/\/abaa.mx\/tienda\/wp-content\/uploads\/2024\/01\/abaa-metrologia-tienda.png","contentUrl":"https:\/\/abaa.mx\/tienda\/wp-content\/uploads\/2024\/01\/abaa-metrologia-tienda.png","width":300,"height":141,"caption":"Abaa tienda online"},"image":{"@id":"https:\/\/abaa.mx\/tienda\/#\/schema\/logo\/image\/"}}]}},"_links":{"self":[{"href":"https:\/\/abaa.mx\/tienda\/wp-json\/wp\/v2\/product\/2478","targetHints":{"allow":["GET"]}}],"collection":[{"href":"https:\/\/abaa.mx\/tienda\/wp-json\/wp\/v2\/product"}],"about":[{"href":"https:\/\/abaa.mx\/tienda\/wp-json\/wp\/v2\/types\/product"}],"replies":[{"embeddable":true,"href":"https:\/\/abaa.mx\/tienda\/wp-json\/wp\/v2\/comments?post=2478"}],"wp:featuredmedia":[{"embeddable":true,"href":"https:\/\/abaa.mx\/tienda\/wp-json\/wp\/v2\/media\/2490"}],"wp:attachment":[{"href":"https:\/\/abaa.mx\/tienda\/wp-json\/wp\/v2\/media?parent=2478"}],"wp:term":[{"taxonomy":"product_brand","embeddable":true,"href":"https:\/\/abaa.mx\/tienda\/wp-json\/wp\/v2\/product_brand?post=2478"},{"taxonomy":"product_cat","embeddable":true,"href":"https:\/\/abaa.mx\/tienda\/wp-json\/wp\/v2\/product_cat?post=2478"},{"taxonomy":"product_tag","embeddable":true,"href":"https:\/\/abaa.mx\/tienda\/wp-json\/wp\/v2\/product_tag?post=2478"}],"curies":[{"name":"wp","href":"https:\/\/api.w.org\/{rel}","templated":true}]}}