{"id":2469,"date":"2023-09-21T17:00:26","date_gmt":"2023-09-21T17:00:26","guid":{"rendered":"https:\/\/abaa.mx\/tienda\/?post_type=product&#038;p=2469"},"modified":"2023-11-29T16:04:48","modified_gmt":"2023-11-29T16:04:48","slug":"calibrador-de-temperatura-infrarrojo-fluke-4180-de-5-a-248-f","status":"publish","type":"product","link":"https:\/\/abaa.mx\/tienda\/calibrador-de-temperatura-infrarrojo-fluke-4180-de-5-a-248-f\/","title":{"rendered":"Calibrador de temperatura infrarrojo fluke 4180, de 5 a 248 \u00b0f"},"content":{"rendered":"<p>&nbsp;<\/p>\n<p>Procedente de uno de los laboratorios de calibraci\u00f3n de temperatura m\u00e1s fiables del mundo, este calibrador infrarrojo de precisi\u00f3n es incomparable y la soluci\u00f3n perfecta para cualquier term\u00f3metro infrarrojo o c\u00e1mara termogr\u00e1fica dentro de su rango de temperatura. Fiable con precisiones tan buenas como \u00b132,6 \u00b0F (0,35 \u00b0C), el calibrador puede cumplir con sus especificaciones sin correcciones adicionales relacionadas con la emisividad, lo que lleva a relaciones de incertidumbre de prueba (TUR) leg\u00edtimas de hasta 4:1.<\/p>\n<p>&nbsp;<\/p>\n<p><strong>Funciones:<\/strong><\/p>\n<ul>\n<li>Objetivo grande Dimensiones de 152 mm (6&#8243;) captura la &#8220;visi\u00f3n perif\u00e9rica&#8221; de los term\u00f3metros infrarrojos y minimiza.<\/li>\n<li>Dimensiones de los errores de efecto de origen.<\/li>\n<li>Compensa los errores causados por los ajustes individuales de emisividad del term\u00f3metro infrarrojo.<\/li>\n<li>Los procedimientos de calibraci\u00f3n de muestras para los term\u00f3metros Fluke y Raytek 3 est\u00e1n integrados.<\/li>\n<li>Precisi\u00f3n tan buena como \u00b10.35\u00b0C.<\/li>\n<li>Razones de incertidumbre de prueba (TUR) tan buenas como 4: 1.<\/li>\n<li>Excelente estabilidad y uniformidad.<\/li>\n<li>Alcanza el punto de ajuste de temperatura r\u00e1pidamente.<\/li>\n<li>Pantalla intuitiva y f\u00e1cil de leer que indica cu\u00e1ndo la temperatura es estable.<\/li>\n<\/ul>\n<p>&nbsp;<\/p>\n<h4>Fluke 4180-156 Especificaciones<\/h4>\n<table class=\"table table-striped\">\n<tbody>\n<tr>\n<td>Rango de temperatura (a 23\u00b0C ambiente, emisividad de 0,95)<\/td>\n<td>59 a 248\u00b0 (15 a 120\u00b0C)<\/td>\n<\/tr>\n<tr>\n<td>Poder<\/td>\n<td>115 V CA (\u00b110%), 50\/60 Hz, 250 W 230 V CA (\u00b110%), 50\/60 Hz, 250 W<\/td>\n<\/tr>\n<tr>\n<td>Precisi\u00f3n de la pantalla<\/td>\n<td>\u00b10.40\u00b0C a -15\u00b0C, \u00b10.40\u00b0C a 0\u00b0C, \u00b10.50\u2a9aC a 50\u00b0C, \u00b10.50\u00b0C a 100\u00b0C, \u00b10.55\u00b0C a 120\u2a9aC<\/td>\n<\/tr>\n<tr>\n<td>Estabilidad<\/td>\n<td>\u00b1 0.10\u2a9aC a -15\u00b0C, \u00b1 0.05\u00b0C a 0\u00b0C \u00b1 0.10\u00b0C a 120\u2a9aC<\/td>\n<\/tr>\n<tr>\n<td>Uniformidad (5&#8242; (12,7 cm) de di\u00e1metro del centro del objetivo)<\/td>\n<td>\u00b10.15\u00b0C a -15\u00b0C, \u00b10.10\u00b0C a 0\u00b0C, \u00b10.25\u00b0C a 120\u00b0C<\/td>\n<\/tr>\n<tr>\n<td>Uniformidad (2&#8242; (5,08 cm) de di\u00e1metro del centro del objetivo)<\/td>\n<td>\u00b10.10\u00b0C a -15\u00b0C, \u00b10.10\u00b0C a 0\u00b0C, \u00b10.2\u00b0C a 120\u00b0C<\/td>\n<\/tr>\n<tr>\n<td>Tiempo de calentamiento<\/td>\n<td>15 min: 5 a 248\u00b0F (-15 a 120\u00b0C) 14 min: 73.4 a 248\u00b0 (23 a 120\u00b0C)<\/td>\n<\/tr>\n<tr>\n<td>Tiempo de enfriamiento<\/td>\n<td>15 min: 248 a 73.4\u00b0F (120 a 23\u00b0C) 20 min: 73.4 a 5\u00b0F (23 a -15\u00b0C)<\/td>\n<\/tr>\n<tr>\n<td>Tiempo de estabilizaci\u00f3n<\/td>\n<td>10 minutos<\/td>\n<\/tr>\n<tr>\n<td>Emisividad nominal<\/td>\n<td>0.95<\/td>\n<\/tr>\n<tr>\n<td>Rango de compensaci\u00f3n de emisividad del term\u00f3metro<\/td>\n<td>0,9 a 1,0<\/td>\n<\/tr>\n<tr>\n<td>Temperatura ambiente<\/td>\n<td>5 a 35\u00b0C (41 a 95 \u00b0F)<\/td>\n<\/tr>\n<tr>\n<td>Humedad relativa ambiental<\/td>\n<td>m\u00e1ximo 80% para temperatura &lt;31\u00b0C, disminuyendo linealmente al 50% a 40\u00b0C<\/td>\n<\/tr>\n<tr>\n<td>Fusibles<\/td>\n<td>115 V: T 6.3 A, 250 V 230 V: T 3.15 A, 250 V<\/td>\n<\/tr>\n<tr>\n<td>Altitud<\/td>\n<td>&lt;6561&#8242; (2000 m)<\/td>\n<\/tr>\n<tr>\n<td>Di\u00e1metro objetivo<\/td>\n<td>6,152 mm (4&#8243;)<\/td>\n<\/tr>\n<tr>\n<td>Interfaz de computadora<\/td>\n<td>RS-232<\/td>\n<\/tr>\n<tr>\n<td>Dimensiones<\/td>\n<td>356 x 241 x 216 mm (14 x 9,5 x 8,5 pulgadas)<\/td>\n<\/tr>\n<tr>\n<td>Peso<\/td>\n<td>20 lb (9,1 kg)<\/td>\n<\/tr>\n<tr>\n<td>Seguridad<\/td>\n<td>IEC 61010-1: Sobretensi\u00f3n Categor\u00eda II, Grado de Contaminaci\u00f3n 2 IEC 61010-2-010<\/td>\n<\/tr>\n<\/tbody>\n<\/table>\n","protected":false},"excerpt":{"rendered":"<p>Procedente de uno de los laboratorios de calibraci\u00f3n de temperatura m\u00e1s fiables del mundo, este calibrador infrarrojo de precisi\u00f3n es incomparable y la soluci\u00f3n perfecta para cualquier term\u00f3metro infrarrojo o c\u00e1mara termogr\u00e1fica dentro de su rango de temperatura.<\/p>\n","protected":false},"featured_media":2470,"comment_status":"open","ping_status":"closed","template":"","meta":{"_joinchat":[]},"product_brand":[],"product_cat":[15],"product_tag":[],"class_list":{"0":"post-2469","1":"product","2":"type-product","3":"status-publish","4":"has-post-thumbnail","6":"product_cat-sin-categorizar","8":"first","9":"instock","10":"shipping-taxable","11":"product-type-simple"},"yoast_head":"<!-- This site is optimized with the Yoast SEO plugin v26.4 - https:\/\/yoast.com\/wordpress\/plugins\/seo\/ -->\n<title>Calibrador de temperatura infrarrojo fluke 4180, de 5 a 248 \u00b0f - Abaa tienda online<\/title>\n<meta name=\"robots\" content=\"index, follow, max-snippet:-1, max-image-preview:large, max-video-preview:-1\" \/>\n<link rel=\"canonical\" href=\"https:\/\/abaa.mx\/tienda\/calibrador-de-temperatura-infrarrojo-fluke-4180-de-5-a-248-f\/\" \/>\n<meta property=\"og:locale\" content=\"es_MX\" \/>\n<meta property=\"og:type\" content=\"article\" \/>\n<meta property=\"og:title\" content=\"Calibrador de temperatura infrarrojo fluke 4180, de 5 a 248 \u00b0f - Abaa tienda online\" \/>\n<meta property=\"og:description\" content=\"Procedente de uno de los laboratorios de calibraci\u00f3n de temperatura m\u00e1s fiables del mundo, este calibrador infrarrojo de precisi\u00f3n es incomparable y la soluci\u00f3n perfecta para cualquier term\u00f3metro infrarrojo o c\u00e1mara termogr\u00e1fica dentro de su rango de temperatura.\" \/>\n<meta property=\"og:url\" content=\"https:\/\/abaa.mx\/tienda\/calibrador-de-temperatura-infrarrojo-fluke-4180-de-5-a-248-f\/\" \/>\n<meta property=\"og:site_name\" content=\"Abaa tienda online\" \/>\n<meta property=\"article:modified_time\" content=\"2023-11-29T16:04:48+00:00\" \/>\n<meta property=\"og:image\" content=\"https:\/\/abaa.mx\/tienda\/wp-content\/uploads\/2023\/09\/4180-156.jpg\" \/>\n\t<meta property=\"og:image:width\" content=\"270\" \/>\n\t<meta property=\"og:image:height\" content=\"421\" \/>\n\t<meta property=\"og:image:type\" content=\"image\/jpeg\" \/>\n<meta name=\"twitter:card\" content=\"summary_large_image\" \/>\n<meta name=\"twitter:label1\" content=\"Tiempo de lectura\" \/>\n\t<meta name=\"twitter:data1\" content=\"2 minutos\" \/>\n<script type=\"application\/ld+json\" class=\"yoast-schema-graph\">{\"@context\":\"https:\/\/schema.org\",\"@graph\":[{\"@type\":\"WebPage\",\"@id\":\"https:\/\/abaa.mx\/tienda\/calibrador-de-temperatura-infrarrojo-fluke-4180-de-5-a-248-f\/\",\"url\":\"https:\/\/abaa.mx\/tienda\/calibrador-de-temperatura-infrarrojo-fluke-4180-de-5-a-248-f\/\",\"name\":\"Calibrador de temperatura infrarrojo fluke 4180, de 5 a 248 \u00b0f - Abaa tienda online\",\"isPartOf\":{\"@id\":\"https:\/\/abaa.mx\/tienda\/#website\"},\"primaryImageOfPage\":{\"@id\":\"https:\/\/abaa.mx\/tienda\/calibrador-de-temperatura-infrarrojo-fluke-4180-de-5-a-248-f\/#primaryimage\"},\"image\":{\"@id\":\"https:\/\/abaa.mx\/tienda\/calibrador-de-temperatura-infrarrojo-fluke-4180-de-5-a-248-f\/#primaryimage\"},\"thumbnailUrl\":\"https:\/\/abaa.mx\/tienda\/wp-content\/uploads\/2023\/09\/4180-156.jpg\",\"datePublished\":\"2023-09-21T17:00:26+00:00\",\"dateModified\":\"2023-11-29T16:04:48+00:00\",\"breadcrumb\":{\"@id\":\"https:\/\/abaa.mx\/tienda\/calibrador-de-temperatura-infrarrojo-fluke-4180-de-5-a-248-f\/#breadcrumb\"},\"inLanguage\":\"es\",\"potentialAction\":[{\"@type\":\"ReadAction\",\"target\":[\"https:\/\/abaa.mx\/tienda\/calibrador-de-temperatura-infrarrojo-fluke-4180-de-5-a-248-f\/\"]}]},{\"@type\":\"ImageObject\",\"inLanguage\":\"es\",\"@id\":\"https:\/\/abaa.mx\/tienda\/calibrador-de-temperatura-infrarrojo-fluke-4180-de-5-a-248-f\/#primaryimage\",\"url\":\"https:\/\/abaa.mx\/tienda\/wp-content\/uploads\/2023\/09\/4180-156.jpg\",\"contentUrl\":\"https:\/\/abaa.mx\/tienda\/wp-content\/uploads\/2023\/09\/4180-156.jpg\",\"width\":270,\"height\":421,\"caption\":\"fluke 4180, de 5 a 248 \u00b0f\"},{\"@type\":\"BreadcrumbList\",\"@id\":\"https:\/\/abaa.mx\/tienda\/calibrador-de-temperatura-infrarrojo-fluke-4180-de-5-a-248-f\/#breadcrumb\",\"itemListElement\":[{\"@type\":\"ListItem\",\"position\":1,\"name\":\"Inicio\",\"item\":\"https:\/\/abaa.mx\/tienda\/\"},{\"@type\":\"ListItem\",\"position\":2,\"name\":\"Tienda\",\"item\":\"https:\/\/abaa.mx\/tienda\/\"},{\"@type\":\"ListItem\",\"position\":3,\"name\":\"Calibrador de temperatura infrarrojo fluke 4180, de 5 a 248 \u00b0f\"}]},{\"@type\":\"WebSite\",\"@id\":\"https:\/\/abaa.mx\/tienda\/#website\",\"url\":\"https:\/\/abaa.mx\/tienda\/\",\"name\":\"Abaa tienda online\",\"description\":\"Instrumentos de medici\u00f3n\",\"publisher\":{\"@id\":\"https:\/\/abaa.mx\/tienda\/#organization\"},\"potentialAction\":[{\"@type\":\"SearchAction\",\"target\":{\"@type\":\"EntryPoint\",\"urlTemplate\":\"https:\/\/abaa.mx\/tienda\/?s={search_term_string}\"},\"query-input\":{\"@type\":\"PropertyValueSpecification\",\"valueRequired\":true,\"valueName\":\"search_term_string\"}}],\"inLanguage\":\"es\"},{\"@type\":\"Organization\",\"@id\":\"https:\/\/abaa.mx\/tienda\/#organization\",\"name\":\"Abaa tienda online\",\"url\":\"https:\/\/abaa.mx\/tienda\/\",\"logo\":{\"@type\":\"ImageObject\",\"inLanguage\":\"es\",\"@id\":\"https:\/\/abaa.mx\/tienda\/#\/schema\/logo\/image\/\",\"url\":\"https:\/\/abaa.mx\/tienda\/wp-content\/uploads\/2024\/01\/abaa-metrologia-tienda.png\",\"contentUrl\":\"https:\/\/abaa.mx\/tienda\/wp-content\/uploads\/2024\/01\/abaa-metrologia-tienda.png\",\"width\":300,\"height\":141,\"caption\":\"Abaa tienda online\"},\"image\":{\"@id\":\"https:\/\/abaa.mx\/tienda\/#\/schema\/logo\/image\/\"}}]}<\/script>\n<!-- \/ Yoast SEO plugin. -->","yoast_head_json":{"title":"Calibrador de temperatura infrarrojo fluke 4180, de 5 a 248 \u00b0f - Abaa tienda online","robots":{"index":"index","follow":"follow","max-snippet":"max-snippet:-1","max-image-preview":"max-image-preview:large","max-video-preview":"max-video-preview:-1"},"canonical":"https:\/\/abaa.mx\/tienda\/calibrador-de-temperatura-infrarrojo-fluke-4180-de-5-a-248-f\/","og_locale":"es_MX","og_type":"article","og_title":"Calibrador de temperatura infrarrojo fluke 4180, de 5 a 248 \u00b0f - Abaa tienda online","og_description":"Procedente de uno de los laboratorios de calibraci\u00f3n de temperatura m\u00e1s fiables del mundo, este calibrador infrarrojo de precisi\u00f3n es incomparable y la soluci\u00f3n perfecta para cualquier term\u00f3metro infrarrojo o c\u00e1mara termogr\u00e1fica dentro de su rango de temperatura.","og_url":"https:\/\/abaa.mx\/tienda\/calibrador-de-temperatura-infrarrojo-fluke-4180-de-5-a-248-f\/","og_site_name":"Abaa tienda online","article_modified_time":"2023-11-29T16:04:48+00:00","og_image":[{"width":270,"height":421,"url":"https:\/\/abaa.mx\/tienda\/wp-content\/uploads\/2023\/09\/4180-156.jpg","type":"image\/jpeg"}],"twitter_card":"summary_large_image","twitter_misc":{"Tiempo de lectura":"2 minutos"},"schema":{"@context":"https:\/\/schema.org","@graph":[{"@type":"WebPage","@id":"https:\/\/abaa.mx\/tienda\/calibrador-de-temperatura-infrarrojo-fluke-4180-de-5-a-248-f\/","url":"https:\/\/abaa.mx\/tienda\/calibrador-de-temperatura-infrarrojo-fluke-4180-de-5-a-248-f\/","name":"Calibrador de temperatura infrarrojo fluke 4180, de 5 a 248 \u00b0f - Abaa tienda online","isPartOf":{"@id":"https:\/\/abaa.mx\/tienda\/#website"},"primaryImageOfPage":{"@id":"https:\/\/abaa.mx\/tienda\/calibrador-de-temperatura-infrarrojo-fluke-4180-de-5-a-248-f\/#primaryimage"},"image":{"@id":"https:\/\/abaa.mx\/tienda\/calibrador-de-temperatura-infrarrojo-fluke-4180-de-5-a-248-f\/#primaryimage"},"thumbnailUrl":"https:\/\/abaa.mx\/tienda\/wp-content\/uploads\/2023\/09\/4180-156.jpg","datePublished":"2023-09-21T17:00:26+00:00","dateModified":"2023-11-29T16:04:48+00:00","breadcrumb":{"@id":"https:\/\/abaa.mx\/tienda\/calibrador-de-temperatura-infrarrojo-fluke-4180-de-5-a-248-f\/#breadcrumb"},"inLanguage":"es","potentialAction":[{"@type":"ReadAction","target":["https:\/\/abaa.mx\/tienda\/calibrador-de-temperatura-infrarrojo-fluke-4180-de-5-a-248-f\/"]}]},{"@type":"ImageObject","inLanguage":"es","@id":"https:\/\/abaa.mx\/tienda\/calibrador-de-temperatura-infrarrojo-fluke-4180-de-5-a-248-f\/#primaryimage","url":"https:\/\/abaa.mx\/tienda\/wp-content\/uploads\/2023\/09\/4180-156.jpg","contentUrl":"https:\/\/abaa.mx\/tienda\/wp-content\/uploads\/2023\/09\/4180-156.jpg","width":270,"height":421,"caption":"fluke 4180, de 5 a 248 \u00b0f"},{"@type":"BreadcrumbList","@id":"https:\/\/abaa.mx\/tienda\/calibrador-de-temperatura-infrarrojo-fluke-4180-de-5-a-248-f\/#breadcrumb","itemListElement":[{"@type":"ListItem","position":1,"name":"Inicio","item":"https:\/\/abaa.mx\/tienda\/"},{"@type":"ListItem","position":2,"name":"Tienda","item":"https:\/\/abaa.mx\/tienda\/"},{"@type":"ListItem","position":3,"name":"Calibrador de temperatura infrarrojo fluke 4180, de 5 a 248 \u00b0f"}]},{"@type":"WebSite","@id":"https:\/\/abaa.mx\/tienda\/#website","url":"https:\/\/abaa.mx\/tienda\/","name":"Abaa tienda online","description":"Instrumentos de medici\u00f3n","publisher":{"@id":"https:\/\/abaa.mx\/tienda\/#organization"},"potentialAction":[{"@type":"SearchAction","target":{"@type":"EntryPoint","urlTemplate":"https:\/\/abaa.mx\/tienda\/?s={search_term_string}"},"query-input":{"@type":"PropertyValueSpecification","valueRequired":true,"valueName":"search_term_string"}}],"inLanguage":"es"},{"@type":"Organization","@id":"https:\/\/abaa.mx\/tienda\/#organization","name":"Abaa tienda online","url":"https:\/\/abaa.mx\/tienda\/","logo":{"@type":"ImageObject","inLanguage":"es","@id":"https:\/\/abaa.mx\/tienda\/#\/schema\/logo\/image\/","url":"https:\/\/abaa.mx\/tienda\/wp-content\/uploads\/2024\/01\/abaa-metrologia-tienda.png","contentUrl":"https:\/\/abaa.mx\/tienda\/wp-content\/uploads\/2024\/01\/abaa-metrologia-tienda.png","width":300,"height":141,"caption":"Abaa tienda online"},"image":{"@id":"https:\/\/abaa.mx\/tienda\/#\/schema\/logo\/image\/"}}]}},"_links":{"self":[{"href":"https:\/\/abaa.mx\/tienda\/wp-json\/wp\/v2\/product\/2469","targetHints":{"allow":["GET"]}}],"collection":[{"href":"https:\/\/abaa.mx\/tienda\/wp-json\/wp\/v2\/product"}],"about":[{"href":"https:\/\/abaa.mx\/tienda\/wp-json\/wp\/v2\/types\/product"}],"replies":[{"embeddable":true,"href":"https:\/\/abaa.mx\/tienda\/wp-json\/wp\/v2\/comments?post=2469"}],"wp:featuredmedia":[{"embeddable":true,"href":"https:\/\/abaa.mx\/tienda\/wp-json\/wp\/v2\/media\/2470"}],"wp:attachment":[{"href":"https:\/\/abaa.mx\/tienda\/wp-json\/wp\/v2\/media?parent=2469"}],"wp:term":[{"taxonomy":"product_brand","embeddable":true,"href":"https:\/\/abaa.mx\/tienda\/wp-json\/wp\/v2\/product_brand?post=2469"},{"taxonomy":"product_cat","embeddable":true,"href":"https:\/\/abaa.mx\/tienda\/wp-json\/wp\/v2\/product_cat?post=2469"},{"taxonomy":"product_tag","embeddable":true,"href":"https:\/\/abaa.mx\/tienda\/wp-json\/wp\/v2\/product_tag?post=2469"}],"curies":[{"name":"wp","href":"https:\/\/api.w.org\/{rel}","templated":true}]}}