{"id":2460,"date":"2023-09-21T16:43:58","date_gmt":"2023-09-21T16:43:58","guid":{"rendered":"https:\/\/abaa.mx\/tienda\/?post_type=product&#038;p=2460"},"modified":"2023-11-28T15:02:20","modified_gmt":"2023-11-28T15:02:20","slug":"kit-de-valor-del-termohigrometro-dewk-fluke-1621a-h-156-alta-precision","status":"publish","type":"product","link":"https:\/\/abaa.mx\/tienda\/kit-de-valor-del-termohigrometro-dewk-fluke-1621a-h-156-alta-precision\/","title":{"rendered":"kit de valor del termohigr\u00f3metro dewk fluke 1621a-h-156, alta precisi\u00f3n"},"content":{"rendered":"<p>&nbsp;<\/p>\n<p><strong>Funciones<\/strong><\/p>\n<ul>\n<li>Los sensores se pueden usar indistintamente<\/li>\n<li>Hay dos tipos de sensores disponibles: alta precisi\u00f3n y precisi\u00f3n est\u00e1ndar<\/li>\n<li>Calcula el punto de roc\u00edo, el \u00edndice de calor y las tasas de cambio tanto para la temperatura como para la humedad.<\/li>\n<li>Las estad\u00edsticas de resumen diario, incluidas las tasas m\u00ednimas, m\u00e1ximas y m\u00e1ximas de cambio, se almacenan durante los \u00faltimos 60 d\u00edas.<\/li>\n<li>La memoria integrada contiene hasta 400.000 puntos de datos con marca de fecha y hora.<\/li>\n<li>Alarmas sonoras y visuales programables por el usuario para numerosas condiciones de falla.<\/li>\n<li>Equipado con una salida de alarma de 0 a 12V que puede activar un sistema de control de procesos.<\/li>\n<li>Se pueden almacenar y recuperar hasta 16 configuraciones de pantalla diferentes con solo tocar un bot\u00f3n.<\/li>\n<li>El software opcional registra en tiempo real o muestra datos gr\u00e1ficos\/estad\u00edsticos.<\/li>\n<li>El conector Ethernet RJ45 incorporado permite monitorear m\u00faltiples unidades desde la misma pantalla y le brinda la posibilidad de conectividad remota a trav\u00e9s de Internet.<\/li>\n<li>Enviar datos a una impresora a trav\u00e9s de la salida RS232 en tiempo real.<\/li>\n<li>Opci\u00f3n inal\u00e1mbrica RF disponible.<\/li>\n<\/ul>\n<p>&nbsp;<\/p>\n<h4>Fluke 1621A-H-156 Especificaciones<\/h4>\n<table class=\"table table-striped\">\n<tbody>\n<tr>\n<td>Rango de temperatura<\/td>\n<td>0 a 50\u00b0C (32 a 122\u00b0F)<\/td>\n<\/tr>\n<tr>\n<td>Exactitud<\/td>\n<td>\u00b10.125\u00b0C: 16 a 24\u00b0C (\u00b10.225\u00b0F: 60.8 a 75.2\u00b0F)<\/td>\n<\/tr>\n<tr>\n<td>Precisi\u00f3n Delta T<\/td>\n<td>\u00b10.025\u00b0C para \u00b11\u00b0C cambia w\/i 15 a 35\u00b0C (\u00b10.045\u00b0F para \u00b11\u00b0F cambia w\/i 59 a 95\u00b0F)<\/td>\n<\/tr>\n<tr>\n<td>Resoluci\u00f3n<\/td>\n<td>Usuario seleccionable hasta 0.001\u00b0C\/\u00b0F<\/td>\n<\/tr>\n<tr>\n<td>Rango de humedad<\/td>\n<td>0 a 100% HR<\/td>\n<\/tr>\n<tr>\n<td>Precisi\u00f3n RH<\/td>\n<td>\u00b11,5% HR: 20 a 70% HR<\/td>\n<\/tr>\n<tr>\n<td>Precisi\u00f3n Delta RH<\/td>\n<td>\u00b11,0% para cambios del \u00b15% con 20 a 70% HR<\/td>\n<\/tr>\n<tr>\n<td>Resoluci\u00f3n RH<\/td>\n<td>Usuario seleccionable hasta 0.01%<\/td>\n<\/tr>\n<tr>\n<td>Entradas<\/td>\n<td>Hasta 2 sensores, cada uno mide la temperatura y la humedad del rendimiento; Cada uno es desmontable, extensible por cable e intercambiable con calibraci\u00f3n aut\u00f3noma<\/td>\n<\/tr>\n<tr>\n<td>Monitor<\/td>\n<td>LCD monocrom\u00e1tico de gr\u00e1ficos de 240 x 128, muestra datos de temperatura y HR de forma gr\u00e1fica, num\u00e9rica y estad\u00edstica; Se incluyen 16 configuraciones de pantalla predefinidas y cambiables por el usuario<\/td>\n<\/tr>\n<tr>\n<td>Memoria<\/td>\n<td>400.000 lecturas individuales t\u00edpicas con marca de tiempo<\/td>\n<\/tr>\n<tr>\n<td>Alarmas<\/td>\n<td>Alarmas visuales y de audio para condiciones de temperatura, temperatura, HR, velocidad de HR y falla<\/td>\n<\/tr>\n<tr>\n<td>Salida del puerto de alarma<\/td>\n<td>Enchufe subminiatura de dos conductores de 2,5 mm, 0V normal, 11 a 12 V activo, fuentes de hasta 20 mA<\/td>\n<\/tr>\n<tr>\n<td>Comunicaciones<\/td>\n<td>RS232, Ethernet, RF (opcional)<\/td>\n<\/tr>\n<tr>\n<td>Fuente de alimentaci\u00f3n<\/td>\n<td>12VDC desde 100-240VAC externo<\/td>\n<\/tr>\n<tr>\n<td>Dimensiones<\/td>\n<td>4,9 x 8,3 x 2,0&#8243; (125 x 211 x 51 mm);<\/td>\n<\/tr>\n<tr>\n<td>Sensor<\/td>\n<td>3.1&#8243;L x 0.75&#8243; de di\u00e1metro (79 x 19mm)<\/td>\n<\/tr>\n<tr>\n<td>Peso<\/td>\n<td>1,5 lb (0,7 kg)<\/td>\n<\/tr>\n<\/tbody>\n<\/table>\n","protected":false},"excerpt":{"rendered":"<p>&nbsp;<\/p>\n<p><strong>Funciones:<\/strong><\/p>\n<ul>\n<li>Se pueden almacenar y recuperar hasta 16 configuraciones de pantalla diferentes con solo tocar un bot\u00f3n.<\/li>\n<li>El software opcional registra en tiempo real o muestra datos gr\u00e1ficos\/estad\u00edsticos.<\/li>\n<li>El conector Ethernet RJ45 incorporado permite monitorear m\u00faltiples unidades desde la misma pantalla y le brinda la posibilidad de conectividad remota a trav\u00e9s de Internet.<\/li>\n<li>Enviar datos a una impresora a trav\u00e9s de la salida RS232 en tiempo real.<\/li>\n<li>Opci\u00f3n inal\u00e1mbrica RF disponible.<\/li>\n<\/ul>\n","protected":false},"featured_media":2463,"comment_status":"open","ping_status":"closed","template":"","meta":{"_joinchat":[]},"product_brand":[],"product_cat":[15],"product_tag":[],"class_list":{"0":"post-2460","1":"product","2":"type-product","3":"status-publish","4":"has-post-thumbnail","6":"product_cat-sin-categorizar","8":"first","9":"instock","10":"shipping-taxable","11":"product-type-simple"},"yoast_head":"<!-- This site is optimized with the Yoast SEO plugin v26.4 - https:\/\/yoast.com\/wordpress\/plugins\/seo\/ -->\n<title>kit de valor del termohigr\u00f3metro dewk fluke 1621a-h-156, alta precisi\u00f3n - Abaa tienda online<\/title>\n<meta name=\"robots\" content=\"index, follow, max-snippet:-1, max-image-preview:large, max-video-preview:-1\" \/>\n<link rel=\"canonical\" href=\"https:\/\/abaa.mx\/tienda\/kit-de-valor-del-termohigrometro-dewk-fluke-1621a-h-156-alta-precision\/\" \/>\n<meta property=\"og:locale\" content=\"es_MX\" \/>\n<meta property=\"og:type\" content=\"article\" \/>\n<meta property=\"og:title\" content=\"kit de valor del termohigr\u00f3metro dewk fluke 1621a-h-156, alta precisi\u00f3n - Abaa tienda online\" \/>\n<meta property=\"og:description\" content=\"&nbsp;  Funciones:   Se pueden almacenar y recuperar hasta 16 configuraciones de pantalla diferentes con solo tocar un bot\u00f3n.  El software opcional registra en tiempo real o muestra datos gr\u00e1ficos\/estad\u00edsticos.  El conector Ethernet RJ45 incorporado permite monitorear m\u00faltiples unidades desde la misma pantalla y le brinda la posibilidad de conectividad remota a trav\u00e9s de Internet.  Enviar datos a una impresora a trav\u00e9s de la salida RS232 en tiempo real.  Opci\u00f3n inal\u00e1mbrica RF disponible.\" \/>\n<meta property=\"og:url\" content=\"https:\/\/abaa.mx\/tienda\/kit-de-valor-del-termohigrometro-dewk-fluke-1621a-h-156-alta-precision\/\" \/>\n<meta property=\"og:site_name\" content=\"Abaa tienda online\" \/>\n<meta property=\"article:modified_time\" content=\"2023-11-28T15:02:20+00:00\" \/>\n<meta property=\"og:image\" content=\"https:\/\/abaa.mx\/tienda\/wp-content\/uploads\/2023\/09\/1621A-H-156-1.jpg\" \/>\n\t<meta property=\"og:image:width\" content=\"270\" \/>\n\t<meta property=\"og:image:height\" content=\"237\" \/>\n\t<meta property=\"og:image:type\" content=\"image\/jpeg\" \/>\n<meta name=\"twitter:card\" content=\"summary_large_image\" \/>\n<meta name=\"twitter:label1\" content=\"Tiempo de lectura\" \/>\n\t<meta name=\"twitter:data1\" content=\"2 minutos\" \/>\n<script type=\"application\/ld+json\" class=\"yoast-schema-graph\">{\"@context\":\"https:\/\/schema.org\",\"@graph\":[{\"@type\":\"WebPage\",\"@id\":\"https:\/\/abaa.mx\/tienda\/kit-de-valor-del-termohigrometro-dewk-fluke-1621a-h-156-alta-precision\/\",\"url\":\"https:\/\/abaa.mx\/tienda\/kit-de-valor-del-termohigrometro-dewk-fluke-1621a-h-156-alta-precision\/\",\"name\":\"kit de valor del termohigr\u00f3metro dewk fluke 1621a-h-156, alta precisi\u00f3n - Abaa tienda online\",\"isPartOf\":{\"@id\":\"https:\/\/abaa.mx\/tienda\/#website\"},\"primaryImageOfPage\":{\"@id\":\"https:\/\/abaa.mx\/tienda\/kit-de-valor-del-termohigrometro-dewk-fluke-1621a-h-156-alta-precision\/#primaryimage\"},\"image\":{\"@id\":\"https:\/\/abaa.mx\/tienda\/kit-de-valor-del-termohigrometro-dewk-fluke-1621a-h-156-alta-precision\/#primaryimage\"},\"thumbnailUrl\":\"https:\/\/abaa.mx\/tienda\/wp-content\/uploads\/2023\/09\/1621A-H-156-1.jpg\",\"datePublished\":\"2023-09-21T16:43:58+00:00\",\"dateModified\":\"2023-11-28T15:02:20+00:00\",\"breadcrumb\":{\"@id\":\"https:\/\/abaa.mx\/tienda\/kit-de-valor-del-termohigrometro-dewk-fluke-1621a-h-156-alta-precision\/#breadcrumb\"},\"inLanguage\":\"es\",\"potentialAction\":[{\"@type\":\"ReadAction\",\"target\":[\"https:\/\/abaa.mx\/tienda\/kit-de-valor-del-termohigrometro-dewk-fluke-1621a-h-156-alta-precision\/\"]}]},{\"@type\":\"ImageObject\",\"inLanguage\":\"es\",\"@id\":\"https:\/\/abaa.mx\/tienda\/kit-de-valor-del-termohigrometro-dewk-fluke-1621a-h-156-alta-precision\/#primaryimage\",\"url\":\"https:\/\/abaa.mx\/tienda\/wp-content\/uploads\/2023\/09\/1621A-H-156-1.jpg\",\"contentUrl\":\"https:\/\/abaa.mx\/tienda\/wp-content\/uploads\/2023\/09\/1621A-H-156-1.jpg\",\"width\":270,\"height\":237,\"caption\":\"1621A-H-156\"},{\"@type\":\"BreadcrumbList\",\"@id\":\"https:\/\/abaa.mx\/tienda\/kit-de-valor-del-termohigrometro-dewk-fluke-1621a-h-156-alta-precision\/#breadcrumb\",\"itemListElement\":[{\"@type\":\"ListItem\",\"position\":1,\"name\":\"Inicio\",\"item\":\"https:\/\/abaa.mx\/tienda\/\"},{\"@type\":\"ListItem\",\"position\":2,\"name\":\"Tienda\",\"item\":\"https:\/\/abaa.mx\/tienda\/\"},{\"@type\":\"ListItem\",\"position\":3,\"name\":\"kit de valor del termohigr\u00f3metro dewk fluke 1621a-h-156, alta precisi\u00f3n\"}]},{\"@type\":\"WebSite\",\"@id\":\"https:\/\/abaa.mx\/tienda\/#website\",\"url\":\"https:\/\/abaa.mx\/tienda\/\",\"name\":\"Abaa tienda online\",\"description\":\"Instrumentos de medici\u00f3n\",\"publisher\":{\"@id\":\"https:\/\/abaa.mx\/tienda\/#organization\"},\"potentialAction\":[{\"@type\":\"SearchAction\",\"target\":{\"@type\":\"EntryPoint\",\"urlTemplate\":\"https:\/\/abaa.mx\/tienda\/?s={search_term_string}\"},\"query-input\":{\"@type\":\"PropertyValueSpecification\",\"valueRequired\":true,\"valueName\":\"search_term_string\"}}],\"inLanguage\":\"es\"},{\"@type\":\"Organization\",\"@id\":\"https:\/\/abaa.mx\/tienda\/#organization\",\"name\":\"Abaa tienda online\",\"url\":\"https:\/\/abaa.mx\/tienda\/\",\"logo\":{\"@type\":\"ImageObject\",\"inLanguage\":\"es\",\"@id\":\"https:\/\/abaa.mx\/tienda\/#\/schema\/logo\/image\/\",\"url\":\"https:\/\/abaa.mx\/tienda\/wp-content\/uploads\/2024\/01\/abaa-metrologia-tienda.png\",\"contentUrl\":\"https:\/\/abaa.mx\/tienda\/wp-content\/uploads\/2024\/01\/abaa-metrologia-tienda.png\",\"width\":300,\"height\":141,\"caption\":\"Abaa tienda online\"},\"image\":{\"@id\":\"https:\/\/abaa.mx\/tienda\/#\/schema\/logo\/image\/\"}}]}<\/script>\n<!-- \/ Yoast SEO plugin. -->","yoast_head_json":{"title":"kit de valor del termohigr\u00f3metro dewk fluke 1621a-h-156, alta precisi\u00f3n - Abaa tienda online","robots":{"index":"index","follow":"follow","max-snippet":"max-snippet:-1","max-image-preview":"max-image-preview:large","max-video-preview":"max-video-preview:-1"},"canonical":"https:\/\/abaa.mx\/tienda\/kit-de-valor-del-termohigrometro-dewk-fluke-1621a-h-156-alta-precision\/","og_locale":"es_MX","og_type":"article","og_title":"kit de valor del termohigr\u00f3metro dewk fluke 1621a-h-156, alta precisi\u00f3n - Abaa tienda online","og_description":"&nbsp;  Funciones:   Se pueden almacenar y recuperar hasta 16 configuraciones de pantalla diferentes con solo tocar un bot\u00f3n.  El software opcional registra en tiempo real o muestra datos gr\u00e1ficos\/estad\u00edsticos.  El conector Ethernet RJ45 incorporado permite monitorear m\u00faltiples unidades desde la misma pantalla y le brinda la posibilidad de conectividad remota a trav\u00e9s de Internet.  Enviar datos a una impresora a trav\u00e9s de la salida RS232 en tiempo real.  Opci\u00f3n inal\u00e1mbrica RF disponible.","og_url":"https:\/\/abaa.mx\/tienda\/kit-de-valor-del-termohigrometro-dewk-fluke-1621a-h-156-alta-precision\/","og_site_name":"Abaa tienda online","article_modified_time":"2023-11-28T15:02:20+00:00","og_image":[{"width":270,"height":237,"url":"https:\/\/abaa.mx\/tienda\/wp-content\/uploads\/2023\/09\/1621A-H-156-1.jpg","type":"image\/jpeg"}],"twitter_card":"summary_large_image","twitter_misc":{"Tiempo de lectura":"2 minutos"},"schema":{"@context":"https:\/\/schema.org","@graph":[{"@type":"WebPage","@id":"https:\/\/abaa.mx\/tienda\/kit-de-valor-del-termohigrometro-dewk-fluke-1621a-h-156-alta-precision\/","url":"https:\/\/abaa.mx\/tienda\/kit-de-valor-del-termohigrometro-dewk-fluke-1621a-h-156-alta-precision\/","name":"kit de valor del termohigr\u00f3metro dewk fluke 1621a-h-156, alta precisi\u00f3n - Abaa tienda online","isPartOf":{"@id":"https:\/\/abaa.mx\/tienda\/#website"},"primaryImageOfPage":{"@id":"https:\/\/abaa.mx\/tienda\/kit-de-valor-del-termohigrometro-dewk-fluke-1621a-h-156-alta-precision\/#primaryimage"},"image":{"@id":"https:\/\/abaa.mx\/tienda\/kit-de-valor-del-termohigrometro-dewk-fluke-1621a-h-156-alta-precision\/#primaryimage"},"thumbnailUrl":"https:\/\/abaa.mx\/tienda\/wp-content\/uploads\/2023\/09\/1621A-H-156-1.jpg","datePublished":"2023-09-21T16:43:58+00:00","dateModified":"2023-11-28T15:02:20+00:00","breadcrumb":{"@id":"https:\/\/abaa.mx\/tienda\/kit-de-valor-del-termohigrometro-dewk-fluke-1621a-h-156-alta-precision\/#breadcrumb"},"inLanguage":"es","potentialAction":[{"@type":"ReadAction","target":["https:\/\/abaa.mx\/tienda\/kit-de-valor-del-termohigrometro-dewk-fluke-1621a-h-156-alta-precision\/"]}]},{"@type":"ImageObject","inLanguage":"es","@id":"https:\/\/abaa.mx\/tienda\/kit-de-valor-del-termohigrometro-dewk-fluke-1621a-h-156-alta-precision\/#primaryimage","url":"https:\/\/abaa.mx\/tienda\/wp-content\/uploads\/2023\/09\/1621A-H-156-1.jpg","contentUrl":"https:\/\/abaa.mx\/tienda\/wp-content\/uploads\/2023\/09\/1621A-H-156-1.jpg","width":270,"height":237,"caption":"1621A-H-156"},{"@type":"BreadcrumbList","@id":"https:\/\/abaa.mx\/tienda\/kit-de-valor-del-termohigrometro-dewk-fluke-1621a-h-156-alta-precision\/#breadcrumb","itemListElement":[{"@type":"ListItem","position":1,"name":"Inicio","item":"https:\/\/abaa.mx\/tienda\/"},{"@type":"ListItem","position":2,"name":"Tienda","item":"https:\/\/abaa.mx\/tienda\/"},{"@type":"ListItem","position":3,"name":"kit de valor del termohigr\u00f3metro dewk fluke 1621a-h-156, alta precisi\u00f3n"}]},{"@type":"WebSite","@id":"https:\/\/abaa.mx\/tienda\/#website","url":"https:\/\/abaa.mx\/tienda\/","name":"Abaa tienda online","description":"Instrumentos de medici\u00f3n","publisher":{"@id":"https:\/\/abaa.mx\/tienda\/#organization"},"potentialAction":[{"@type":"SearchAction","target":{"@type":"EntryPoint","urlTemplate":"https:\/\/abaa.mx\/tienda\/?s={search_term_string}"},"query-input":{"@type":"PropertyValueSpecification","valueRequired":true,"valueName":"search_term_string"}}],"inLanguage":"es"},{"@type":"Organization","@id":"https:\/\/abaa.mx\/tienda\/#organization","name":"Abaa tienda online","url":"https:\/\/abaa.mx\/tienda\/","logo":{"@type":"ImageObject","inLanguage":"es","@id":"https:\/\/abaa.mx\/tienda\/#\/schema\/logo\/image\/","url":"https:\/\/abaa.mx\/tienda\/wp-content\/uploads\/2024\/01\/abaa-metrologia-tienda.png","contentUrl":"https:\/\/abaa.mx\/tienda\/wp-content\/uploads\/2024\/01\/abaa-metrologia-tienda.png","width":300,"height":141,"caption":"Abaa tienda online"},"image":{"@id":"https:\/\/abaa.mx\/tienda\/#\/schema\/logo\/image\/"}}]}},"_links":{"self":[{"href":"https:\/\/abaa.mx\/tienda\/wp-json\/wp\/v2\/product\/2460","targetHints":{"allow":["GET"]}}],"collection":[{"href":"https:\/\/abaa.mx\/tienda\/wp-json\/wp\/v2\/product"}],"about":[{"href":"https:\/\/abaa.mx\/tienda\/wp-json\/wp\/v2\/types\/product"}],"replies":[{"embeddable":true,"href":"https:\/\/abaa.mx\/tienda\/wp-json\/wp\/v2\/comments?post=2460"}],"wp:featuredmedia":[{"embeddable":true,"href":"https:\/\/abaa.mx\/tienda\/wp-json\/wp\/v2\/media\/2463"}],"wp:attachment":[{"href":"https:\/\/abaa.mx\/tienda\/wp-json\/wp\/v2\/media?parent=2460"}],"wp:term":[{"taxonomy":"product_brand","embeddable":true,"href":"https:\/\/abaa.mx\/tienda\/wp-json\/wp\/v2\/product_brand?post=2460"},{"taxonomy":"product_cat","embeddable":true,"href":"https:\/\/abaa.mx\/tienda\/wp-json\/wp\/v2\/product_cat?post=2460"},{"taxonomy":"product_tag","embeddable":true,"href":"https:\/\/abaa.mx\/tienda\/wp-json\/wp\/v2\/product_tag?post=2460"}],"curies":[{"name":"wp","href":"https:\/\/api.w.org\/{rel}","templated":true}]}}