{"id":2448,"date":"2023-09-21T16:30:50","date_gmt":"2023-09-21T16:30:50","guid":{"rendered":"https:\/\/abaa.mx\/tienda\/?post_type=product&#038;p=2448"},"modified":"2023-11-28T15:08:01","modified_gmt":"2023-11-28T15:08:01","slug":"fluke-1620a-h-156-dewk-termohigrometro-alta-precision","status":"publish","type":"product","link":"https:\/\/abaa.mx\/tienda\/fluke-1620a-h-156-dewk-termohigrometro-alta-precision\/","title":{"rendered":"Fluke 1620a-h-156 dewk termohigr\u00f3metro, alta precisi\u00f3n"},"content":{"rendered":"<div class=\"span10\">\n<div class=\"mhide ipad-view-setting\">\n<div class=\"row-fluid ProductTabs\">\n<div class=\"span12\">\n<div class=\"tab-content\">\n<div id=\"tab0\" class=\"product-tabs tab-pane active\">\n<p>&nbsp;<\/p>\n<p>Las lecturas de humedad relativa del sensor de alta precisi\u00f3n (modelo H) son de \u00b11.5% HR de 20 a 70% HR. Todos los sensores termohigr\u00f3metros DewK vienen con certificados de calibraci\u00f3n acreditados por NVLAP para temperatura y humedad, completos con datos y trazabilidad NIST.<\/p>\n<p>&nbsp;<\/p>\n<p><strong>Funciones<\/strong><\/p>\n<ul>\n<li>Precisi\u00f3n superior.<\/li>\n<li>Red habilitada.<\/li>\n<li>Potentes herramientas de registro y an\u00e1lisis.<\/li>\n<li>Dos sensores calibrados intercambiables.<\/li>\n<li>Gran memoria.<\/li>\n<li>Software actualizado.<\/li>\n<\/ul>\n<p>&nbsp;<\/p>\n<p><strong>Ethernet y capacidad inal\u00e1mbrica<\/strong><\/p>\n<p>Con su conector Ethernet RJ45 integrado, se pueden supervisar varios DewK desde la misma pantalla utilizando el software cliente-servidor Log Ware III. Ethernet tambi\u00e9n le brinda la posibilidad de conectividad remota a trav\u00e9s de Internet, para que pueda monitorear condiciones cr\u00edticas mientras est\u00e1 fuera.<\/p>\n<p>Los cables que corren a lo largo del piso pueden ser un peligro para la seguridad, y los cables que cuelgan del techo y las paredes son una monstruosidad. Con el DewK, simplemente conecte su computadora a trav\u00e9s de un m\u00f3dem RF a una distancia de hasta 100 &#8216;, sin el desorden de todos los cables adicionales. Si necesita una copia impresa, env\u00ede datos a una impresora a trav\u00e9s de la interfaz RS-232 en tiempo real.<\/p>\n<p>&nbsp;<\/p>\n<p><strong>Funciones matem\u00e1ticas y estad\u00edsticas:<\/strong><\/p>\n<p>Adem\u00e1s de la temperatura y la humedad, el DewK calcula el punto de roc\u00edo, el \u00edndice de calor y las tasas de cambio tanto para la temperatura como para la humedad. El m\u00ednimo, el m\u00e1ximo y una variedad de otras estad\u00edsticas tambi\u00e9n se calculan y se pueden mostrar en la pantalla. Las estad\u00edsticas de resumen diario, incluidas las tasas m\u00ednimas, m\u00e1ximas y m\u00e1ximas de cambio, se almacenan durante los sesenta d\u00edas m\u00e1s recientes.<\/p>\n<p>&nbsp;<\/p>\n<p><strong>Sensores calibrados:<\/strong><\/p>\n<p>Con entradas para dos sensores, cada uno midiendo tanto la temperatura como la humedad relativa, un DewK puede monitorear dos ubicaciones al mismo tiempo. Ambos sensores se pueden ejecutar a trav\u00e9s de cables de extensi\u00f3n a ubicaciones remotas a una distancia de hasta 100 &#8216;, o un sensor se puede montar directamente en la parte superior del DewK.<\/p>\n<p>Cada sensor se calibra tanto para la temperatura como para la humedad mediante la calibraci\u00f3n de fluke. Las constantes de calibraci\u00f3n asignadas a los sensores residen en un chip de memoria ubicado dentro de la carcasa del sensor, por lo que los sensores se pueden usar indistintamente entre diferentes DewK, y la recalibraci\u00f3n de los sensores no requiere un DewK acompa\u00f1ante.<\/p>\n<p>A los sensores tambi\u00e9n se les puede asignar un identificador \u00fanico (hasta 16 caracteres) para facilitar el mantenimiento de registros al hacer coincidir el identificador del sensor con los datos recopilados. Cada DewK se env\u00eda con un sensor.<\/p>\n<p>&nbsp;<\/p>\n<p><strong>Memoria:<\/strong><\/p>\n<p>El DewK tiene suficiente memoria integrada para almacenar hasta 400.000 puntos de datos marcados con fecha y hora. \u00a1Eso es dos a\u00f1os de datos para ambas mediciones de dos sensores si se toman lecturas cada diez minutos!<\/p>\n<p>&nbsp;<\/p>\n<p><strong>Alarmas y bater\u00edas de respaldo:<\/strong><\/p>\n<p>Los ajustes de alarma se pueden configurar r\u00e1pidamente en el DewK en funci\u00f3n de la temperatura, la tasa de cambio de temperatura, la HR, la tasa de cambio en la HR y las condiciones de falla del instrumento. Las alarmas pueden ser tanto visuales (pantalla intermitente) como audibles (pitidos). Del mismo modo, se pueden configurar ajustes de alarma y activar eventos en Log Ware III. El DewK tambi\u00e9n est\u00e1 equipado con una salida de alarma de 0 a 12 V que puede activar un sistema de control de procesos. Una bater\u00eda de respaldo apaga la pantalla del DewK, pero mantiene las mediciones hasta 16 horas en caso de un corte de energ\u00eda.<\/p>\n<p>&nbsp;<\/p>\n<p><strong>Pantalla grande:<\/strong><\/p>\n<p>\u00bfDesea ver datos desde el otro lado de la habitaci\u00f3n? \u00bfDesea ver datos de dos entradas de temperatura y dos entradas de humedad simult\u00e1neamente? \u00bfDesea ver los datos gr\u00e1ficamente, estad\u00edsticamente o ambos? \u00bfAl mismo tiempo? El DewK hace todo lo que puedas desear, o al menos todo lo que se nos ocurra. Se pueden almacenar y recuperar hasta 16 configuraciones de pantalla diferentes con solo tocar un bot\u00f3n. Y los 16 se pueden modificar f\u00e1cilmente, para que obtenga exactamente lo que desea.<\/p>\n<p>&nbsp;<\/p>\n<h4>Fluke 1620A-H-156 Especificaciones<\/h4>\n<table class=\"table table-striped\">\n<tbody>\n<tr>\n<td>Rango de operaci\u00f3n<\/td>\n<td>32 a 122\u00b0F (0 a 50\u00b0C); 0 a 100% HR<\/td>\n<\/tr>\n<tr>\n<td>Precisi\u00f3n de temperatura calibrada<\/td>\n<td>Modelo H: \u00b132.23\u00b0F de 60.8 a 75.5\u00b0F (\u00b10.125\u00b0C de 16 a 24\u00b0C)<\/td>\n<\/tr>\n<tr>\n<td>Precisi\u00f3n RH calibrada<\/td>\n<td>Modelo H: \u00b11.5% HR de 20 a 70% HR<\/td>\n<\/tr>\n<tr>\n<td>Rendimiento extrapolado esperado (no certificado)<\/td>\n<td>\u00b10.9\u00b0F (\u00b10.5\u00b0C) fuera del rango calibrado; \u00b13% HR fuera del rango calibrado<\/td>\n<\/tr>\n<tr>\n<td>Precisi\u00f3n de temperatura Delta<\/td>\n<td>\u00b10.045 \u00b0 F para cambios de \u00b1 1 \u00b0 dentro de 59 a 95 \u00b0 F (\u00b10.025 \u00b0 C para cambios de \u00b1 1 \u00b0 dentro de 15 a 35 \u00b0 C)<\/td>\n<\/tr>\n<tr>\n<td>Resoluci\u00f3n de temperatura<\/td>\n<td>El usuario puede seleccionar hasta 0,001 \u00b0F\/\u00b0C en la pantalla del panel frontal (0,01 \u00b0 grabado)<\/td>\n<\/tr>\n<tr>\n<td>Precisi\u00f3n de humedad Delta<\/td>\n<td>\u00b11,0% HR para cambios del \u00b15% dentro de 20 a 70% HR<\/td>\n<\/tr>\n<tr>\n<td>Resoluci\u00f3n RH<\/td>\n<td>El usuario puede seleccionar hasta un 0,01% en la pantalla del panel frontal (0,1% grabado)<\/td>\n<\/tr>\n<tr>\n<td>Memoria<\/td>\n<td>400.000 lecturas individuales t\u00edpicas con sello de fecha\/hora<\/td>\n<\/tr>\n<tr>\n<td>Entradas<\/td>\n<td>Hasta dos sensores, miden la temperatura y la humedad relativa, calibraciones desmontables, extensibles por cable, intercambiables y aut\u00f3nomas, se les pueden asignar identificaciones \u00fanicas de 16 caracteres<\/td>\n<\/tr>\n<tr>\n<td>Monitor<\/td>\n<td>LCD monocrom\u00e1tico de gr\u00e1ficos de 240 x 128, muestra datos de temperatura\/humedad protegidos por contrase\u00f1a de forma gr\u00e1fica, num\u00e9rica y estad\u00edstica (uno o ambos canales); 16 configuraciones de pantalla predefinidas y cambiables por el usuario<\/td>\n<\/tr>\n<tr>\n<td>Alarmas<\/td>\n<td>Alarmas visuales, audibles y externas protegidas por contrase\u00f1a para temperatura, tasa de temperatura, HR, velocidad de HR y condiciones de falla<\/td>\n<\/tr>\n<tr>\n<td>Conectividad<\/td>\n<td>Ethernet, RS-232, RF (opcional)<\/td>\n<\/tr>\n<tr>\n<td>Montura<\/td>\n<td>Montado en la pared (hardware incluido) o colocado en una mesa de trabajo<\/td>\n<\/tr>\n<tr>\n<td>Poder<\/td>\n<td>12V DC desde una fuente de alimentaci\u00f3n externa de 100 a 240V DC<\/td>\n<\/tr>\n<tr>\n<td>Bater\u00eda de respaldo<\/td>\n<td>La bater\u00eda est\u00e1ndar de 9V permite la medici\u00f3n continua durante las interrupciones de energ\u00eda<\/td>\n<\/tr>\n<tr>\n<td>Dimensiones<\/td>\n<td>Sensor: 3.1 x 0.75&#8243; (79 x 19 mm)Roc\u00edo: 4.9 x 8.3 x 2&#8243; (125 x 211 x 51 mm)<\/td>\n<\/tr>\n<tr>\n<td>Peso<\/td>\n<td>1,5 lb (0,7 kg)<\/td>\n<\/tr>\n<\/tbody>\n<\/table>\n<\/div>\n<\/div>\n<\/div>\n<\/div>\n<\/div>\n<\/div>\n","protected":false},"excerpt":{"rendered":"<p>Las lecturas de humedad relativa del sensor de alta precisi\u00f3n (modelo H) son de \u00b11.5% HR de 20 a 70% HR. Todos los sensores termohigr\u00f3metros DewK vienen con certificados de calibraci\u00f3n acreditados por NVLAP para temperatura y humedad, completos con datos y trazabilidad NIST.<\/p>\n","protected":false},"featured_media":2455,"comment_status":"open","ping_status":"closed","template":"","meta":{"_joinchat":[]},"product_brand":[],"product_cat":[15],"product_tag":[],"class_list":{"0":"post-2448","1":"product","2":"type-product","3":"status-publish","4":"has-post-thumbnail","6":"product_cat-sin-categorizar","8":"first","9":"instock","10":"shipping-taxable","11":"product-type-simple"},"yoast_head":"<!-- This site is optimized with the Yoast SEO plugin v26.4 - https:\/\/yoast.com\/wordpress\/plugins\/seo\/ -->\n<title>Fluke 1620a-h-156 dewk termohigr\u00f3metro, alta precisi\u00f3n - Abaa tienda online<\/title>\n<meta name=\"robots\" content=\"index, follow, max-snippet:-1, max-image-preview:large, max-video-preview:-1\" \/>\n<link rel=\"canonical\" href=\"https:\/\/abaa.mx\/tienda\/fluke-1620a-h-156-dewk-termohigrometro-alta-precision\/\" \/>\n<meta property=\"og:locale\" content=\"es_MX\" \/>\n<meta property=\"og:type\" content=\"article\" \/>\n<meta property=\"og:title\" content=\"Fluke 1620a-h-156 dewk termohigr\u00f3metro, alta precisi\u00f3n - Abaa tienda online\" \/>\n<meta property=\"og:description\" content=\"Las lecturas de humedad relativa del sensor de alta precisi\u00f3n (modelo H) son de \u00b11.5% HR de 20 a 70% HR. Todos los sensores termohigr\u00f3metros DewK vienen con certificados de calibraci\u00f3n acreditados por NVLAP para temperatura y humedad, completos con datos y trazabilidad NIST.\" \/>\n<meta property=\"og:url\" content=\"https:\/\/abaa.mx\/tienda\/fluke-1620a-h-156-dewk-termohigrometro-alta-precision\/\" \/>\n<meta property=\"og:site_name\" content=\"Abaa tienda online\" \/>\n<meta property=\"article:modified_time\" content=\"2023-11-28T15:08:01+00:00\" \/>\n<meta property=\"og:image\" content=\"https:\/\/abaa.mx\/tienda\/wp-content\/uploads\/2023\/09\/1620A-H-156.jpg\" \/>\n\t<meta property=\"og:image:width\" content=\"270\" \/>\n\t<meta property=\"og:image:height\" content=\"218\" \/>\n\t<meta property=\"og:image:type\" content=\"image\/jpeg\" \/>\n<meta name=\"twitter:card\" content=\"summary_large_image\" \/>\n<meta name=\"twitter:label1\" content=\"Tiempo de lectura\" \/>\n\t<meta name=\"twitter:data1\" content=\"5 minutos\" \/>\n<script type=\"application\/ld+json\" class=\"yoast-schema-graph\">{\"@context\":\"https:\/\/schema.org\",\"@graph\":[{\"@type\":\"WebPage\",\"@id\":\"https:\/\/abaa.mx\/tienda\/fluke-1620a-h-156-dewk-termohigrometro-alta-precision\/\",\"url\":\"https:\/\/abaa.mx\/tienda\/fluke-1620a-h-156-dewk-termohigrometro-alta-precision\/\",\"name\":\"Fluke 1620a-h-156 dewk termohigr\u00f3metro, alta precisi\u00f3n - Abaa tienda online\",\"isPartOf\":{\"@id\":\"https:\/\/abaa.mx\/tienda\/#website\"},\"primaryImageOfPage\":{\"@id\":\"https:\/\/abaa.mx\/tienda\/fluke-1620a-h-156-dewk-termohigrometro-alta-precision\/#primaryimage\"},\"image\":{\"@id\":\"https:\/\/abaa.mx\/tienda\/fluke-1620a-h-156-dewk-termohigrometro-alta-precision\/#primaryimage\"},\"thumbnailUrl\":\"https:\/\/abaa.mx\/tienda\/wp-content\/uploads\/2023\/09\/1620A-H-156.jpg\",\"datePublished\":\"2023-09-21T16:30:50+00:00\",\"dateModified\":\"2023-11-28T15:08:01+00:00\",\"breadcrumb\":{\"@id\":\"https:\/\/abaa.mx\/tienda\/fluke-1620a-h-156-dewk-termohigrometro-alta-precision\/#breadcrumb\"},\"inLanguage\":\"es\",\"potentialAction\":[{\"@type\":\"ReadAction\",\"target\":[\"https:\/\/abaa.mx\/tienda\/fluke-1620a-h-156-dewk-termohigrometro-alta-precision\/\"]}]},{\"@type\":\"ImageObject\",\"inLanguage\":\"es\",\"@id\":\"https:\/\/abaa.mx\/tienda\/fluke-1620a-h-156-dewk-termohigrometro-alta-precision\/#primaryimage\",\"url\":\"https:\/\/abaa.mx\/tienda\/wp-content\/uploads\/2023\/09\/1620A-H-156.jpg\",\"contentUrl\":\"https:\/\/abaa.mx\/tienda\/wp-content\/uploads\/2023\/09\/1620A-H-156.jpg\",\"width\":270,\"height\":218,\"caption\":\"1620A-H-156\"},{\"@type\":\"BreadcrumbList\",\"@id\":\"https:\/\/abaa.mx\/tienda\/fluke-1620a-h-156-dewk-termohigrometro-alta-precision\/#breadcrumb\",\"itemListElement\":[{\"@type\":\"ListItem\",\"position\":1,\"name\":\"Inicio\",\"item\":\"https:\/\/abaa.mx\/tienda\/\"},{\"@type\":\"ListItem\",\"position\":2,\"name\":\"Tienda\",\"item\":\"https:\/\/abaa.mx\/tienda\/\"},{\"@type\":\"ListItem\",\"position\":3,\"name\":\"Fluke 1620a-h-156 dewk termohigr\u00f3metro, alta precisi\u00f3n\"}]},{\"@type\":\"WebSite\",\"@id\":\"https:\/\/abaa.mx\/tienda\/#website\",\"url\":\"https:\/\/abaa.mx\/tienda\/\",\"name\":\"Abaa tienda online\",\"description\":\"Instrumentos de medici\u00f3n\",\"publisher\":{\"@id\":\"https:\/\/abaa.mx\/tienda\/#organization\"},\"potentialAction\":[{\"@type\":\"SearchAction\",\"target\":{\"@type\":\"EntryPoint\",\"urlTemplate\":\"https:\/\/abaa.mx\/tienda\/?s={search_term_string}\"},\"query-input\":{\"@type\":\"PropertyValueSpecification\",\"valueRequired\":true,\"valueName\":\"search_term_string\"}}],\"inLanguage\":\"es\"},{\"@type\":\"Organization\",\"@id\":\"https:\/\/abaa.mx\/tienda\/#organization\",\"name\":\"Abaa tienda online\",\"url\":\"https:\/\/abaa.mx\/tienda\/\",\"logo\":{\"@type\":\"ImageObject\",\"inLanguage\":\"es\",\"@id\":\"https:\/\/abaa.mx\/tienda\/#\/schema\/logo\/image\/\",\"url\":\"https:\/\/abaa.mx\/tienda\/wp-content\/uploads\/2024\/01\/abaa-metrologia-tienda.png\",\"contentUrl\":\"https:\/\/abaa.mx\/tienda\/wp-content\/uploads\/2024\/01\/abaa-metrologia-tienda.png\",\"width\":300,\"height\":141,\"caption\":\"Abaa tienda online\"},\"image\":{\"@id\":\"https:\/\/abaa.mx\/tienda\/#\/schema\/logo\/image\/\"}}]}<\/script>\n<!-- \/ Yoast SEO plugin. -->","yoast_head_json":{"title":"Fluke 1620a-h-156 dewk termohigr\u00f3metro, alta precisi\u00f3n - Abaa tienda online","robots":{"index":"index","follow":"follow","max-snippet":"max-snippet:-1","max-image-preview":"max-image-preview:large","max-video-preview":"max-video-preview:-1"},"canonical":"https:\/\/abaa.mx\/tienda\/fluke-1620a-h-156-dewk-termohigrometro-alta-precision\/","og_locale":"es_MX","og_type":"article","og_title":"Fluke 1620a-h-156 dewk termohigr\u00f3metro, alta precisi\u00f3n - Abaa tienda online","og_description":"Las lecturas de humedad relativa del sensor de alta precisi\u00f3n (modelo H) son de \u00b11.5% HR de 20 a 70% HR. Todos los sensores termohigr\u00f3metros DewK vienen con certificados de calibraci\u00f3n acreditados por NVLAP para temperatura y humedad, completos con datos y trazabilidad NIST.","og_url":"https:\/\/abaa.mx\/tienda\/fluke-1620a-h-156-dewk-termohigrometro-alta-precision\/","og_site_name":"Abaa tienda online","article_modified_time":"2023-11-28T15:08:01+00:00","og_image":[{"width":270,"height":218,"url":"https:\/\/abaa.mx\/tienda\/wp-content\/uploads\/2023\/09\/1620A-H-156.jpg","type":"image\/jpeg"}],"twitter_card":"summary_large_image","twitter_misc":{"Tiempo de lectura":"5 minutos"},"schema":{"@context":"https:\/\/schema.org","@graph":[{"@type":"WebPage","@id":"https:\/\/abaa.mx\/tienda\/fluke-1620a-h-156-dewk-termohigrometro-alta-precision\/","url":"https:\/\/abaa.mx\/tienda\/fluke-1620a-h-156-dewk-termohigrometro-alta-precision\/","name":"Fluke 1620a-h-156 dewk termohigr\u00f3metro, alta precisi\u00f3n - Abaa tienda online","isPartOf":{"@id":"https:\/\/abaa.mx\/tienda\/#website"},"primaryImageOfPage":{"@id":"https:\/\/abaa.mx\/tienda\/fluke-1620a-h-156-dewk-termohigrometro-alta-precision\/#primaryimage"},"image":{"@id":"https:\/\/abaa.mx\/tienda\/fluke-1620a-h-156-dewk-termohigrometro-alta-precision\/#primaryimage"},"thumbnailUrl":"https:\/\/abaa.mx\/tienda\/wp-content\/uploads\/2023\/09\/1620A-H-156.jpg","datePublished":"2023-09-21T16:30:50+00:00","dateModified":"2023-11-28T15:08:01+00:00","breadcrumb":{"@id":"https:\/\/abaa.mx\/tienda\/fluke-1620a-h-156-dewk-termohigrometro-alta-precision\/#breadcrumb"},"inLanguage":"es","potentialAction":[{"@type":"ReadAction","target":["https:\/\/abaa.mx\/tienda\/fluke-1620a-h-156-dewk-termohigrometro-alta-precision\/"]}]},{"@type":"ImageObject","inLanguage":"es","@id":"https:\/\/abaa.mx\/tienda\/fluke-1620a-h-156-dewk-termohigrometro-alta-precision\/#primaryimage","url":"https:\/\/abaa.mx\/tienda\/wp-content\/uploads\/2023\/09\/1620A-H-156.jpg","contentUrl":"https:\/\/abaa.mx\/tienda\/wp-content\/uploads\/2023\/09\/1620A-H-156.jpg","width":270,"height":218,"caption":"1620A-H-156"},{"@type":"BreadcrumbList","@id":"https:\/\/abaa.mx\/tienda\/fluke-1620a-h-156-dewk-termohigrometro-alta-precision\/#breadcrumb","itemListElement":[{"@type":"ListItem","position":1,"name":"Inicio","item":"https:\/\/abaa.mx\/tienda\/"},{"@type":"ListItem","position":2,"name":"Tienda","item":"https:\/\/abaa.mx\/tienda\/"},{"@type":"ListItem","position":3,"name":"Fluke 1620a-h-156 dewk termohigr\u00f3metro, alta precisi\u00f3n"}]},{"@type":"WebSite","@id":"https:\/\/abaa.mx\/tienda\/#website","url":"https:\/\/abaa.mx\/tienda\/","name":"Abaa tienda online","description":"Instrumentos de medici\u00f3n","publisher":{"@id":"https:\/\/abaa.mx\/tienda\/#organization"},"potentialAction":[{"@type":"SearchAction","target":{"@type":"EntryPoint","urlTemplate":"https:\/\/abaa.mx\/tienda\/?s={search_term_string}"},"query-input":{"@type":"PropertyValueSpecification","valueRequired":true,"valueName":"search_term_string"}}],"inLanguage":"es"},{"@type":"Organization","@id":"https:\/\/abaa.mx\/tienda\/#organization","name":"Abaa tienda online","url":"https:\/\/abaa.mx\/tienda\/","logo":{"@type":"ImageObject","inLanguage":"es","@id":"https:\/\/abaa.mx\/tienda\/#\/schema\/logo\/image\/","url":"https:\/\/abaa.mx\/tienda\/wp-content\/uploads\/2024\/01\/abaa-metrologia-tienda.png","contentUrl":"https:\/\/abaa.mx\/tienda\/wp-content\/uploads\/2024\/01\/abaa-metrologia-tienda.png","width":300,"height":141,"caption":"Abaa tienda online"},"image":{"@id":"https:\/\/abaa.mx\/tienda\/#\/schema\/logo\/image\/"}}]}},"_links":{"self":[{"href":"https:\/\/abaa.mx\/tienda\/wp-json\/wp\/v2\/product\/2448","targetHints":{"allow":["GET"]}}],"collection":[{"href":"https:\/\/abaa.mx\/tienda\/wp-json\/wp\/v2\/product"}],"about":[{"href":"https:\/\/abaa.mx\/tienda\/wp-json\/wp\/v2\/types\/product"}],"replies":[{"embeddable":true,"href":"https:\/\/abaa.mx\/tienda\/wp-json\/wp\/v2\/comments?post=2448"}],"wp:featuredmedia":[{"embeddable":true,"href":"https:\/\/abaa.mx\/tienda\/wp-json\/wp\/v2\/media\/2455"}],"wp:attachment":[{"href":"https:\/\/abaa.mx\/tienda\/wp-json\/wp\/v2\/media?parent=2448"}],"wp:term":[{"taxonomy":"product_brand","embeddable":true,"href":"https:\/\/abaa.mx\/tienda\/wp-json\/wp\/v2\/product_brand?post=2448"},{"taxonomy":"product_cat","embeddable":true,"href":"https:\/\/abaa.mx\/tienda\/wp-json\/wp\/v2\/product_cat?post=2448"},{"taxonomy":"product_tag","embeddable":true,"href":"https:\/\/abaa.mx\/tienda\/wp-json\/wp\/v2\/product_tag?post=2448"}],"curies":[{"name":"wp","href":"https:\/\/api.w.org\/{rel}","templated":true}]}}